{"id":71197,"date":"2023-03-22T15:37:24","date_gmt":"2023-03-22T15:37:24","guid":{"rendered":"https:\/\/www.loopkinglaces.com\/products\/cordones-planos-de-algodon-negro-con-puntas-doradas\/"},"modified":"2024-10-03T20:47:17","modified_gmt":"2024-10-03T20:47:17","slug":"cordones-planos-de-algodon-negro-con-puntas-doradas","status":"publish","type":"product","link":"https:\/\/www.loopkinglaces.com\/es\/products\/cordones-planos-de-algodon-negro-con-puntas-doradas\/","title":{"rendered":"Cordones Planos de Algod\u00f3n Negro con Puntas Doradas"},"content":{"rendered":"<p>\u00bfBuscas la mejora ideal para tus cordones?<br \/>\nDel\u00e9itate con nuestros lujosos Cordones Planos de Algod\u00f3n Negros, adornados con deslumbrantes puntas doradas: el complemento perfecto para una persona ocupada y activa como t\u00fa.<br \/>\nFabricados con algod\u00f3n de primera calidad y suntuosamente suave, estos cordones finos son lo suficientemente vers\u00e1tiles como para deslizarse sin esfuerzo en botas, zapatos de vestir y diverso calzado deportivo.<br \/>\nDisfruta de un cambio de cordones sin complicaciones entre tus marcas de calzado favoritas, \u00a1y sal a la calle con estilo!   <\/p>\n","protected":false},"excerpt":{"rendered":"<p>Cordones Planos de Algod\u00f3n <strong>Negro con<\/strong> Puntas Doradas Da un golpe de efecto con nuestros elegantes Cordones Planos de Algod\u00f3n Negro, adornados con elegantes Puntas Doradas, dise\u00f1ados para complementar a la perfecci\u00f3n tu acelerado estilo de vida.<br \/>\nDisfruta de un algod\u00f3n suave y de alta calidad mientras conquistas el mundo.<br \/>\nDesl\u00edzate con gracia entre botas, zapatos de vestir, zapatillas deportivas y mucho m\u00e1s con estos cordones vers\u00e1tiles que se adaptan sin esfuerzo a la mayor\u00eda de las principales marcas.<br \/>\nMant\u00e9n el estilo y la adaptabilidad con tus nuevos cordones favoritos, que pasan f\u00e1cilmente de un par de zapatos a otro.    Las caracter\u00edsticas principales son:  <\/p>\n<ul>\n<li style=\"font-weight: 400;\" aria-level=\"1\">Materiales de primera calidad<\/li>\n<li style=\"font-weight: 400;\" aria-level=\"1\">Embalaje sellado e impactante<\/li>\n<li style=\"font-weight: 400;\" aria-level=\"1\">Disponibles en varias longitudes<\/li>\n<li style=\"font-weight: 400;\" aria-level=\"1\">Se adapta a las principales marcas (Nike, Adidas, Reebok, Converse, Vans)<\/li>\n<li style=\"font-weight: 400;\" aria-level=\"1\">Puntas doradas en relieve<\/li>\n<\/ul>\n","protected":false},"featured_media":71209,"comment_status":"open","ping_status":"closed","template":"","meta":{"_acf_changed":false},"product_brand":[],"product_cat":[1079,1329,1462,1338,1409,1188,1170,1166,995,1413,1153,1461,996,1467,877],"product_tag":[894,899,1009,896,1008,1006,895,893],"woo-feed-brand":[],"class_list":{"0":"post-71197","1":"product","2":"type-product","3":"status-publish","4":"has-post-thumbnail","6":"product_cat-cordones-de-algodon-de-primera-calidad-que-superan-a-otras-marcas-en-todos-los-sentidos","7":"product_cat-cordones-de-colores-de-moda-para-zapatillas-deportivas","8":"product_cat-cordones-de-gavi-la-historia-de-los-cordones-desatados-de-la-estrella-de-futbol-del-fc-barcelona","9":"product_cat-cordones-de-lujo-para-zapatos-rockport-para-anadir-elegancia-y-comodidad","10":"product_cat-cordones-de-zapatos-negros-de-primera-calidad-elegantes-y-lujosos","11":"product_cat-cordones-keen-dominar-el-arte-del-negro-y-el-gris","12":"product_cat-cordones-nike-blazer-para-un-estilo-superior-y-marcar-tendencia","13":"product_cat-cordones-para-zapatillas-skechers-de-alto-nivel-que-anaden-intriga-valor-y-comodidad","14":"product_cat-cordones-premier-doc-marten-renueva-tus-zapatos","15":"product_cat-cordones-premium-negros-y-amarillos-perfectos-para-cualquier-estilo","16":"product_cat-cordones-punta-de-oro","17":"product_cat-cordones-sorel-algo-mas-que-un-cordon-para-tu-suela","18":"product_cat-impresionante-coleccion-de-cordones-nmd","19":"product_cat-mejora-tu-calzado-con-los-cordones-para-botas-columbia","20":"product_cat-todos-los-cordones","21":"product_tag-cordones","22":"product_tag-cordones-punta-de-oro","23":"product_tag-encerado","24":"product_tag-negro","25":"product_tag-plano","26":"product_tag-plano-encerado","27":"product_tag-punta-metalica","28":"product_tag-rey-del-bucle","30":"first","31":"instock","32":"taxable","33":"shipping-taxable","34":"purchasable","35":"product-type-variable"},"acf":[],"yoast_head":"<!-- This site is optimized with the Yoast SEO plugin v27.4 - https:\/\/yoast.com\/product\/yoast-seo-wordpress\/ -->\n<title>Cordones Planos de Algod\u00f3n Negro con Puntas Doradas<\/title>\n<meta name=\"description\" content=\"Mejora tus zapatillas con nuestros llamativos Cordones Planos de Algod\u00f3n Negro. Estos cordones de primera calidad y larga duraci\u00f3n convertir\u00e1n tus zapatos en una obra maestra.\" \/>\n<meta name=\"robots\" content=\"index, follow, max-snippet:-1, max-image-preview:large, max-video-preview:-1\" \/>\n<link rel=\"canonical\" href=\"https:\/\/www.loopkinglaces.com\/es\/products\/cordones-planos-de-algodon-negro-con-puntas-doradas\/\" \/>\n<meta property=\"og:locale\" content=\"es_ES\" \/>\n<meta property=\"og:type\" content=\"article\" \/>\n<meta property=\"og:title\" content=\"Cordones Planos de Algod\u00f3n Negro con Puntas Doradas\" \/>\n<meta property=\"og:description\" content=\"Mejora tus zapatillas con nuestros llamativos Cordones Planos de Algod\u00f3n Negro. Estos cordones de primera calidad y larga duraci\u00f3n convertir\u00e1n tus zapatos en una obra maestra.\" \/>\n<meta property=\"og:url\" content=\"https:\/\/www.loopkinglaces.com\/es\/products\/cordones-planos-de-algodon-negro-con-puntas-doradas\/\" \/>\n<meta property=\"og:site_name\" content=\"Luxury Gold Tip Shoelaces by Loop King Laces\" \/>\n<meta property=\"article:publisher\" content=\"https:\/\/www.facebook.com\/LoopKingLaces\/\" \/>\n<meta property=\"article:modified_time\" content=\"2024-10-03T20:47:17+00:00\" \/>\n<meta property=\"og:image\" content=\"https:\/\/www.loopkinglaces.com\/wp-content\/uploads\/IMG_2246.jpg\" \/>\n\t<meta property=\"og:image:width\" content=\"877\" \/>\n\t<meta property=\"og:image:height\" content=\"884\" \/>\n\t<meta property=\"og:image:type\" content=\"image\/jpeg\" \/>\n<meta name=\"twitter:card\" content=\"summary_large_image\" \/>\n<meta name=\"twitter:site\" content=\"@loopkinglaces\" \/>\n<script type=\"application\/ld+json\" class=\"yoast-schema-graph\">{\"@context\":\"https:\\\/\\\/schema.org\",\"@graph\":[{\"@type\":[\"WebPage\",\"ItemPage\"],\"@id\":\"https:\\\/\\\/www.loopkinglaces.com\\\/es\\\/products\\\/cordones-planos-de-algodon-negro-con-puntas-doradas\\\/\",\"url\":\"https:\\\/\\\/www.loopkinglaces.com\\\/es\\\/products\\\/cordones-planos-de-algodon-negro-con-puntas-doradas\\\/\",\"name\":\"Cordones Planos de Algod\u00f3n Negro con Puntas Doradas\",\"isPartOf\":{\"@id\":\"https:\\\/\\\/www.loopkinglaces.com\\\/es\\\/#website\"},\"primaryImageOfPage\":{\"@id\":\"https:\\\/\\\/www.loopkinglaces.com\\\/es\\\/products\\\/cordones-planos-de-algodon-negro-con-puntas-doradas\\\/#primaryimage\"},\"image\":{\"@id\":\"https:\\\/\\\/www.loopkinglaces.com\\\/es\\\/products\\\/cordones-planos-de-algodon-negro-con-puntas-doradas\\\/#primaryimage\"},\"thumbnailUrl\":\"https:\\\/\\\/www.loopkinglaces.com\\\/wp-content\\\/uploads\\\/IMG_2246.jpg\",\"datePublished\":\"2023-03-22T15:37:24+00:00\",\"dateModified\":\"2024-10-03T20:47:17+00:00\",\"description\":\"Mejora tus zapatillas con nuestros llamativos Cordones Planos de Algod\u00f3n Negro. Estos cordones de primera calidad y larga duraci\u00f3n convertir\u00e1n tus zapatos en una obra maestra.\",\"breadcrumb\":{\"@id\":\"https:\\\/\\\/www.loopkinglaces.com\\\/es\\\/products\\\/cordones-planos-de-algodon-negro-con-puntas-doradas\\\/#breadcrumb\"},\"inLanguage\":\"es\",\"potentialAction\":[{\"@type\":\"ReadAction\",\"target\":[\"https:\\\/\\\/www.loopkinglaces.com\\\/es\\\/products\\\/cordones-planos-de-algodon-negro-con-puntas-doradas\\\/\"]}]},{\"@type\":\"ImageObject\",\"inLanguage\":\"es\",\"@id\":\"https:\\\/\\\/www.loopkinglaces.com\\\/es\\\/products\\\/cordones-planos-de-algodon-negro-con-puntas-doradas\\\/#primaryimage\",\"url\":\"https:\\\/\\\/www.loopkinglaces.com\\\/wp-content\\\/uploads\\\/IMG_2246.jpg\",\"contentUrl\":\"https:\\\/\\\/www.loopkinglaces.com\\\/wp-content\\\/uploads\\\/IMG_2246.jpg\",\"width\":877,\"height\":884},{\"@type\":\"BreadcrumbList\",\"@id\":\"https:\\\/\\\/www.loopkinglaces.com\\\/es\\\/products\\\/cordones-planos-de-algodon-negro-con-puntas-doradas\\\/#breadcrumb\",\"itemListElement\":[{\"@type\":\"ListItem\",\"position\":1,\"name\":\"Home\",\"item\":\"https:\\\/\\\/www.loopkinglaces.com\\\/es\\\/\"},{\"@type\":\"ListItem\",\"position\":2,\"name\":\"COMPRAR LACAS\",\"item\":\"https:\\\/\\\/www.loopkinglaces.com\\\/es\\\/comprar-lacas\\\/\"},{\"@type\":\"ListItem\",\"position\":3,\"name\":\"Cordones Planos de Algod\u00f3n Negro con Puntas Doradas\"}]},{\"@type\":\"WebSite\",\"@id\":\"https:\\\/\\\/www.loopkinglaces.com\\\/es\\\/#website\",\"url\":\"https:\\\/\\\/www.loopkinglaces.com\\\/es\\\/\",\"name\":\"Luxury Gold Tip Shoelaces by Loop King Laces\",\"description\":\"Rope Laces, Flat Waxed Laces and Leather Laces. All With Gold Tips.\",\"publisher\":{\"@id\":\"https:\\\/\\\/www.loopkinglaces.com\\\/es\\\/#organization\"},\"potentialAction\":[{\"@type\":\"SearchAction\",\"target\":{\"@type\":\"EntryPoint\",\"urlTemplate\":\"https:\\\/\\\/www.loopkinglaces.com\\\/es\\\/?s={search_term_string}\"},\"query-input\":{\"@type\":\"PropertyValueSpecification\",\"valueRequired\":true,\"valueName\":\"search_term_string\"}}],\"inLanguage\":\"es\"},{\"@type\":\"Organization\",\"@id\":\"https:\\\/\\\/www.loopkinglaces.com\\\/es\\\/#organization\",\"name\":\"Loop King Laces\",\"url\":\"https:\\\/\\\/www.loopkinglaces.com\\\/es\\\/\",\"logo\":{\"@type\":\"ImageObject\",\"inLanguage\":\"es\",\"@id\":\"https:\\\/\\\/www.loopkinglaces.com\\\/es\\\/#\\\/schema\\\/logo\\\/image\\\/\",\"url\":\"https:\\\/\\\/www.loopkinglaces.com\\\/wp-content\\\/uploads\\\/LOOP-KING-LACES.1.1-01-LOGO-HI-RES-OFFICIAL-1.png\",\"contentUrl\":\"https:\\\/\\\/www.loopkinglaces.com\\\/wp-content\\\/uploads\\\/LOOP-KING-LACES.1.1-01-LOGO-HI-RES-OFFICIAL-1.png\",\"width\":128,\"height\":91,\"caption\":\"Loop King Laces\"},\"image\":{\"@id\":\"https:\\\/\\\/www.loopkinglaces.com\\\/es\\\/#\\\/schema\\\/logo\\\/image\\\/\"},\"sameAs\":[\"https:\\\/\\\/www.facebook.com\\\/LoopKingLaces\\\/\",\"https:\\\/\\\/x.com\\\/loopkinglaces\",\"https:\\\/\\\/www.instagram.com\\\/loopkinglaces\\\/\"]}]}<\/script>\n<!-- \/ Yoast SEO plugin. -->","yoast_head_json":{"title":"Cordones Planos de Algod\u00f3n Negro con Puntas Doradas","description":"Mejora tus zapatillas con nuestros llamativos Cordones Planos de Algod\u00f3n Negro. Estos cordones de primera calidad y larga duraci\u00f3n convertir\u00e1n tus zapatos en una obra maestra.","robots":{"index":"index","follow":"follow","max-snippet":"max-snippet:-1","max-image-preview":"max-image-preview:large","max-video-preview":"max-video-preview:-1"},"canonical":"https:\/\/www.loopkinglaces.com\/es\/products\/cordones-planos-de-algodon-negro-con-puntas-doradas\/","og_locale":"es_ES","og_type":"article","og_title":"Cordones Planos de Algod\u00f3n Negro con Puntas Doradas","og_description":"Mejora tus zapatillas con nuestros llamativos Cordones Planos de Algod\u00f3n Negro. Estos cordones de primera calidad y larga duraci\u00f3n convertir\u00e1n tus zapatos en una obra maestra.","og_url":"https:\/\/www.loopkinglaces.com\/es\/products\/cordones-planos-de-algodon-negro-con-puntas-doradas\/","og_site_name":"Luxury Gold Tip Shoelaces by Loop King Laces","article_publisher":"https:\/\/www.facebook.com\/LoopKingLaces\/","article_modified_time":"2024-10-03T20:47:17+00:00","og_image":[{"width":877,"height":884,"url":"https:\/\/www.loopkinglaces.com\/wp-content\/uploads\/IMG_2246.jpg","type":"image\/jpeg"}],"twitter_card":"summary_large_image","twitter_site":"@loopkinglaces","schema":{"@context":"https:\/\/schema.org","@graph":[{"@type":["WebPage","ItemPage"],"@id":"https:\/\/www.loopkinglaces.com\/es\/products\/cordones-planos-de-algodon-negro-con-puntas-doradas\/","url":"https:\/\/www.loopkinglaces.com\/es\/products\/cordones-planos-de-algodon-negro-con-puntas-doradas\/","name":"Cordones Planos de Algod\u00f3n Negro con Puntas Doradas","isPartOf":{"@id":"https:\/\/www.loopkinglaces.com\/es\/#website"},"primaryImageOfPage":{"@id":"https:\/\/www.loopkinglaces.com\/es\/products\/cordones-planos-de-algodon-negro-con-puntas-doradas\/#primaryimage"},"image":{"@id":"https:\/\/www.loopkinglaces.com\/es\/products\/cordones-planos-de-algodon-negro-con-puntas-doradas\/#primaryimage"},"thumbnailUrl":"https:\/\/www.loopkinglaces.com\/wp-content\/uploads\/IMG_2246.jpg","datePublished":"2023-03-22T15:37:24+00:00","dateModified":"2024-10-03T20:47:17+00:00","description":"Mejora tus zapatillas con nuestros llamativos Cordones Planos de Algod\u00f3n Negro. Estos cordones de primera calidad y larga duraci\u00f3n convertir\u00e1n tus zapatos en una obra maestra.","breadcrumb":{"@id":"https:\/\/www.loopkinglaces.com\/es\/products\/cordones-planos-de-algodon-negro-con-puntas-doradas\/#breadcrumb"},"inLanguage":"es","potentialAction":[{"@type":"ReadAction","target":["https:\/\/www.loopkinglaces.com\/es\/products\/cordones-planos-de-algodon-negro-con-puntas-doradas\/"]}]},{"@type":"ImageObject","inLanguage":"es","@id":"https:\/\/www.loopkinglaces.com\/es\/products\/cordones-planos-de-algodon-negro-con-puntas-doradas\/#primaryimage","url":"https:\/\/www.loopkinglaces.com\/wp-content\/uploads\/IMG_2246.jpg","contentUrl":"https:\/\/www.loopkinglaces.com\/wp-content\/uploads\/IMG_2246.jpg","width":877,"height":884},{"@type":"BreadcrumbList","@id":"https:\/\/www.loopkinglaces.com\/es\/products\/cordones-planos-de-algodon-negro-con-puntas-doradas\/#breadcrumb","itemListElement":[{"@type":"ListItem","position":1,"name":"Home","item":"https:\/\/www.loopkinglaces.com\/es\/"},{"@type":"ListItem","position":2,"name":"COMPRAR LACAS","item":"https:\/\/www.loopkinglaces.com\/es\/comprar-lacas\/"},{"@type":"ListItem","position":3,"name":"Cordones Planos de Algod\u00f3n Negro con Puntas Doradas"}]},{"@type":"WebSite","@id":"https:\/\/www.loopkinglaces.com\/es\/#website","url":"https:\/\/www.loopkinglaces.com\/es\/","name":"Luxury Gold Tip Shoelaces by Loop King Laces","description":"Rope Laces, Flat Waxed Laces and Leather Laces. All With Gold Tips.","publisher":{"@id":"https:\/\/www.loopkinglaces.com\/es\/#organization"},"potentialAction":[{"@type":"SearchAction","target":{"@type":"EntryPoint","urlTemplate":"https:\/\/www.loopkinglaces.com\/es\/?s={search_term_string}"},"query-input":{"@type":"PropertyValueSpecification","valueRequired":true,"valueName":"search_term_string"}}],"inLanguage":"es"},{"@type":"Organization","@id":"https:\/\/www.loopkinglaces.com\/es\/#organization","name":"Loop King Laces","url":"https:\/\/www.loopkinglaces.com\/es\/","logo":{"@type":"ImageObject","inLanguage":"es","@id":"https:\/\/www.loopkinglaces.com\/es\/#\/schema\/logo\/image\/","url":"https:\/\/www.loopkinglaces.com\/wp-content\/uploads\/LOOP-KING-LACES.1.1-01-LOGO-HI-RES-OFFICIAL-1.png","contentUrl":"https:\/\/www.loopkinglaces.com\/wp-content\/uploads\/LOOP-KING-LACES.1.1-01-LOGO-HI-RES-OFFICIAL-1.png","width":128,"height":91,"caption":"Loop King Laces"},"image":{"@id":"https:\/\/www.loopkinglaces.com\/es\/#\/schema\/logo\/image\/"},"sameAs":["https:\/\/www.facebook.com\/LoopKingLaces\/","https:\/\/x.com\/loopkinglaces","https:\/\/www.instagram.com\/loopkinglaces\/"]}]}},"_links":{"self":[{"href":"https:\/\/www.loopkinglaces.com\/es\/wp-json\/wp\/v2\/product\/71197","targetHints":{"allow":["GET"]}}],"collection":[{"href":"https:\/\/www.loopkinglaces.com\/es\/wp-json\/wp\/v2\/product"}],"about":[{"href":"https:\/\/www.loopkinglaces.com\/es\/wp-json\/wp\/v2\/types\/product"}],"replies":[{"embeddable":true,"href":"https:\/\/www.loopkinglaces.com\/es\/wp-json\/wp\/v2\/comments?post=71197"}],"wp:featuredmedia":[{"embeddable":true,"href":"https:\/\/www.loopkinglaces.com\/es\/wp-json\/wp\/v2\/media\/71209"}],"wp:attachment":[{"href":"https:\/\/www.loopkinglaces.com\/es\/wp-json\/wp\/v2\/media?parent=71197"}],"wp:term":[{"taxonomy":"product_brand","embeddable":true,"href":"https:\/\/www.loopkinglaces.com\/es\/wp-json\/wp\/v2\/product_brand?post=71197"},{"taxonomy":"product_cat","embeddable":true,"href":"https:\/\/www.loopkinglaces.com\/es\/wp-json\/wp\/v2\/product_cat?post=71197"},{"taxonomy":"product_tag","embeddable":true,"href":"https:\/\/www.loopkinglaces.com\/es\/wp-json\/wp\/v2\/product_tag?post=71197"},{"taxonomy":"woo-feed-brand","embeddable":true,"href":"https:\/\/www.loopkinglaces.com\/es\/wp-json\/wp\/v2\/woo-feed-brand?post=71197"}],"curies":[{"name":"wp","href":"https:\/\/api.w.org\/{rel}","templated":true}]}}