{"id":71182,"date":"2023-03-22T15:50:25","date_gmt":"2023-03-22T15:50:25","guid":{"rendered":"https:\/\/www.loopkinglaces.com\/products\/cordones-planos-de-algodon-azul-marino-con-puntas-doradas\/"},"modified":"2024-10-03T20:47:16","modified_gmt":"2024-10-03T20:47:16","slug":"cordones-planos-de-algodon-azul-marino-con-puntas-doradas","status":"publish","type":"product","link":"https:\/\/www.loopkinglaces.com\/es\/products\/cordones-planos-de-algodon-azul-marino-con-puntas-doradas\/","title":{"rendered":"Cordones Planos de Algod\u00f3n Azul Marino con Puntas Doradas"},"content":{"rendered":"<p>Sum\u00e9rgete en el mundo de los elegantes Cordones Planos de Algod\u00f3n Azul Marino, coronados con elegantes Puntas Doradas, elaborados para combinar con tu din\u00e1mico estilo de vida.<br \/>\nDisfruta de un algod\u00f3n suave y de primera calidad mientras te enfrentas al mundo.<br \/>\nRealiza una transici\u00f3n fluida entre botas, zapatos de vestir, zapatillas deportivas y mucho m\u00e1s con estos cordones multiusos que armonizan con la mayor\u00eda de las marcas l\u00edderes.<br \/>\nMant\u00e9n tu estilo intacto y sigue siendo flexible con estos cordones imprescindibles que cambian sin problemas de un zapato a otro.   <\/p>\n","protected":false},"excerpt":{"rendered":"<p>Cordones Planos de Algod\u00f3n <strong>Azul Marino con<\/strong> Puntas Doradas Prep\u00e1rate para pavonearte con nuestros cordones planos de algod\u00f3n azul marino, rematados con sofisticadas puntas doradas: el accesorio perfecto para tu vida activa.<br \/>\nDisfruta del algod\u00f3n afelpado de primera calidad mientras te enfrentas al mundo como un jefe.<br \/>\nDesl\u00edzate sin problemas entre botas, zapatos de vestir y zapatillas deportivas, ya que estos cordones vers\u00e1tiles combinan sin esfuerzo con las mejores marcas.<br \/>\nMant\u00e9n tu calzado fuerte y vers\u00e1til con los cordones definitivos que redefinen la adaptabilidad.    Las caracter\u00edsticas principales son:  <\/p>\n<ul>\n<li style=\"font-weight: 400;\" aria-level=\"1\">Materiales de primera calidad<\/li>\n<li style=\"font-weight: 400;\" aria-level=\"1\">Embalaje sellado e impactante<\/li>\n<li style=\"font-weight: 400;\" aria-level=\"1\">Disponibles en varias longitudes<\/li>\n<li style=\"font-weight: 400;\" aria-level=\"1\">Se adapta a las principales marcas (Nike, Adidas, Reebok, Converse, Vans)<\/li>\n<li style=\"font-weight: 400;\" aria-level=\"1\">Puntas doradas en relieve<\/li>\n<li style=\"font-weight: 400;\" aria-level=\"1\">Un vibrante color azul marino que llama la atenci\u00f3n<\/li>\n<\/ul>\n","protected":false},"featured_media":71188,"comment_status":"open","ping_status":"closed","template":"","meta":{"_acf_changed":false},"product_brand":[],"product_cat":[1326,1322,1177,1079,1208,1329,1190,1463,1171,1007,1205,1723,1166,995,1153,1593,877],"product_tag":[894,899,1009,896,1008,1006,895,893],"woo-feed-brand":[],"class_list":{"0":"post-71182","1":"product","2":"type-product","3":"status-publish","4":"has-post-thumbnail","6":"product_cat-cordones-asics-personaliza-tu-calzado","7":"product_cat-cordones-azules-premium-ver-los-mas-vendidos","8":"product_cat-cordones-burberry-que-mejoraran-tu-calzado","9":"product_cat-cordones-de-algodon-de-primera-calidad-que-superan-a-otras-marcas-en-todos-los-sentidos","10":"product_cat-cordones-de-bota-de-45-pulgadas-los-heroes-anonimos-de-la-moda-de-tu-calzado","11":"product_cat-cordones-de-colores-de-moda-para-zapatillas-deportivas","12":"product_cat-cordones-de-kiwi-algo-mas-que-una-tendencia","13":"product_cat-cordones-de-patines-el-heroe-anonimo-de-la-pista","14":"product_cat-cordones-ecco-el-toque-final-perfecto-para-tu-calzado-con-estilo","15":"product_cat-cordones-lanvin-eleva-cada-paso-que-das","16":"product_cat-cordones-para-botas-de-63-pulgadas-haz-el-nudo-con-estilo","17":"product_cat-cordones-para-zapatillas-new-balance-actualiza-tu-look","18":"product_cat-cordones-para-zapatillas-skechers-de-alto-nivel-que-anaden-intriga-valor-y-comodidad","19":"product_cat-cordones-premier-doc-marten-renueva-tus-zapatos","20":"product_cat-cordones-punta-de-oro","21":"product_cat-cordones-sperry-pequenos-detalles-para-resultados-diferentes","22":"product_cat-todos-los-cordones","23":"product_tag-cordones","24":"product_tag-cordones-punta-de-oro","25":"product_tag-encerado","26":"product_tag-negro","27":"product_tag-plano","28":"product_tag-plano-encerado","29":"product_tag-punta-metalica","30":"product_tag-rey-del-bucle","32":"first","33":"instock","34":"taxable","35":"shipping-taxable","36":"purchasable","37":"product-type-variable"},"acf":[],"yoast_head":"<!-- This site is optimized with the Yoast SEO plugin v27.4 - https:\/\/yoast.com\/product\/yoast-seo-wordpress\/ -->\n<title>Cordones Planos de Algod\u00f3n Azul Marino con Puntas Doradas<\/title>\n<meta name=\"description\" content=\"Eleva el nivel de tu calzado con nuestros impresionantes Cordones Planos de Algod\u00f3n Azul Marino, que transforman tus zapatillas en una deslumbrante obra de arte, dise\u00f1ada para resistir el paso del tiempo.\" \/>\n<meta name=\"robots\" content=\"index, follow, max-snippet:-1, max-image-preview:large, max-video-preview:-1\" \/>\n<link rel=\"canonical\" href=\"https:\/\/www.loopkinglaces.com\/es\/products\/cordones-planos-de-algodon-azul-marino-con-puntas-doradas\/\" \/>\n<meta property=\"og:locale\" content=\"es_ES\" \/>\n<meta property=\"og:type\" content=\"article\" \/>\n<meta property=\"og:title\" content=\"Cordones Planos de Algod\u00f3n Azul Marino con Puntas Doradas\" \/>\n<meta property=\"og:description\" content=\"Eleva el nivel de tu calzado con nuestros impresionantes Cordones Planos de Algod\u00f3n Azul Marino, que transforman tus zapatillas en una deslumbrante obra de arte, dise\u00f1ada para resistir el paso del tiempo.\" \/>\n<meta property=\"og:url\" content=\"https:\/\/www.loopkinglaces.com\/es\/products\/cordones-planos-de-algodon-azul-marino-con-puntas-doradas\/\" \/>\n<meta property=\"og:site_name\" content=\"Luxury Gold Tip Shoelaces by Loop King Laces\" \/>\n<meta property=\"article:publisher\" content=\"https:\/\/www.facebook.com\/LoopKingLaces\/\" \/>\n<meta property=\"article:modified_time\" content=\"2024-10-03T20:47:16+00:00\" \/>\n<meta property=\"og:image\" content=\"https:\/\/www.loopkinglaces.com\/wp-content\/uploads\/IMG_2259.jpg\" \/>\n\t<meta property=\"og:image:width\" content=\"876\" \/>\n\t<meta property=\"og:image:height\" content=\"884\" \/>\n\t<meta property=\"og:image:type\" content=\"image\/jpeg\" \/>\n<meta name=\"twitter:card\" content=\"summary_large_image\" \/>\n<meta name=\"twitter:site\" content=\"@loopkinglaces\" \/>\n<script type=\"application\/ld+json\" class=\"yoast-schema-graph\">{\"@context\":\"https:\\\/\\\/schema.org\",\"@graph\":[{\"@type\":[\"WebPage\",\"ItemPage\"],\"@id\":\"https:\\\/\\\/www.loopkinglaces.com\\\/es\\\/products\\\/cordones-planos-de-algodon-azul-marino-con-puntas-doradas\\\/\",\"url\":\"https:\\\/\\\/www.loopkinglaces.com\\\/es\\\/products\\\/cordones-planos-de-algodon-azul-marino-con-puntas-doradas\\\/\",\"name\":\"Cordones Planos de Algod\u00f3n Azul Marino con Puntas Doradas\",\"isPartOf\":{\"@id\":\"https:\\\/\\\/www.loopkinglaces.com\\\/es\\\/#website\"},\"primaryImageOfPage\":{\"@id\":\"https:\\\/\\\/www.loopkinglaces.com\\\/es\\\/products\\\/cordones-planos-de-algodon-azul-marino-con-puntas-doradas\\\/#primaryimage\"},\"image\":{\"@id\":\"https:\\\/\\\/www.loopkinglaces.com\\\/es\\\/products\\\/cordones-planos-de-algodon-azul-marino-con-puntas-doradas\\\/#primaryimage\"},\"thumbnailUrl\":\"https:\\\/\\\/www.loopkinglaces.com\\\/wp-content\\\/uploads\\\/IMG_2259.jpg\",\"datePublished\":\"2023-03-22T15:50:25+00:00\",\"dateModified\":\"2024-10-03T20:47:16+00:00\",\"description\":\"Eleva el nivel de tu calzado con nuestros impresionantes Cordones Planos de Algod\u00f3n Azul Marino, que transforman tus zapatillas en una deslumbrante obra de arte, dise\u00f1ada para resistir el paso del tiempo.\",\"breadcrumb\":{\"@id\":\"https:\\\/\\\/www.loopkinglaces.com\\\/es\\\/products\\\/cordones-planos-de-algodon-azul-marino-con-puntas-doradas\\\/#breadcrumb\"},\"inLanguage\":\"es\",\"potentialAction\":[{\"@type\":\"ReadAction\",\"target\":[\"https:\\\/\\\/www.loopkinglaces.com\\\/es\\\/products\\\/cordones-planos-de-algodon-azul-marino-con-puntas-doradas\\\/\"]}]},{\"@type\":\"ImageObject\",\"inLanguage\":\"es\",\"@id\":\"https:\\\/\\\/www.loopkinglaces.com\\\/es\\\/products\\\/cordones-planos-de-algodon-azul-marino-con-puntas-doradas\\\/#primaryimage\",\"url\":\"https:\\\/\\\/www.loopkinglaces.com\\\/wp-content\\\/uploads\\\/IMG_2259.jpg\",\"contentUrl\":\"https:\\\/\\\/www.loopkinglaces.com\\\/wp-content\\\/uploads\\\/IMG_2259.jpg\",\"width\":876,\"height\":884},{\"@type\":\"BreadcrumbList\",\"@id\":\"https:\\\/\\\/www.loopkinglaces.com\\\/es\\\/products\\\/cordones-planos-de-algodon-azul-marino-con-puntas-doradas\\\/#breadcrumb\",\"itemListElement\":[{\"@type\":\"ListItem\",\"position\":1,\"name\":\"Home\",\"item\":\"https:\\\/\\\/www.loopkinglaces.com\\\/es\\\/\"},{\"@type\":\"ListItem\",\"position\":2,\"name\":\"COMPRAR LACAS\",\"item\":\"https:\\\/\\\/www.loopkinglaces.com\\\/es\\\/comprar-lacas\\\/\"},{\"@type\":\"ListItem\",\"position\":3,\"name\":\"Cordones Planos de Algod\u00f3n Azul Marino con Puntas Doradas\"}]},{\"@type\":\"WebSite\",\"@id\":\"https:\\\/\\\/www.loopkinglaces.com\\\/es\\\/#website\",\"url\":\"https:\\\/\\\/www.loopkinglaces.com\\\/es\\\/\",\"name\":\"Luxury Gold Tip Shoelaces by Loop King Laces\",\"description\":\"Rope Laces, Flat Waxed Laces and Leather Laces. All With Gold Tips.\",\"publisher\":{\"@id\":\"https:\\\/\\\/www.loopkinglaces.com\\\/es\\\/#organization\"},\"potentialAction\":[{\"@type\":\"SearchAction\",\"target\":{\"@type\":\"EntryPoint\",\"urlTemplate\":\"https:\\\/\\\/www.loopkinglaces.com\\\/es\\\/?s={search_term_string}\"},\"query-input\":{\"@type\":\"PropertyValueSpecification\",\"valueRequired\":true,\"valueName\":\"search_term_string\"}}],\"inLanguage\":\"es\"},{\"@type\":\"Organization\",\"@id\":\"https:\\\/\\\/www.loopkinglaces.com\\\/es\\\/#organization\",\"name\":\"Loop King Laces\",\"url\":\"https:\\\/\\\/www.loopkinglaces.com\\\/es\\\/\",\"logo\":{\"@type\":\"ImageObject\",\"inLanguage\":\"es\",\"@id\":\"https:\\\/\\\/www.loopkinglaces.com\\\/es\\\/#\\\/schema\\\/logo\\\/image\\\/\",\"url\":\"https:\\\/\\\/www.loopkinglaces.com\\\/wp-content\\\/uploads\\\/LOOP-KING-LACES.1.1-01-LOGO-HI-RES-OFFICIAL-1.png\",\"contentUrl\":\"https:\\\/\\\/www.loopkinglaces.com\\\/wp-content\\\/uploads\\\/LOOP-KING-LACES.1.1-01-LOGO-HI-RES-OFFICIAL-1.png\",\"width\":128,\"height\":91,\"caption\":\"Loop King Laces\"},\"image\":{\"@id\":\"https:\\\/\\\/www.loopkinglaces.com\\\/es\\\/#\\\/schema\\\/logo\\\/image\\\/\"},\"sameAs\":[\"https:\\\/\\\/www.facebook.com\\\/LoopKingLaces\\\/\",\"https:\\\/\\\/x.com\\\/loopkinglaces\",\"https:\\\/\\\/www.instagram.com\\\/loopkinglaces\\\/\"]}]}<\/script>\n<!-- \/ Yoast SEO plugin. -->","yoast_head_json":{"title":"Cordones Planos de Algod\u00f3n Azul Marino con Puntas Doradas","description":"Eleva el nivel de tu calzado con nuestros impresionantes Cordones Planos de Algod\u00f3n Azul Marino, que transforman tus zapatillas en una deslumbrante obra de arte, dise\u00f1ada para resistir el paso del tiempo.","robots":{"index":"index","follow":"follow","max-snippet":"max-snippet:-1","max-image-preview":"max-image-preview:large","max-video-preview":"max-video-preview:-1"},"canonical":"https:\/\/www.loopkinglaces.com\/es\/products\/cordones-planos-de-algodon-azul-marino-con-puntas-doradas\/","og_locale":"es_ES","og_type":"article","og_title":"Cordones Planos de Algod\u00f3n Azul Marino con Puntas Doradas","og_description":"Eleva el nivel de tu calzado con nuestros impresionantes Cordones Planos de Algod\u00f3n Azul Marino, que transforman tus zapatillas en una deslumbrante obra de arte, dise\u00f1ada para resistir el paso del tiempo.","og_url":"https:\/\/www.loopkinglaces.com\/es\/products\/cordones-planos-de-algodon-azul-marino-con-puntas-doradas\/","og_site_name":"Luxury Gold Tip Shoelaces by Loop King Laces","article_publisher":"https:\/\/www.facebook.com\/LoopKingLaces\/","article_modified_time":"2024-10-03T20:47:16+00:00","og_image":[{"width":876,"height":884,"url":"https:\/\/www.loopkinglaces.com\/wp-content\/uploads\/IMG_2259.jpg","type":"image\/jpeg"}],"twitter_card":"summary_large_image","twitter_site":"@loopkinglaces","schema":{"@context":"https:\/\/schema.org","@graph":[{"@type":["WebPage","ItemPage"],"@id":"https:\/\/www.loopkinglaces.com\/es\/products\/cordones-planos-de-algodon-azul-marino-con-puntas-doradas\/","url":"https:\/\/www.loopkinglaces.com\/es\/products\/cordones-planos-de-algodon-azul-marino-con-puntas-doradas\/","name":"Cordones Planos de Algod\u00f3n Azul Marino con Puntas Doradas","isPartOf":{"@id":"https:\/\/www.loopkinglaces.com\/es\/#website"},"primaryImageOfPage":{"@id":"https:\/\/www.loopkinglaces.com\/es\/products\/cordones-planos-de-algodon-azul-marino-con-puntas-doradas\/#primaryimage"},"image":{"@id":"https:\/\/www.loopkinglaces.com\/es\/products\/cordones-planos-de-algodon-azul-marino-con-puntas-doradas\/#primaryimage"},"thumbnailUrl":"https:\/\/www.loopkinglaces.com\/wp-content\/uploads\/IMG_2259.jpg","datePublished":"2023-03-22T15:50:25+00:00","dateModified":"2024-10-03T20:47:16+00:00","description":"Eleva el nivel de tu calzado con nuestros impresionantes Cordones Planos de Algod\u00f3n Azul Marino, que transforman tus zapatillas en una deslumbrante obra de arte, dise\u00f1ada para resistir el paso del tiempo.","breadcrumb":{"@id":"https:\/\/www.loopkinglaces.com\/es\/products\/cordones-planos-de-algodon-azul-marino-con-puntas-doradas\/#breadcrumb"},"inLanguage":"es","potentialAction":[{"@type":"ReadAction","target":["https:\/\/www.loopkinglaces.com\/es\/products\/cordones-planos-de-algodon-azul-marino-con-puntas-doradas\/"]}]},{"@type":"ImageObject","inLanguage":"es","@id":"https:\/\/www.loopkinglaces.com\/es\/products\/cordones-planos-de-algodon-azul-marino-con-puntas-doradas\/#primaryimage","url":"https:\/\/www.loopkinglaces.com\/wp-content\/uploads\/IMG_2259.jpg","contentUrl":"https:\/\/www.loopkinglaces.com\/wp-content\/uploads\/IMG_2259.jpg","width":876,"height":884},{"@type":"BreadcrumbList","@id":"https:\/\/www.loopkinglaces.com\/es\/products\/cordones-planos-de-algodon-azul-marino-con-puntas-doradas\/#breadcrumb","itemListElement":[{"@type":"ListItem","position":1,"name":"Home","item":"https:\/\/www.loopkinglaces.com\/es\/"},{"@type":"ListItem","position":2,"name":"COMPRAR LACAS","item":"https:\/\/www.loopkinglaces.com\/es\/comprar-lacas\/"},{"@type":"ListItem","position":3,"name":"Cordones Planos de Algod\u00f3n Azul Marino con Puntas Doradas"}]},{"@type":"WebSite","@id":"https:\/\/www.loopkinglaces.com\/es\/#website","url":"https:\/\/www.loopkinglaces.com\/es\/","name":"Luxury Gold Tip Shoelaces by Loop King Laces","description":"Rope Laces, Flat Waxed Laces and Leather Laces. All With Gold Tips.","publisher":{"@id":"https:\/\/www.loopkinglaces.com\/es\/#organization"},"potentialAction":[{"@type":"SearchAction","target":{"@type":"EntryPoint","urlTemplate":"https:\/\/www.loopkinglaces.com\/es\/?s={search_term_string}"},"query-input":{"@type":"PropertyValueSpecification","valueRequired":true,"valueName":"search_term_string"}}],"inLanguage":"es"},{"@type":"Organization","@id":"https:\/\/www.loopkinglaces.com\/es\/#organization","name":"Loop King Laces","url":"https:\/\/www.loopkinglaces.com\/es\/","logo":{"@type":"ImageObject","inLanguage":"es","@id":"https:\/\/www.loopkinglaces.com\/es\/#\/schema\/logo\/image\/","url":"https:\/\/www.loopkinglaces.com\/wp-content\/uploads\/LOOP-KING-LACES.1.1-01-LOGO-HI-RES-OFFICIAL-1.png","contentUrl":"https:\/\/www.loopkinglaces.com\/wp-content\/uploads\/LOOP-KING-LACES.1.1-01-LOGO-HI-RES-OFFICIAL-1.png","width":128,"height":91,"caption":"Loop King Laces"},"image":{"@id":"https:\/\/www.loopkinglaces.com\/es\/#\/schema\/logo\/image\/"},"sameAs":["https:\/\/www.facebook.com\/LoopKingLaces\/","https:\/\/x.com\/loopkinglaces","https:\/\/www.instagram.com\/loopkinglaces\/"]}]}},"_links":{"self":[{"href":"https:\/\/www.loopkinglaces.com\/es\/wp-json\/wp\/v2\/product\/71182","targetHints":{"allow":["GET"]}}],"collection":[{"href":"https:\/\/www.loopkinglaces.com\/es\/wp-json\/wp\/v2\/product"}],"about":[{"href":"https:\/\/www.loopkinglaces.com\/es\/wp-json\/wp\/v2\/types\/product"}],"replies":[{"embeddable":true,"href":"https:\/\/www.loopkinglaces.com\/es\/wp-json\/wp\/v2\/comments?post=71182"}],"wp:featuredmedia":[{"embeddable":true,"href":"https:\/\/www.loopkinglaces.com\/es\/wp-json\/wp\/v2\/media\/71188"}],"wp:attachment":[{"href":"https:\/\/www.loopkinglaces.com\/es\/wp-json\/wp\/v2\/media?parent=71182"}],"wp:term":[{"taxonomy":"product_brand","embeddable":true,"href":"https:\/\/www.loopkinglaces.com\/es\/wp-json\/wp\/v2\/product_brand?post=71182"},{"taxonomy":"product_cat","embeddable":true,"href":"https:\/\/www.loopkinglaces.com\/es\/wp-json\/wp\/v2\/product_cat?post=71182"},{"taxonomy":"product_tag","embeddable":true,"href":"https:\/\/www.loopkinglaces.com\/es\/wp-json\/wp\/v2\/product_tag?post=71182"},{"taxonomy":"woo-feed-brand","embeddable":true,"href":"https:\/\/www.loopkinglaces.com\/es\/wp-json\/wp\/v2\/woo-feed-brand?post=71182"}],"curies":[{"name":"wp","href":"https:\/\/api.w.org\/{rel}","templated":true}]}}