{"id":71159,"date":"2023-03-22T15:13:16","date_gmt":"2023-03-22T15:13:16","guid":{"rendered":"https:\/\/www.loopkinglaces.com\/products\/cordones-planos-de-algodon-rojo-con-puntas-doradas\/"},"modified":"2025-12-16T15:11:33","modified_gmt":"2025-12-16T15:11:33","slug":"cordones-planos-de-algodon-rojo-con-puntas-doradas","status":"publish","type":"product","link":"https:\/\/www.loopkinglaces.com\/es\/products\/cordones-planos-de-algodon-rojo-con-puntas-doradas\/","title":{"rendered":"Cordones Planos de Algod\u00f3n Rojo con Puntas Doradas"},"content":{"rendered":"<p>\u00bfPreparado para pisar fuerte?<br \/>\nPrueba nuestros elegantes cordones rojos de algod\u00f3n, con lujosas puntas doradas.<br \/>\nFabricados con algod\u00f3n de primera calidad y tacto suave, estos cordones finos son lo bastante vers\u00e1tiles para botas, zapatos de vestir, zapatillas y mucho m\u00e1s.<br \/>\nAdem\u00e1s, su compatibilidad con la mayor\u00eda de las marcas hace que cambiar de cordones sea pan comido.   <\/p>\n","protected":false},"excerpt":{"rendered":"<p>Cordones Planos de Algod\u00f3n Rojo <strong>con<\/strong> Puntas Doradas Mu\u00e9vete con estilo con nuestros llamativos Cordones Planos de Algod\u00f3n Rojo, con lujosas Puntas Doradas.<br \/>\nFabricados con algod\u00f3n suave al tacto de primera calidad, estos cordones finos y vers\u00e1tiles realzan sin esfuerzo tus botas, zapatos de vestir, zapatillas deportivas y otros modelos de las principales marcas.<br \/>\nC\u00e1mbialos sin problemas entre tu calzado favorito y camina con confianza.   Las caracter\u00edsticas principales son:  <\/p>\n<ul>\n<li style=\"font-weight: 400;\" aria-level=\"1\">Materiales de primera calidad<\/li>\n<li style=\"font-weight: 400;\" aria-level=\"1\">Embalaje sellado e impactante<\/li>\n<li style=\"font-weight: 400;\" aria-level=\"1\">Disponibles en varias longitudes<\/li>\n<li style=\"font-weight: 400;\" aria-level=\"1\">Se adapta a las principales marcas (Nike, Adidas, Reebok, Converse, Vans)<\/li>\n<li style=\"font-weight: 400;\" aria-level=\"1\">Puntas doradas en relieve<\/li>\n<li style=\"font-weight: 400;\" aria-level=\"1\">Un color rojo vibrante que llama la atenci\u00f3n<\/li>\n<\/ul>\n","protected":false},"featured_media":71166,"comment_status":"open","ping_status":"closed","template":"","meta":{"_acf_changed":false},"product_brand":[],"product_cat":[1079,1329,1462,1190,1338,1180,1007,1335,1153,988,1159,877],"product_tag":[894,899,1009,896,1008,1006,895,893],"woo-feed-brand":[],"class_list":{"0":"post-71159","1":"product","2":"type-product","3":"status-publish","4":"has-post-thumbnail","6":"product_cat-cordones-de-algodon-de-primera-calidad-que-superan-a-otras-marcas-en-todos-los-sentidos","7":"product_cat-cordones-de-colores-de-moda-para-zapatillas-deportivas","8":"product_cat-cordones-de-gavi-la-historia-de-los-cordones-desatados-de-la-estrella-de-futbol-del-fc-barcelona","9":"product_cat-cordones-de-kiwi-algo-mas-que-una-tendencia","10":"product_cat-cordones-de-lujo-para-zapatos-rockport-para-anadir-elegancia-y-comodidad","11":"product_cat-cordones-gucci-tan-lujosos-como-tus-zapatos","12":"product_cat-cordones-lanvin-eleva-cada-paso-que-das","13":"product_cat-cordones-para-zapatos-de-vestir-de-hombre-que-son-superiores-a-los-originales","14":"product_cat-cordones-punta-de-oro","15":"product_cat-cordones-rojos","16":"product_cat-cordones-vans-sk8-hi-cordones-de-alta-calidad","17":"product_cat-todos-los-cordones","18":"product_tag-cordones","19":"product_tag-cordones-punta-de-oro","20":"product_tag-encerado","21":"product_tag-negro","22":"product_tag-plano","23":"product_tag-plano-encerado","24":"product_tag-punta-metalica","25":"product_tag-rey-del-bucle","27":"first","28":"instock","29":"taxable","30":"shipping-taxable","31":"purchasable","32":"product-type-variable"},"acf":[],"yoast_head":"<!-- This site is optimized with the Yoast SEO plugin v27.4 - https:\/\/yoast.com\/product\/yoast-seo-wordpress\/ -->\n<title>Cordones Planos de Algod\u00f3n Rojo con Puntas Doradas<\/title>\n<meta name=\"description\" content=\"Mejora tu calzado con nuestros llamativos Cordones Planos de Algod\u00f3n Rojo, fabricados con materiales de primera calidad, estos elegantes cordones tienen una durabilidad de 3x.\" \/>\n<meta name=\"robots\" content=\"index, follow, max-snippet:-1, max-image-preview:large, max-video-preview:-1\" \/>\n<link rel=\"canonical\" href=\"https:\/\/www.loopkinglaces.com\/es\/products\/cordones-planos-de-algodon-rojo-con-puntas-doradas\/\" \/>\n<meta property=\"og:locale\" content=\"es_ES\" \/>\n<meta property=\"og:type\" content=\"article\" \/>\n<meta property=\"og:title\" content=\"Cordones Planos de Algod\u00f3n Rojo con Puntas Doradas\" \/>\n<meta property=\"og:description\" content=\"Mejora tu calzado con nuestros llamativos Cordones Planos de Algod\u00f3n Rojo, fabricados con materiales de primera calidad, estos elegantes cordones tienen una durabilidad de 3x.\" \/>\n<meta property=\"og:url\" content=\"https:\/\/www.loopkinglaces.com\/es\/products\/cordones-planos-de-algodon-rojo-con-puntas-doradas\/\" \/>\n<meta property=\"og:site_name\" content=\"Luxury Gold Tip Shoelaces by Loop King Laces\" \/>\n<meta property=\"article:publisher\" content=\"https:\/\/www.facebook.com\/LoopKingLaces\/\" \/>\n<meta property=\"article:modified_time\" content=\"2025-12-16T15:11:33+00:00\" \/>\n<meta property=\"og:image\" content=\"https:\/\/www.loopkinglaces.com\/wp-content\/uploads\/IMG_2258.jpg\" \/>\n\t<meta property=\"og:image:width\" content=\"1236\" \/>\n\t<meta property=\"og:image:height\" content=\"1326\" \/>\n\t<meta property=\"og:image:type\" content=\"image\/jpeg\" \/>\n<meta name=\"twitter:card\" content=\"summary_large_image\" \/>\n<meta name=\"twitter:site\" content=\"@loopkinglaces\" \/>\n<script type=\"application\/ld+json\" class=\"yoast-schema-graph\">{\"@context\":\"https:\\\/\\\/schema.org\",\"@graph\":[{\"@type\":[\"WebPage\",\"ItemPage\"],\"@id\":\"https:\\\/\\\/www.loopkinglaces.com\\\/es\\\/products\\\/cordones-planos-de-algodon-rojo-con-puntas-doradas\\\/\",\"url\":\"https:\\\/\\\/www.loopkinglaces.com\\\/es\\\/products\\\/cordones-planos-de-algodon-rojo-con-puntas-doradas\\\/\",\"name\":\"Cordones Planos de Algod\u00f3n Rojo con Puntas Doradas\",\"isPartOf\":{\"@id\":\"https:\\\/\\\/www.loopkinglaces.com\\\/es\\\/#website\"},\"primaryImageOfPage\":{\"@id\":\"https:\\\/\\\/www.loopkinglaces.com\\\/es\\\/products\\\/cordones-planos-de-algodon-rojo-con-puntas-doradas\\\/#primaryimage\"},\"image\":{\"@id\":\"https:\\\/\\\/www.loopkinglaces.com\\\/es\\\/products\\\/cordones-planos-de-algodon-rojo-con-puntas-doradas\\\/#primaryimage\"},\"thumbnailUrl\":\"https:\\\/\\\/www.loopkinglaces.com\\\/wp-content\\\/uploads\\\/IMG_2258.jpg\",\"datePublished\":\"2023-03-22T15:13:16+00:00\",\"dateModified\":\"2025-12-16T15:11:33+00:00\",\"description\":\"Mejora tu calzado con nuestros llamativos Cordones Planos de Algod\u00f3n Rojo, fabricados con materiales de primera calidad, estos elegantes cordones tienen una durabilidad de 3x.\",\"breadcrumb\":{\"@id\":\"https:\\\/\\\/www.loopkinglaces.com\\\/es\\\/products\\\/cordones-planos-de-algodon-rojo-con-puntas-doradas\\\/#breadcrumb\"},\"inLanguage\":\"es\",\"potentialAction\":[{\"@type\":\"ReadAction\",\"target\":[\"https:\\\/\\\/www.loopkinglaces.com\\\/es\\\/products\\\/cordones-planos-de-algodon-rojo-con-puntas-doradas\\\/\"]}]},{\"@type\":\"ImageObject\",\"inLanguage\":\"es\",\"@id\":\"https:\\\/\\\/www.loopkinglaces.com\\\/es\\\/products\\\/cordones-planos-de-algodon-rojo-con-puntas-doradas\\\/#primaryimage\",\"url\":\"https:\\\/\\\/www.loopkinglaces.com\\\/wp-content\\\/uploads\\\/IMG_2258.jpg\",\"contentUrl\":\"https:\\\/\\\/www.loopkinglaces.com\\\/wp-content\\\/uploads\\\/IMG_2258.jpg\",\"width\":1236,\"height\":1326},{\"@type\":\"BreadcrumbList\",\"@id\":\"https:\\\/\\\/www.loopkinglaces.com\\\/es\\\/products\\\/cordones-planos-de-algodon-rojo-con-puntas-doradas\\\/#breadcrumb\",\"itemListElement\":[{\"@type\":\"ListItem\",\"position\":1,\"name\":\"Home\",\"item\":\"https:\\\/\\\/www.loopkinglaces.com\\\/es\\\/\"},{\"@type\":\"ListItem\",\"position\":2,\"name\":\"COMPRAR LACAS\",\"item\":\"https:\\\/\\\/www.loopkinglaces.com\\\/es\\\/comprar-lacas\\\/\"},{\"@type\":\"ListItem\",\"position\":3,\"name\":\"Cordones Planos de Algod\u00f3n Rojo con Puntas Doradas\"}]},{\"@type\":\"WebSite\",\"@id\":\"https:\\\/\\\/www.loopkinglaces.com\\\/es\\\/#website\",\"url\":\"https:\\\/\\\/www.loopkinglaces.com\\\/es\\\/\",\"name\":\"Luxury Gold Tip Shoelaces by Loop King Laces\",\"description\":\"Rope Laces, Flat Waxed Laces and Leather Laces. All With Gold Tips.\",\"publisher\":{\"@id\":\"https:\\\/\\\/www.loopkinglaces.com\\\/es\\\/#organization\"},\"potentialAction\":[{\"@type\":\"SearchAction\",\"target\":{\"@type\":\"EntryPoint\",\"urlTemplate\":\"https:\\\/\\\/www.loopkinglaces.com\\\/es\\\/?s={search_term_string}\"},\"query-input\":{\"@type\":\"PropertyValueSpecification\",\"valueRequired\":true,\"valueName\":\"search_term_string\"}}],\"inLanguage\":\"es\"},{\"@type\":\"Organization\",\"@id\":\"https:\\\/\\\/www.loopkinglaces.com\\\/es\\\/#organization\",\"name\":\"Loop King Laces\",\"url\":\"https:\\\/\\\/www.loopkinglaces.com\\\/es\\\/\",\"logo\":{\"@type\":\"ImageObject\",\"inLanguage\":\"es\",\"@id\":\"https:\\\/\\\/www.loopkinglaces.com\\\/es\\\/#\\\/schema\\\/logo\\\/image\\\/\",\"url\":\"https:\\\/\\\/www.loopkinglaces.com\\\/wp-content\\\/uploads\\\/LOOP-KING-LACES.1.1-01-LOGO-HI-RES-OFFICIAL-1.png\",\"contentUrl\":\"https:\\\/\\\/www.loopkinglaces.com\\\/wp-content\\\/uploads\\\/LOOP-KING-LACES.1.1-01-LOGO-HI-RES-OFFICIAL-1.png\",\"width\":128,\"height\":91,\"caption\":\"Loop King Laces\"},\"image\":{\"@id\":\"https:\\\/\\\/www.loopkinglaces.com\\\/es\\\/#\\\/schema\\\/logo\\\/image\\\/\"},\"sameAs\":[\"https:\\\/\\\/www.facebook.com\\\/LoopKingLaces\\\/\",\"https:\\\/\\\/x.com\\\/loopkinglaces\",\"https:\\\/\\\/www.instagram.com\\\/loopkinglaces\\\/\"]}]}<\/script>\n<!-- \/ Yoast SEO plugin. -->","yoast_head_json":{"title":"Cordones Planos de Algod\u00f3n Rojo con Puntas Doradas","description":"Mejora tu calzado con nuestros llamativos Cordones Planos de Algod\u00f3n Rojo, fabricados con materiales de primera calidad, estos elegantes cordones tienen una durabilidad de 3x.","robots":{"index":"index","follow":"follow","max-snippet":"max-snippet:-1","max-image-preview":"max-image-preview:large","max-video-preview":"max-video-preview:-1"},"canonical":"https:\/\/www.loopkinglaces.com\/es\/products\/cordones-planos-de-algodon-rojo-con-puntas-doradas\/","og_locale":"es_ES","og_type":"article","og_title":"Cordones Planos de Algod\u00f3n Rojo con Puntas Doradas","og_description":"Mejora tu calzado con nuestros llamativos Cordones Planos de Algod\u00f3n Rojo, fabricados con materiales de primera calidad, estos elegantes cordones tienen una durabilidad de 3x.","og_url":"https:\/\/www.loopkinglaces.com\/es\/products\/cordones-planos-de-algodon-rojo-con-puntas-doradas\/","og_site_name":"Luxury Gold Tip Shoelaces by Loop King Laces","article_publisher":"https:\/\/www.facebook.com\/LoopKingLaces\/","article_modified_time":"2025-12-16T15:11:33+00:00","og_image":[{"width":1236,"height":1326,"url":"https:\/\/www.loopkinglaces.com\/wp-content\/uploads\/IMG_2258.jpg","type":"image\/jpeg"}],"twitter_card":"summary_large_image","twitter_site":"@loopkinglaces","schema":{"@context":"https:\/\/schema.org","@graph":[{"@type":["WebPage","ItemPage"],"@id":"https:\/\/www.loopkinglaces.com\/es\/products\/cordones-planos-de-algodon-rojo-con-puntas-doradas\/","url":"https:\/\/www.loopkinglaces.com\/es\/products\/cordones-planos-de-algodon-rojo-con-puntas-doradas\/","name":"Cordones Planos de Algod\u00f3n Rojo con Puntas Doradas","isPartOf":{"@id":"https:\/\/www.loopkinglaces.com\/es\/#website"},"primaryImageOfPage":{"@id":"https:\/\/www.loopkinglaces.com\/es\/products\/cordones-planos-de-algodon-rojo-con-puntas-doradas\/#primaryimage"},"image":{"@id":"https:\/\/www.loopkinglaces.com\/es\/products\/cordones-planos-de-algodon-rojo-con-puntas-doradas\/#primaryimage"},"thumbnailUrl":"https:\/\/www.loopkinglaces.com\/wp-content\/uploads\/IMG_2258.jpg","datePublished":"2023-03-22T15:13:16+00:00","dateModified":"2025-12-16T15:11:33+00:00","description":"Mejora tu calzado con nuestros llamativos Cordones Planos de Algod\u00f3n Rojo, fabricados con materiales de primera calidad, estos elegantes cordones tienen una durabilidad de 3x.","breadcrumb":{"@id":"https:\/\/www.loopkinglaces.com\/es\/products\/cordones-planos-de-algodon-rojo-con-puntas-doradas\/#breadcrumb"},"inLanguage":"es","potentialAction":[{"@type":"ReadAction","target":["https:\/\/www.loopkinglaces.com\/es\/products\/cordones-planos-de-algodon-rojo-con-puntas-doradas\/"]}]},{"@type":"ImageObject","inLanguage":"es","@id":"https:\/\/www.loopkinglaces.com\/es\/products\/cordones-planos-de-algodon-rojo-con-puntas-doradas\/#primaryimage","url":"https:\/\/www.loopkinglaces.com\/wp-content\/uploads\/IMG_2258.jpg","contentUrl":"https:\/\/www.loopkinglaces.com\/wp-content\/uploads\/IMG_2258.jpg","width":1236,"height":1326},{"@type":"BreadcrumbList","@id":"https:\/\/www.loopkinglaces.com\/es\/products\/cordones-planos-de-algodon-rojo-con-puntas-doradas\/#breadcrumb","itemListElement":[{"@type":"ListItem","position":1,"name":"Home","item":"https:\/\/www.loopkinglaces.com\/es\/"},{"@type":"ListItem","position":2,"name":"COMPRAR LACAS","item":"https:\/\/www.loopkinglaces.com\/es\/comprar-lacas\/"},{"@type":"ListItem","position":3,"name":"Cordones Planos de Algod\u00f3n Rojo con Puntas Doradas"}]},{"@type":"WebSite","@id":"https:\/\/www.loopkinglaces.com\/es\/#website","url":"https:\/\/www.loopkinglaces.com\/es\/","name":"Luxury Gold Tip Shoelaces by Loop King Laces","description":"Rope Laces, Flat Waxed Laces and Leather Laces. All With Gold Tips.","publisher":{"@id":"https:\/\/www.loopkinglaces.com\/es\/#organization"},"potentialAction":[{"@type":"SearchAction","target":{"@type":"EntryPoint","urlTemplate":"https:\/\/www.loopkinglaces.com\/es\/?s={search_term_string}"},"query-input":{"@type":"PropertyValueSpecification","valueRequired":true,"valueName":"search_term_string"}}],"inLanguage":"es"},{"@type":"Organization","@id":"https:\/\/www.loopkinglaces.com\/es\/#organization","name":"Loop King Laces","url":"https:\/\/www.loopkinglaces.com\/es\/","logo":{"@type":"ImageObject","inLanguage":"es","@id":"https:\/\/www.loopkinglaces.com\/es\/#\/schema\/logo\/image\/","url":"https:\/\/www.loopkinglaces.com\/wp-content\/uploads\/LOOP-KING-LACES.1.1-01-LOGO-HI-RES-OFFICIAL-1.png","contentUrl":"https:\/\/www.loopkinglaces.com\/wp-content\/uploads\/LOOP-KING-LACES.1.1-01-LOGO-HI-RES-OFFICIAL-1.png","width":128,"height":91,"caption":"Loop King Laces"},"image":{"@id":"https:\/\/www.loopkinglaces.com\/es\/#\/schema\/logo\/image\/"},"sameAs":["https:\/\/www.facebook.com\/LoopKingLaces\/","https:\/\/x.com\/loopkinglaces","https:\/\/www.instagram.com\/loopkinglaces\/"]}]}},"_links":{"self":[{"href":"https:\/\/www.loopkinglaces.com\/es\/wp-json\/wp\/v2\/product\/71159","targetHints":{"allow":["GET"]}}],"collection":[{"href":"https:\/\/www.loopkinglaces.com\/es\/wp-json\/wp\/v2\/product"}],"about":[{"href":"https:\/\/www.loopkinglaces.com\/es\/wp-json\/wp\/v2\/types\/product"}],"replies":[{"embeddable":true,"href":"https:\/\/www.loopkinglaces.com\/es\/wp-json\/wp\/v2\/comments?post=71159"}],"wp:featuredmedia":[{"embeddable":true,"href":"https:\/\/www.loopkinglaces.com\/es\/wp-json\/wp\/v2\/media\/71166"}],"wp:attachment":[{"href":"https:\/\/www.loopkinglaces.com\/es\/wp-json\/wp\/v2\/media?parent=71159"}],"wp:term":[{"taxonomy":"product_brand","embeddable":true,"href":"https:\/\/www.loopkinglaces.com\/es\/wp-json\/wp\/v2\/product_brand?post=71159"},{"taxonomy":"product_cat","embeddable":true,"href":"https:\/\/www.loopkinglaces.com\/es\/wp-json\/wp\/v2\/product_cat?post=71159"},{"taxonomy":"product_tag","embeddable":true,"href":"https:\/\/www.loopkinglaces.com\/es\/wp-json\/wp\/v2\/product_tag?post=71159"},{"taxonomy":"woo-feed-brand","embeddable":true,"href":"https:\/\/www.loopkinglaces.com\/es\/wp-json\/wp\/v2\/woo-feed-brand?post=71159"}],"curies":[{"name":"wp","href":"https:\/\/api.w.org\/{rel}","templated":true}]}}