{"id":71099,"date":"2023-03-17T07:02:51","date_gmt":"2023-03-17T07:02:51","guid":{"rendered":"https:\/\/www.loopkinglaces.com\/products\/cordones-rosas-luminosos-que-redefiniran-tu-calzado-favorito\/"},"modified":"2024-10-03T20:47:00","modified_gmt":"2024-10-03T20:47:00","slug":"cordones-rosas-luminosos-que-redefiniran-tu-calzado-favorito","status":"publish","type":"product","link":"https:\/\/www.loopkinglaces.com\/es\/products\/cordones-rosas-luminosos-que-redefiniran-tu-calzado-favorito\/","title":{"rendered":"Cordones Rosas Luminosos Que Redefinir\u00e1n Tu Calzado Favorito"},"content":{"rendered":"<p><span style=\"font-weight: 400;\">Todos nuestros cordones contienen materiales de la m\u00e1s alta calidad disponible, lo que garantiza su aspecto impecable y su r\u00edgida durabilidad.<br \/>\nUn cord\u00f3n LoopKing   <\/span><b>duran 3 veces m\u00e1s que otras marcas<\/b><span style=\"font-weight: 400;\">.<br \/>\nBeyond that, many of our laces contain   <\/span><i><span style=\"font-weight: 400;\">puntas doradas en relieve<\/span><\/i><span style=\"font-weight: 400;\"> para una inyecci\u00f3n extra de estilo y protecci\u00f3n contra las puntas deshilachadas. <\/span>  <span style=\"font-weight: 400;\">Nuestros cordones de algod\u00f3n plano rosa contienen un revestimiento que impide que acumulen suciedad y mugre, por lo que son perfectos si pasas mucho tiempo al aire libre.<br \/>\nTambi\u00e9n tienen el aspecto visual impecable de nuestros otros cordones, as\u00ed como durabilidad.   <\/span> <span style=\"font-weight: 400;\">Para saber qu\u00e9 longitud necesitas, cuenta los ojales de tus zapatos o botas y luego consulta nuestra <a href=\"https:\/\/www.loopkinglaces.com\/shoelace-length-chart\/\"><b>gu\u00eda de tallas<\/b><\/a>..  <\/span><\/p>\n","protected":false},"excerpt":{"rendered":"<p><strong>Cordones <\/strong> <i>rosas<\/i><strong>de lujo que se adaptan a cualquier situaci\u00f3n <\/strong> <i>Tanto si te vuelve loca todo lo rosa como si quieres probar un nuevo look exc\u00e9ntrico (los cordones rosas quedan genial con las Nikes), nuestra colecci\u00f3n de cordones rosas de lujo lo tiene todo<\/i>. <strong>Si eres m\u00e1s de ir de un lado para otro, nuestros cordones rosas de algod\u00f3n o encerados planos se adaptar\u00e1n perfectamente a tus necesidades. <\/strong> Utilizamos algod\u00f3n de alta calidad que es suave al tacto y tiene un aspecto incre\u00edble.<br \/>\nSon lo bastante finos como para ajustarse a botas, zapatos de vestir, zapatillas, zapatillas de correr, deportivas y mucho m\u00e1s.<br \/>\nComo se adaptan a la mayor\u00eda de las principales marcas del mercado, puedes cambiar f\u00e1cilmente los cordones de un par de zapatos a otro.   Las caracter\u00edsticas principales son:  <\/p>\n<ul>\n<li style=\"font-weight: 400;\" aria-level=\"1\">Materiales de primera calidad<\/li>\n<li style=\"font-weight: 400;\" aria-level=\"1\">Embalaje sellado e impactante<\/li>\n<li style=\"font-weight: 400;\" aria-level=\"1\">Disponibles en varias longitudes<\/li>\n<li style=\"font-weight: 400;\" aria-level=\"1\">Se adapta a las principales marcas (Nike, Adidas, Reebok, Converse, Vans)<\/li>\n<li style=\"font-weight: 400;\" aria-level=\"1\">Puntas doradas en relieve<\/li>\n<li style=\"font-weight: 400;\" aria-level=\"1\">Un color rosa vibrante que llama la atenci\u00f3n<\/li>\n<\/ul>\n","protected":false},"featured_media":71103,"comment_status":"open","ping_status":"closed","template":"","meta":{"_acf_changed":false},"product_brand":[],"product_cat":[1079,1329,1298,1166,1153,1432,1165,877,1297],"product_tag":[894,899,1009,896,1008,1006,895,893],"woo-feed-brand":[],"class_list":{"0":"post-71099","1":"product","2":"type-product","3":"status-publish","4":"has-post-thumbnail","6":"product_cat-cordones-de-algodon-de-primera-calidad-que-superan-a-otras-marcas-en-todos-los-sentidos","7":"product_cat-cordones-de-colores-de-moda-para-zapatillas-deportivas","8":"product_cat-cordones-nike-rosa-para-dar-un-toque-de-color-a-tus-zapatillas","9":"product_cat-cordones-para-zapatillas-skechers-de-alto-nivel-que-anaden-intriga-valor-y-comodidad","10":"product_cat-cordones-punta-de-oro","11":"product_cat-cordones-rosa-moca-de-las-jordan-1-para-un-aspecto-nuevo-y-emocionante","12":"product_cat-los-cordones-nike-dunk-perfectos-de-aspecto-increible-y-duraderos","13":"product_cat-todos-los-cordones","14":"product_cat-una-actualizacion-espectacular-cordones-rosas-jordan-1-biohack-superiores","15":"product_tag-cordones","16":"product_tag-cordones-punta-de-oro","17":"product_tag-encerado","18":"product_tag-negro","19":"product_tag-plano","20":"product_tag-plano-encerado","21":"product_tag-punta-metalica","22":"product_tag-rey-del-bucle","24":"first","25":"instock","26":"taxable","27":"shipping-taxable","28":"purchasable","29":"product-type-variable"},"acf":[],"yoast_head":"<!-- This site is optimized with the Yoast SEO plugin v27.4 - https:\/\/yoast.com\/product\/yoast-seo-wordpress\/ -->\n<title>Cordones de Zapato Rosa Ritzy que Funcionan en Cualquier Situaci\u00f3n<\/title>\n<meta name=\"description\" content=\"Para transformar cualquier par de zapatos en una impresionante obra de arte, echa un vistazo a nuestra colecci\u00f3n premium de cordones rosas con materiales de primera calidad que duran m\u00e1s que los de otras marcas.\" \/>\n<meta name=\"robots\" content=\"index, follow, max-snippet:-1, max-image-preview:large, max-video-preview:-1\" \/>\n<link rel=\"canonical\" href=\"https:\/\/www.loopkinglaces.com\/es\/products\/cordones-rosas-luminosos-que-redefiniran-tu-calzado-favorito\/\" \/>\n<meta property=\"og:locale\" content=\"es_ES\" \/>\n<meta property=\"og:type\" content=\"article\" \/>\n<meta property=\"og:title\" content=\"Cordones de Zapato Rosa Ritzy que Funcionan en Cualquier Situaci\u00f3n\" \/>\n<meta property=\"og:description\" content=\"Para transformar cualquier par de zapatos en una impresionante obra de arte, echa un vistazo a nuestra colecci\u00f3n premium de cordones rosas con materiales de primera calidad que duran m\u00e1s que los de otras marcas.\" \/>\n<meta property=\"og:url\" content=\"https:\/\/www.loopkinglaces.com\/es\/products\/cordones-rosas-luminosos-que-redefiniran-tu-calzado-favorito\/\" \/>\n<meta property=\"og:site_name\" content=\"Luxury Gold Tip Shoelaces by Loop King Laces\" \/>\n<meta property=\"article:publisher\" content=\"https:\/\/www.facebook.com\/LoopKingLaces\/\" \/>\n<meta property=\"article:modified_time\" content=\"2024-10-03T20:47:00+00:00\" \/>\n<meta property=\"og:image\" content=\"https:\/\/www.loopkinglaces.com\/wp-content\/uploads\/IMG_2248.jpg\" \/>\n\t<meta property=\"og:image:width\" content=\"806\" \/>\n\t<meta property=\"og:image:height\" content=\"836\" \/>\n\t<meta property=\"og:image:type\" content=\"image\/jpeg\" \/>\n<meta name=\"twitter:card\" content=\"summary_large_image\" \/>\n<meta name=\"twitter:site\" content=\"@loopkinglaces\" \/>\n<meta name=\"twitter:label1\" content=\"Tiempo de lectura\" \/>\n\t<meta name=\"twitter:data1\" content=\"1 minuto\" \/>\n<script type=\"application\/ld+json\" class=\"yoast-schema-graph\">{\"@context\":\"https:\\\/\\\/schema.org\",\"@graph\":[{\"@type\":[\"WebPage\",\"ItemPage\"],\"@id\":\"https:\\\/\\\/www.loopkinglaces.com\\\/es\\\/products\\\/cordones-rosas-luminosos-que-redefiniran-tu-calzado-favorito\\\/\",\"url\":\"https:\\\/\\\/www.loopkinglaces.com\\\/es\\\/products\\\/cordones-rosas-luminosos-que-redefiniran-tu-calzado-favorito\\\/\",\"name\":\"Cordones de Zapato Rosa Ritzy que Funcionan en Cualquier Situaci\u00f3n\",\"isPartOf\":{\"@id\":\"https:\\\/\\\/www.loopkinglaces.com\\\/es\\\/#website\"},\"primaryImageOfPage\":{\"@id\":\"https:\\\/\\\/www.loopkinglaces.com\\\/es\\\/products\\\/cordones-rosas-luminosos-que-redefiniran-tu-calzado-favorito\\\/#primaryimage\"},\"image\":{\"@id\":\"https:\\\/\\\/www.loopkinglaces.com\\\/es\\\/products\\\/cordones-rosas-luminosos-que-redefiniran-tu-calzado-favorito\\\/#primaryimage\"},\"thumbnailUrl\":\"https:\\\/\\\/www.loopkinglaces.com\\\/wp-content\\\/uploads\\\/IMG_2248.jpg\",\"datePublished\":\"2023-03-17T07:02:51+00:00\",\"dateModified\":\"2024-10-03T20:47:00+00:00\",\"description\":\"Para transformar cualquier par de zapatos en una impresionante obra de arte, echa un vistazo a nuestra colecci\u00f3n premium de cordones rosas con materiales de primera calidad que duran m\u00e1s que los de otras marcas.\",\"breadcrumb\":{\"@id\":\"https:\\\/\\\/www.loopkinglaces.com\\\/es\\\/products\\\/cordones-rosas-luminosos-que-redefiniran-tu-calzado-favorito\\\/#breadcrumb\"},\"inLanguage\":\"es\",\"potentialAction\":[{\"@type\":\"ReadAction\",\"target\":[\"https:\\\/\\\/www.loopkinglaces.com\\\/es\\\/products\\\/cordones-rosas-luminosos-que-redefiniran-tu-calzado-favorito\\\/\"]}]},{\"@type\":\"ImageObject\",\"inLanguage\":\"es\",\"@id\":\"https:\\\/\\\/www.loopkinglaces.com\\\/es\\\/products\\\/cordones-rosas-luminosos-que-redefiniran-tu-calzado-favorito\\\/#primaryimage\",\"url\":\"https:\\\/\\\/www.loopkinglaces.com\\\/wp-content\\\/uploads\\\/IMG_2248.jpg\",\"contentUrl\":\"https:\\\/\\\/www.loopkinglaces.com\\\/wp-content\\\/uploads\\\/IMG_2248.jpg\",\"width\":806,\"height\":836},{\"@type\":\"BreadcrumbList\",\"@id\":\"https:\\\/\\\/www.loopkinglaces.com\\\/es\\\/products\\\/cordones-rosas-luminosos-que-redefiniran-tu-calzado-favorito\\\/#breadcrumb\",\"itemListElement\":[{\"@type\":\"ListItem\",\"position\":1,\"name\":\"Home\",\"item\":\"https:\\\/\\\/www.loopkinglaces.com\\\/es\\\/\"},{\"@type\":\"ListItem\",\"position\":2,\"name\":\"COMPRAR LACAS\",\"item\":\"https:\\\/\\\/www.loopkinglaces.com\\\/es\\\/comprar-lacas\\\/\"},{\"@type\":\"ListItem\",\"position\":3,\"name\":\"Cordones Rosas Luminosos Que Redefinir\u00e1n Tu Calzado Favorito\"}]},{\"@type\":\"WebSite\",\"@id\":\"https:\\\/\\\/www.loopkinglaces.com\\\/es\\\/#website\",\"url\":\"https:\\\/\\\/www.loopkinglaces.com\\\/es\\\/\",\"name\":\"Luxury Gold Tip Shoelaces by Loop King Laces\",\"description\":\"Rope Laces, Flat Waxed Laces and Leather Laces. All With Gold Tips.\",\"publisher\":{\"@id\":\"https:\\\/\\\/www.loopkinglaces.com\\\/es\\\/#organization\"},\"potentialAction\":[{\"@type\":\"SearchAction\",\"target\":{\"@type\":\"EntryPoint\",\"urlTemplate\":\"https:\\\/\\\/www.loopkinglaces.com\\\/es\\\/?s={search_term_string}\"},\"query-input\":{\"@type\":\"PropertyValueSpecification\",\"valueRequired\":true,\"valueName\":\"search_term_string\"}}],\"inLanguage\":\"es\"},{\"@type\":\"Organization\",\"@id\":\"https:\\\/\\\/www.loopkinglaces.com\\\/es\\\/#organization\",\"name\":\"Loop King Laces\",\"url\":\"https:\\\/\\\/www.loopkinglaces.com\\\/es\\\/\",\"logo\":{\"@type\":\"ImageObject\",\"inLanguage\":\"es\",\"@id\":\"https:\\\/\\\/www.loopkinglaces.com\\\/es\\\/#\\\/schema\\\/logo\\\/image\\\/\",\"url\":\"https:\\\/\\\/www.loopkinglaces.com\\\/wp-content\\\/uploads\\\/LOOP-KING-LACES.1.1-01-LOGO-HI-RES-OFFICIAL-1.png\",\"contentUrl\":\"https:\\\/\\\/www.loopkinglaces.com\\\/wp-content\\\/uploads\\\/LOOP-KING-LACES.1.1-01-LOGO-HI-RES-OFFICIAL-1.png\",\"width\":128,\"height\":91,\"caption\":\"Loop King Laces\"},\"image\":{\"@id\":\"https:\\\/\\\/www.loopkinglaces.com\\\/es\\\/#\\\/schema\\\/logo\\\/image\\\/\"},\"sameAs\":[\"https:\\\/\\\/www.facebook.com\\\/LoopKingLaces\\\/\",\"https:\\\/\\\/x.com\\\/loopkinglaces\",\"https:\\\/\\\/www.instagram.com\\\/loopkinglaces\\\/\"]}]}<\/script>\n<!-- \/ Yoast SEO plugin. -->","yoast_head_json":{"title":"Cordones de Zapato Rosa Ritzy que Funcionan en Cualquier Situaci\u00f3n","description":"Para transformar cualquier par de zapatos en una impresionante obra de arte, echa un vistazo a nuestra colecci\u00f3n premium de cordones rosas con materiales de primera calidad que duran m\u00e1s que los de otras marcas.","robots":{"index":"index","follow":"follow","max-snippet":"max-snippet:-1","max-image-preview":"max-image-preview:large","max-video-preview":"max-video-preview:-1"},"canonical":"https:\/\/www.loopkinglaces.com\/es\/products\/cordones-rosas-luminosos-que-redefiniran-tu-calzado-favorito\/","og_locale":"es_ES","og_type":"article","og_title":"Cordones de Zapato Rosa Ritzy que Funcionan en Cualquier Situaci\u00f3n","og_description":"Para transformar cualquier par de zapatos en una impresionante obra de arte, echa un vistazo a nuestra colecci\u00f3n premium de cordones rosas con materiales de primera calidad que duran m\u00e1s que los de otras marcas.","og_url":"https:\/\/www.loopkinglaces.com\/es\/products\/cordones-rosas-luminosos-que-redefiniran-tu-calzado-favorito\/","og_site_name":"Luxury Gold Tip Shoelaces by Loop King Laces","article_publisher":"https:\/\/www.facebook.com\/LoopKingLaces\/","article_modified_time":"2024-10-03T20:47:00+00:00","og_image":[{"width":806,"height":836,"url":"https:\/\/www.loopkinglaces.com\/wp-content\/uploads\/IMG_2248.jpg","type":"image\/jpeg"}],"twitter_card":"summary_large_image","twitter_site":"@loopkinglaces","twitter_misc":{"Tiempo de lectura":"1 minuto"},"schema":{"@context":"https:\/\/schema.org","@graph":[{"@type":["WebPage","ItemPage"],"@id":"https:\/\/www.loopkinglaces.com\/es\/products\/cordones-rosas-luminosos-que-redefiniran-tu-calzado-favorito\/","url":"https:\/\/www.loopkinglaces.com\/es\/products\/cordones-rosas-luminosos-que-redefiniran-tu-calzado-favorito\/","name":"Cordones de Zapato Rosa Ritzy que Funcionan en Cualquier Situaci\u00f3n","isPartOf":{"@id":"https:\/\/www.loopkinglaces.com\/es\/#website"},"primaryImageOfPage":{"@id":"https:\/\/www.loopkinglaces.com\/es\/products\/cordones-rosas-luminosos-que-redefiniran-tu-calzado-favorito\/#primaryimage"},"image":{"@id":"https:\/\/www.loopkinglaces.com\/es\/products\/cordones-rosas-luminosos-que-redefiniran-tu-calzado-favorito\/#primaryimage"},"thumbnailUrl":"https:\/\/www.loopkinglaces.com\/wp-content\/uploads\/IMG_2248.jpg","datePublished":"2023-03-17T07:02:51+00:00","dateModified":"2024-10-03T20:47:00+00:00","description":"Para transformar cualquier par de zapatos en una impresionante obra de arte, echa un vistazo a nuestra colecci\u00f3n premium de cordones rosas con materiales de primera calidad que duran m\u00e1s que los de otras marcas.","breadcrumb":{"@id":"https:\/\/www.loopkinglaces.com\/es\/products\/cordones-rosas-luminosos-que-redefiniran-tu-calzado-favorito\/#breadcrumb"},"inLanguage":"es","potentialAction":[{"@type":"ReadAction","target":["https:\/\/www.loopkinglaces.com\/es\/products\/cordones-rosas-luminosos-que-redefiniran-tu-calzado-favorito\/"]}]},{"@type":"ImageObject","inLanguage":"es","@id":"https:\/\/www.loopkinglaces.com\/es\/products\/cordones-rosas-luminosos-que-redefiniran-tu-calzado-favorito\/#primaryimage","url":"https:\/\/www.loopkinglaces.com\/wp-content\/uploads\/IMG_2248.jpg","contentUrl":"https:\/\/www.loopkinglaces.com\/wp-content\/uploads\/IMG_2248.jpg","width":806,"height":836},{"@type":"BreadcrumbList","@id":"https:\/\/www.loopkinglaces.com\/es\/products\/cordones-rosas-luminosos-que-redefiniran-tu-calzado-favorito\/#breadcrumb","itemListElement":[{"@type":"ListItem","position":1,"name":"Home","item":"https:\/\/www.loopkinglaces.com\/es\/"},{"@type":"ListItem","position":2,"name":"COMPRAR LACAS","item":"https:\/\/www.loopkinglaces.com\/es\/comprar-lacas\/"},{"@type":"ListItem","position":3,"name":"Cordones Rosas Luminosos Que Redefinir\u00e1n Tu Calzado Favorito"}]},{"@type":"WebSite","@id":"https:\/\/www.loopkinglaces.com\/es\/#website","url":"https:\/\/www.loopkinglaces.com\/es\/","name":"Luxury Gold Tip Shoelaces by Loop King Laces","description":"Rope Laces, Flat Waxed Laces and Leather Laces. All With Gold Tips.","publisher":{"@id":"https:\/\/www.loopkinglaces.com\/es\/#organization"},"potentialAction":[{"@type":"SearchAction","target":{"@type":"EntryPoint","urlTemplate":"https:\/\/www.loopkinglaces.com\/es\/?s={search_term_string}"},"query-input":{"@type":"PropertyValueSpecification","valueRequired":true,"valueName":"search_term_string"}}],"inLanguage":"es"},{"@type":"Organization","@id":"https:\/\/www.loopkinglaces.com\/es\/#organization","name":"Loop King Laces","url":"https:\/\/www.loopkinglaces.com\/es\/","logo":{"@type":"ImageObject","inLanguage":"es","@id":"https:\/\/www.loopkinglaces.com\/es\/#\/schema\/logo\/image\/","url":"https:\/\/www.loopkinglaces.com\/wp-content\/uploads\/LOOP-KING-LACES.1.1-01-LOGO-HI-RES-OFFICIAL-1.png","contentUrl":"https:\/\/www.loopkinglaces.com\/wp-content\/uploads\/LOOP-KING-LACES.1.1-01-LOGO-HI-RES-OFFICIAL-1.png","width":128,"height":91,"caption":"Loop King Laces"},"image":{"@id":"https:\/\/www.loopkinglaces.com\/es\/#\/schema\/logo\/image\/"},"sameAs":["https:\/\/www.facebook.com\/LoopKingLaces\/","https:\/\/x.com\/loopkinglaces","https:\/\/www.instagram.com\/loopkinglaces\/"]}]}},"_links":{"self":[{"href":"https:\/\/www.loopkinglaces.com\/es\/wp-json\/wp\/v2\/product\/71099","targetHints":{"allow":["GET"]}}],"collection":[{"href":"https:\/\/www.loopkinglaces.com\/es\/wp-json\/wp\/v2\/product"}],"about":[{"href":"https:\/\/www.loopkinglaces.com\/es\/wp-json\/wp\/v2\/types\/product"}],"replies":[{"embeddable":true,"href":"https:\/\/www.loopkinglaces.com\/es\/wp-json\/wp\/v2\/comments?post=71099"}],"wp:featuredmedia":[{"embeddable":true,"href":"https:\/\/www.loopkinglaces.com\/es\/wp-json\/wp\/v2\/media\/71103"}],"wp:attachment":[{"href":"https:\/\/www.loopkinglaces.com\/es\/wp-json\/wp\/v2\/media?parent=71099"}],"wp:term":[{"taxonomy":"product_brand","embeddable":true,"href":"https:\/\/www.loopkinglaces.com\/es\/wp-json\/wp\/v2\/product_brand?post=71099"},{"taxonomy":"product_cat","embeddable":true,"href":"https:\/\/www.loopkinglaces.com\/es\/wp-json\/wp\/v2\/product_cat?post=71099"},{"taxonomy":"product_tag","embeddable":true,"href":"https:\/\/www.loopkinglaces.com\/es\/wp-json\/wp\/v2\/product_tag?post=71099"},{"taxonomy":"woo-feed-brand","embeddable":true,"href":"https:\/\/www.loopkinglaces.com\/es\/wp-json\/wp\/v2\/woo-feed-brand?post=71099"}],"curies":[{"name":"wp","href":"https:\/\/api.w.org\/{rel}","templated":true}]}}