{"id":70982,"date":"2023-03-13T05:24:24","date_gmt":"2023-03-13T05:24:24","guid":{"rendered":"https:\/\/www.loopkinglaces.com\/products\/los-cordones-verde-menta-que-alegraran-tu-dia-y-mejoraran-tus-zapatos\/"},"modified":"2024-10-03T20:46:39","modified_gmt":"2024-10-03T20:46:39","slug":"los-cordones-verde-menta-que-alegraran-tu-dia-y-mejoraran-tus-zapatos","status":"publish","type":"product","link":"https:\/\/www.loopkinglaces.com\/es\/products\/los-cordones-verde-menta-que-alegraran-tu-dia-y-mejoraran-tus-zapatos\/","title":{"rendered":"Los cordones verde menta que alegrar\u00e1n tu d\u00eda y mejorar\u00e1n tus zapatos"},"content":{"rendered":"<p><i>Tambi\u00e9n son lo bastante elegantes para llevarlas durante una noche en la ciudad, lo bastante c\u00f3modas para salir con los amigos en casa y lo bastante duraderas para pasear o correr por el parque.  <\/i>  La guinda del pastel la ponen las puntas de los ojales doradas en relieve, que aportan un toque final de elegancia visual al tiempo que protegen los extremos de los cordones, aumentando a\u00fan m\u00e1s su ya larga vida \u00fatil.<br \/>\nPara encontrar la longitud de cordones adecuada para tu calzado, cuenta el n\u00famero de ojales y consulta nuestra <a href=\"https:\/\/www.loopkinglaces.com\/shoelace-length-chart\/\" target=\"_blank\" rel=\"noopener\">gu\u00eda de tallas<\/a><span style=\"font-weight: 400;\">. <\/span>  <\/p>\n","protected":false},"excerpt":{"rendered":"<p><strong>Cordones verde menta para mejorar tu calzado y mejorar tu estado de \u00e1nimo <\/strong><i>Hay una raz\u00f3n por la que los agentes inmobiliarios afirman constantemente que la decoraci\u00f3n en verde menta nunca pasar\u00e1 de moda: se ha demostrado que este color mejora el estado de \u00e1nimo. <\/i> Ahora puedes reproducir esa <strong>sensaci\u00f3n de calidez y<\/strong> alegr\u00eda en tu calzado con los <strong>cordones verde menta de primera calidad<\/strong> de LoopKing.<br \/>\nProporcionar\u00e1n una mejora visual instant\u00e1nea a cualquier par de zapatillas de deporte, deportivas, runners, de ca\u00f1a alta, de ca\u00f1a baja y mucho m\u00e1s.<br \/>\nGracias a los materiales de primera calidad, tus cordones verde menta mantendr\u00e1n su vitalidad durante mucho tiempo.<br \/>\nDe hecho, dise\u00f1amos nuestros cordones para que <strong>duren 3 veces m\u00e1s que los de las marcas tradicionales<\/strong>.<br \/>\nTus compa\u00f1eros de trabajo no podr\u00e1n evitar fijarse en tus nuevos y elegantes cordones verde menta, as\u00ed que prep\u00e1rate para recibir un mont\u00f3n de cumplidos.<br \/>\nConsulta nuestra lista completa de caracter\u00edsticas a continuaci\u00f3n:       <\/p>\n<ul>\n<li style=\"font-weight: 400;\" aria-level=\"1\">Materiales de primera calidad<\/li>\n<li style=\"font-weight: 400;\" aria-level=\"1\">Puntas de agleta doradas en relieve<\/li>\n<li style=\"font-weight: 400;\" aria-level=\"1\">Dise\u00f1ados para durar 3 veces m\u00e1s que los cordones tradicionales<\/li>\n<li style=\"font-weight: 400;\" aria-level=\"1\">Color verde menta que levanta el \u00e1nimo<\/li>\n<li style=\"font-weight: 400;\" aria-level=\"1\">Embalaje sellado e impactante<\/li>\n<li style=\"font-weight: 400;\" aria-level=\"1\">Disponibles en varias longitudes<\/li>\n<\/ul>\n","protected":false},"featured_media":70983,"comment_status":"open","ping_status":"closed","template":"","meta":{"_acf_changed":false},"product_brand":[],"product_cat":[1326,883,1079,1455,1329,1172,1460,1166,1153,1272,1332,1182,877],"product_tag":[894,899,1009,896,1008,1006,895,893],"woo-feed-brand":[],"class_list":{"0":"post-70982","1":"product","2":"type-product","3":"status-publish","4":"has-post-thumbnail","6":"product_cat-cordones-asics-personaliza-tu-calzado","7":"product_cat-cordones-de-40-pulgadas","8":"product_cat-cordones-de-algodon-de-primera-calidad-que-superan-a-otras-marcas-en-todos-los-sentidos","9":"product_cat-cordones-de-cinta-un-cambio-de-juego-en-la-moda-del-calzado","10":"product_cat-cordones-de-colores-de-moda-para-zapatillas-deportivas","11":"product_cat-cordones-de-colores-para-las-zapatillas-converse-que-son-fabulosos-y-vuelan","12":"product_cat-cordones-de-travis-scott-el-bombo-el-amor-y-todo-ese-jazz","13":"product_cat-cordones-para-zapatillas-skechers-de-alto-nivel-que-anaden-intriga-valor-y-comodidad","14":"product_cat-cordones-punta-de-oro","15":"product_cat-cordones-verdes-premium-para-mejorar-tus-zapatos","16":"product_cat-los-asombrosos-cierres-de-cordones-de-las-jordan-5-hacen-que-atarse-las-zapatillas-sea-algo-obsoleto","17":"product_cat-recambio-de-cordones-golden-goose-para-tu-querido-calzado","18":"product_cat-todos-los-cordones","19":"product_tag-cordones","20":"product_tag-cordones-punta-de-oro","21":"product_tag-encerado","22":"product_tag-negro","23":"product_tag-plano","24":"product_tag-plano-encerado","25":"product_tag-punta-metalica","26":"product_tag-rey-del-bucle","28":"first","29":"instock","30":"taxable","31":"shipping-taxable","32":"purchasable","33":"product-type-variable"},"acf":[],"yoast_head":"<!-- This site is optimized with the Yoast SEO plugin v27.4 - https:\/\/yoast.com\/product\/yoast-seo-wordpress\/ -->\n<title>Cordones verde menta para mejorar tus zapatos y subirte el \u00e1nimo<\/title>\n<meta name=\"description\" content=\"Estos cordones de alta gama en verde menta a\u00f1adir\u00e1n la alegr\u00eda y vitalidad que tanto necesitas a cualquier par de zapatos de tu armario, as\u00ed que no esperes m\u00e1s para echarles un vistazo.\" \/>\n<meta name=\"robots\" content=\"index, follow, max-snippet:-1, max-image-preview:large, max-video-preview:-1\" \/>\n<link rel=\"canonical\" href=\"https:\/\/www.loopkinglaces.com\/es\/products\/los-cordones-verde-menta-que-alegraran-tu-dia-y-mejoraran-tus-zapatos\/\" \/>\n<meta property=\"og:locale\" content=\"es_ES\" \/>\n<meta property=\"og:type\" content=\"article\" \/>\n<meta property=\"og:title\" content=\"Cordones verde menta para mejorar tus zapatos y subirte el \u00e1nimo\" \/>\n<meta property=\"og:description\" content=\"Estos cordones de alta gama en verde menta a\u00f1adir\u00e1n la alegr\u00eda y vitalidad que tanto necesitas a cualquier par de zapatos de tu armario, as\u00ed que no esperes m\u00e1s para echarles un vistazo.\" \/>\n<meta property=\"og:url\" content=\"https:\/\/www.loopkinglaces.com\/es\/products\/los-cordones-verde-menta-que-alegraran-tu-dia-y-mejoraran-tus-zapatos\/\" \/>\n<meta property=\"og:site_name\" content=\"Luxury Gold Tip Shoelaces by Loop King Laces\" \/>\n<meta property=\"article:publisher\" content=\"https:\/\/www.facebook.com\/LoopKingLaces\/\" \/>\n<meta property=\"article:modified_time\" content=\"2024-10-03T20:46:39+00:00\" \/>\n<meta property=\"og:image\" content=\"https:\/\/www.loopkinglaces.com\/wp-content\/uploads\/Mint-Green.jpg\" \/>\n\t<meta property=\"og:image:width\" content=\"1600\" \/>\n\t<meta property=\"og:image:height\" content=\"1478\" \/>\n\t<meta property=\"og:image:type\" content=\"image\/jpeg\" \/>\n<meta name=\"twitter:card\" content=\"summary_large_image\" \/>\n<meta name=\"twitter:site\" content=\"@loopkinglaces\" \/>\n<meta name=\"twitter:label1\" content=\"Tiempo de lectura\" \/>\n\t<meta name=\"twitter:data1\" content=\"1 minuto\" \/>\n<script type=\"application\/ld+json\" class=\"yoast-schema-graph\">{\"@context\":\"https:\\\/\\\/schema.org\",\"@graph\":[{\"@type\":[\"WebPage\",\"ItemPage\"],\"@id\":\"https:\\\/\\\/www.loopkinglaces.com\\\/es\\\/products\\\/los-cordones-verde-menta-que-alegraran-tu-dia-y-mejoraran-tus-zapatos\\\/\",\"url\":\"https:\\\/\\\/www.loopkinglaces.com\\\/es\\\/products\\\/los-cordones-verde-menta-que-alegraran-tu-dia-y-mejoraran-tus-zapatos\\\/\",\"name\":\"Cordones verde menta para mejorar tus zapatos y subirte el \u00e1nimo\",\"isPartOf\":{\"@id\":\"https:\\\/\\\/www.loopkinglaces.com\\\/es\\\/#website\"},\"primaryImageOfPage\":{\"@id\":\"https:\\\/\\\/www.loopkinglaces.com\\\/es\\\/products\\\/los-cordones-verde-menta-que-alegraran-tu-dia-y-mejoraran-tus-zapatos\\\/#primaryimage\"},\"image\":{\"@id\":\"https:\\\/\\\/www.loopkinglaces.com\\\/es\\\/products\\\/los-cordones-verde-menta-que-alegraran-tu-dia-y-mejoraran-tus-zapatos\\\/#primaryimage\"},\"thumbnailUrl\":\"https:\\\/\\\/www.loopkinglaces.com\\\/wp-content\\\/uploads\\\/Mint-Green.jpg\",\"datePublished\":\"2023-03-13T05:24:24+00:00\",\"dateModified\":\"2024-10-03T20:46:39+00:00\",\"description\":\"Estos cordones de alta gama en verde menta a\u00f1adir\u00e1n la alegr\u00eda y vitalidad que tanto necesitas a cualquier par de zapatos de tu armario, as\u00ed que no esperes m\u00e1s para echarles un vistazo.\",\"breadcrumb\":{\"@id\":\"https:\\\/\\\/www.loopkinglaces.com\\\/es\\\/products\\\/los-cordones-verde-menta-que-alegraran-tu-dia-y-mejoraran-tus-zapatos\\\/#breadcrumb\"},\"inLanguage\":\"es\",\"potentialAction\":[{\"@type\":\"ReadAction\",\"target\":[\"https:\\\/\\\/www.loopkinglaces.com\\\/es\\\/products\\\/los-cordones-verde-menta-que-alegraran-tu-dia-y-mejoraran-tus-zapatos\\\/\"]}]},{\"@type\":\"ImageObject\",\"inLanguage\":\"es\",\"@id\":\"https:\\\/\\\/www.loopkinglaces.com\\\/es\\\/products\\\/los-cordones-verde-menta-que-alegraran-tu-dia-y-mejoraran-tus-zapatos\\\/#primaryimage\",\"url\":\"https:\\\/\\\/www.loopkinglaces.com\\\/wp-content\\\/uploads\\\/Mint-Green.jpg\",\"contentUrl\":\"https:\\\/\\\/www.loopkinglaces.com\\\/wp-content\\\/uploads\\\/Mint-Green.jpg\",\"width\":1600,\"height\":1478},{\"@type\":\"BreadcrumbList\",\"@id\":\"https:\\\/\\\/www.loopkinglaces.com\\\/es\\\/products\\\/los-cordones-verde-menta-que-alegraran-tu-dia-y-mejoraran-tus-zapatos\\\/#breadcrumb\",\"itemListElement\":[{\"@type\":\"ListItem\",\"position\":1,\"name\":\"Home\",\"item\":\"https:\\\/\\\/www.loopkinglaces.com\\\/es\\\/\"},{\"@type\":\"ListItem\",\"position\":2,\"name\":\"COMPRAR LACAS\",\"item\":\"https:\\\/\\\/www.loopkinglaces.com\\\/es\\\/comprar-lacas\\\/\"},{\"@type\":\"ListItem\",\"position\":3,\"name\":\"Los cordones verde menta que alegrar\u00e1n tu d\u00eda y mejorar\u00e1n tus zapatos\"}]},{\"@type\":\"WebSite\",\"@id\":\"https:\\\/\\\/www.loopkinglaces.com\\\/es\\\/#website\",\"url\":\"https:\\\/\\\/www.loopkinglaces.com\\\/es\\\/\",\"name\":\"Luxury Gold Tip Shoelaces by Loop King Laces\",\"description\":\"Rope Laces, Flat Waxed Laces and Leather Laces. All With Gold Tips.\",\"publisher\":{\"@id\":\"https:\\\/\\\/www.loopkinglaces.com\\\/es\\\/#organization\"},\"potentialAction\":[{\"@type\":\"SearchAction\",\"target\":{\"@type\":\"EntryPoint\",\"urlTemplate\":\"https:\\\/\\\/www.loopkinglaces.com\\\/es\\\/?s={search_term_string}\"},\"query-input\":{\"@type\":\"PropertyValueSpecification\",\"valueRequired\":true,\"valueName\":\"search_term_string\"}}],\"inLanguage\":\"es\"},{\"@type\":\"Organization\",\"@id\":\"https:\\\/\\\/www.loopkinglaces.com\\\/es\\\/#organization\",\"name\":\"Loop King Laces\",\"url\":\"https:\\\/\\\/www.loopkinglaces.com\\\/es\\\/\",\"logo\":{\"@type\":\"ImageObject\",\"inLanguage\":\"es\",\"@id\":\"https:\\\/\\\/www.loopkinglaces.com\\\/es\\\/#\\\/schema\\\/logo\\\/image\\\/\",\"url\":\"https:\\\/\\\/www.loopkinglaces.com\\\/wp-content\\\/uploads\\\/LOOP-KING-LACES.1.1-01-LOGO-HI-RES-OFFICIAL-1.png\",\"contentUrl\":\"https:\\\/\\\/www.loopkinglaces.com\\\/wp-content\\\/uploads\\\/LOOP-KING-LACES.1.1-01-LOGO-HI-RES-OFFICIAL-1.png\",\"width\":128,\"height\":91,\"caption\":\"Loop King Laces\"},\"image\":{\"@id\":\"https:\\\/\\\/www.loopkinglaces.com\\\/es\\\/#\\\/schema\\\/logo\\\/image\\\/\"},\"sameAs\":[\"https:\\\/\\\/www.facebook.com\\\/LoopKingLaces\\\/\",\"https:\\\/\\\/x.com\\\/loopkinglaces\",\"https:\\\/\\\/www.instagram.com\\\/loopkinglaces\\\/\"]}]}<\/script>\n<!-- \/ Yoast SEO plugin. -->","yoast_head_json":{"title":"Cordones verde menta para mejorar tus zapatos y subirte el \u00e1nimo","description":"Estos cordones de alta gama en verde menta a\u00f1adir\u00e1n la alegr\u00eda y vitalidad que tanto necesitas a cualquier par de zapatos de tu armario, as\u00ed que no esperes m\u00e1s para echarles un vistazo.","robots":{"index":"index","follow":"follow","max-snippet":"max-snippet:-1","max-image-preview":"max-image-preview:large","max-video-preview":"max-video-preview:-1"},"canonical":"https:\/\/www.loopkinglaces.com\/es\/products\/los-cordones-verde-menta-que-alegraran-tu-dia-y-mejoraran-tus-zapatos\/","og_locale":"es_ES","og_type":"article","og_title":"Cordones verde menta para mejorar tus zapatos y subirte el \u00e1nimo","og_description":"Estos cordones de alta gama en verde menta a\u00f1adir\u00e1n la alegr\u00eda y vitalidad que tanto necesitas a cualquier par de zapatos de tu armario, as\u00ed que no esperes m\u00e1s para echarles un vistazo.","og_url":"https:\/\/www.loopkinglaces.com\/es\/products\/los-cordones-verde-menta-que-alegraran-tu-dia-y-mejoraran-tus-zapatos\/","og_site_name":"Luxury Gold Tip Shoelaces by Loop King Laces","article_publisher":"https:\/\/www.facebook.com\/LoopKingLaces\/","article_modified_time":"2024-10-03T20:46:39+00:00","og_image":[{"width":1600,"height":1478,"url":"https:\/\/www.loopkinglaces.com\/wp-content\/uploads\/Mint-Green.jpg","type":"image\/jpeg"}],"twitter_card":"summary_large_image","twitter_site":"@loopkinglaces","twitter_misc":{"Tiempo de lectura":"1 minuto"},"schema":{"@context":"https:\/\/schema.org","@graph":[{"@type":["WebPage","ItemPage"],"@id":"https:\/\/www.loopkinglaces.com\/es\/products\/los-cordones-verde-menta-que-alegraran-tu-dia-y-mejoraran-tus-zapatos\/","url":"https:\/\/www.loopkinglaces.com\/es\/products\/los-cordones-verde-menta-que-alegraran-tu-dia-y-mejoraran-tus-zapatos\/","name":"Cordones verde menta para mejorar tus zapatos y subirte el \u00e1nimo","isPartOf":{"@id":"https:\/\/www.loopkinglaces.com\/es\/#website"},"primaryImageOfPage":{"@id":"https:\/\/www.loopkinglaces.com\/es\/products\/los-cordones-verde-menta-que-alegraran-tu-dia-y-mejoraran-tus-zapatos\/#primaryimage"},"image":{"@id":"https:\/\/www.loopkinglaces.com\/es\/products\/los-cordones-verde-menta-que-alegraran-tu-dia-y-mejoraran-tus-zapatos\/#primaryimage"},"thumbnailUrl":"https:\/\/www.loopkinglaces.com\/wp-content\/uploads\/Mint-Green.jpg","datePublished":"2023-03-13T05:24:24+00:00","dateModified":"2024-10-03T20:46:39+00:00","description":"Estos cordones de alta gama en verde menta a\u00f1adir\u00e1n la alegr\u00eda y vitalidad que tanto necesitas a cualquier par de zapatos de tu armario, as\u00ed que no esperes m\u00e1s para echarles un vistazo.","breadcrumb":{"@id":"https:\/\/www.loopkinglaces.com\/es\/products\/los-cordones-verde-menta-que-alegraran-tu-dia-y-mejoraran-tus-zapatos\/#breadcrumb"},"inLanguage":"es","potentialAction":[{"@type":"ReadAction","target":["https:\/\/www.loopkinglaces.com\/es\/products\/los-cordones-verde-menta-que-alegraran-tu-dia-y-mejoraran-tus-zapatos\/"]}]},{"@type":"ImageObject","inLanguage":"es","@id":"https:\/\/www.loopkinglaces.com\/es\/products\/los-cordones-verde-menta-que-alegraran-tu-dia-y-mejoraran-tus-zapatos\/#primaryimage","url":"https:\/\/www.loopkinglaces.com\/wp-content\/uploads\/Mint-Green.jpg","contentUrl":"https:\/\/www.loopkinglaces.com\/wp-content\/uploads\/Mint-Green.jpg","width":1600,"height":1478},{"@type":"BreadcrumbList","@id":"https:\/\/www.loopkinglaces.com\/es\/products\/los-cordones-verde-menta-que-alegraran-tu-dia-y-mejoraran-tus-zapatos\/#breadcrumb","itemListElement":[{"@type":"ListItem","position":1,"name":"Home","item":"https:\/\/www.loopkinglaces.com\/es\/"},{"@type":"ListItem","position":2,"name":"COMPRAR LACAS","item":"https:\/\/www.loopkinglaces.com\/es\/comprar-lacas\/"},{"@type":"ListItem","position":3,"name":"Los cordones verde menta que alegrar\u00e1n tu d\u00eda y mejorar\u00e1n tus zapatos"}]},{"@type":"WebSite","@id":"https:\/\/www.loopkinglaces.com\/es\/#website","url":"https:\/\/www.loopkinglaces.com\/es\/","name":"Luxury Gold Tip Shoelaces by Loop King Laces","description":"Rope Laces, Flat Waxed Laces and Leather Laces. All With Gold Tips.","publisher":{"@id":"https:\/\/www.loopkinglaces.com\/es\/#organization"},"potentialAction":[{"@type":"SearchAction","target":{"@type":"EntryPoint","urlTemplate":"https:\/\/www.loopkinglaces.com\/es\/?s={search_term_string}"},"query-input":{"@type":"PropertyValueSpecification","valueRequired":true,"valueName":"search_term_string"}}],"inLanguage":"es"},{"@type":"Organization","@id":"https:\/\/www.loopkinglaces.com\/es\/#organization","name":"Loop King Laces","url":"https:\/\/www.loopkinglaces.com\/es\/","logo":{"@type":"ImageObject","inLanguage":"es","@id":"https:\/\/www.loopkinglaces.com\/es\/#\/schema\/logo\/image\/","url":"https:\/\/www.loopkinglaces.com\/wp-content\/uploads\/LOOP-KING-LACES.1.1-01-LOGO-HI-RES-OFFICIAL-1.png","contentUrl":"https:\/\/www.loopkinglaces.com\/wp-content\/uploads\/LOOP-KING-LACES.1.1-01-LOGO-HI-RES-OFFICIAL-1.png","width":128,"height":91,"caption":"Loop King Laces"},"image":{"@id":"https:\/\/www.loopkinglaces.com\/es\/#\/schema\/logo\/image\/"},"sameAs":["https:\/\/www.facebook.com\/LoopKingLaces\/","https:\/\/x.com\/loopkinglaces","https:\/\/www.instagram.com\/loopkinglaces\/"]}]}},"_links":{"self":[{"href":"https:\/\/www.loopkinglaces.com\/es\/wp-json\/wp\/v2\/product\/70982","targetHints":{"allow":["GET"]}}],"collection":[{"href":"https:\/\/www.loopkinglaces.com\/es\/wp-json\/wp\/v2\/product"}],"about":[{"href":"https:\/\/www.loopkinglaces.com\/es\/wp-json\/wp\/v2\/types\/product"}],"replies":[{"embeddable":true,"href":"https:\/\/www.loopkinglaces.com\/es\/wp-json\/wp\/v2\/comments?post=70982"}],"wp:featuredmedia":[{"embeddable":true,"href":"https:\/\/www.loopkinglaces.com\/es\/wp-json\/wp\/v2\/media\/70983"}],"wp:attachment":[{"href":"https:\/\/www.loopkinglaces.com\/es\/wp-json\/wp\/v2\/media?parent=70982"}],"wp:term":[{"taxonomy":"product_brand","embeddable":true,"href":"https:\/\/www.loopkinglaces.com\/es\/wp-json\/wp\/v2\/product_brand?post=70982"},{"taxonomy":"product_cat","embeddable":true,"href":"https:\/\/www.loopkinglaces.com\/es\/wp-json\/wp\/v2\/product_cat?post=70982"},{"taxonomy":"product_tag","embeddable":true,"href":"https:\/\/www.loopkinglaces.com\/es\/wp-json\/wp\/v2\/product_tag?post=70982"},{"taxonomy":"woo-feed-brand","embeddable":true,"href":"https:\/\/www.loopkinglaces.com\/es\/wp-json\/wp\/v2\/woo-feed-brand?post=70982"}],"curies":[{"name":"wp","href":"https:\/\/api.w.org\/{rel}","templated":true}]}}