{"id":70969,"date":"2023-03-13T02:42:43","date_gmt":"2023-03-13T02:42:43","guid":{"rendered":"https:\/\/www.loopkinglaces.com\/products\/cordones-arco-iris-vibrantes-para-dar-vida-a-tu-calzado\/"},"modified":"2024-10-03T20:46:27","modified_gmt":"2024-10-03T20:46:27","slug":"cordones-arco-iris-vibrantes-para-dar-vida-a-tu-calzado","status":"publish","type":"product","link":"https:\/\/www.loopkinglaces.com\/es\/products\/cordones-arco-iris-vibrantes-para-dar-vida-a-tu-calzado\/","title":{"rendered":"Cordones arco iris vibrantes para dar vida a tu calzado"},"content":{"rendered":"<p>Para dar un toque extra de atractivo visual, nuestros cordones arco iris llevan puntas de agleta doradas en relieve que tienen un aspecto excepcional y protegen los extremos de los cordones para que no se deshilachen.<br \/>\nLos aglets son una de las principales razones por las que los cordones LoopKing <strong>duran hasta 3 veces m\u00e1s que los de otras marcas<\/strong>.<br \/>\nNo todos los tipos de calzado tienen el mismo n\u00famero de ojales, por eso fabricamos varias longitudes para tu comodidad.<br \/>\nPara saber qu\u00e9 longitud se ajustar\u00e1 a tu calzado, cuenta el n\u00famero de ojales y luego consulta nuestra <a href=\"https:\/\/www.loopkinglaces.com\/shoelace-length-chart\/\" target=\"_blank\" rel=\"noopener\">gu\u00eda de tallas<\/a><span style=\"font-weight: 400;\">. <\/span>    <\/p>\n","protected":false},"excerpt":{"rendered":"<p><strong>Cordones arco iris para a\u00f1adir color y emoci\u00f3n a tus zapatillasIncluso<\/strong><i>las zapatillas deportivas de gama m\u00e1s alta necesitan actualizarse a veces, sobre todo si carecen de vitalidad y lujo<\/i>.<br \/>\nNuestros <strong>opulentos cordones arco iris<\/strong> con puntas de agleta dorada son la <strong>forma perfecta de animar un par de zapatillas negras, blancas o grises. <\/strong> Adem\u00e1s, combinan a la perfecci\u00f3n con cualquier color y tipo de calzado, como zapatillas de correr, deportivas, zapatillas altas, etc.<br \/>\nTanto si vas a salir a cenar con amigos como si simplemente est\u00e1s por casa, estos cordones arco iris de primera calidad se adaptan a cualquier ocasi\u00f3n. <i>Gracias a sus materiales de primera calidad y a sus llamativos colores, nadie podr\u00e1 seguir ignorando tu calzado<\/i>.<br \/>\nConsulta nuestra lista completa de caracter\u00edsticas a continuaci\u00f3n:     <\/p>\n<ul>\n<li style=\"font-weight: 400;\" aria-level=\"1\">Materiales de primera calidad<\/li>\n<li style=\"font-weight: 400;\" aria-level=\"1\">Puntas de agleta doradas en relieve<\/li>\n<li style=\"font-weight: 400;\" aria-level=\"1\">Fabricado para durar 3 veces m\u00e1s que otras marcas<\/li>\n<li style=\"font-weight: 400;\" aria-level=\"1\">Todos los colores del arco iris<\/li>\n<li style=\"font-weight: 400;\" aria-level=\"1\">Embalaje sellado e impactante<\/li>\n<li style=\"font-weight: 400;\" aria-level=\"1\">Disponibles en varias longitudes<\/li>\n<\/ul>\n","protected":false},"featured_media":70977,"comment_status":"open","ping_status":"closed","template":"","meta":{"_acf_changed":false},"product_brand":[],"product_cat":[1326,886,1079,1455,1329,1172,1465,1458,1561,1592,1166,995,1153,887,999,1332,1464,877],"product_tag":[894,899,1009,896,1008,1006,895,893],"woo-feed-brand":[],"class_list":{"0":"post-70969","1":"product","2":"type-product","3":"status-publish","4":"has-post-thumbnail","6":"product_cat-cordones-asics-personaliza-tu-calzado","7":"product_cat-cordones-de-36-pulgadas","8":"product_cat-cordones-de-algodon-de-primera-calidad-que-superan-a-otras-marcas-en-todos-los-sentidos","9":"product_cat-cordones-de-cinta-un-cambio-de-juego-en-la-moda-del-calzado","10":"product_cat-cordones-de-colores-de-moda-para-zapatillas-deportivas","11":"product_cat-cordones-de-colores-para-las-zapatillas-converse-que-son-fabulosos-y-vuelan","12":"product_cat-cordones-de-patinaje-artistico-el-heroe-anonimo-sobre-hielo","13":"product_cat-cordones-de-zapatos-on-cloud-elevando-el-calzado-cordon-a-cordon","14":"product_cat-cordones-kandi-el-ultimo-toque-de-estilo","15":"product_cat-cordones-para-botas-de-snowboard-un-paso-adelante-en-tu-juego-de-montar","16":"product_cat-cordones-para-zapatillas-skechers-de-alto-nivel-que-anaden-intriga-valor-y-comodidad","17":"product_cat-cordones-premier-doc-marten-renueva-tus-zapatos","18":"product_cat-cordones-punta-de-oro","19":"product_cat-cordones-tie-dye-un-giro-divertido-al-calzado-clasico","20":"product_cat-elige-entre-nuestra-coleccion-de-cordones-de-colores-de-alta-calidad","21":"product_cat-los-asombrosos-cierres-de-cordones-de-las-jordan-5-hacen-que-atarse-las-zapatillas-sea-algo-obsoleto","22":"product_cat-por-que-los-cordones-para-correr-son-mas-importantes-de-lo-que-crees","23":"product_cat-todos-los-cordones","24":"product_tag-cordones","25":"product_tag-cordones-punta-de-oro","26":"product_tag-encerado","27":"product_tag-negro","28":"product_tag-plano","29":"product_tag-plano-encerado","30":"product_tag-punta-metalica","31":"product_tag-rey-del-bucle","33":"first","34":"instock","35":"taxable","36":"shipping-taxable","37":"purchasable","38":"product-type-variable"},"acf":[],"yoast_head":"<!-- This site is optimized with the Yoast SEO plugin v27.4 - https:\/\/yoast.com\/product\/yoast-seo-wordpress\/ -->\n<title>Cordones arco iris para dar color y emoci\u00f3n a tus zapatos<\/title>\n<meta name=\"description\" content=\"\u00bfTu calzado es aburrido? Entonces tienes que animarlos con estos llamativos cordones arco iris con materiales de primera calidad y puntas doradas.\" \/>\n<meta name=\"robots\" content=\"index, follow, max-snippet:-1, max-image-preview:large, max-video-preview:-1\" \/>\n<link rel=\"canonical\" href=\"https:\/\/www.loopkinglaces.com\/es\/products\/cordones-arco-iris-vibrantes-para-dar-vida-a-tu-calzado\/\" \/>\n<meta property=\"og:locale\" content=\"es_ES\" \/>\n<meta property=\"og:type\" content=\"article\" \/>\n<meta property=\"og:title\" content=\"Cordones arco iris para dar color y emoci\u00f3n a tus zapatos\" \/>\n<meta property=\"og:description\" content=\"\u00bfTu calzado es aburrido? Entonces tienes que animarlos con estos llamativos cordones arco iris con materiales de primera calidad y puntas doradas.\" \/>\n<meta property=\"og:url\" content=\"https:\/\/www.loopkinglaces.com\/es\/products\/cordones-arco-iris-vibrantes-para-dar-vida-a-tu-calzado\/\" \/>\n<meta property=\"og:site_name\" content=\"Luxury Gold Tip Shoelaces by Loop King Laces\" \/>\n<meta property=\"article:publisher\" content=\"https:\/\/www.facebook.com\/LoopKingLaces\/\" \/>\n<meta property=\"article:modified_time\" content=\"2024-10-03T20:46:27+00:00\" \/>\n<meta property=\"og:image\" content=\"https:\/\/www.loopkinglaces.com\/wp-content\/uploads\/IMG_2268.jpg\" \/>\n\t<meta property=\"og:image:width\" content=\"1600\" \/>\n\t<meta property=\"og:image:height\" content=\"1565\" \/>\n\t<meta property=\"og:image:type\" content=\"image\/jpeg\" \/>\n<meta name=\"twitter:card\" content=\"summary_large_image\" \/>\n<meta name=\"twitter:site\" content=\"@loopkinglaces\" \/>\n<meta name=\"twitter:label1\" content=\"Tiempo de lectura\" \/>\n\t<meta name=\"twitter:data1\" content=\"1 minuto\" \/>\n<script type=\"application\/ld+json\" class=\"yoast-schema-graph\">{\"@context\":\"https:\\\/\\\/schema.org\",\"@graph\":[{\"@type\":[\"WebPage\",\"ItemPage\"],\"@id\":\"https:\\\/\\\/www.loopkinglaces.com\\\/es\\\/products\\\/cordones-arco-iris-vibrantes-para-dar-vida-a-tu-calzado\\\/\",\"url\":\"https:\\\/\\\/www.loopkinglaces.com\\\/es\\\/products\\\/cordones-arco-iris-vibrantes-para-dar-vida-a-tu-calzado\\\/\",\"name\":\"Cordones arco iris para dar color y emoci\u00f3n a tus zapatos\",\"isPartOf\":{\"@id\":\"https:\\\/\\\/www.loopkinglaces.com\\\/es\\\/#website\"},\"primaryImageOfPage\":{\"@id\":\"https:\\\/\\\/www.loopkinglaces.com\\\/es\\\/products\\\/cordones-arco-iris-vibrantes-para-dar-vida-a-tu-calzado\\\/#primaryimage\"},\"image\":{\"@id\":\"https:\\\/\\\/www.loopkinglaces.com\\\/es\\\/products\\\/cordones-arco-iris-vibrantes-para-dar-vida-a-tu-calzado\\\/#primaryimage\"},\"thumbnailUrl\":\"https:\\\/\\\/www.loopkinglaces.com\\\/wp-content\\\/uploads\\\/IMG_2268.jpg\",\"datePublished\":\"2023-03-13T02:42:43+00:00\",\"dateModified\":\"2024-10-03T20:46:27+00:00\",\"description\":\"\u00bfTu calzado es aburrido? Entonces tienes que animarlos con estos llamativos cordones arco iris con materiales de primera calidad y puntas doradas.\",\"breadcrumb\":{\"@id\":\"https:\\\/\\\/www.loopkinglaces.com\\\/es\\\/products\\\/cordones-arco-iris-vibrantes-para-dar-vida-a-tu-calzado\\\/#breadcrumb\"},\"inLanguage\":\"es\",\"potentialAction\":[{\"@type\":\"ReadAction\",\"target\":[\"https:\\\/\\\/www.loopkinglaces.com\\\/es\\\/products\\\/cordones-arco-iris-vibrantes-para-dar-vida-a-tu-calzado\\\/\"]}]},{\"@type\":\"ImageObject\",\"inLanguage\":\"es\",\"@id\":\"https:\\\/\\\/www.loopkinglaces.com\\\/es\\\/products\\\/cordones-arco-iris-vibrantes-para-dar-vida-a-tu-calzado\\\/#primaryimage\",\"url\":\"https:\\\/\\\/www.loopkinglaces.com\\\/wp-content\\\/uploads\\\/IMG_2268.jpg\",\"contentUrl\":\"https:\\\/\\\/www.loopkinglaces.com\\\/wp-content\\\/uploads\\\/IMG_2268.jpg\",\"width\":1600,\"height\":1565},{\"@type\":\"BreadcrumbList\",\"@id\":\"https:\\\/\\\/www.loopkinglaces.com\\\/es\\\/products\\\/cordones-arco-iris-vibrantes-para-dar-vida-a-tu-calzado\\\/#breadcrumb\",\"itemListElement\":[{\"@type\":\"ListItem\",\"position\":1,\"name\":\"Home\",\"item\":\"https:\\\/\\\/www.loopkinglaces.com\\\/es\\\/\"},{\"@type\":\"ListItem\",\"position\":2,\"name\":\"COMPRAR LACAS\",\"item\":\"https:\\\/\\\/www.loopkinglaces.com\\\/es\\\/comprar-lacas\\\/\"},{\"@type\":\"ListItem\",\"position\":3,\"name\":\"Cordones arco iris vibrantes para dar vida a tu calzado\"}]},{\"@type\":\"WebSite\",\"@id\":\"https:\\\/\\\/www.loopkinglaces.com\\\/es\\\/#website\",\"url\":\"https:\\\/\\\/www.loopkinglaces.com\\\/es\\\/\",\"name\":\"Luxury Gold Tip Shoelaces by Loop King Laces\",\"description\":\"Rope Laces, Flat Waxed Laces and Leather Laces. All With Gold Tips.\",\"publisher\":{\"@id\":\"https:\\\/\\\/www.loopkinglaces.com\\\/es\\\/#organization\"},\"potentialAction\":[{\"@type\":\"SearchAction\",\"target\":{\"@type\":\"EntryPoint\",\"urlTemplate\":\"https:\\\/\\\/www.loopkinglaces.com\\\/es\\\/?s={search_term_string}\"},\"query-input\":{\"@type\":\"PropertyValueSpecification\",\"valueRequired\":true,\"valueName\":\"search_term_string\"}}],\"inLanguage\":\"es\"},{\"@type\":\"Organization\",\"@id\":\"https:\\\/\\\/www.loopkinglaces.com\\\/es\\\/#organization\",\"name\":\"Loop King Laces\",\"url\":\"https:\\\/\\\/www.loopkinglaces.com\\\/es\\\/\",\"logo\":{\"@type\":\"ImageObject\",\"inLanguage\":\"es\",\"@id\":\"https:\\\/\\\/www.loopkinglaces.com\\\/es\\\/#\\\/schema\\\/logo\\\/image\\\/\",\"url\":\"https:\\\/\\\/www.loopkinglaces.com\\\/wp-content\\\/uploads\\\/LOOP-KING-LACES.1.1-01-LOGO-HI-RES-OFFICIAL-1.png\",\"contentUrl\":\"https:\\\/\\\/www.loopkinglaces.com\\\/wp-content\\\/uploads\\\/LOOP-KING-LACES.1.1-01-LOGO-HI-RES-OFFICIAL-1.png\",\"width\":128,\"height\":91,\"caption\":\"Loop King Laces\"},\"image\":{\"@id\":\"https:\\\/\\\/www.loopkinglaces.com\\\/es\\\/#\\\/schema\\\/logo\\\/image\\\/\"},\"sameAs\":[\"https:\\\/\\\/www.facebook.com\\\/LoopKingLaces\\\/\",\"https:\\\/\\\/x.com\\\/loopkinglaces\",\"https:\\\/\\\/www.instagram.com\\\/loopkinglaces\\\/\"]}]}<\/script>\n<!-- \/ Yoast SEO plugin. -->","yoast_head_json":{"title":"Cordones arco iris para dar color y emoci\u00f3n a tus zapatos","description":"\u00bfTu calzado es aburrido? Entonces tienes que animarlos con estos llamativos cordones arco iris con materiales de primera calidad y puntas doradas.","robots":{"index":"index","follow":"follow","max-snippet":"max-snippet:-1","max-image-preview":"max-image-preview:large","max-video-preview":"max-video-preview:-1"},"canonical":"https:\/\/www.loopkinglaces.com\/es\/products\/cordones-arco-iris-vibrantes-para-dar-vida-a-tu-calzado\/","og_locale":"es_ES","og_type":"article","og_title":"Cordones arco iris para dar color y emoci\u00f3n a tus zapatos","og_description":"\u00bfTu calzado es aburrido? Entonces tienes que animarlos con estos llamativos cordones arco iris con materiales de primera calidad y puntas doradas.","og_url":"https:\/\/www.loopkinglaces.com\/es\/products\/cordones-arco-iris-vibrantes-para-dar-vida-a-tu-calzado\/","og_site_name":"Luxury Gold Tip Shoelaces by Loop King Laces","article_publisher":"https:\/\/www.facebook.com\/LoopKingLaces\/","article_modified_time":"2024-10-03T20:46:27+00:00","og_image":[{"width":1600,"height":1565,"url":"https:\/\/www.loopkinglaces.com\/wp-content\/uploads\/IMG_2268.jpg","type":"image\/jpeg"}],"twitter_card":"summary_large_image","twitter_site":"@loopkinglaces","twitter_misc":{"Tiempo de lectura":"1 minuto"},"schema":{"@context":"https:\/\/schema.org","@graph":[{"@type":["WebPage","ItemPage"],"@id":"https:\/\/www.loopkinglaces.com\/es\/products\/cordones-arco-iris-vibrantes-para-dar-vida-a-tu-calzado\/","url":"https:\/\/www.loopkinglaces.com\/es\/products\/cordones-arco-iris-vibrantes-para-dar-vida-a-tu-calzado\/","name":"Cordones arco iris para dar color y emoci\u00f3n a tus zapatos","isPartOf":{"@id":"https:\/\/www.loopkinglaces.com\/es\/#website"},"primaryImageOfPage":{"@id":"https:\/\/www.loopkinglaces.com\/es\/products\/cordones-arco-iris-vibrantes-para-dar-vida-a-tu-calzado\/#primaryimage"},"image":{"@id":"https:\/\/www.loopkinglaces.com\/es\/products\/cordones-arco-iris-vibrantes-para-dar-vida-a-tu-calzado\/#primaryimage"},"thumbnailUrl":"https:\/\/www.loopkinglaces.com\/wp-content\/uploads\/IMG_2268.jpg","datePublished":"2023-03-13T02:42:43+00:00","dateModified":"2024-10-03T20:46:27+00:00","description":"\u00bfTu calzado es aburrido? Entonces tienes que animarlos con estos llamativos cordones arco iris con materiales de primera calidad y puntas doradas.","breadcrumb":{"@id":"https:\/\/www.loopkinglaces.com\/es\/products\/cordones-arco-iris-vibrantes-para-dar-vida-a-tu-calzado\/#breadcrumb"},"inLanguage":"es","potentialAction":[{"@type":"ReadAction","target":["https:\/\/www.loopkinglaces.com\/es\/products\/cordones-arco-iris-vibrantes-para-dar-vida-a-tu-calzado\/"]}]},{"@type":"ImageObject","inLanguage":"es","@id":"https:\/\/www.loopkinglaces.com\/es\/products\/cordones-arco-iris-vibrantes-para-dar-vida-a-tu-calzado\/#primaryimage","url":"https:\/\/www.loopkinglaces.com\/wp-content\/uploads\/IMG_2268.jpg","contentUrl":"https:\/\/www.loopkinglaces.com\/wp-content\/uploads\/IMG_2268.jpg","width":1600,"height":1565},{"@type":"BreadcrumbList","@id":"https:\/\/www.loopkinglaces.com\/es\/products\/cordones-arco-iris-vibrantes-para-dar-vida-a-tu-calzado\/#breadcrumb","itemListElement":[{"@type":"ListItem","position":1,"name":"Home","item":"https:\/\/www.loopkinglaces.com\/es\/"},{"@type":"ListItem","position":2,"name":"COMPRAR LACAS","item":"https:\/\/www.loopkinglaces.com\/es\/comprar-lacas\/"},{"@type":"ListItem","position":3,"name":"Cordones arco iris vibrantes para dar vida a tu calzado"}]},{"@type":"WebSite","@id":"https:\/\/www.loopkinglaces.com\/es\/#website","url":"https:\/\/www.loopkinglaces.com\/es\/","name":"Luxury Gold Tip Shoelaces by Loop King Laces","description":"Rope Laces, Flat Waxed Laces and Leather Laces. All With Gold Tips.","publisher":{"@id":"https:\/\/www.loopkinglaces.com\/es\/#organization"},"potentialAction":[{"@type":"SearchAction","target":{"@type":"EntryPoint","urlTemplate":"https:\/\/www.loopkinglaces.com\/es\/?s={search_term_string}"},"query-input":{"@type":"PropertyValueSpecification","valueRequired":true,"valueName":"search_term_string"}}],"inLanguage":"es"},{"@type":"Organization","@id":"https:\/\/www.loopkinglaces.com\/es\/#organization","name":"Loop King Laces","url":"https:\/\/www.loopkinglaces.com\/es\/","logo":{"@type":"ImageObject","inLanguage":"es","@id":"https:\/\/www.loopkinglaces.com\/es\/#\/schema\/logo\/image\/","url":"https:\/\/www.loopkinglaces.com\/wp-content\/uploads\/LOOP-KING-LACES.1.1-01-LOGO-HI-RES-OFFICIAL-1.png","contentUrl":"https:\/\/www.loopkinglaces.com\/wp-content\/uploads\/LOOP-KING-LACES.1.1-01-LOGO-HI-RES-OFFICIAL-1.png","width":128,"height":91,"caption":"Loop King Laces"},"image":{"@id":"https:\/\/www.loopkinglaces.com\/es\/#\/schema\/logo\/image\/"},"sameAs":["https:\/\/www.facebook.com\/LoopKingLaces\/","https:\/\/x.com\/loopkinglaces","https:\/\/www.instagram.com\/loopkinglaces\/"]}]}},"_links":{"self":[{"href":"https:\/\/www.loopkinglaces.com\/es\/wp-json\/wp\/v2\/product\/70969","targetHints":{"allow":["GET"]}}],"collection":[{"href":"https:\/\/www.loopkinglaces.com\/es\/wp-json\/wp\/v2\/product"}],"about":[{"href":"https:\/\/www.loopkinglaces.com\/es\/wp-json\/wp\/v2\/types\/product"}],"replies":[{"embeddable":true,"href":"https:\/\/www.loopkinglaces.com\/es\/wp-json\/wp\/v2\/comments?post=70969"}],"wp:featuredmedia":[{"embeddable":true,"href":"https:\/\/www.loopkinglaces.com\/es\/wp-json\/wp\/v2\/media\/70977"}],"wp:attachment":[{"href":"https:\/\/www.loopkinglaces.com\/es\/wp-json\/wp\/v2\/media?parent=70969"}],"wp:term":[{"taxonomy":"product_brand","embeddable":true,"href":"https:\/\/www.loopkinglaces.com\/es\/wp-json\/wp\/v2\/product_brand?post=70969"},{"taxonomy":"product_cat","embeddable":true,"href":"https:\/\/www.loopkinglaces.com\/es\/wp-json\/wp\/v2\/product_cat?post=70969"},{"taxonomy":"product_tag","embeddable":true,"href":"https:\/\/www.loopkinglaces.com\/es\/wp-json\/wp\/v2\/product_tag?post=70969"},{"taxonomy":"woo-feed-brand","embeddable":true,"href":"https:\/\/www.loopkinglaces.com\/es\/wp-json\/wp\/v2\/woo-feed-brand?post=70969"}],"curies":[{"name":"wp","href":"https:\/\/api.w.org\/{rel}","templated":true}]}}