{"id":70938,"date":"2023-01-16T13:56:47","date_gmt":"2023-01-16T13:56:47","guid":{"rendered":"https:\/\/www.loopkinglaces.com\/products\/cordones-negros-sin-atar-para-botas-71-pulgadas\/"},"modified":"2024-10-03T20:46:25","modified_gmt":"2024-10-03T20:46:25","slug":"cordones-negros-sin-atar-para-botas-71-pulgadas","status":"publish","type":"product","link":"https:\/\/www.loopkinglaces.com\/es\/products\/cordones-negros-sin-atar-para-botas-71-pulgadas\/","title":{"rendered":"Cordones negros sin atar para botas &#8211; 71 pulgadas"},"content":{"rendered":"<p>\u00a1Olv\u00eddate de los molestos tropiezos con cordones sueltos durante tus aventuras al aire libre!<br \/>\nNuestros revolucionarios cordones para botas sin cordones est\u00e1n aqu\u00ed para mantenerte seguro y c\u00f3modo con su innovador mecanismo de cierre.<br \/>\nSe suben f\u00e1cilmente y se cierran (como una cremallera) para una seguridad ajustada: \u00a1as\u00ed de sencillo!<br \/>\nAdem\u00e1s, ofrecen una tensi\u00f3n el\u00e1stica ajustable para que nada te impida tomar las riendas de todas tus excursiones esta temporada.   <\/p>\n","protected":false},"excerpt":{"rendered":"<p><strong>Cordones para botas sin cordones Negro Marr\u00f3n<\/strong> \u00bfListo para enfrentarte a la naturaleza?<br \/>\nCon nuestros revolucionarios cordones para botas que no se atan, podr\u00e1s olvidarte de preocuparte por los cordones desatados y centrarte en tu viaje.<br \/>\nNuestro sistema de cordones cuenta con un mecanismo de bloqueo que los mantiene en su sitio como una cremallera invisible; adem\u00e1s, su elasticidad garantiza una comodidad personalizada sin posibilidad de tropezar.<br \/>\nDomina todas tus aventuras al aire libre con este calzado \u00fanico: \u00a1no dejes que unos cordones sueltos te arruinen otra excursi\u00f3n nunca m\u00e1s!     <\/p>\n<ul>\n<li>180 cm<\/li>\n<li>Materiales de primera calidad<\/li>\n<li>Dura <strong>3 veces m\u00e1s<\/strong> que otras marcas<\/li>\n<li>Embalaje Beautiful Loop King<\/li>\n<\/ul>\n","protected":false},"featured_media":70941,"comment_status":"open","ping_status":"closed","template":"","meta":{"_acf_changed":false},"product_brand":[],"product_cat":[1091,1690,1092,1090,1541,1188,1554,1413,1004,1542,1000,1198,892,877,1424],"product_tag":[894,899,1009,896,1008,1006,895,893],"woo-feed-brand":[],"class_list":{"0":"post-70938","1":"product","2":"type-product","3":"status-publish","4":"has-post-thumbnail","6":"product_cat-anclajes-para-cordones-no-mas-viajes-solo-trucos","7":"product_cat-aumenta-tu-estilo-con-cordones-bicolores","8":"product_cat-cordones-de-bota-de-72-pulgadas-para-dar-rienda-suelta-a-tu-estilo","9":"product_cat-cordones-en-espiral-el-heroe-anonimo-de-la-moda-del-calzado","10":"product_cat-cordones-hickies-mi-pequeno-secreto-para-mananas-sin-complicaciones","11":"product_cat-cordones-keen-dominar-el-arte-del-negro-y-el-gris","12":"product_cat-cordones-para-botas-sin-ataduras-que-ahorran-tiempo-y-tienen-un-elegante-sentido-del-estilo","13":"product_cat-cordones-premium-negros-y-amarillos-perfectos-para-cualquier-estilo","14":"product_cat-cordones-rapidos-como-poner-fin-a-los-viejos-habitos-de-atado","15":"product_cat-cordones-rapidos-la-revolucion-en-la-moda-del-calzado","16":"product_cat-cordones-sin-tiel-que-te-ahorran-tiempo-y-tienen-un-aspecto-increible","17":"product_cat-encontrar-la-pareja-perfecta-la-revolucion-de-los-cordones-de-72-pulgadas","18":"product_cat-hey-dude-los-cordones-sin-cordones-son-la-nueva-moda","19":"product_cat-todos-los-cordones","20":"product_cat-tienes-las-jordan-6-con-cordonesya-no-necesitas-atarte-los-zapatos","21":"product_tag-cordones","22":"product_tag-cordones-punta-de-oro","23":"product_tag-encerado","24":"product_tag-negro","25":"product_tag-plano","26":"product_tag-plano-encerado","27":"product_tag-punta-metalica","28":"product_tag-rey-del-bucle","30":"first","31":"instock","32":"taxable","33":"shipping-taxable","34":"purchasable","35":"product-type-variable"},"acf":[],"yoast_head":"<!-- This site is optimized with the Yoast SEO plugin v27.4 - https:\/\/yoast.com\/product\/yoast-seo-wordpress\/ -->\n<title>Cordones negros para botas - De Loop King<\/title>\n<meta name=\"description\" content=\"No te preocupes m\u00e1s por tropezar con los cordones. Sustituye los cordones de tus botas por estas alternativas negras sin cordones para un ajuste seguro que, adem\u00e1s, queda genial.\" \/>\n<meta name=\"robots\" content=\"index, follow, max-snippet:-1, max-image-preview:large, max-video-preview:-1\" \/>\n<link rel=\"canonical\" href=\"https:\/\/www.loopkinglaces.com\/es\/products\/cordones-negros-sin-atar-para-botas-71-pulgadas\/\" \/>\n<meta property=\"og:locale\" content=\"es_ES\" \/>\n<meta property=\"og:type\" content=\"article\" \/>\n<meta property=\"og:title\" content=\"Cordones negros para botas - De Loop King\" \/>\n<meta property=\"og:description\" content=\"No te preocupes m\u00e1s por tropezar con los cordones. Sustituye los cordones de tus botas por estas alternativas negras sin cordones para un ajuste seguro que, adem\u00e1s, queda genial.\" \/>\n<meta property=\"og:url\" content=\"https:\/\/www.loopkinglaces.com\/es\/products\/cordones-negros-sin-atar-para-botas-71-pulgadas\/\" \/>\n<meta property=\"og:site_name\" content=\"Luxury Gold Tip Shoelaces by Loop King Laces\" \/>\n<meta property=\"article:publisher\" content=\"https:\/\/www.facebook.com\/LoopKingLaces\/\" \/>\n<meta property=\"article:modified_time\" content=\"2024-10-03T20:46:25+00:00\" \/>\n<meta property=\"og:image\" content=\"https:\/\/www.loopkinglaces.com\/wp-content\/uploads\/1216A-133-scaled.jpg\" \/>\n\t<meta property=\"og:image:width\" content=\"1600\" \/>\n\t<meta property=\"og:image:height\" content=\"1067\" \/>\n\t<meta property=\"og:image:type\" content=\"image\/jpeg\" \/>\n<meta name=\"twitter:card\" content=\"summary_large_image\" \/>\n<meta name=\"twitter:site\" content=\"@loopkinglaces\" \/>\n<script type=\"application\/ld+json\" class=\"yoast-schema-graph\">{\"@context\":\"https:\\\/\\\/schema.org\",\"@graph\":[{\"@type\":[\"WebPage\",\"ItemPage\"],\"@id\":\"https:\\\/\\\/www.loopkinglaces.com\\\/es\\\/products\\\/cordones-negros-sin-atar-para-botas-71-pulgadas\\\/\",\"url\":\"https:\\\/\\\/www.loopkinglaces.com\\\/es\\\/products\\\/cordones-negros-sin-atar-para-botas-71-pulgadas\\\/\",\"name\":\"Cordones negros para botas - De Loop King\",\"isPartOf\":{\"@id\":\"https:\\\/\\\/www.loopkinglaces.com\\\/es\\\/#website\"},\"primaryImageOfPage\":{\"@id\":\"https:\\\/\\\/www.loopkinglaces.com\\\/es\\\/products\\\/cordones-negros-sin-atar-para-botas-71-pulgadas\\\/#primaryimage\"},\"image\":{\"@id\":\"https:\\\/\\\/www.loopkinglaces.com\\\/es\\\/products\\\/cordones-negros-sin-atar-para-botas-71-pulgadas\\\/#primaryimage\"},\"thumbnailUrl\":\"https:\\\/\\\/www.loopkinglaces.com\\\/wp-content\\\/uploads\\\/1216A-133-scaled.jpg\",\"datePublished\":\"2023-01-16T13:56:47+00:00\",\"dateModified\":\"2024-10-03T20:46:25+00:00\",\"description\":\"No te preocupes m\u00e1s por tropezar con los cordones. Sustituye los cordones de tus botas por estas alternativas negras sin cordones para un ajuste seguro que, adem\u00e1s, queda genial.\",\"breadcrumb\":{\"@id\":\"https:\\\/\\\/www.loopkinglaces.com\\\/es\\\/products\\\/cordones-negros-sin-atar-para-botas-71-pulgadas\\\/#breadcrumb\"},\"inLanguage\":\"es\",\"potentialAction\":[{\"@type\":\"ReadAction\",\"target\":[\"https:\\\/\\\/www.loopkinglaces.com\\\/es\\\/products\\\/cordones-negros-sin-atar-para-botas-71-pulgadas\\\/\"]}]},{\"@type\":\"ImageObject\",\"inLanguage\":\"es\",\"@id\":\"https:\\\/\\\/www.loopkinglaces.com\\\/es\\\/products\\\/cordones-negros-sin-atar-para-botas-71-pulgadas\\\/#primaryimage\",\"url\":\"https:\\\/\\\/www.loopkinglaces.com\\\/wp-content\\\/uploads\\\/1216A-133-scaled.jpg\",\"contentUrl\":\"https:\\\/\\\/www.loopkinglaces.com\\\/wp-content\\\/uploads\\\/1216A-133-scaled.jpg\",\"width\":1600,\"height\":1067},{\"@type\":\"BreadcrumbList\",\"@id\":\"https:\\\/\\\/www.loopkinglaces.com\\\/es\\\/products\\\/cordones-negros-sin-atar-para-botas-71-pulgadas\\\/#breadcrumb\",\"itemListElement\":[{\"@type\":\"ListItem\",\"position\":1,\"name\":\"Home\",\"item\":\"https:\\\/\\\/www.loopkinglaces.com\\\/es\\\/\"},{\"@type\":\"ListItem\",\"position\":2,\"name\":\"COMPRAR LACAS\",\"item\":\"https:\\\/\\\/www.loopkinglaces.com\\\/es\\\/comprar-lacas\\\/\"},{\"@type\":\"ListItem\",\"position\":3,\"name\":\"Cordones negros sin atar para botas &#8211; 71 pulgadas\"}]},{\"@type\":\"WebSite\",\"@id\":\"https:\\\/\\\/www.loopkinglaces.com\\\/es\\\/#website\",\"url\":\"https:\\\/\\\/www.loopkinglaces.com\\\/es\\\/\",\"name\":\"Luxury Gold Tip Shoelaces by Loop King Laces\",\"description\":\"Rope Laces, Flat Waxed Laces and Leather Laces. All With Gold Tips.\",\"publisher\":{\"@id\":\"https:\\\/\\\/www.loopkinglaces.com\\\/es\\\/#organization\"},\"potentialAction\":[{\"@type\":\"SearchAction\",\"target\":{\"@type\":\"EntryPoint\",\"urlTemplate\":\"https:\\\/\\\/www.loopkinglaces.com\\\/es\\\/?s={search_term_string}\"},\"query-input\":{\"@type\":\"PropertyValueSpecification\",\"valueRequired\":true,\"valueName\":\"search_term_string\"}}],\"inLanguage\":\"es\"},{\"@type\":\"Organization\",\"@id\":\"https:\\\/\\\/www.loopkinglaces.com\\\/es\\\/#organization\",\"name\":\"Loop King Laces\",\"url\":\"https:\\\/\\\/www.loopkinglaces.com\\\/es\\\/\",\"logo\":{\"@type\":\"ImageObject\",\"inLanguage\":\"es\",\"@id\":\"https:\\\/\\\/www.loopkinglaces.com\\\/es\\\/#\\\/schema\\\/logo\\\/image\\\/\",\"url\":\"https:\\\/\\\/www.loopkinglaces.com\\\/wp-content\\\/uploads\\\/LOOP-KING-LACES.1.1-01-LOGO-HI-RES-OFFICIAL-1.png\",\"contentUrl\":\"https:\\\/\\\/www.loopkinglaces.com\\\/wp-content\\\/uploads\\\/LOOP-KING-LACES.1.1-01-LOGO-HI-RES-OFFICIAL-1.png\",\"width\":128,\"height\":91,\"caption\":\"Loop King Laces\"},\"image\":{\"@id\":\"https:\\\/\\\/www.loopkinglaces.com\\\/es\\\/#\\\/schema\\\/logo\\\/image\\\/\"},\"sameAs\":[\"https:\\\/\\\/www.facebook.com\\\/LoopKingLaces\\\/\",\"https:\\\/\\\/x.com\\\/loopkinglaces\",\"https:\\\/\\\/www.instagram.com\\\/loopkinglaces\\\/\"]}]}<\/script>\n<!-- \/ Yoast SEO plugin. -->","yoast_head_json":{"title":"Cordones negros para botas - De Loop King","description":"No te preocupes m\u00e1s por tropezar con los cordones. Sustituye los cordones de tus botas por estas alternativas negras sin cordones para un ajuste seguro que, adem\u00e1s, queda genial.","robots":{"index":"index","follow":"follow","max-snippet":"max-snippet:-1","max-image-preview":"max-image-preview:large","max-video-preview":"max-video-preview:-1"},"canonical":"https:\/\/www.loopkinglaces.com\/es\/products\/cordones-negros-sin-atar-para-botas-71-pulgadas\/","og_locale":"es_ES","og_type":"article","og_title":"Cordones negros para botas - De Loop King","og_description":"No te preocupes m\u00e1s por tropezar con los cordones. Sustituye los cordones de tus botas por estas alternativas negras sin cordones para un ajuste seguro que, adem\u00e1s, queda genial.","og_url":"https:\/\/www.loopkinglaces.com\/es\/products\/cordones-negros-sin-atar-para-botas-71-pulgadas\/","og_site_name":"Luxury Gold Tip Shoelaces by Loop King Laces","article_publisher":"https:\/\/www.facebook.com\/LoopKingLaces\/","article_modified_time":"2024-10-03T20:46:25+00:00","og_image":[{"width":1600,"height":1067,"url":"https:\/\/www.loopkinglaces.com\/wp-content\/uploads\/1216A-133-scaled.jpg","type":"image\/jpeg"}],"twitter_card":"summary_large_image","twitter_site":"@loopkinglaces","schema":{"@context":"https:\/\/schema.org","@graph":[{"@type":["WebPage","ItemPage"],"@id":"https:\/\/www.loopkinglaces.com\/es\/products\/cordones-negros-sin-atar-para-botas-71-pulgadas\/","url":"https:\/\/www.loopkinglaces.com\/es\/products\/cordones-negros-sin-atar-para-botas-71-pulgadas\/","name":"Cordones negros para botas - De Loop King","isPartOf":{"@id":"https:\/\/www.loopkinglaces.com\/es\/#website"},"primaryImageOfPage":{"@id":"https:\/\/www.loopkinglaces.com\/es\/products\/cordones-negros-sin-atar-para-botas-71-pulgadas\/#primaryimage"},"image":{"@id":"https:\/\/www.loopkinglaces.com\/es\/products\/cordones-negros-sin-atar-para-botas-71-pulgadas\/#primaryimage"},"thumbnailUrl":"https:\/\/www.loopkinglaces.com\/wp-content\/uploads\/1216A-133-scaled.jpg","datePublished":"2023-01-16T13:56:47+00:00","dateModified":"2024-10-03T20:46:25+00:00","description":"No te preocupes m\u00e1s por tropezar con los cordones. Sustituye los cordones de tus botas por estas alternativas negras sin cordones para un ajuste seguro que, adem\u00e1s, queda genial.","breadcrumb":{"@id":"https:\/\/www.loopkinglaces.com\/es\/products\/cordones-negros-sin-atar-para-botas-71-pulgadas\/#breadcrumb"},"inLanguage":"es","potentialAction":[{"@type":"ReadAction","target":["https:\/\/www.loopkinglaces.com\/es\/products\/cordones-negros-sin-atar-para-botas-71-pulgadas\/"]}]},{"@type":"ImageObject","inLanguage":"es","@id":"https:\/\/www.loopkinglaces.com\/es\/products\/cordones-negros-sin-atar-para-botas-71-pulgadas\/#primaryimage","url":"https:\/\/www.loopkinglaces.com\/wp-content\/uploads\/1216A-133-scaled.jpg","contentUrl":"https:\/\/www.loopkinglaces.com\/wp-content\/uploads\/1216A-133-scaled.jpg","width":1600,"height":1067},{"@type":"BreadcrumbList","@id":"https:\/\/www.loopkinglaces.com\/es\/products\/cordones-negros-sin-atar-para-botas-71-pulgadas\/#breadcrumb","itemListElement":[{"@type":"ListItem","position":1,"name":"Home","item":"https:\/\/www.loopkinglaces.com\/es\/"},{"@type":"ListItem","position":2,"name":"COMPRAR LACAS","item":"https:\/\/www.loopkinglaces.com\/es\/comprar-lacas\/"},{"@type":"ListItem","position":3,"name":"Cordones negros sin atar para botas &#8211; 71 pulgadas"}]},{"@type":"WebSite","@id":"https:\/\/www.loopkinglaces.com\/es\/#website","url":"https:\/\/www.loopkinglaces.com\/es\/","name":"Luxury Gold Tip Shoelaces by Loop King Laces","description":"Rope Laces, Flat Waxed Laces and Leather Laces. All With Gold Tips.","publisher":{"@id":"https:\/\/www.loopkinglaces.com\/es\/#organization"},"potentialAction":[{"@type":"SearchAction","target":{"@type":"EntryPoint","urlTemplate":"https:\/\/www.loopkinglaces.com\/es\/?s={search_term_string}"},"query-input":{"@type":"PropertyValueSpecification","valueRequired":true,"valueName":"search_term_string"}}],"inLanguage":"es"},{"@type":"Organization","@id":"https:\/\/www.loopkinglaces.com\/es\/#organization","name":"Loop King Laces","url":"https:\/\/www.loopkinglaces.com\/es\/","logo":{"@type":"ImageObject","inLanguage":"es","@id":"https:\/\/www.loopkinglaces.com\/es\/#\/schema\/logo\/image\/","url":"https:\/\/www.loopkinglaces.com\/wp-content\/uploads\/LOOP-KING-LACES.1.1-01-LOGO-HI-RES-OFFICIAL-1.png","contentUrl":"https:\/\/www.loopkinglaces.com\/wp-content\/uploads\/LOOP-KING-LACES.1.1-01-LOGO-HI-RES-OFFICIAL-1.png","width":128,"height":91,"caption":"Loop King Laces"},"image":{"@id":"https:\/\/www.loopkinglaces.com\/es\/#\/schema\/logo\/image\/"},"sameAs":["https:\/\/www.facebook.com\/LoopKingLaces\/","https:\/\/x.com\/loopkinglaces","https:\/\/www.instagram.com\/loopkinglaces\/"]}]}},"_links":{"self":[{"href":"https:\/\/www.loopkinglaces.com\/es\/wp-json\/wp\/v2\/product\/70938","targetHints":{"allow":["GET"]}}],"collection":[{"href":"https:\/\/www.loopkinglaces.com\/es\/wp-json\/wp\/v2\/product"}],"about":[{"href":"https:\/\/www.loopkinglaces.com\/es\/wp-json\/wp\/v2\/types\/product"}],"replies":[{"embeddable":true,"href":"https:\/\/www.loopkinglaces.com\/es\/wp-json\/wp\/v2\/comments?post=70938"}],"wp:featuredmedia":[{"embeddable":true,"href":"https:\/\/www.loopkinglaces.com\/es\/wp-json\/wp\/v2\/media\/70941"}],"wp:attachment":[{"href":"https:\/\/www.loopkinglaces.com\/es\/wp-json\/wp\/v2\/media?parent=70938"}],"wp:term":[{"taxonomy":"product_brand","embeddable":true,"href":"https:\/\/www.loopkinglaces.com\/es\/wp-json\/wp\/v2\/product_brand?post=70938"},{"taxonomy":"product_cat","embeddable":true,"href":"https:\/\/www.loopkinglaces.com\/es\/wp-json\/wp\/v2\/product_cat?post=70938"},{"taxonomy":"product_tag","embeddable":true,"href":"https:\/\/www.loopkinglaces.com\/es\/wp-json\/wp\/v2\/product_tag?post=70938"},{"taxonomy":"woo-feed-brand","embeddable":true,"href":"https:\/\/www.loopkinglaces.com\/es\/wp-json\/wp\/v2\/woo-feed-brand?post=70938"}],"curies":[{"name":"wp","href":"https:\/\/api.w.org\/{rel}","templated":true}]}}