{"id":70888,"date":"2023-01-16T13:50:29","date_gmt":"2023-01-16T13:50:29","guid":{"rendered":"https:\/\/www.loopkinglaces.com\/products\/cordones-de-botas-sin-atar-marron-claro-71-pulgadas\/"},"modified":"2024-10-03T20:46:18","modified_gmt":"2024-10-03T20:46:18","slug":"cordones-de-botas-sin-atar-marron-claro-71-pulgadas","status":"publish","type":"product","link":"https:\/\/www.loopkinglaces.com\/es\/products\/cordones-de-botas-sin-atar-marron-claro-71-pulgadas\/","title":{"rendered":"Cordones de botas sin atar marr\u00f3n claro &#8211; 71 pulgadas"},"content":{"rendered":"<p>\u00a1No dejes que unos cordones desatados arruinen tu pr\u00f3xima excursi\u00f3n!<br \/>\nNuestros innovadores cordones para botas que no se atan incorporan un mecanismo de bloqueo que los mantendr\u00e1 firmemente en su sitio durante todo el viaje.<br \/>\nYa no tendr\u00e1s que preocuparte de parar para volver a atarlos: basta con tirar hacia arriba y bloquearlos (como una cremallera) para que queden bien sujetos, y luego soltarlos cuando llegues a casa.<br \/>\nAdem\u00e1s, su elasticidad te permite una tensi\u00f3n personalizada para que sean lo m\u00e1s c\u00f3modos posible sin posibilidad de tropezar con cordones sueltos.<br \/>\nToma el control en todas tus aventuras al aire libre con nuestros revolucionarios cordones para botas sin cordones.    <\/p>\n","protected":false},"excerpt":{"rendered":"<p><strong>Cordones de bota sin cordones marr\u00f3n claro<\/strong> \u00bfEst\u00e1s cansado de parar constantemente en el sendero para volver a atarte las botas de monta\u00f1a?<br \/>\nAcaba con la lucha con los cordones y prueba nuestros innovadores cordones para botas sin ataduras.<br \/>\nNuestro exclusivo mecanismo de cierre mantiene el calzado bien sujeto, \u00a1como una cremallera!<br \/>\nNo vuelvas a preocuparte por tropezar con los cordones desatados: estos cordones el\u00e1sticos son ajustables para una tensi\u00f3n perfecta en todo momento.<br \/>\n\u00a1Disfruta de una estabilidad sin esfuerzo mientras exploras los senderos de la naturaleza con confianza!      <\/p>\n<ul>\n<li>180 cm<\/li>\n<li>Materiales de primera calidad<\/li>\n<li>Dura <strong>3 veces m\u00e1s<\/strong> que otras marcas<\/li>\n<li>Embalaje Beautiful Loop King<\/li>\n<\/ul>\n","protected":false},"featured_media":70893,"comment_status":"open","ping_status":"closed","template":"","meta":{"_acf_changed":false},"product_brand":[],"product_cat":[1091,1092,1151,1090,1194,1541,1687,1554,1004,1542,1000,1461,892,1089,877,1424],"product_tag":[894,899,1009,896,1008,1006,895,893],"woo-feed-brand":[],"class_list":{"0":"post-70888","1":"product","2":"type-product","3":"status-publish","4":"has-post-thumbnail","6":"product_cat-anclajes-para-cordones-no-mas-viajes-solo-trucos","7":"product_cat-cordones-de-bota-de-72-pulgadas-para-dar-rienda-suelta-a-tu-estilo","8":"product_cat-cordones-de-zapatos-marrones-para-realzar-tu-estilo","9":"product_cat-cordones-en-espiral-el-heroe-anonimo-de-la-moda-del-calzado","10":"product_cat-cordones-extralargos-mas-que-una-tendencia-un-estilo-de-vida","11":"product_cat-cordones-hickies-mi-pequeno-secreto-para-mananas-sin-complicaciones","12":"product_cat-cordones-militares-atate-los-cordones-como-un-profesional","13":"product_cat-cordones-para-botas-sin-ataduras-que-ahorran-tiempo-y-tienen-un-elegante-sentido-del-estilo","14":"product_cat-cordones-rapidos-como-poner-fin-a-los-viejos-habitos-de-atado","15":"product_cat-cordones-rapidos-la-revolucion-en-la-moda-del-calzado","16":"product_cat-cordones-sin-tiel-que-te-ahorran-tiempo-y-tienen-un-aspecto-increible","17":"product_cat-cordones-sorel-algo-mas-que-un-cordon-para-tu-suela","18":"product_cat-hey-dude-los-cordones-sin-cordones-son-la-nueva-moda","19":"product_cat-la-magia-de-los-cordones-salomon-y-los-cordones-de-repuesto-sin-ataduras-loop-king","20":"product_cat-todos-los-cordones","21":"product_cat-tienes-las-jordan-6-con-cordonesya-no-necesitas-atarte-los-zapatos","22":"product_tag-cordones","23":"product_tag-cordones-punta-de-oro","24":"product_tag-encerado","25":"product_tag-negro","26":"product_tag-plano","27":"product_tag-plano-encerado","28":"product_tag-punta-metalica","29":"product_tag-rey-del-bucle","31":"first","32":"instock","33":"taxable","34":"shipping-taxable","35":"product-type-variable"},"acf":[],"yoast_head":"<!-- This site is optimized with the Yoast SEO plugin v27.4 - https:\/\/yoast.com\/product\/yoast-seo-wordpress\/ -->\n<title>Cordones de bota sin lazo marr\u00f3n claro - De Loop King<\/title>\n<meta name=\"description\" content=\"Ya no tendr\u00e1s que anudar dos veces los cordones, ni preocuparte por tropiezos y ca\u00eddas; estos Cordones de Bota Sin Atadura Marr\u00f3n Claro proporcionan un ajuste seguro que queda genial.\" \/>\n<meta name=\"robots\" content=\"index, follow, max-snippet:-1, max-image-preview:large, max-video-preview:-1\" \/>\n<link rel=\"canonical\" href=\"https:\/\/www.loopkinglaces.com\/es\/products\/cordones-de-botas-sin-atar-marron-claro-71-pulgadas\/\" \/>\n<meta property=\"og:locale\" content=\"es_ES\" \/>\n<meta property=\"og:type\" content=\"article\" \/>\n<meta property=\"og:title\" content=\"Cordones de bota sin lazo marr\u00f3n claro - De Loop King\" \/>\n<meta property=\"og:description\" content=\"Ya no tendr\u00e1s que anudar dos veces los cordones, ni preocuparte por tropiezos y ca\u00eddas; estos Cordones de Bota Sin Atadura Marr\u00f3n Claro proporcionan un ajuste seguro que queda genial.\" \/>\n<meta property=\"og:url\" content=\"https:\/\/www.loopkinglaces.com\/es\/products\/cordones-de-botas-sin-atar-marron-claro-71-pulgadas\/\" \/>\n<meta property=\"og:site_name\" content=\"Luxury Gold Tip Shoelaces by Loop King Laces\" \/>\n<meta property=\"article:publisher\" content=\"https:\/\/www.facebook.com\/LoopKingLaces\/\" \/>\n<meta property=\"article:modified_time\" content=\"2024-10-03T20:46:18+00:00\" \/>\n<meta property=\"og:image\" content=\"https:\/\/www.loopkinglaces.com\/wp-content\/uploads\/1216A-128-scaled.jpg\" \/>\n\t<meta property=\"og:image:width\" content=\"1600\" \/>\n\t<meta property=\"og:image:height\" content=\"1067\" \/>\n\t<meta property=\"og:image:type\" content=\"image\/jpeg\" \/>\n<meta name=\"twitter:card\" content=\"summary_large_image\" \/>\n<meta name=\"twitter:site\" content=\"@loopkinglaces\" \/>\n<meta name=\"twitter:label1\" content=\"Tiempo de lectura\" \/>\n\t<meta name=\"twitter:data1\" content=\"1 minuto\" \/>\n<script type=\"application\/ld+json\" class=\"yoast-schema-graph\">{\"@context\":\"https:\\\/\\\/schema.org\",\"@graph\":[{\"@type\":[\"WebPage\",\"ItemPage\"],\"@id\":\"https:\\\/\\\/www.loopkinglaces.com\\\/es\\\/products\\\/cordones-de-botas-sin-atar-marron-claro-71-pulgadas\\\/\",\"url\":\"https:\\\/\\\/www.loopkinglaces.com\\\/es\\\/products\\\/cordones-de-botas-sin-atar-marron-claro-71-pulgadas\\\/\",\"name\":\"Cordones de bota sin lazo marr\u00f3n claro - De Loop King\",\"isPartOf\":{\"@id\":\"https:\\\/\\\/www.loopkinglaces.com\\\/es\\\/#website\"},\"primaryImageOfPage\":{\"@id\":\"https:\\\/\\\/www.loopkinglaces.com\\\/es\\\/products\\\/cordones-de-botas-sin-atar-marron-claro-71-pulgadas\\\/#primaryimage\"},\"image\":{\"@id\":\"https:\\\/\\\/www.loopkinglaces.com\\\/es\\\/products\\\/cordones-de-botas-sin-atar-marron-claro-71-pulgadas\\\/#primaryimage\"},\"thumbnailUrl\":\"https:\\\/\\\/www.loopkinglaces.com\\\/wp-content\\\/uploads\\\/1216A-128-scaled.jpg\",\"datePublished\":\"2023-01-16T13:50:29+00:00\",\"dateModified\":\"2024-10-03T20:46:18+00:00\",\"description\":\"Ya no tendr\u00e1s que anudar dos veces los cordones, ni preocuparte por tropiezos y ca\u00eddas; estos Cordones de Bota Sin Atadura Marr\u00f3n Claro proporcionan un ajuste seguro que queda genial.\",\"breadcrumb\":{\"@id\":\"https:\\\/\\\/www.loopkinglaces.com\\\/es\\\/products\\\/cordones-de-botas-sin-atar-marron-claro-71-pulgadas\\\/#breadcrumb\"},\"inLanguage\":\"es\",\"potentialAction\":[{\"@type\":\"ReadAction\",\"target\":[\"https:\\\/\\\/www.loopkinglaces.com\\\/es\\\/products\\\/cordones-de-botas-sin-atar-marron-claro-71-pulgadas\\\/\"]}]},{\"@type\":\"ImageObject\",\"inLanguage\":\"es\",\"@id\":\"https:\\\/\\\/www.loopkinglaces.com\\\/es\\\/products\\\/cordones-de-botas-sin-atar-marron-claro-71-pulgadas\\\/#primaryimage\",\"url\":\"https:\\\/\\\/www.loopkinglaces.com\\\/wp-content\\\/uploads\\\/1216A-128-scaled.jpg\",\"contentUrl\":\"https:\\\/\\\/www.loopkinglaces.com\\\/wp-content\\\/uploads\\\/1216A-128-scaled.jpg\",\"width\":1600,\"height\":1067},{\"@type\":\"BreadcrumbList\",\"@id\":\"https:\\\/\\\/www.loopkinglaces.com\\\/es\\\/products\\\/cordones-de-botas-sin-atar-marron-claro-71-pulgadas\\\/#breadcrumb\",\"itemListElement\":[{\"@type\":\"ListItem\",\"position\":1,\"name\":\"Home\",\"item\":\"https:\\\/\\\/www.loopkinglaces.com\\\/es\\\/\"},{\"@type\":\"ListItem\",\"position\":2,\"name\":\"COMPRAR LACAS\",\"item\":\"https:\\\/\\\/www.loopkinglaces.com\\\/es\\\/comprar-lacas\\\/\"},{\"@type\":\"ListItem\",\"position\":3,\"name\":\"Cordones de botas sin atar marr\u00f3n claro &#8211; 71 pulgadas\"}]},{\"@type\":\"WebSite\",\"@id\":\"https:\\\/\\\/www.loopkinglaces.com\\\/es\\\/#website\",\"url\":\"https:\\\/\\\/www.loopkinglaces.com\\\/es\\\/\",\"name\":\"Luxury Gold Tip Shoelaces by Loop King Laces\",\"description\":\"Rope Laces, Flat Waxed Laces and Leather Laces. All With Gold Tips.\",\"publisher\":{\"@id\":\"https:\\\/\\\/www.loopkinglaces.com\\\/es\\\/#organization\"},\"potentialAction\":[{\"@type\":\"SearchAction\",\"target\":{\"@type\":\"EntryPoint\",\"urlTemplate\":\"https:\\\/\\\/www.loopkinglaces.com\\\/es\\\/?s={search_term_string}\"},\"query-input\":{\"@type\":\"PropertyValueSpecification\",\"valueRequired\":true,\"valueName\":\"search_term_string\"}}],\"inLanguage\":\"es\"},{\"@type\":\"Organization\",\"@id\":\"https:\\\/\\\/www.loopkinglaces.com\\\/es\\\/#organization\",\"name\":\"Loop King Laces\",\"url\":\"https:\\\/\\\/www.loopkinglaces.com\\\/es\\\/\",\"logo\":{\"@type\":\"ImageObject\",\"inLanguage\":\"es\",\"@id\":\"https:\\\/\\\/www.loopkinglaces.com\\\/es\\\/#\\\/schema\\\/logo\\\/image\\\/\",\"url\":\"https:\\\/\\\/www.loopkinglaces.com\\\/wp-content\\\/uploads\\\/LOOP-KING-LACES.1.1-01-LOGO-HI-RES-OFFICIAL-1.png\",\"contentUrl\":\"https:\\\/\\\/www.loopkinglaces.com\\\/wp-content\\\/uploads\\\/LOOP-KING-LACES.1.1-01-LOGO-HI-RES-OFFICIAL-1.png\",\"width\":128,\"height\":91,\"caption\":\"Loop King Laces\"},\"image\":{\"@id\":\"https:\\\/\\\/www.loopkinglaces.com\\\/es\\\/#\\\/schema\\\/logo\\\/image\\\/\"},\"sameAs\":[\"https:\\\/\\\/www.facebook.com\\\/LoopKingLaces\\\/\",\"https:\\\/\\\/x.com\\\/loopkinglaces\",\"https:\\\/\\\/www.instagram.com\\\/loopkinglaces\\\/\"]}]}<\/script>\n<!-- \/ Yoast SEO plugin. -->","yoast_head_json":{"title":"Cordones de bota sin lazo marr\u00f3n claro - De Loop King","description":"Ya no tendr\u00e1s que anudar dos veces los cordones, ni preocuparte por tropiezos y ca\u00eddas; estos Cordones de Bota Sin Atadura Marr\u00f3n Claro proporcionan un ajuste seguro que queda genial.","robots":{"index":"index","follow":"follow","max-snippet":"max-snippet:-1","max-image-preview":"max-image-preview:large","max-video-preview":"max-video-preview:-1"},"canonical":"https:\/\/www.loopkinglaces.com\/es\/products\/cordones-de-botas-sin-atar-marron-claro-71-pulgadas\/","og_locale":"es_ES","og_type":"article","og_title":"Cordones de bota sin lazo marr\u00f3n claro - De Loop King","og_description":"Ya no tendr\u00e1s que anudar dos veces los cordones, ni preocuparte por tropiezos y ca\u00eddas; estos Cordones de Bota Sin Atadura Marr\u00f3n Claro proporcionan un ajuste seguro que queda genial.","og_url":"https:\/\/www.loopkinglaces.com\/es\/products\/cordones-de-botas-sin-atar-marron-claro-71-pulgadas\/","og_site_name":"Luxury Gold Tip Shoelaces by Loop King Laces","article_publisher":"https:\/\/www.facebook.com\/LoopKingLaces\/","article_modified_time":"2024-10-03T20:46:18+00:00","og_image":[{"width":1600,"height":1067,"url":"https:\/\/www.loopkinglaces.com\/wp-content\/uploads\/1216A-128-scaled.jpg","type":"image\/jpeg"}],"twitter_card":"summary_large_image","twitter_site":"@loopkinglaces","twitter_misc":{"Tiempo de lectura":"1 minuto"},"schema":{"@context":"https:\/\/schema.org","@graph":[{"@type":["WebPage","ItemPage"],"@id":"https:\/\/www.loopkinglaces.com\/es\/products\/cordones-de-botas-sin-atar-marron-claro-71-pulgadas\/","url":"https:\/\/www.loopkinglaces.com\/es\/products\/cordones-de-botas-sin-atar-marron-claro-71-pulgadas\/","name":"Cordones de bota sin lazo marr\u00f3n claro - De Loop King","isPartOf":{"@id":"https:\/\/www.loopkinglaces.com\/es\/#website"},"primaryImageOfPage":{"@id":"https:\/\/www.loopkinglaces.com\/es\/products\/cordones-de-botas-sin-atar-marron-claro-71-pulgadas\/#primaryimage"},"image":{"@id":"https:\/\/www.loopkinglaces.com\/es\/products\/cordones-de-botas-sin-atar-marron-claro-71-pulgadas\/#primaryimage"},"thumbnailUrl":"https:\/\/www.loopkinglaces.com\/wp-content\/uploads\/1216A-128-scaled.jpg","datePublished":"2023-01-16T13:50:29+00:00","dateModified":"2024-10-03T20:46:18+00:00","description":"Ya no tendr\u00e1s que anudar dos veces los cordones, ni preocuparte por tropiezos y ca\u00eddas; estos Cordones de Bota Sin Atadura Marr\u00f3n Claro proporcionan un ajuste seguro que queda genial.","breadcrumb":{"@id":"https:\/\/www.loopkinglaces.com\/es\/products\/cordones-de-botas-sin-atar-marron-claro-71-pulgadas\/#breadcrumb"},"inLanguage":"es","potentialAction":[{"@type":"ReadAction","target":["https:\/\/www.loopkinglaces.com\/es\/products\/cordones-de-botas-sin-atar-marron-claro-71-pulgadas\/"]}]},{"@type":"ImageObject","inLanguage":"es","@id":"https:\/\/www.loopkinglaces.com\/es\/products\/cordones-de-botas-sin-atar-marron-claro-71-pulgadas\/#primaryimage","url":"https:\/\/www.loopkinglaces.com\/wp-content\/uploads\/1216A-128-scaled.jpg","contentUrl":"https:\/\/www.loopkinglaces.com\/wp-content\/uploads\/1216A-128-scaled.jpg","width":1600,"height":1067},{"@type":"BreadcrumbList","@id":"https:\/\/www.loopkinglaces.com\/es\/products\/cordones-de-botas-sin-atar-marron-claro-71-pulgadas\/#breadcrumb","itemListElement":[{"@type":"ListItem","position":1,"name":"Home","item":"https:\/\/www.loopkinglaces.com\/es\/"},{"@type":"ListItem","position":2,"name":"COMPRAR LACAS","item":"https:\/\/www.loopkinglaces.com\/es\/comprar-lacas\/"},{"@type":"ListItem","position":3,"name":"Cordones de botas sin atar marr\u00f3n claro &#8211; 71 pulgadas"}]},{"@type":"WebSite","@id":"https:\/\/www.loopkinglaces.com\/es\/#website","url":"https:\/\/www.loopkinglaces.com\/es\/","name":"Luxury Gold Tip Shoelaces by Loop King Laces","description":"Rope Laces, Flat Waxed Laces and Leather Laces. All With Gold Tips.","publisher":{"@id":"https:\/\/www.loopkinglaces.com\/es\/#organization"},"potentialAction":[{"@type":"SearchAction","target":{"@type":"EntryPoint","urlTemplate":"https:\/\/www.loopkinglaces.com\/es\/?s={search_term_string}"},"query-input":{"@type":"PropertyValueSpecification","valueRequired":true,"valueName":"search_term_string"}}],"inLanguage":"es"},{"@type":"Organization","@id":"https:\/\/www.loopkinglaces.com\/es\/#organization","name":"Loop King Laces","url":"https:\/\/www.loopkinglaces.com\/es\/","logo":{"@type":"ImageObject","inLanguage":"es","@id":"https:\/\/www.loopkinglaces.com\/es\/#\/schema\/logo\/image\/","url":"https:\/\/www.loopkinglaces.com\/wp-content\/uploads\/LOOP-KING-LACES.1.1-01-LOGO-HI-RES-OFFICIAL-1.png","contentUrl":"https:\/\/www.loopkinglaces.com\/wp-content\/uploads\/LOOP-KING-LACES.1.1-01-LOGO-HI-RES-OFFICIAL-1.png","width":128,"height":91,"caption":"Loop King Laces"},"image":{"@id":"https:\/\/www.loopkinglaces.com\/es\/#\/schema\/logo\/image\/"},"sameAs":["https:\/\/www.facebook.com\/LoopKingLaces\/","https:\/\/x.com\/loopkinglaces","https:\/\/www.instagram.com\/loopkinglaces\/"]}]}},"_links":{"self":[{"href":"https:\/\/www.loopkinglaces.com\/es\/wp-json\/wp\/v2\/product\/70888","targetHints":{"allow":["GET"]}}],"collection":[{"href":"https:\/\/www.loopkinglaces.com\/es\/wp-json\/wp\/v2\/product"}],"about":[{"href":"https:\/\/www.loopkinglaces.com\/es\/wp-json\/wp\/v2\/types\/product"}],"replies":[{"embeddable":true,"href":"https:\/\/www.loopkinglaces.com\/es\/wp-json\/wp\/v2\/comments?post=70888"}],"wp:featuredmedia":[{"embeddable":true,"href":"https:\/\/www.loopkinglaces.com\/es\/wp-json\/wp\/v2\/media\/70893"}],"wp:attachment":[{"href":"https:\/\/www.loopkinglaces.com\/es\/wp-json\/wp\/v2\/media?parent=70888"}],"wp:term":[{"taxonomy":"product_brand","embeddable":true,"href":"https:\/\/www.loopkinglaces.com\/es\/wp-json\/wp\/v2\/product_brand?post=70888"},{"taxonomy":"product_cat","embeddable":true,"href":"https:\/\/www.loopkinglaces.com\/es\/wp-json\/wp\/v2\/product_cat?post=70888"},{"taxonomy":"product_tag","embeddable":true,"href":"https:\/\/www.loopkinglaces.com\/es\/wp-json\/wp\/v2\/product_tag?post=70888"},{"taxonomy":"woo-feed-brand","embeddable":true,"href":"https:\/\/www.loopkinglaces.com\/es\/wp-json\/wp\/v2\/woo-feed-brand?post=70888"}],"curies":[{"name":"wp","href":"https:\/\/api.w.org\/{rel}","templated":true}]}}