{"id":70870,"date":"2023-01-16T13:00:08","date_gmt":"2023-01-16T13:00:08","guid":{"rendered":"https:\/\/www.loopkinglaces.com\/products\/cordones-de-botas-sin-atar-verde-militar-71-pulgadas\/"},"modified":"2024-10-03T20:46:07","modified_gmt":"2024-10-03T20:46:07","slug":"cordones-de-botas-sin-atar-verde-militar-71-pulgadas","status":"publish","type":"product","link":"https:\/\/www.loopkinglaces.com\/es\/products\/cordones-de-botas-sin-atar-verde-militar-71-pulgadas\/","title":{"rendered":"Cordones de botas sin atar verde militar &#8211; 71 pulgadas"},"content":{"rendered":"<p>\u00a1No dejes que unos cordones desatados arruinen tu pr\u00f3xima aventura de senderismo!<br \/>\nNuestros revolucionarios cordones para botas sin cordones ofrecen una soluci\u00f3n infalible para el calzado suelto.<br \/>\nCon un sencillo sistema de bloqueo y liberaci\u00f3n, puedes estar seguro de que tus pies estar\u00e1n ajustados y seguros durante todo el viaje, \u00a1exactamente como deben estar!<br \/>\nNo vuelvas a preocuparte por detenerte en el camino: estos cordones innovadores eliminan cualquier posibilidad de accidentes o tropiezos desordenados causados por los cordones tradicionales.<br \/>\nConf\u00eda en nosotros cuando se trate de asegurarte la tranquilidad mientras exploras las maravillas de la naturaleza con nuestro mecanismo de cierre seguro, flexible y fiable para todo tipo de calzado.    <\/p>\n","protected":false},"excerpt":{"rendered":"<p><strong>Cordones para botas sin cordones verde militar<\/strong> \u00bfEst\u00e1s harto de que tus botas de monta\u00f1a se desaten a mitad de camino?<br \/>\nNuestros cordones para botas sin cordones ofrecen una soluci\u00f3n revolucionaria para sujetarlas de forma segura y definitiva.<br \/>\nA diferencia de los cordones tradicionales, estos innovadores sistemas de cordones incorporan un mecanismo de cierre que funciona de forma muy parecida a las cremalleras: s\u00f3lo tienes que tirar de \u00e9l hacia arriba o hacia abajo para ajustar la tensi\u00f3n y sentirte seguro sabiendo que cada parte de tu viaje est\u00e1 desatada.<br \/>\nCon un sencillo proceso de instalaci\u00f3n, nunca m\u00e1s tendr\u00e1s que preocuparte por detenerte en el sendero debido a unos cordones enganchados.<br \/>\nEs hora de que no se aten: explora nuestra selecci\u00f3n hoy mismo.      <\/p>\n<ul>\n<li>180 cm<\/li>\n<li>Materiales de primera calidad<\/li>\n<li>Dura <strong>3 veces m\u00e1s<\/strong> que otras marcas<\/li>\n<li>Embalaje Beautiful Loop King<\/li>\n<\/ul>\n","protected":false},"featured_media":70874,"comment_status":"open","ping_status":"closed","template":"","meta":{"_acf_changed":false},"product_brand":[],"product_cat":[1091,1092,1090,1194,1541,1192,1554,1004,1542,1000,1272,1198,1196,892,1089,877,1424],"product_tag":[894,899,1009,896,1008,1006,895,893],"woo-feed-brand":[],"class_list":{"0":"post-70870","1":"product","2":"type-product","3":"status-publish","4":"has-post-thumbnail","6":"product_cat-anclajes-para-cordones-no-mas-viajes-solo-trucos","7":"product_cat-cordones-de-bota-de-72-pulgadas-para-dar-rienda-suelta-a-tu-estilo","8":"product_cat-cordones-en-espiral-el-heroe-anonimo-de-la-moda-del-calzado","9":"product_cat-cordones-extralargos-mas-que-una-tendencia-un-estilo-de-vida","10":"product_cat-cordones-hickies-mi-pequeno-secreto-para-mananas-sin-complicaciones","11":"product_cat-cordones-largos-por-que-importa-la-longitud","12":"product_cat-cordones-para-botas-sin-ataduras-que-ahorran-tiempo-y-tienen-un-elegante-sentido-del-estilo","13":"product_cat-cordones-rapidos-como-poner-fin-a-los-viejos-habitos-de-atado","14":"product_cat-cordones-rapidos-la-revolucion-en-la-moda-del-calzado","15":"product_cat-cordones-sin-tiel-que-te-ahorran-tiempo-y-tienen-un-aspecto-increible","16":"product_cat-cordones-verdes-premium-para-mejorar-tus-zapatos","17":"product_cat-encontrar-la-pareja-perfecta-la-revolucion-de-los-cordones-de-72-pulgadas","18":"product_cat-encontrar-los-cordones-perfectos-de-60-pulgadas-una-aventura-del-mundo-real","19":"product_cat-hey-dude-los-cordones-sin-cordones-son-la-nueva-moda","20":"product_cat-la-magia-de-los-cordones-salomon-y-los-cordones-de-repuesto-sin-ataduras-loop-king","21":"product_cat-todos-los-cordones","22":"product_cat-tienes-las-jordan-6-con-cordonesya-no-necesitas-atarte-los-zapatos","23":"product_tag-cordones","24":"product_tag-cordones-punta-de-oro","25":"product_tag-encerado","26":"product_tag-negro","27":"product_tag-plano","28":"product_tag-plano-encerado","29":"product_tag-punta-metalica","30":"product_tag-rey-del-bucle","32":"first","33":"instock","34":"taxable","35":"shipping-taxable","36":"product-type-variable"},"acf":[],"yoast_head":"<!-- This site is optimized with the Yoast SEO plugin v27.4 - https:\/\/yoast.com\/product\/yoast-seo-wordpress\/ -->\n<title>Cordones para botas sin ataduras verde militar - De Loop King<\/title>\n<meta name=\"description\" content=\"\u00a1Que no se te desaten los cordones de las botas! Con estos modernos cordones de bota sin atar de color verde militar, ahorrar\u00e1s tiempo y evitar\u00e1s resbalones.\" \/>\n<meta name=\"robots\" content=\"index, follow, max-snippet:-1, max-image-preview:large, max-video-preview:-1\" \/>\n<link rel=\"canonical\" href=\"https:\/\/www.loopkinglaces.com\/es\/products\/cordones-de-botas-sin-atar-verde-militar-71-pulgadas\/\" \/>\n<meta property=\"og:locale\" content=\"es_ES\" \/>\n<meta property=\"og:type\" content=\"article\" \/>\n<meta property=\"og:title\" content=\"Cordones para botas sin ataduras verde militar - De Loop King\" \/>\n<meta property=\"og:description\" content=\"\u00a1Que no se te desaten los cordones de las botas! Con estos modernos cordones de bota sin atar de color verde militar, ahorrar\u00e1s tiempo y evitar\u00e1s resbalones.\" \/>\n<meta property=\"og:url\" content=\"https:\/\/www.loopkinglaces.com\/es\/products\/cordones-de-botas-sin-atar-verde-militar-71-pulgadas\/\" \/>\n<meta property=\"og:site_name\" content=\"Luxury Gold Tip Shoelaces by Loop King Laces\" \/>\n<meta property=\"article:publisher\" content=\"https:\/\/www.facebook.com\/LoopKingLaces\/\" \/>\n<meta property=\"article:modified_time\" content=\"2024-10-03T20:46:07+00:00\" \/>\n<meta property=\"og:image\" content=\"https:\/\/www.loopkinglaces.com\/wp-content\/uploads\/1216A-130-scaled.jpg\" \/>\n\t<meta property=\"og:image:width\" content=\"1600\" \/>\n\t<meta property=\"og:image:height\" content=\"1067\" \/>\n\t<meta property=\"og:image:type\" content=\"image\/jpeg\" \/>\n<meta name=\"twitter:card\" content=\"summary_large_image\" \/>\n<meta name=\"twitter:site\" content=\"@loopkinglaces\" \/>\n<meta name=\"twitter:label1\" content=\"Tiempo de lectura\" \/>\n\t<meta name=\"twitter:data1\" content=\"1 minuto\" \/>\n<script type=\"application\/ld+json\" class=\"yoast-schema-graph\">{\"@context\":\"https:\\\/\\\/schema.org\",\"@graph\":[{\"@type\":[\"WebPage\",\"ItemPage\"],\"@id\":\"https:\\\/\\\/www.loopkinglaces.com\\\/es\\\/products\\\/cordones-de-botas-sin-atar-verde-militar-71-pulgadas\\\/\",\"url\":\"https:\\\/\\\/www.loopkinglaces.com\\\/es\\\/products\\\/cordones-de-botas-sin-atar-verde-militar-71-pulgadas\\\/\",\"name\":\"Cordones para botas sin ataduras verde militar - De Loop King\",\"isPartOf\":{\"@id\":\"https:\\\/\\\/www.loopkinglaces.com\\\/es\\\/#website\"},\"primaryImageOfPage\":{\"@id\":\"https:\\\/\\\/www.loopkinglaces.com\\\/es\\\/products\\\/cordones-de-botas-sin-atar-verde-militar-71-pulgadas\\\/#primaryimage\"},\"image\":{\"@id\":\"https:\\\/\\\/www.loopkinglaces.com\\\/es\\\/products\\\/cordones-de-botas-sin-atar-verde-militar-71-pulgadas\\\/#primaryimage\"},\"thumbnailUrl\":\"https:\\\/\\\/www.loopkinglaces.com\\\/wp-content\\\/uploads\\\/1216A-130-scaled.jpg\",\"datePublished\":\"2023-01-16T13:00:08+00:00\",\"dateModified\":\"2024-10-03T20:46:07+00:00\",\"description\":\"\u00a1Que no se te desaten los cordones de las botas! Con estos modernos cordones de bota sin atar de color verde militar, ahorrar\u00e1s tiempo y evitar\u00e1s resbalones.\",\"breadcrumb\":{\"@id\":\"https:\\\/\\\/www.loopkinglaces.com\\\/es\\\/products\\\/cordones-de-botas-sin-atar-verde-militar-71-pulgadas\\\/#breadcrumb\"},\"inLanguage\":\"es\",\"potentialAction\":[{\"@type\":\"ReadAction\",\"target\":[\"https:\\\/\\\/www.loopkinglaces.com\\\/es\\\/products\\\/cordones-de-botas-sin-atar-verde-militar-71-pulgadas\\\/\"]}]},{\"@type\":\"ImageObject\",\"inLanguage\":\"es\",\"@id\":\"https:\\\/\\\/www.loopkinglaces.com\\\/es\\\/products\\\/cordones-de-botas-sin-atar-verde-militar-71-pulgadas\\\/#primaryimage\",\"url\":\"https:\\\/\\\/www.loopkinglaces.com\\\/wp-content\\\/uploads\\\/1216A-130-scaled.jpg\",\"contentUrl\":\"https:\\\/\\\/www.loopkinglaces.com\\\/wp-content\\\/uploads\\\/1216A-130-scaled.jpg\",\"width\":1600,\"height\":1067},{\"@type\":\"BreadcrumbList\",\"@id\":\"https:\\\/\\\/www.loopkinglaces.com\\\/es\\\/products\\\/cordones-de-botas-sin-atar-verde-militar-71-pulgadas\\\/#breadcrumb\",\"itemListElement\":[{\"@type\":\"ListItem\",\"position\":1,\"name\":\"Home\",\"item\":\"https:\\\/\\\/www.loopkinglaces.com\\\/es\\\/\"},{\"@type\":\"ListItem\",\"position\":2,\"name\":\"COMPRAR LACAS\",\"item\":\"https:\\\/\\\/www.loopkinglaces.com\\\/es\\\/comprar-lacas\\\/\"},{\"@type\":\"ListItem\",\"position\":3,\"name\":\"Cordones de botas sin atar verde militar &#8211; 71 pulgadas\"}]},{\"@type\":\"WebSite\",\"@id\":\"https:\\\/\\\/www.loopkinglaces.com\\\/es\\\/#website\",\"url\":\"https:\\\/\\\/www.loopkinglaces.com\\\/es\\\/\",\"name\":\"Luxury Gold Tip Shoelaces by Loop King Laces\",\"description\":\"Rope Laces, Flat Waxed Laces and Leather Laces. All With Gold Tips.\",\"publisher\":{\"@id\":\"https:\\\/\\\/www.loopkinglaces.com\\\/es\\\/#organization\"},\"potentialAction\":[{\"@type\":\"SearchAction\",\"target\":{\"@type\":\"EntryPoint\",\"urlTemplate\":\"https:\\\/\\\/www.loopkinglaces.com\\\/es\\\/?s={search_term_string}\"},\"query-input\":{\"@type\":\"PropertyValueSpecification\",\"valueRequired\":true,\"valueName\":\"search_term_string\"}}],\"inLanguage\":\"es\"},{\"@type\":\"Organization\",\"@id\":\"https:\\\/\\\/www.loopkinglaces.com\\\/es\\\/#organization\",\"name\":\"Loop King Laces\",\"url\":\"https:\\\/\\\/www.loopkinglaces.com\\\/es\\\/\",\"logo\":{\"@type\":\"ImageObject\",\"inLanguage\":\"es\",\"@id\":\"https:\\\/\\\/www.loopkinglaces.com\\\/es\\\/#\\\/schema\\\/logo\\\/image\\\/\",\"url\":\"https:\\\/\\\/www.loopkinglaces.com\\\/wp-content\\\/uploads\\\/LOOP-KING-LACES.1.1-01-LOGO-HI-RES-OFFICIAL-1.png\",\"contentUrl\":\"https:\\\/\\\/www.loopkinglaces.com\\\/wp-content\\\/uploads\\\/LOOP-KING-LACES.1.1-01-LOGO-HI-RES-OFFICIAL-1.png\",\"width\":128,\"height\":91,\"caption\":\"Loop King Laces\"},\"image\":{\"@id\":\"https:\\\/\\\/www.loopkinglaces.com\\\/es\\\/#\\\/schema\\\/logo\\\/image\\\/\"},\"sameAs\":[\"https:\\\/\\\/www.facebook.com\\\/LoopKingLaces\\\/\",\"https:\\\/\\\/x.com\\\/loopkinglaces\",\"https:\\\/\\\/www.instagram.com\\\/loopkinglaces\\\/\"]}]}<\/script>\n<!-- \/ Yoast SEO plugin. -->","yoast_head_json":{"title":"Cordones para botas sin ataduras verde militar - De Loop King","description":"\u00a1Que no se te desaten los cordones de las botas! Con estos modernos cordones de bota sin atar de color verde militar, ahorrar\u00e1s tiempo y evitar\u00e1s resbalones.","robots":{"index":"index","follow":"follow","max-snippet":"max-snippet:-1","max-image-preview":"max-image-preview:large","max-video-preview":"max-video-preview:-1"},"canonical":"https:\/\/www.loopkinglaces.com\/es\/products\/cordones-de-botas-sin-atar-verde-militar-71-pulgadas\/","og_locale":"es_ES","og_type":"article","og_title":"Cordones para botas sin ataduras verde militar - De Loop King","og_description":"\u00a1Que no se te desaten los cordones de las botas! Con estos modernos cordones de bota sin atar de color verde militar, ahorrar\u00e1s tiempo y evitar\u00e1s resbalones.","og_url":"https:\/\/www.loopkinglaces.com\/es\/products\/cordones-de-botas-sin-atar-verde-militar-71-pulgadas\/","og_site_name":"Luxury Gold Tip Shoelaces by Loop King Laces","article_publisher":"https:\/\/www.facebook.com\/LoopKingLaces\/","article_modified_time":"2024-10-03T20:46:07+00:00","og_image":[{"width":1600,"height":1067,"url":"https:\/\/www.loopkinglaces.com\/wp-content\/uploads\/1216A-130-scaled.jpg","type":"image\/jpeg"}],"twitter_card":"summary_large_image","twitter_site":"@loopkinglaces","twitter_misc":{"Tiempo de lectura":"1 minuto"},"schema":{"@context":"https:\/\/schema.org","@graph":[{"@type":["WebPage","ItemPage"],"@id":"https:\/\/www.loopkinglaces.com\/es\/products\/cordones-de-botas-sin-atar-verde-militar-71-pulgadas\/","url":"https:\/\/www.loopkinglaces.com\/es\/products\/cordones-de-botas-sin-atar-verde-militar-71-pulgadas\/","name":"Cordones para botas sin ataduras verde militar - De Loop King","isPartOf":{"@id":"https:\/\/www.loopkinglaces.com\/es\/#website"},"primaryImageOfPage":{"@id":"https:\/\/www.loopkinglaces.com\/es\/products\/cordones-de-botas-sin-atar-verde-militar-71-pulgadas\/#primaryimage"},"image":{"@id":"https:\/\/www.loopkinglaces.com\/es\/products\/cordones-de-botas-sin-atar-verde-militar-71-pulgadas\/#primaryimage"},"thumbnailUrl":"https:\/\/www.loopkinglaces.com\/wp-content\/uploads\/1216A-130-scaled.jpg","datePublished":"2023-01-16T13:00:08+00:00","dateModified":"2024-10-03T20:46:07+00:00","description":"\u00a1Que no se te desaten los cordones de las botas! Con estos modernos cordones de bota sin atar de color verde militar, ahorrar\u00e1s tiempo y evitar\u00e1s resbalones.","breadcrumb":{"@id":"https:\/\/www.loopkinglaces.com\/es\/products\/cordones-de-botas-sin-atar-verde-militar-71-pulgadas\/#breadcrumb"},"inLanguage":"es","potentialAction":[{"@type":"ReadAction","target":["https:\/\/www.loopkinglaces.com\/es\/products\/cordones-de-botas-sin-atar-verde-militar-71-pulgadas\/"]}]},{"@type":"ImageObject","inLanguage":"es","@id":"https:\/\/www.loopkinglaces.com\/es\/products\/cordones-de-botas-sin-atar-verde-militar-71-pulgadas\/#primaryimage","url":"https:\/\/www.loopkinglaces.com\/wp-content\/uploads\/1216A-130-scaled.jpg","contentUrl":"https:\/\/www.loopkinglaces.com\/wp-content\/uploads\/1216A-130-scaled.jpg","width":1600,"height":1067},{"@type":"BreadcrumbList","@id":"https:\/\/www.loopkinglaces.com\/es\/products\/cordones-de-botas-sin-atar-verde-militar-71-pulgadas\/#breadcrumb","itemListElement":[{"@type":"ListItem","position":1,"name":"Home","item":"https:\/\/www.loopkinglaces.com\/es\/"},{"@type":"ListItem","position":2,"name":"COMPRAR LACAS","item":"https:\/\/www.loopkinglaces.com\/es\/comprar-lacas\/"},{"@type":"ListItem","position":3,"name":"Cordones de botas sin atar verde militar &#8211; 71 pulgadas"}]},{"@type":"WebSite","@id":"https:\/\/www.loopkinglaces.com\/es\/#website","url":"https:\/\/www.loopkinglaces.com\/es\/","name":"Luxury Gold Tip Shoelaces by Loop King Laces","description":"Rope Laces, Flat Waxed Laces and Leather Laces. All With Gold Tips.","publisher":{"@id":"https:\/\/www.loopkinglaces.com\/es\/#organization"},"potentialAction":[{"@type":"SearchAction","target":{"@type":"EntryPoint","urlTemplate":"https:\/\/www.loopkinglaces.com\/es\/?s={search_term_string}"},"query-input":{"@type":"PropertyValueSpecification","valueRequired":true,"valueName":"search_term_string"}}],"inLanguage":"es"},{"@type":"Organization","@id":"https:\/\/www.loopkinglaces.com\/es\/#organization","name":"Loop King Laces","url":"https:\/\/www.loopkinglaces.com\/es\/","logo":{"@type":"ImageObject","inLanguage":"es","@id":"https:\/\/www.loopkinglaces.com\/es\/#\/schema\/logo\/image\/","url":"https:\/\/www.loopkinglaces.com\/wp-content\/uploads\/LOOP-KING-LACES.1.1-01-LOGO-HI-RES-OFFICIAL-1.png","contentUrl":"https:\/\/www.loopkinglaces.com\/wp-content\/uploads\/LOOP-KING-LACES.1.1-01-LOGO-HI-RES-OFFICIAL-1.png","width":128,"height":91,"caption":"Loop King Laces"},"image":{"@id":"https:\/\/www.loopkinglaces.com\/es\/#\/schema\/logo\/image\/"},"sameAs":["https:\/\/www.facebook.com\/LoopKingLaces\/","https:\/\/x.com\/loopkinglaces","https:\/\/www.instagram.com\/loopkinglaces\/"]}]}},"_links":{"self":[{"href":"https:\/\/www.loopkinglaces.com\/es\/wp-json\/wp\/v2\/product\/70870","targetHints":{"allow":["GET"]}}],"collection":[{"href":"https:\/\/www.loopkinglaces.com\/es\/wp-json\/wp\/v2\/product"}],"about":[{"href":"https:\/\/www.loopkinglaces.com\/es\/wp-json\/wp\/v2\/types\/product"}],"replies":[{"embeddable":true,"href":"https:\/\/www.loopkinglaces.com\/es\/wp-json\/wp\/v2\/comments?post=70870"}],"wp:featuredmedia":[{"embeddable":true,"href":"https:\/\/www.loopkinglaces.com\/es\/wp-json\/wp\/v2\/media\/70874"}],"wp:attachment":[{"href":"https:\/\/www.loopkinglaces.com\/es\/wp-json\/wp\/v2\/media?parent=70870"}],"wp:term":[{"taxonomy":"product_brand","embeddable":true,"href":"https:\/\/www.loopkinglaces.com\/es\/wp-json\/wp\/v2\/product_brand?post=70870"},{"taxonomy":"product_cat","embeddable":true,"href":"https:\/\/www.loopkinglaces.com\/es\/wp-json\/wp\/v2\/product_cat?post=70870"},{"taxonomy":"product_tag","embeddable":true,"href":"https:\/\/www.loopkinglaces.com\/es\/wp-json\/wp\/v2\/product_tag?post=70870"},{"taxonomy":"woo-feed-brand","embeddable":true,"href":"https:\/\/www.loopkinglaces.com\/es\/wp-json\/wp\/v2\/woo-feed-brand?post=70870"}],"curies":[{"name":"wp","href":"https:\/\/api.w.org\/{rel}","templated":true}]}}