{"id":70818,"date":"2023-01-07T11:12:43","date_gmt":"2023-01-07T11:12:43","guid":{"rendered":"https:\/\/www.loopkinglaces.com\/products\/cordones-sin-atar-a-rayas-marrones-47-pulgadas\/"},"modified":"2023-01-07T11:12:43","modified_gmt":"2023-01-07T11:12:43","slug":"cordones-sin-atar-a-rayas-marrones-47-pulgadas","status":"publish","type":"product","link":"https:\/\/www.loopkinglaces.com\/es\/products\/cordones-sin-atar-a-rayas-marrones-47-pulgadas\/","title":{"rendered":"Cordones sin atar a rayas marrones &#8211; 47 pulgadas"},"content":{"rendered":"<p>Cuando llegue el momento de quitarse los zapatos, basta con deslizarlos gracias de nuevo al ingenio de los cordones sin tiras, que impulsan un movimiento de desabrochado sin esfuerzo.<br \/>\nLos materiales duraderos garantizan que no se desgastar\u00e1n pronto: se garantiza una vida \u00fatil 3 veces superior a la de otras marcas. <\/p>\n","protected":false},"excerpt":{"rendered":"<p><strong>Cordones sin atar a rayas marrones<\/strong> \u00a1Prep\u00e1rate para la comodidad de unas zapatillas con un toque de estilo!<br \/>\nLos cordones sin lazo te permiten disfrutar de todo el tiempo que te ahorras de no tener que atarte los cordones y a\u00f1aden un toque de estilo a tus zapatillas.<br \/>\nNo tienes que preocuparte de que se deshagan los nudos sueltos ni de los accidentes por tropiezos: estos cordones especiales tienen un mecanismo de cierre similar al de las cremalleras de los abrigos, que te permite asegurarlos firmemente en su sitio con un solo tir\u00f3n.    <\/p>\n<ul>\n<li>120 cm<\/li>\n<li>Materiales de primera calidad<\/li>\n<li>Dura <strong>3 veces m\u00e1s<\/strong> que otras marcas<\/li>\n<li>Embalaje Beautiful Loop King<\/li>\n<\/ul>\n","protected":false},"featured_media":70821,"comment_status":"open","ping_status":"closed","template":"","meta":{"_acf_changed":false},"product_brand":[],"product_cat":[1091,1151,1090,1543,1004,1542,1000,892,877,1424],"product_tag":[894,899,1009,896,1008,1006,895,893],"woo-feed-brand":[],"class_list":{"0":"post-70818","1":"product","2":"type-product","3":"status-publish","4":"has-post-thumbnail","6":"product_cat-anclajes-para-cordones-no-mas-viajes-solo-trucos","7":"product_cat-cordones-de-zapatos-marrones-para-realzar-tu-estilo","8":"product_cat-cordones-en-espiral-el-heroe-anonimo-de-la-moda-del-calzado","9":"product_cat-cordones-para-zapatillas-infantiles-las-zapatillas-de-los-ninos-se-iluminan","10":"product_cat-cordones-rapidos-como-poner-fin-a-los-viejos-habitos-de-atado","11":"product_cat-cordones-rapidos-la-revolucion-en-la-moda-del-calzado","12":"product_cat-cordones-sin-tiel-que-te-ahorran-tiempo-y-tienen-un-aspecto-increible","13":"product_cat-hey-dude-los-cordones-sin-cordones-son-la-nueva-moda","14":"product_cat-todos-los-cordones","15":"product_cat-tienes-las-jordan-6-con-cordonesya-no-necesitas-atarte-los-zapatos","16":"product_tag-cordones","17":"product_tag-cordones-punta-de-oro","18":"product_tag-encerado","19":"product_tag-negro","20":"product_tag-plano","21":"product_tag-plano-encerado","22":"product_tag-punta-metalica","23":"product_tag-rey-del-bucle","25":"first","26":"instock","27":"taxable","28":"shipping-taxable","29":"product-type-variable"},"acf":[],"yoast_head":"<!-- This site is optimized with the Yoast SEO plugin v27.4 - https:\/\/yoast.com\/product\/yoast-seo-wordpress\/ -->\n<title>Cordones sin atar a rayas marrones - De Loop King<\/title>\n<meta name=\"description\" content=\"\u00bfSe te acaba el tiempo? \u00a1No dejes que tus cordones sean la causa! P\u00e1sate a los elegantes cordones sin tiras: nunca m\u00e1s tendr\u00e1s que preocuparte de que se desaten.\" \/>\n<meta name=\"robots\" content=\"index, follow, max-snippet:-1, max-image-preview:large, max-video-preview:-1\" \/>\n<link rel=\"canonical\" href=\"https:\/\/www.loopkinglaces.com\/es\/products\/cordones-sin-atar-a-rayas-marrones-47-pulgadas\/\" \/>\n<meta property=\"og:locale\" content=\"es_ES\" \/>\n<meta property=\"og:type\" content=\"article\" \/>\n<meta property=\"og:title\" content=\"Cordones sin atar a rayas marrones - De Loop King\" \/>\n<meta property=\"og:description\" content=\"\u00bfSe te acaba el tiempo? \u00a1No dejes que tus cordones sean la causa! P\u00e1sate a los elegantes cordones sin tiras: nunca m\u00e1s tendr\u00e1s que preocuparte de que se desaten.\" \/>\n<meta property=\"og:url\" content=\"https:\/\/www.loopkinglaces.com\/es\/products\/cordones-sin-atar-a-rayas-marrones-47-pulgadas\/\" \/>\n<meta property=\"og:site_name\" content=\"Luxury Gold Tip Shoelaces by Loop King Laces\" \/>\n<meta property=\"article:publisher\" content=\"https:\/\/www.facebook.com\/LoopKingLaces\/\" \/>\n<meta property=\"og:image\" content=\"https:\/\/www.loopkinglaces.com\/wp-content\/uploads\/1216A-139-scaled.jpg\" \/>\n\t<meta property=\"og:image:width\" content=\"1600\" \/>\n\t<meta property=\"og:image:height\" content=\"1067\" \/>\n\t<meta property=\"og:image:type\" content=\"image\/jpeg\" \/>\n<meta name=\"twitter:card\" content=\"summary_large_image\" \/>\n<meta name=\"twitter:site\" content=\"@loopkinglaces\" \/>\n<script type=\"application\/ld+json\" class=\"yoast-schema-graph\">{\"@context\":\"https:\\\/\\\/schema.org\",\"@graph\":[{\"@type\":[\"WebPage\",\"ItemPage\"],\"@id\":\"https:\\\/\\\/www.loopkinglaces.com\\\/es\\\/products\\\/cordones-sin-atar-a-rayas-marrones-47-pulgadas\\\/\",\"url\":\"https:\\\/\\\/www.loopkinglaces.com\\\/es\\\/products\\\/cordones-sin-atar-a-rayas-marrones-47-pulgadas\\\/\",\"name\":\"Cordones sin atar a rayas marrones - De Loop King\",\"isPartOf\":{\"@id\":\"https:\\\/\\\/www.loopkinglaces.com\\\/es\\\/#website\"},\"primaryImageOfPage\":{\"@id\":\"https:\\\/\\\/www.loopkinglaces.com\\\/es\\\/products\\\/cordones-sin-atar-a-rayas-marrones-47-pulgadas\\\/#primaryimage\"},\"image\":{\"@id\":\"https:\\\/\\\/www.loopkinglaces.com\\\/es\\\/products\\\/cordones-sin-atar-a-rayas-marrones-47-pulgadas\\\/#primaryimage\"},\"thumbnailUrl\":\"https:\\\/\\\/www.loopkinglaces.com\\\/wp-content\\\/uploads\\\/1216A-139-scaled.jpg\",\"datePublished\":\"2023-01-07T11:12:43+00:00\",\"description\":\"\u00bfSe te acaba el tiempo? \u00a1No dejes que tus cordones sean la causa! P\u00e1sate a los elegantes cordones sin tiras: nunca m\u00e1s tendr\u00e1s que preocuparte de que se desaten.\",\"breadcrumb\":{\"@id\":\"https:\\\/\\\/www.loopkinglaces.com\\\/es\\\/products\\\/cordones-sin-atar-a-rayas-marrones-47-pulgadas\\\/#breadcrumb\"},\"inLanguage\":\"es\",\"potentialAction\":[{\"@type\":\"ReadAction\",\"target\":[\"https:\\\/\\\/www.loopkinglaces.com\\\/es\\\/products\\\/cordones-sin-atar-a-rayas-marrones-47-pulgadas\\\/\"]}]},{\"@type\":\"ImageObject\",\"inLanguage\":\"es\",\"@id\":\"https:\\\/\\\/www.loopkinglaces.com\\\/es\\\/products\\\/cordones-sin-atar-a-rayas-marrones-47-pulgadas\\\/#primaryimage\",\"url\":\"https:\\\/\\\/www.loopkinglaces.com\\\/wp-content\\\/uploads\\\/1216A-139-scaled.jpg\",\"contentUrl\":\"https:\\\/\\\/www.loopkinglaces.com\\\/wp-content\\\/uploads\\\/1216A-139-scaled.jpg\",\"width\":1600,\"height\":1067},{\"@type\":\"BreadcrumbList\",\"@id\":\"https:\\\/\\\/www.loopkinglaces.com\\\/es\\\/products\\\/cordones-sin-atar-a-rayas-marrones-47-pulgadas\\\/#breadcrumb\",\"itemListElement\":[{\"@type\":\"ListItem\",\"position\":1,\"name\":\"Home\",\"item\":\"https:\\\/\\\/www.loopkinglaces.com\\\/es\\\/\"},{\"@type\":\"ListItem\",\"position\":2,\"name\":\"COMPRAR LACAS\",\"item\":\"https:\\\/\\\/www.loopkinglaces.com\\\/es\\\/comprar-lacas\\\/\"},{\"@type\":\"ListItem\",\"position\":3,\"name\":\"Cordones sin atar a rayas marrones &#8211; 47 pulgadas\"}]},{\"@type\":\"WebSite\",\"@id\":\"https:\\\/\\\/www.loopkinglaces.com\\\/es\\\/#website\",\"url\":\"https:\\\/\\\/www.loopkinglaces.com\\\/es\\\/\",\"name\":\"Luxury Gold Tip Shoelaces by Loop King Laces\",\"description\":\"Rope Laces, Flat Waxed Laces and Leather Laces. All With Gold Tips.\",\"publisher\":{\"@id\":\"https:\\\/\\\/www.loopkinglaces.com\\\/es\\\/#organization\"},\"potentialAction\":[{\"@type\":\"SearchAction\",\"target\":{\"@type\":\"EntryPoint\",\"urlTemplate\":\"https:\\\/\\\/www.loopkinglaces.com\\\/es\\\/?s={search_term_string}\"},\"query-input\":{\"@type\":\"PropertyValueSpecification\",\"valueRequired\":true,\"valueName\":\"search_term_string\"}}],\"inLanguage\":\"es\"},{\"@type\":\"Organization\",\"@id\":\"https:\\\/\\\/www.loopkinglaces.com\\\/es\\\/#organization\",\"name\":\"Loop King Laces\",\"url\":\"https:\\\/\\\/www.loopkinglaces.com\\\/es\\\/\",\"logo\":{\"@type\":\"ImageObject\",\"inLanguage\":\"es\",\"@id\":\"https:\\\/\\\/www.loopkinglaces.com\\\/es\\\/#\\\/schema\\\/logo\\\/image\\\/\",\"url\":\"https:\\\/\\\/www.loopkinglaces.com\\\/wp-content\\\/uploads\\\/LOOP-KING-LACES.1.1-01-LOGO-HI-RES-OFFICIAL-1.png\",\"contentUrl\":\"https:\\\/\\\/www.loopkinglaces.com\\\/wp-content\\\/uploads\\\/LOOP-KING-LACES.1.1-01-LOGO-HI-RES-OFFICIAL-1.png\",\"width\":128,\"height\":91,\"caption\":\"Loop King Laces\"},\"image\":{\"@id\":\"https:\\\/\\\/www.loopkinglaces.com\\\/es\\\/#\\\/schema\\\/logo\\\/image\\\/\"},\"sameAs\":[\"https:\\\/\\\/www.facebook.com\\\/LoopKingLaces\\\/\",\"https:\\\/\\\/x.com\\\/loopkinglaces\",\"https:\\\/\\\/www.instagram.com\\\/loopkinglaces\\\/\"]}]}<\/script>\n<!-- \/ Yoast SEO plugin. -->","yoast_head_json":{"title":"Cordones sin atar a rayas marrones - De Loop King","description":"\u00bfSe te acaba el tiempo? \u00a1No dejes que tus cordones sean la causa! P\u00e1sate a los elegantes cordones sin tiras: nunca m\u00e1s tendr\u00e1s que preocuparte de que se desaten.","robots":{"index":"index","follow":"follow","max-snippet":"max-snippet:-1","max-image-preview":"max-image-preview:large","max-video-preview":"max-video-preview:-1"},"canonical":"https:\/\/www.loopkinglaces.com\/es\/products\/cordones-sin-atar-a-rayas-marrones-47-pulgadas\/","og_locale":"es_ES","og_type":"article","og_title":"Cordones sin atar a rayas marrones - De Loop King","og_description":"\u00bfSe te acaba el tiempo? \u00a1No dejes que tus cordones sean la causa! P\u00e1sate a los elegantes cordones sin tiras: nunca m\u00e1s tendr\u00e1s que preocuparte de que se desaten.","og_url":"https:\/\/www.loopkinglaces.com\/es\/products\/cordones-sin-atar-a-rayas-marrones-47-pulgadas\/","og_site_name":"Luxury Gold Tip Shoelaces by Loop King Laces","article_publisher":"https:\/\/www.facebook.com\/LoopKingLaces\/","og_image":[{"width":1600,"height":1067,"url":"https:\/\/www.loopkinglaces.com\/wp-content\/uploads\/1216A-139-scaled.jpg","type":"image\/jpeg"}],"twitter_card":"summary_large_image","twitter_site":"@loopkinglaces","schema":{"@context":"https:\/\/schema.org","@graph":[{"@type":["WebPage","ItemPage"],"@id":"https:\/\/www.loopkinglaces.com\/es\/products\/cordones-sin-atar-a-rayas-marrones-47-pulgadas\/","url":"https:\/\/www.loopkinglaces.com\/es\/products\/cordones-sin-atar-a-rayas-marrones-47-pulgadas\/","name":"Cordones sin atar a rayas marrones - De Loop King","isPartOf":{"@id":"https:\/\/www.loopkinglaces.com\/es\/#website"},"primaryImageOfPage":{"@id":"https:\/\/www.loopkinglaces.com\/es\/products\/cordones-sin-atar-a-rayas-marrones-47-pulgadas\/#primaryimage"},"image":{"@id":"https:\/\/www.loopkinglaces.com\/es\/products\/cordones-sin-atar-a-rayas-marrones-47-pulgadas\/#primaryimage"},"thumbnailUrl":"https:\/\/www.loopkinglaces.com\/wp-content\/uploads\/1216A-139-scaled.jpg","datePublished":"2023-01-07T11:12:43+00:00","description":"\u00bfSe te acaba el tiempo? \u00a1No dejes que tus cordones sean la causa! P\u00e1sate a los elegantes cordones sin tiras: nunca m\u00e1s tendr\u00e1s que preocuparte de que se desaten.","breadcrumb":{"@id":"https:\/\/www.loopkinglaces.com\/es\/products\/cordones-sin-atar-a-rayas-marrones-47-pulgadas\/#breadcrumb"},"inLanguage":"es","potentialAction":[{"@type":"ReadAction","target":["https:\/\/www.loopkinglaces.com\/es\/products\/cordones-sin-atar-a-rayas-marrones-47-pulgadas\/"]}]},{"@type":"ImageObject","inLanguage":"es","@id":"https:\/\/www.loopkinglaces.com\/es\/products\/cordones-sin-atar-a-rayas-marrones-47-pulgadas\/#primaryimage","url":"https:\/\/www.loopkinglaces.com\/wp-content\/uploads\/1216A-139-scaled.jpg","contentUrl":"https:\/\/www.loopkinglaces.com\/wp-content\/uploads\/1216A-139-scaled.jpg","width":1600,"height":1067},{"@type":"BreadcrumbList","@id":"https:\/\/www.loopkinglaces.com\/es\/products\/cordones-sin-atar-a-rayas-marrones-47-pulgadas\/#breadcrumb","itemListElement":[{"@type":"ListItem","position":1,"name":"Home","item":"https:\/\/www.loopkinglaces.com\/es\/"},{"@type":"ListItem","position":2,"name":"COMPRAR LACAS","item":"https:\/\/www.loopkinglaces.com\/es\/comprar-lacas\/"},{"@type":"ListItem","position":3,"name":"Cordones sin atar a rayas marrones &#8211; 47 pulgadas"}]},{"@type":"WebSite","@id":"https:\/\/www.loopkinglaces.com\/es\/#website","url":"https:\/\/www.loopkinglaces.com\/es\/","name":"Luxury Gold Tip Shoelaces by Loop King Laces","description":"Rope Laces, Flat Waxed Laces and Leather Laces. All With Gold Tips.","publisher":{"@id":"https:\/\/www.loopkinglaces.com\/es\/#organization"},"potentialAction":[{"@type":"SearchAction","target":{"@type":"EntryPoint","urlTemplate":"https:\/\/www.loopkinglaces.com\/es\/?s={search_term_string}"},"query-input":{"@type":"PropertyValueSpecification","valueRequired":true,"valueName":"search_term_string"}}],"inLanguage":"es"},{"@type":"Organization","@id":"https:\/\/www.loopkinglaces.com\/es\/#organization","name":"Loop King Laces","url":"https:\/\/www.loopkinglaces.com\/es\/","logo":{"@type":"ImageObject","inLanguage":"es","@id":"https:\/\/www.loopkinglaces.com\/es\/#\/schema\/logo\/image\/","url":"https:\/\/www.loopkinglaces.com\/wp-content\/uploads\/LOOP-KING-LACES.1.1-01-LOGO-HI-RES-OFFICIAL-1.png","contentUrl":"https:\/\/www.loopkinglaces.com\/wp-content\/uploads\/LOOP-KING-LACES.1.1-01-LOGO-HI-RES-OFFICIAL-1.png","width":128,"height":91,"caption":"Loop King Laces"},"image":{"@id":"https:\/\/www.loopkinglaces.com\/es\/#\/schema\/logo\/image\/"},"sameAs":["https:\/\/www.facebook.com\/LoopKingLaces\/","https:\/\/x.com\/loopkinglaces","https:\/\/www.instagram.com\/loopkinglaces\/"]}]}},"_links":{"self":[{"href":"https:\/\/www.loopkinglaces.com\/es\/wp-json\/wp\/v2\/product\/70818","targetHints":{"allow":["GET"]}}],"collection":[{"href":"https:\/\/www.loopkinglaces.com\/es\/wp-json\/wp\/v2\/product"}],"about":[{"href":"https:\/\/www.loopkinglaces.com\/es\/wp-json\/wp\/v2\/types\/product"}],"replies":[{"embeddable":true,"href":"https:\/\/www.loopkinglaces.com\/es\/wp-json\/wp\/v2\/comments?post=70818"}],"wp:featuredmedia":[{"embeddable":true,"href":"https:\/\/www.loopkinglaces.com\/es\/wp-json\/wp\/v2\/media\/70821"}],"wp:attachment":[{"href":"https:\/\/www.loopkinglaces.com\/es\/wp-json\/wp\/v2\/media?parent=70818"}],"wp:term":[{"taxonomy":"product_brand","embeddable":true,"href":"https:\/\/www.loopkinglaces.com\/es\/wp-json\/wp\/v2\/product_brand?post=70818"},{"taxonomy":"product_cat","embeddable":true,"href":"https:\/\/www.loopkinglaces.com\/es\/wp-json\/wp\/v2\/product_cat?post=70818"},{"taxonomy":"product_tag","embeddable":true,"href":"https:\/\/www.loopkinglaces.com\/es\/wp-json\/wp\/v2\/product_tag?post=70818"},{"taxonomy":"woo-feed-brand","embeddable":true,"href":"https:\/\/www.loopkinglaces.com\/es\/wp-json\/wp\/v2\/woo-feed-brand?post=70818"}],"curies":[{"name":"wp","href":"https:\/\/api.w.org\/{rel}","templated":true}]}}