{"id":70649,"date":"2023-01-03T05:33:46","date_gmt":"2023-01-03T05:33:46","guid":{"rendered":"https:\/\/www.loopkinglaces.com\/products\/cuerdas-de-capucha-de-cuero-doradas-de-lujo-con-puntas-doradas\/"},"modified":"2023-01-03T05:33:46","modified_gmt":"2023-01-03T05:33:46","slug":"cuerdas-de-capucha-de-cuero-doradas-de-lujo-con-puntas-doradas","status":"publish","type":"product","link":"https:\/\/www.loopkinglaces.com\/es\/products\/cuerdas-de-capucha-de-cuero-doradas-de-lujo-con-puntas-doradas\/","title":{"rendered":"Cuerdas de capucha de cuero doradas de lujo con puntas doradas"},"content":{"rendered":"<h3><a href=\"https:\/\/www.loopkinglaces.com\/\"><a href=\"https:\/\/www.loopkinglaces.com\/\">Dibujos de lujo para pantalones y shorts<\/a><\/a><\/h3>\n<p>  Los cordones Loop King s\u00f3lo proporcionan cordones de punta dorada de la m\u00e1s alta calidad.<br \/>\nNuestros cordones de cuero aut\u00e9ntico est\u00e1n fabricados con puntas met\u00e1licas en relieve con la inscripci\u00f3n LOOP KING y nuestra corona simb\u00f3lica.<br \/>\nCada cord\u00f3n es 100% Resistente al Fuego, lo que demuestra nuestra verdadera calidad de cordones para pantalones o shorts.  <\/p>\n","protected":false},"excerpt":{"rendered":"<p>Cuerdas de cuero doradas para sudaderas con capucha con puntas <strong>doradas<\/strong> Loop King Laces &#8211; Nuestras cuerdas de cuero doradas para sudaderas con capucha vienen con puntas met\u00e1licas en relieve.<br \/>\nTodos nuestros Cordones de Cuero de Lujo para Sudaderas con Capucha est\u00e1n hechos de cuero aut\u00e9ntico con materiales de la m\u00e1s alta calidad, tanto en los cordones como en la punta de metal.  Consulta nuestras caracter\u00edsticas completas a continuaci\u00f3n:  <\/p>\n<ul>\n<li>6 mm de ancho (plano)<\/li>\n<li>Piel aut\u00e9ntica<\/li>\n<li>100% <strong>resistente a las llamas<\/strong><\/li>\n<li>Agleta dorada Loop King<\/li>\n<li>Embalaje Beautiful Loop King<\/li>\n<\/ul>\n","protected":false},"featured_media":74346,"comment_status":"open","ping_status":"closed","template":"","meta":{"_acf_changed":false},"product_brand":[],"product_cat":[1720,1457,1425],"product_tag":[1010,894,1011,1525,895,893],"woo-feed-brand":[],"class_list":{"0":"post-70649","1":"product","2":"type-product","3":"status-publish","4":"has-post-thumbnail","6":"product_cat-cordones-de-punto-nike-fly","7":"product_cat-cordones-veja-cuando-los-zapatos-hablan-por-si-solos","8":"product_cat-extremos-de-cordon-dorados-para-sudaderas-que-alargaran-la-vida-util-de-tus-cordones","9":"product_tag-calzado","10":"product_tag-cordones","11":"product_tag-cordones-de-cuero","12":"product_tag-oro","13":"product_tag-punta-metalica","14":"product_tag-rey-del-bucle","16":"first","17":"instock","18":"taxable","19":"shipping-taxable","20":"purchasable","21":"product-type-variable"},"acf":[],"yoast_head":"<!-- This site is optimized with the Yoast SEO plugin v27.4 - https:\/\/yoast.com\/product\/yoast-seo-wordpress\/ -->\n<title>Cuerdas de cuero doradas de lujo con puntas doradas - De Loop King<\/title>\n<meta name=\"description\" content=\"Compra aqu\u00ed cordones dorados para sudaderas y sudaderas con capucha dise\u00f1ados con materiales de primera calidad. Estos cordones de lujo te har\u00e1n rebosar orgullo.\" \/>\n<meta name=\"robots\" content=\"index, follow, max-snippet:-1, max-image-preview:large, max-video-preview:-1\" \/>\n<link rel=\"canonical\" href=\"https:\/\/www.loopkinglaces.com\/es\/products\/cuerdas-de-capucha-de-cuero-doradas-de-lujo-con-puntas-doradas\/\" \/>\n<meta property=\"og:locale\" content=\"es_ES\" \/>\n<meta property=\"og:type\" content=\"article\" \/>\n<meta property=\"og:title\" content=\"Cuerdas de cuero doradas de lujo con puntas doradas - De Loop King\" \/>\n<meta property=\"og:description\" content=\"Compra aqu\u00ed cordones dorados para sudaderas y sudaderas con capucha dise\u00f1ados con materiales de primera calidad. Estos cordones de lujo te har\u00e1n rebosar orgullo.\" \/>\n<meta property=\"og:url\" content=\"https:\/\/www.loopkinglaces.com\/es\/products\/cuerdas-de-capucha-de-cuero-doradas-de-lujo-con-puntas-doradas\/\" \/>\n<meta property=\"og:site_name\" content=\"Luxury Gold Tip Shoelaces by Loop King Laces\" \/>\n<meta property=\"article:publisher\" content=\"https:\/\/www.facebook.com\/LoopKingLaces\/\" \/>\n<meta property=\"og:image\" content=\"https:\/\/www.loopkinglaces.com\/wp-content\/uploads\/Luxury-Gold-Leather-Shoe-Laces-With-Gold-Tips.jpg\" \/>\n\t<meta property=\"og:image:width\" content=\"1000\" \/>\n\t<meta property=\"og:image:height\" content=\"1000\" \/>\n\t<meta property=\"og:image:type\" content=\"image\/jpeg\" \/>\n<meta name=\"twitter:card\" content=\"summary_large_image\" \/>\n<meta name=\"twitter:site\" content=\"@loopkinglaces\" \/>\n<script type=\"application\/ld+json\" class=\"yoast-schema-graph\">{\"@context\":\"https:\\\/\\\/schema.org\",\"@graph\":[{\"@type\":[\"WebPage\",\"ItemPage\"],\"@id\":\"https:\\\/\\\/www.loopkinglaces.com\\\/es\\\/products\\\/cuerdas-de-capucha-de-cuero-doradas-de-lujo-con-puntas-doradas\\\/\",\"url\":\"https:\\\/\\\/www.loopkinglaces.com\\\/es\\\/products\\\/cuerdas-de-capucha-de-cuero-doradas-de-lujo-con-puntas-doradas\\\/\",\"name\":\"Cuerdas de cuero doradas de lujo con puntas doradas - De Loop King\",\"isPartOf\":{\"@id\":\"https:\\\/\\\/www.loopkinglaces.com\\\/es\\\/#website\"},\"primaryImageOfPage\":{\"@id\":\"https:\\\/\\\/www.loopkinglaces.com\\\/es\\\/products\\\/cuerdas-de-capucha-de-cuero-doradas-de-lujo-con-puntas-doradas\\\/#primaryimage\"},\"image\":{\"@id\":\"https:\\\/\\\/www.loopkinglaces.com\\\/es\\\/products\\\/cuerdas-de-capucha-de-cuero-doradas-de-lujo-con-puntas-doradas\\\/#primaryimage\"},\"thumbnailUrl\":\"https:\\\/\\\/www.loopkinglaces.com\\\/wp-content\\\/uploads\\\/Luxury-Gold-Leather-Shoe-Laces-With-Gold-Tips.jpg\",\"datePublished\":\"2023-01-03T05:33:46+00:00\",\"description\":\"Compra aqu\u00ed cordones dorados para sudaderas y sudaderas con capucha dise\u00f1ados con materiales de primera calidad. Estos cordones de lujo te har\u00e1n rebosar orgullo.\",\"breadcrumb\":{\"@id\":\"https:\\\/\\\/www.loopkinglaces.com\\\/es\\\/products\\\/cuerdas-de-capucha-de-cuero-doradas-de-lujo-con-puntas-doradas\\\/#breadcrumb\"},\"inLanguage\":\"es\",\"potentialAction\":[{\"@type\":\"ReadAction\",\"target\":[\"https:\\\/\\\/www.loopkinglaces.com\\\/es\\\/products\\\/cuerdas-de-capucha-de-cuero-doradas-de-lujo-con-puntas-doradas\\\/\"]}]},{\"@type\":\"ImageObject\",\"inLanguage\":\"es\",\"@id\":\"https:\\\/\\\/www.loopkinglaces.com\\\/es\\\/products\\\/cuerdas-de-capucha-de-cuero-doradas-de-lujo-con-puntas-doradas\\\/#primaryimage\",\"url\":\"https:\\\/\\\/www.loopkinglaces.com\\\/wp-content\\\/uploads\\\/Luxury-Gold-Leather-Shoe-Laces-With-Gold-Tips.jpg\",\"contentUrl\":\"https:\\\/\\\/www.loopkinglaces.com\\\/wp-content\\\/uploads\\\/Luxury-Gold-Leather-Shoe-Laces-With-Gold-Tips.jpg\",\"width\":1000,\"height\":1000},{\"@type\":\"BreadcrumbList\",\"@id\":\"https:\\\/\\\/www.loopkinglaces.com\\\/es\\\/products\\\/cuerdas-de-capucha-de-cuero-doradas-de-lujo-con-puntas-doradas\\\/#breadcrumb\",\"itemListElement\":[{\"@type\":\"ListItem\",\"position\":1,\"name\":\"Home\",\"item\":\"https:\\\/\\\/www.loopkinglaces.com\\\/es\\\/\"},{\"@type\":\"ListItem\",\"position\":2,\"name\":\"COMPRAR LACAS\",\"item\":\"https:\\\/\\\/www.loopkinglaces.com\\\/es\\\/comprar-lacas\\\/\"},{\"@type\":\"ListItem\",\"position\":3,\"name\":\"Cuerdas de capucha de cuero doradas de lujo con puntas doradas\"}]},{\"@type\":\"WebSite\",\"@id\":\"https:\\\/\\\/www.loopkinglaces.com\\\/es\\\/#website\",\"url\":\"https:\\\/\\\/www.loopkinglaces.com\\\/es\\\/\",\"name\":\"Luxury Gold Tip Shoelaces by Loop King Laces\",\"description\":\"Rope Laces, Flat Waxed Laces and Leather Laces. All With Gold Tips.\",\"publisher\":{\"@id\":\"https:\\\/\\\/www.loopkinglaces.com\\\/es\\\/#organization\"},\"potentialAction\":[{\"@type\":\"SearchAction\",\"target\":{\"@type\":\"EntryPoint\",\"urlTemplate\":\"https:\\\/\\\/www.loopkinglaces.com\\\/es\\\/?s={search_term_string}\"},\"query-input\":{\"@type\":\"PropertyValueSpecification\",\"valueRequired\":true,\"valueName\":\"search_term_string\"}}],\"inLanguage\":\"es\"},{\"@type\":\"Organization\",\"@id\":\"https:\\\/\\\/www.loopkinglaces.com\\\/es\\\/#organization\",\"name\":\"Loop King Laces\",\"url\":\"https:\\\/\\\/www.loopkinglaces.com\\\/es\\\/\",\"logo\":{\"@type\":\"ImageObject\",\"inLanguage\":\"es\",\"@id\":\"https:\\\/\\\/www.loopkinglaces.com\\\/es\\\/#\\\/schema\\\/logo\\\/image\\\/\",\"url\":\"https:\\\/\\\/www.loopkinglaces.com\\\/wp-content\\\/uploads\\\/LOOP-KING-LACES.1.1-01-LOGO-HI-RES-OFFICIAL-1.png\",\"contentUrl\":\"https:\\\/\\\/www.loopkinglaces.com\\\/wp-content\\\/uploads\\\/LOOP-KING-LACES.1.1-01-LOGO-HI-RES-OFFICIAL-1.png\",\"width\":128,\"height\":91,\"caption\":\"Loop King Laces\"},\"image\":{\"@id\":\"https:\\\/\\\/www.loopkinglaces.com\\\/es\\\/#\\\/schema\\\/logo\\\/image\\\/\"},\"sameAs\":[\"https:\\\/\\\/www.facebook.com\\\/LoopKingLaces\\\/\",\"https:\\\/\\\/x.com\\\/loopkinglaces\",\"https:\\\/\\\/www.instagram.com\\\/loopkinglaces\\\/\"]}]}<\/script>\n<!-- \/ Yoast SEO plugin. -->","yoast_head_json":{"title":"Cuerdas de cuero doradas de lujo con puntas doradas - De Loop King","description":"Compra aqu\u00ed cordones dorados para sudaderas y sudaderas con capucha dise\u00f1ados con materiales de primera calidad. Estos cordones de lujo te har\u00e1n rebosar orgullo.","robots":{"index":"index","follow":"follow","max-snippet":"max-snippet:-1","max-image-preview":"max-image-preview:large","max-video-preview":"max-video-preview:-1"},"canonical":"https:\/\/www.loopkinglaces.com\/es\/products\/cuerdas-de-capucha-de-cuero-doradas-de-lujo-con-puntas-doradas\/","og_locale":"es_ES","og_type":"article","og_title":"Cuerdas de cuero doradas de lujo con puntas doradas - De Loop King","og_description":"Compra aqu\u00ed cordones dorados para sudaderas y sudaderas con capucha dise\u00f1ados con materiales de primera calidad. Estos cordones de lujo te har\u00e1n rebosar orgullo.","og_url":"https:\/\/www.loopkinglaces.com\/es\/products\/cuerdas-de-capucha-de-cuero-doradas-de-lujo-con-puntas-doradas\/","og_site_name":"Luxury Gold Tip Shoelaces by Loop King Laces","article_publisher":"https:\/\/www.facebook.com\/LoopKingLaces\/","og_image":[{"width":1000,"height":1000,"url":"https:\/\/www.loopkinglaces.com\/wp-content\/uploads\/Luxury-Gold-Leather-Shoe-Laces-With-Gold-Tips.jpg","type":"image\/jpeg"}],"twitter_card":"summary_large_image","twitter_site":"@loopkinglaces","schema":{"@context":"https:\/\/schema.org","@graph":[{"@type":["WebPage","ItemPage"],"@id":"https:\/\/www.loopkinglaces.com\/es\/products\/cuerdas-de-capucha-de-cuero-doradas-de-lujo-con-puntas-doradas\/","url":"https:\/\/www.loopkinglaces.com\/es\/products\/cuerdas-de-capucha-de-cuero-doradas-de-lujo-con-puntas-doradas\/","name":"Cuerdas de cuero doradas de lujo con puntas doradas - De Loop King","isPartOf":{"@id":"https:\/\/www.loopkinglaces.com\/es\/#website"},"primaryImageOfPage":{"@id":"https:\/\/www.loopkinglaces.com\/es\/products\/cuerdas-de-capucha-de-cuero-doradas-de-lujo-con-puntas-doradas\/#primaryimage"},"image":{"@id":"https:\/\/www.loopkinglaces.com\/es\/products\/cuerdas-de-capucha-de-cuero-doradas-de-lujo-con-puntas-doradas\/#primaryimage"},"thumbnailUrl":"https:\/\/www.loopkinglaces.com\/wp-content\/uploads\/Luxury-Gold-Leather-Shoe-Laces-With-Gold-Tips.jpg","datePublished":"2023-01-03T05:33:46+00:00","description":"Compra aqu\u00ed cordones dorados para sudaderas y sudaderas con capucha dise\u00f1ados con materiales de primera calidad. Estos cordones de lujo te har\u00e1n rebosar orgullo.","breadcrumb":{"@id":"https:\/\/www.loopkinglaces.com\/es\/products\/cuerdas-de-capucha-de-cuero-doradas-de-lujo-con-puntas-doradas\/#breadcrumb"},"inLanguage":"es","potentialAction":[{"@type":"ReadAction","target":["https:\/\/www.loopkinglaces.com\/es\/products\/cuerdas-de-capucha-de-cuero-doradas-de-lujo-con-puntas-doradas\/"]}]},{"@type":"ImageObject","inLanguage":"es","@id":"https:\/\/www.loopkinglaces.com\/es\/products\/cuerdas-de-capucha-de-cuero-doradas-de-lujo-con-puntas-doradas\/#primaryimage","url":"https:\/\/www.loopkinglaces.com\/wp-content\/uploads\/Luxury-Gold-Leather-Shoe-Laces-With-Gold-Tips.jpg","contentUrl":"https:\/\/www.loopkinglaces.com\/wp-content\/uploads\/Luxury-Gold-Leather-Shoe-Laces-With-Gold-Tips.jpg","width":1000,"height":1000},{"@type":"BreadcrumbList","@id":"https:\/\/www.loopkinglaces.com\/es\/products\/cuerdas-de-capucha-de-cuero-doradas-de-lujo-con-puntas-doradas\/#breadcrumb","itemListElement":[{"@type":"ListItem","position":1,"name":"Home","item":"https:\/\/www.loopkinglaces.com\/es\/"},{"@type":"ListItem","position":2,"name":"COMPRAR LACAS","item":"https:\/\/www.loopkinglaces.com\/es\/comprar-lacas\/"},{"@type":"ListItem","position":3,"name":"Cuerdas de capucha de cuero doradas de lujo con puntas doradas"}]},{"@type":"WebSite","@id":"https:\/\/www.loopkinglaces.com\/es\/#website","url":"https:\/\/www.loopkinglaces.com\/es\/","name":"Luxury Gold Tip Shoelaces by Loop King Laces","description":"Rope Laces, Flat Waxed Laces and Leather Laces. All With Gold Tips.","publisher":{"@id":"https:\/\/www.loopkinglaces.com\/es\/#organization"},"potentialAction":[{"@type":"SearchAction","target":{"@type":"EntryPoint","urlTemplate":"https:\/\/www.loopkinglaces.com\/es\/?s={search_term_string}"},"query-input":{"@type":"PropertyValueSpecification","valueRequired":true,"valueName":"search_term_string"}}],"inLanguage":"es"},{"@type":"Organization","@id":"https:\/\/www.loopkinglaces.com\/es\/#organization","name":"Loop King Laces","url":"https:\/\/www.loopkinglaces.com\/es\/","logo":{"@type":"ImageObject","inLanguage":"es","@id":"https:\/\/www.loopkinglaces.com\/es\/#\/schema\/logo\/image\/","url":"https:\/\/www.loopkinglaces.com\/wp-content\/uploads\/LOOP-KING-LACES.1.1-01-LOGO-HI-RES-OFFICIAL-1.png","contentUrl":"https:\/\/www.loopkinglaces.com\/wp-content\/uploads\/LOOP-KING-LACES.1.1-01-LOGO-HI-RES-OFFICIAL-1.png","width":128,"height":91,"caption":"Loop King Laces"},"image":{"@id":"https:\/\/www.loopkinglaces.com\/es\/#\/schema\/logo\/image\/"},"sameAs":["https:\/\/www.facebook.com\/LoopKingLaces\/","https:\/\/x.com\/loopkinglaces","https:\/\/www.instagram.com\/loopkinglaces\/"]}]}},"_links":{"self":[{"href":"https:\/\/www.loopkinglaces.com\/es\/wp-json\/wp\/v2\/product\/70649","targetHints":{"allow":["GET"]}}],"collection":[{"href":"https:\/\/www.loopkinglaces.com\/es\/wp-json\/wp\/v2\/product"}],"about":[{"href":"https:\/\/www.loopkinglaces.com\/es\/wp-json\/wp\/v2\/types\/product"}],"replies":[{"embeddable":true,"href":"https:\/\/www.loopkinglaces.com\/es\/wp-json\/wp\/v2\/comments?post=70649"}],"wp:featuredmedia":[{"embeddable":true,"href":"https:\/\/www.loopkinglaces.com\/es\/wp-json\/wp\/v2\/media\/74346"}],"wp:attachment":[{"href":"https:\/\/www.loopkinglaces.com\/es\/wp-json\/wp\/v2\/media?parent=70649"}],"wp:term":[{"taxonomy":"product_brand","embeddable":true,"href":"https:\/\/www.loopkinglaces.com\/es\/wp-json\/wp\/v2\/product_brand?post=70649"},{"taxonomy":"product_cat","embeddable":true,"href":"https:\/\/www.loopkinglaces.com\/es\/wp-json\/wp\/v2\/product_cat?post=70649"},{"taxonomy":"product_tag","embeddable":true,"href":"https:\/\/www.loopkinglaces.com\/es\/wp-json\/wp\/v2\/product_tag?post=70649"},{"taxonomy":"woo-feed-brand","embeddable":true,"href":"https:\/\/www.loopkinglaces.com\/es\/wp-json\/wp\/v2\/woo-feed-brand?post=70649"}],"curies":[{"name":"wp","href":"https:\/\/api.w.org\/{rel}","templated":true}]}}