{"id":70395,"date":"2024-02-07T16:07:02","date_gmt":"2024-02-07T16:07:02","guid":{"rendered":"https:\/\/www.loopkinglaces.com\/products\/protectores-de-suela-flexibles-para-mejorar-proteger-y-reforzar-el-calzado-de-fantasia\/"},"modified":"2024-02-07T16:07:02","modified_gmt":"2024-02-07T16:07:02","slug":"protectores-de-suela-flexibles-para-mejorar-proteger-y-reforzar-el-calzado-de-fantasia","status":"publish","type":"product","link":"https:\/\/www.loopkinglaces.com\/es\/products\/protectores-de-suela-flexibles-para-mejorar-proteger-y-reforzar-el-calzado-de-fantasia\/","title":{"rendered":"Protectores de Suela Flexibles para Mejorar, Proteger y Reforzar el Calzado de Fantas\u00eda"},"content":{"rendered":"<p><i><span style=\"font-weight: 400;\">\u00bfAcabas de comprar un nuevo par de zapatos de vestir de piel?<\/span><\/i><\/p>\n<p><span style=\"font-weight: 400;\">Entonces tendr\u00e1s que hacer todo lo posible por mantenerlos como nuevos.<br \/>\nEn particular,   <\/span><b>las suelas de tus zapatos necesitan protecci\u00f3n contra el desgaste<\/b><span style=\"font-weight: 400;\">. <\/span> <\/p>\n<p><span style=\"font-weight: 400;\">Piensa en tus zapatos como en una inversi\u00f3n similar a la de un coche o una casa.<br \/>\nEn cuanto te los lleves a casa,   <\/span><b>el valor empieza a disminuir<\/b><span style=\"font-weight: 400;\">. <\/span><span style=\"font-weight: 400;\">La forma n\u00ba 1 de conservar el valor de tu calzado es utilizar protectores de suela. <\/span><span style=\"font-weight: 400;\">Adem\u00e1s, har\u00e1n que tu calzado dure mucho m\u00e1s, lo que significa que podr\u00e1s llevarlo durante mucho tiempo sin preocuparte de que te lo resuelvan. <\/span> <\/p>\n","protected":false},"excerpt":{"rendered":"<p><span style=\"font-weight: 400;\">Nuestros protectores de suela incorporan materiales de primera calidad y un dise\u00f1o de vanguardia para garantizar que cada cent\u00edmetro cuadrado de tu suela permanezca protegido.  <\/span><\/p>\n<p><span style=\"font-weight: 400;\">Y lo que es a\u00fan mejor, evitan el proceso de oxidaci\u00f3n, que es lo que hace que tus suelas adquieran un feo tono amarillo.<br \/>\nNuestros protectores de suelas cubren la totalidad de cada suela para garantizar que no se produzca la oxidaci\u00f3n.   <\/span><\/p>\n<p><span style=\"font-weight: 400;\">Tambi\u00e9n tienen un aspecto elegante y refinado, por lo que no tendr\u00e1s que preocuparte de que nadie vea tus protectores de suelas, como ocurrir\u00eda con otras marcas. <\/span><span style=\"font-weight: 400;\">Adem\u00e1s, nuestros protectores de suelas <\/span><b>hacen que el arrastre del tal\u00f3n sea cosa del pasado<\/b><span style=\"font-weight: 400;\">. <\/span><span style=\"font-weight: 400;\">Tus zapatos reciben una paliza con cada paso que das, especialmente el tal\u00f3n, por eso es tan importante reforzar las suelas. <\/span><span style=\"font-weight: 400;\">Consulta la lista completa de caracter\u00edsticas a continuaci\u00f3n:<\/span><\/p>\n<ul>\n<li style=\"font-weight: 400;\" aria-level=\"1\"><span style=\"font-weight: 400;\">Materiales de primera calidad<\/span><\/li>\n<li style=\"font-weight: 400;\" aria-level=\"1\"><span style=\"font-weight: 400;\">Embalaje sellado e impactante  <\/span><\/li>\n<li style=\"font-weight: 400;\" aria-level=\"1\"><span style=\"font-weight: 400;\">Durar\u00e1 m\u00e1s que otras marcas<\/span><\/li>\n<li style=\"font-weight: 400;\" aria-level=\"1\"><span style=\"font-weight: 400;\">Protecci\u00f3n total para evitar la oxidaci\u00f3n y el arrastre del tal\u00f3n<\/span><\/li>\n<\/ul>\n","protected":false},"featured_media":56260,"comment_status":"open","ping_status":"closed","template":"","meta":{"_acf_changed":false},"product_brand":[],"product_cat":[1153,1438,877],"product_tag":[],"woo-feed-brand":[],"class_list":{"0":"post-70395","1":"product","2":"type-product","3":"status-publish","4":"has-post-thumbnail","6":"product_cat-cordones-punta-de-oro","7":"product_cat-sin-categoria","8":"product_cat-todos-los-cordones","10":"first","11":"instock","12":"taxable","13":"shipping-taxable","14":"purchasable","15":"product-type-simple"},"acf":[],"yoast_head":"<!-- This site is optimized with the Yoast SEO plugin v27.5 - https:\/\/yoast.com\/product\/yoast-seo-wordpress\/ -->\n<title>Protectores de suela duraderos para prolongar la vida \u00fatil de tus zapatos<\/title>\n<meta name=\"description\" content=\"\u00bfQuieres mantener impecables tus elegantes zapatos de vestir? Entonces tienes que echar un vistazo a nuestros protectores de suelas de primera calidad para proteger tus zapatos de las inclemencias del tiempo.\" \/>\n<meta name=\"robots\" content=\"index, follow, max-snippet:-1, max-image-preview:large, max-video-preview:-1\" \/>\n<link rel=\"canonical\" href=\"https:\/\/www.loopkinglaces.com\/es\/products\/protectores-de-suela-flexibles-para-mejorar-proteger-y-reforzar-el-calzado-de-fantasia\/\" \/>\n<meta property=\"og:locale\" content=\"es_ES\" \/>\n<meta property=\"og:type\" content=\"article\" \/>\n<meta property=\"og:title\" content=\"Protectores de suela duraderos para prolongar la vida \u00fatil de tus zapatos\" \/>\n<meta property=\"og:description\" content=\"\u00bfQuieres mantener impecables tus elegantes zapatos de vestir? Entonces tienes que echar un vistazo a nuestros protectores de suelas de primera calidad para proteger tus zapatos de las inclemencias del tiempo.\" \/>\n<meta property=\"og:url\" content=\"https:\/\/www.loopkinglaces.com\/es\/products\/protectores-de-suela-flexibles-para-mejorar-proteger-y-reforzar-el-calzado-de-fantasia\/\" \/>\n<meta property=\"og:site_name\" content=\"Luxury Gold Tip Shoelaces by Loop King Laces\" \/>\n<meta property=\"article:publisher\" content=\"https:\/\/www.facebook.com\/LoopKingLaces\/\" \/>\n<meta property=\"og:image\" content=\"https:\/\/www.loopkinglaces.com\/wp-content\/uploads\/LKL-Sole-Protector-Front.png\" \/>\n\t<meta property=\"og:image:width\" content=\"584\" \/>\n\t<meta property=\"og:image:height\" content=\"1575\" \/>\n\t<meta property=\"og:image:type\" content=\"image\/png\" \/>\n<meta name=\"twitter:card\" content=\"summary_large_image\" \/>\n<meta name=\"twitter:site\" content=\"@loopkinglaces\" \/>\n<meta name=\"twitter:label1\" content=\"Tiempo de lectura\" \/>\n\t<meta name=\"twitter:data1\" content=\"1 minuto\" \/>\n<script type=\"application\/ld+json\" class=\"yoast-schema-graph\">{\"@context\":\"https:\\\/\\\/schema.org\",\"@graph\":[{\"@type\":[\"WebPage\",\"ItemPage\"],\"@id\":\"https:\\\/\\\/www.loopkinglaces.com\\\/es\\\/products\\\/protectores-de-suela-flexibles-para-mejorar-proteger-y-reforzar-el-calzado-de-fantasia\\\/\",\"url\":\"https:\\\/\\\/www.loopkinglaces.com\\\/es\\\/products\\\/protectores-de-suela-flexibles-para-mejorar-proteger-y-reforzar-el-calzado-de-fantasia\\\/\",\"name\":\"Protectores de suela duraderos para prolongar la vida \u00fatil de tus zapatos\",\"isPartOf\":{\"@id\":\"https:\\\/\\\/www.loopkinglaces.com\\\/es\\\/#website\"},\"primaryImageOfPage\":{\"@id\":\"https:\\\/\\\/www.loopkinglaces.com\\\/es\\\/products\\\/protectores-de-suela-flexibles-para-mejorar-proteger-y-reforzar-el-calzado-de-fantasia\\\/#primaryimage\"},\"image\":{\"@id\":\"https:\\\/\\\/www.loopkinglaces.com\\\/es\\\/products\\\/protectores-de-suela-flexibles-para-mejorar-proteger-y-reforzar-el-calzado-de-fantasia\\\/#primaryimage\"},\"thumbnailUrl\":\"https:\\\/\\\/www.loopkinglaces.com\\\/wp-content\\\/uploads\\\/LKL-Sole-Protector-Front.png\",\"datePublished\":\"2024-02-07T16:07:02+00:00\",\"description\":\"\u00bfQuieres mantener impecables tus elegantes zapatos de vestir? Entonces tienes que echar un vistazo a nuestros protectores de suelas de primera calidad para proteger tus zapatos de las inclemencias del tiempo.\",\"breadcrumb\":{\"@id\":\"https:\\\/\\\/www.loopkinglaces.com\\\/es\\\/products\\\/protectores-de-suela-flexibles-para-mejorar-proteger-y-reforzar-el-calzado-de-fantasia\\\/#breadcrumb\"},\"inLanguage\":\"es\",\"potentialAction\":[{\"@type\":\"ReadAction\",\"target\":[\"https:\\\/\\\/www.loopkinglaces.com\\\/es\\\/products\\\/protectores-de-suela-flexibles-para-mejorar-proteger-y-reforzar-el-calzado-de-fantasia\\\/\"]}]},{\"@type\":\"ImageObject\",\"inLanguage\":\"es\",\"@id\":\"https:\\\/\\\/www.loopkinglaces.com\\\/es\\\/products\\\/protectores-de-suela-flexibles-para-mejorar-proteger-y-reforzar-el-calzado-de-fantasia\\\/#primaryimage\",\"url\":\"https:\\\/\\\/www.loopkinglaces.com\\\/wp-content\\\/uploads\\\/LKL-Sole-Protector-Front.png\",\"contentUrl\":\"https:\\\/\\\/www.loopkinglaces.com\\\/wp-content\\\/uploads\\\/LKL-Sole-Protector-Front.png\",\"width\":584,\"height\":1575},{\"@type\":\"BreadcrumbList\",\"@id\":\"https:\\\/\\\/www.loopkinglaces.com\\\/es\\\/products\\\/protectores-de-suela-flexibles-para-mejorar-proteger-y-reforzar-el-calzado-de-fantasia\\\/#breadcrumb\",\"itemListElement\":[{\"@type\":\"ListItem\",\"position\":1,\"name\":\"Home\",\"item\":\"https:\\\/\\\/www.loopkinglaces.com\\\/es\\\/\"},{\"@type\":\"ListItem\",\"position\":2,\"name\":\"COMPRAR LACAS\",\"item\":\"https:\\\/\\\/www.loopkinglaces.com\\\/es\\\/comprar-lacas\\\/\"},{\"@type\":\"ListItem\",\"position\":3,\"name\":\"Protectores de Suela Flexibles para Mejorar, Proteger y Reforzar el Calzado de Fantas\u00eda\"}]},{\"@type\":\"WebSite\",\"@id\":\"https:\\\/\\\/www.loopkinglaces.com\\\/es\\\/#website\",\"url\":\"https:\\\/\\\/www.loopkinglaces.com\\\/es\\\/\",\"name\":\"Luxury Gold Tip Shoelaces by Loop King Laces\",\"description\":\"Rope Laces, Flat Waxed Laces and Leather Laces. All With Gold Tips.\",\"publisher\":{\"@id\":\"https:\\\/\\\/www.loopkinglaces.com\\\/es\\\/#organization\"},\"potentialAction\":[{\"@type\":\"SearchAction\",\"target\":{\"@type\":\"EntryPoint\",\"urlTemplate\":\"https:\\\/\\\/www.loopkinglaces.com\\\/es\\\/?s={search_term_string}\"},\"query-input\":{\"@type\":\"PropertyValueSpecification\",\"valueRequired\":true,\"valueName\":\"search_term_string\"}}],\"inLanguage\":\"es\"},{\"@type\":\"Organization\",\"@id\":\"https:\\\/\\\/www.loopkinglaces.com\\\/es\\\/#organization\",\"name\":\"Loop King Laces\",\"url\":\"https:\\\/\\\/www.loopkinglaces.com\\\/es\\\/\",\"logo\":{\"@type\":\"ImageObject\",\"inLanguage\":\"es\",\"@id\":\"https:\\\/\\\/www.loopkinglaces.com\\\/es\\\/#\\\/schema\\\/logo\\\/image\\\/\",\"url\":\"https:\\\/\\\/www.loopkinglaces.com\\\/wp-content\\\/uploads\\\/LOOP-KING-LACES.1.1-01-LOGO-HI-RES-OFFICIAL-1.png\",\"contentUrl\":\"https:\\\/\\\/www.loopkinglaces.com\\\/wp-content\\\/uploads\\\/LOOP-KING-LACES.1.1-01-LOGO-HI-RES-OFFICIAL-1.png\",\"width\":128,\"height\":91,\"caption\":\"Loop King Laces\"},\"image\":{\"@id\":\"https:\\\/\\\/www.loopkinglaces.com\\\/es\\\/#\\\/schema\\\/logo\\\/image\\\/\"},\"sameAs\":[\"https:\\\/\\\/www.facebook.com\\\/LoopKingLaces\\\/\",\"https:\\\/\\\/x.com\\\/loopkinglaces\",\"https:\\\/\\\/www.instagram.com\\\/loopkinglaces\\\/\"]}]}<\/script>\n<!-- \/ Yoast SEO plugin. -->","yoast_head_json":{"title":"Protectores de suela duraderos para prolongar la vida \u00fatil de tus zapatos","description":"\u00bfQuieres mantener impecables tus elegantes zapatos de vestir? Entonces tienes que echar un vistazo a nuestros protectores de suelas de primera calidad para proteger tus zapatos de las inclemencias del tiempo.","robots":{"index":"index","follow":"follow","max-snippet":"max-snippet:-1","max-image-preview":"max-image-preview:large","max-video-preview":"max-video-preview:-1"},"canonical":"https:\/\/www.loopkinglaces.com\/es\/products\/protectores-de-suela-flexibles-para-mejorar-proteger-y-reforzar-el-calzado-de-fantasia\/","og_locale":"es_ES","og_type":"article","og_title":"Protectores de suela duraderos para prolongar la vida \u00fatil de tus zapatos","og_description":"\u00bfQuieres mantener impecables tus elegantes zapatos de vestir? Entonces tienes que echar un vistazo a nuestros protectores de suelas de primera calidad para proteger tus zapatos de las inclemencias del tiempo.","og_url":"https:\/\/www.loopkinglaces.com\/es\/products\/protectores-de-suela-flexibles-para-mejorar-proteger-y-reforzar-el-calzado-de-fantasia\/","og_site_name":"Luxury Gold Tip Shoelaces by Loop King Laces","article_publisher":"https:\/\/www.facebook.com\/LoopKingLaces\/","og_image":[{"width":584,"height":1575,"url":"https:\/\/www.loopkinglaces.com\/wp-content\/uploads\/LKL-Sole-Protector-Front.png","type":"image\/png"}],"twitter_card":"summary_large_image","twitter_site":"@loopkinglaces","twitter_misc":{"Tiempo de lectura":"1 minuto"},"schema":{"@context":"https:\/\/schema.org","@graph":[{"@type":["WebPage","ItemPage"],"@id":"https:\/\/www.loopkinglaces.com\/es\/products\/protectores-de-suela-flexibles-para-mejorar-proteger-y-reforzar-el-calzado-de-fantasia\/","url":"https:\/\/www.loopkinglaces.com\/es\/products\/protectores-de-suela-flexibles-para-mejorar-proteger-y-reforzar-el-calzado-de-fantasia\/","name":"Protectores de suela duraderos para prolongar la vida \u00fatil de tus zapatos","isPartOf":{"@id":"https:\/\/www.loopkinglaces.com\/es\/#website"},"primaryImageOfPage":{"@id":"https:\/\/www.loopkinglaces.com\/es\/products\/protectores-de-suela-flexibles-para-mejorar-proteger-y-reforzar-el-calzado-de-fantasia\/#primaryimage"},"image":{"@id":"https:\/\/www.loopkinglaces.com\/es\/products\/protectores-de-suela-flexibles-para-mejorar-proteger-y-reforzar-el-calzado-de-fantasia\/#primaryimage"},"thumbnailUrl":"https:\/\/www.loopkinglaces.com\/wp-content\/uploads\/LKL-Sole-Protector-Front.png","datePublished":"2024-02-07T16:07:02+00:00","description":"\u00bfQuieres mantener impecables tus elegantes zapatos de vestir? Entonces tienes que echar un vistazo a nuestros protectores de suelas de primera calidad para proteger tus zapatos de las inclemencias del tiempo.","breadcrumb":{"@id":"https:\/\/www.loopkinglaces.com\/es\/products\/protectores-de-suela-flexibles-para-mejorar-proteger-y-reforzar-el-calzado-de-fantasia\/#breadcrumb"},"inLanguage":"es","potentialAction":[{"@type":"ReadAction","target":["https:\/\/www.loopkinglaces.com\/es\/products\/protectores-de-suela-flexibles-para-mejorar-proteger-y-reforzar-el-calzado-de-fantasia\/"]}]},{"@type":"ImageObject","inLanguage":"es","@id":"https:\/\/www.loopkinglaces.com\/es\/products\/protectores-de-suela-flexibles-para-mejorar-proteger-y-reforzar-el-calzado-de-fantasia\/#primaryimage","url":"https:\/\/www.loopkinglaces.com\/wp-content\/uploads\/LKL-Sole-Protector-Front.png","contentUrl":"https:\/\/www.loopkinglaces.com\/wp-content\/uploads\/LKL-Sole-Protector-Front.png","width":584,"height":1575},{"@type":"BreadcrumbList","@id":"https:\/\/www.loopkinglaces.com\/es\/products\/protectores-de-suela-flexibles-para-mejorar-proteger-y-reforzar-el-calzado-de-fantasia\/#breadcrumb","itemListElement":[{"@type":"ListItem","position":1,"name":"Home","item":"https:\/\/www.loopkinglaces.com\/es\/"},{"@type":"ListItem","position":2,"name":"COMPRAR LACAS","item":"https:\/\/www.loopkinglaces.com\/es\/comprar-lacas\/"},{"@type":"ListItem","position":3,"name":"Protectores de Suela Flexibles para Mejorar, Proteger y Reforzar el Calzado de Fantas\u00eda"}]},{"@type":"WebSite","@id":"https:\/\/www.loopkinglaces.com\/es\/#website","url":"https:\/\/www.loopkinglaces.com\/es\/","name":"Luxury Gold Tip Shoelaces by Loop King Laces","description":"Rope Laces, Flat Waxed Laces and Leather Laces. All With Gold Tips.","publisher":{"@id":"https:\/\/www.loopkinglaces.com\/es\/#organization"},"potentialAction":[{"@type":"SearchAction","target":{"@type":"EntryPoint","urlTemplate":"https:\/\/www.loopkinglaces.com\/es\/?s={search_term_string}"},"query-input":{"@type":"PropertyValueSpecification","valueRequired":true,"valueName":"search_term_string"}}],"inLanguage":"es"},{"@type":"Organization","@id":"https:\/\/www.loopkinglaces.com\/es\/#organization","name":"Loop King Laces","url":"https:\/\/www.loopkinglaces.com\/es\/","logo":{"@type":"ImageObject","inLanguage":"es","@id":"https:\/\/www.loopkinglaces.com\/es\/#\/schema\/logo\/image\/","url":"https:\/\/www.loopkinglaces.com\/wp-content\/uploads\/LOOP-KING-LACES.1.1-01-LOGO-HI-RES-OFFICIAL-1.png","contentUrl":"https:\/\/www.loopkinglaces.com\/wp-content\/uploads\/LOOP-KING-LACES.1.1-01-LOGO-HI-RES-OFFICIAL-1.png","width":128,"height":91,"caption":"Loop King Laces"},"image":{"@id":"https:\/\/www.loopkinglaces.com\/es\/#\/schema\/logo\/image\/"},"sameAs":["https:\/\/www.facebook.com\/LoopKingLaces\/","https:\/\/x.com\/loopkinglaces","https:\/\/www.instagram.com\/loopkinglaces\/"]}]}},"_links":{"self":[{"href":"https:\/\/www.loopkinglaces.com\/es\/wp-json\/wp\/v2\/product\/70395","targetHints":{"allow":["GET"]}}],"collection":[{"href":"https:\/\/www.loopkinglaces.com\/es\/wp-json\/wp\/v2\/product"}],"about":[{"href":"https:\/\/www.loopkinglaces.com\/es\/wp-json\/wp\/v2\/types\/product"}],"replies":[{"embeddable":true,"href":"https:\/\/www.loopkinglaces.com\/es\/wp-json\/wp\/v2\/comments?post=70395"}],"wp:featuredmedia":[{"embeddable":true,"href":"https:\/\/www.loopkinglaces.com\/es\/wp-json\/wp\/v2\/media\/56260"}],"wp:attachment":[{"href":"https:\/\/www.loopkinglaces.com\/es\/wp-json\/wp\/v2\/media?parent=70395"}],"wp:term":[{"taxonomy":"product_brand","embeddable":true,"href":"https:\/\/www.loopkinglaces.com\/es\/wp-json\/wp\/v2\/product_brand?post=70395"},{"taxonomy":"product_cat","embeddable":true,"href":"https:\/\/www.loopkinglaces.com\/es\/wp-json\/wp\/v2\/product_cat?post=70395"},{"taxonomy":"product_tag","embeddable":true,"href":"https:\/\/www.loopkinglaces.com\/es\/wp-json\/wp\/v2\/product_tag?post=70395"},{"taxonomy":"woo-feed-brand","embeddable":true,"href":"https:\/\/www.loopkinglaces.com\/es\/wp-json\/wp\/v2\/woo-feed-brand?post=70395"}],"curies":[{"name":"wp","href":"https:\/\/api.w.org\/{rel}","templated":true}]}}