{"id":70281,"date":"2024-02-07T15:51:42","date_gmt":"2024-02-07T15:51:42","guid":{"rendered":"https:\/\/www.loopkinglaces.com\/products\/protectores-de-pliegues-resistentes-que-mantienen-las-zapatillas-en-perfecto-estado\/"},"modified":"2024-02-07T15:51:42","modified_gmt":"2024-02-07T15:51:42","slug":"protectores-de-pliegues-resistentes-que-mantienen-las-zapatillas-en-perfecto-estado","status":"publish","type":"product","link":"https:\/\/www.loopkinglaces.com\/es\/products\/protectores-de-pliegues-resistentes-que-mantienen-las-zapatillas-en-perfecto-estado\/","title":{"rendered":"Protectores de pliegues resistentes que mantienen las zapatillas en perfecto estado"},"content":{"rendered":"<p><span style=\"font-weight: 400;\">As\u00ed que si quieres sacar el m\u00e1ximo partido a un nuevo par de Yeezys, Jordans o Chuck Taylors, los protectores de pliegues deber\u00edan ser tu pr\u00f3xima compra.  <\/span><\/p>\n<p><span style=\"font-weight: 400;\">No te conformes con protectores de pliegues de calidad inferior que se doblan y rompen al cabo de pocos meses.<br \/>\nNuestros protectores de pliegues   <\/span><b>materiales de primera calidad <\/b><span style=\"font-weight: 400;\">para garantizar que sigan funcionando para ti durante mucho tiempo. <\/span><span style=\"font-weight: 400;\">Con nuestros protectores de pliegues reforzando tu par de zapatillas favoritas, no tendr\u00e1s que preocuparte de que se formen arrugas poco est\u00e9ticas en un futuro pr\u00f3ximo. <\/span> <\/p>\n","protected":false},"excerpt":{"rendered":"<p><i><span style=\"font-weight: 400;\">\u00bfAcabas de invertir en un nuevo par de zapatillas de gama alta?<\/span><\/i><\/p>\n<p><span style=\"font-weight: 400;\">Si es as\u00ed, querr\u00e1s hacer todo lo posible para mantenerlos como nuevos.<br \/>\nLo m\u00e1s importante es que necesites un par de   <\/span><b>protectores de pliegues<\/b><span style=\"font-weight: 400;\"> para evitar que la puntera se arrugue. <\/span> <\/p>\n<p><span style=\"font-weight: 400;\">Sin un protector de pliegues, el material de la puntera se contorsionar\u00e1 y doblar\u00e1 con cada paso que des.<br \/>\nCon el tiempo, empezar\u00e1n a aparecer pliegues profundos que har\u00e1n que parezcan viejos y desgastados.   <\/span><\/p>\n<p><span style=\"font-weight: 400;\">Nuestros protectores de pliegues son incre\u00edbles porque aumentan la vida \u00fatil de tus zapatillas.  <\/span><\/p>\n<p><span style=\"font-weight: 400;\">Consulta la lista completa de funciones a continuaci\u00f3n:<\/span><\/p>\n<ul>\n<li style=\"font-weight: 400;\" aria-level=\"1\"><span style=\"font-weight: 400;\">Materiales duraderos para una vida \u00fatil extralarga<\/span><\/li>\n<li style=\"font-weight: 400;\" aria-level=\"1\"><span style=\"font-weight: 400;\">Disponible en blanco y negro<\/span><\/li>\n<li style=\"font-weight: 400;\" aria-level=\"1\"><span style=\"font-weight: 400;\">Embalaje sellado e impactante<\/span><\/li>\n<li style=\"font-weight: 400;\" aria-level=\"1\"><span style=\"font-weight: 400;\">Se adapta a las principales marcas de zapatillas<\/span><\/li>\n<li style=\"font-weight: 400;\" aria-level=\"1\"><span style=\"font-weight: 400;\">Evitar\u00e1 que se formen pliegues en la puntera<\/span><\/li>\n<\/ul>\n","protected":false},"featured_media":70282,"comment_status":"open","ping_status":"closed","template":"","meta":{"_acf_changed":false},"product_brand":[],"product_cat":[1153,1438,877],"product_tag":[],"woo-feed-brand":[],"class_list":{"0":"post-70281","1":"product","2":"type-product","3":"status-publish","4":"has-post-thumbnail","6":"product_cat-cordones-punta-de-oro","7":"product_cat-sin-categoria","8":"product_cat-todos-los-cordones","10":"first","11":"instock","12":"taxable","13":"shipping-taxable","14":"purchasable","15":"product-type-variable"},"acf":[],"yoast_head":"<!-- This site is optimized with the Yoast SEO plugin v27.4 - https:\/\/yoast.com\/product\/yoast-seo-wordpress\/ -->\n<title>Protectores de pliegues de alta gama para una puntera superior impecable<\/title>\n<meta name=\"description\" content=\"Las arrugas profundas arruinan el aspecto de cualquier zapatilla, y la mala noticia es que son inevitables a menos que tengas protecci\u00f3n, as\u00ed que echa un vistazo a nuestros protectores de arrugas.\" \/>\n<meta name=\"robots\" content=\"index, follow, max-snippet:-1, max-image-preview:large, max-video-preview:-1\" \/>\n<link rel=\"canonical\" href=\"https:\/\/www.loopkinglaces.com\/es\/products\/protectores-de-pliegues-resistentes-que-mantienen-las-zapatillas-en-perfecto-estado\/\" \/>\n<meta property=\"og:locale\" content=\"es_ES\" \/>\n<meta property=\"og:type\" content=\"article\" \/>\n<meta property=\"og:title\" content=\"Protectores de pliegues de alta gama para una puntera superior impecable\" \/>\n<meta property=\"og:description\" content=\"Las arrugas profundas arruinan el aspecto de cualquier zapatilla, y la mala noticia es que son inevitables a menos que tengas protecci\u00f3n, as\u00ed que echa un vistazo a nuestros protectores de arrugas.\" \/>\n<meta property=\"og:url\" content=\"https:\/\/www.loopkinglaces.com\/es\/products\/protectores-de-pliegues-resistentes-que-mantienen-las-zapatillas-en-perfecto-estado\/\" \/>\n<meta property=\"og:site_name\" content=\"Luxury Gold Tip Shoelaces by Loop King Laces\" \/>\n<meta property=\"article:publisher\" content=\"https:\/\/www.facebook.com\/LoopKingLaces\/\" \/>\n<meta property=\"og:image\" content=\"https:\/\/www.loopkinglaces.com\/wp-content\/uploads\/Crease-Protector-Yellow-3.jpg\" \/>\n\t<meta property=\"og:image:width\" content=\"578\" \/>\n\t<meta property=\"og:image:height\" content=\"575\" \/>\n\t<meta property=\"og:image:type\" content=\"image\/jpeg\" \/>\n<meta name=\"twitter:card\" content=\"summary_large_image\" \/>\n<meta name=\"twitter:site\" content=\"@loopkinglaces\" \/>\n<script type=\"application\/ld+json\" class=\"yoast-schema-graph\">{\"@context\":\"https:\\\/\\\/schema.org\",\"@graph\":[{\"@type\":[\"WebPage\",\"ItemPage\"],\"@id\":\"https:\\\/\\\/www.loopkinglaces.com\\\/es\\\/products\\\/protectores-de-pliegues-resistentes-que-mantienen-las-zapatillas-en-perfecto-estado\\\/\",\"url\":\"https:\\\/\\\/www.loopkinglaces.com\\\/es\\\/products\\\/protectores-de-pliegues-resistentes-que-mantienen-las-zapatillas-en-perfecto-estado\\\/\",\"name\":\"Protectores de pliegues de alta gama para una puntera superior impecable\",\"isPartOf\":{\"@id\":\"https:\\\/\\\/www.loopkinglaces.com\\\/es\\\/#website\"},\"primaryImageOfPage\":{\"@id\":\"https:\\\/\\\/www.loopkinglaces.com\\\/es\\\/products\\\/protectores-de-pliegues-resistentes-que-mantienen-las-zapatillas-en-perfecto-estado\\\/#primaryimage\"},\"image\":{\"@id\":\"https:\\\/\\\/www.loopkinglaces.com\\\/es\\\/products\\\/protectores-de-pliegues-resistentes-que-mantienen-las-zapatillas-en-perfecto-estado\\\/#primaryimage\"},\"thumbnailUrl\":\"https:\\\/\\\/www.loopkinglaces.com\\\/wp-content\\\/uploads\\\/Crease-Protector-Yellow-3.jpg\",\"datePublished\":\"2024-02-07T15:51:42+00:00\",\"description\":\"Las arrugas profundas arruinan el aspecto de cualquier zapatilla, y la mala noticia es que son inevitables a menos que tengas protecci\u00f3n, as\u00ed que echa un vistazo a nuestros protectores de arrugas.\",\"breadcrumb\":{\"@id\":\"https:\\\/\\\/www.loopkinglaces.com\\\/es\\\/products\\\/protectores-de-pliegues-resistentes-que-mantienen-las-zapatillas-en-perfecto-estado\\\/#breadcrumb\"},\"inLanguage\":\"es\",\"potentialAction\":[{\"@type\":\"ReadAction\",\"target\":[\"https:\\\/\\\/www.loopkinglaces.com\\\/es\\\/products\\\/protectores-de-pliegues-resistentes-que-mantienen-las-zapatillas-en-perfecto-estado\\\/\"]}]},{\"@type\":\"ImageObject\",\"inLanguage\":\"es\",\"@id\":\"https:\\\/\\\/www.loopkinglaces.com\\\/es\\\/products\\\/protectores-de-pliegues-resistentes-que-mantienen-las-zapatillas-en-perfecto-estado\\\/#primaryimage\",\"url\":\"https:\\\/\\\/www.loopkinglaces.com\\\/wp-content\\\/uploads\\\/Crease-Protector-Yellow-3.jpg\",\"contentUrl\":\"https:\\\/\\\/www.loopkinglaces.com\\\/wp-content\\\/uploads\\\/Crease-Protector-Yellow-3.jpg\",\"width\":578,\"height\":575},{\"@type\":\"BreadcrumbList\",\"@id\":\"https:\\\/\\\/www.loopkinglaces.com\\\/es\\\/products\\\/protectores-de-pliegues-resistentes-que-mantienen-las-zapatillas-en-perfecto-estado\\\/#breadcrumb\",\"itemListElement\":[{\"@type\":\"ListItem\",\"position\":1,\"name\":\"Home\",\"item\":\"https:\\\/\\\/www.loopkinglaces.com\\\/es\\\/\"},{\"@type\":\"ListItem\",\"position\":2,\"name\":\"COMPRAR LACAS\",\"item\":\"https:\\\/\\\/www.loopkinglaces.com\\\/es\\\/comprar-lacas\\\/\"},{\"@type\":\"ListItem\",\"position\":3,\"name\":\"Protectores de pliegues resistentes que mantienen las zapatillas en perfecto estado\"}]},{\"@type\":\"WebSite\",\"@id\":\"https:\\\/\\\/www.loopkinglaces.com\\\/es\\\/#website\",\"url\":\"https:\\\/\\\/www.loopkinglaces.com\\\/es\\\/\",\"name\":\"Luxury Gold Tip Shoelaces by Loop King Laces\",\"description\":\"Rope Laces, Flat Waxed Laces and Leather Laces. All With Gold Tips.\",\"publisher\":{\"@id\":\"https:\\\/\\\/www.loopkinglaces.com\\\/es\\\/#organization\"},\"potentialAction\":[{\"@type\":\"SearchAction\",\"target\":{\"@type\":\"EntryPoint\",\"urlTemplate\":\"https:\\\/\\\/www.loopkinglaces.com\\\/es\\\/?s={search_term_string}\"},\"query-input\":{\"@type\":\"PropertyValueSpecification\",\"valueRequired\":true,\"valueName\":\"search_term_string\"}}],\"inLanguage\":\"es\"},{\"@type\":\"Organization\",\"@id\":\"https:\\\/\\\/www.loopkinglaces.com\\\/es\\\/#organization\",\"name\":\"Loop King Laces\",\"url\":\"https:\\\/\\\/www.loopkinglaces.com\\\/es\\\/\",\"logo\":{\"@type\":\"ImageObject\",\"inLanguage\":\"es\",\"@id\":\"https:\\\/\\\/www.loopkinglaces.com\\\/es\\\/#\\\/schema\\\/logo\\\/image\\\/\",\"url\":\"https:\\\/\\\/www.loopkinglaces.com\\\/wp-content\\\/uploads\\\/LOOP-KING-LACES.1.1-01-LOGO-HI-RES-OFFICIAL-1.png\",\"contentUrl\":\"https:\\\/\\\/www.loopkinglaces.com\\\/wp-content\\\/uploads\\\/LOOP-KING-LACES.1.1-01-LOGO-HI-RES-OFFICIAL-1.png\",\"width\":128,\"height\":91,\"caption\":\"Loop King Laces\"},\"image\":{\"@id\":\"https:\\\/\\\/www.loopkinglaces.com\\\/es\\\/#\\\/schema\\\/logo\\\/image\\\/\"},\"sameAs\":[\"https:\\\/\\\/www.facebook.com\\\/LoopKingLaces\\\/\",\"https:\\\/\\\/x.com\\\/loopkinglaces\",\"https:\\\/\\\/www.instagram.com\\\/loopkinglaces\\\/\"]}]}<\/script>\n<!-- \/ Yoast SEO plugin. -->","yoast_head_json":{"title":"Protectores de pliegues de alta gama para una puntera superior impecable","description":"Las arrugas profundas arruinan el aspecto de cualquier zapatilla, y la mala noticia es que son inevitables a menos que tengas protecci\u00f3n, as\u00ed que echa un vistazo a nuestros protectores de arrugas.","robots":{"index":"index","follow":"follow","max-snippet":"max-snippet:-1","max-image-preview":"max-image-preview:large","max-video-preview":"max-video-preview:-1"},"canonical":"https:\/\/www.loopkinglaces.com\/es\/products\/protectores-de-pliegues-resistentes-que-mantienen-las-zapatillas-en-perfecto-estado\/","og_locale":"es_ES","og_type":"article","og_title":"Protectores de pliegues de alta gama para una puntera superior impecable","og_description":"Las arrugas profundas arruinan el aspecto de cualquier zapatilla, y la mala noticia es que son inevitables a menos que tengas protecci\u00f3n, as\u00ed que echa un vistazo a nuestros protectores de arrugas.","og_url":"https:\/\/www.loopkinglaces.com\/es\/products\/protectores-de-pliegues-resistentes-que-mantienen-las-zapatillas-en-perfecto-estado\/","og_site_name":"Luxury Gold Tip Shoelaces by Loop King Laces","article_publisher":"https:\/\/www.facebook.com\/LoopKingLaces\/","og_image":[{"width":578,"height":575,"url":"https:\/\/www.loopkinglaces.com\/wp-content\/uploads\/Crease-Protector-Yellow-3.jpg","type":"image\/jpeg"}],"twitter_card":"summary_large_image","twitter_site":"@loopkinglaces","schema":{"@context":"https:\/\/schema.org","@graph":[{"@type":["WebPage","ItemPage"],"@id":"https:\/\/www.loopkinglaces.com\/es\/products\/protectores-de-pliegues-resistentes-que-mantienen-las-zapatillas-en-perfecto-estado\/","url":"https:\/\/www.loopkinglaces.com\/es\/products\/protectores-de-pliegues-resistentes-que-mantienen-las-zapatillas-en-perfecto-estado\/","name":"Protectores de pliegues de alta gama para una puntera superior impecable","isPartOf":{"@id":"https:\/\/www.loopkinglaces.com\/es\/#website"},"primaryImageOfPage":{"@id":"https:\/\/www.loopkinglaces.com\/es\/products\/protectores-de-pliegues-resistentes-que-mantienen-las-zapatillas-en-perfecto-estado\/#primaryimage"},"image":{"@id":"https:\/\/www.loopkinglaces.com\/es\/products\/protectores-de-pliegues-resistentes-que-mantienen-las-zapatillas-en-perfecto-estado\/#primaryimage"},"thumbnailUrl":"https:\/\/www.loopkinglaces.com\/wp-content\/uploads\/Crease-Protector-Yellow-3.jpg","datePublished":"2024-02-07T15:51:42+00:00","description":"Las arrugas profundas arruinan el aspecto de cualquier zapatilla, y la mala noticia es que son inevitables a menos que tengas protecci\u00f3n, as\u00ed que echa un vistazo a nuestros protectores de arrugas.","breadcrumb":{"@id":"https:\/\/www.loopkinglaces.com\/es\/products\/protectores-de-pliegues-resistentes-que-mantienen-las-zapatillas-en-perfecto-estado\/#breadcrumb"},"inLanguage":"es","potentialAction":[{"@type":"ReadAction","target":["https:\/\/www.loopkinglaces.com\/es\/products\/protectores-de-pliegues-resistentes-que-mantienen-las-zapatillas-en-perfecto-estado\/"]}]},{"@type":"ImageObject","inLanguage":"es","@id":"https:\/\/www.loopkinglaces.com\/es\/products\/protectores-de-pliegues-resistentes-que-mantienen-las-zapatillas-en-perfecto-estado\/#primaryimage","url":"https:\/\/www.loopkinglaces.com\/wp-content\/uploads\/Crease-Protector-Yellow-3.jpg","contentUrl":"https:\/\/www.loopkinglaces.com\/wp-content\/uploads\/Crease-Protector-Yellow-3.jpg","width":578,"height":575},{"@type":"BreadcrumbList","@id":"https:\/\/www.loopkinglaces.com\/es\/products\/protectores-de-pliegues-resistentes-que-mantienen-las-zapatillas-en-perfecto-estado\/#breadcrumb","itemListElement":[{"@type":"ListItem","position":1,"name":"Home","item":"https:\/\/www.loopkinglaces.com\/es\/"},{"@type":"ListItem","position":2,"name":"COMPRAR LACAS","item":"https:\/\/www.loopkinglaces.com\/es\/comprar-lacas\/"},{"@type":"ListItem","position":3,"name":"Protectores de pliegues resistentes que mantienen las zapatillas en perfecto estado"}]},{"@type":"WebSite","@id":"https:\/\/www.loopkinglaces.com\/es\/#website","url":"https:\/\/www.loopkinglaces.com\/es\/","name":"Luxury Gold Tip Shoelaces by Loop King Laces","description":"Rope Laces, Flat Waxed Laces and Leather Laces. All With Gold Tips.","publisher":{"@id":"https:\/\/www.loopkinglaces.com\/es\/#organization"},"potentialAction":[{"@type":"SearchAction","target":{"@type":"EntryPoint","urlTemplate":"https:\/\/www.loopkinglaces.com\/es\/?s={search_term_string}"},"query-input":{"@type":"PropertyValueSpecification","valueRequired":true,"valueName":"search_term_string"}}],"inLanguage":"es"},{"@type":"Organization","@id":"https:\/\/www.loopkinglaces.com\/es\/#organization","name":"Loop King Laces","url":"https:\/\/www.loopkinglaces.com\/es\/","logo":{"@type":"ImageObject","inLanguage":"es","@id":"https:\/\/www.loopkinglaces.com\/es\/#\/schema\/logo\/image\/","url":"https:\/\/www.loopkinglaces.com\/wp-content\/uploads\/LOOP-KING-LACES.1.1-01-LOGO-HI-RES-OFFICIAL-1.png","contentUrl":"https:\/\/www.loopkinglaces.com\/wp-content\/uploads\/LOOP-KING-LACES.1.1-01-LOGO-HI-RES-OFFICIAL-1.png","width":128,"height":91,"caption":"Loop King Laces"},"image":{"@id":"https:\/\/www.loopkinglaces.com\/es\/#\/schema\/logo\/image\/"},"sameAs":["https:\/\/www.facebook.com\/LoopKingLaces\/","https:\/\/x.com\/loopkinglaces","https:\/\/www.instagram.com\/loopkinglaces\/"]}]}},"_links":{"self":[{"href":"https:\/\/www.loopkinglaces.com\/es\/wp-json\/wp\/v2\/product\/70281","targetHints":{"allow":["GET"]}}],"collection":[{"href":"https:\/\/www.loopkinglaces.com\/es\/wp-json\/wp\/v2\/product"}],"about":[{"href":"https:\/\/www.loopkinglaces.com\/es\/wp-json\/wp\/v2\/types\/product"}],"replies":[{"embeddable":true,"href":"https:\/\/www.loopkinglaces.com\/es\/wp-json\/wp\/v2\/comments?post=70281"}],"wp:featuredmedia":[{"embeddable":true,"href":"https:\/\/www.loopkinglaces.com\/es\/wp-json\/wp\/v2\/media\/70282"}],"wp:attachment":[{"href":"https:\/\/www.loopkinglaces.com\/es\/wp-json\/wp\/v2\/media?parent=70281"}],"wp:term":[{"taxonomy":"product_brand","embeddable":true,"href":"https:\/\/www.loopkinglaces.com\/es\/wp-json\/wp\/v2\/product_brand?post=70281"},{"taxonomy":"product_cat","embeddable":true,"href":"https:\/\/www.loopkinglaces.com\/es\/wp-json\/wp\/v2\/product_cat?post=70281"},{"taxonomy":"product_tag","embeddable":true,"href":"https:\/\/www.loopkinglaces.com\/es\/wp-json\/wp\/v2\/product_tag?post=70281"},{"taxonomy":"woo-feed-brand","embeddable":true,"href":"https:\/\/www.loopkinglaces.com\/es\/wp-json\/wp\/v2\/woo-feed-brand?post=70281"}],"curies":[{"name":"wp","href":"https:\/\/api.w.org\/{rel}","templated":true}]}}