{"id":70004,"date":"2023-11-01T20:35:55","date_gmt":"2023-11-01T20:35:55","guid":{"rendered":"https:\/\/www.loopkinglaces.com\/products\/cordones-blancos-de-purpurina-con-puntas-de-plastico-transparentes\/"},"modified":"2023-11-01T20:35:55","modified_gmt":"2023-11-01T20:35:55","slug":"cordones-blancos-de-purpurina-con-puntas-de-plastico-transparentes","status":"publish","type":"product","link":"https:\/\/www.loopkinglaces.com\/es\/products\/cordones-blancos-de-purpurina-con-puntas-de-plastico-transparentes\/","title":{"rendered":"Cordones blancos de purpurina con puntas de pl\u00e1stico transparentes"},"content":{"rendered":"<p>Infunde a tus viejas zapatillas un estallido de car\u00e1cter con nuestros Cordones Blancos con Purpurina y Puntas de Pl\u00e1stico Transparente.<br \/>\nEstos cordones muestran un estampado aut\u00e9ntico y colorido con motas brillantes para un estilo distintivo.<br \/>\nNo s\u00f3lo son est\u00e9ticamente agradables; tambi\u00e9n est\u00e1n fabricados con materiales de alta calidad para una durabilidad sostenida.<br \/>\nLas puntas en relieve a\u00f1aden un toque de elegancia a la vez que protegen contra el deshilachado, ofreci\u00e9ndote una calidad y un estilo superiores.   <\/p>\n","protected":false},"excerpt":{"rendered":"<p>Cordones con purpurina <strong>blanca<\/strong> y puntas de pl\u00e1stico transparente Reaviva tus zapatillas favoritas con nuestros llamativos cordones con purpurina blanca y puntas de pl\u00e1stico transparente para un estilo duradero.<br \/>\nEl estampado realista de los cordones en un espectro de colores y motas brillantes garantiza que tus zapatillas no pasar\u00e1n desapercibidas.<br \/>\nDise\u00f1ados con estilo y sustancia, est\u00e1n fabricados con materiales de primera calidad, y las puntas en relieve ofrecen un acabado lujoso adem\u00e1s de protecci\u00f3n contra el deshilachado: ganas mucho m\u00e1s que unos cordones; ganas calidad que dura.<br \/>\nCaracter\u00edsticas principales     <\/p>\n<ul>\n<li style=\"font-weight: 400;\" aria-level=\"1\">Materiales de primera calidad<\/li>\n<li style=\"font-weight: 400;\" aria-level=\"1\">Embalaje sellado e impactante<\/li>\n<li style=\"font-weight: 400;\" aria-level=\"1\">Disponibles en varias longitudes<\/li>\n<li style=\"font-weight: 400;\" aria-level=\"1\">Se adapta a las principales marcas (Nike, Adidas, Reebok, Converse, Vans)<\/li>\n<li style=\"font-weight: 400;\" aria-level=\"1\">Puntas de pl\u00e1stico transparente<\/li>\n<\/ul>\n","protected":false},"featured_media":70020,"comment_status":"open","ping_status":"closed","template":"","meta":{"_acf_changed":false},"product_brand":[],"product_cat":[1326,993,1334,1177,1079,1329,1163,1411,1390,1170,1166,995,1094,996,1388,877],"product_tag":[894,899,1009,896,1008,1006,895,893],"woo-feed-brand":[],"class_list":{"0":"post-70004","1":"product","2":"type-product","3":"status-publish","4":"has-post-thumbnail","6":"product_cat-cordones-asics-personaliza-tu-calzado","7":"product_cat-cordones-balenciaga-cordones-de-alta-gama-y-tendencia","8":"product_cat-cordones-blancos-jordan-1-burdeos-de-nivel-elite-que-parecen-lujosos","9":"product_cat-cordones-burberry-que-mejoraran-tu-calzado","10":"product_cat-cordones-de-algodon-de-primera-calidad-que-superan-a-otras-marcas-en-todos-los-sentidos","11":"product_cat-cordones-de-colores-de-moda-para-zapatillas-deportivas","12":"product_cat-cordones-de-zapato-gordo-superiores-y-de-alta-calidad","13":"product_cat-cordones-negros-y-blancos-de-primera-calidad-para-un-aspecto-elegante","14":"product_cat-cordones-nike-blancos-tan-brillantes-como-una-estrella","15":"product_cat-cordones-nike-blazer-para-un-estilo-superior-y-marcar-tendencia","16":"product_cat-cordones-para-zapatillas-skechers-de-alto-nivel-que-anaden-intriga-valor-y-comodidad","17":"product_cat-cordones-premier-doc-marten-renueva-tus-zapatos","18":"product_cat-haz-que-tus-zapatos-brillen-con-los-cordones-de-purpurina-premium","19":"product_cat-impresionante-coleccion-de-cordones-nmd","20":"product_cat-seleccion-de-cordones-blancos-clasicos-y-premium","21":"product_cat-todos-los-cordones","22":"product_tag-cordones","23":"product_tag-cordones-punta-de-oro","24":"product_tag-encerado","25":"product_tag-negro","26":"product_tag-plano","27":"product_tag-plano-encerado","28":"product_tag-punta-metalica","29":"product_tag-rey-del-bucle","31":"first","32":"instock","33":"taxable","34":"shipping-taxable","35":"purchasable","36":"product-type-variable"},"acf":[],"yoast_head":"<!-- This site is optimized with the Yoast SEO plugin v27.4 - https:\/\/yoast.com\/product\/yoast-seo-wordpress\/ -->\n<title>Cordones blancos de purpurina con puntas de pl\u00e1stico transparentes<\/title>\n<meta name=\"description\" content=\"Revitaliza tu juego de zapatos con nuestros encantadores Cordones Blancos con Purpurina, para conseguir un aspecto impecable y elegante que combina a la perfecci\u00f3n con cualquier conjunto.\" \/>\n<meta name=\"robots\" content=\"index, follow, max-snippet:-1, max-image-preview:large, max-video-preview:-1\" \/>\n<link rel=\"canonical\" href=\"https:\/\/www.loopkinglaces.com\/es\/products\/cordones-blancos-de-purpurina-con-puntas-de-plastico-transparentes\/\" \/>\n<meta property=\"og:locale\" content=\"es_ES\" \/>\n<meta property=\"og:type\" content=\"article\" \/>\n<meta property=\"og:title\" content=\"Cordones blancos de purpurina con puntas de pl\u00e1stico transparentes\" \/>\n<meta property=\"og:description\" content=\"Revitaliza tu juego de zapatos con nuestros encantadores Cordones Blancos con Purpurina, para conseguir un aspecto impecable y elegante que combina a la perfecci\u00f3n con cualquier conjunto.\" \/>\n<meta property=\"og:url\" content=\"https:\/\/www.loopkinglaces.com\/es\/products\/cordones-blancos-de-purpurina-con-puntas-de-plastico-transparentes\/\" \/>\n<meta property=\"og:site_name\" content=\"Luxury Gold Tip Shoelaces by Loop King Laces\" \/>\n<meta property=\"article:publisher\" content=\"https:\/\/www.facebook.com\/LoopKingLaces\/\" \/>\n<meta property=\"og:image\" content=\"https:\/\/www.loopkinglaces.com\/wp-content\/uploads\/COTGLWHICT-1-scaled.jpg\" \/>\n\t<meta property=\"og:image:width\" content=\"2560\" \/>\n\t<meta property=\"og:image:height\" content=\"2560\" \/>\n\t<meta property=\"og:image:type\" content=\"image\/jpeg\" \/>\n<meta name=\"twitter:card\" content=\"summary_large_image\" \/>\n<meta name=\"twitter:site\" content=\"@loopkinglaces\" \/>\n<script type=\"application\/ld+json\" class=\"yoast-schema-graph\">{\"@context\":\"https:\\\/\\\/schema.org\",\"@graph\":[{\"@type\":[\"WebPage\",\"ItemPage\"],\"@id\":\"https:\\\/\\\/www.loopkinglaces.com\\\/es\\\/products\\\/cordones-blancos-de-purpurina-con-puntas-de-plastico-transparentes\\\/\",\"url\":\"https:\\\/\\\/www.loopkinglaces.com\\\/es\\\/products\\\/cordones-blancos-de-purpurina-con-puntas-de-plastico-transparentes\\\/\",\"name\":\"Cordones blancos de purpurina con puntas de pl\u00e1stico transparentes\",\"isPartOf\":{\"@id\":\"https:\\\/\\\/www.loopkinglaces.com\\\/es\\\/#website\"},\"primaryImageOfPage\":{\"@id\":\"https:\\\/\\\/www.loopkinglaces.com\\\/es\\\/products\\\/cordones-blancos-de-purpurina-con-puntas-de-plastico-transparentes\\\/#primaryimage\"},\"image\":{\"@id\":\"https:\\\/\\\/www.loopkinglaces.com\\\/es\\\/products\\\/cordones-blancos-de-purpurina-con-puntas-de-plastico-transparentes\\\/#primaryimage\"},\"thumbnailUrl\":\"https:\\\/\\\/www.loopkinglaces.com\\\/wp-content\\\/uploads\\\/COTGLWHICT-1-scaled.jpg\",\"datePublished\":\"2023-11-01T20:35:55+00:00\",\"description\":\"Revitaliza tu juego de zapatos con nuestros encantadores Cordones Blancos con Purpurina, para conseguir un aspecto impecable y elegante que combina a la perfecci\u00f3n con cualquier conjunto.\",\"breadcrumb\":{\"@id\":\"https:\\\/\\\/www.loopkinglaces.com\\\/es\\\/products\\\/cordones-blancos-de-purpurina-con-puntas-de-plastico-transparentes\\\/#breadcrumb\"},\"inLanguage\":\"es\",\"potentialAction\":[{\"@type\":\"ReadAction\",\"target\":[\"https:\\\/\\\/www.loopkinglaces.com\\\/es\\\/products\\\/cordones-blancos-de-purpurina-con-puntas-de-plastico-transparentes\\\/\"]}]},{\"@type\":\"ImageObject\",\"inLanguage\":\"es\",\"@id\":\"https:\\\/\\\/www.loopkinglaces.com\\\/es\\\/products\\\/cordones-blancos-de-purpurina-con-puntas-de-plastico-transparentes\\\/#primaryimage\",\"url\":\"https:\\\/\\\/www.loopkinglaces.com\\\/wp-content\\\/uploads\\\/COTGLWHICT-1-scaled.jpg\",\"contentUrl\":\"https:\\\/\\\/www.loopkinglaces.com\\\/wp-content\\\/uploads\\\/COTGLWHICT-1-scaled.jpg\",\"width\":2560,\"height\":2560},{\"@type\":\"BreadcrumbList\",\"@id\":\"https:\\\/\\\/www.loopkinglaces.com\\\/es\\\/products\\\/cordones-blancos-de-purpurina-con-puntas-de-plastico-transparentes\\\/#breadcrumb\",\"itemListElement\":[{\"@type\":\"ListItem\",\"position\":1,\"name\":\"Home\",\"item\":\"https:\\\/\\\/www.loopkinglaces.com\\\/es\\\/\"},{\"@type\":\"ListItem\",\"position\":2,\"name\":\"COMPRAR LACAS\",\"item\":\"https:\\\/\\\/www.loopkinglaces.com\\\/es\\\/comprar-lacas\\\/\"},{\"@type\":\"ListItem\",\"position\":3,\"name\":\"Cordones blancos de purpurina con puntas de pl\u00e1stico transparentes\"}]},{\"@type\":\"WebSite\",\"@id\":\"https:\\\/\\\/www.loopkinglaces.com\\\/es\\\/#website\",\"url\":\"https:\\\/\\\/www.loopkinglaces.com\\\/es\\\/\",\"name\":\"Luxury Gold Tip Shoelaces by Loop King Laces\",\"description\":\"Rope Laces, Flat Waxed Laces and Leather Laces. All With Gold Tips.\",\"publisher\":{\"@id\":\"https:\\\/\\\/www.loopkinglaces.com\\\/es\\\/#organization\"},\"potentialAction\":[{\"@type\":\"SearchAction\",\"target\":{\"@type\":\"EntryPoint\",\"urlTemplate\":\"https:\\\/\\\/www.loopkinglaces.com\\\/es\\\/?s={search_term_string}\"},\"query-input\":{\"@type\":\"PropertyValueSpecification\",\"valueRequired\":true,\"valueName\":\"search_term_string\"}}],\"inLanguage\":\"es\"},{\"@type\":\"Organization\",\"@id\":\"https:\\\/\\\/www.loopkinglaces.com\\\/es\\\/#organization\",\"name\":\"Loop King Laces\",\"url\":\"https:\\\/\\\/www.loopkinglaces.com\\\/es\\\/\",\"logo\":{\"@type\":\"ImageObject\",\"inLanguage\":\"es\",\"@id\":\"https:\\\/\\\/www.loopkinglaces.com\\\/es\\\/#\\\/schema\\\/logo\\\/image\\\/\",\"url\":\"https:\\\/\\\/www.loopkinglaces.com\\\/wp-content\\\/uploads\\\/LOOP-KING-LACES.1.1-01-LOGO-HI-RES-OFFICIAL-1.png\",\"contentUrl\":\"https:\\\/\\\/www.loopkinglaces.com\\\/wp-content\\\/uploads\\\/LOOP-KING-LACES.1.1-01-LOGO-HI-RES-OFFICIAL-1.png\",\"width\":128,\"height\":91,\"caption\":\"Loop King Laces\"},\"image\":{\"@id\":\"https:\\\/\\\/www.loopkinglaces.com\\\/es\\\/#\\\/schema\\\/logo\\\/image\\\/\"},\"sameAs\":[\"https:\\\/\\\/www.facebook.com\\\/LoopKingLaces\\\/\",\"https:\\\/\\\/x.com\\\/loopkinglaces\",\"https:\\\/\\\/www.instagram.com\\\/loopkinglaces\\\/\"]}]}<\/script>\n<!-- \/ Yoast SEO plugin. -->","yoast_head_json":{"title":"Cordones blancos de purpurina con puntas de pl\u00e1stico transparentes","description":"Revitaliza tu juego de zapatos con nuestros encantadores Cordones Blancos con Purpurina, para conseguir un aspecto impecable y elegante que combina a la perfecci\u00f3n con cualquier conjunto.","robots":{"index":"index","follow":"follow","max-snippet":"max-snippet:-1","max-image-preview":"max-image-preview:large","max-video-preview":"max-video-preview:-1"},"canonical":"https:\/\/www.loopkinglaces.com\/es\/products\/cordones-blancos-de-purpurina-con-puntas-de-plastico-transparentes\/","og_locale":"es_ES","og_type":"article","og_title":"Cordones blancos de purpurina con puntas de pl\u00e1stico transparentes","og_description":"Revitaliza tu juego de zapatos con nuestros encantadores Cordones Blancos con Purpurina, para conseguir un aspecto impecable y elegante que combina a la perfecci\u00f3n con cualquier conjunto.","og_url":"https:\/\/www.loopkinglaces.com\/es\/products\/cordones-blancos-de-purpurina-con-puntas-de-plastico-transparentes\/","og_site_name":"Luxury Gold Tip Shoelaces by Loop King Laces","article_publisher":"https:\/\/www.facebook.com\/LoopKingLaces\/","og_image":[{"width":2560,"height":2560,"url":"https:\/\/www.loopkinglaces.com\/wp-content\/uploads\/COTGLWHICT-1-scaled.jpg","type":"image\/jpeg"}],"twitter_card":"summary_large_image","twitter_site":"@loopkinglaces","schema":{"@context":"https:\/\/schema.org","@graph":[{"@type":["WebPage","ItemPage"],"@id":"https:\/\/www.loopkinglaces.com\/es\/products\/cordones-blancos-de-purpurina-con-puntas-de-plastico-transparentes\/","url":"https:\/\/www.loopkinglaces.com\/es\/products\/cordones-blancos-de-purpurina-con-puntas-de-plastico-transparentes\/","name":"Cordones blancos de purpurina con puntas de pl\u00e1stico transparentes","isPartOf":{"@id":"https:\/\/www.loopkinglaces.com\/es\/#website"},"primaryImageOfPage":{"@id":"https:\/\/www.loopkinglaces.com\/es\/products\/cordones-blancos-de-purpurina-con-puntas-de-plastico-transparentes\/#primaryimage"},"image":{"@id":"https:\/\/www.loopkinglaces.com\/es\/products\/cordones-blancos-de-purpurina-con-puntas-de-plastico-transparentes\/#primaryimage"},"thumbnailUrl":"https:\/\/www.loopkinglaces.com\/wp-content\/uploads\/COTGLWHICT-1-scaled.jpg","datePublished":"2023-11-01T20:35:55+00:00","description":"Revitaliza tu juego de zapatos con nuestros encantadores Cordones Blancos con Purpurina, para conseguir un aspecto impecable y elegante que combina a la perfecci\u00f3n con cualquier conjunto.","breadcrumb":{"@id":"https:\/\/www.loopkinglaces.com\/es\/products\/cordones-blancos-de-purpurina-con-puntas-de-plastico-transparentes\/#breadcrumb"},"inLanguage":"es","potentialAction":[{"@type":"ReadAction","target":["https:\/\/www.loopkinglaces.com\/es\/products\/cordones-blancos-de-purpurina-con-puntas-de-plastico-transparentes\/"]}]},{"@type":"ImageObject","inLanguage":"es","@id":"https:\/\/www.loopkinglaces.com\/es\/products\/cordones-blancos-de-purpurina-con-puntas-de-plastico-transparentes\/#primaryimage","url":"https:\/\/www.loopkinglaces.com\/wp-content\/uploads\/COTGLWHICT-1-scaled.jpg","contentUrl":"https:\/\/www.loopkinglaces.com\/wp-content\/uploads\/COTGLWHICT-1-scaled.jpg","width":2560,"height":2560},{"@type":"BreadcrumbList","@id":"https:\/\/www.loopkinglaces.com\/es\/products\/cordones-blancos-de-purpurina-con-puntas-de-plastico-transparentes\/#breadcrumb","itemListElement":[{"@type":"ListItem","position":1,"name":"Home","item":"https:\/\/www.loopkinglaces.com\/es\/"},{"@type":"ListItem","position":2,"name":"COMPRAR LACAS","item":"https:\/\/www.loopkinglaces.com\/es\/comprar-lacas\/"},{"@type":"ListItem","position":3,"name":"Cordones blancos de purpurina con puntas de pl\u00e1stico transparentes"}]},{"@type":"WebSite","@id":"https:\/\/www.loopkinglaces.com\/es\/#website","url":"https:\/\/www.loopkinglaces.com\/es\/","name":"Luxury Gold Tip Shoelaces by Loop King Laces","description":"Rope Laces, Flat Waxed Laces and Leather Laces. All With Gold Tips.","publisher":{"@id":"https:\/\/www.loopkinglaces.com\/es\/#organization"},"potentialAction":[{"@type":"SearchAction","target":{"@type":"EntryPoint","urlTemplate":"https:\/\/www.loopkinglaces.com\/es\/?s={search_term_string}"},"query-input":{"@type":"PropertyValueSpecification","valueRequired":true,"valueName":"search_term_string"}}],"inLanguage":"es"},{"@type":"Organization","@id":"https:\/\/www.loopkinglaces.com\/es\/#organization","name":"Loop King Laces","url":"https:\/\/www.loopkinglaces.com\/es\/","logo":{"@type":"ImageObject","inLanguage":"es","@id":"https:\/\/www.loopkinglaces.com\/es\/#\/schema\/logo\/image\/","url":"https:\/\/www.loopkinglaces.com\/wp-content\/uploads\/LOOP-KING-LACES.1.1-01-LOGO-HI-RES-OFFICIAL-1.png","contentUrl":"https:\/\/www.loopkinglaces.com\/wp-content\/uploads\/LOOP-KING-LACES.1.1-01-LOGO-HI-RES-OFFICIAL-1.png","width":128,"height":91,"caption":"Loop King Laces"},"image":{"@id":"https:\/\/www.loopkinglaces.com\/es\/#\/schema\/logo\/image\/"},"sameAs":["https:\/\/www.facebook.com\/LoopKingLaces\/","https:\/\/x.com\/loopkinglaces","https:\/\/www.instagram.com\/loopkinglaces\/"]}]}},"_links":{"self":[{"href":"https:\/\/www.loopkinglaces.com\/es\/wp-json\/wp\/v2\/product\/70004","targetHints":{"allow":["GET"]}}],"collection":[{"href":"https:\/\/www.loopkinglaces.com\/es\/wp-json\/wp\/v2\/product"}],"about":[{"href":"https:\/\/www.loopkinglaces.com\/es\/wp-json\/wp\/v2\/types\/product"}],"replies":[{"embeddable":true,"href":"https:\/\/www.loopkinglaces.com\/es\/wp-json\/wp\/v2\/comments?post=70004"}],"wp:featuredmedia":[{"embeddable":true,"href":"https:\/\/www.loopkinglaces.com\/es\/wp-json\/wp\/v2\/media\/70020"}],"wp:attachment":[{"href":"https:\/\/www.loopkinglaces.com\/es\/wp-json\/wp\/v2\/media?parent=70004"}],"wp:term":[{"taxonomy":"product_brand","embeddable":true,"href":"https:\/\/www.loopkinglaces.com\/es\/wp-json\/wp\/v2\/product_brand?post=70004"},{"taxonomy":"product_cat","embeddable":true,"href":"https:\/\/www.loopkinglaces.com\/es\/wp-json\/wp\/v2\/product_cat?post=70004"},{"taxonomy":"product_tag","embeddable":true,"href":"https:\/\/www.loopkinglaces.com\/es\/wp-json\/wp\/v2\/product_tag?post=70004"},{"taxonomy":"woo-feed-brand","embeddable":true,"href":"https:\/\/www.loopkinglaces.com\/es\/wp-json\/wp\/v2\/woo-feed-brand?post=70004"}],"curies":[{"name":"wp","href":"https:\/\/api.w.org\/{rel}","templated":true}]}}