{"id":69956,"date":"2023-11-01T20:15:15","date_gmt":"2023-11-01T20:15:15","guid":{"rendered":"https:\/\/www.loopkinglaces.com\/products\/cordones-negros-de-purpurina-con-puntas-de-plastico-transparentes\/"},"modified":"2023-11-01T20:15:15","modified_gmt":"2023-11-01T20:15:15","slug":"cordones-negros-de-purpurina-con-puntas-de-plastico-transparentes","status":"publish","type":"product","link":"https:\/\/www.loopkinglaces.com\/es\/products\/cordones-negros-de-purpurina-con-puntas-de-plastico-transparentes\/","title":{"rendered":"Cordones negros de purpurina con puntas de pl\u00e1stico transparentes"},"content":{"rendered":"<p>Eleva el nivel de tus zapatos con nuestros cordones de purpurina negra equipados con puntas de pl\u00e1stico transparente para que te resulte m\u00e1s f\u00e1cil atarlos.<br \/>\nEl colorido estampado realista con motas dispersas proporciona un impulso notable.<br \/>\nEstos cordones aportan algo m\u00e1s que moda: aportan longevidad y un detalle en relieve a\u00f1adido para una sensaci\u00f3n de lujo y resistencia al deshilachado: una aut\u00e9ntica inversi\u00f3n de calidad para tus zapatillas.  <\/p>\n","protected":false},"excerpt":{"rendered":"<p>Cordones con purpurina <strong>negra<\/strong> y puntas de pl\u00e1stico transparente Haz que tus zapatillas sean la estrella del espect\u00e1culo con nuestros cordones con purpurina negra y puntas de pl\u00e1stico transparente.<br \/>\nLos cordones lucen un estampado realista y colorido, salpicado de motas para una mejora \u00fanica.<br \/>\nA la moda y hechos para durar, estos cordones vienen con materiales de primera calidad y puntas en relieve que a\u00f1aden un toque de elegancia y durabilidad: aut\u00e9ntica calidad que va m\u00e1s all\u00e1 de la est\u00e9tica.<br \/>\nCaracter\u00edsticas principales     <\/p>\n<ul>\n<li style=\"font-weight: 400;\" aria-level=\"1\">Materiales de primera calidad<\/li>\n<li style=\"font-weight: 400;\" aria-level=\"1\">Embalaje sellado e impactante<\/li>\n<li style=\"font-weight: 400;\" aria-level=\"1\">Disponibles en varias longitudes<\/li>\n<li style=\"font-weight: 400;\" aria-level=\"1\">Se adapta a las principales marcas (Nike, Adidas, Reebok, Converse, Vans)<\/li>\n<li style=\"font-weight: 400;\" aria-level=\"1\">Puntas de pl\u00e1stico transparente<\/li>\n<\/ul>\n","protected":false},"featured_media":69970,"comment_status":"open","ping_status":"closed","template":"","meta":{"_acf_changed":false},"product_brand":[],"product_cat":[1412,1324,1177,1079,1329,1338,1409,1188,1411,1166,995,1413,997,1094,996,1165,877],"product_tag":[894,899,1009,896,1008,1006,895,893],"woo-feed-brand":[],"class_list":{"0":"post-69956","1":"product","2":"type-product","3":"status-publish","4":"has-post-thumbnail","6":"product_cat-atrevidos-cordones-negros-para-botas-que-haran-brillar-a-todos-los-demas","7":"product_cat-cordones-adidas-yeezy-700-cordones-de-moda","8":"product_cat-cordones-burberry-que-mejoraran-tu-calzado","9":"product_cat-cordones-de-algodon-de-primera-calidad-que-superan-a-otras-marcas-en-todos-los-sentidos","10":"product_cat-cordones-de-colores-de-moda-para-zapatillas-deportivas","11":"product_cat-cordones-de-lujo-para-zapatos-rockport-para-anadir-elegancia-y-comodidad","12":"product_cat-cordones-de-zapatos-negros-de-primera-calidad-elegantes-y-lujosos","13":"product_cat-cordones-keen-dominar-el-arte-del-negro-y-el-gris","14":"product_cat-cordones-negros-y-blancos-de-primera-calidad-para-un-aspecto-elegante","15":"product_cat-cordones-para-zapatillas-skechers-de-alto-nivel-que-anaden-intriga-valor-y-comodidad","16":"product_cat-cordones-premier-doc-marten-renueva-tus-zapatos","17":"product_cat-cordones-premium-negros-y-amarillos-perfectos-para-cualquier-estilo","18":"product_cat-elegante-coleccion-de-cordones-de-45-pulgadas","19":"product_cat-haz-que-tus-zapatos-brillen-con-los-cordones-de-purpurina-premium","20":"product_cat-impresionante-coleccion-de-cordones-nmd","21":"product_cat-los-cordones-nike-dunk-perfectos-de-aspecto-increible-y-duraderos","22":"product_cat-todos-los-cordones","23":"product_tag-cordones","24":"product_tag-cordones-punta-de-oro","25":"product_tag-encerado","26":"product_tag-negro","27":"product_tag-plano","28":"product_tag-plano-encerado","29":"product_tag-punta-metalica","30":"product_tag-rey-del-bucle","32":"first","33":"instock","34":"taxable","35":"shipping-taxable","36":"purchasable","37":"product-type-variable"},"acf":[],"yoast_head":"<!-- This site is optimized with the Yoast SEO plugin v27.4 - https:\/\/yoast.com\/product\/yoast-seo-wordpress\/ -->\n<title>Cordones negros de purpurina con puntas de pl\u00e1stico transparentes<\/title>\n<meta name=\"description\" content=\"Actualiza tu estilo con nuestros cordones brillantes con purpurina negra, cada cord\u00f3n con una punta transparente para conseguir un estilo impecable que complemente cualquier atuendo.\" \/>\n<meta name=\"robots\" content=\"index, follow, max-snippet:-1, max-image-preview:large, max-video-preview:-1\" \/>\n<link rel=\"canonical\" href=\"https:\/\/www.loopkinglaces.com\/es\/products\/cordones-negros-de-purpurina-con-puntas-de-plastico-transparentes\/\" \/>\n<meta property=\"og:locale\" content=\"es_ES\" \/>\n<meta property=\"og:type\" content=\"article\" \/>\n<meta property=\"og:title\" content=\"Cordones negros de purpurina con puntas de pl\u00e1stico transparentes\" \/>\n<meta property=\"og:description\" content=\"Actualiza tu estilo con nuestros cordones brillantes con purpurina negra, cada cord\u00f3n con una punta transparente para conseguir un estilo impecable que complemente cualquier atuendo.\" \/>\n<meta property=\"og:url\" content=\"https:\/\/www.loopkinglaces.com\/es\/products\/cordones-negros-de-purpurina-con-puntas-de-plastico-transparentes\/\" \/>\n<meta property=\"og:site_name\" content=\"Luxury Gold Tip Shoelaces by Loop King Laces\" \/>\n<meta property=\"article:publisher\" content=\"https:\/\/www.facebook.com\/LoopKingLaces\/\" \/>\n<meta property=\"og:image\" content=\"https:\/\/www.loopkinglaces.com\/wp-content\/uploads\/Black-Glitter-Laces-2-scaled.jpg\" \/>\n\t<meta property=\"og:image:width\" content=\"2560\" \/>\n\t<meta property=\"og:image:height\" content=\"2560\" \/>\n\t<meta property=\"og:image:type\" content=\"image\/jpeg\" \/>\n<meta name=\"twitter:card\" content=\"summary_large_image\" \/>\n<meta name=\"twitter:site\" content=\"@loopkinglaces\" \/>\n<script type=\"application\/ld+json\" class=\"yoast-schema-graph\">{\"@context\":\"https:\\\/\\\/schema.org\",\"@graph\":[{\"@type\":[\"WebPage\",\"ItemPage\"],\"@id\":\"https:\\\/\\\/www.loopkinglaces.com\\\/es\\\/products\\\/cordones-negros-de-purpurina-con-puntas-de-plastico-transparentes\\\/\",\"url\":\"https:\\\/\\\/www.loopkinglaces.com\\\/es\\\/products\\\/cordones-negros-de-purpurina-con-puntas-de-plastico-transparentes\\\/\",\"name\":\"Cordones negros de purpurina con puntas de pl\u00e1stico transparentes\",\"isPartOf\":{\"@id\":\"https:\\\/\\\/www.loopkinglaces.com\\\/es\\\/#website\"},\"primaryImageOfPage\":{\"@id\":\"https:\\\/\\\/www.loopkinglaces.com\\\/es\\\/products\\\/cordones-negros-de-purpurina-con-puntas-de-plastico-transparentes\\\/#primaryimage\"},\"image\":{\"@id\":\"https:\\\/\\\/www.loopkinglaces.com\\\/es\\\/products\\\/cordones-negros-de-purpurina-con-puntas-de-plastico-transparentes\\\/#primaryimage\"},\"thumbnailUrl\":\"https:\\\/\\\/www.loopkinglaces.com\\\/wp-content\\\/uploads\\\/Black-Glitter-Laces-2-scaled.jpg\",\"datePublished\":\"2023-11-01T20:15:15+00:00\",\"description\":\"Actualiza tu estilo con nuestros cordones brillantes con purpurina negra, cada cord\u00f3n con una punta transparente para conseguir un estilo impecable que complemente cualquier atuendo.\",\"breadcrumb\":{\"@id\":\"https:\\\/\\\/www.loopkinglaces.com\\\/es\\\/products\\\/cordones-negros-de-purpurina-con-puntas-de-plastico-transparentes\\\/#breadcrumb\"},\"inLanguage\":\"es\",\"potentialAction\":[{\"@type\":\"ReadAction\",\"target\":[\"https:\\\/\\\/www.loopkinglaces.com\\\/es\\\/products\\\/cordones-negros-de-purpurina-con-puntas-de-plastico-transparentes\\\/\"]}]},{\"@type\":\"ImageObject\",\"inLanguage\":\"es\",\"@id\":\"https:\\\/\\\/www.loopkinglaces.com\\\/es\\\/products\\\/cordones-negros-de-purpurina-con-puntas-de-plastico-transparentes\\\/#primaryimage\",\"url\":\"https:\\\/\\\/www.loopkinglaces.com\\\/wp-content\\\/uploads\\\/Black-Glitter-Laces-2-scaled.jpg\",\"contentUrl\":\"https:\\\/\\\/www.loopkinglaces.com\\\/wp-content\\\/uploads\\\/Black-Glitter-Laces-2-scaled.jpg\",\"width\":2560,\"height\":2560},{\"@type\":\"BreadcrumbList\",\"@id\":\"https:\\\/\\\/www.loopkinglaces.com\\\/es\\\/products\\\/cordones-negros-de-purpurina-con-puntas-de-plastico-transparentes\\\/#breadcrumb\",\"itemListElement\":[{\"@type\":\"ListItem\",\"position\":1,\"name\":\"Home\",\"item\":\"https:\\\/\\\/www.loopkinglaces.com\\\/es\\\/\"},{\"@type\":\"ListItem\",\"position\":2,\"name\":\"COMPRAR LACAS\",\"item\":\"https:\\\/\\\/www.loopkinglaces.com\\\/es\\\/comprar-lacas\\\/\"},{\"@type\":\"ListItem\",\"position\":3,\"name\":\"Cordones negros de purpurina con puntas de pl\u00e1stico transparentes\"}]},{\"@type\":\"WebSite\",\"@id\":\"https:\\\/\\\/www.loopkinglaces.com\\\/es\\\/#website\",\"url\":\"https:\\\/\\\/www.loopkinglaces.com\\\/es\\\/\",\"name\":\"Luxury Gold Tip Shoelaces by Loop King Laces\",\"description\":\"Rope Laces, Flat Waxed Laces and Leather Laces. All With Gold Tips.\",\"publisher\":{\"@id\":\"https:\\\/\\\/www.loopkinglaces.com\\\/es\\\/#organization\"},\"potentialAction\":[{\"@type\":\"SearchAction\",\"target\":{\"@type\":\"EntryPoint\",\"urlTemplate\":\"https:\\\/\\\/www.loopkinglaces.com\\\/es\\\/?s={search_term_string}\"},\"query-input\":{\"@type\":\"PropertyValueSpecification\",\"valueRequired\":true,\"valueName\":\"search_term_string\"}}],\"inLanguage\":\"es\"},{\"@type\":\"Organization\",\"@id\":\"https:\\\/\\\/www.loopkinglaces.com\\\/es\\\/#organization\",\"name\":\"Loop King Laces\",\"url\":\"https:\\\/\\\/www.loopkinglaces.com\\\/es\\\/\",\"logo\":{\"@type\":\"ImageObject\",\"inLanguage\":\"es\",\"@id\":\"https:\\\/\\\/www.loopkinglaces.com\\\/es\\\/#\\\/schema\\\/logo\\\/image\\\/\",\"url\":\"https:\\\/\\\/www.loopkinglaces.com\\\/wp-content\\\/uploads\\\/LOOP-KING-LACES.1.1-01-LOGO-HI-RES-OFFICIAL-1.png\",\"contentUrl\":\"https:\\\/\\\/www.loopkinglaces.com\\\/wp-content\\\/uploads\\\/LOOP-KING-LACES.1.1-01-LOGO-HI-RES-OFFICIAL-1.png\",\"width\":128,\"height\":91,\"caption\":\"Loop King Laces\"},\"image\":{\"@id\":\"https:\\\/\\\/www.loopkinglaces.com\\\/es\\\/#\\\/schema\\\/logo\\\/image\\\/\"},\"sameAs\":[\"https:\\\/\\\/www.facebook.com\\\/LoopKingLaces\\\/\",\"https:\\\/\\\/x.com\\\/loopkinglaces\",\"https:\\\/\\\/www.instagram.com\\\/loopkinglaces\\\/\"]}]}<\/script>\n<!-- \/ Yoast SEO plugin. -->","yoast_head_json":{"title":"Cordones negros de purpurina con puntas de pl\u00e1stico transparentes","description":"Actualiza tu estilo con nuestros cordones brillantes con purpurina negra, cada cord\u00f3n con una punta transparente para conseguir un estilo impecable que complemente cualquier atuendo.","robots":{"index":"index","follow":"follow","max-snippet":"max-snippet:-1","max-image-preview":"max-image-preview:large","max-video-preview":"max-video-preview:-1"},"canonical":"https:\/\/www.loopkinglaces.com\/es\/products\/cordones-negros-de-purpurina-con-puntas-de-plastico-transparentes\/","og_locale":"es_ES","og_type":"article","og_title":"Cordones negros de purpurina con puntas de pl\u00e1stico transparentes","og_description":"Actualiza tu estilo con nuestros cordones brillantes con purpurina negra, cada cord\u00f3n con una punta transparente para conseguir un estilo impecable que complemente cualquier atuendo.","og_url":"https:\/\/www.loopkinglaces.com\/es\/products\/cordones-negros-de-purpurina-con-puntas-de-plastico-transparentes\/","og_site_name":"Luxury Gold Tip Shoelaces by Loop King Laces","article_publisher":"https:\/\/www.facebook.com\/LoopKingLaces\/","og_image":[{"width":2560,"height":2560,"url":"https:\/\/www.loopkinglaces.com\/wp-content\/uploads\/Black-Glitter-Laces-2-scaled.jpg","type":"image\/jpeg"}],"twitter_card":"summary_large_image","twitter_site":"@loopkinglaces","schema":{"@context":"https:\/\/schema.org","@graph":[{"@type":["WebPage","ItemPage"],"@id":"https:\/\/www.loopkinglaces.com\/es\/products\/cordones-negros-de-purpurina-con-puntas-de-plastico-transparentes\/","url":"https:\/\/www.loopkinglaces.com\/es\/products\/cordones-negros-de-purpurina-con-puntas-de-plastico-transparentes\/","name":"Cordones negros de purpurina con puntas de pl\u00e1stico transparentes","isPartOf":{"@id":"https:\/\/www.loopkinglaces.com\/es\/#website"},"primaryImageOfPage":{"@id":"https:\/\/www.loopkinglaces.com\/es\/products\/cordones-negros-de-purpurina-con-puntas-de-plastico-transparentes\/#primaryimage"},"image":{"@id":"https:\/\/www.loopkinglaces.com\/es\/products\/cordones-negros-de-purpurina-con-puntas-de-plastico-transparentes\/#primaryimage"},"thumbnailUrl":"https:\/\/www.loopkinglaces.com\/wp-content\/uploads\/Black-Glitter-Laces-2-scaled.jpg","datePublished":"2023-11-01T20:15:15+00:00","description":"Actualiza tu estilo con nuestros cordones brillantes con purpurina negra, cada cord\u00f3n con una punta transparente para conseguir un estilo impecable que complemente cualquier atuendo.","breadcrumb":{"@id":"https:\/\/www.loopkinglaces.com\/es\/products\/cordones-negros-de-purpurina-con-puntas-de-plastico-transparentes\/#breadcrumb"},"inLanguage":"es","potentialAction":[{"@type":"ReadAction","target":["https:\/\/www.loopkinglaces.com\/es\/products\/cordones-negros-de-purpurina-con-puntas-de-plastico-transparentes\/"]}]},{"@type":"ImageObject","inLanguage":"es","@id":"https:\/\/www.loopkinglaces.com\/es\/products\/cordones-negros-de-purpurina-con-puntas-de-plastico-transparentes\/#primaryimage","url":"https:\/\/www.loopkinglaces.com\/wp-content\/uploads\/Black-Glitter-Laces-2-scaled.jpg","contentUrl":"https:\/\/www.loopkinglaces.com\/wp-content\/uploads\/Black-Glitter-Laces-2-scaled.jpg","width":2560,"height":2560},{"@type":"BreadcrumbList","@id":"https:\/\/www.loopkinglaces.com\/es\/products\/cordones-negros-de-purpurina-con-puntas-de-plastico-transparentes\/#breadcrumb","itemListElement":[{"@type":"ListItem","position":1,"name":"Home","item":"https:\/\/www.loopkinglaces.com\/es\/"},{"@type":"ListItem","position":2,"name":"COMPRAR LACAS","item":"https:\/\/www.loopkinglaces.com\/es\/comprar-lacas\/"},{"@type":"ListItem","position":3,"name":"Cordones negros de purpurina con puntas de pl\u00e1stico transparentes"}]},{"@type":"WebSite","@id":"https:\/\/www.loopkinglaces.com\/es\/#website","url":"https:\/\/www.loopkinglaces.com\/es\/","name":"Luxury Gold Tip Shoelaces by Loop King Laces","description":"Rope Laces, Flat Waxed Laces and Leather Laces. All With Gold Tips.","publisher":{"@id":"https:\/\/www.loopkinglaces.com\/es\/#organization"},"potentialAction":[{"@type":"SearchAction","target":{"@type":"EntryPoint","urlTemplate":"https:\/\/www.loopkinglaces.com\/es\/?s={search_term_string}"},"query-input":{"@type":"PropertyValueSpecification","valueRequired":true,"valueName":"search_term_string"}}],"inLanguage":"es"},{"@type":"Organization","@id":"https:\/\/www.loopkinglaces.com\/es\/#organization","name":"Loop King Laces","url":"https:\/\/www.loopkinglaces.com\/es\/","logo":{"@type":"ImageObject","inLanguage":"es","@id":"https:\/\/www.loopkinglaces.com\/es\/#\/schema\/logo\/image\/","url":"https:\/\/www.loopkinglaces.com\/wp-content\/uploads\/LOOP-KING-LACES.1.1-01-LOGO-HI-RES-OFFICIAL-1.png","contentUrl":"https:\/\/www.loopkinglaces.com\/wp-content\/uploads\/LOOP-KING-LACES.1.1-01-LOGO-HI-RES-OFFICIAL-1.png","width":128,"height":91,"caption":"Loop King Laces"},"image":{"@id":"https:\/\/www.loopkinglaces.com\/es\/#\/schema\/logo\/image\/"},"sameAs":["https:\/\/www.facebook.com\/LoopKingLaces\/","https:\/\/x.com\/loopkinglaces","https:\/\/www.instagram.com\/loopkinglaces\/"]}]}},"_links":{"self":[{"href":"https:\/\/www.loopkinglaces.com\/es\/wp-json\/wp\/v2\/product\/69956","targetHints":{"allow":["GET"]}}],"collection":[{"href":"https:\/\/www.loopkinglaces.com\/es\/wp-json\/wp\/v2\/product"}],"about":[{"href":"https:\/\/www.loopkinglaces.com\/es\/wp-json\/wp\/v2\/types\/product"}],"replies":[{"embeddable":true,"href":"https:\/\/www.loopkinglaces.com\/es\/wp-json\/wp\/v2\/comments?post=69956"}],"wp:featuredmedia":[{"embeddable":true,"href":"https:\/\/www.loopkinglaces.com\/es\/wp-json\/wp\/v2\/media\/69970"}],"wp:attachment":[{"href":"https:\/\/www.loopkinglaces.com\/es\/wp-json\/wp\/v2\/media?parent=69956"}],"wp:term":[{"taxonomy":"product_brand","embeddable":true,"href":"https:\/\/www.loopkinglaces.com\/es\/wp-json\/wp\/v2\/product_brand?post=69956"},{"taxonomy":"product_cat","embeddable":true,"href":"https:\/\/www.loopkinglaces.com\/es\/wp-json\/wp\/v2\/product_cat?post=69956"},{"taxonomy":"product_tag","embeddable":true,"href":"https:\/\/www.loopkinglaces.com\/es\/wp-json\/wp\/v2\/product_tag?post=69956"},{"taxonomy":"woo-feed-brand","embeddable":true,"href":"https:\/\/www.loopkinglaces.com\/es\/wp-json\/wp\/v2\/woo-feed-brand?post=69956"}],"curies":[{"name":"wp","href":"https:\/\/api.w.org\/{rel}","templated":true}]}}