{"id":69953,"date":"2023-11-01T20:22:32","date_gmt":"2023-11-01T20:22:32","guid":{"rendered":"https:\/\/www.loopkinglaces.com\/products\/cordones-plateados-de-purpurina-con-puntas-de-plastico-transparentes\/"},"modified":"2023-11-01T20:22:32","modified_gmt":"2023-11-01T20:22:32","slug":"cordones-plateados-de-purpurina-con-puntas-de-plastico-transparentes","status":"publish","type":"product","link":"https:\/\/www.loopkinglaces.com\/es\/products\/cordones-plateados-de-purpurina-con-puntas-de-plastico-transparentes\/","title":{"rendered":"Cordones plateados de purpurina con puntas de pl\u00e1stico transparentes"},"content":{"rendered":"<p>\u00bfTus zapatillas est\u00e1n sosas?<br \/>\nNuestros cordones con purpurina plateada y puntas de pl\u00e1stico transparentes ofrecen una impresionante mejora visual con su estampado rico en color y motas brillantes.<br \/>\nNo s\u00f3lo son elegantes, sino que est\u00e1n hechos para durar, garantizando que el estilo y la calidad vayan de la mano.<br \/>\nCon puntas en relieve para mayor lujo y resistencia al deshilachado, son m\u00e1s que cordones: son una declaraci\u00f3n de calidad.   <\/p>\n","protected":false},"excerpt":{"rendered":"<p><strong>Cordones<\/strong> con purpurina plateada y puntas de pl\u00e1stico transparente Dale a tu calzado un toque de distinci\u00f3n con nuestros cordones con purpurina plateada y puntas de pl\u00e1stico transparente para un ajuste perfecto.<br \/>\nLos cordones lucen un alegre estampado en una gama de colores con motas que le a\u00f1aden estilo.<br \/>\nM\u00e1s all\u00e1 de su atractivo chic, estos cordones est\u00e1n dise\u00f1ados con materiales de primera calidad para un uso duradero, y las puntas en relieve ofrecen un toque lujoso y una protecci\u00f3n adicional contra el deshilachado, asegur\u00e1ndote una calidad aut\u00e9ntica junto con un dise\u00f1o elegante.<br \/>\nCaracter\u00edsticas principales     <\/p>\n<ul>\n<li style=\"font-weight: 400;\" aria-level=\"1\">Materiales de primera calidad<\/li>\n<li style=\"font-weight: 400;\" aria-level=\"1\">Embalaje sellado e impactante<\/li>\n<li style=\"font-weight: 400;\" aria-level=\"1\">Disponibles en varias longitudes<\/li>\n<li style=\"font-weight: 400;\" aria-level=\"1\">Se adapta a las principales marcas (Nike, Adidas, Reebok, Converse, Vans)<\/li>\n<li style=\"font-weight: 400;\" aria-level=\"1\">Puntas de pl\u00e1stico transparente<\/li>\n<\/ul>\n","protected":false},"featured_media":69963,"comment_status":"open","ping_status":"closed","template":"","meta":{"_acf_changed":false},"product_brand":[],"product_cat":[1334,991,1079,1329,1172,997,1094,996,1165,877],"product_tag":[894,899,1009,896,1008,1006,895,893],"woo-feed-brand":[],"class_list":{"0":"post-69953","1":"product","2":"type-product","3":"status-publish","4":"has-post-thumbnail","6":"product_cat-cordones-blancos-jordan-1-burdeos-de-nivel-elite-que-parecen-lujosos","7":"product_cat-cordones-converse-para-renovar-tus-chucks","8":"product_cat-cordones-de-algodon-de-primera-calidad-que-superan-a-otras-marcas-en-todos-los-sentidos","9":"product_cat-cordones-de-colores-de-moda-para-zapatillas-deportivas","10":"product_cat-cordones-de-colores-para-las-zapatillas-converse-que-son-fabulosos-y-vuelan","11":"product_cat-elegante-coleccion-de-cordones-de-45-pulgadas","12":"product_cat-haz-que-tus-zapatos-brillen-con-los-cordones-de-purpurina-premium","13":"product_cat-impresionante-coleccion-de-cordones-nmd","14":"product_cat-los-cordones-nike-dunk-perfectos-de-aspecto-increible-y-duraderos","15":"product_cat-todos-los-cordones","16":"product_tag-cordones","17":"product_tag-cordones-punta-de-oro","18":"product_tag-encerado","19":"product_tag-negro","20":"product_tag-plano","21":"product_tag-plano-encerado","22":"product_tag-punta-metalica","23":"product_tag-rey-del-bucle","25":"first","26":"instock","27":"taxable","28":"shipping-taxable","29":"purchasable","30":"product-type-variable"},"acf":[],"yoast_head":"<!-- This site is optimized with the Yoast SEO plugin v27.4 - https:\/\/yoast.com\/product\/yoast-seo-wordpress\/ -->\n<title>Cordones plateados de purpurina con puntas de pl\u00e1stico transparentes<\/title>\n<meta name=\"description\" content=\"Infunde un toque de glamour a tu vestuario diario con nuestros Cordones con Purpurina Plateada y Puntas de Pl\u00e1stico Transparente para ofrecer a tu calzado un aspecto refinado y elegante.\" \/>\n<meta name=\"robots\" content=\"index, follow, max-snippet:-1, max-image-preview:large, max-video-preview:-1\" \/>\n<link rel=\"canonical\" href=\"https:\/\/www.loopkinglaces.com\/es\/products\/cordones-plateados-de-purpurina-con-puntas-de-plastico-transparentes\/\" \/>\n<meta property=\"og:locale\" content=\"es_ES\" \/>\n<meta property=\"og:type\" content=\"article\" \/>\n<meta property=\"og:title\" content=\"Cordones plateados de purpurina con puntas de pl\u00e1stico transparentes\" \/>\n<meta property=\"og:description\" content=\"Infunde un toque de glamour a tu vestuario diario con nuestros Cordones con Purpurina Plateada y Puntas de Pl\u00e1stico Transparente para ofrecer a tu calzado un aspecto refinado y elegante.\" \/>\n<meta property=\"og:url\" content=\"https:\/\/www.loopkinglaces.com\/es\/products\/cordones-plateados-de-purpurina-con-puntas-de-plastico-transparentes\/\" \/>\n<meta property=\"og:site_name\" content=\"Luxury Gold Tip Shoelaces by Loop King Laces\" \/>\n<meta property=\"article:publisher\" content=\"https:\/\/www.facebook.com\/LoopKingLaces\/\" \/>\n<meta property=\"og:image\" content=\"https:\/\/www.loopkinglaces.com\/wp-content\/uploads\/Silver-Glitter-Laces-2-scaled.jpg\" \/>\n\t<meta property=\"og:image:width\" content=\"2560\" \/>\n\t<meta property=\"og:image:height\" content=\"2560\" \/>\n\t<meta property=\"og:image:type\" content=\"image\/jpeg\" \/>\n<meta name=\"twitter:card\" content=\"summary_large_image\" \/>\n<meta name=\"twitter:site\" content=\"@loopkinglaces\" \/>\n<script type=\"application\/ld+json\" class=\"yoast-schema-graph\">{\"@context\":\"https:\\\/\\\/schema.org\",\"@graph\":[{\"@type\":[\"WebPage\",\"ItemPage\"],\"@id\":\"https:\\\/\\\/www.loopkinglaces.com\\\/es\\\/products\\\/cordones-plateados-de-purpurina-con-puntas-de-plastico-transparentes\\\/\",\"url\":\"https:\\\/\\\/www.loopkinglaces.com\\\/es\\\/products\\\/cordones-plateados-de-purpurina-con-puntas-de-plastico-transparentes\\\/\",\"name\":\"Cordones plateados de purpurina con puntas de pl\u00e1stico transparentes\",\"isPartOf\":{\"@id\":\"https:\\\/\\\/www.loopkinglaces.com\\\/es\\\/#website\"},\"primaryImageOfPage\":{\"@id\":\"https:\\\/\\\/www.loopkinglaces.com\\\/es\\\/products\\\/cordones-plateados-de-purpurina-con-puntas-de-plastico-transparentes\\\/#primaryimage\"},\"image\":{\"@id\":\"https:\\\/\\\/www.loopkinglaces.com\\\/es\\\/products\\\/cordones-plateados-de-purpurina-con-puntas-de-plastico-transparentes\\\/#primaryimage\"},\"thumbnailUrl\":\"https:\\\/\\\/www.loopkinglaces.com\\\/wp-content\\\/uploads\\\/Silver-Glitter-Laces-2-scaled.jpg\",\"datePublished\":\"2023-11-01T20:22:32+00:00\",\"description\":\"Infunde un toque de glamour a tu vestuario diario con nuestros Cordones con Purpurina Plateada y Puntas de Pl\u00e1stico Transparente para ofrecer a tu calzado un aspecto refinado y elegante.\",\"breadcrumb\":{\"@id\":\"https:\\\/\\\/www.loopkinglaces.com\\\/es\\\/products\\\/cordones-plateados-de-purpurina-con-puntas-de-plastico-transparentes\\\/#breadcrumb\"},\"inLanguage\":\"es\",\"potentialAction\":[{\"@type\":\"ReadAction\",\"target\":[\"https:\\\/\\\/www.loopkinglaces.com\\\/es\\\/products\\\/cordones-plateados-de-purpurina-con-puntas-de-plastico-transparentes\\\/\"]}]},{\"@type\":\"ImageObject\",\"inLanguage\":\"es\",\"@id\":\"https:\\\/\\\/www.loopkinglaces.com\\\/es\\\/products\\\/cordones-plateados-de-purpurina-con-puntas-de-plastico-transparentes\\\/#primaryimage\",\"url\":\"https:\\\/\\\/www.loopkinglaces.com\\\/wp-content\\\/uploads\\\/Silver-Glitter-Laces-2-scaled.jpg\",\"contentUrl\":\"https:\\\/\\\/www.loopkinglaces.com\\\/wp-content\\\/uploads\\\/Silver-Glitter-Laces-2-scaled.jpg\",\"width\":2560,\"height\":2560},{\"@type\":\"BreadcrumbList\",\"@id\":\"https:\\\/\\\/www.loopkinglaces.com\\\/es\\\/products\\\/cordones-plateados-de-purpurina-con-puntas-de-plastico-transparentes\\\/#breadcrumb\",\"itemListElement\":[{\"@type\":\"ListItem\",\"position\":1,\"name\":\"Home\",\"item\":\"https:\\\/\\\/www.loopkinglaces.com\\\/es\\\/\"},{\"@type\":\"ListItem\",\"position\":2,\"name\":\"COMPRAR LACAS\",\"item\":\"https:\\\/\\\/www.loopkinglaces.com\\\/es\\\/comprar-lacas\\\/\"},{\"@type\":\"ListItem\",\"position\":3,\"name\":\"Cordones plateados de purpurina con puntas de pl\u00e1stico transparentes\"}]},{\"@type\":\"WebSite\",\"@id\":\"https:\\\/\\\/www.loopkinglaces.com\\\/es\\\/#website\",\"url\":\"https:\\\/\\\/www.loopkinglaces.com\\\/es\\\/\",\"name\":\"Luxury Gold Tip Shoelaces by Loop King Laces\",\"description\":\"Rope Laces, Flat Waxed Laces and Leather Laces. All With Gold Tips.\",\"publisher\":{\"@id\":\"https:\\\/\\\/www.loopkinglaces.com\\\/es\\\/#organization\"},\"potentialAction\":[{\"@type\":\"SearchAction\",\"target\":{\"@type\":\"EntryPoint\",\"urlTemplate\":\"https:\\\/\\\/www.loopkinglaces.com\\\/es\\\/?s={search_term_string}\"},\"query-input\":{\"@type\":\"PropertyValueSpecification\",\"valueRequired\":true,\"valueName\":\"search_term_string\"}}],\"inLanguage\":\"es\"},{\"@type\":\"Organization\",\"@id\":\"https:\\\/\\\/www.loopkinglaces.com\\\/es\\\/#organization\",\"name\":\"Loop King Laces\",\"url\":\"https:\\\/\\\/www.loopkinglaces.com\\\/es\\\/\",\"logo\":{\"@type\":\"ImageObject\",\"inLanguage\":\"es\",\"@id\":\"https:\\\/\\\/www.loopkinglaces.com\\\/es\\\/#\\\/schema\\\/logo\\\/image\\\/\",\"url\":\"https:\\\/\\\/www.loopkinglaces.com\\\/wp-content\\\/uploads\\\/LOOP-KING-LACES.1.1-01-LOGO-HI-RES-OFFICIAL-1.png\",\"contentUrl\":\"https:\\\/\\\/www.loopkinglaces.com\\\/wp-content\\\/uploads\\\/LOOP-KING-LACES.1.1-01-LOGO-HI-RES-OFFICIAL-1.png\",\"width\":128,\"height\":91,\"caption\":\"Loop King Laces\"},\"image\":{\"@id\":\"https:\\\/\\\/www.loopkinglaces.com\\\/es\\\/#\\\/schema\\\/logo\\\/image\\\/\"},\"sameAs\":[\"https:\\\/\\\/www.facebook.com\\\/LoopKingLaces\\\/\",\"https:\\\/\\\/x.com\\\/loopkinglaces\",\"https:\\\/\\\/www.instagram.com\\\/loopkinglaces\\\/\"]}]}<\/script>\n<!-- \/ Yoast SEO plugin. -->","yoast_head_json":{"title":"Cordones plateados de purpurina con puntas de pl\u00e1stico transparentes","description":"Infunde un toque de glamour a tu vestuario diario con nuestros Cordones con Purpurina Plateada y Puntas de Pl\u00e1stico Transparente para ofrecer a tu calzado un aspecto refinado y elegante.","robots":{"index":"index","follow":"follow","max-snippet":"max-snippet:-1","max-image-preview":"max-image-preview:large","max-video-preview":"max-video-preview:-1"},"canonical":"https:\/\/www.loopkinglaces.com\/es\/products\/cordones-plateados-de-purpurina-con-puntas-de-plastico-transparentes\/","og_locale":"es_ES","og_type":"article","og_title":"Cordones plateados de purpurina con puntas de pl\u00e1stico transparentes","og_description":"Infunde un toque de glamour a tu vestuario diario con nuestros Cordones con Purpurina Plateada y Puntas de Pl\u00e1stico Transparente para ofrecer a tu calzado un aspecto refinado y elegante.","og_url":"https:\/\/www.loopkinglaces.com\/es\/products\/cordones-plateados-de-purpurina-con-puntas-de-plastico-transparentes\/","og_site_name":"Luxury Gold Tip Shoelaces by Loop King Laces","article_publisher":"https:\/\/www.facebook.com\/LoopKingLaces\/","og_image":[{"width":2560,"height":2560,"url":"https:\/\/www.loopkinglaces.com\/wp-content\/uploads\/Silver-Glitter-Laces-2-scaled.jpg","type":"image\/jpeg"}],"twitter_card":"summary_large_image","twitter_site":"@loopkinglaces","schema":{"@context":"https:\/\/schema.org","@graph":[{"@type":["WebPage","ItemPage"],"@id":"https:\/\/www.loopkinglaces.com\/es\/products\/cordones-plateados-de-purpurina-con-puntas-de-plastico-transparentes\/","url":"https:\/\/www.loopkinglaces.com\/es\/products\/cordones-plateados-de-purpurina-con-puntas-de-plastico-transparentes\/","name":"Cordones plateados de purpurina con puntas de pl\u00e1stico transparentes","isPartOf":{"@id":"https:\/\/www.loopkinglaces.com\/es\/#website"},"primaryImageOfPage":{"@id":"https:\/\/www.loopkinglaces.com\/es\/products\/cordones-plateados-de-purpurina-con-puntas-de-plastico-transparentes\/#primaryimage"},"image":{"@id":"https:\/\/www.loopkinglaces.com\/es\/products\/cordones-plateados-de-purpurina-con-puntas-de-plastico-transparentes\/#primaryimage"},"thumbnailUrl":"https:\/\/www.loopkinglaces.com\/wp-content\/uploads\/Silver-Glitter-Laces-2-scaled.jpg","datePublished":"2023-11-01T20:22:32+00:00","description":"Infunde un toque de glamour a tu vestuario diario con nuestros Cordones con Purpurina Plateada y Puntas de Pl\u00e1stico Transparente para ofrecer a tu calzado un aspecto refinado y elegante.","breadcrumb":{"@id":"https:\/\/www.loopkinglaces.com\/es\/products\/cordones-plateados-de-purpurina-con-puntas-de-plastico-transparentes\/#breadcrumb"},"inLanguage":"es","potentialAction":[{"@type":"ReadAction","target":["https:\/\/www.loopkinglaces.com\/es\/products\/cordones-plateados-de-purpurina-con-puntas-de-plastico-transparentes\/"]}]},{"@type":"ImageObject","inLanguage":"es","@id":"https:\/\/www.loopkinglaces.com\/es\/products\/cordones-plateados-de-purpurina-con-puntas-de-plastico-transparentes\/#primaryimage","url":"https:\/\/www.loopkinglaces.com\/wp-content\/uploads\/Silver-Glitter-Laces-2-scaled.jpg","contentUrl":"https:\/\/www.loopkinglaces.com\/wp-content\/uploads\/Silver-Glitter-Laces-2-scaled.jpg","width":2560,"height":2560},{"@type":"BreadcrumbList","@id":"https:\/\/www.loopkinglaces.com\/es\/products\/cordones-plateados-de-purpurina-con-puntas-de-plastico-transparentes\/#breadcrumb","itemListElement":[{"@type":"ListItem","position":1,"name":"Home","item":"https:\/\/www.loopkinglaces.com\/es\/"},{"@type":"ListItem","position":2,"name":"COMPRAR LACAS","item":"https:\/\/www.loopkinglaces.com\/es\/comprar-lacas\/"},{"@type":"ListItem","position":3,"name":"Cordones plateados de purpurina con puntas de pl\u00e1stico transparentes"}]},{"@type":"WebSite","@id":"https:\/\/www.loopkinglaces.com\/es\/#website","url":"https:\/\/www.loopkinglaces.com\/es\/","name":"Luxury Gold Tip Shoelaces by Loop King Laces","description":"Rope Laces, Flat Waxed Laces and Leather Laces. All With Gold Tips.","publisher":{"@id":"https:\/\/www.loopkinglaces.com\/es\/#organization"},"potentialAction":[{"@type":"SearchAction","target":{"@type":"EntryPoint","urlTemplate":"https:\/\/www.loopkinglaces.com\/es\/?s={search_term_string}"},"query-input":{"@type":"PropertyValueSpecification","valueRequired":true,"valueName":"search_term_string"}}],"inLanguage":"es"},{"@type":"Organization","@id":"https:\/\/www.loopkinglaces.com\/es\/#organization","name":"Loop King Laces","url":"https:\/\/www.loopkinglaces.com\/es\/","logo":{"@type":"ImageObject","inLanguage":"es","@id":"https:\/\/www.loopkinglaces.com\/es\/#\/schema\/logo\/image\/","url":"https:\/\/www.loopkinglaces.com\/wp-content\/uploads\/LOOP-KING-LACES.1.1-01-LOGO-HI-RES-OFFICIAL-1.png","contentUrl":"https:\/\/www.loopkinglaces.com\/wp-content\/uploads\/LOOP-KING-LACES.1.1-01-LOGO-HI-RES-OFFICIAL-1.png","width":128,"height":91,"caption":"Loop King Laces"},"image":{"@id":"https:\/\/www.loopkinglaces.com\/es\/#\/schema\/logo\/image\/"},"sameAs":["https:\/\/www.facebook.com\/LoopKingLaces\/","https:\/\/x.com\/loopkinglaces","https:\/\/www.instagram.com\/loopkinglaces\/"]}]}},"_links":{"self":[{"href":"https:\/\/www.loopkinglaces.com\/es\/wp-json\/wp\/v2\/product\/69953","targetHints":{"allow":["GET"]}}],"collection":[{"href":"https:\/\/www.loopkinglaces.com\/es\/wp-json\/wp\/v2\/product"}],"about":[{"href":"https:\/\/www.loopkinglaces.com\/es\/wp-json\/wp\/v2\/types\/product"}],"replies":[{"embeddable":true,"href":"https:\/\/www.loopkinglaces.com\/es\/wp-json\/wp\/v2\/comments?post=69953"}],"wp:featuredmedia":[{"embeddable":true,"href":"https:\/\/www.loopkinglaces.com\/es\/wp-json\/wp\/v2\/media\/69963"}],"wp:attachment":[{"href":"https:\/\/www.loopkinglaces.com\/es\/wp-json\/wp\/v2\/media?parent=69953"}],"wp:term":[{"taxonomy":"product_brand","embeddable":true,"href":"https:\/\/www.loopkinglaces.com\/es\/wp-json\/wp\/v2\/product_brand?post=69953"},{"taxonomy":"product_cat","embeddable":true,"href":"https:\/\/www.loopkinglaces.com\/es\/wp-json\/wp\/v2\/product_cat?post=69953"},{"taxonomy":"product_tag","embeddable":true,"href":"https:\/\/www.loopkinglaces.com\/es\/wp-json\/wp\/v2\/product_tag?post=69953"},{"taxonomy":"woo-feed-brand","embeddable":true,"href":"https:\/\/www.loopkinglaces.com\/es\/wp-json\/wp\/v2\/woo-feed-brand?post=69953"}],"curies":[{"name":"wp","href":"https:\/\/api.w.org\/{rel}","templated":true}]}}