{"id":69834,"date":"2023-11-01T19:23:19","date_gmt":"2023-11-01T19:23:19","guid":{"rendered":"https:\/\/www.loopkinglaces.com\/products\/cordones-planos-de-algodon-verde-y-vela-con-puntas-de-plastico-transparentes\/"},"modified":"2023-11-01T19:23:19","modified_gmt":"2023-11-01T19:23:19","slug":"cordones-planos-de-algodon-verde-y-vela-con-puntas-de-plastico-transparentes","status":"publish","type":"product","link":"https:\/\/www.loopkinglaces.com\/es\/products\/cordones-planos-de-algodon-verde-y-vela-con-puntas-de-plastico-transparentes\/","title":{"rendered":"Cordones Planos de Algod\u00f3n Verde y Vela con Puntas de Pl\u00e1stico Transparentes"},"content":{"rendered":"<p>Sal corriendo por la puerta con facilidad gracias a nuestros cordones lisos de algod\u00f3n Sail y verde con puntas de pl\u00e1stico transparentes, dise\u00f1ados para atarlos r\u00e1pidamente y sin esfuerzo.<br \/>\nCon puntas de pl\u00e1stico transparente, son f\u00e1ciles de pasar por cualquier tipo de calzado, desde botas resistentes hasta zapatos de vestir o tus zapatillas favoritas.<br \/>\nCon estos cordones de alta gama, un r\u00e1pido cambio de estilo est\u00e1 al alcance de tu mano.<br \/>\n\u00a1\u00c1tate los cordones y afronta el d\u00eda con gusto!   <\/p>\n","protected":false},"excerpt":{"rendered":"<p><strong>Cordones<\/strong> Planos de Algod\u00f3n a Cuadros Vela y Verde con Puntas de Pl\u00e1stico Transparente Cuando la rapidez es la clave, recurre a nuestros acogedores y modernos Cordones Planos de Algod\u00f3n a Cuadros Vela y Verde con Puntas de Pl\u00e1stico Transparente.<br \/>\nCon sus puntas de pl\u00e1stico transparente, se deslizan sin esfuerzo por los ojales de cualquier marca de calzado, ya sean botas, zapatos Oxford o tus fieles zapatillas deportivas.<br \/>\nOpta por estos cordones de alta calidad para actualizar tu atuendo sin complicaciones.<br \/>\n\u00a1Es hora de atarse los cordones y saltar a la acci\u00f3n!<br \/>\nCaracter\u00edsticas principales      <\/p>\n<ul>\n<li style=\"font-weight: 400;\" aria-level=\"1\">Materiales de primera calidad<\/li>\n<li style=\"font-weight: 400;\" aria-level=\"1\">Embalaje sellado e impactante<\/li>\n<li style=\"font-weight: 400;\" aria-level=\"1\">Disponibles en varias longitudes<\/li>\n<li style=\"font-weight: 400;\" aria-level=\"1\">Se adapta a las principales marcas (Nike, Adidas, Reebok, Converse, Vans)<\/li>\n<li style=\"font-weight: 400;\" aria-level=\"1\">Puntas de pl\u00e1stico transparente<\/li>\n<\/ul>\n","protected":false},"featured_media":69844,"comment_status":"open","ping_status":"closed","template":"","meta":{"_acf_changed":false},"product_brand":[],"product_cat":[1079,1329,1158,1165,1445,877],"product_tag":[894,899,1009,896,1008,1006,895,893],"woo-feed-brand":[],"class_list":{"0":"post-69834","1":"product","2":"type-product","3":"status-publish","4":"has-post-thumbnail","6":"product_cat-cordones-de-algodon-de-primera-calidad-que-superan-a-otras-marcas-en-todos-los-sentidos","7":"product_cat-cordones-de-colores-de-moda-para-zapatillas-deportivas","8":"product_cat-cordones-vans-fantasticos-para-tus-zapatillas","9":"product_cat-los-cordones-nike-dunk-perfectos-de-aspecto-increible-y-duraderos","10":"product_cat-por-que-los-cordones-a-cuadros-cambian-la-moda-del-calzado","11":"product_cat-todos-los-cordones","12":"product_tag-cordones","13":"product_tag-cordones-punta-de-oro","14":"product_tag-encerado","15":"product_tag-negro","16":"product_tag-plano","17":"product_tag-plano-encerado","18":"product_tag-punta-metalica","19":"product_tag-rey-del-bucle","21":"first","22":"instock","23":"taxable","24":"shipping-taxable","25":"purchasable","26":"product-type-variable"},"acf":[],"yoast_head":"<!-- This site is optimized with the Yoast SEO plugin v27.4 - https:\/\/yoast.com\/product\/yoast-seo-wordpress\/ -->\n<title>Cordones Planos de Algod\u00f3n Verde y Vela con Puntas de Pl\u00e1stico Transparentes<\/title>\n<meta name=\"description\" content=\"Dale a tu vestuario un toque instant\u00e1neo con nuestros Cordones a cuadros marineros y verdes, el acento ideal para cualquier conjunto. \u00a1Consigue un look limpio y pulido!\" \/>\n<meta name=\"robots\" content=\"index, follow, max-snippet:-1, max-image-preview:large, max-video-preview:-1\" \/>\n<link rel=\"canonical\" href=\"https:\/\/www.loopkinglaces.com\/es\/products\/cordones-planos-de-algodon-verde-y-vela-con-puntas-de-plastico-transparentes\/\" \/>\n<meta property=\"og:locale\" content=\"es_ES\" \/>\n<meta property=\"og:type\" content=\"article\" \/>\n<meta property=\"og:title\" content=\"Cordones Planos de Algod\u00f3n Verde y Vela con Puntas de Pl\u00e1stico Transparentes\" \/>\n<meta property=\"og:description\" content=\"Dale a tu vestuario un toque instant\u00e1neo con nuestros Cordones a cuadros marineros y verdes, el acento ideal para cualquier conjunto. \u00a1Consigue un look limpio y pulido!\" \/>\n<meta property=\"og:url\" content=\"https:\/\/www.loopkinglaces.com\/es\/products\/cordones-planos-de-algodon-verde-y-vela-con-puntas-de-plastico-transparentes\/\" \/>\n<meta property=\"og:site_name\" content=\"Luxury Gold Tip Shoelaces by Loop King Laces\" \/>\n<meta property=\"article:publisher\" content=\"https:\/\/www.facebook.com\/LoopKingLaces\/\" \/>\n<meta property=\"og:image\" content=\"https:\/\/www.loopkinglaces.com\/wp-content\/uploads\/Plaid-Sail-and-Green-2-scaled.jpg\" \/>\n\t<meta property=\"og:image:width\" content=\"2560\" \/>\n\t<meta property=\"og:image:height\" content=\"2560\" \/>\n\t<meta property=\"og:image:type\" content=\"image\/jpeg\" \/>\n<meta name=\"twitter:card\" content=\"summary_large_image\" \/>\n<meta name=\"twitter:site\" content=\"@loopkinglaces\" \/>\n<script type=\"application\/ld+json\" class=\"yoast-schema-graph\">{\"@context\":\"https:\\\/\\\/schema.org\",\"@graph\":[{\"@type\":[\"WebPage\",\"ItemPage\"],\"@id\":\"https:\\\/\\\/www.loopkinglaces.com\\\/es\\\/products\\\/cordones-planos-de-algodon-verde-y-vela-con-puntas-de-plastico-transparentes\\\/\",\"url\":\"https:\\\/\\\/www.loopkinglaces.com\\\/es\\\/products\\\/cordones-planos-de-algodon-verde-y-vela-con-puntas-de-plastico-transparentes\\\/\",\"name\":\"Cordones Planos de Algod\u00f3n Verde y Vela con Puntas de Pl\u00e1stico Transparentes\",\"isPartOf\":{\"@id\":\"https:\\\/\\\/www.loopkinglaces.com\\\/es\\\/#website\"},\"primaryImageOfPage\":{\"@id\":\"https:\\\/\\\/www.loopkinglaces.com\\\/es\\\/products\\\/cordones-planos-de-algodon-verde-y-vela-con-puntas-de-plastico-transparentes\\\/#primaryimage\"},\"image\":{\"@id\":\"https:\\\/\\\/www.loopkinglaces.com\\\/es\\\/products\\\/cordones-planos-de-algodon-verde-y-vela-con-puntas-de-plastico-transparentes\\\/#primaryimage\"},\"thumbnailUrl\":\"https:\\\/\\\/www.loopkinglaces.com\\\/wp-content\\\/uploads\\\/Plaid-Sail-and-Green-2-scaled.jpg\",\"datePublished\":\"2023-11-01T19:23:19+00:00\",\"description\":\"Dale a tu vestuario un toque instant\u00e1neo con nuestros Cordones a cuadros marineros y verdes, el acento ideal para cualquier conjunto. \u00a1Consigue un look limpio y pulido!\",\"breadcrumb\":{\"@id\":\"https:\\\/\\\/www.loopkinglaces.com\\\/es\\\/products\\\/cordones-planos-de-algodon-verde-y-vela-con-puntas-de-plastico-transparentes\\\/#breadcrumb\"},\"inLanguage\":\"es\",\"potentialAction\":[{\"@type\":\"ReadAction\",\"target\":[\"https:\\\/\\\/www.loopkinglaces.com\\\/es\\\/products\\\/cordones-planos-de-algodon-verde-y-vela-con-puntas-de-plastico-transparentes\\\/\"]}]},{\"@type\":\"ImageObject\",\"inLanguage\":\"es\",\"@id\":\"https:\\\/\\\/www.loopkinglaces.com\\\/es\\\/products\\\/cordones-planos-de-algodon-verde-y-vela-con-puntas-de-plastico-transparentes\\\/#primaryimage\",\"url\":\"https:\\\/\\\/www.loopkinglaces.com\\\/wp-content\\\/uploads\\\/Plaid-Sail-and-Green-2-scaled.jpg\",\"contentUrl\":\"https:\\\/\\\/www.loopkinglaces.com\\\/wp-content\\\/uploads\\\/Plaid-Sail-and-Green-2-scaled.jpg\",\"width\":2560,\"height\":2560},{\"@type\":\"BreadcrumbList\",\"@id\":\"https:\\\/\\\/www.loopkinglaces.com\\\/es\\\/products\\\/cordones-planos-de-algodon-verde-y-vela-con-puntas-de-plastico-transparentes\\\/#breadcrumb\",\"itemListElement\":[{\"@type\":\"ListItem\",\"position\":1,\"name\":\"Home\",\"item\":\"https:\\\/\\\/www.loopkinglaces.com\\\/es\\\/\"},{\"@type\":\"ListItem\",\"position\":2,\"name\":\"COMPRAR LACAS\",\"item\":\"https:\\\/\\\/www.loopkinglaces.com\\\/es\\\/comprar-lacas\\\/\"},{\"@type\":\"ListItem\",\"position\":3,\"name\":\"Cordones Planos de Algod\u00f3n Verde y Vela con Puntas de Pl\u00e1stico Transparentes\"}]},{\"@type\":\"WebSite\",\"@id\":\"https:\\\/\\\/www.loopkinglaces.com\\\/es\\\/#website\",\"url\":\"https:\\\/\\\/www.loopkinglaces.com\\\/es\\\/\",\"name\":\"Luxury Gold Tip Shoelaces by Loop King Laces\",\"description\":\"Rope Laces, Flat Waxed Laces and Leather Laces. All With Gold Tips.\",\"publisher\":{\"@id\":\"https:\\\/\\\/www.loopkinglaces.com\\\/es\\\/#organization\"},\"potentialAction\":[{\"@type\":\"SearchAction\",\"target\":{\"@type\":\"EntryPoint\",\"urlTemplate\":\"https:\\\/\\\/www.loopkinglaces.com\\\/es\\\/?s={search_term_string}\"},\"query-input\":{\"@type\":\"PropertyValueSpecification\",\"valueRequired\":true,\"valueName\":\"search_term_string\"}}],\"inLanguage\":\"es\"},{\"@type\":\"Organization\",\"@id\":\"https:\\\/\\\/www.loopkinglaces.com\\\/es\\\/#organization\",\"name\":\"Loop King Laces\",\"url\":\"https:\\\/\\\/www.loopkinglaces.com\\\/es\\\/\",\"logo\":{\"@type\":\"ImageObject\",\"inLanguage\":\"es\",\"@id\":\"https:\\\/\\\/www.loopkinglaces.com\\\/es\\\/#\\\/schema\\\/logo\\\/image\\\/\",\"url\":\"https:\\\/\\\/www.loopkinglaces.com\\\/wp-content\\\/uploads\\\/LOOP-KING-LACES.1.1-01-LOGO-HI-RES-OFFICIAL-1.png\",\"contentUrl\":\"https:\\\/\\\/www.loopkinglaces.com\\\/wp-content\\\/uploads\\\/LOOP-KING-LACES.1.1-01-LOGO-HI-RES-OFFICIAL-1.png\",\"width\":128,\"height\":91,\"caption\":\"Loop King Laces\"},\"image\":{\"@id\":\"https:\\\/\\\/www.loopkinglaces.com\\\/es\\\/#\\\/schema\\\/logo\\\/image\\\/\"},\"sameAs\":[\"https:\\\/\\\/www.facebook.com\\\/LoopKingLaces\\\/\",\"https:\\\/\\\/x.com\\\/loopkinglaces\",\"https:\\\/\\\/www.instagram.com\\\/loopkinglaces\\\/\"]}]}<\/script>\n<!-- \/ Yoast SEO plugin. -->","yoast_head_json":{"title":"Cordones Planos de Algod\u00f3n Verde y Vela con Puntas de Pl\u00e1stico Transparentes","description":"Dale a tu vestuario un toque instant\u00e1neo con nuestros Cordones a cuadros marineros y verdes, el acento ideal para cualquier conjunto. \u00a1Consigue un look limpio y pulido!","robots":{"index":"index","follow":"follow","max-snippet":"max-snippet:-1","max-image-preview":"max-image-preview:large","max-video-preview":"max-video-preview:-1"},"canonical":"https:\/\/www.loopkinglaces.com\/es\/products\/cordones-planos-de-algodon-verde-y-vela-con-puntas-de-plastico-transparentes\/","og_locale":"es_ES","og_type":"article","og_title":"Cordones Planos de Algod\u00f3n Verde y Vela con Puntas de Pl\u00e1stico Transparentes","og_description":"Dale a tu vestuario un toque instant\u00e1neo con nuestros Cordones a cuadros marineros y verdes, el acento ideal para cualquier conjunto. \u00a1Consigue un look limpio y pulido!","og_url":"https:\/\/www.loopkinglaces.com\/es\/products\/cordones-planos-de-algodon-verde-y-vela-con-puntas-de-plastico-transparentes\/","og_site_name":"Luxury Gold Tip Shoelaces by Loop King Laces","article_publisher":"https:\/\/www.facebook.com\/LoopKingLaces\/","og_image":[{"width":2560,"height":2560,"url":"https:\/\/www.loopkinglaces.com\/wp-content\/uploads\/Plaid-Sail-and-Green-2-scaled.jpg","type":"image\/jpeg"}],"twitter_card":"summary_large_image","twitter_site":"@loopkinglaces","schema":{"@context":"https:\/\/schema.org","@graph":[{"@type":["WebPage","ItemPage"],"@id":"https:\/\/www.loopkinglaces.com\/es\/products\/cordones-planos-de-algodon-verde-y-vela-con-puntas-de-plastico-transparentes\/","url":"https:\/\/www.loopkinglaces.com\/es\/products\/cordones-planos-de-algodon-verde-y-vela-con-puntas-de-plastico-transparentes\/","name":"Cordones Planos de Algod\u00f3n Verde y Vela con Puntas de Pl\u00e1stico Transparentes","isPartOf":{"@id":"https:\/\/www.loopkinglaces.com\/es\/#website"},"primaryImageOfPage":{"@id":"https:\/\/www.loopkinglaces.com\/es\/products\/cordones-planos-de-algodon-verde-y-vela-con-puntas-de-plastico-transparentes\/#primaryimage"},"image":{"@id":"https:\/\/www.loopkinglaces.com\/es\/products\/cordones-planos-de-algodon-verde-y-vela-con-puntas-de-plastico-transparentes\/#primaryimage"},"thumbnailUrl":"https:\/\/www.loopkinglaces.com\/wp-content\/uploads\/Plaid-Sail-and-Green-2-scaled.jpg","datePublished":"2023-11-01T19:23:19+00:00","description":"Dale a tu vestuario un toque instant\u00e1neo con nuestros Cordones a cuadros marineros y verdes, el acento ideal para cualquier conjunto. \u00a1Consigue un look limpio y pulido!","breadcrumb":{"@id":"https:\/\/www.loopkinglaces.com\/es\/products\/cordones-planos-de-algodon-verde-y-vela-con-puntas-de-plastico-transparentes\/#breadcrumb"},"inLanguage":"es","potentialAction":[{"@type":"ReadAction","target":["https:\/\/www.loopkinglaces.com\/es\/products\/cordones-planos-de-algodon-verde-y-vela-con-puntas-de-plastico-transparentes\/"]}]},{"@type":"ImageObject","inLanguage":"es","@id":"https:\/\/www.loopkinglaces.com\/es\/products\/cordones-planos-de-algodon-verde-y-vela-con-puntas-de-plastico-transparentes\/#primaryimage","url":"https:\/\/www.loopkinglaces.com\/wp-content\/uploads\/Plaid-Sail-and-Green-2-scaled.jpg","contentUrl":"https:\/\/www.loopkinglaces.com\/wp-content\/uploads\/Plaid-Sail-and-Green-2-scaled.jpg","width":2560,"height":2560},{"@type":"BreadcrumbList","@id":"https:\/\/www.loopkinglaces.com\/es\/products\/cordones-planos-de-algodon-verde-y-vela-con-puntas-de-plastico-transparentes\/#breadcrumb","itemListElement":[{"@type":"ListItem","position":1,"name":"Home","item":"https:\/\/www.loopkinglaces.com\/es\/"},{"@type":"ListItem","position":2,"name":"COMPRAR LACAS","item":"https:\/\/www.loopkinglaces.com\/es\/comprar-lacas\/"},{"@type":"ListItem","position":3,"name":"Cordones Planos de Algod\u00f3n Verde y Vela con Puntas de Pl\u00e1stico Transparentes"}]},{"@type":"WebSite","@id":"https:\/\/www.loopkinglaces.com\/es\/#website","url":"https:\/\/www.loopkinglaces.com\/es\/","name":"Luxury Gold Tip Shoelaces by Loop King Laces","description":"Rope Laces, Flat Waxed Laces and Leather Laces. All With Gold Tips.","publisher":{"@id":"https:\/\/www.loopkinglaces.com\/es\/#organization"},"potentialAction":[{"@type":"SearchAction","target":{"@type":"EntryPoint","urlTemplate":"https:\/\/www.loopkinglaces.com\/es\/?s={search_term_string}"},"query-input":{"@type":"PropertyValueSpecification","valueRequired":true,"valueName":"search_term_string"}}],"inLanguage":"es"},{"@type":"Organization","@id":"https:\/\/www.loopkinglaces.com\/es\/#organization","name":"Loop King Laces","url":"https:\/\/www.loopkinglaces.com\/es\/","logo":{"@type":"ImageObject","inLanguage":"es","@id":"https:\/\/www.loopkinglaces.com\/es\/#\/schema\/logo\/image\/","url":"https:\/\/www.loopkinglaces.com\/wp-content\/uploads\/LOOP-KING-LACES.1.1-01-LOGO-HI-RES-OFFICIAL-1.png","contentUrl":"https:\/\/www.loopkinglaces.com\/wp-content\/uploads\/LOOP-KING-LACES.1.1-01-LOGO-HI-RES-OFFICIAL-1.png","width":128,"height":91,"caption":"Loop King Laces"},"image":{"@id":"https:\/\/www.loopkinglaces.com\/es\/#\/schema\/logo\/image\/"},"sameAs":["https:\/\/www.facebook.com\/LoopKingLaces\/","https:\/\/x.com\/loopkinglaces","https:\/\/www.instagram.com\/loopkinglaces\/"]}]}},"_links":{"self":[{"href":"https:\/\/www.loopkinglaces.com\/es\/wp-json\/wp\/v2\/product\/69834","targetHints":{"allow":["GET"]}}],"collection":[{"href":"https:\/\/www.loopkinglaces.com\/es\/wp-json\/wp\/v2\/product"}],"about":[{"href":"https:\/\/www.loopkinglaces.com\/es\/wp-json\/wp\/v2\/types\/product"}],"replies":[{"embeddable":true,"href":"https:\/\/www.loopkinglaces.com\/es\/wp-json\/wp\/v2\/comments?post=69834"}],"wp:featuredmedia":[{"embeddable":true,"href":"https:\/\/www.loopkinglaces.com\/es\/wp-json\/wp\/v2\/media\/69844"}],"wp:attachment":[{"href":"https:\/\/www.loopkinglaces.com\/es\/wp-json\/wp\/v2\/media?parent=69834"}],"wp:term":[{"taxonomy":"product_brand","embeddable":true,"href":"https:\/\/www.loopkinglaces.com\/es\/wp-json\/wp\/v2\/product_brand?post=69834"},{"taxonomy":"product_cat","embeddable":true,"href":"https:\/\/www.loopkinglaces.com\/es\/wp-json\/wp\/v2\/product_cat?post=69834"},{"taxonomy":"product_tag","embeddable":true,"href":"https:\/\/www.loopkinglaces.com\/es\/wp-json\/wp\/v2\/product_tag?post=69834"},{"taxonomy":"woo-feed-brand","embeddable":true,"href":"https:\/\/www.loopkinglaces.com\/es\/wp-json\/wp\/v2\/woo-feed-brand?post=69834"}],"curies":[{"name":"wp","href":"https:\/\/api.w.org\/{rel}","templated":true}]}}