{"id":69724,"date":"2023-11-01T18:07:59","date_gmt":"2023-11-01T18:07:59","guid":{"rendered":"https:\/\/www.loopkinglaces.com\/products\/cordones-de-cemento-gris-negro-elefante-con-puntas-de-plastico-transparente\/"},"modified":"2023-11-01T18:07:59","modified_gmt":"2023-11-01T18:07:59","slug":"cordones-de-cemento-gris-negro-elefante-con-puntas-de-plastico-transparente","status":"publish","type":"product","link":"https:\/\/www.loopkinglaces.com\/es\/products\/cordones-de-cemento-gris-negro-elefante-con-puntas-de-plastico-transparente\/","title":{"rendered":"Cordones de Cemento Gris Negro Elefante con Puntas de Pl\u00e1stico Transparente"},"content":{"rendered":"<p>Si tus zapatillas est\u00e1n deslucidas, nuestros Cordones de Cemento Negro Gris Elefante con Puntas de Pl\u00e1stico Transparente son la mejora que necesitas.<br \/>\nCon un estampado de colores realistas y motas por todas partes, har\u00e1n que cualquier par de zapatillas destaque.<br \/>\nEstos cordones no s\u00f3lo son bonitos, sino que est\u00e1n fabricados con materiales de primera calidad dise\u00f1ados para durar.<br \/>\nLas puntas en relieve aportan un toque lujoso y una pr\u00e1ctica resistencia al deshilachado, por lo que no s\u00f3lo obtienes un dise\u00f1o de cordones excepcional, sino tambi\u00e9n aut\u00e9ntica calidad.   <\/p>\n","protected":false},"excerpt":{"rendered":"<p>Cordones de cemento <strong>blanco negro con<\/strong> puntas de pl\u00e1stico negras Rejuvenece el aspecto de tus zapatillas con nuestros cordones de cemento negro, con llamativas puntas de pl\u00e1stico rojas.<br \/>\nSu estampado aut\u00e9ntico se presenta en una mezcla de colores con motas aleatorias para un impresionante estallido visual.<br \/>\nEstos cordones son algo m\u00e1s que moda: est\u00e1n fabricados con materiales de alta calidad para una longevidad superior.<br \/>\nCon puntas en relieve que a\u00f1aden un toque lujoso y protegen del deshilachado, te ofrecemos no s\u00f3lo un cord\u00f3n, sino un compromiso de calidad duradero.<br \/>\nCaracter\u00edsticas principales      <\/p>\n<ul>\n<li><span style=\"font-weight: 400;\">Materiales de primera calidad<\/span><\/li>\n<li><span style=\"font-weight: 400;\">Puntas en relieve<\/span><\/li>\n<li><span style=\"font-weight: 400;\">Embalaje sellado e impactante  <\/span><\/li>\n<li><span style=\"font-weight: 400;\">Precioso estampado de cemento en cordones planos  <\/span><\/li>\n<li><span style=\"font-weight: 400;\">Durar\u00e1 m\u00e1s que otras marcas<\/span><\/li>\n<li><span style=\"font-weight: 400;\">Disponibles en varias longitudes  <\/span><\/li>\n<\/ul>\n","protected":false},"featured_media":69735,"comment_status":"open","ping_status":"closed","template":"","meta":{"_acf_changed":false},"product_brand":[],"product_cat":[1720,1442,1003,877],"product_tag":[894,899,1009,896,1008,1006,895,893],"woo-feed-brand":[],"class_list":{"0":"post-69724","1":"product","2":"type-product","3":"status-publish","4":"has-post-thumbnail","6":"product_cat-cordones-de-punto-nike-fly","7":"product_cat-cordones-molones-eleva-tu-juego-de-calzado","8":"product_cat-mejora-el-estilo-de-tus-zapatos-con-cordones-de-cemento","9":"product_cat-todos-los-cordones","10":"product_tag-cordones","11":"product_tag-cordones-punta-de-oro","12":"product_tag-encerado","13":"product_tag-negro","14":"product_tag-plano","15":"product_tag-plano-encerado","16":"product_tag-punta-metalica","17":"product_tag-rey-del-bucle","19":"first","20":"instock","21":"taxable","22":"shipping-taxable","23":"purchasable","24":"product-type-variable"},"acf":[],"yoast_head":"<!-- This site is optimized with the Yoast SEO plugin v27.3 - https:\/\/yoast.com\/product\/yoast-seo-wordpress\/ -->\n<title>Cordones de Cemento Gris Negro Elefante con Puntas de Pl\u00e1stico Transparente<\/title>\n<meta name=\"description\" content=\"\u00a1Actualiza la moda de tu calzado sin esfuerzo! Nuestros cordones de cemento negro gris elefante con puntas de pl\u00e1stico transparente est\u00e1n dise\u00f1ados para resaltar cualquier silueta de zapatilla.\" \/>\n<meta name=\"robots\" content=\"index, follow, max-snippet:-1, max-image-preview:large, max-video-preview:-1\" \/>\n<link rel=\"canonical\" href=\"https:\/\/www.loopkinglaces.com\/es\/products\/cordones-de-cemento-gris-negro-elefante-con-puntas-de-plastico-transparente\/\" \/>\n<meta property=\"og:locale\" content=\"es_ES\" \/>\n<meta property=\"og:type\" content=\"article\" \/>\n<meta property=\"og:title\" content=\"Cordones de Cemento Gris Negro Elefante con Puntas de Pl\u00e1stico Transparente\" \/>\n<meta property=\"og:description\" content=\"\u00a1Actualiza la moda de tu calzado sin esfuerzo! Nuestros cordones de cemento negro gris elefante con puntas de pl\u00e1stico transparente est\u00e1n dise\u00f1ados para resaltar cualquier silueta de zapatilla.\" \/>\n<meta property=\"og:url\" content=\"https:\/\/www.loopkinglaces.com\/es\/products\/cordones-de-cemento-gris-negro-elefante-con-puntas-de-plastico-transparente\/\" \/>\n<meta property=\"og:site_name\" content=\"Luxury Gold Tip Shoelaces by Loop King Laces\" \/>\n<meta property=\"article:publisher\" content=\"https:\/\/www.facebook.com\/LoopKingLaces\/\" \/>\n<meta property=\"og:image\" content=\"https:\/\/www.loopkinglaces.com\/wp-content\/uploads\/Elephant-Grey-Cement-with-Clear-Tips-scaled.jpg\" \/>\n\t<meta property=\"og:image:width\" content=\"2560\" \/>\n\t<meta property=\"og:image:height\" content=\"2560\" \/>\n\t<meta property=\"og:image:type\" content=\"image\/jpeg\" \/>\n<meta name=\"twitter:card\" content=\"summary_large_image\" \/>\n<meta name=\"twitter:site\" content=\"@loopkinglaces\" \/>\n<script type=\"application\/ld+json\" class=\"yoast-schema-graph\">{\"@context\":\"https:\\\/\\\/schema.org\",\"@graph\":[{\"@type\":[\"WebPage\",\"ItemPage\"],\"@id\":\"https:\\\/\\\/www.loopkinglaces.com\\\/es\\\/products\\\/cordones-de-cemento-gris-negro-elefante-con-puntas-de-plastico-transparente\\\/\",\"url\":\"https:\\\/\\\/www.loopkinglaces.com\\\/es\\\/products\\\/cordones-de-cemento-gris-negro-elefante-con-puntas-de-plastico-transparente\\\/\",\"name\":\"Cordones de Cemento Gris Negro Elefante con Puntas de Pl\u00e1stico Transparente\",\"isPartOf\":{\"@id\":\"https:\\\/\\\/www.loopkinglaces.com\\\/es\\\/#website\"},\"primaryImageOfPage\":{\"@id\":\"https:\\\/\\\/www.loopkinglaces.com\\\/es\\\/products\\\/cordones-de-cemento-gris-negro-elefante-con-puntas-de-plastico-transparente\\\/#primaryimage\"},\"image\":{\"@id\":\"https:\\\/\\\/www.loopkinglaces.com\\\/es\\\/products\\\/cordones-de-cemento-gris-negro-elefante-con-puntas-de-plastico-transparente\\\/#primaryimage\"},\"thumbnailUrl\":\"https:\\\/\\\/www.loopkinglaces.com\\\/wp-content\\\/uploads\\\/Elephant-Grey-Cement-with-Clear-Tips-scaled.jpg\",\"datePublished\":\"2023-11-01T18:07:59+00:00\",\"description\":\"\u00a1Actualiza la moda de tu calzado sin esfuerzo! Nuestros cordones de cemento negro gris elefante con puntas de pl\u00e1stico transparente est\u00e1n dise\u00f1ados para resaltar cualquier silueta de zapatilla.\",\"breadcrumb\":{\"@id\":\"https:\\\/\\\/www.loopkinglaces.com\\\/es\\\/products\\\/cordones-de-cemento-gris-negro-elefante-con-puntas-de-plastico-transparente\\\/#breadcrumb\"},\"inLanguage\":\"es\",\"potentialAction\":[{\"@type\":\"ReadAction\",\"target\":[\"https:\\\/\\\/www.loopkinglaces.com\\\/es\\\/products\\\/cordones-de-cemento-gris-negro-elefante-con-puntas-de-plastico-transparente\\\/\"]}]},{\"@type\":\"ImageObject\",\"inLanguage\":\"es\",\"@id\":\"https:\\\/\\\/www.loopkinglaces.com\\\/es\\\/products\\\/cordones-de-cemento-gris-negro-elefante-con-puntas-de-plastico-transparente\\\/#primaryimage\",\"url\":\"https:\\\/\\\/www.loopkinglaces.com\\\/wp-content\\\/uploads\\\/Elephant-Grey-Cement-with-Clear-Tips-scaled.jpg\",\"contentUrl\":\"https:\\\/\\\/www.loopkinglaces.com\\\/wp-content\\\/uploads\\\/Elephant-Grey-Cement-with-Clear-Tips-scaled.jpg\",\"width\":2560,\"height\":2560},{\"@type\":\"BreadcrumbList\",\"@id\":\"https:\\\/\\\/www.loopkinglaces.com\\\/es\\\/products\\\/cordones-de-cemento-gris-negro-elefante-con-puntas-de-plastico-transparente\\\/#breadcrumb\",\"itemListElement\":[{\"@type\":\"ListItem\",\"position\":1,\"name\":\"Home\",\"item\":\"https:\\\/\\\/www.loopkinglaces.com\\\/es\\\/\"},{\"@type\":\"ListItem\",\"position\":2,\"name\":\"COMPRAR LACAS\",\"item\":\"https:\\\/\\\/www.loopkinglaces.com\\\/es\\\/comprar-lacas\\\/\"},{\"@type\":\"ListItem\",\"position\":3,\"name\":\"Cordones de Cemento Gris Negro Elefante con Puntas de Pl\u00e1stico Transparente\"}]},{\"@type\":\"WebSite\",\"@id\":\"https:\\\/\\\/www.loopkinglaces.com\\\/es\\\/#website\",\"url\":\"https:\\\/\\\/www.loopkinglaces.com\\\/es\\\/\",\"name\":\"Luxury Gold Tip Shoelaces by Loop King Laces\",\"description\":\"Rope Laces, Flat Waxed Laces and Leather Laces. All With Gold Tips.\",\"publisher\":{\"@id\":\"https:\\\/\\\/www.loopkinglaces.com\\\/es\\\/#organization\"},\"potentialAction\":[{\"@type\":\"SearchAction\",\"target\":{\"@type\":\"EntryPoint\",\"urlTemplate\":\"https:\\\/\\\/www.loopkinglaces.com\\\/es\\\/?s={search_term_string}\"},\"query-input\":{\"@type\":\"PropertyValueSpecification\",\"valueRequired\":true,\"valueName\":\"search_term_string\"}}],\"inLanguage\":\"es\"},{\"@type\":\"Organization\",\"@id\":\"https:\\\/\\\/www.loopkinglaces.com\\\/es\\\/#organization\",\"name\":\"Loop King Laces\",\"url\":\"https:\\\/\\\/www.loopkinglaces.com\\\/es\\\/\",\"logo\":{\"@type\":\"ImageObject\",\"inLanguage\":\"es\",\"@id\":\"https:\\\/\\\/www.loopkinglaces.com\\\/es\\\/#\\\/schema\\\/logo\\\/image\\\/\",\"url\":\"https:\\\/\\\/www.loopkinglaces.com\\\/wp-content\\\/uploads\\\/LOOP-KING-LACES.1.1-01-LOGO-HI-RES-OFFICIAL-1.png\",\"contentUrl\":\"https:\\\/\\\/www.loopkinglaces.com\\\/wp-content\\\/uploads\\\/LOOP-KING-LACES.1.1-01-LOGO-HI-RES-OFFICIAL-1.png\",\"width\":128,\"height\":91,\"caption\":\"Loop King Laces\"},\"image\":{\"@id\":\"https:\\\/\\\/www.loopkinglaces.com\\\/es\\\/#\\\/schema\\\/logo\\\/image\\\/\"},\"sameAs\":[\"https:\\\/\\\/www.facebook.com\\\/LoopKingLaces\\\/\",\"https:\\\/\\\/x.com\\\/loopkinglaces\",\"https:\\\/\\\/www.instagram.com\\\/loopkinglaces\\\/\"]}]}<\/script>\n<!-- \/ Yoast SEO plugin. -->","yoast_head_json":{"title":"Cordones de Cemento Gris Negro Elefante con Puntas de Pl\u00e1stico Transparente","description":"\u00a1Actualiza la moda de tu calzado sin esfuerzo! Nuestros cordones de cemento negro gris elefante con puntas de pl\u00e1stico transparente est\u00e1n dise\u00f1ados para resaltar cualquier silueta de zapatilla.","robots":{"index":"index","follow":"follow","max-snippet":"max-snippet:-1","max-image-preview":"max-image-preview:large","max-video-preview":"max-video-preview:-1"},"canonical":"https:\/\/www.loopkinglaces.com\/es\/products\/cordones-de-cemento-gris-negro-elefante-con-puntas-de-plastico-transparente\/","og_locale":"es_ES","og_type":"article","og_title":"Cordones de Cemento Gris Negro Elefante con Puntas de Pl\u00e1stico Transparente","og_description":"\u00a1Actualiza la moda de tu calzado sin esfuerzo! Nuestros cordones de cemento negro gris elefante con puntas de pl\u00e1stico transparente est\u00e1n dise\u00f1ados para resaltar cualquier silueta de zapatilla.","og_url":"https:\/\/www.loopkinglaces.com\/es\/products\/cordones-de-cemento-gris-negro-elefante-con-puntas-de-plastico-transparente\/","og_site_name":"Luxury Gold Tip Shoelaces by Loop King Laces","article_publisher":"https:\/\/www.facebook.com\/LoopKingLaces\/","og_image":[{"width":2560,"height":2560,"url":"https:\/\/www.loopkinglaces.com\/wp-content\/uploads\/Elephant-Grey-Cement-with-Clear-Tips-scaled.jpg","type":"image\/jpeg"}],"twitter_card":"summary_large_image","twitter_site":"@loopkinglaces","schema":{"@context":"https:\/\/schema.org","@graph":[{"@type":["WebPage","ItemPage"],"@id":"https:\/\/www.loopkinglaces.com\/es\/products\/cordones-de-cemento-gris-negro-elefante-con-puntas-de-plastico-transparente\/","url":"https:\/\/www.loopkinglaces.com\/es\/products\/cordones-de-cemento-gris-negro-elefante-con-puntas-de-plastico-transparente\/","name":"Cordones de Cemento Gris Negro Elefante con Puntas de Pl\u00e1stico Transparente","isPartOf":{"@id":"https:\/\/www.loopkinglaces.com\/es\/#website"},"primaryImageOfPage":{"@id":"https:\/\/www.loopkinglaces.com\/es\/products\/cordones-de-cemento-gris-negro-elefante-con-puntas-de-plastico-transparente\/#primaryimage"},"image":{"@id":"https:\/\/www.loopkinglaces.com\/es\/products\/cordones-de-cemento-gris-negro-elefante-con-puntas-de-plastico-transparente\/#primaryimage"},"thumbnailUrl":"https:\/\/www.loopkinglaces.com\/wp-content\/uploads\/Elephant-Grey-Cement-with-Clear-Tips-scaled.jpg","datePublished":"2023-11-01T18:07:59+00:00","description":"\u00a1Actualiza la moda de tu calzado sin esfuerzo! Nuestros cordones de cemento negro gris elefante con puntas de pl\u00e1stico transparente est\u00e1n dise\u00f1ados para resaltar cualquier silueta de zapatilla.","breadcrumb":{"@id":"https:\/\/www.loopkinglaces.com\/es\/products\/cordones-de-cemento-gris-negro-elefante-con-puntas-de-plastico-transparente\/#breadcrumb"},"inLanguage":"es","potentialAction":[{"@type":"ReadAction","target":["https:\/\/www.loopkinglaces.com\/es\/products\/cordones-de-cemento-gris-negro-elefante-con-puntas-de-plastico-transparente\/"]}]},{"@type":"ImageObject","inLanguage":"es","@id":"https:\/\/www.loopkinglaces.com\/es\/products\/cordones-de-cemento-gris-negro-elefante-con-puntas-de-plastico-transparente\/#primaryimage","url":"https:\/\/www.loopkinglaces.com\/wp-content\/uploads\/Elephant-Grey-Cement-with-Clear-Tips-scaled.jpg","contentUrl":"https:\/\/www.loopkinglaces.com\/wp-content\/uploads\/Elephant-Grey-Cement-with-Clear-Tips-scaled.jpg","width":2560,"height":2560},{"@type":"BreadcrumbList","@id":"https:\/\/www.loopkinglaces.com\/es\/products\/cordones-de-cemento-gris-negro-elefante-con-puntas-de-plastico-transparente\/#breadcrumb","itemListElement":[{"@type":"ListItem","position":1,"name":"Home","item":"https:\/\/www.loopkinglaces.com\/es\/"},{"@type":"ListItem","position":2,"name":"COMPRAR LACAS","item":"https:\/\/www.loopkinglaces.com\/es\/comprar-lacas\/"},{"@type":"ListItem","position":3,"name":"Cordones de Cemento Gris Negro Elefante con Puntas de Pl\u00e1stico Transparente"}]},{"@type":"WebSite","@id":"https:\/\/www.loopkinglaces.com\/es\/#website","url":"https:\/\/www.loopkinglaces.com\/es\/","name":"Luxury Gold Tip Shoelaces by Loop King Laces","description":"Rope Laces, Flat Waxed Laces and Leather Laces. All With Gold Tips.","publisher":{"@id":"https:\/\/www.loopkinglaces.com\/es\/#organization"},"potentialAction":[{"@type":"SearchAction","target":{"@type":"EntryPoint","urlTemplate":"https:\/\/www.loopkinglaces.com\/es\/?s={search_term_string}"},"query-input":{"@type":"PropertyValueSpecification","valueRequired":true,"valueName":"search_term_string"}}],"inLanguage":"es"},{"@type":"Organization","@id":"https:\/\/www.loopkinglaces.com\/es\/#organization","name":"Loop King Laces","url":"https:\/\/www.loopkinglaces.com\/es\/","logo":{"@type":"ImageObject","inLanguage":"es","@id":"https:\/\/www.loopkinglaces.com\/es\/#\/schema\/logo\/image\/","url":"https:\/\/www.loopkinglaces.com\/wp-content\/uploads\/LOOP-KING-LACES.1.1-01-LOGO-HI-RES-OFFICIAL-1.png","contentUrl":"https:\/\/www.loopkinglaces.com\/wp-content\/uploads\/LOOP-KING-LACES.1.1-01-LOGO-HI-RES-OFFICIAL-1.png","width":128,"height":91,"caption":"Loop King Laces"},"image":{"@id":"https:\/\/www.loopkinglaces.com\/es\/#\/schema\/logo\/image\/"},"sameAs":["https:\/\/www.facebook.com\/LoopKingLaces\/","https:\/\/x.com\/loopkinglaces","https:\/\/www.instagram.com\/loopkinglaces\/"]}]}},"_links":{"self":[{"href":"https:\/\/www.loopkinglaces.com\/es\/wp-json\/wp\/v2\/product\/69724","targetHints":{"allow":["GET"]}}],"collection":[{"href":"https:\/\/www.loopkinglaces.com\/es\/wp-json\/wp\/v2\/product"}],"about":[{"href":"https:\/\/www.loopkinglaces.com\/es\/wp-json\/wp\/v2\/types\/product"}],"replies":[{"embeddable":true,"href":"https:\/\/www.loopkinglaces.com\/es\/wp-json\/wp\/v2\/comments?post=69724"}],"wp:featuredmedia":[{"embeddable":true,"href":"https:\/\/www.loopkinglaces.com\/es\/wp-json\/wp\/v2\/media\/69735"}],"wp:attachment":[{"href":"https:\/\/www.loopkinglaces.com\/es\/wp-json\/wp\/v2\/media?parent=69724"}],"wp:term":[{"taxonomy":"product_brand","embeddable":true,"href":"https:\/\/www.loopkinglaces.com\/es\/wp-json\/wp\/v2\/product_brand?post=69724"},{"taxonomy":"product_cat","embeddable":true,"href":"https:\/\/www.loopkinglaces.com\/es\/wp-json\/wp\/v2\/product_cat?post=69724"},{"taxonomy":"product_tag","embeddable":true,"href":"https:\/\/www.loopkinglaces.com\/es\/wp-json\/wp\/v2\/product_tag?post=69724"},{"taxonomy":"woo-feed-brand","embeddable":true,"href":"https:\/\/www.loopkinglaces.com\/es\/wp-json\/wp\/v2\/woo-feed-brand?post=69724"}],"curies":[{"name":"wp","href":"https:\/\/api.w.org\/{rel}","templated":true}]}}