{"id":69492,"date":"2023-09-14T14:52:19","date_gmt":"2023-09-14T14:52:19","guid":{"rendered":"https:\/\/www.loopkinglaces.com\/products\/pegatina-logo-loop-king-laces\/"},"modified":"2023-09-14T14:52:19","modified_gmt":"2023-09-14T14:52:19","slug":"pegatina-logo-loop-king-laces","status":"publish","type":"product","link":"https:\/\/www.loopkinglaces.com\/es\/products\/pegatina-logo-loop-king-laces\/","title":{"rendered":"Pegatina Logo Loop King Laces"},"content":{"rendered":"<p>\u00a1Muestra tu pasi\u00f3n por las zapatillas con la pegatina Loop King Laces Logo Sticker!<br \/>\nPerfecta para port\u00e1tiles, botellas de agua o cuadernos, esta pegatina a\u00f1ade un elegante toque de amor por las zapatillas all\u00e1 donde la coloques. <\/p>\n","protected":false},"excerpt":{"rendered":"<p>\u00a1Eleva tus accesorios con el estilo caracter\u00edstico de Loop King Laces!<br \/>\nNuestro adhesivo con el logotipo es un gui\u00f1o de moda para los entusiastas de las zapatillas, listo para pegarse y dejar huella en cualquier superficie. <\/p>\n","protected":false},"featured_media":54492,"comment_status":"closed","ping_status":"closed","template":"","meta":{"_acf_changed":false},"product_brand":[],"product_cat":[1438],"product_tag":[],"woo-feed-brand":[],"class_list":{"0":"post-69492","1":"product","2":"type-product","3":"status-publish","4":"has-post-thumbnail","6":"product_cat-sin-categoria","8":"first","9":"instock","10":"taxable","11":"shipping-taxable","12":"purchasable","13":"product-type-simple"},"acf":[],"yoast_head":"<!-- This site is optimized with the Yoast SEO plugin v27.5 - https:\/\/yoast.com\/product\/yoast-seo-wordpress\/ -->\n<title>Cordones misteriosos - Cordones de lujo y de primera calidad de Loop King<\/title>\n<meta name=\"description\" content=\"\u00a1Eleva tus accesorios con el estilo caracter\u00edstico de Loop King! Nuestro adhesivo con el logotipo es un gui\u00f1o de moda para los entusiastas de las zapatillas deportivas, para destacar en cualquier superficie.\" \/>\n<meta name=\"robots\" content=\"index, follow, max-snippet:-1, max-image-preview:large, max-video-preview:-1\" \/>\n<link rel=\"canonical\" href=\"https:\/\/www.loopkinglaces.com\/es\/products\/pegatina-logo-loop-king-laces\/\" \/>\n<meta property=\"og:locale\" content=\"es_ES\" \/>\n<meta property=\"og:type\" content=\"article\" \/>\n<meta property=\"og:title\" content=\"Cordones misteriosos - Cordones de lujo y de primera calidad de Loop King\" \/>\n<meta property=\"og:description\" content=\"\u00a1Eleva tus accesorios con el estilo caracter\u00edstico de Loop King! Nuestro adhesivo con el logotipo es un gui\u00f1o de moda para los entusiastas de las zapatillas deportivas, para destacar en cualquier superficie.\" \/>\n<meta property=\"og:url\" content=\"https:\/\/www.loopkinglaces.com\/es\/products\/pegatina-logo-loop-king-laces\/\" \/>\n<meta property=\"og:site_name\" content=\"Luxury Gold Tip Shoelaces by Loop King Laces\" \/>\n<meta property=\"article:publisher\" content=\"https:\/\/www.facebook.com\/LoopKingLaces\/\" \/>\n<meta property=\"og:image\" content=\"https:\/\/www.loopkinglaces.com\/wp-content\/uploads\/Loop-King-Laces-Sticker.png\" \/>\n\t<meta property=\"og:image:width\" content=\"795\" \/>\n\t<meta property=\"og:image:height\" content=\"798\" \/>\n\t<meta property=\"og:image:type\" content=\"image\/png\" \/>\n<meta name=\"twitter:card\" content=\"summary_large_image\" \/>\n<meta name=\"twitter:site\" content=\"@loopkinglaces\" \/>\n<script type=\"application\/ld+json\" class=\"yoast-schema-graph\">{\"@context\":\"https:\\\/\\\/schema.org\",\"@graph\":[{\"@type\":[\"WebPage\",\"ItemPage\"],\"@id\":\"https:\\\/\\\/www.loopkinglaces.com\\\/es\\\/products\\\/pegatina-logo-loop-king-laces\\\/\",\"url\":\"https:\\\/\\\/www.loopkinglaces.com\\\/es\\\/products\\\/pegatina-logo-loop-king-laces\\\/\",\"name\":\"Cordones misteriosos - Cordones de lujo y de primera calidad de Loop King\",\"isPartOf\":{\"@id\":\"https:\\\/\\\/www.loopkinglaces.com\\\/es\\\/#website\"},\"primaryImageOfPage\":{\"@id\":\"https:\\\/\\\/www.loopkinglaces.com\\\/es\\\/products\\\/pegatina-logo-loop-king-laces\\\/#primaryimage\"},\"image\":{\"@id\":\"https:\\\/\\\/www.loopkinglaces.com\\\/es\\\/products\\\/pegatina-logo-loop-king-laces\\\/#primaryimage\"},\"thumbnailUrl\":\"https:\\\/\\\/www.loopkinglaces.com\\\/wp-content\\\/uploads\\\/Loop-King-Laces-Sticker.png\",\"datePublished\":\"2023-09-14T14:52:19+00:00\",\"description\":\"\u00a1Eleva tus accesorios con el estilo caracter\u00edstico de Loop King! Nuestro adhesivo con el logotipo es un gui\u00f1o de moda para los entusiastas de las zapatillas deportivas, para destacar en cualquier superficie.\",\"breadcrumb\":{\"@id\":\"https:\\\/\\\/www.loopkinglaces.com\\\/es\\\/products\\\/pegatina-logo-loop-king-laces\\\/#breadcrumb\"},\"inLanguage\":\"es\",\"potentialAction\":[{\"@type\":\"ReadAction\",\"target\":[\"https:\\\/\\\/www.loopkinglaces.com\\\/es\\\/products\\\/pegatina-logo-loop-king-laces\\\/\"]}]},{\"@type\":\"ImageObject\",\"inLanguage\":\"es\",\"@id\":\"https:\\\/\\\/www.loopkinglaces.com\\\/es\\\/products\\\/pegatina-logo-loop-king-laces\\\/#primaryimage\",\"url\":\"https:\\\/\\\/www.loopkinglaces.com\\\/wp-content\\\/uploads\\\/Loop-King-Laces-Sticker.png\",\"contentUrl\":\"https:\\\/\\\/www.loopkinglaces.com\\\/wp-content\\\/uploads\\\/Loop-King-Laces-Sticker.png\",\"width\":795,\"height\":798},{\"@type\":\"BreadcrumbList\",\"@id\":\"https:\\\/\\\/www.loopkinglaces.com\\\/es\\\/products\\\/pegatina-logo-loop-king-laces\\\/#breadcrumb\",\"itemListElement\":[{\"@type\":\"ListItem\",\"position\":1,\"name\":\"Home\",\"item\":\"https:\\\/\\\/www.loopkinglaces.com\\\/es\\\/\"},{\"@type\":\"ListItem\",\"position\":2,\"name\":\"COMPRAR LACAS\",\"item\":\"https:\\\/\\\/www.loopkinglaces.com\\\/es\\\/comprar-lacas\\\/\"},{\"@type\":\"ListItem\",\"position\":3,\"name\":\"Pegatina Logo Loop King Laces\"}]},{\"@type\":\"WebSite\",\"@id\":\"https:\\\/\\\/www.loopkinglaces.com\\\/es\\\/#website\",\"url\":\"https:\\\/\\\/www.loopkinglaces.com\\\/es\\\/\",\"name\":\"Luxury Gold Tip Shoelaces by Loop King Laces\",\"description\":\"Rope Laces, Flat Waxed Laces and Leather Laces. All With Gold Tips.\",\"publisher\":{\"@id\":\"https:\\\/\\\/www.loopkinglaces.com\\\/es\\\/#organization\"},\"potentialAction\":[{\"@type\":\"SearchAction\",\"target\":{\"@type\":\"EntryPoint\",\"urlTemplate\":\"https:\\\/\\\/www.loopkinglaces.com\\\/es\\\/?s={search_term_string}\"},\"query-input\":{\"@type\":\"PropertyValueSpecification\",\"valueRequired\":true,\"valueName\":\"search_term_string\"}}],\"inLanguage\":\"es\"},{\"@type\":\"Organization\",\"@id\":\"https:\\\/\\\/www.loopkinglaces.com\\\/es\\\/#organization\",\"name\":\"Loop King Laces\",\"url\":\"https:\\\/\\\/www.loopkinglaces.com\\\/es\\\/\",\"logo\":{\"@type\":\"ImageObject\",\"inLanguage\":\"es\",\"@id\":\"https:\\\/\\\/www.loopkinglaces.com\\\/es\\\/#\\\/schema\\\/logo\\\/image\\\/\",\"url\":\"https:\\\/\\\/www.loopkinglaces.com\\\/wp-content\\\/uploads\\\/LOOP-KING-LACES.1.1-01-LOGO-HI-RES-OFFICIAL-1.png\",\"contentUrl\":\"https:\\\/\\\/www.loopkinglaces.com\\\/wp-content\\\/uploads\\\/LOOP-KING-LACES.1.1-01-LOGO-HI-RES-OFFICIAL-1.png\",\"width\":128,\"height\":91,\"caption\":\"Loop King Laces\"},\"image\":{\"@id\":\"https:\\\/\\\/www.loopkinglaces.com\\\/es\\\/#\\\/schema\\\/logo\\\/image\\\/\"},\"sameAs\":[\"https:\\\/\\\/www.facebook.com\\\/LoopKingLaces\\\/\",\"https:\\\/\\\/x.com\\\/loopkinglaces\",\"https:\\\/\\\/www.instagram.com\\\/loopkinglaces\\\/\"]}]}<\/script>\n<!-- \/ Yoast SEO plugin. -->","yoast_head_json":{"title":"Cordones misteriosos - Cordones de lujo y de primera calidad de Loop King","description":"\u00a1Eleva tus accesorios con el estilo caracter\u00edstico de Loop King! Nuestro adhesivo con el logotipo es un gui\u00f1o de moda para los entusiastas de las zapatillas deportivas, para destacar en cualquier superficie.","robots":{"index":"index","follow":"follow","max-snippet":"max-snippet:-1","max-image-preview":"max-image-preview:large","max-video-preview":"max-video-preview:-1"},"canonical":"https:\/\/www.loopkinglaces.com\/es\/products\/pegatina-logo-loop-king-laces\/","og_locale":"es_ES","og_type":"article","og_title":"Cordones misteriosos - Cordones de lujo y de primera calidad de Loop King","og_description":"\u00a1Eleva tus accesorios con el estilo caracter\u00edstico de Loop King! Nuestro adhesivo con el logotipo es un gui\u00f1o de moda para los entusiastas de las zapatillas deportivas, para destacar en cualquier superficie.","og_url":"https:\/\/www.loopkinglaces.com\/es\/products\/pegatina-logo-loop-king-laces\/","og_site_name":"Luxury Gold Tip Shoelaces by Loop King Laces","article_publisher":"https:\/\/www.facebook.com\/LoopKingLaces\/","og_image":[{"width":795,"height":798,"url":"https:\/\/www.loopkinglaces.com\/wp-content\/uploads\/Loop-King-Laces-Sticker.png","type":"image\/png"}],"twitter_card":"summary_large_image","twitter_site":"@loopkinglaces","schema":{"@context":"https:\/\/schema.org","@graph":[{"@type":["WebPage","ItemPage"],"@id":"https:\/\/www.loopkinglaces.com\/es\/products\/pegatina-logo-loop-king-laces\/","url":"https:\/\/www.loopkinglaces.com\/es\/products\/pegatina-logo-loop-king-laces\/","name":"Cordones misteriosos - Cordones de lujo y de primera calidad de Loop King","isPartOf":{"@id":"https:\/\/www.loopkinglaces.com\/es\/#website"},"primaryImageOfPage":{"@id":"https:\/\/www.loopkinglaces.com\/es\/products\/pegatina-logo-loop-king-laces\/#primaryimage"},"image":{"@id":"https:\/\/www.loopkinglaces.com\/es\/products\/pegatina-logo-loop-king-laces\/#primaryimage"},"thumbnailUrl":"https:\/\/www.loopkinglaces.com\/wp-content\/uploads\/Loop-King-Laces-Sticker.png","datePublished":"2023-09-14T14:52:19+00:00","description":"\u00a1Eleva tus accesorios con el estilo caracter\u00edstico de Loop King! Nuestro adhesivo con el logotipo es un gui\u00f1o de moda para los entusiastas de las zapatillas deportivas, para destacar en cualquier superficie.","breadcrumb":{"@id":"https:\/\/www.loopkinglaces.com\/es\/products\/pegatina-logo-loop-king-laces\/#breadcrumb"},"inLanguage":"es","potentialAction":[{"@type":"ReadAction","target":["https:\/\/www.loopkinglaces.com\/es\/products\/pegatina-logo-loop-king-laces\/"]}]},{"@type":"ImageObject","inLanguage":"es","@id":"https:\/\/www.loopkinglaces.com\/es\/products\/pegatina-logo-loop-king-laces\/#primaryimage","url":"https:\/\/www.loopkinglaces.com\/wp-content\/uploads\/Loop-King-Laces-Sticker.png","contentUrl":"https:\/\/www.loopkinglaces.com\/wp-content\/uploads\/Loop-King-Laces-Sticker.png","width":795,"height":798},{"@type":"BreadcrumbList","@id":"https:\/\/www.loopkinglaces.com\/es\/products\/pegatina-logo-loop-king-laces\/#breadcrumb","itemListElement":[{"@type":"ListItem","position":1,"name":"Home","item":"https:\/\/www.loopkinglaces.com\/es\/"},{"@type":"ListItem","position":2,"name":"COMPRAR LACAS","item":"https:\/\/www.loopkinglaces.com\/es\/comprar-lacas\/"},{"@type":"ListItem","position":3,"name":"Pegatina Logo Loop King Laces"}]},{"@type":"WebSite","@id":"https:\/\/www.loopkinglaces.com\/es\/#website","url":"https:\/\/www.loopkinglaces.com\/es\/","name":"Luxury Gold Tip Shoelaces by Loop King Laces","description":"Rope Laces, Flat Waxed Laces and Leather Laces. All With Gold Tips.","publisher":{"@id":"https:\/\/www.loopkinglaces.com\/es\/#organization"},"potentialAction":[{"@type":"SearchAction","target":{"@type":"EntryPoint","urlTemplate":"https:\/\/www.loopkinglaces.com\/es\/?s={search_term_string}"},"query-input":{"@type":"PropertyValueSpecification","valueRequired":true,"valueName":"search_term_string"}}],"inLanguage":"es"},{"@type":"Organization","@id":"https:\/\/www.loopkinglaces.com\/es\/#organization","name":"Loop King Laces","url":"https:\/\/www.loopkinglaces.com\/es\/","logo":{"@type":"ImageObject","inLanguage":"es","@id":"https:\/\/www.loopkinglaces.com\/es\/#\/schema\/logo\/image\/","url":"https:\/\/www.loopkinglaces.com\/wp-content\/uploads\/LOOP-KING-LACES.1.1-01-LOGO-HI-RES-OFFICIAL-1.png","contentUrl":"https:\/\/www.loopkinglaces.com\/wp-content\/uploads\/LOOP-KING-LACES.1.1-01-LOGO-HI-RES-OFFICIAL-1.png","width":128,"height":91,"caption":"Loop King Laces"},"image":{"@id":"https:\/\/www.loopkinglaces.com\/es\/#\/schema\/logo\/image\/"},"sameAs":["https:\/\/www.facebook.com\/LoopKingLaces\/","https:\/\/x.com\/loopkinglaces","https:\/\/www.instagram.com\/loopkinglaces\/"]}]}},"_links":{"self":[{"href":"https:\/\/www.loopkinglaces.com\/es\/wp-json\/wp\/v2\/product\/69492","targetHints":{"allow":["GET"]}}],"collection":[{"href":"https:\/\/www.loopkinglaces.com\/es\/wp-json\/wp\/v2\/product"}],"about":[{"href":"https:\/\/www.loopkinglaces.com\/es\/wp-json\/wp\/v2\/types\/product"}],"replies":[{"embeddable":true,"href":"https:\/\/www.loopkinglaces.com\/es\/wp-json\/wp\/v2\/comments?post=69492"}],"wp:featuredmedia":[{"embeddable":true,"href":"https:\/\/www.loopkinglaces.com\/es\/wp-json\/wp\/v2\/media\/54492"}],"wp:attachment":[{"href":"https:\/\/www.loopkinglaces.com\/es\/wp-json\/wp\/v2\/media?parent=69492"}],"wp:term":[{"taxonomy":"product_brand","embeddable":true,"href":"https:\/\/www.loopkinglaces.com\/es\/wp-json\/wp\/v2\/product_brand?post=69492"},{"taxonomy":"product_cat","embeddable":true,"href":"https:\/\/www.loopkinglaces.com\/es\/wp-json\/wp\/v2\/product_cat?post=69492"},{"taxonomy":"product_tag","embeddable":true,"href":"https:\/\/www.loopkinglaces.com\/es\/wp-json\/wp\/v2\/product_tag?post=69492"},{"taxonomy":"woo-feed-brand","embeddable":true,"href":"https:\/\/www.loopkinglaces.com\/es\/wp-json\/wp\/v2\/woo-feed-brand?post=69492"}],"curies":[{"name":"wp","href":"https:\/\/api.w.org\/{rel}","templated":true}]}}