{"id":69475,"date":"2023-08-03T19:11:41","date_gmt":"2023-08-03T19:11:41","guid":{"rendered":"https:\/\/www.loopkinglaces.com\/products\/cordones-ovalados-rosas-con-puntas-de-plastico-transparentes\/"},"modified":"2023-08-03T19:11:41","modified_gmt":"2023-08-03T19:11:41","slug":"cordones-ovalados-rosas-con-puntas-de-plastico-transparentes","status":"publish","type":"product","link":"https:\/\/www.loopkinglaces.com\/es\/products\/cordones-ovalados-rosas-con-puntas-de-plastico-transparentes\/","title":{"rendered":"Cordones Ovalados Rosas con Puntas de Pl\u00e1stico Transparentes"},"content":{"rendered":"<p>Ad\u00e9ntrate en una estimulante aventura para descubrir el cord\u00f3n perfecto, explorando las cautivadoras dimensiones de nuestros cordones ovalados.<br \/>\nExperimenta la hipnotizante fusi\u00f3n de comodidad y resistencia intrincadamente elaborada en cada exquisito hilo.<br \/>\nPrep\u00e1rate para sobresalir en tus actividades atl\u00e9ticas, fortalecido por esta invencible tecnolog\u00eda de cordones, impregnada de un estilo y una seguridad en ti mismo sin parang\u00f3n.  <\/p>\n","protected":false},"excerpt":{"rendered":"<p><strong>Cordones Ovalados Rosas con Puntas de Pl\u00e1stico Transparente<\/strong> Emprende un emocionante viaje para encontrar el cord\u00f3n definitivo mientras exploras el cautivador mundo de nuestros cordones ovalados.<br \/>\nS\u00e9 testigo de la encantadora uni\u00f3n de comodidad y resistencia cuidadosamente entretejida en cada refinado cord\u00f3n.<br \/>\nPrep\u00e1rate para alcanzar nuevas cimas en tus actividades atl\u00e9ticas, armado con esta insuperable tecnolog\u00eda de cordones que desprende un estilo y una seguridad inigualables.<br \/>\nCaracter\u00edsticas principales     <\/p>\n<ul>\n<li style=\"font-weight: 400;\" aria-level=\"1\">Materiales de primera calidad<\/li>\n<li style=\"font-weight: 400;\" aria-level=\"1\">Fabricados para durar 3 veces m\u00e1s que los cordones tradicionales<\/li>\n<li style=\"font-weight: 400;\" aria-level=\"1\">Embalaje sellado e impactante<\/li>\n<li style=\"font-weight: 400;\" aria-level=\"1\">Disponibles en varias longitudes<\/li>\n<li aria-level=\"1\">Puntas de pl\u00e1stico transparente<\/li>\n<\/ul>\n","protected":false},"featured_media":69480,"comment_status":"open","ping_status":"closed","template":"","meta":{"_acf_changed":false},"product_brand":[],"product_cat":[1573,1466,1686,1329,1720,1163,1298,1086,1153,994,1432,1296,1300,1468,1159,1196,877,1297],"product_tag":[894,899,1009,896,1008,1006,895,893],"woo-feed-brand":[],"class_list":{"0":"post-69475","1":"product","2":"type-product","3":"status-publish","4":"has-post-thumbnail","6":"product_cat-como-atarse-las-air-max-97-guia-de-tallas-y-opciones-de-cordones","7":"product_cat-cordones-adidas-samba-el-cambio-de-juego-en-el-que-nunca-pensaste","8":"product_cat-cordones-columbia-uniendo-estilo-y-funcionalidad","9":"product_cat-cordones-de-colores-de-moda-para-zapatillas-deportivas","10":"product_cat-cordones-de-punto-nike-fly","11":"product_cat-cordones-de-zapato-gordo-superiores-y-de-alta-calidad","12":"product_cat-cordones-nike-rosa-para-dar-un-toque-de-color-a-tus-zapatillas","13":"product_cat-cordones-ovalados-que-logran-el-equilibrio-perfecto-entre-planos-y-redondos","14":"product_cat-cordones-punta-de-oro","15":"product_cat-cordones-reebok-renueva-tu-calzado","16":"product_cat-cordones-rosa-moca-de-las-jordan-1-para-un-aspecto-nuevo-y-emocionante","17":"product_cat-cordones-rosas","18":"product_cat-cordones-rosas-de-travis-scott-para-un-calzado-vibrante","19":"product_cat-cordones-union-vamp-up-tu-union-jordan-1","20":"product_cat-cordones-vans-sk8-hi-cordones-de-alta-calidad","21":"product_cat-encontrar-los-cordones-perfectos-de-60-pulgadas-una-aventura-del-mundo-real","22":"product_cat-todos-los-cordones","23":"product_cat-una-actualizacion-espectacular-cordones-rosas-jordan-1-biohack-superiores","24":"product_tag-cordones","25":"product_tag-cordones-punta-de-oro","26":"product_tag-encerado","27":"product_tag-negro","28":"product_tag-plano","29":"product_tag-plano-encerado","30":"product_tag-punta-metalica","31":"product_tag-rey-del-bucle","33":"first","34":"instock","35":"taxable","36":"shipping-taxable","37":"product-type-variable"},"acf":[],"yoast_head":"<!-- This site is optimized with the Yoast SEO plugin v27.4 - https:\/\/yoast.com\/product\/yoast-seo-wordpress\/ -->\n<title>Cordones Ovalados Rosas con Puntas de Pl\u00e1stico Transparentes<\/title>\n<meta name=\"description\" content=\"Experimenta el ep\u00edtome de la excelencia en cordones con nuestros extraordinarios cordones ovalados, que combinan ingeniosamente funcionalidad y un toque de elegancia.\" \/>\n<meta name=\"robots\" content=\"index, follow, max-snippet:-1, max-image-preview:large, max-video-preview:-1\" \/>\n<link rel=\"canonical\" href=\"https:\/\/www.loopkinglaces.com\/es\/products\/cordones-ovalados-rosas-con-puntas-de-plastico-transparentes\/\" \/>\n<meta property=\"og:locale\" content=\"es_ES\" \/>\n<meta property=\"og:type\" content=\"article\" \/>\n<meta property=\"og:title\" content=\"Cordones Ovalados Rosas con Puntas de Pl\u00e1stico Transparentes\" \/>\n<meta property=\"og:description\" content=\"Experimenta el ep\u00edtome de la excelencia en cordones con nuestros extraordinarios cordones ovalados, que combinan ingeniosamente funcionalidad y un toque de elegancia.\" \/>\n<meta property=\"og:url\" content=\"https:\/\/www.loopkinglaces.com\/es\/products\/cordones-ovalados-rosas-con-puntas-de-plastico-transparentes\/\" \/>\n<meta property=\"og:site_name\" content=\"Luxury Gold Tip Shoelaces by Loop King Laces\" \/>\n<meta property=\"article:publisher\" content=\"https:\/\/www.facebook.com\/LoopKingLaces\/\" \/>\n<meta property=\"og:image\" content=\"https:\/\/www.loopkinglaces.com\/wp-content\/uploads\/IMG_1004.jpg\" \/>\n\t<meta property=\"og:image:width\" content=\"800\" \/>\n\t<meta property=\"og:image:height\" content=\"800\" \/>\n\t<meta property=\"og:image:type\" content=\"image\/jpeg\" \/>\n<meta name=\"twitter:card\" content=\"summary_large_image\" \/>\n<meta name=\"twitter:site\" content=\"@loopkinglaces\" \/>\n<script type=\"application\/ld+json\" class=\"yoast-schema-graph\">{\"@context\":\"https:\\\/\\\/schema.org\",\"@graph\":[{\"@type\":[\"WebPage\",\"ItemPage\"],\"@id\":\"https:\\\/\\\/www.loopkinglaces.com\\\/es\\\/products\\\/cordones-ovalados-rosas-con-puntas-de-plastico-transparentes\\\/\",\"url\":\"https:\\\/\\\/www.loopkinglaces.com\\\/es\\\/products\\\/cordones-ovalados-rosas-con-puntas-de-plastico-transparentes\\\/\",\"name\":\"Cordones Ovalados Rosas con Puntas de Pl\u00e1stico Transparentes\",\"isPartOf\":{\"@id\":\"https:\\\/\\\/www.loopkinglaces.com\\\/es\\\/#website\"},\"primaryImageOfPage\":{\"@id\":\"https:\\\/\\\/www.loopkinglaces.com\\\/es\\\/products\\\/cordones-ovalados-rosas-con-puntas-de-plastico-transparentes\\\/#primaryimage\"},\"image\":{\"@id\":\"https:\\\/\\\/www.loopkinglaces.com\\\/es\\\/products\\\/cordones-ovalados-rosas-con-puntas-de-plastico-transparentes\\\/#primaryimage\"},\"thumbnailUrl\":\"https:\\\/\\\/www.loopkinglaces.com\\\/wp-content\\\/uploads\\\/IMG_1004.jpg\",\"datePublished\":\"2023-08-03T19:11:41+00:00\",\"description\":\"Experimenta el ep\u00edtome de la excelencia en cordones con nuestros extraordinarios cordones ovalados, que combinan ingeniosamente funcionalidad y un toque de elegancia.\",\"breadcrumb\":{\"@id\":\"https:\\\/\\\/www.loopkinglaces.com\\\/es\\\/products\\\/cordones-ovalados-rosas-con-puntas-de-plastico-transparentes\\\/#breadcrumb\"},\"inLanguage\":\"es\",\"potentialAction\":[{\"@type\":\"ReadAction\",\"target\":[\"https:\\\/\\\/www.loopkinglaces.com\\\/es\\\/products\\\/cordones-ovalados-rosas-con-puntas-de-plastico-transparentes\\\/\"]}]},{\"@type\":\"ImageObject\",\"inLanguage\":\"es\",\"@id\":\"https:\\\/\\\/www.loopkinglaces.com\\\/es\\\/products\\\/cordones-ovalados-rosas-con-puntas-de-plastico-transparentes\\\/#primaryimage\",\"url\":\"https:\\\/\\\/www.loopkinglaces.com\\\/wp-content\\\/uploads\\\/IMG_1004.jpg\",\"contentUrl\":\"https:\\\/\\\/www.loopkinglaces.com\\\/wp-content\\\/uploads\\\/IMG_1004.jpg\",\"width\":800,\"height\":800},{\"@type\":\"BreadcrumbList\",\"@id\":\"https:\\\/\\\/www.loopkinglaces.com\\\/es\\\/products\\\/cordones-ovalados-rosas-con-puntas-de-plastico-transparentes\\\/#breadcrumb\",\"itemListElement\":[{\"@type\":\"ListItem\",\"position\":1,\"name\":\"Home\",\"item\":\"https:\\\/\\\/www.loopkinglaces.com\\\/es\\\/\"},{\"@type\":\"ListItem\",\"position\":2,\"name\":\"COMPRAR LACAS\",\"item\":\"https:\\\/\\\/www.loopkinglaces.com\\\/es\\\/comprar-lacas\\\/\"},{\"@type\":\"ListItem\",\"position\":3,\"name\":\"Cordones Ovalados Rosas con Puntas de Pl\u00e1stico Transparentes\"}]},{\"@type\":\"WebSite\",\"@id\":\"https:\\\/\\\/www.loopkinglaces.com\\\/es\\\/#website\",\"url\":\"https:\\\/\\\/www.loopkinglaces.com\\\/es\\\/\",\"name\":\"Luxury Gold Tip Shoelaces by Loop King Laces\",\"description\":\"Rope Laces, Flat Waxed Laces and Leather Laces. All With Gold Tips.\",\"publisher\":{\"@id\":\"https:\\\/\\\/www.loopkinglaces.com\\\/es\\\/#organization\"},\"potentialAction\":[{\"@type\":\"SearchAction\",\"target\":{\"@type\":\"EntryPoint\",\"urlTemplate\":\"https:\\\/\\\/www.loopkinglaces.com\\\/es\\\/?s={search_term_string}\"},\"query-input\":{\"@type\":\"PropertyValueSpecification\",\"valueRequired\":true,\"valueName\":\"search_term_string\"}}],\"inLanguage\":\"es\"},{\"@type\":\"Organization\",\"@id\":\"https:\\\/\\\/www.loopkinglaces.com\\\/es\\\/#organization\",\"name\":\"Loop King Laces\",\"url\":\"https:\\\/\\\/www.loopkinglaces.com\\\/es\\\/\",\"logo\":{\"@type\":\"ImageObject\",\"inLanguage\":\"es\",\"@id\":\"https:\\\/\\\/www.loopkinglaces.com\\\/es\\\/#\\\/schema\\\/logo\\\/image\\\/\",\"url\":\"https:\\\/\\\/www.loopkinglaces.com\\\/wp-content\\\/uploads\\\/LOOP-KING-LACES.1.1-01-LOGO-HI-RES-OFFICIAL-1.png\",\"contentUrl\":\"https:\\\/\\\/www.loopkinglaces.com\\\/wp-content\\\/uploads\\\/LOOP-KING-LACES.1.1-01-LOGO-HI-RES-OFFICIAL-1.png\",\"width\":128,\"height\":91,\"caption\":\"Loop King Laces\"},\"image\":{\"@id\":\"https:\\\/\\\/www.loopkinglaces.com\\\/es\\\/#\\\/schema\\\/logo\\\/image\\\/\"},\"sameAs\":[\"https:\\\/\\\/www.facebook.com\\\/LoopKingLaces\\\/\",\"https:\\\/\\\/x.com\\\/loopkinglaces\",\"https:\\\/\\\/www.instagram.com\\\/loopkinglaces\\\/\"]}]}<\/script>\n<!-- \/ Yoast SEO plugin. -->","yoast_head_json":{"title":"Cordones Ovalados Rosas con Puntas de Pl\u00e1stico Transparentes","description":"Experimenta el ep\u00edtome de la excelencia en cordones con nuestros extraordinarios cordones ovalados, que combinan ingeniosamente funcionalidad y un toque de elegancia.","robots":{"index":"index","follow":"follow","max-snippet":"max-snippet:-1","max-image-preview":"max-image-preview:large","max-video-preview":"max-video-preview:-1"},"canonical":"https:\/\/www.loopkinglaces.com\/es\/products\/cordones-ovalados-rosas-con-puntas-de-plastico-transparentes\/","og_locale":"es_ES","og_type":"article","og_title":"Cordones Ovalados Rosas con Puntas de Pl\u00e1stico Transparentes","og_description":"Experimenta el ep\u00edtome de la excelencia en cordones con nuestros extraordinarios cordones ovalados, que combinan ingeniosamente funcionalidad y un toque de elegancia.","og_url":"https:\/\/www.loopkinglaces.com\/es\/products\/cordones-ovalados-rosas-con-puntas-de-plastico-transparentes\/","og_site_name":"Luxury Gold Tip Shoelaces by Loop King Laces","article_publisher":"https:\/\/www.facebook.com\/LoopKingLaces\/","og_image":[{"width":800,"height":800,"url":"https:\/\/www.loopkinglaces.com\/wp-content\/uploads\/IMG_1004.jpg","type":"image\/jpeg"}],"twitter_card":"summary_large_image","twitter_site":"@loopkinglaces","schema":{"@context":"https:\/\/schema.org","@graph":[{"@type":["WebPage","ItemPage"],"@id":"https:\/\/www.loopkinglaces.com\/es\/products\/cordones-ovalados-rosas-con-puntas-de-plastico-transparentes\/","url":"https:\/\/www.loopkinglaces.com\/es\/products\/cordones-ovalados-rosas-con-puntas-de-plastico-transparentes\/","name":"Cordones Ovalados Rosas con Puntas de Pl\u00e1stico Transparentes","isPartOf":{"@id":"https:\/\/www.loopkinglaces.com\/es\/#website"},"primaryImageOfPage":{"@id":"https:\/\/www.loopkinglaces.com\/es\/products\/cordones-ovalados-rosas-con-puntas-de-plastico-transparentes\/#primaryimage"},"image":{"@id":"https:\/\/www.loopkinglaces.com\/es\/products\/cordones-ovalados-rosas-con-puntas-de-plastico-transparentes\/#primaryimage"},"thumbnailUrl":"https:\/\/www.loopkinglaces.com\/wp-content\/uploads\/IMG_1004.jpg","datePublished":"2023-08-03T19:11:41+00:00","description":"Experimenta el ep\u00edtome de la excelencia en cordones con nuestros extraordinarios cordones ovalados, que combinan ingeniosamente funcionalidad y un toque de elegancia.","breadcrumb":{"@id":"https:\/\/www.loopkinglaces.com\/es\/products\/cordones-ovalados-rosas-con-puntas-de-plastico-transparentes\/#breadcrumb"},"inLanguage":"es","potentialAction":[{"@type":"ReadAction","target":["https:\/\/www.loopkinglaces.com\/es\/products\/cordones-ovalados-rosas-con-puntas-de-plastico-transparentes\/"]}]},{"@type":"ImageObject","inLanguage":"es","@id":"https:\/\/www.loopkinglaces.com\/es\/products\/cordones-ovalados-rosas-con-puntas-de-plastico-transparentes\/#primaryimage","url":"https:\/\/www.loopkinglaces.com\/wp-content\/uploads\/IMG_1004.jpg","contentUrl":"https:\/\/www.loopkinglaces.com\/wp-content\/uploads\/IMG_1004.jpg","width":800,"height":800},{"@type":"BreadcrumbList","@id":"https:\/\/www.loopkinglaces.com\/es\/products\/cordones-ovalados-rosas-con-puntas-de-plastico-transparentes\/#breadcrumb","itemListElement":[{"@type":"ListItem","position":1,"name":"Home","item":"https:\/\/www.loopkinglaces.com\/es\/"},{"@type":"ListItem","position":2,"name":"COMPRAR LACAS","item":"https:\/\/www.loopkinglaces.com\/es\/comprar-lacas\/"},{"@type":"ListItem","position":3,"name":"Cordones Ovalados Rosas con Puntas de Pl\u00e1stico Transparentes"}]},{"@type":"WebSite","@id":"https:\/\/www.loopkinglaces.com\/es\/#website","url":"https:\/\/www.loopkinglaces.com\/es\/","name":"Luxury Gold Tip Shoelaces by Loop King Laces","description":"Rope Laces, Flat Waxed Laces and Leather Laces. All With Gold Tips.","publisher":{"@id":"https:\/\/www.loopkinglaces.com\/es\/#organization"},"potentialAction":[{"@type":"SearchAction","target":{"@type":"EntryPoint","urlTemplate":"https:\/\/www.loopkinglaces.com\/es\/?s={search_term_string}"},"query-input":{"@type":"PropertyValueSpecification","valueRequired":true,"valueName":"search_term_string"}}],"inLanguage":"es"},{"@type":"Organization","@id":"https:\/\/www.loopkinglaces.com\/es\/#organization","name":"Loop King Laces","url":"https:\/\/www.loopkinglaces.com\/es\/","logo":{"@type":"ImageObject","inLanguage":"es","@id":"https:\/\/www.loopkinglaces.com\/es\/#\/schema\/logo\/image\/","url":"https:\/\/www.loopkinglaces.com\/wp-content\/uploads\/LOOP-KING-LACES.1.1-01-LOGO-HI-RES-OFFICIAL-1.png","contentUrl":"https:\/\/www.loopkinglaces.com\/wp-content\/uploads\/LOOP-KING-LACES.1.1-01-LOGO-HI-RES-OFFICIAL-1.png","width":128,"height":91,"caption":"Loop King Laces"},"image":{"@id":"https:\/\/www.loopkinglaces.com\/es\/#\/schema\/logo\/image\/"},"sameAs":["https:\/\/www.facebook.com\/LoopKingLaces\/","https:\/\/x.com\/loopkinglaces","https:\/\/www.instagram.com\/loopkinglaces\/"]}]}},"_links":{"self":[{"href":"https:\/\/www.loopkinglaces.com\/es\/wp-json\/wp\/v2\/product\/69475","targetHints":{"allow":["GET"]}}],"collection":[{"href":"https:\/\/www.loopkinglaces.com\/es\/wp-json\/wp\/v2\/product"}],"about":[{"href":"https:\/\/www.loopkinglaces.com\/es\/wp-json\/wp\/v2\/types\/product"}],"replies":[{"embeddable":true,"href":"https:\/\/www.loopkinglaces.com\/es\/wp-json\/wp\/v2\/comments?post=69475"}],"wp:featuredmedia":[{"embeddable":true,"href":"https:\/\/www.loopkinglaces.com\/es\/wp-json\/wp\/v2\/media\/69480"}],"wp:attachment":[{"href":"https:\/\/www.loopkinglaces.com\/es\/wp-json\/wp\/v2\/media?parent=69475"}],"wp:term":[{"taxonomy":"product_brand","embeddable":true,"href":"https:\/\/www.loopkinglaces.com\/es\/wp-json\/wp\/v2\/product_brand?post=69475"},{"taxonomy":"product_cat","embeddable":true,"href":"https:\/\/www.loopkinglaces.com\/es\/wp-json\/wp\/v2\/product_cat?post=69475"},{"taxonomy":"product_tag","embeddable":true,"href":"https:\/\/www.loopkinglaces.com\/es\/wp-json\/wp\/v2\/product_tag?post=69475"},{"taxonomy":"woo-feed-brand","embeddable":true,"href":"https:\/\/www.loopkinglaces.com\/es\/wp-json\/wp\/v2\/woo-feed-brand?post=69475"}],"curies":[{"name":"wp","href":"https:\/\/api.w.org\/{rel}","templated":true}]}}