{"id":69452,"date":"2023-08-25T17:34:22","date_gmt":"2023-08-25T17:34:22","guid":{"rendered":"https:\/\/www.loopkinglaces.com\/products\/las-cerraduras-de-encaje-que-te-ahorraran-tiempo-luciras-fabulosa\/"},"modified":"2023-08-25T17:34:22","modified_gmt":"2023-08-25T17:34:22","slug":"las-cerraduras-de-encaje-que-te-ahorraran-tiempo-luciras-fabulosa","status":"publish","type":"product","link":"https:\/\/www.loopkinglaces.com\/es\/products\/las-cerraduras-de-encaje-que-te-ahorraran-tiempo-luciras-fabulosa\/","title":{"rendered":"Las Cerraduras de Encaje que te Ahorrar\u00e1n Tiempo + \u00a1Lucir\u00e1s Fabulosa!"},"content":{"rendered":"<p><span style=\"font-weight: 400;\">\u00bfTe gustar\u00eda no tener que atarte los zapatos cada d\u00eda antes de salir?<\/span><\/p>\n<p><span style=\"font-weight: 400;\">Echa un vistazo a nuestros cierres de cordones dorados de primera calidad.<br \/>\nS\u00f3lo tienes que pasar los cordones por el cierre y tirar del dispositivo hacia la leng\u00fceta de la zapatilla para &#8220;bloquear&#8221; los cordones en su sitio.   <\/span><\/p>\n<p><span style=\"font-weight: 400;\">Cuando hayas terminado, tira del cierre hacia la parte delantera del zapato y podr\u00e1s sacar el pie con facilidad.  <\/span><\/p>\n<p><span style=\"font-weight: 400;\">Una vez instalados, puedes ponerte y quitarte los zapatos con un r\u00e1pido movimiento de mu\u00f1eca.<br \/>\nEso es mucho mejor que tener que dedicar un tiempo precioso a atarnos los zapatos cada vez que tenemos que ir a alg\u00fan sitio.   <\/span><\/p>\n<p><i><span style=\"font-weight: 400;\">\u00bfSab\u00edas que el ser humano medio pasa <\/span><\/i><b><i>973 horas<\/i><\/b><i><span style=\"font-weight: 400;\"> de su vida at\u00e1ndose los zapatos? <\/span><\/i><b>Con nuestros cierres de cordones de oro de primera calidad, puedes recuperar ese precioso tiempo<\/b><span style=\"font-weight: 400;\">. <\/span> <\/p>\n<p><span style=\"font-weight: 400;\">Adem\u00e1s de ahorrarte tiempo y proteger tus pies, nuestros cierres de cord\u00f3n dorados son bastante agradables a la vista.<br \/>\nSon impecables y brillantes, y realzar\u00e1n el aspecto de cualquier zapato de tu armario.<br \/>\nAs\u00ed que si quieres reducir el tiempo que tardas en arreglarte por las ma\u00f1anas y a la vez ir elegante, estos cierres de cord\u00f3n son para ti.    <\/span><\/p>\n","protected":false},"excerpt":{"rendered":"<p><span style=\"font-weight: 400;\">Nuestros cierres de cordones tambi\u00e9n mantendr\u00e1n tus pies c\u00f3modos dentro del calzado en todo momento.<br \/>\nSi est\u00e1s harto de zapatos que resbalan y no se ajustan bien, nuestros cierres de cordones pondr\u00e1n fin a esa situaci\u00f3n.   <\/span><\/p>\n<p><span style=\"font-weight: 400;\">Por eso, nuestros candados de encaje son los favoritos de <\/span><b>usuarios cotidianos y entusiastas del deporte.<\/b><span style=\"font-weight: 400;\"> <\/span><\/p>\n<p><span style=\"font-weight: 400;\">Las caracter\u00edsticas principales son:<\/span><\/p>\n<ul>\n<li style=\"font-weight: 400;\" aria-level=\"1\"><span style=\"font-weight: 400;\">Materiales de primera calidad que perdurar\u00e1n en el tiempo<\/span><\/li>\n<li style=\"font-weight: 400;\" aria-level=\"1\"><span style=\"font-weight: 400;\">M\u00e1s f\u00e1cil de atar + viste tus zapatos<\/span><\/li>\n<li style=\"font-weight: 400;\" aria-level=\"1\"><span style=\"font-weight: 400;\">Tama\u00f1o de 22 mm x 10 mm (0,86 pulg. x 0,39 pulg.)  <\/span><\/li>\n<li style=\"font-weight: 400;\" aria-level=\"1\"><span style=\"font-weight: 400;\">Funciona en cualquier par de zapatos con cordones  <\/span><\/li>\n<\/ul>\n","protected":false},"featured_media":51595,"comment_status":"open","ping_status":"closed","template":"","meta":{"_acf_changed":false},"product_brand":[],"product_cat":[1153,1425,1332,877,1424],"product_tag":[],"woo-feed-brand":[],"class_list":{"0":"post-69452","1":"product","2":"type-product","3":"status-publish","4":"has-post-thumbnail","6":"product_cat-cordones-punta-de-oro","7":"product_cat-extremos-de-cordon-dorados-para-sudaderas-que-alargaran-la-vida-util-de-tus-cordones","8":"product_cat-los-asombrosos-cierres-de-cordones-de-las-jordan-5-hacen-que-atarse-las-zapatillas-sea-algo-obsoleto","9":"product_cat-todos-los-cordones","10":"product_cat-tienes-las-jordan-6-con-cordonesya-no-necesitas-atarte-los-zapatos","12":"first","13":"instock","14":"taxable","15":"shipping-taxable","16":"purchasable","17":"product-type-simple"},"acf":[],"yoast_head":"<!-- This site is optimized with the Yoast SEO plugin v27.5 - https:\/\/yoast.com\/product\/yoast-seo-wordpress\/ -->\n<title>Cierres de encaje que hacen que atarse los zapatos sea cosa del pasado<\/title>\n<meta name=\"description\" content=\"A nadie le gusta tener que atarse los zapatos cada vez que sale por la puerta, \u00bfverdad? As\u00ed que, \u00bfpor qu\u00e9 no eliminar ese engorroso paso con nuestros cierres de cordones dorados de primera calidad?\" \/>\n<meta name=\"robots\" content=\"index, follow, max-snippet:-1, max-image-preview:large, max-video-preview:-1\" \/>\n<link rel=\"canonical\" href=\"https:\/\/www.loopkinglaces.com\/es\/products\/las-cerraduras-de-encaje-que-te-ahorraran-tiempo-luciras-fabulosa\/\" \/>\n<meta property=\"og:locale\" content=\"es_ES\" \/>\n<meta property=\"og:type\" content=\"article\" \/>\n<meta property=\"og:title\" content=\"Cierres de encaje que hacen que atarse los zapatos sea cosa del pasado\" \/>\n<meta property=\"og:description\" content=\"A nadie le gusta tener que atarse los zapatos cada vez que sale por la puerta, \u00bfverdad? As\u00ed que, \u00bfpor qu\u00e9 no eliminar ese engorroso paso con nuestros cierres de cordones dorados de primera calidad?\" \/>\n<meta property=\"og:url\" content=\"https:\/\/www.loopkinglaces.com\/es\/products\/las-cerraduras-de-encaje-que-te-ahorraran-tiempo-luciras-fabulosa\/\" \/>\n<meta property=\"og:site_name\" content=\"Luxury Gold Tip Shoelaces by Loop King Laces\" \/>\n<meta property=\"article:publisher\" content=\"https:\/\/www.facebook.com\/LoopKingLaces\/\" \/>\n<meta property=\"og:image\" content=\"https:\/\/www.loopkinglaces.com\/wp-content\/uploads\/IMG_0503-scaled-e1662571713280.jpg\" \/>\n\t<meta property=\"og:image:width\" content=\"1450\" \/>\n\t<meta property=\"og:image:height\" content=\"1040\" \/>\n\t<meta property=\"og:image:type\" content=\"image\/jpeg\" \/>\n<meta name=\"twitter:card\" content=\"summary_large_image\" \/>\n<meta name=\"twitter:site\" content=\"@loopkinglaces\" \/>\n<meta name=\"twitter:label1\" content=\"Tiempo de lectura\" \/>\n\t<meta name=\"twitter:data1\" content=\"1 minuto\" \/>\n<script type=\"application\/ld+json\" class=\"yoast-schema-graph\">{\"@context\":\"https:\\\/\\\/schema.org\",\"@graph\":[{\"@type\":[\"WebPage\",\"ItemPage\"],\"@id\":\"https:\\\/\\\/www.loopkinglaces.com\\\/es\\\/products\\\/las-cerraduras-de-encaje-que-te-ahorraran-tiempo-luciras-fabulosa\\\/\",\"url\":\"https:\\\/\\\/www.loopkinglaces.com\\\/es\\\/products\\\/las-cerraduras-de-encaje-que-te-ahorraran-tiempo-luciras-fabulosa\\\/\",\"name\":\"Cierres de encaje que hacen que atarse los zapatos sea cosa del pasado\",\"isPartOf\":{\"@id\":\"https:\\\/\\\/www.loopkinglaces.com\\\/es\\\/#website\"},\"primaryImageOfPage\":{\"@id\":\"https:\\\/\\\/www.loopkinglaces.com\\\/es\\\/products\\\/las-cerraduras-de-encaje-que-te-ahorraran-tiempo-luciras-fabulosa\\\/#primaryimage\"},\"image\":{\"@id\":\"https:\\\/\\\/www.loopkinglaces.com\\\/es\\\/products\\\/las-cerraduras-de-encaje-que-te-ahorraran-tiempo-luciras-fabulosa\\\/#primaryimage\"},\"thumbnailUrl\":\"https:\\\/\\\/www.loopkinglaces.com\\\/wp-content\\\/uploads\\\/IMG_0503-scaled-e1662571713280.jpg\",\"datePublished\":\"2023-08-25T17:34:22+00:00\",\"description\":\"A nadie le gusta tener que atarse los zapatos cada vez que sale por la puerta, \u00bfverdad? As\u00ed que, \u00bfpor qu\u00e9 no eliminar ese engorroso paso con nuestros cierres de cordones dorados de primera calidad?\",\"breadcrumb\":{\"@id\":\"https:\\\/\\\/www.loopkinglaces.com\\\/es\\\/products\\\/las-cerraduras-de-encaje-que-te-ahorraran-tiempo-luciras-fabulosa\\\/#breadcrumb\"},\"inLanguage\":\"es\",\"potentialAction\":[{\"@type\":\"ReadAction\",\"target\":[\"https:\\\/\\\/www.loopkinglaces.com\\\/es\\\/products\\\/las-cerraduras-de-encaje-que-te-ahorraran-tiempo-luciras-fabulosa\\\/\"]}]},{\"@type\":\"ImageObject\",\"inLanguage\":\"es\",\"@id\":\"https:\\\/\\\/www.loopkinglaces.com\\\/es\\\/products\\\/las-cerraduras-de-encaje-que-te-ahorraran-tiempo-luciras-fabulosa\\\/#primaryimage\",\"url\":\"https:\\\/\\\/www.loopkinglaces.com\\\/wp-content\\\/uploads\\\/IMG_0503-scaled-e1662571713280.jpg\",\"contentUrl\":\"https:\\\/\\\/www.loopkinglaces.com\\\/wp-content\\\/uploads\\\/IMG_0503-scaled-e1662571713280.jpg\",\"width\":1450,\"height\":1040,\"caption\":\"A pair of LoopKing lace locks.\"},{\"@type\":\"BreadcrumbList\",\"@id\":\"https:\\\/\\\/www.loopkinglaces.com\\\/es\\\/products\\\/las-cerraduras-de-encaje-que-te-ahorraran-tiempo-luciras-fabulosa\\\/#breadcrumb\",\"itemListElement\":[{\"@type\":\"ListItem\",\"position\":1,\"name\":\"Home\",\"item\":\"https:\\\/\\\/www.loopkinglaces.com\\\/es\\\/\"},{\"@type\":\"ListItem\",\"position\":2,\"name\":\"COMPRAR LACAS\",\"item\":\"https:\\\/\\\/www.loopkinglaces.com\\\/es\\\/comprar-lacas\\\/\"},{\"@type\":\"ListItem\",\"position\":3,\"name\":\"Las Cerraduras de Encaje que te Ahorrar\u00e1n Tiempo + \u00a1Lucir\u00e1s Fabulosa!\"}]},{\"@type\":\"WebSite\",\"@id\":\"https:\\\/\\\/www.loopkinglaces.com\\\/es\\\/#website\",\"url\":\"https:\\\/\\\/www.loopkinglaces.com\\\/es\\\/\",\"name\":\"Luxury Gold Tip Shoelaces by Loop King Laces\",\"description\":\"Rope Laces, Flat Waxed Laces and Leather Laces. All With Gold Tips.\",\"publisher\":{\"@id\":\"https:\\\/\\\/www.loopkinglaces.com\\\/es\\\/#organization\"},\"potentialAction\":[{\"@type\":\"SearchAction\",\"target\":{\"@type\":\"EntryPoint\",\"urlTemplate\":\"https:\\\/\\\/www.loopkinglaces.com\\\/es\\\/?s={search_term_string}\"},\"query-input\":{\"@type\":\"PropertyValueSpecification\",\"valueRequired\":true,\"valueName\":\"search_term_string\"}}],\"inLanguage\":\"es\"},{\"@type\":\"Organization\",\"@id\":\"https:\\\/\\\/www.loopkinglaces.com\\\/es\\\/#organization\",\"name\":\"Loop King Laces\",\"url\":\"https:\\\/\\\/www.loopkinglaces.com\\\/es\\\/\",\"logo\":{\"@type\":\"ImageObject\",\"inLanguage\":\"es\",\"@id\":\"https:\\\/\\\/www.loopkinglaces.com\\\/es\\\/#\\\/schema\\\/logo\\\/image\\\/\",\"url\":\"https:\\\/\\\/www.loopkinglaces.com\\\/wp-content\\\/uploads\\\/LOOP-KING-LACES.1.1-01-LOGO-HI-RES-OFFICIAL-1.png\",\"contentUrl\":\"https:\\\/\\\/www.loopkinglaces.com\\\/wp-content\\\/uploads\\\/LOOP-KING-LACES.1.1-01-LOGO-HI-RES-OFFICIAL-1.png\",\"width\":128,\"height\":91,\"caption\":\"Loop King Laces\"},\"image\":{\"@id\":\"https:\\\/\\\/www.loopkinglaces.com\\\/es\\\/#\\\/schema\\\/logo\\\/image\\\/\"},\"sameAs\":[\"https:\\\/\\\/www.facebook.com\\\/LoopKingLaces\\\/\",\"https:\\\/\\\/x.com\\\/loopkinglaces\",\"https:\\\/\\\/www.instagram.com\\\/loopkinglaces\\\/\"]}]}<\/script>\n<!-- \/ Yoast SEO plugin. -->","yoast_head_json":{"title":"Cierres de encaje que hacen que atarse los zapatos sea cosa del pasado","description":"A nadie le gusta tener que atarse los zapatos cada vez que sale por la puerta, \u00bfverdad? As\u00ed que, \u00bfpor qu\u00e9 no eliminar ese engorroso paso con nuestros cierres de cordones dorados de primera calidad?","robots":{"index":"index","follow":"follow","max-snippet":"max-snippet:-1","max-image-preview":"max-image-preview:large","max-video-preview":"max-video-preview:-1"},"canonical":"https:\/\/www.loopkinglaces.com\/es\/products\/las-cerraduras-de-encaje-que-te-ahorraran-tiempo-luciras-fabulosa\/","og_locale":"es_ES","og_type":"article","og_title":"Cierres de encaje que hacen que atarse los zapatos sea cosa del pasado","og_description":"A nadie le gusta tener que atarse los zapatos cada vez que sale por la puerta, \u00bfverdad? As\u00ed que, \u00bfpor qu\u00e9 no eliminar ese engorroso paso con nuestros cierres de cordones dorados de primera calidad?","og_url":"https:\/\/www.loopkinglaces.com\/es\/products\/las-cerraduras-de-encaje-que-te-ahorraran-tiempo-luciras-fabulosa\/","og_site_name":"Luxury Gold Tip Shoelaces by Loop King Laces","article_publisher":"https:\/\/www.facebook.com\/LoopKingLaces\/","og_image":[{"width":1450,"height":1040,"url":"https:\/\/www.loopkinglaces.com\/wp-content\/uploads\/IMG_0503-scaled-e1662571713280.jpg","type":"image\/jpeg"}],"twitter_card":"summary_large_image","twitter_site":"@loopkinglaces","twitter_misc":{"Tiempo de lectura":"1 minuto"},"schema":{"@context":"https:\/\/schema.org","@graph":[{"@type":["WebPage","ItemPage"],"@id":"https:\/\/www.loopkinglaces.com\/es\/products\/las-cerraduras-de-encaje-que-te-ahorraran-tiempo-luciras-fabulosa\/","url":"https:\/\/www.loopkinglaces.com\/es\/products\/las-cerraduras-de-encaje-que-te-ahorraran-tiempo-luciras-fabulosa\/","name":"Cierres de encaje que hacen que atarse los zapatos sea cosa del pasado","isPartOf":{"@id":"https:\/\/www.loopkinglaces.com\/es\/#website"},"primaryImageOfPage":{"@id":"https:\/\/www.loopkinglaces.com\/es\/products\/las-cerraduras-de-encaje-que-te-ahorraran-tiempo-luciras-fabulosa\/#primaryimage"},"image":{"@id":"https:\/\/www.loopkinglaces.com\/es\/products\/las-cerraduras-de-encaje-que-te-ahorraran-tiempo-luciras-fabulosa\/#primaryimage"},"thumbnailUrl":"https:\/\/www.loopkinglaces.com\/wp-content\/uploads\/IMG_0503-scaled-e1662571713280.jpg","datePublished":"2023-08-25T17:34:22+00:00","description":"A nadie le gusta tener que atarse los zapatos cada vez que sale por la puerta, \u00bfverdad? As\u00ed que, \u00bfpor qu\u00e9 no eliminar ese engorroso paso con nuestros cierres de cordones dorados de primera calidad?","breadcrumb":{"@id":"https:\/\/www.loopkinglaces.com\/es\/products\/las-cerraduras-de-encaje-que-te-ahorraran-tiempo-luciras-fabulosa\/#breadcrumb"},"inLanguage":"es","potentialAction":[{"@type":"ReadAction","target":["https:\/\/www.loopkinglaces.com\/es\/products\/las-cerraduras-de-encaje-que-te-ahorraran-tiempo-luciras-fabulosa\/"]}]},{"@type":"ImageObject","inLanguage":"es","@id":"https:\/\/www.loopkinglaces.com\/es\/products\/las-cerraduras-de-encaje-que-te-ahorraran-tiempo-luciras-fabulosa\/#primaryimage","url":"https:\/\/www.loopkinglaces.com\/wp-content\/uploads\/IMG_0503-scaled-e1662571713280.jpg","contentUrl":"https:\/\/www.loopkinglaces.com\/wp-content\/uploads\/IMG_0503-scaled-e1662571713280.jpg","width":1450,"height":1040,"caption":"A pair of LoopKing lace locks."},{"@type":"BreadcrumbList","@id":"https:\/\/www.loopkinglaces.com\/es\/products\/las-cerraduras-de-encaje-que-te-ahorraran-tiempo-luciras-fabulosa\/#breadcrumb","itemListElement":[{"@type":"ListItem","position":1,"name":"Home","item":"https:\/\/www.loopkinglaces.com\/es\/"},{"@type":"ListItem","position":2,"name":"COMPRAR LACAS","item":"https:\/\/www.loopkinglaces.com\/es\/comprar-lacas\/"},{"@type":"ListItem","position":3,"name":"Las Cerraduras de Encaje que te Ahorrar\u00e1n Tiempo + \u00a1Lucir\u00e1s Fabulosa!"}]},{"@type":"WebSite","@id":"https:\/\/www.loopkinglaces.com\/es\/#website","url":"https:\/\/www.loopkinglaces.com\/es\/","name":"Luxury Gold Tip Shoelaces by Loop King Laces","description":"Rope Laces, Flat Waxed Laces and Leather Laces. All With Gold Tips.","publisher":{"@id":"https:\/\/www.loopkinglaces.com\/es\/#organization"},"potentialAction":[{"@type":"SearchAction","target":{"@type":"EntryPoint","urlTemplate":"https:\/\/www.loopkinglaces.com\/es\/?s={search_term_string}"},"query-input":{"@type":"PropertyValueSpecification","valueRequired":true,"valueName":"search_term_string"}}],"inLanguage":"es"},{"@type":"Organization","@id":"https:\/\/www.loopkinglaces.com\/es\/#organization","name":"Loop King Laces","url":"https:\/\/www.loopkinglaces.com\/es\/","logo":{"@type":"ImageObject","inLanguage":"es","@id":"https:\/\/www.loopkinglaces.com\/es\/#\/schema\/logo\/image\/","url":"https:\/\/www.loopkinglaces.com\/wp-content\/uploads\/LOOP-KING-LACES.1.1-01-LOGO-HI-RES-OFFICIAL-1.png","contentUrl":"https:\/\/www.loopkinglaces.com\/wp-content\/uploads\/LOOP-KING-LACES.1.1-01-LOGO-HI-RES-OFFICIAL-1.png","width":128,"height":91,"caption":"Loop King Laces"},"image":{"@id":"https:\/\/www.loopkinglaces.com\/es\/#\/schema\/logo\/image\/"},"sameAs":["https:\/\/www.facebook.com\/LoopKingLaces\/","https:\/\/x.com\/loopkinglaces","https:\/\/www.instagram.com\/loopkinglaces\/"]}]}},"_links":{"self":[{"href":"https:\/\/www.loopkinglaces.com\/es\/wp-json\/wp\/v2\/product\/69452","targetHints":{"allow":["GET"]}}],"collection":[{"href":"https:\/\/www.loopkinglaces.com\/es\/wp-json\/wp\/v2\/product"}],"about":[{"href":"https:\/\/www.loopkinglaces.com\/es\/wp-json\/wp\/v2\/types\/product"}],"replies":[{"embeddable":true,"href":"https:\/\/www.loopkinglaces.com\/es\/wp-json\/wp\/v2\/comments?post=69452"}],"wp:featuredmedia":[{"embeddable":true,"href":"https:\/\/www.loopkinglaces.com\/es\/wp-json\/wp\/v2\/media\/51595"}],"wp:attachment":[{"href":"https:\/\/www.loopkinglaces.com\/es\/wp-json\/wp\/v2\/media?parent=69452"}],"wp:term":[{"taxonomy":"product_brand","embeddable":true,"href":"https:\/\/www.loopkinglaces.com\/es\/wp-json\/wp\/v2\/product_brand?post=69452"},{"taxonomy":"product_cat","embeddable":true,"href":"https:\/\/www.loopkinglaces.com\/es\/wp-json\/wp\/v2\/product_cat?post=69452"},{"taxonomy":"product_tag","embeddable":true,"href":"https:\/\/www.loopkinglaces.com\/es\/wp-json\/wp\/v2\/product_tag?post=69452"},{"taxonomy":"woo-feed-brand","embeddable":true,"href":"https:\/\/www.loopkinglaces.com\/es\/wp-json\/wp\/v2\/woo-feed-brand?post=69452"}],"curies":[{"name":"wp","href":"https:\/\/api.w.org\/{rel}","templated":true}]}}