{"id":69166,"date":"2023-08-03T17:54:21","date_gmt":"2023-08-03T17:54:21","guid":{"rendered":"https:\/\/www.loopkinglaces.com\/products\/cordones-planos-de-algodon-moca-con-puntas-de-plastico-transparentes\/"},"modified":"2023-08-03T17:54:21","modified_gmt":"2023-08-03T17:54:21","slug":"cordones-planos-de-algodon-moca-con-puntas-de-plastico-transparentes","status":"publish","type":"product","link":"https:\/\/www.loopkinglaces.com\/es\/products\/cordones-planos-de-algodon-moca-con-puntas-de-plastico-transparentes\/","title":{"rendered":"Cordones Planos de Algod\u00f3n Moca con Puntas de Pl\u00e1stico Transparentes"},"content":{"rendered":"<p>\u00a1Adopta el futuro del calzado con nuestros cordones planos de algod\u00f3n de \u00faltima generaci\u00f3n!<br \/>\nCon elegantes puntas de pl\u00e1stico y fabricados con algod\u00f3n aterciopelado de primera calidad, dan un toque naturalmente chic tanto a botas como a zapatos de vestir.<br \/>\nAdem\u00e1s, su capacidad para cambiar de una marca a otra te da la libertad de correr con estilo.  <\/p>\n","protected":false},"excerpt":{"rendered":"<p><strong>Cordones planos de algod\u00f3n moca con puntas de pl\u00e1stico transpar<\/strong> entes \u00a1Da la bienvenida al futuro de la moda con nuestros innovadores cordones planos de algod\u00f3n!<br \/>\nDise\u00f1ados con elegantes puntas de pl\u00e1stico y fabricados cuidadosamente con algod\u00f3n de primera calidad y tacto suave, realzan sin esfuerzo el atractivo de cualquier bota o zapato de vestir.<br \/>\nAdem\u00e1s, su perfecta intercambiabilidad entre varias marcas garantiza una zancada din\u00e1mica y con estilo.<br \/>\nCaracter\u00edsticas principales     <\/p>\n<ul>\n<li style=\"font-weight: 400;\" aria-level=\"1\">Materiales de primera calidad<\/li>\n<li style=\"font-weight: 400;\" aria-level=\"1\">Embalaje sellado e impactante<\/li>\n<li style=\"font-weight: 400;\" aria-level=\"1\">Disponibles en varias longitudes<\/li>\n<li style=\"font-weight: 400;\" aria-level=\"1\">Se adapta a las principales marcas (Nike, Adidas, Reebok, Converse, Vans)<\/li>\n<li style=\"font-weight: 400;\" aria-level=\"1\">Puntas de pl\u00e1stico transparente<\/li>\n<\/ul>\n","protected":false},"featured_media":69174,"comment_status":"open","ping_status":"closed","template":"","meta":{"_acf_changed":false},"product_brand":[],"product_cat":[1177,1328,883,1079,1455,1329,1310,1180,1457,1389,1202,877],"product_tag":[894,899,1009,896,1008,1006,895,893],"woo-feed-brand":[],"class_list":{"0":"post-69166","1":"product","2":"type-product","3":"status-publish","4":"has-post-thumbnail","6":"product_cat-cordones-burberry-que-mejoraran-tu-calzado","7":"product_cat-cordones-cole-haan-tratamiento-de-lujo-para-tus-zapatos","8":"product_cat-cordones-de-40-pulgadas","9":"product_cat-cordones-de-algodon-de-primera-calidad-que-superan-a-otras-marcas-en-todos-los-sentidos","10":"product_cat-cordones-de-cinta-un-cambio-de-juego-en-la-moda-del-calzado","11":"product_cat-cordones-de-colores-de-moda-para-zapatillas-deportivas","12":"product_cat-cordones-de-cuerda-premium-calidad-excepcional-y-premium","13":"product_cat-cordones-gucci-tan-lujosos-como-tus-zapatos","14":"product_cat-cordones-veja-cuando-los-zapatos-hablan-por-si-solos","15":"product_cat-estilos-de-cordones-yeezy-fenomenales-para-elegir","16":"product_cat-mejora-tu-calzado-con-los-cordones-para-botas-de-54-pulgadas","17":"product_cat-todos-los-cordones","18":"product_tag-cordones","19":"product_tag-cordones-punta-de-oro","20":"product_tag-encerado","21":"product_tag-negro","22":"product_tag-plano","23":"product_tag-plano-encerado","24":"product_tag-punta-metalica","25":"product_tag-rey-del-bucle","27":"first","28":"instock","29":"taxable","30":"shipping-taxable","31":"purchasable","32":"product-type-variable"},"acf":[],"yoast_head":"<!-- This site is optimized with the Yoast SEO plugin v27.4 - https:\/\/yoast.com\/product\/yoast-seo-wordpress\/ -->\n<title>Cordones Planos de Algod\u00f3n Moca con Puntas de Pl\u00e1stico Transparentes<\/title>\n<meta name=\"description\" content=\"Mejora tu cociente de estilo con nuestros Cordones Planos de Algod\u00f3n, una fusi\u00f3n impecable de moda que llama la atenci\u00f3n y resistencia insuperable.\" \/>\n<meta name=\"robots\" content=\"index, follow, max-snippet:-1, max-image-preview:large, max-video-preview:-1\" \/>\n<link rel=\"canonical\" href=\"https:\/\/www.loopkinglaces.com\/es\/products\/cordones-planos-de-algodon-moca-con-puntas-de-plastico-transparentes\/\" \/>\n<meta property=\"og:locale\" content=\"es_ES\" \/>\n<meta property=\"og:type\" content=\"article\" \/>\n<meta property=\"og:title\" content=\"Cordones Planos de Algod\u00f3n Moca con Puntas de Pl\u00e1stico Transparentes\" \/>\n<meta property=\"og:description\" content=\"Mejora tu cociente de estilo con nuestros Cordones Planos de Algod\u00f3n, una fusi\u00f3n impecable de moda que llama la atenci\u00f3n y resistencia insuperable.\" \/>\n<meta property=\"og:url\" content=\"https:\/\/www.loopkinglaces.com\/es\/products\/cordones-planos-de-algodon-moca-con-puntas-de-plastico-transparentes\/\" \/>\n<meta property=\"og:site_name\" content=\"Luxury Gold Tip Shoelaces by Loop King Laces\" \/>\n<meta property=\"article:publisher\" content=\"https:\/\/www.facebook.com\/LoopKingLaces\/\" \/>\n<meta property=\"og:image\" content=\"https:\/\/www.loopkinglaces.com\/wp-content\/uploads\/IMG_1075.jpg\" \/>\n\t<meta property=\"og:image:width\" content=\"800\" \/>\n\t<meta property=\"og:image:height\" content=\"800\" \/>\n\t<meta property=\"og:image:type\" content=\"image\/jpeg\" \/>\n<meta name=\"twitter:card\" content=\"summary_large_image\" \/>\n<meta name=\"twitter:site\" content=\"@loopkinglaces\" \/>\n<script type=\"application\/ld+json\" class=\"yoast-schema-graph\">{\"@context\":\"https:\\\/\\\/schema.org\",\"@graph\":[{\"@type\":[\"WebPage\",\"ItemPage\"],\"@id\":\"https:\\\/\\\/www.loopkinglaces.com\\\/es\\\/products\\\/cordones-planos-de-algodon-moca-con-puntas-de-plastico-transparentes\\\/\",\"url\":\"https:\\\/\\\/www.loopkinglaces.com\\\/es\\\/products\\\/cordones-planos-de-algodon-moca-con-puntas-de-plastico-transparentes\\\/\",\"name\":\"Cordones Planos de Algod\u00f3n Moca con Puntas de Pl\u00e1stico Transparentes\",\"isPartOf\":{\"@id\":\"https:\\\/\\\/www.loopkinglaces.com\\\/es\\\/#website\"},\"primaryImageOfPage\":{\"@id\":\"https:\\\/\\\/www.loopkinglaces.com\\\/es\\\/products\\\/cordones-planos-de-algodon-moca-con-puntas-de-plastico-transparentes\\\/#primaryimage\"},\"image\":{\"@id\":\"https:\\\/\\\/www.loopkinglaces.com\\\/es\\\/products\\\/cordones-planos-de-algodon-moca-con-puntas-de-plastico-transparentes\\\/#primaryimage\"},\"thumbnailUrl\":\"https:\\\/\\\/www.loopkinglaces.com\\\/wp-content\\\/uploads\\\/IMG_1075.jpg\",\"datePublished\":\"2023-08-03T17:54:21+00:00\",\"description\":\"Mejora tu cociente de estilo con nuestros Cordones Planos de Algod\u00f3n, una fusi\u00f3n impecable de moda que llama la atenci\u00f3n y resistencia insuperable.\",\"breadcrumb\":{\"@id\":\"https:\\\/\\\/www.loopkinglaces.com\\\/es\\\/products\\\/cordones-planos-de-algodon-moca-con-puntas-de-plastico-transparentes\\\/#breadcrumb\"},\"inLanguage\":\"es\",\"potentialAction\":[{\"@type\":\"ReadAction\",\"target\":[\"https:\\\/\\\/www.loopkinglaces.com\\\/es\\\/products\\\/cordones-planos-de-algodon-moca-con-puntas-de-plastico-transparentes\\\/\"]}]},{\"@type\":\"ImageObject\",\"inLanguage\":\"es\",\"@id\":\"https:\\\/\\\/www.loopkinglaces.com\\\/es\\\/products\\\/cordones-planos-de-algodon-moca-con-puntas-de-plastico-transparentes\\\/#primaryimage\",\"url\":\"https:\\\/\\\/www.loopkinglaces.com\\\/wp-content\\\/uploads\\\/IMG_1075.jpg\",\"contentUrl\":\"https:\\\/\\\/www.loopkinglaces.com\\\/wp-content\\\/uploads\\\/IMG_1075.jpg\",\"width\":800,\"height\":800},{\"@type\":\"BreadcrumbList\",\"@id\":\"https:\\\/\\\/www.loopkinglaces.com\\\/es\\\/products\\\/cordones-planos-de-algodon-moca-con-puntas-de-plastico-transparentes\\\/#breadcrumb\",\"itemListElement\":[{\"@type\":\"ListItem\",\"position\":1,\"name\":\"Home\",\"item\":\"https:\\\/\\\/www.loopkinglaces.com\\\/es\\\/\"},{\"@type\":\"ListItem\",\"position\":2,\"name\":\"COMPRAR LACAS\",\"item\":\"https:\\\/\\\/www.loopkinglaces.com\\\/es\\\/comprar-lacas\\\/\"},{\"@type\":\"ListItem\",\"position\":3,\"name\":\"Cordones Planos de Algod\u00f3n Moca con Puntas de Pl\u00e1stico Transparentes\"}]},{\"@type\":\"WebSite\",\"@id\":\"https:\\\/\\\/www.loopkinglaces.com\\\/es\\\/#website\",\"url\":\"https:\\\/\\\/www.loopkinglaces.com\\\/es\\\/\",\"name\":\"Luxury Gold Tip Shoelaces by Loop King Laces\",\"description\":\"Rope Laces, Flat Waxed Laces and Leather Laces. All With Gold Tips.\",\"publisher\":{\"@id\":\"https:\\\/\\\/www.loopkinglaces.com\\\/es\\\/#organization\"},\"potentialAction\":[{\"@type\":\"SearchAction\",\"target\":{\"@type\":\"EntryPoint\",\"urlTemplate\":\"https:\\\/\\\/www.loopkinglaces.com\\\/es\\\/?s={search_term_string}\"},\"query-input\":{\"@type\":\"PropertyValueSpecification\",\"valueRequired\":true,\"valueName\":\"search_term_string\"}}],\"inLanguage\":\"es\"},{\"@type\":\"Organization\",\"@id\":\"https:\\\/\\\/www.loopkinglaces.com\\\/es\\\/#organization\",\"name\":\"Loop King Laces\",\"url\":\"https:\\\/\\\/www.loopkinglaces.com\\\/es\\\/\",\"logo\":{\"@type\":\"ImageObject\",\"inLanguage\":\"es\",\"@id\":\"https:\\\/\\\/www.loopkinglaces.com\\\/es\\\/#\\\/schema\\\/logo\\\/image\\\/\",\"url\":\"https:\\\/\\\/www.loopkinglaces.com\\\/wp-content\\\/uploads\\\/LOOP-KING-LACES.1.1-01-LOGO-HI-RES-OFFICIAL-1.png\",\"contentUrl\":\"https:\\\/\\\/www.loopkinglaces.com\\\/wp-content\\\/uploads\\\/LOOP-KING-LACES.1.1-01-LOGO-HI-RES-OFFICIAL-1.png\",\"width\":128,\"height\":91,\"caption\":\"Loop King Laces\"},\"image\":{\"@id\":\"https:\\\/\\\/www.loopkinglaces.com\\\/es\\\/#\\\/schema\\\/logo\\\/image\\\/\"},\"sameAs\":[\"https:\\\/\\\/www.facebook.com\\\/LoopKingLaces\\\/\",\"https:\\\/\\\/x.com\\\/loopkinglaces\",\"https:\\\/\\\/www.instagram.com\\\/loopkinglaces\\\/\"]}]}<\/script>\n<!-- \/ Yoast SEO plugin. -->","yoast_head_json":{"title":"Cordones Planos de Algod\u00f3n Moca con Puntas de Pl\u00e1stico Transparentes","description":"Mejora tu cociente de estilo con nuestros Cordones Planos de Algod\u00f3n, una fusi\u00f3n impecable de moda que llama la atenci\u00f3n y resistencia insuperable.","robots":{"index":"index","follow":"follow","max-snippet":"max-snippet:-1","max-image-preview":"max-image-preview:large","max-video-preview":"max-video-preview:-1"},"canonical":"https:\/\/www.loopkinglaces.com\/es\/products\/cordones-planos-de-algodon-moca-con-puntas-de-plastico-transparentes\/","og_locale":"es_ES","og_type":"article","og_title":"Cordones Planos de Algod\u00f3n Moca con Puntas de Pl\u00e1stico Transparentes","og_description":"Mejora tu cociente de estilo con nuestros Cordones Planos de Algod\u00f3n, una fusi\u00f3n impecable de moda que llama la atenci\u00f3n y resistencia insuperable.","og_url":"https:\/\/www.loopkinglaces.com\/es\/products\/cordones-planos-de-algodon-moca-con-puntas-de-plastico-transparentes\/","og_site_name":"Luxury Gold Tip Shoelaces by Loop King Laces","article_publisher":"https:\/\/www.facebook.com\/LoopKingLaces\/","og_image":[{"width":800,"height":800,"url":"https:\/\/www.loopkinglaces.com\/wp-content\/uploads\/IMG_1075.jpg","type":"image\/jpeg"}],"twitter_card":"summary_large_image","twitter_site":"@loopkinglaces","schema":{"@context":"https:\/\/schema.org","@graph":[{"@type":["WebPage","ItemPage"],"@id":"https:\/\/www.loopkinglaces.com\/es\/products\/cordones-planos-de-algodon-moca-con-puntas-de-plastico-transparentes\/","url":"https:\/\/www.loopkinglaces.com\/es\/products\/cordones-planos-de-algodon-moca-con-puntas-de-plastico-transparentes\/","name":"Cordones Planos de Algod\u00f3n Moca con Puntas de Pl\u00e1stico Transparentes","isPartOf":{"@id":"https:\/\/www.loopkinglaces.com\/es\/#website"},"primaryImageOfPage":{"@id":"https:\/\/www.loopkinglaces.com\/es\/products\/cordones-planos-de-algodon-moca-con-puntas-de-plastico-transparentes\/#primaryimage"},"image":{"@id":"https:\/\/www.loopkinglaces.com\/es\/products\/cordones-planos-de-algodon-moca-con-puntas-de-plastico-transparentes\/#primaryimage"},"thumbnailUrl":"https:\/\/www.loopkinglaces.com\/wp-content\/uploads\/IMG_1075.jpg","datePublished":"2023-08-03T17:54:21+00:00","description":"Mejora tu cociente de estilo con nuestros Cordones Planos de Algod\u00f3n, una fusi\u00f3n impecable de moda que llama la atenci\u00f3n y resistencia insuperable.","breadcrumb":{"@id":"https:\/\/www.loopkinglaces.com\/es\/products\/cordones-planos-de-algodon-moca-con-puntas-de-plastico-transparentes\/#breadcrumb"},"inLanguage":"es","potentialAction":[{"@type":"ReadAction","target":["https:\/\/www.loopkinglaces.com\/es\/products\/cordones-planos-de-algodon-moca-con-puntas-de-plastico-transparentes\/"]}]},{"@type":"ImageObject","inLanguage":"es","@id":"https:\/\/www.loopkinglaces.com\/es\/products\/cordones-planos-de-algodon-moca-con-puntas-de-plastico-transparentes\/#primaryimage","url":"https:\/\/www.loopkinglaces.com\/wp-content\/uploads\/IMG_1075.jpg","contentUrl":"https:\/\/www.loopkinglaces.com\/wp-content\/uploads\/IMG_1075.jpg","width":800,"height":800},{"@type":"BreadcrumbList","@id":"https:\/\/www.loopkinglaces.com\/es\/products\/cordones-planos-de-algodon-moca-con-puntas-de-plastico-transparentes\/#breadcrumb","itemListElement":[{"@type":"ListItem","position":1,"name":"Home","item":"https:\/\/www.loopkinglaces.com\/es\/"},{"@type":"ListItem","position":2,"name":"COMPRAR LACAS","item":"https:\/\/www.loopkinglaces.com\/es\/comprar-lacas\/"},{"@type":"ListItem","position":3,"name":"Cordones Planos de Algod\u00f3n Moca con Puntas de Pl\u00e1stico Transparentes"}]},{"@type":"WebSite","@id":"https:\/\/www.loopkinglaces.com\/es\/#website","url":"https:\/\/www.loopkinglaces.com\/es\/","name":"Luxury Gold Tip Shoelaces by Loop King Laces","description":"Rope Laces, Flat Waxed Laces and Leather Laces. All With Gold Tips.","publisher":{"@id":"https:\/\/www.loopkinglaces.com\/es\/#organization"},"potentialAction":[{"@type":"SearchAction","target":{"@type":"EntryPoint","urlTemplate":"https:\/\/www.loopkinglaces.com\/es\/?s={search_term_string}"},"query-input":{"@type":"PropertyValueSpecification","valueRequired":true,"valueName":"search_term_string"}}],"inLanguage":"es"},{"@type":"Organization","@id":"https:\/\/www.loopkinglaces.com\/es\/#organization","name":"Loop King Laces","url":"https:\/\/www.loopkinglaces.com\/es\/","logo":{"@type":"ImageObject","inLanguage":"es","@id":"https:\/\/www.loopkinglaces.com\/es\/#\/schema\/logo\/image\/","url":"https:\/\/www.loopkinglaces.com\/wp-content\/uploads\/LOOP-KING-LACES.1.1-01-LOGO-HI-RES-OFFICIAL-1.png","contentUrl":"https:\/\/www.loopkinglaces.com\/wp-content\/uploads\/LOOP-KING-LACES.1.1-01-LOGO-HI-RES-OFFICIAL-1.png","width":128,"height":91,"caption":"Loop King Laces"},"image":{"@id":"https:\/\/www.loopkinglaces.com\/es\/#\/schema\/logo\/image\/"},"sameAs":["https:\/\/www.facebook.com\/LoopKingLaces\/","https:\/\/x.com\/loopkinglaces","https:\/\/www.instagram.com\/loopkinglaces\/"]}]}},"_links":{"self":[{"href":"https:\/\/www.loopkinglaces.com\/es\/wp-json\/wp\/v2\/product\/69166","targetHints":{"allow":["GET"]}}],"collection":[{"href":"https:\/\/www.loopkinglaces.com\/es\/wp-json\/wp\/v2\/product"}],"about":[{"href":"https:\/\/www.loopkinglaces.com\/es\/wp-json\/wp\/v2\/types\/product"}],"replies":[{"embeddable":true,"href":"https:\/\/www.loopkinglaces.com\/es\/wp-json\/wp\/v2\/comments?post=69166"}],"wp:featuredmedia":[{"embeddable":true,"href":"https:\/\/www.loopkinglaces.com\/es\/wp-json\/wp\/v2\/media\/69174"}],"wp:attachment":[{"href":"https:\/\/www.loopkinglaces.com\/es\/wp-json\/wp\/v2\/media?parent=69166"}],"wp:term":[{"taxonomy":"product_brand","embeddable":true,"href":"https:\/\/www.loopkinglaces.com\/es\/wp-json\/wp\/v2\/product_brand?post=69166"},{"taxonomy":"product_cat","embeddable":true,"href":"https:\/\/www.loopkinglaces.com\/es\/wp-json\/wp\/v2\/product_cat?post=69166"},{"taxonomy":"product_tag","embeddable":true,"href":"https:\/\/www.loopkinglaces.com\/es\/wp-json\/wp\/v2\/product_tag?post=69166"},{"taxonomy":"woo-feed-brand","embeddable":true,"href":"https:\/\/www.loopkinglaces.com\/es\/wp-json\/wp\/v2\/woo-feed-brand?post=69166"}],"curies":[{"name":"wp","href":"https:\/\/api.w.org\/{rel}","templated":true}]}}