{"id":68949,"date":"2023-12-08T18:31:39","date_gmt":"2023-12-08T18:31:39","guid":{"rendered":"https:\/\/www.loopkinglaces.com\/products\/cordones-blancos-de-cuerda-fina-con-puntas-transparentes\/"},"modified":"2023-12-08T18:31:39","modified_gmt":"2023-12-08T18:31:39","slug":"cordones-blancos-de-cuerda-fina-con-puntas-transparentes","status":"publish","type":"product","link":"https:\/\/www.loopkinglaces.com\/es\/products\/cordones-blancos-de-cuerda-fina-con-puntas-transparentes\/","title":{"rendered":"Cordones blancos de cuerda fina con puntas transparentes"},"content":{"rendered":"<h3><a href=\"https:\/\/www.loopkinglaces.com\/\">Cordones de lujo para zapatillas<\/a><\/h3>\n<p>  Reimagina la elegancia de tu calzado con los Cordones Loop King.<br \/>\nLos Cordones de Cuerda Fina, adornados con puntas de pl\u00e1stico transparente, est\u00e1n fabricados con materiales superiores para una mayor durabilidad.<br \/>\nCon una vida \u00fatil tres veces superior a la de los cordones t\u00edpicos, descubre sus amplias prestaciones.<br \/>\nNuestros cordones se adaptan a todo tipo de zapatillas y marcas, como Adidas, Nike, VANS, etc. Visita nuestra <a href=\"\/shoelace-size-chart\/\">Gu\u00eda de tallas<\/a>, donde podr\u00e1s encontrar la talla perfecta de cordones para tus zapatillas.     &nbsp;<\/p>\n","protected":false},"excerpt":{"rendered":"<p>Cordones de <strong>cuerda fina blancos con puntas transpar<\/strong> entes Aumenta tu estilo con los cordones Loop King.<br \/>\nNuestros cordones de cuerda fina, con puntas de pl\u00e1stico transparente, est\u00e1n fabricados con materiales de la m\u00e1s alta calidad.<br \/>\nPrometen una vida \u00fatil tres veces mayor que la de los cordones normales, y sus caracter\u00edsticas completas se describen a continuaci\u00f3n:    <\/p>\n<ul>\n<li>De 2,5 a 3 mm de ancho (Redonda)<\/li>\n<li>Materiales de primera calidad<\/li>\n<li>Duran <strong>3 veces m\u00e1s<\/strong> que los cordones normales<\/li>\n<li>Puntas de pl\u00e1stico transparente de alta calidad<\/li>\n<li>100% Algod\u00f3n de fibras largas<\/li>\n<li>Embalaje Beautiful Loop King por Encaje<\/li>\n<\/ul>\n","protected":false},"featured_media":68961,"comment_status":"open","ping_status":"closed","template":"","meta":{"_acf_changed":false},"product_brand":[],"product_cat":[1596,1334,882,885,1213,878,890,888,889,1390,1723,1174,1593,898,877],"product_tag":[894,897,899,900,896,895,893],"woo-feed-brand":[],"class_list":{"0":"post-68949","1":"product","2":"type-product","3":"status-publish","4":"has-post-thumbnail","6":"product_cat-cordones-allen-edmonds-un-paso-por-encima-de-lo-ordinario","7":"product_cat-cordones-blancos-jordan-1-burdeos-de-nivel-elite-que-parecen-lujosos","8":"product_cat-cordones-de-30-pulgadas-todos-los-cordones-modernos-y-de-alta-calidad","9":"product_cat-cordones-de-54-todos-los-cordones-de-fantasia-y-de-primera-calidad","10":"product_cat-cordones-de-80-pulgadas-el-secreto-de-unos-pasos-elegantes","11":"product_cat-cordones-de-futbol-premium-duraderos-y-elegantes","12":"product_cat-cordones-de-golf-elegantes-y-duraderos-para-brillar-en-el-campo","13":"product_cat-cordones-de-zapatos-de-vestir-elegantes-para-salir-por-la-ciudad-con-estilo","14":"product_cat-cordones-finos-un-pequeno-giro-a-tu-look-clasico","15":"product_cat-cordones-nike-blancos-tan-brillantes-como-una-estrella","16":"product_cat-cordones-para-zapatillas-new-balance-actualiza-tu-look","17":"product_cat-cordones-premium-yeezy-380-para-anadir-estilo-comodidad-y-durabilidad","18":"product_cat-cordones-sperry-pequenos-detalles-para-resultados-diferentes","19":"product_cat-descubre-la-elegancia-de-los-cordones-de-cuerda-fina-con-puntas-de-plastico-transparente-duraderas","20":"product_cat-todos-los-cordones","21":"product_tag-cordones","22":"product_tag-cordones-de-cuerda","23":"product_tag-cordones-punta-de-oro","24":"product_tag-gris","25":"product_tag-negro","26":"product_tag-punta-metalica","27":"product_tag-rey-del-bucle","29":"first","30":"instock","31":"taxable","32":"shipping-taxable","33":"purchasable","34":"product-type-variable"},"acf":[],"yoast_head":"<!-- This site is optimized with the Yoast SEO plugin v27.4 - https:\/\/yoast.com\/product\/yoast-seo-wordpress\/ -->\n<title>Cordones blancos de cuerda fina con puntas transparentes - De Loop King<\/title>\n<meta name=\"description\" content=\"Mejora tu calzado con los Cordones de Cuerda Fina Blancos con Puntas Transparentes Loop King. Duraderos y elegantes, con puntas transparentes para un toque moderno. \u00a1Consigue los tuyos ahora!\" \/>\n<meta name=\"robots\" content=\"index, follow, max-snippet:-1, max-image-preview:large, max-video-preview:-1\" \/>\n<link rel=\"canonical\" href=\"https:\/\/www.loopkinglaces.com\/es\/products\/cordones-blancos-de-cuerda-fina-con-puntas-transparentes\/\" \/>\n<meta property=\"og:locale\" content=\"es_ES\" \/>\n<meta property=\"og:type\" content=\"article\" \/>\n<meta property=\"og:title\" content=\"Cordones blancos de cuerda fina con puntas transparentes - De Loop King\" \/>\n<meta property=\"og:description\" content=\"Mejora tu calzado con los Cordones de Cuerda Fina Blancos con Puntas Transparentes Loop King. Duraderos y elegantes, con puntas transparentes para un toque moderno. \u00a1Consigue los tuyos ahora!\" \/>\n<meta property=\"og:url\" content=\"https:\/\/www.loopkinglaces.com\/es\/products\/cordones-blancos-de-cuerda-fina-con-puntas-transparentes\/\" \/>\n<meta property=\"og:site_name\" content=\"Luxury Gold Tip Shoelaces by Loop King Laces\" \/>\n<meta property=\"article:publisher\" content=\"https:\/\/www.facebook.com\/LoopKingLaces\/\" \/>\n<meta property=\"og:image\" content=\"https:\/\/www.loopkinglaces.com\/wp-content\/uploads\/White-Thin-Rope-scaled.jpg\" \/>\n\t<meta property=\"og:image:width\" content=\"2560\" \/>\n\t<meta property=\"og:image:height\" content=\"2560\" \/>\n\t<meta property=\"og:image:type\" content=\"image\/jpeg\" \/>\n<meta name=\"twitter:card\" content=\"summary_large_image\" \/>\n<meta name=\"twitter:site\" content=\"@loopkinglaces\" \/>\n<script type=\"application\/ld+json\" class=\"yoast-schema-graph\">{\"@context\":\"https:\\\/\\\/schema.org\",\"@graph\":[{\"@type\":[\"WebPage\",\"ItemPage\"],\"@id\":\"https:\\\/\\\/www.loopkinglaces.com\\\/es\\\/products\\\/cordones-blancos-de-cuerda-fina-con-puntas-transparentes\\\/\",\"url\":\"https:\\\/\\\/www.loopkinglaces.com\\\/es\\\/products\\\/cordones-blancos-de-cuerda-fina-con-puntas-transparentes\\\/\",\"name\":\"Cordones blancos de cuerda fina con puntas transparentes - De Loop King\",\"isPartOf\":{\"@id\":\"https:\\\/\\\/www.loopkinglaces.com\\\/es\\\/#website\"},\"primaryImageOfPage\":{\"@id\":\"https:\\\/\\\/www.loopkinglaces.com\\\/es\\\/products\\\/cordones-blancos-de-cuerda-fina-con-puntas-transparentes\\\/#primaryimage\"},\"image\":{\"@id\":\"https:\\\/\\\/www.loopkinglaces.com\\\/es\\\/products\\\/cordones-blancos-de-cuerda-fina-con-puntas-transparentes\\\/#primaryimage\"},\"thumbnailUrl\":\"https:\\\/\\\/www.loopkinglaces.com\\\/wp-content\\\/uploads\\\/White-Thin-Rope-scaled.jpg\",\"datePublished\":\"2023-12-08T18:31:39+00:00\",\"description\":\"Mejora tu calzado con los Cordones de Cuerda Fina Blancos con Puntas Transparentes Loop King. Duraderos y elegantes, con puntas transparentes para un toque moderno. \u00a1Consigue los tuyos ahora!\",\"breadcrumb\":{\"@id\":\"https:\\\/\\\/www.loopkinglaces.com\\\/es\\\/products\\\/cordones-blancos-de-cuerda-fina-con-puntas-transparentes\\\/#breadcrumb\"},\"inLanguage\":\"es\",\"potentialAction\":[{\"@type\":\"ReadAction\",\"target\":[\"https:\\\/\\\/www.loopkinglaces.com\\\/es\\\/products\\\/cordones-blancos-de-cuerda-fina-con-puntas-transparentes\\\/\"]}]},{\"@type\":\"ImageObject\",\"inLanguage\":\"es\",\"@id\":\"https:\\\/\\\/www.loopkinglaces.com\\\/es\\\/products\\\/cordones-blancos-de-cuerda-fina-con-puntas-transparentes\\\/#primaryimage\",\"url\":\"https:\\\/\\\/www.loopkinglaces.com\\\/wp-content\\\/uploads\\\/White-Thin-Rope-scaled.jpg\",\"contentUrl\":\"https:\\\/\\\/www.loopkinglaces.com\\\/wp-content\\\/uploads\\\/White-Thin-Rope-scaled.jpg\",\"width\":2560,\"height\":2560},{\"@type\":\"BreadcrumbList\",\"@id\":\"https:\\\/\\\/www.loopkinglaces.com\\\/es\\\/products\\\/cordones-blancos-de-cuerda-fina-con-puntas-transparentes\\\/#breadcrumb\",\"itemListElement\":[{\"@type\":\"ListItem\",\"position\":1,\"name\":\"Home\",\"item\":\"https:\\\/\\\/www.loopkinglaces.com\\\/es\\\/\"},{\"@type\":\"ListItem\",\"position\":2,\"name\":\"COMPRAR LACAS\",\"item\":\"https:\\\/\\\/www.loopkinglaces.com\\\/es\\\/comprar-lacas\\\/\"},{\"@type\":\"ListItem\",\"position\":3,\"name\":\"Cordones blancos de cuerda fina con puntas transparentes\"}]},{\"@type\":\"WebSite\",\"@id\":\"https:\\\/\\\/www.loopkinglaces.com\\\/es\\\/#website\",\"url\":\"https:\\\/\\\/www.loopkinglaces.com\\\/es\\\/\",\"name\":\"Luxury Gold Tip Shoelaces by Loop King Laces\",\"description\":\"Rope Laces, Flat Waxed Laces and Leather Laces. All With Gold Tips.\",\"publisher\":{\"@id\":\"https:\\\/\\\/www.loopkinglaces.com\\\/es\\\/#organization\"},\"potentialAction\":[{\"@type\":\"SearchAction\",\"target\":{\"@type\":\"EntryPoint\",\"urlTemplate\":\"https:\\\/\\\/www.loopkinglaces.com\\\/es\\\/?s={search_term_string}\"},\"query-input\":{\"@type\":\"PropertyValueSpecification\",\"valueRequired\":true,\"valueName\":\"search_term_string\"}}],\"inLanguage\":\"es\"},{\"@type\":\"Organization\",\"@id\":\"https:\\\/\\\/www.loopkinglaces.com\\\/es\\\/#organization\",\"name\":\"Loop King Laces\",\"url\":\"https:\\\/\\\/www.loopkinglaces.com\\\/es\\\/\",\"logo\":{\"@type\":\"ImageObject\",\"inLanguage\":\"es\",\"@id\":\"https:\\\/\\\/www.loopkinglaces.com\\\/es\\\/#\\\/schema\\\/logo\\\/image\\\/\",\"url\":\"https:\\\/\\\/www.loopkinglaces.com\\\/wp-content\\\/uploads\\\/LOOP-KING-LACES.1.1-01-LOGO-HI-RES-OFFICIAL-1.png\",\"contentUrl\":\"https:\\\/\\\/www.loopkinglaces.com\\\/wp-content\\\/uploads\\\/LOOP-KING-LACES.1.1-01-LOGO-HI-RES-OFFICIAL-1.png\",\"width\":128,\"height\":91,\"caption\":\"Loop King Laces\"},\"image\":{\"@id\":\"https:\\\/\\\/www.loopkinglaces.com\\\/es\\\/#\\\/schema\\\/logo\\\/image\\\/\"},\"sameAs\":[\"https:\\\/\\\/www.facebook.com\\\/LoopKingLaces\\\/\",\"https:\\\/\\\/x.com\\\/loopkinglaces\",\"https:\\\/\\\/www.instagram.com\\\/loopkinglaces\\\/\"]}]}<\/script>\n<!-- \/ Yoast SEO plugin. -->","yoast_head_json":{"title":"Cordones blancos de cuerda fina con puntas transparentes - De Loop King","description":"Mejora tu calzado con los Cordones de Cuerda Fina Blancos con Puntas Transparentes Loop King. Duraderos y elegantes, con puntas transparentes para un toque moderno. \u00a1Consigue los tuyos ahora!","robots":{"index":"index","follow":"follow","max-snippet":"max-snippet:-1","max-image-preview":"max-image-preview:large","max-video-preview":"max-video-preview:-1"},"canonical":"https:\/\/www.loopkinglaces.com\/es\/products\/cordones-blancos-de-cuerda-fina-con-puntas-transparentes\/","og_locale":"es_ES","og_type":"article","og_title":"Cordones blancos de cuerda fina con puntas transparentes - De Loop King","og_description":"Mejora tu calzado con los Cordones de Cuerda Fina Blancos con Puntas Transparentes Loop King. Duraderos y elegantes, con puntas transparentes para un toque moderno. \u00a1Consigue los tuyos ahora!","og_url":"https:\/\/www.loopkinglaces.com\/es\/products\/cordones-blancos-de-cuerda-fina-con-puntas-transparentes\/","og_site_name":"Luxury Gold Tip Shoelaces by Loop King Laces","article_publisher":"https:\/\/www.facebook.com\/LoopKingLaces\/","og_image":[{"width":2560,"height":2560,"url":"https:\/\/www.loopkinglaces.com\/wp-content\/uploads\/White-Thin-Rope-scaled.jpg","type":"image\/jpeg"}],"twitter_card":"summary_large_image","twitter_site":"@loopkinglaces","schema":{"@context":"https:\/\/schema.org","@graph":[{"@type":["WebPage","ItemPage"],"@id":"https:\/\/www.loopkinglaces.com\/es\/products\/cordones-blancos-de-cuerda-fina-con-puntas-transparentes\/","url":"https:\/\/www.loopkinglaces.com\/es\/products\/cordones-blancos-de-cuerda-fina-con-puntas-transparentes\/","name":"Cordones blancos de cuerda fina con puntas transparentes - De Loop King","isPartOf":{"@id":"https:\/\/www.loopkinglaces.com\/es\/#website"},"primaryImageOfPage":{"@id":"https:\/\/www.loopkinglaces.com\/es\/products\/cordones-blancos-de-cuerda-fina-con-puntas-transparentes\/#primaryimage"},"image":{"@id":"https:\/\/www.loopkinglaces.com\/es\/products\/cordones-blancos-de-cuerda-fina-con-puntas-transparentes\/#primaryimage"},"thumbnailUrl":"https:\/\/www.loopkinglaces.com\/wp-content\/uploads\/White-Thin-Rope-scaled.jpg","datePublished":"2023-12-08T18:31:39+00:00","description":"Mejora tu calzado con los Cordones de Cuerda Fina Blancos con Puntas Transparentes Loop King. Duraderos y elegantes, con puntas transparentes para un toque moderno. \u00a1Consigue los tuyos ahora!","breadcrumb":{"@id":"https:\/\/www.loopkinglaces.com\/es\/products\/cordones-blancos-de-cuerda-fina-con-puntas-transparentes\/#breadcrumb"},"inLanguage":"es","potentialAction":[{"@type":"ReadAction","target":["https:\/\/www.loopkinglaces.com\/es\/products\/cordones-blancos-de-cuerda-fina-con-puntas-transparentes\/"]}]},{"@type":"ImageObject","inLanguage":"es","@id":"https:\/\/www.loopkinglaces.com\/es\/products\/cordones-blancos-de-cuerda-fina-con-puntas-transparentes\/#primaryimage","url":"https:\/\/www.loopkinglaces.com\/wp-content\/uploads\/White-Thin-Rope-scaled.jpg","contentUrl":"https:\/\/www.loopkinglaces.com\/wp-content\/uploads\/White-Thin-Rope-scaled.jpg","width":2560,"height":2560},{"@type":"BreadcrumbList","@id":"https:\/\/www.loopkinglaces.com\/es\/products\/cordones-blancos-de-cuerda-fina-con-puntas-transparentes\/#breadcrumb","itemListElement":[{"@type":"ListItem","position":1,"name":"Home","item":"https:\/\/www.loopkinglaces.com\/es\/"},{"@type":"ListItem","position":2,"name":"COMPRAR LACAS","item":"https:\/\/www.loopkinglaces.com\/es\/comprar-lacas\/"},{"@type":"ListItem","position":3,"name":"Cordones blancos de cuerda fina con puntas transparentes"}]},{"@type":"WebSite","@id":"https:\/\/www.loopkinglaces.com\/es\/#website","url":"https:\/\/www.loopkinglaces.com\/es\/","name":"Luxury Gold Tip Shoelaces by Loop King Laces","description":"Rope Laces, Flat Waxed Laces and Leather Laces. All With Gold Tips.","publisher":{"@id":"https:\/\/www.loopkinglaces.com\/es\/#organization"},"potentialAction":[{"@type":"SearchAction","target":{"@type":"EntryPoint","urlTemplate":"https:\/\/www.loopkinglaces.com\/es\/?s={search_term_string}"},"query-input":{"@type":"PropertyValueSpecification","valueRequired":true,"valueName":"search_term_string"}}],"inLanguage":"es"},{"@type":"Organization","@id":"https:\/\/www.loopkinglaces.com\/es\/#organization","name":"Loop King Laces","url":"https:\/\/www.loopkinglaces.com\/es\/","logo":{"@type":"ImageObject","inLanguage":"es","@id":"https:\/\/www.loopkinglaces.com\/es\/#\/schema\/logo\/image\/","url":"https:\/\/www.loopkinglaces.com\/wp-content\/uploads\/LOOP-KING-LACES.1.1-01-LOGO-HI-RES-OFFICIAL-1.png","contentUrl":"https:\/\/www.loopkinglaces.com\/wp-content\/uploads\/LOOP-KING-LACES.1.1-01-LOGO-HI-RES-OFFICIAL-1.png","width":128,"height":91,"caption":"Loop King Laces"},"image":{"@id":"https:\/\/www.loopkinglaces.com\/es\/#\/schema\/logo\/image\/"},"sameAs":["https:\/\/www.facebook.com\/LoopKingLaces\/","https:\/\/x.com\/loopkinglaces","https:\/\/www.instagram.com\/loopkinglaces\/"]}]}},"_links":{"self":[{"href":"https:\/\/www.loopkinglaces.com\/es\/wp-json\/wp\/v2\/product\/68949","targetHints":{"allow":["GET"]}}],"collection":[{"href":"https:\/\/www.loopkinglaces.com\/es\/wp-json\/wp\/v2\/product"}],"about":[{"href":"https:\/\/www.loopkinglaces.com\/es\/wp-json\/wp\/v2\/types\/product"}],"replies":[{"embeddable":true,"href":"https:\/\/www.loopkinglaces.com\/es\/wp-json\/wp\/v2\/comments?post=68949"}],"wp:featuredmedia":[{"embeddable":true,"href":"https:\/\/www.loopkinglaces.com\/es\/wp-json\/wp\/v2\/media\/68961"}],"wp:attachment":[{"href":"https:\/\/www.loopkinglaces.com\/es\/wp-json\/wp\/v2\/media?parent=68949"}],"wp:term":[{"taxonomy":"product_brand","embeddable":true,"href":"https:\/\/www.loopkinglaces.com\/es\/wp-json\/wp\/v2\/product_brand?post=68949"},{"taxonomy":"product_cat","embeddable":true,"href":"https:\/\/www.loopkinglaces.com\/es\/wp-json\/wp\/v2\/product_cat?post=68949"},{"taxonomy":"product_tag","embeddable":true,"href":"https:\/\/www.loopkinglaces.com\/es\/wp-json\/wp\/v2\/product_tag?post=68949"},{"taxonomy":"woo-feed-brand","embeddable":true,"href":"https:\/\/www.loopkinglaces.com\/es\/wp-json\/wp\/v2\/woo-feed-brand?post=68949"}],"curies":[{"name":"wp","href":"https:\/\/api.w.org\/{rel}","templated":true}]}}