{"id":68846,"date":"2023-12-07T18:29:45","date_gmt":"2023-12-07T18:29:45","guid":{"rendered":"https:\/\/www.loopkinglaces.com\/products\/cordones-reflectantes-rojos-con-puntas-transparentes\/"},"modified":"2023-12-07T18:29:45","modified_gmt":"2023-12-07T18:29:45","slug":"cordones-reflectantes-rojos-con-puntas-transparentes","status":"publish","type":"product","link":"https:\/\/www.loopkinglaces.com\/es\/products\/cordones-reflectantes-rojos-con-puntas-transparentes\/","title":{"rendered":"Cordones reflectantes rojos con puntas transparentes"},"content":{"rendered":"<h3><a href=\"https:\/\/www.loopkinglaces.com\/\">Cordones de lujo para zapatillas<\/a><\/h3>\n<p>  Ad\u00e9ntrate en el lujo con los Cordones Loop King.<br \/>\nNuestros cordones de cuerda de lujo, con punta de pl\u00e1stico transparente para un toque sofisticado, est\u00e1n compuestos de los mejores materiales.<br \/>\nDise\u00f1ados para una mayor longevidad, nuestros cordones duran tres veces m\u00e1s que los cordones tradicionales.<br \/>\nNuestros cordones se adaptan a todo tipo de zapatillas y marcas, como Adidas, Nike, VANS, etc. Visita nuestra <a href=\"\/shoelace-size-chart\/\">Gu\u00eda de tallas<\/a>, donde podr\u00e1s encontrar la talla perfecta de cordones para tus zapatillas.     &nbsp;<\/p>\n","protected":false},"excerpt":{"rendered":"<p>Cordones de <strong>cuerda reflectantes rojos con puntas transpar<\/strong> entes Eleva tu calzado con los cordones Loop King.<br \/>\nNuestros cordones de cuerda de lujo, adornados con elegantes puntas de pl\u00e1stico transparente, est\u00e1n fabricados con materiales de la m\u00e1s alta calidad.<br \/>\nDise\u00f1ados para durar, estos cordones prometen una vida \u00fatil tres veces superior a la de los cordones normales.<br \/>\nDescubre sus completas caracter\u00edsticas a continuaci\u00f3n:     <\/p>\n<ul>\n<li>4 mm de ancho (redonda)<\/li>\n<li>Materiales de primera calidad<\/li>\n<li>Duran <strong>3 veces m\u00e1s<\/strong> que los cordones normales<\/li>\n<li>Puntas de pl\u00e1stico transparente<\/li>\n<li>Embalaje Beautiful Loop King por Encaje<\/li>\n<\/ul>\n","protected":false},"featured_media":68862,"comment_status":"open","ping_status":"closed","template":"","meta":{"_acf_changed":false},"product_brand":[],"product_cat":[1690,1324,1200,878,1456,1163,1687,1179,1312,1688,1739,1740,1685,1464,877],"product_tag":[894,897,899,900,896,895,893],"woo-feed-brand":[],"class_list":{"0":"post-68846","1":"product","2":"type-product","3":"status-publish","4":"has-post-thumbnail","6":"product_cat-aumenta-tu-estilo-con-cordones-bicolores","7":"product_cat-cordones-adidas-yeezy-700-cordones-de-moda","8":"product_cat-cordones-de-63-pulgadas-lo-ultimo-en-cordones","9":"product_cat-cordones-de-futbol-premium-duraderos-y-elegantes","10":"product_cat-cordones-de-rick-owens-el-heroe-inesperado-de-la-moda","11":"product_cat-cordones-de-zapato-gordo-superiores-y-de-alta-calidad","12":"product_cat-cordones-militares-atate-los-cordones-como-un-profesional","13":"product_cat-cordones-nike-de-repuesto-para-una-mejora-visual-genial","14":"product_cat-exquisitos-cordones-reflectantes-para-footing-nocturno-fiestas-o-simplemente-para-ir-elegante","15":"product_cat-exuberantes-cordones-rojos-para-botas-de-montana-que-resisten-las-inclemencias-del-tiempo","16":"product_cat-impresionantes-cordones-rojos-de-pimienta-yeezy-380-que-parecen-sobresalientes","17":"product_cat-la-jordan-1-verde-pino-con-cordones-rojos-para-destacar-entre-la-multitud","18":"product_cat-los-cordones-red-wing-son-lo-suficientemente-duraderos-para-las-condiciones-mas-duras","19":"product_cat-por-que-los-cordones-para-correr-son-mas-importantes-de-lo-que-crees","20":"product_cat-todos-los-cordones","21":"product_tag-cordones","22":"product_tag-cordones-de-cuerda","23":"product_tag-cordones-punta-de-oro","24":"product_tag-gris","25":"product_tag-negro","26":"product_tag-punta-metalica","27":"product_tag-rey-del-bucle","29":"first","30":"instock","31":"taxable","32":"shipping-taxable","33":"product-type-variable"},"acf":[],"yoast_head":"<!-- This site is optimized with the Yoast SEO plugin v27.4 - https:\/\/yoast.com\/product\/yoast-seo-wordpress\/ -->\n<title>Cordones reflectantes rojos con puntas transparentes - De Loop King<\/title>\n<meta name=\"description\" content=\"Transforma tus zapatos con nuestros cordones de cuerda de lujo, que no s\u00f3lo son visualmente atractivos con sus puntas de pl\u00e1stico transparente, sino que tambi\u00e9n son excepcionalmente duraderos.\" \/>\n<meta name=\"robots\" content=\"index, follow, max-snippet:-1, max-image-preview:large, max-video-preview:-1\" \/>\n<link rel=\"canonical\" href=\"https:\/\/www.loopkinglaces.com\/es\/products\/cordones-reflectantes-rojos-con-puntas-transparentes\/\" \/>\n<meta property=\"og:locale\" content=\"es_ES\" \/>\n<meta property=\"og:type\" content=\"article\" \/>\n<meta property=\"og:title\" content=\"Cordones reflectantes rojos con puntas transparentes - De Loop King\" \/>\n<meta property=\"og:description\" content=\"Transforma tus zapatos con nuestros cordones de cuerda de lujo, que no s\u00f3lo son visualmente atractivos con sus puntas de pl\u00e1stico transparente, sino que tambi\u00e9n son excepcionalmente duraderos.\" \/>\n<meta property=\"og:url\" content=\"https:\/\/www.loopkinglaces.com\/es\/products\/cordones-reflectantes-rojos-con-puntas-transparentes\/\" \/>\n<meta property=\"og:site_name\" content=\"Luxury Gold Tip Shoelaces by Loop King Laces\" \/>\n<meta property=\"article:publisher\" content=\"https:\/\/www.facebook.com\/LoopKingLaces\/\" \/>\n<meta property=\"og:image\" content=\"https:\/\/www.loopkinglaces.com\/wp-content\/uploads\/Red-Rope-Reflective.jpg\" \/>\n\t<meta property=\"og:image:width\" content=\"2480\" \/>\n\t<meta property=\"og:image:height\" content=\"2481\" \/>\n\t<meta property=\"og:image:type\" content=\"image\/jpeg\" \/>\n<meta name=\"twitter:card\" content=\"summary_large_image\" \/>\n<meta name=\"twitter:site\" content=\"@loopkinglaces\" \/>\n<script type=\"application\/ld+json\" class=\"yoast-schema-graph\">{\"@context\":\"https:\\\/\\\/schema.org\",\"@graph\":[{\"@type\":[\"WebPage\",\"ItemPage\"],\"@id\":\"https:\\\/\\\/www.loopkinglaces.com\\\/es\\\/products\\\/cordones-reflectantes-rojos-con-puntas-transparentes\\\/\",\"url\":\"https:\\\/\\\/www.loopkinglaces.com\\\/es\\\/products\\\/cordones-reflectantes-rojos-con-puntas-transparentes\\\/\",\"name\":\"Cordones reflectantes rojos con puntas transparentes - De Loop King\",\"isPartOf\":{\"@id\":\"https:\\\/\\\/www.loopkinglaces.com\\\/es\\\/#website\"},\"primaryImageOfPage\":{\"@id\":\"https:\\\/\\\/www.loopkinglaces.com\\\/es\\\/products\\\/cordones-reflectantes-rojos-con-puntas-transparentes\\\/#primaryimage\"},\"image\":{\"@id\":\"https:\\\/\\\/www.loopkinglaces.com\\\/es\\\/products\\\/cordones-reflectantes-rojos-con-puntas-transparentes\\\/#primaryimage\"},\"thumbnailUrl\":\"https:\\\/\\\/www.loopkinglaces.com\\\/wp-content\\\/uploads\\\/Red-Rope-Reflective.jpg\",\"datePublished\":\"2023-12-07T18:29:45+00:00\",\"description\":\"Transforma tus zapatos con nuestros cordones de cuerda de lujo, que no s\u00f3lo son visualmente atractivos con sus puntas de pl\u00e1stico transparente, sino que tambi\u00e9n son excepcionalmente duraderos.\",\"breadcrumb\":{\"@id\":\"https:\\\/\\\/www.loopkinglaces.com\\\/es\\\/products\\\/cordones-reflectantes-rojos-con-puntas-transparentes\\\/#breadcrumb\"},\"inLanguage\":\"es\",\"potentialAction\":[{\"@type\":\"ReadAction\",\"target\":[\"https:\\\/\\\/www.loopkinglaces.com\\\/es\\\/products\\\/cordones-reflectantes-rojos-con-puntas-transparentes\\\/\"]}]},{\"@type\":\"ImageObject\",\"inLanguage\":\"es\",\"@id\":\"https:\\\/\\\/www.loopkinglaces.com\\\/es\\\/products\\\/cordones-reflectantes-rojos-con-puntas-transparentes\\\/#primaryimage\",\"url\":\"https:\\\/\\\/www.loopkinglaces.com\\\/wp-content\\\/uploads\\\/Red-Rope-Reflective.jpg\",\"contentUrl\":\"https:\\\/\\\/www.loopkinglaces.com\\\/wp-content\\\/uploads\\\/Red-Rope-Reflective.jpg\",\"width\":2480,\"height\":2481},{\"@type\":\"BreadcrumbList\",\"@id\":\"https:\\\/\\\/www.loopkinglaces.com\\\/es\\\/products\\\/cordones-reflectantes-rojos-con-puntas-transparentes\\\/#breadcrumb\",\"itemListElement\":[{\"@type\":\"ListItem\",\"position\":1,\"name\":\"Home\",\"item\":\"https:\\\/\\\/www.loopkinglaces.com\\\/es\\\/\"},{\"@type\":\"ListItem\",\"position\":2,\"name\":\"COMPRAR LACAS\",\"item\":\"https:\\\/\\\/www.loopkinglaces.com\\\/es\\\/comprar-lacas\\\/\"},{\"@type\":\"ListItem\",\"position\":3,\"name\":\"Cordones reflectantes rojos con puntas transparentes\"}]},{\"@type\":\"WebSite\",\"@id\":\"https:\\\/\\\/www.loopkinglaces.com\\\/es\\\/#website\",\"url\":\"https:\\\/\\\/www.loopkinglaces.com\\\/es\\\/\",\"name\":\"Luxury Gold Tip Shoelaces by Loop King Laces\",\"description\":\"Rope Laces, Flat Waxed Laces and Leather Laces. All With Gold Tips.\",\"publisher\":{\"@id\":\"https:\\\/\\\/www.loopkinglaces.com\\\/es\\\/#organization\"},\"potentialAction\":[{\"@type\":\"SearchAction\",\"target\":{\"@type\":\"EntryPoint\",\"urlTemplate\":\"https:\\\/\\\/www.loopkinglaces.com\\\/es\\\/?s={search_term_string}\"},\"query-input\":{\"@type\":\"PropertyValueSpecification\",\"valueRequired\":true,\"valueName\":\"search_term_string\"}}],\"inLanguage\":\"es\"},{\"@type\":\"Organization\",\"@id\":\"https:\\\/\\\/www.loopkinglaces.com\\\/es\\\/#organization\",\"name\":\"Loop King Laces\",\"url\":\"https:\\\/\\\/www.loopkinglaces.com\\\/es\\\/\",\"logo\":{\"@type\":\"ImageObject\",\"inLanguage\":\"es\",\"@id\":\"https:\\\/\\\/www.loopkinglaces.com\\\/es\\\/#\\\/schema\\\/logo\\\/image\\\/\",\"url\":\"https:\\\/\\\/www.loopkinglaces.com\\\/wp-content\\\/uploads\\\/LOOP-KING-LACES.1.1-01-LOGO-HI-RES-OFFICIAL-1.png\",\"contentUrl\":\"https:\\\/\\\/www.loopkinglaces.com\\\/wp-content\\\/uploads\\\/LOOP-KING-LACES.1.1-01-LOGO-HI-RES-OFFICIAL-1.png\",\"width\":128,\"height\":91,\"caption\":\"Loop King Laces\"},\"image\":{\"@id\":\"https:\\\/\\\/www.loopkinglaces.com\\\/es\\\/#\\\/schema\\\/logo\\\/image\\\/\"},\"sameAs\":[\"https:\\\/\\\/www.facebook.com\\\/LoopKingLaces\\\/\",\"https:\\\/\\\/x.com\\\/loopkinglaces\",\"https:\\\/\\\/www.instagram.com\\\/loopkinglaces\\\/\"]}]}<\/script>\n<!-- \/ Yoast SEO plugin. -->","yoast_head_json":{"title":"Cordones reflectantes rojos con puntas transparentes - De Loop King","description":"Transforma tus zapatos con nuestros cordones de cuerda de lujo, que no s\u00f3lo son visualmente atractivos con sus puntas de pl\u00e1stico transparente, sino que tambi\u00e9n son excepcionalmente duraderos.","robots":{"index":"index","follow":"follow","max-snippet":"max-snippet:-1","max-image-preview":"max-image-preview:large","max-video-preview":"max-video-preview:-1"},"canonical":"https:\/\/www.loopkinglaces.com\/es\/products\/cordones-reflectantes-rojos-con-puntas-transparentes\/","og_locale":"es_ES","og_type":"article","og_title":"Cordones reflectantes rojos con puntas transparentes - De Loop King","og_description":"Transforma tus zapatos con nuestros cordones de cuerda de lujo, que no s\u00f3lo son visualmente atractivos con sus puntas de pl\u00e1stico transparente, sino que tambi\u00e9n son excepcionalmente duraderos.","og_url":"https:\/\/www.loopkinglaces.com\/es\/products\/cordones-reflectantes-rojos-con-puntas-transparentes\/","og_site_name":"Luxury Gold Tip Shoelaces by Loop King Laces","article_publisher":"https:\/\/www.facebook.com\/LoopKingLaces\/","og_image":[{"width":2480,"height":2481,"url":"https:\/\/www.loopkinglaces.com\/wp-content\/uploads\/Red-Rope-Reflective.jpg","type":"image\/jpeg"}],"twitter_card":"summary_large_image","twitter_site":"@loopkinglaces","schema":{"@context":"https:\/\/schema.org","@graph":[{"@type":["WebPage","ItemPage"],"@id":"https:\/\/www.loopkinglaces.com\/es\/products\/cordones-reflectantes-rojos-con-puntas-transparentes\/","url":"https:\/\/www.loopkinglaces.com\/es\/products\/cordones-reflectantes-rojos-con-puntas-transparentes\/","name":"Cordones reflectantes rojos con puntas transparentes - De Loop King","isPartOf":{"@id":"https:\/\/www.loopkinglaces.com\/es\/#website"},"primaryImageOfPage":{"@id":"https:\/\/www.loopkinglaces.com\/es\/products\/cordones-reflectantes-rojos-con-puntas-transparentes\/#primaryimage"},"image":{"@id":"https:\/\/www.loopkinglaces.com\/es\/products\/cordones-reflectantes-rojos-con-puntas-transparentes\/#primaryimage"},"thumbnailUrl":"https:\/\/www.loopkinglaces.com\/wp-content\/uploads\/Red-Rope-Reflective.jpg","datePublished":"2023-12-07T18:29:45+00:00","description":"Transforma tus zapatos con nuestros cordones de cuerda de lujo, que no s\u00f3lo son visualmente atractivos con sus puntas de pl\u00e1stico transparente, sino que tambi\u00e9n son excepcionalmente duraderos.","breadcrumb":{"@id":"https:\/\/www.loopkinglaces.com\/es\/products\/cordones-reflectantes-rojos-con-puntas-transparentes\/#breadcrumb"},"inLanguage":"es","potentialAction":[{"@type":"ReadAction","target":["https:\/\/www.loopkinglaces.com\/es\/products\/cordones-reflectantes-rojos-con-puntas-transparentes\/"]}]},{"@type":"ImageObject","inLanguage":"es","@id":"https:\/\/www.loopkinglaces.com\/es\/products\/cordones-reflectantes-rojos-con-puntas-transparentes\/#primaryimage","url":"https:\/\/www.loopkinglaces.com\/wp-content\/uploads\/Red-Rope-Reflective.jpg","contentUrl":"https:\/\/www.loopkinglaces.com\/wp-content\/uploads\/Red-Rope-Reflective.jpg","width":2480,"height":2481},{"@type":"BreadcrumbList","@id":"https:\/\/www.loopkinglaces.com\/es\/products\/cordones-reflectantes-rojos-con-puntas-transparentes\/#breadcrumb","itemListElement":[{"@type":"ListItem","position":1,"name":"Home","item":"https:\/\/www.loopkinglaces.com\/es\/"},{"@type":"ListItem","position":2,"name":"COMPRAR LACAS","item":"https:\/\/www.loopkinglaces.com\/es\/comprar-lacas\/"},{"@type":"ListItem","position":3,"name":"Cordones reflectantes rojos con puntas transparentes"}]},{"@type":"WebSite","@id":"https:\/\/www.loopkinglaces.com\/es\/#website","url":"https:\/\/www.loopkinglaces.com\/es\/","name":"Luxury Gold Tip Shoelaces by Loop King Laces","description":"Rope Laces, Flat Waxed Laces and Leather Laces. All With Gold Tips.","publisher":{"@id":"https:\/\/www.loopkinglaces.com\/es\/#organization"},"potentialAction":[{"@type":"SearchAction","target":{"@type":"EntryPoint","urlTemplate":"https:\/\/www.loopkinglaces.com\/es\/?s={search_term_string}"},"query-input":{"@type":"PropertyValueSpecification","valueRequired":true,"valueName":"search_term_string"}}],"inLanguage":"es"},{"@type":"Organization","@id":"https:\/\/www.loopkinglaces.com\/es\/#organization","name":"Loop King Laces","url":"https:\/\/www.loopkinglaces.com\/es\/","logo":{"@type":"ImageObject","inLanguage":"es","@id":"https:\/\/www.loopkinglaces.com\/es\/#\/schema\/logo\/image\/","url":"https:\/\/www.loopkinglaces.com\/wp-content\/uploads\/LOOP-KING-LACES.1.1-01-LOGO-HI-RES-OFFICIAL-1.png","contentUrl":"https:\/\/www.loopkinglaces.com\/wp-content\/uploads\/LOOP-KING-LACES.1.1-01-LOGO-HI-RES-OFFICIAL-1.png","width":128,"height":91,"caption":"Loop King Laces"},"image":{"@id":"https:\/\/www.loopkinglaces.com\/es\/#\/schema\/logo\/image\/"},"sameAs":["https:\/\/www.facebook.com\/LoopKingLaces\/","https:\/\/x.com\/loopkinglaces","https:\/\/www.instagram.com\/loopkinglaces\/"]}]}},"_links":{"self":[{"href":"https:\/\/www.loopkinglaces.com\/es\/wp-json\/wp\/v2\/product\/68846","targetHints":{"allow":["GET"]}}],"collection":[{"href":"https:\/\/www.loopkinglaces.com\/es\/wp-json\/wp\/v2\/product"}],"about":[{"href":"https:\/\/www.loopkinglaces.com\/es\/wp-json\/wp\/v2\/types\/product"}],"replies":[{"embeddable":true,"href":"https:\/\/www.loopkinglaces.com\/es\/wp-json\/wp\/v2\/comments?post=68846"}],"wp:featuredmedia":[{"embeddable":true,"href":"https:\/\/www.loopkinglaces.com\/es\/wp-json\/wp\/v2\/media\/68862"}],"wp:attachment":[{"href":"https:\/\/www.loopkinglaces.com\/es\/wp-json\/wp\/v2\/media?parent=68846"}],"wp:term":[{"taxonomy":"product_brand","embeddable":true,"href":"https:\/\/www.loopkinglaces.com\/es\/wp-json\/wp\/v2\/product_brand?post=68846"},{"taxonomy":"product_cat","embeddable":true,"href":"https:\/\/www.loopkinglaces.com\/es\/wp-json\/wp\/v2\/product_cat?post=68846"},{"taxonomy":"product_tag","embeddable":true,"href":"https:\/\/www.loopkinglaces.com\/es\/wp-json\/wp\/v2\/product_tag?post=68846"},{"taxonomy":"woo-feed-brand","embeddable":true,"href":"https:\/\/www.loopkinglaces.com\/es\/wp-json\/wp\/v2\/woo-feed-brand?post=68846"}],"curies":[{"name":"wp","href":"https:\/\/api.w.org\/{rel}","templated":true}]}}