{"id":68668,"date":"2023-12-07T16:37:54","date_gmt":"2023-12-07T16:37:54","guid":{"rendered":"https:\/\/www.loopkinglaces.com\/products\/cordones-de-lujo-de-cuero-burdeos-con-puntas-doradas\/"},"modified":"2023-12-07T16:37:54","modified_gmt":"2023-12-07T16:37:54","slug":"cordones-de-lujo-de-cuero-burdeos-con-puntas-doradas","status":"publish","type":"product","link":"https:\/\/www.loopkinglaces.com\/es\/products\/cordones-de-lujo-de-cuero-burdeos-con-puntas-doradas\/","title":{"rendered":"Cordones de lujo de cuero burdeos con puntas doradas"},"content":{"rendered":"<h3><a href=\"https:\/\/www.loopkinglaces.com\/\">Cordones de lujo para zapatillas<\/a><\/h3>\n<p>  Los cordones planos y gruesos tienen un aspecto intr\u00ednsecamente exclusivo y costoso, un concepto plenamente adoptado por Loop King en nuestros cordones de cuero.<br \/>\nEstos cordones tienen un grosor considerable, que acent\u00faa la exquisita piel utilizada en su fabricaci\u00f3n.<br \/>\nEn Loop King, la calidad no es s\u00f3lo una palabra, sino una pr\u00e1ctica, evidente en nuestra elecci\u00f3n de materiales de alta calidad.<br \/>\nNuestros cordones est\u00e1n hechos para durar, y a menudo superan a otras marcas hasta 3 veces en longevidad.<br \/>\nPara minimizar las sustituciones de cordones, recurre a los cordones de cuero Loop King.    <\/p>\n","protected":false},"excerpt":{"rendered":"<p>Cordones <strong>de lujo de cuero burdeos con puntas doradas<\/strong> Es un hecho ampliamente reconocido que los cordones m\u00e1s gruesos y planos dan un aspecto m\u00e1s sofisticado y costoso.<br \/>\nCuero de Loop King El encanto visual de unos cordones anchos y sustanciosos es innegable, y a menudo se asocia con un aspecto de gama alta.<br \/>\nLos cordones de cuero de Loop King son el ep\u00edtome de esto, con un grosor generoso que realza el cuero de primera calidad.<br \/>\nNuestra dedicaci\u00f3n a la calidad es implacable, y se refleja en nuestra selecci\u00f3n de materiales superiores.<br \/>\nEstos cordones no s\u00f3lo son est\u00e9ticamente agradables, sino tambi\u00e9n notablemente duraderos, superando a menudo a otras marcas en durabilidad hasta tres veces.<br \/>\nPara una elegancia duradera, elige los cordones de cuero Loop King.<br \/>\nLas caracter\u00edsticas principales son:        <\/p>\n<ul>\n<li>6 mm de ancho (plano)<\/li>\n<li>Cuero fino<\/li>\n<li>Puntas de agleta doradas en relieve con el nombre Loop King<\/li>\n<li>Se adapta a la mayor\u00eda de las principales marcas de calzado (Nike, Adidas, Reebok, Vans, Converse, etc.)<\/li>\n<li>Durar\u00e1 m\u00e1s que otras marcas de cordones 3x<\/li>\n<li>Embalaje Beautiful Loop King por Encaje<\/li>\n<\/ul>\n","protected":false},"featured_media":68689,"comment_status":"open","ping_status":"closed","template":"","meta":{"_acf_changed":false},"product_brand":[],"product_cat":[882,1726,1310,1076,1194,1161,1170,1160,1153,1186,1198,1293,1168,877],"product_tag":[1010,894,1011,896,895,893],"woo-feed-brand":[],"class_list":{"0":"post-68668","1":"product","2":"type-product","3":"status-publish","4":"has-post-thumbnail","6":"product_cat-cordones-de-30-pulgadas-todos-los-cordones-modernos-y-de-alta-calidad","7":"product_cat-cordones-de-ante-un-cambio-de-juego-para-tu-calzado","8":"product_cat-cordones-de-cuerda-premium-calidad-excepcional-y-premium","9":"product_cat-cordones-de-cuero-de-lujo","10":"product_cat-cordones-extralargos-mas-que-una-tendencia-un-estilo-de-vida","11":"product_cat-cordones-nike-air-max-90-cordones-de-moda","12":"product_cat-cordones-nike-blazer-para-un-estilo-superior-y-marcar-tendencia","13":"product_cat-cordones-nike-sb-modernos-y-de-alta-gama","14":"product_cat-cordones-punta-de-oro","15":"product_cat-eleva-tu-experiencia-hoka-no-solo-cordones-sino-declaraciones-en-tonos-neutros","16":"product_cat-encontrar-la-pareja-perfecta-la-revolucion-de-los-cordones-de-72-pulgadas","17":"product_cat-impresionantes-cordones-borgona-que-realzaran-todo-tu-atuendo","18":"product_cat-opciones-de-sustitucion-de-encaje-de-primera-calidad-que-tienen-un-aspecto-estupendo-y-duradero","19":"product_cat-todos-los-cordones","20":"product_tag-calzado","21":"product_tag-cordones","22":"product_tag-cordones-de-cuero","23":"product_tag-negro","24":"product_tag-punta-metalica","25":"product_tag-rey-del-bucle","27":"first","28":"instock","29":"taxable","30":"shipping-taxable","31":"purchasable","32":"product-type-variable"},"acf":[],"yoast_head":"<!-- This site is optimized with the Yoast SEO plugin v27.4 - https:\/\/yoast.com\/product\/yoast-seo-wordpress\/ -->\n<title>Cordones de lujo de cuero burdeos con puntas doradas - De Loop King<\/title>\n<meta name=\"description\" content=\"Nuestros cordones de cuero de lujo son el complemento ideal para zapatillas populares como las Nike Dunks y las Adidas Yeezys. Aportan un toque fresco y exclusivo a cualquier marca.\" \/>\n<meta name=\"robots\" content=\"index, follow, max-snippet:-1, max-image-preview:large, max-video-preview:-1\" \/>\n<link rel=\"canonical\" href=\"https:\/\/www.loopkinglaces.com\/es\/products\/cordones-de-lujo-de-cuero-burdeos-con-puntas-doradas\/\" \/>\n<meta property=\"og:locale\" content=\"es_ES\" \/>\n<meta property=\"og:type\" content=\"article\" \/>\n<meta property=\"og:title\" content=\"Cordones de lujo de cuero burdeos con puntas doradas - De Loop King\" \/>\n<meta property=\"og:description\" content=\"Nuestros cordones de cuero de lujo son el complemento ideal para zapatillas populares como las Nike Dunks y las Adidas Yeezys. Aportan un toque fresco y exclusivo a cualquier marca.\" \/>\n<meta property=\"og:url\" content=\"https:\/\/www.loopkinglaces.com\/es\/products\/cordones-de-lujo-de-cuero-burdeos-con-puntas-doradas\/\" \/>\n<meta property=\"og:site_name\" content=\"Luxury Gold Tip Shoelaces by Loop King Laces\" \/>\n<meta property=\"article:publisher\" content=\"https:\/\/www.facebook.com\/LoopKingLaces\/\" \/>\n<meta property=\"og:image\" content=\"https:\/\/www.loopkinglaces.com\/wp-content\/uploads\/Burgundy-Leather-scaled.jpg\" \/>\n\t<meta property=\"og:image:width\" content=\"2560\" \/>\n\t<meta property=\"og:image:height\" content=\"2560\" \/>\n\t<meta property=\"og:image:type\" content=\"image\/jpeg\" \/>\n<meta name=\"twitter:card\" content=\"summary_large_image\" \/>\n<meta name=\"twitter:site\" content=\"@loopkinglaces\" \/>\n<meta name=\"twitter:label1\" content=\"Tiempo de lectura\" \/>\n\t<meta name=\"twitter:data1\" content=\"1 minuto\" \/>\n<script type=\"application\/ld+json\" class=\"yoast-schema-graph\">{\"@context\":\"https:\\\/\\\/schema.org\",\"@graph\":[{\"@type\":[\"WebPage\",\"ItemPage\"],\"@id\":\"https:\\\/\\\/www.loopkinglaces.com\\\/es\\\/products\\\/cordones-de-lujo-de-cuero-burdeos-con-puntas-doradas\\\/\",\"url\":\"https:\\\/\\\/www.loopkinglaces.com\\\/es\\\/products\\\/cordones-de-lujo-de-cuero-burdeos-con-puntas-doradas\\\/\",\"name\":\"Cordones de lujo de cuero burdeos con puntas doradas - De Loop King\",\"isPartOf\":{\"@id\":\"https:\\\/\\\/www.loopkinglaces.com\\\/es\\\/#website\"},\"primaryImageOfPage\":{\"@id\":\"https:\\\/\\\/www.loopkinglaces.com\\\/es\\\/products\\\/cordones-de-lujo-de-cuero-burdeos-con-puntas-doradas\\\/#primaryimage\"},\"image\":{\"@id\":\"https:\\\/\\\/www.loopkinglaces.com\\\/es\\\/products\\\/cordones-de-lujo-de-cuero-burdeos-con-puntas-doradas\\\/#primaryimage\"},\"thumbnailUrl\":\"https:\\\/\\\/www.loopkinglaces.com\\\/wp-content\\\/uploads\\\/Burgundy-Leather-scaled.jpg\",\"datePublished\":\"2023-12-07T16:37:54+00:00\",\"description\":\"Nuestros cordones de cuero de lujo son el complemento ideal para zapatillas populares como las Nike Dunks y las Adidas Yeezys. Aportan un toque fresco y exclusivo a cualquier marca.\",\"breadcrumb\":{\"@id\":\"https:\\\/\\\/www.loopkinglaces.com\\\/es\\\/products\\\/cordones-de-lujo-de-cuero-burdeos-con-puntas-doradas\\\/#breadcrumb\"},\"inLanguage\":\"es\",\"potentialAction\":[{\"@type\":\"ReadAction\",\"target\":[\"https:\\\/\\\/www.loopkinglaces.com\\\/es\\\/products\\\/cordones-de-lujo-de-cuero-burdeos-con-puntas-doradas\\\/\"]}]},{\"@type\":\"ImageObject\",\"inLanguage\":\"es\",\"@id\":\"https:\\\/\\\/www.loopkinglaces.com\\\/es\\\/products\\\/cordones-de-lujo-de-cuero-burdeos-con-puntas-doradas\\\/#primaryimage\",\"url\":\"https:\\\/\\\/www.loopkinglaces.com\\\/wp-content\\\/uploads\\\/Burgundy-Leather-scaled.jpg\",\"contentUrl\":\"https:\\\/\\\/www.loopkinglaces.com\\\/wp-content\\\/uploads\\\/Burgundy-Leather-scaled.jpg\",\"width\":2560,\"height\":2560},{\"@type\":\"BreadcrumbList\",\"@id\":\"https:\\\/\\\/www.loopkinglaces.com\\\/es\\\/products\\\/cordones-de-lujo-de-cuero-burdeos-con-puntas-doradas\\\/#breadcrumb\",\"itemListElement\":[{\"@type\":\"ListItem\",\"position\":1,\"name\":\"Home\",\"item\":\"https:\\\/\\\/www.loopkinglaces.com\\\/es\\\/\"},{\"@type\":\"ListItem\",\"position\":2,\"name\":\"COMPRAR LACAS\",\"item\":\"https:\\\/\\\/www.loopkinglaces.com\\\/es\\\/comprar-lacas\\\/\"},{\"@type\":\"ListItem\",\"position\":3,\"name\":\"Cordones de lujo de cuero burdeos con puntas doradas\"}]},{\"@type\":\"WebSite\",\"@id\":\"https:\\\/\\\/www.loopkinglaces.com\\\/es\\\/#website\",\"url\":\"https:\\\/\\\/www.loopkinglaces.com\\\/es\\\/\",\"name\":\"Luxury Gold Tip Shoelaces by Loop King Laces\",\"description\":\"Rope Laces, Flat Waxed Laces and Leather Laces. All With Gold Tips.\",\"publisher\":{\"@id\":\"https:\\\/\\\/www.loopkinglaces.com\\\/es\\\/#organization\"},\"potentialAction\":[{\"@type\":\"SearchAction\",\"target\":{\"@type\":\"EntryPoint\",\"urlTemplate\":\"https:\\\/\\\/www.loopkinglaces.com\\\/es\\\/?s={search_term_string}\"},\"query-input\":{\"@type\":\"PropertyValueSpecification\",\"valueRequired\":true,\"valueName\":\"search_term_string\"}}],\"inLanguage\":\"es\"},{\"@type\":\"Organization\",\"@id\":\"https:\\\/\\\/www.loopkinglaces.com\\\/es\\\/#organization\",\"name\":\"Loop King Laces\",\"url\":\"https:\\\/\\\/www.loopkinglaces.com\\\/es\\\/\",\"logo\":{\"@type\":\"ImageObject\",\"inLanguage\":\"es\",\"@id\":\"https:\\\/\\\/www.loopkinglaces.com\\\/es\\\/#\\\/schema\\\/logo\\\/image\\\/\",\"url\":\"https:\\\/\\\/www.loopkinglaces.com\\\/wp-content\\\/uploads\\\/LOOP-KING-LACES.1.1-01-LOGO-HI-RES-OFFICIAL-1.png\",\"contentUrl\":\"https:\\\/\\\/www.loopkinglaces.com\\\/wp-content\\\/uploads\\\/LOOP-KING-LACES.1.1-01-LOGO-HI-RES-OFFICIAL-1.png\",\"width\":128,\"height\":91,\"caption\":\"Loop King Laces\"},\"image\":{\"@id\":\"https:\\\/\\\/www.loopkinglaces.com\\\/es\\\/#\\\/schema\\\/logo\\\/image\\\/\"},\"sameAs\":[\"https:\\\/\\\/www.facebook.com\\\/LoopKingLaces\\\/\",\"https:\\\/\\\/x.com\\\/loopkinglaces\",\"https:\\\/\\\/www.instagram.com\\\/loopkinglaces\\\/\"]}]}<\/script>\n<!-- \/ Yoast SEO plugin. -->","yoast_head_json":{"title":"Cordones de lujo de cuero burdeos con puntas doradas - De Loop King","description":"Nuestros cordones de cuero de lujo son el complemento ideal para zapatillas populares como las Nike Dunks y las Adidas Yeezys. Aportan un toque fresco y exclusivo a cualquier marca.","robots":{"index":"index","follow":"follow","max-snippet":"max-snippet:-1","max-image-preview":"max-image-preview:large","max-video-preview":"max-video-preview:-1"},"canonical":"https:\/\/www.loopkinglaces.com\/es\/products\/cordones-de-lujo-de-cuero-burdeos-con-puntas-doradas\/","og_locale":"es_ES","og_type":"article","og_title":"Cordones de lujo de cuero burdeos con puntas doradas - De Loop King","og_description":"Nuestros cordones de cuero de lujo son el complemento ideal para zapatillas populares como las Nike Dunks y las Adidas Yeezys. Aportan un toque fresco y exclusivo a cualquier marca.","og_url":"https:\/\/www.loopkinglaces.com\/es\/products\/cordones-de-lujo-de-cuero-burdeos-con-puntas-doradas\/","og_site_name":"Luxury Gold Tip Shoelaces by Loop King Laces","article_publisher":"https:\/\/www.facebook.com\/LoopKingLaces\/","og_image":[{"width":2560,"height":2560,"url":"https:\/\/www.loopkinglaces.com\/wp-content\/uploads\/Burgundy-Leather-scaled.jpg","type":"image\/jpeg"}],"twitter_card":"summary_large_image","twitter_site":"@loopkinglaces","twitter_misc":{"Tiempo de lectura":"1 minuto"},"schema":{"@context":"https:\/\/schema.org","@graph":[{"@type":["WebPage","ItemPage"],"@id":"https:\/\/www.loopkinglaces.com\/es\/products\/cordones-de-lujo-de-cuero-burdeos-con-puntas-doradas\/","url":"https:\/\/www.loopkinglaces.com\/es\/products\/cordones-de-lujo-de-cuero-burdeos-con-puntas-doradas\/","name":"Cordones de lujo de cuero burdeos con puntas doradas - De Loop King","isPartOf":{"@id":"https:\/\/www.loopkinglaces.com\/es\/#website"},"primaryImageOfPage":{"@id":"https:\/\/www.loopkinglaces.com\/es\/products\/cordones-de-lujo-de-cuero-burdeos-con-puntas-doradas\/#primaryimage"},"image":{"@id":"https:\/\/www.loopkinglaces.com\/es\/products\/cordones-de-lujo-de-cuero-burdeos-con-puntas-doradas\/#primaryimage"},"thumbnailUrl":"https:\/\/www.loopkinglaces.com\/wp-content\/uploads\/Burgundy-Leather-scaled.jpg","datePublished":"2023-12-07T16:37:54+00:00","description":"Nuestros cordones de cuero de lujo son el complemento ideal para zapatillas populares como las Nike Dunks y las Adidas Yeezys. Aportan un toque fresco y exclusivo a cualquier marca.","breadcrumb":{"@id":"https:\/\/www.loopkinglaces.com\/es\/products\/cordones-de-lujo-de-cuero-burdeos-con-puntas-doradas\/#breadcrumb"},"inLanguage":"es","potentialAction":[{"@type":"ReadAction","target":["https:\/\/www.loopkinglaces.com\/es\/products\/cordones-de-lujo-de-cuero-burdeos-con-puntas-doradas\/"]}]},{"@type":"ImageObject","inLanguage":"es","@id":"https:\/\/www.loopkinglaces.com\/es\/products\/cordones-de-lujo-de-cuero-burdeos-con-puntas-doradas\/#primaryimage","url":"https:\/\/www.loopkinglaces.com\/wp-content\/uploads\/Burgundy-Leather-scaled.jpg","contentUrl":"https:\/\/www.loopkinglaces.com\/wp-content\/uploads\/Burgundy-Leather-scaled.jpg","width":2560,"height":2560},{"@type":"BreadcrumbList","@id":"https:\/\/www.loopkinglaces.com\/es\/products\/cordones-de-lujo-de-cuero-burdeos-con-puntas-doradas\/#breadcrumb","itemListElement":[{"@type":"ListItem","position":1,"name":"Home","item":"https:\/\/www.loopkinglaces.com\/es\/"},{"@type":"ListItem","position":2,"name":"COMPRAR LACAS","item":"https:\/\/www.loopkinglaces.com\/es\/comprar-lacas\/"},{"@type":"ListItem","position":3,"name":"Cordones de lujo de cuero burdeos con puntas doradas"}]},{"@type":"WebSite","@id":"https:\/\/www.loopkinglaces.com\/es\/#website","url":"https:\/\/www.loopkinglaces.com\/es\/","name":"Luxury Gold Tip Shoelaces by Loop King Laces","description":"Rope Laces, Flat Waxed Laces and Leather Laces. All With Gold Tips.","publisher":{"@id":"https:\/\/www.loopkinglaces.com\/es\/#organization"},"potentialAction":[{"@type":"SearchAction","target":{"@type":"EntryPoint","urlTemplate":"https:\/\/www.loopkinglaces.com\/es\/?s={search_term_string}"},"query-input":{"@type":"PropertyValueSpecification","valueRequired":true,"valueName":"search_term_string"}}],"inLanguage":"es"},{"@type":"Organization","@id":"https:\/\/www.loopkinglaces.com\/es\/#organization","name":"Loop King Laces","url":"https:\/\/www.loopkinglaces.com\/es\/","logo":{"@type":"ImageObject","inLanguage":"es","@id":"https:\/\/www.loopkinglaces.com\/es\/#\/schema\/logo\/image\/","url":"https:\/\/www.loopkinglaces.com\/wp-content\/uploads\/LOOP-KING-LACES.1.1-01-LOGO-HI-RES-OFFICIAL-1.png","contentUrl":"https:\/\/www.loopkinglaces.com\/wp-content\/uploads\/LOOP-KING-LACES.1.1-01-LOGO-HI-RES-OFFICIAL-1.png","width":128,"height":91,"caption":"Loop King Laces"},"image":{"@id":"https:\/\/www.loopkinglaces.com\/es\/#\/schema\/logo\/image\/"},"sameAs":["https:\/\/www.facebook.com\/LoopKingLaces\/","https:\/\/x.com\/loopkinglaces","https:\/\/www.instagram.com\/loopkinglaces\/"]}]}},"_links":{"self":[{"href":"https:\/\/www.loopkinglaces.com\/es\/wp-json\/wp\/v2\/product\/68668","targetHints":{"allow":["GET"]}}],"collection":[{"href":"https:\/\/www.loopkinglaces.com\/es\/wp-json\/wp\/v2\/product"}],"about":[{"href":"https:\/\/www.loopkinglaces.com\/es\/wp-json\/wp\/v2\/types\/product"}],"replies":[{"embeddable":true,"href":"https:\/\/www.loopkinglaces.com\/es\/wp-json\/wp\/v2\/comments?post=68668"}],"wp:featuredmedia":[{"embeddable":true,"href":"https:\/\/www.loopkinglaces.com\/es\/wp-json\/wp\/v2\/media\/68689"}],"wp:attachment":[{"href":"https:\/\/www.loopkinglaces.com\/es\/wp-json\/wp\/v2\/media?parent=68668"}],"wp:term":[{"taxonomy":"product_brand","embeddable":true,"href":"https:\/\/www.loopkinglaces.com\/es\/wp-json\/wp\/v2\/product_brand?post=68668"},{"taxonomy":"product_cat","embeddable":true,"href":"https:\/\/www.loopkinglaces.com\/es\/wp-json\/wp\/v2\/product_cat?post=68668"},{"taxonomy":"product_tag","embeddable":true,"href":"https:\/\/www.loopkinglaces.com\/es\/wp-json\/wp\/v2\/product_tag?post=68668"},{"taxonomy":"woo-feed-brand","embeddable":true,"href":"https:\/\/www.loopkinglaces.com\/es\/wp-json\/wp\/v2\/woo-feed-brand?post=68668"}],"curies":[{"name":"wp","href":"https:\/\/api.w.org\/{rel}","templated":true}]}}