{"id":67962,"date":"2023-12-08T19:07:06","date_gmt":"2023-12-08T19:07:06","guid":{"rendered":"https:\/\/www.loopkinglaces.com\/products\/cordones-de-cuerda-fina-gris-claro-con-puntas-transparentes\/"},"modified":"2023-12-08T19:07:06","modified_gmt":"2023-12-08T19:07:06","slug":"cordones-de-cuerda-fina-gris-claro-con-puntas-transparentes","status":"publish","type":"product","link":"https:\/\/www.loopkinglaces.com\/es\/products\/cordones-de-cuerda-fina-gris-claro-con-puntas-transparentes\/","title":{"rendered":"Cordones de cuerda fina gris claro con puntas transparentes"},"content":{"rendered":"<h3><a href=\"https:\/\/www.loopkinglaces.com\/\">Cordones de lujo para zapatillas<\/a><\/h3>\n<p>  Revoluciona el estilo de tu calzado con los Cordones Loop King.<br \/>\nNuestros cordones de cuerda fina, equipados con duraderas puntas de pl\u00e1stico transparente, est\u00e1n fabricados con materiales de primera calidad.<br \/>\nCon una vida \u00fatil tres veces superior a la de los cordones est\u00e1ndar, a continuaci\u00f3n se detallan todas sus caracter\u00edsticas.<br \/>\nNuestros cordones se adaptan a todo tipo de zapatillas y marcas, como Adidas, Nike, VANS, etc. Visita nuestra <a href=\"\/shoelace-size-chart\/\">Gu\u00eda de tallas<\/a>, donde podr\u00e1s encontrar la talla perfecta de cordones para tus zapatillas.     &nbsp;<\/p>\n","protected":false},"excerpt":{"rendered":"<p>Cordones de <strong>cuerda fina gris claro con puntas transpar<\/strong> entes Ampl\u00eda el encanto de tu calzado con los cordones Loop King.<br \/>\nLos Cordones de Cuerda Fina, con puntas de pl\u00e1stico transparente, est\u00e1n fabricados con los mejores materiales para un uso duradero.<br \/>\nPrometen una vida \u00fatil tres veces superior a la de los cordones normales.<br \/>\nExplora sus variadas caracter\u00edsticas a continuaci\u00f3n:     <\/p>\n<ul>\n<li>De 2,5 a 3 mm de ancho (Redonda)<\/li>\n<li>Materiales de primera calidad<\/li>\n<li>Duran <strong>3 veces m\u00e1s<\/strong> que los cordones normales<\/li>\n<li>Puntas de pl\u00e1stico transparente de alta calidad<\/li>\n<li>100% Algod\u00f3n de fibras largas<\/li>\n<li>Embalaje Beautiful Loop King por Encaje<\/li>\n<\/ul>\n","protected":false},"featured_media":67974,"comment_status":"open","ping_status":"closed","template":"","meta":{"_acf_changed":false},"product_brand":[],"product_cat":[882,878,890,888,1178,889,1205,1723,1335,898,1089,877],"product_tag":[894,897,899,900,896,895,893],"woo-feed-brand":[],"class_list":{"0":"post-67962","1":"product","2":"type-product","3":"status-publish","4":"has-post-thumbnail","6":"product_cat-cordones-de-30-pulgadas-todos-los-cordones-modernos-y-de-alta-calidad","7":"product_cat-cordones-de-futbol-premium-duraderos-y-elegantes","8":"product_cat-cordones-de-golf-elegantes-y-duraderos-para-brillar-en-el-campo","9":"product_cat-cordones-de-zapatos-de-vestir-elegantes-para-salir-por-la-ciudad-con-estilo","10":"product_cat-cordones-de-zapatos-prada-que-anaden-aun-mas-ritz-y-glamour","11":"product_cat-cordones-finos-un-pequeno-giro-a-tu-look-clasico","12":"product_cat-cordones-para-botas-de-63-pulgadas-haz-el-nudo-con-estilo","13":"product_cat-cordones-para-zapatillas-new-balance-actualiza-tu-look","14":"product_cat-cordones-para-zapatos-de-vestir-de-hombre-que-son-superiores-a-los-originales","15":"product_cat-descubre-la-elegancia-de-los-cordones-de-cuerda-fina-con-puntas-de-plastico-transparente-duraderas","16":"product_cat-la-magia-de-los-cordones-salomon-y-los-cordones-de-repuesto-sin-ataduras-loop-king","17":"product_cat-todos-los-cordones","18":"product_tag-cordones","19":"product_tag-cordones-de-cuerda","20":"product_tag-cordones-punta-de-oro","21":"product_tag-gris","22":"product_tag-negro","23":"product_tag-punta-metalica","24":"product_tag-rey-del-bucle","26":"first","27":"instock","28":"taxable","29":"shipping-taxable","30":"purchasable","31":"product-type-variable"},"acf":[],"yoast_head":"<!-- This site is optimized with the Yoast SEO plugin v27.4 - https:\/\/yoast.com\/product\/yoast-seo-wordpress\/ -->\n<title>Cordones de cuerda fina gris claro con puntas transparentes - De Loop King<\/title>\n<meta name=\"description\" content=\"Cordones de cuerda fina gris claro Loop King&#039;s: Donde la durabilidad se une al estilo. Puntas transparentes, dise\u00f1o vers\u00e1til, perfectos para el uso diario. \u00a1Actualiza tus zapatos ahora!\" \/>\n<meta name=\"robots\" content=\"index, follow, max-snippet:-1, max-image-preview:large, max-video-preview:-1\" \/>\n<link rel=\"canonical\" href=\"https:\/\/www.loopkinglaces.com\/es\/products\/cordones-de-cuerda-fina-gris-claro-con-puntas-transparentes\/\" \/>\n<meta property=\"og:locale\" content=\"es_ES\" \/>\n<meta property=\"og:type\" content=\"article\" \/>\n<meta property=\"og:title\" content=\"Cordones de cuerda fina gris claro con puntas transparentes - De Loop King\" \/>\n<meta property=\"og:description\" content=\"Cordones de cuerda fina gris claro Loop King&#039;s: Donde la durabilidad se une al estilo. Puntas transparentes, dise\u00f1o vers\u00e1til, perfectos para el uso diario. \u00a1Actualiza tus zapatos ahora!\" \/>\n<meta property=\"og:url\" content=\"https:\/\/www.loopkinglaces.com\/es\/products\/cordones-de-cuerda-fina-gris-claro-con-puntas-transparentes\/\" \/>\n<meta property=\"og:site_name\" content=\"Luxury Gold Tip Shoelaces by Loop King Laces\" \/>\n<meta property=\"article:publisher\" content=\"https:\/\/www.facebook.com\/LoopKingLaces\/\" \/>\n<meta property=\"og:image\" content=\"https:\/\/www.loopkinglaces.com\/wp-content\/uploads\/Light-Grey-Thin-Rope-800x800.jpg\" \/>\n\t<meta property=\"og:image:width\" content=\"800\" \/>\n\t<meta property=\"og:image:height\" content=\"800\" \/>\n\t<meta property=\"og:image:type\" content=\"image\/jpeg\" \/>\n<meta name=\"twitter:card\" content=\"summary_large_image\" \/>\n<meta name=\"twitter:site\" content=\"@loopkinglaces\" \/>\n<script type=\"application\/ld+json\" class=\"yoast-schema-graph\">{\"@context\":\"https:\\\/\\\/schema.org\",\"@graph\":[{\"@type\":[\"WebPage\",\"ItemPage\"],\"@id\":\"https:\\\/\\\/www.loopkinglaces.com\\\/es\\\/products\\\/cordones-de-cuerda-fina-gris-claro-con-puntas-transparentes\\\/\",\"url\":\"https:\\\/\\\/www.loopkinglaces.com\\\/es\\\/products\\\/cordones-de-cuerda-fina-gris-claro-con-puntas-transparentes\\\/\",\"name\":\"Cordones de cuerda fina gris claro con puntas transparentes - De Loop King\",\"isPartOf\":{\"@id\":\"https:\\\/\\\/www.loopkinglaces.com\\\/es\\\/#website\"},\"primaryImageOfPage\":{\"@id\":\"https:\\\/\\\/www.loopkinglaces.com\\\/es\\\/products\\\/cordones-de-cuerda-fina-gris-claro-con-puntas-transparentes\\\/#primaryimage\"},\"image\":{\"@id\":\"https:\\\/\\\/www.loopkinglaces.com\\\/es\\\/products\\\/cordones-de-cuerda-fina-gris-claro-con-puntas-transparentes\\\/#primaryimage\"},\"thumbnailUrl\":\"https:\\\/\\\/www.loopkinglaces.com\\\/wp-content\\\/uploads\\\/Light-Grey-Thin-Rope.jpg\",\"datePublished\":\"2023-12-08T19:07:06+00:00\",\"description\":\"Cordones de cuerda fina gris claro Loop King's: Donde la durabilidad se une al estilo. Puntas transparentes, dise\u00f1o vers\u00e1til, perfectos para el uso diario. \u00a1Actualiza tus zapatos ahora!\",\"breadcrumb\":{\"@id\":\"https:\\\/\\\/www.loopkinglaces.com\\\/es\\\/products\\\/cordones-de-cuerda-fina-gris-claro-con-puntas-transparentes\\\/#breadcrumb\"},\"inLanguage\":\"es\",\"potentialAction\":[{\"@type\":\"ReadAction\",\"target\":[\"https:\\\/\\\/www.loopkinglaces.com\\\/es\\\/products\\\/cordones-de-cuerda-fina-gris-claro-con-puntas-transparentes\\\/\"]}]},{\"@type\":\"ImageObject\",\"inLanguage\":\"es\",\"@id\":\"https:\\\/\\\/www.loopkinglaces.com\\\/es\\\/products\\\/cordones-de-cuerda-fina-gris-claro-con-puntas-transparentes\\\/#primaryimage\",\"url\":\"https:\\\/\\\/www.loopkinglaces.com\\\/wp-content\\\/uploads\\\/Light-Grey-Thin-Rope.jpg\",\"contentUrl\":\"https:\\\/\\\/www.loopkinglaces.com\\\/wp-content\\\/uploads\\\/Light-Grey-Thin-Rope.jpg\",\"width\":2456,\"height\":2455},{\"@type\":\"BreadcrumbList\",\"@id\":\"https:\\\/\\\/www.loopkinglaces.com\\\/es\\\/products\\\/cordones-de-cuerda-fina-gris-claro-con-puntas-transparentes\\\/#breadcrumb\",\"itemListElement\":[{\"@type\":\"ListItem\",\"position\":1,\"name\":\"Home\",\"item\":\"https:\\\/\\\/www.loopkinglaces.com\\\/es\\\/\"},{\"@type\":\"ListItem\",\"position\":2,\"name\":\"COMPRAR LACAS\",\"item\":\"https:\\\/\\\/www.loopkinglaces.com\\\/es\\\/comprar-lacas\\\/\"},{\"@type\":\"ListItem\",\"position\":3,\"name\":\"Cordones de cuerda fina gris claro con puntas transparentes\"}]},{\"@type\":\"WebSite\",\"@id\":\"https:\\\/\\\/www.loopkinglaces.com\\\/es\\\/#website\",\"url\":\"https:\\\/\\\/www.loopkinglaces.com\\\/es\\\/\",\"name\":\"Luxury Gold Tip Shoelaces by Loop King Laces\",\"description\":\"Rope Laces, Flat Waxed Laces and Leather Laces. All With Gold Tips.\",\"publisher\":{\"@id\":\"https:\\\/\\\/www.loopkinglaces.com\\\/es\\\/#organization\"},\"potentialAction\":[{\"@type\":\"SearchAction\",\"target\":{\"@type\":\"EntryPoint\",\"urlTemplate\":\"https:\\\/\\\/www.loopkinglaces.com\\\/es\\\/?s={search_term_string}\"},\"query-input\":{\"@type\":\"PropertyValueSpecification\",\"valueRequired\":true,\"valueName\":\"search_term_string\"}}],\"inLanguage\":\"es\"},{\"@type\":\"Organization\",\"@id\":\"https:\\\/\\\/www.loopkinglaces.com\\\/es\\\/#organization\",\"name\":\"Loop King Laces\",\"url\":\"https:\\\/\\\/www.loopkinglaces.com\\\/es\\\/\",\"logo\":{\"@type\":\"ImageObject\",\"inLanguage\":\"es\",\"@id\":\"https:\\\/\\\/www.loopkinglaces.com\\\/es\\\/#\\\/schema\\\/logo\\\/image\\\/\",\"url\":\"https:\\\/\\\/www.loopkinglaces.com\\\/wp-content\\\/uploads\\\/LOOP-KING-LACES.1.1-01-LOGO-HI-RES-OFFICIAL-1.png\",\"contentUrl\":\"https:\\\/\\\/www.loopkinglaces.com\\\/wp-content\\\/uploads\\\/LOOP-KING-LACES.1.1-01-LOGO-HI-RES-OFFICIAL-1.png\",\"width\":128,\"height\":91,\"caption\":\"Loop King Laces\"},\"image\":{\"@id\":\"https:\\\/\\\/www.loopkinglaces.com\\\/es\\\/#\\\/schema\\\/logo\\\/image\\\/\"},\"sameAs\":[\"https:\\\/\\\/www.facebook.com\\\/LoopKingLaces\\\/\",\"https:\\\/\\\/x.com\\\/loopkinglaces\",\"https:\\\/\\\/www.instagram.com\\\/loopkinglaces\\\/\"]}]}<\/script>\n<!-- \/ Yoast SEO plugin. -->","yoast_head_json":{"title":"Cordones de cuerda fina gris claro con puntas transparentes - De Loop King","description":"Cordones de cuerda fina gris claro Loop King's: Donde la durabilidad se une al estilo. Puntas transparentes, dise\u00f1o vers\u00e1til, perfectos para el uso diario. \u00a1Actualiza tus zapatos ahora!","robots":{"index":"index","follow":"follow","max-snippet":"max-snippet:-1","max-image-preview":"max-image-preview:large","max-video-preview":"max-video-preview:-1"},"canonical":"https:\/\/www.loopkinglaces.com\/es\/products\/cordones-de-cuerda-fina-gris-claro-con-puntas-transparentes\/","og_locale":"es_ES","og_type":"article","og_title":"Cordones de cuerda fina gris claro con puntas transparentes - De Loop King","og_description":"Cordones de cuerda fina gris claro Loop King's: Donde la durabilidad se une al estilo. Puntas transparentes, dise\u00f1o vers\u00e1til, perfectos para el uso diario. \u00a1Actualiza tus zapatos ahora!","og_url":"https:\/\/www.loopkinglaces.com\/es\/products\/cordones-de-cuerda-fina-gris-claro-con-puntas-transparentes\/","og_site_name":"Luxury Gold Tip Shoelaces by Loop King Laces","article_publisher":"https:\/\/www.facebook.com\/LoopKingLaces\/","og_image":[{"width":800,"height":800,"url":"https:\/\/www.loopkinglaces.com\/wp-content\/uploads\/Light-Grey-Thin-Rope-800x800.jpg","type":"image\/jpeg"}],"twitter_card":"summary_large_image","twitter_site":"@loopkinglaces","schema":{"@context":"https:\/\/schema.org","@graph":[{"@type":["WebPage","ItemPage"],"@id":"https:\/\/www.loopkinglaces.com\/es\/products\/cordones-de-cuerda-fina-gris-claro-con-puntas-transparentes\/","url":"https:\/\/www.loopkinglaces.com\/es\/products\/cordones-de-cuerda-fina-gris-claro-con-puntas-transparentes\/","name":"Cordones de cuerda fina gris claro con puntas transparentes - De Loop King","isPartOf":{"@id":"https:\/\/www.loopkinglaces.com\/es\/#website"},"primaryImageOfPage":{"@id":"https:\/\/www.loopkinglaces.com\/es\/products\/cordones-de-cuerda-fina-gris-claro-con-puntas-transparentes\/#primaryimage"},"image":{"@id":"https:\/\/www.loopkinglaces.com\/es\/products\/cordones-de-cuerda-fina-gris-claro-con-puntas-transparentes\/#primaryimage"},"thumbnailUrl":"https:\/\/www.loopkinglaces.com\/wp-content\/uploads\/Light-Grey-Thin-Rope.jpg","datePublished":"2023-12-08T19:07:06+00:00","description":"Cordones de cuerda fina gris claro Loop King's: Donde la durabilidad se une al estilo. Puntas transparentes, dise\u00f1o vers\u00e1til, perfectos para el uso diario. \u00a1Actualiza tus zapatos ahora!","breadcrumb":{"@id":"https:\/\/www.loopkinglaces.com\/es\/products\/cordones-de-cuerda-fina-gris-claro-con-puntas-transparentes\/#breadcrumb"},"inLanguage":"es","potentialAction":[{"@type":"ReadAction","target":["https:\/\/www.loopkinglaces.com\/es\/products\/cordones-de-cuerda-fina-gris-claro-con-puntas-transparentes\/"]}]},{"@type":"ImageObject","inLanguage":"es","@id":"https:\/\/www.loopkinglaces.com\/es\/products\/cordones-de-cuerda-fina-gris-claro-con-puntas-transparentes\/#primaryimage","url":"https:\/\/www.loopkinglaces.com\/wp-content\/uploads\/Light-Grey-Thin-Rope.jpg","contentUrl":"https:\/\/www.loopkinglaces.com\/wp-content\/uploads\/Light-Grey-Thin-Rope.jpg","width":2456,"height":2455},{"@type":"BreadcrumbList","@id":"https:\/\/www.loopkinglaces.com\/es\/products\/cordones-de-cuerda-fina-gris-claro-con-puntas-transparentes\/#breadcrumb","itemListElement":[{"@type":"ListItem","position":1,"name":"Home","item":"https:\/\/www.loopkinglaces.com\/es\/"},{"@type":"ListItem","position":2,"name":"COMPRAR LACAS","item":"https:\/\/www.loopkinglaces.com\/es\/comprar-lacas\/"},{"@type":"ListItem","position":3,"name":"Cordones de cuerda fina gris claro con puntas transparentes"}]},{"@type":"WebSite","@id":"https:\/\/www.loopkinglaces.com\/es\/#website","url":"https:\/\/www.loopkinglaces.com\/es\/","name":"Luxury Gold Tip Shoelaces by Loop King Laces","description":"Rope Laces, Flat Waxed Laces and Leather Laces. All With Gold Tips.","publisher":{"@id":"https:\/\/www.loopkinglaces.com\/es\/#organization"},"potentialAction":[{"@type":"SearchAction","target":{"@type":"EntryPoint","urlTemplate":"https:\/\/www.loopkinglaces.com\/es\/?s={search_term_string}"},"query-input":{"@type":"PropertyValueSpecification","valueRequired":true,"valueName":"search_term_string"}}],"inLanguage":"es"},{"@type":"Organization","@id":"https:\/\/www.loopkinglaces.com\/es\/#organization","name":"Loop King Laces","url":"https:\/\/www.loopkinglaces.com\/es\/","logo":{"@type":"ImageObject","inLanguage":"es","@id":"https:\/\/www.loopkinglaces.com\/es\/#\/schema\/logo\/image\/","url":"https:\/\/www.loopkinglaces.com\/wp-content\/uploads\/LOOP-KING-LACES.1.1-01-LOGO-HI-RES-OFFICIAL-1.png","contentUrl":"https:\/\/www.loopkinglaces.com\/wp-content\/uploads\/LOOP-KING-LACES.1.1-01-LOGO-HI-RES-OFFICIAL-1.png","width":128,"height":91,"caption":"Loop King Laces"},"image":{"@id":"https:\/\/www.loopkinglaces.com\/es\/#\/schema\/logo\/image\/"},"sameAs":["https:\/\/www.facebook.com\/LoopKingLaces\/","https:\/\/x.com\/loopkinglaces","https:\/\/www.instagram.com\/loopkinglaces\/"]}]}},"_links":{"self":[{"href":"https:\/\/www.loopkinglaces.com\/es\/wp-json\/wp\/v2\/product\/67962","targetHints":{"allow":["GET"]}}],"collection":[{"href":"https:\/\/www.loopkinglaces.com\/es\/wp-json\/wp\/v2\/product"}],"about":[{"href":"https:\/\/www.loopkinglaces.com\/es\/wp-json\/wp\/v2\/types\/product"}],"replies":[{"embeddable":true,"href":"https:\/\/www.loopkinglaces.com\/es\/wp-json\/wp\/v2\/comments?post=67962"}],"wp:featuredmedia":[{"embeddable":true,"href":"https:\/\/www.loopkinglaces.com\/es\/wp-json\/wp\/v2\/media\/67974"}],"wp:attachment":[{"href":"https:\/\/www.loopkinglaces.com\/es\/wp-json\/wp\/v2\/media?parent=67962"}],"wp:term":[{"taxonomy":"product_brand","embeddable":true,"href":"https:\/\/www.loopkinglaces.com\/es\/wp-json\/wp\/v2\/product_brand?post=67962"},{"taxonomy":"product_cat","embeddable":true,"href":"https:\/\/www.loopkinglaces.com\/es\/wp-json\/wp\/v2\/product_cat?post=67962"},{"taxonomy":"product_tag","embeddable":true,"href":"https:\/\/www.loopkinglaces.com\/es\/wp-json\/wp\/v2\/product_tag?post=67962"},{"taxonomy":"woo-feed-brand","embeddable":true,"href":"https:\/\/www.loopkinglaces.com\/es\/wp-json\/wp\/v2\/woo-feed-brand?post=67962"}],"curies":[{"name":"wp","href":"https:\/\/api.w.org\/{rel}","templated":true}]}}