{"id":78179,"date":"2023-04-30T11:26:00","date_gmt":"2023-04-30T11:26:00","guid":{"rendered":"https:\/\/www.loopkinglaces.com\/cordones-de-zapato-personalizados-que-puedes-modificar-a-tu-antojo\/"},"modified":"2024-11-19T22:53:18","modified_gmt":"2024-11-19T22:53:18","slug":"cordones-de-zapato-personalizados-que-puedes-modificar-a-tu-antojo","status":"publish","type":"page","link":"https:\/\/www.loopkinglaces.com\/es\/cordones-de-zapato-personalizados-que-puedes-modificar-a-tu-antojo\/","title":{"rendered":"Cordones de zapato personalizados que puedes modificar a tu antojo"},"content":{"rendered":"\n  <div class=\"banner has-hover\" id=\"banner-386786931\">\n          <div class=\"banner-inner fill\">\n        <div class=\"banner-bg fill\" >\n            <img decoding=\"async\" width=\"1020\" height=\"292\" src=\"https:\/\/www.loopkinglaces.com\/wp-content\/uploads\/off-white-shoelaces-web-banner-1400x401.jpg\" class=\"bg attachment-large size-large\" alt=\"off white shoelaces banner\" \/>                                    \n                    <\/div>\n\t\t\n        <div class=\"banner-layers container\">\n            <div class=\"fill banner-link\"><\/div>            \n   <div id=\"text-box-112406993\" class=\"text-box banner-layer x50 md-x50 lg-x50 y50 md-y50 lg-y50 res-text\">\n                                <div class=\"text-box-content text dark\">\n              \n              <div class=\"text-inner text-center\">\n                  \n<h3 class=\"uppercase\"><strong>Cordones de zapato personalizados que puedes modificar a tu antojo  <\/strong><\/h3>\n<p>\u00bfAlguna vez has mirado un par de zapatillas y has pensado: &#8220;Y si tuviera cordones personalizados para mis zapatillas&#8221;? Pues est\u00e1s de suerte, porque nos dedicamos a hacer realidad tus sue\u00f1os. \u00bfO tienes un evento ben\u00e9fico, corporativo o escolar pr\u00f3ximamente y buscas una forma de sorprender a tu grupo? Entonces es el momento de replantearte tu enfoque y optar por cordones de zapato personalizados que dise\u00f1es desde cero. \u00bfA qui\u00e9n no le gustan los cordones personalizados? Son la forma perfecta de hacer que tus zapatillas destaquen entre la multitud. <\/p>\n<p>  \u00bfY lo mejor? \u00a1Puedes dise\u00f1arlas exactamente como quieras!<\/p>\n              <\/div>\n           <\/div>\n                            \n<style>\n#text-box-112406993 {\n  width: 60%;\n}\n#text-box-112406993 .text-box-content {\n  font-size: 100%;\n}\n<\/style>\n    <\/div>\n \n        <\/div>\n      <\/div>\n\n            \n<style>\n#banner-386786931 {\n  padding-top: 500px;\n}\n<\/style>\n  <\/div>\n\n\n\t<div id=\"gap-2066550491\" class=\"gap-element clearfix\" style=\"display:block; height:auto;\">\n\t\t\n<style>\n#gap-2066550491 {\n  padding-top: 30px;\n}\n<\/style>\n\t<\/div>\n\t\n\t<div class=\"box has-hover   has-hover box-text-bottom\" >\n\n\t\t<div class=\"box-image\" style=\"width:60%;\">\n\t\t\t\t\t\t<div class=\"\" >\n\t\t\t\t<img decoding=\"async\" width=\"1000\" height=\"940\" src=\"https:\/\/www.loopkinglaces.com\/wp-content\/uploads\/Custom-Laces-LKL.jpg\" class=\"attachment- size-\" alt=\"\" srcset=\"https:\/\/www.loopkinglaces.com\/wp-content\/uploads\/Custom-Laces-LKL.jpg 1000w, https:\/\/www.loopkinglaces.com\/wp-content\/uploads\/Custom-Laces-LKL-510x479.jpg 510w, https:\/\/www.loopkinglaces.com\/wp-content\/uploads\/Custom-Laces-LKL-426x400.jpg 426w, https:\/\/www.loopkinglaces.com\/wp-content\/uploads\/Custom-Laces-LKL-851x800.jpg 851w, https:\/\/www.loopkinglaces.com\/wp-content\/uploads\/Custom-Laces-LKL-768x722.jpg 768w\" sizes=\"(max-width: 1000px) 100vw, 1000px\" \/>\t\t\t\t\t\t\t\t\t\t\t<\/div>\n\t\t\t\t\t<\/div>\n\n\t\t<div class=\"box-text text-center\" >\n\t\t\t<div class=\"box-text-inner\">\n\t\t\t\t\n\t\t\t<\/div>\n\t\t<\/div>\n\t<\/div>\n\t\n<h2><strong>Qu\u00e9 necesitamos para empezar<\/strong><\/h2>\n<p>Sigue estos 3 sencillos pasos para iniciar el proceso:<\/p>\n<ol>\n<li>\n<div>Rellena nuestro <a href=\"https:\/\/forms.gle\/TvCRVHzTULxdfi3b9\" target=\"_blank\" rel=\"noopener\">formulario de pedido<span class=\"il\">personalizado<\/span><\/a>. Es como contarnos tus sue\u00f1os de zapatillas, pero por escrito. Te prometemos que no te llevar\u00e1 m\u00e1s de unos minutos.  <\/div>\n<\/li>\n<li>\n<div>Si\u00e9ntate y rel\u00e1jate. En unos d\u00edas te enviaremos una maqueta de dise\u00f1o adaptada a tus especificaciones. Es como echar un vistazo al futuro, pero mucho mejor.  <\/div>\n<\/li>\n<li>\n<div>Cierra el trato. Una vez que apruebes el dise\u00f1o y la compra, haremos nuestra magia. Recuerda que las cosas buenas llevan su tiempo. Prev\u00e9 entre 4 y 5 semanas para que tus <span class=\"il\">cordones<\/span> <span class=\"il\">personalizados<\/span> cobren vida. Conf\u00eda en nosotros, la espera merece la pena.    <\/div>\n<\/li>\n<\/ol>\n<h2><strong>Nuestros requisitos de pedido y detalles de env\u00edo<\/strong><\/h2>\n<ul>\n<li>200 pares es el m\u00ednimo, pero ofrecemos descuentos en las cantidades de 500, 1.000, 1.500, etc.<\/li>\n<li>Hay una estimaci\u00f3n de entrega de 4-5 semanas desde la fecha en que apruebas los dise\u00f1os y env\u00edas el pago hasta que se entregan los productos en el lugar que desees.<\/li>\n<\/ul>\n<h2><strong>Casi infinitas opciones de cordones para que elijas<\/strong><\/h2>\n<p>Tenemos una gran variedad de materiales de primera calidad entre los que elegir, como cuero fino, terciopelo rico, algod\u00f3n plano, cuerda, estr\u00e1s, brillo en la oscuridad y mucho m\u00e1s. Si el lujo es tu estilo, no esperes m\u00e1s para echar un vistazo a nuestros cordones de cuero fino, pedrer\u00eda y terciopelo con puntas de agleta dorada en relieve. Pero no te detengas ah\u00ed, porque puedes personalizar a\u00fan m\u00e1s tus cordones con nuestros accesorios de alta gama. Tenemos preciosos cierres de cord\u00f3n y dijes de cord\u00f3n que puedes utilizar para a\u00f1adir m\u00e1s personalidad y estilo a tu calzado. Disponemos de varias longitudes, as\u00ed que cuenta el n\u00famero de ojales de tus zapatos y luego consulta nuestra <a href=\"https:\/\/www.loopkinglaces.com\/es\/tabla-de-longitud-de-los-cordones-guia-de-tallas\/\" target=\"_blank\" rel=\"noopener\">gu\u00eda de tallas<\/a>.<\/p>\n","protected":false},"excerpt":{"rendered":"<p>Qu\u00e9 necesitamos para empezar Sigue estos 3 sencillos pasos para iniciar el proceso: Rellena nuestro formulario de pedidopersonalizado. Es como contarnos tus sue\u00f1os de zapatillas, pero por escrito. Te prometemos que no te llevar\u00e1 m\u00e1s de unos minutos. Si\u00e9ntate y rel\u00e1jate. En unos d\u00edas te enviaremos una maqueta de dise\u00f1o adaptada a tus especificaciones. Es&#8230; Read More<\/p>\n","protected":false},"author":1020,"featured_media":0,"parent":0,"menu_order":0,"comment_status":"closed","ping_status":"closed","template":"","meta":{"_acf_changed":false,"footnotes":""},"class_list":["post-78179","page","type-page","status-publish","hentry"],"acf":[],"yoast_head":"<!-- This site is optimized with the Yoast SEO plugin v27.4 - https:\/\/yoast.com\/product\/yoast-seo-wordpress\/ -->\n<title>Exquisitos Cordones de Zapato Personalizados Que Atraer\u00e1n a Cualquier Estilo<\/title>\n<meta name=\"description\" content=\"\u00bfNo encuentras cordones que se adapten a tus gustos? Entonces tienes que echar un vistazo a nuestra amplia selecci\u00f3n de cordones de zapato personalizados con materiales de primera calidad y accesorios destacados.\" \/>\n<meta name=\"robots\" content=\"index, follow, max-snippet:-1, max-image-preview:large, max-video-preview:-1\" \/>\n<link rel=\"canonical\" href=\"https:\/\/www.loopkinglaces.com\/es\/cordones-de-zapato-personalizados-que-puedes-modificar-a-tu-antojo\/\" \/>\n<meta property=\"og:locale\" content=\"es_ES\" \/>\n<meta property=\"og:type\" content=\"article\" \/>\n<meta property=\"og:title\" content=\"Exquisitos Cordones de Zapato Personalizados Que Atraer\u00e1n a Cualquier Estilo\" \/>\n<meta property=\"og:description\" content=\"\u00bfNo encuentras cordones que se adapten a tus gustos? Entonces tienes que echar un vistazo a nuestra amplia selecci\u00f3n de cordones de zapato personalizados con materiales de primera calidad y accesorios destacados.\" \/>\n<meta property=\"og:url\" content=\"https:\/\/www.loopkinglaces.com\/es\/cordones-de-zapato-personalizados-que-puedes-modificar-a-tu-antojo\/\" \/>\n<meta property=\"og:site_name\" content=\"Luxury Gold Tip Shoelaces by Loop King Laces\" \/>\n<meta property=\"article:publisher\" content=\"https:\/\/www.facebook.com\/LoopKingLaces\/\" \/>\n<meta property=\"article:modified_time\" content=\"2024-11-19T22:53:18+00:00\" \/>\n<meta name=\"twitter:card\" content=\"summary_large_image\" \/>\n<meta name=\"twitter:site\" content=\"@loopkinglaces\" \/>\n<meta name=\"twitter:label1\" content=\"Tiempo de lectura\" \/>\n\t<meta name=\"twitter:data1\" content=\"2 minutos\" \/>\n<script type=\"application\/ld+json\" class=\"yoast-schema-graph\">{\"@context\":\"https:\\\/\\\/schema.org\",\"@graph\":[{\"@type\":\"WebPage\",\"@id\":\"https:\\\/\\\/www.loopkinglaces.com\\\/es\\\/cordones-de-zapato-personalizados-que-puedes-modificar-a-tu-antojo\\\/\",\"url\":\"https:\\\/\\\/www.loopkinglaces.com\\\/es\\\/cordones-de-zapato-personalizados-que-puedes-modificar-a-tu-antojo\\\/\",\"name\":\"Exquisitos Cordones de Zapato Personalizados Que Atraer\u00e1n a Cualquier Estilo\",\"isPartOf\":{\"@id\":\"https:\\\/\\\/www.loopkinglaces.com\\\/es\\\/#website\"},\"datePublished\":\"2023-04-30T11:26:00+00:00\",\"dateModified\":\"2024-11-19T22:53:18+00:00\",\"description\":\"\u00bfNo encuentras cordones que se adapten a tus gustos? Entonces tienes que echar un vistazo a nuestra amplia selecci\u00f3n de cordones de zapato personalizados con materiales de primera calidad y accesorios destacados.\",\"breadcrumb\":{\"@id\":\"https:\\\/\\\/www.loopkinglaces.com\\\/es\\\/cordones-de-zapato-personalizados-que-puedes-modificar-a-tu-antojo\\\/#breadcrumb\"},\"inLanguage\":\"es\",\"potentialAction\":[{\"@type\":\"ReadAction\",\"target\":[\"https:\\\/\\\/www.loopkinglaces.com\\\/es\\\/cordones-de-zapato-personalizados-que-puedes-modificar-a-tu-antojo\\\/\"]}]},{\"@type\":\"BreadcrumbList\",\"@id\":\"https:\\\/\\\/www.loopkinglaces.com\\\/es\\\/cordones-de-zapato-personalizados-que-puedes-modificar-a-tu-antojo\\\/#breadcrumb\",\"itemListElement\":[{\"@type\":\"ListItem\",\"position\":1,\"name\":\"Home\",\"item\":\"https:\\\/\\\/www.loopkinglaces.com\\\/es\\\/\"},{\"@type\":\"ListItem\",\"position\":2,\"name\":\"Cordones de zapato personalizados que puedes modificar a tu antojo\"}]},{\"@type\":\"WebSite\",\"@id\":\"https:\\\/\\\/www.loopkinglaces.com\\\/es\\\/#website\",\"url\":\"https:\\\/\\\/www.loopkinglaces.com\\\/es\\\/\",\"name\":\"Luxury Gold Tip Shoelaces by Loop King Laces\",\"description\":\"Rope Laces, Flat Waxed Laces and Leather Laces. All With Gold Tips.\",\"publisher\":{\"@id\":\"https:\\\/\\\/www.loopkinglaces.com\\\/es\\\/#organization\"},\"potentialAction\":[{\"@type\":\"SearchAction\",\"target\":{\"@type\":\"EntryPoint\",\"urlTemplate\":\"https:\\\/\\\/www.loopkinglaces.com\\\/es\\\/?s={search_term_string}\"},\"query-input\":{\"@type\":\"PropertyValueSpecification\",\"valueRequired\":true,\"valueName\":\"search_term_string\"}}],\"inLanguage\":\"es\"},{\"@type\":\"Organization\",\"@id\":\"https:\\\/\\\/www.loopkinglaces.com\\\/es\\\/#organization\",\"name\":\"Loop King Laces\",\"url\":\"https:\\\/\\\/www.loopkinglaces.com\\\/es\\\/\",\"logo\":{\"@type\":\"ImageObject\",\"inLanguage\":\"es\",\"@id\":\"https:\\\/\\\/www.loopkinglaces.com\\\/es\\\/#\\\/schema\\\/logo\\\/image\\\/\",\"url\":\"https:\\\/\\\/www.loopkinglaces.com\\\/wp-content\\\/uploads\\\/LOOP-KING-LACES.1.1-01-LOGO-HI-RES-OFFICIAL-1.png\",\"contentUrl\":\"https:\\\/\\\/www.loopkinglaces.com\\\/wp-content\\\/uploads\\\/LOOP-KING-LACES.1.1-01-LOGO-HI-RES-OFFICIAL-1.png\",\"width\":128,\"height\":91,\"caption\":\"Loop King Laces\"},\"image\":{\"@id\":\"https:\\\/\\\/www.loopkinglaces.com\\\/es\\\/#\\\/schema\\\/logo\\\/image\\\/\"},\"sameAs\":[\"https:\\\/\\\/www.facebook.com\\\/LoopKingLaces\\\/\",\"https:\\\/\\\/x.com\\\/loopkinglaces\",\"https:\\\/\\\/www.instagram.com\\\/loopkinglaces\\\/\"]}]}<\/script>\n<!-- \/ Yoast SEO plugin. -->","yoast_head_json":{"title":"Exquisitos Cordones de Zapato Personalizados Que Atraer\u00e1n a Cualquier Estilo","description":"\u00bfNo encuentras cordones que se adapten a tus gustos? Entonces tienes que echar un vistazo a nuestra amplia selecci\u00f3n de cordones de zapato personalizados con materiales de primera calidad y accesorios destacados.","robots":{"index":"index","follow":"follow","max-snippet":"max-snippet:-1","max-image-preview":"max-image-preview:large","max-video-preview":"max-video-preview:-1"},"canonical":"https:\/\/www.loopkinglaces.com\/es\/cordones-de-zapato-personalizados-que-puedes-modificar-a-tu-antojo\/","og_locale":"es_ES","og_type":"article","og_title":"Exquisitos Cordones de Zapato Personalizados Que Atraer\u00e1n a Cualquier Estilo","og_description":"\u00bfNo encuentras cordones que se adapten a tus gustos? Entonces tienes que echar un vistazo a nuestra amplia selecci\u00f3n de cordones de zapato personalizados con materiales de primera calidad y accesorios destacados.","og_url":"https:\/\/www.loopkinglaces.com\/es\/cordones-de-zapato-personalizados-que-puedes-modificar-a-tu-antojo\/","og_site_name":"Luxury Gold Tip Shoelaces by Loop King Laces","article_publisher":"https:\/\/www.facebook.com\/LoopKingLaces\/","article_modified_time":"2024-11-19T22:53:18+00:00","twitter_card":"summary_large_image","twitter_site":"@loopkinglaces","twitter_misc":{"Tiempo de lectura":"2 minutos"},"schema":{"@context":"https:\/\/schema.org","@graph":[{"@type":"WebPage","@id":"https:\/\/www.loopkinglaces.com\/es\/cordones-de-zapato-personalizados-que-puedes-modificar-a-tu-antojo\/","url":"https:\/\/www.loopkinglaces.com\/es\/cordones-de-zapato-personalizados-que-puedes-modificar-a-tu-antojo\/","name":"Exquisitos Cordones de Zapato Personalizados Que Atraer\u00e1n a Cualquier Estilo","isPartOf":{"@id":"https:\/\/www.loopkinglaces.com\/es\/#website"},"datePublished":"2023-04-30T11:26:00+00:00","dateModified":"2024-11-19T22:53:18+00:00","description":"\u00bfNo encuentras cordones que se adapten a tus gustos? Entonces tienes que echar un vistazo a nuestra amplia selecci\u00f3n de cordones de zapato personalizados con materiales de primera calidad y accesorios destacados.","breadcrumb":{"@id":"https:\/\/www.loopkinglaces.com\/es\/cordones-de-zapato-personalizados-que-puedes-modificar-a-tu-antojo\/#breadcrumb"},"inLanguage":"es","potentialAction":[{"@type":"ReadAction","target":["https:\/\/www.loopkinglaces.com\/es\/cordones-de-zapato-personalizados-que-puedes-modificar-a-tu-antojo\/"]}]},{"@type":"BreadcrumbList","@id":"https:\/\/www.loopkinglaces.com\/es\/cordones-de-zapato-personalizados-que-puedes-modificar-a-tu-antojo\/#breadcrumb","itemListElement":[{"@type":"ListItem","position":1,"name":"Home","item":"https:\/\/www.loopkinglaces.com\/es\/"},{"@type":"ListItem","position":2,"name":"Cordones de zapato personalizados que puedes modificar a tu antojo"}]},{"@type":"WebSite","@id":"https:\/\/www.loopkinglaces.com\/es\/#website","url":"https:\/\/www.loopkinglaces.com\/es\/","name":"Luxury Gold Tip Shoelaces by Loop King Laces","description":"Rope Laces, Flat Waxed Laces and Leather Laces. All With Gold Tips.","publisher":{"@id":"https:\/\/www.loopkinglaces.com\/es\/#organization"},"potentialAction":[{"@type":"SearchAction","target":{"@type":"EntryPoint","urlTemplate":"https:\/\/www.loopkinglaces.com\/es\/?s={search_term_string}"},"query-input":{"@type":"PropertyValueSpecification","valueRequired":true,"valueName":"search_term_string"}}],"inLanguage":"es"},{"@type":"Organization","@id":"https:\/\/www.loopkinglaces.com\/es\/#organization","name":"Loop King Laces","url":"https:\/\/www.loopkinglaces.com\/es\/","logo":{"@type":"ImageObject","inLanguage":"es","@id":"https:\/\/www.loopkinglaces.com\/es\/#\/schema\/logo\/image\/","url":"https:\/\/www.loopkinglaces.com\/wp-content\/uploads\/LOOP-KING-LACES.1.1-01-LOGO-HI-RES-OFFICIAL-1.png","contentUrl":"https:\/\/www.loopkinglaces.com\/wp-content\/uploads\/LOOP-KING-LACES.1.1-01-LOGO-HI-RES-OFFICIAL-1.png","width":128,"height":91,"caption":"Loop King Laces"},"image":{"@id":"https:\/\/www.loopkinglaces.com\/es\/#\/schema\/logo\/image\/"},"sameAs":["https:\/\/www.facebook.com\/LoopKingLaces\/","https:\/\/x.com\/loopkinglaces","https:\/\/www.instagram.com\/loopkinglaces\/"]}]}},"_links":{"self":[{"href":"https:\/\/www.loopkinglaces.com\/es\/wp-json\/wp\/v2\/pages\/78179","targetHints":{"allow":["GET"]}}],"collection":[{"href":"https:\/\/www.loopkinglaces.com\/es\/wp-json\/wp\/v2\/pages"}],"about":[{"href":"https:\/\/www.loopkinglaces.com\/es\/wp-json\/wp\/v2\/types\/page"}],"author":[{"embeddable":true,"href":"https:\/\/www.loopkinglaces.com\/es\/wp-json\/wp\/v2\/users\/1020"}],"replies":[{"embeddable":true,"href":"https:\/\/www.loopkinglaces.com\/es\/wp-json\/wp\/v2\/comments?post=78179"}],"version-history":[{"count":0,"href":"https:\/\/www.loopkinglaces.com\/es\/wp-json\/wp\/v2\/pages\/78179\/revisions"}],"wp:attachment":[{"href":"https:\/\/www.loopkinglaces.com\/es\/wp-json\/wp\/v2\/media?parent=78179"}],"curies":[{"name":"wp","href":"https:\/\/api.w.org\/{rel}","templated":true}]}}