{"id":78058,"date":"2017-12-07T14:49:20","date_gmt":"2017-12-07T14:49:20","guid":{"rendered":"https:\/\/www.loopkinglaces.com\/politica-de-privacidad\/"},"modified":"2017-12-07T14:49:20","modified_gmt":"2017-12-07T14:49:20","slug":"politica-de-privacidad","status":"publish","type":"page","link":"https:\/\/www.loopkinglaces.com\/es\/politica-de-privacidad\/","title":{"rendered":"POL\u00cdTICA DE PRIVACIDAD"},"content":{"rendered":"<h1>BIENVENIDO A NUESTRA POL\u00cdTICA DE PRIVACIDAD<\/h1>\n<h1>TU PRIVACIDAD ES MUY IMPORTANTE PARA NOSOTROS.<\/h1>\n<h2>CORDONES LOOP KING<\/h2>\n<p>LA POL\u00cdTICA DE LOOP KING LACES ES RESPETAR TU PRIVACIDAD EN RELACI\u00d3N CON CUALQUIER INFORMACI\u00d3N QUE PODAMOS RECOPILAR AL UTILIZAR NUESTRO SITIO WEB. ESTA POL\u00cdTICA DE PRIVACIDAD SE APLICA A <a href=\"http:\/\/HTTPS:\/\/WWW.LOOPKINGLACES.COM\">HTTPS:\/\/WWW.LOOPKINGLACES.COM<\/a> (EN ADELANTE, &#8220;NOSOTROS&#8221;, &#8220;NOS&#8221; O &#8220;HTTPS:\/\/WWW.LOOPKINGLACES.COM&#8221;). RESPETAMOS TU PRIVACIDAD Y NOS COMPROMETEMOS A PROTEGER LA INFORMACI\u00d3N PERSONAL IDENTIFICABLE QUE PUEDAS PROPORCIONARNOS A TRAV\u00c9S DEL SITIO WEB. HEMOS ADOPTADO ESTA POL\u00cdTICA DE PRIVACIDAD (&#8220;POL\u00cdTICA DE PRIVACIDAD&#8221;) PARA EXPLICAR QU\u00c9 INFORMACI\u00d3N PUEDE RECOPILARSE EN NUESTRO SITIO WEB, C\u00d3MO UTILIZAMOS ESTA INFORMACI\u00d3N Y EN QU\u00c9 CIRCUNSTANCIAS PODEMOS REVELARLA A TERCEROS. ESTA POL\u00cdTICA DE PRIVACIDAD S\u00d3LO SE APLICA A LA INFORMACI\u00d3N QUE RECOPILAMOS A TRAV\u00c9S DEL SITIO WEB Y NO SE APLICA A NUESTRA RECOPILACI\u00d3N DE INFORMACI\u00d3N DE OTRAS FUENTES. ESTA POL\u00cdTICA DE PRIVACIDAD, JUNTO CON LOS T\u00c9RMINOS Y CONDICIONES PUBLICADOS EN NUESTRO SITIO WEB, ESTABLECE LAS NORMAS Y POL\u00cdTICAS GENERALES QUE RIGEN TU USO DE NUESTRO SITIO WEB. EN FUNCI\u00d3N DE LAS ACTIVIDADES QUE REALICES AL VISITAR NUESTRO SITIO WEB, ES POSIBLE QUE DEBAS ACEPTAR CONDICIONES ADICIONALES.    <\/p>\n<h2>VISITANTES DEL SITIO WEB<\/h2>\n<p>COMO LA MAYOR\u00cdA DE LOS OPERADORES DE SITIOS WEB, LOOP KING LACES RECOPILA INFORMACI\u00d3N DE IDENTIFICACI\u00d3N NO PERSONAL DEL TIPO QUE LOS NAVEGADORES WEB Y LOS SERVIDORES SUELEN PONER A DISPOSICI\u00d3N, COMO EL TIPO DE NAVEGADOR, LA PREFERENCIA DE IDIOMA, EL SITIO DE REFERENCIA Y LA FECHA Y HORA DE CADA SOLICITUD DE VISITANTE. EL PROP\u00d3SITO DE LOOP KING LACES AL RECOPILAR INFORMACI\u00d3N DE IDENTIFICACI\u00d3N NO PERSONAL ES COMPRENDER MEJOR C\u00d3MO UTILIZAN SU SITIO WEB LOS VISITANTES DE LOOP KING LACES. DE VEZ EN CUANDO, LOOP KING LACES PUEDE PUBLICAR INFORMACI\u00d3N DE IDENTIFICACI\u00d3N NO PERSONAL DE FORMA AGREGADA, POR EJEMPLO, PUBLICANDO UN INFORME SOBRE LAS TENDENCIAS EN EL USO DE SU SITIO WEB. LOOP KING LACES TAMBI\u00c9N RECOPILA INFORMACI\u00d3N POTENCIAL DE IDENTIFICACI\u00d3N PERSONAL, COMO LAS DIRECCIONES DE PROTOCOLO DE INTERNET (IP) DE LOS USUARIOS REGISTRADOS Y DE LOS USUARIOS QUE DEJAN COMENTARIOS EN LAS ENTRADAS DEL BLOG DE <a href=\"HTTPS:\/\/WWW.LOOPKINGLACES.COM\">HTTPS:\/\/WW.LOOPKINGLACES.COM<\/a>. LOOP KING LACES S\u00d3LO REVELA LAS DIRECCIONES IP DE LOS USUARIOS REGISTRADOS Y DE LOS COMENTARISTAS EN LAS MISMAS CIRCUNSTANCIAS EN LAS QUE UTILIZA Y REVELA LA INFORMACI\u00d3N DE IDENTIFICACI\u00d3N PERSONAL, TAL Y COMO SE DESCRIBE A CONTINUACI\u00d3N.  <\/p>\n<h2>RECOPILACI\u00d3N DE INFORMACI\u00d3N DE IDENTIFICACI\u00d3N PERSONAL<\/h2>\n<p>ALGUNOS VISITANTES DE LOS SITIOS WEB DE LOOP KING LACES ELIGEN INTERACTUAR CON LOOP KING LACES DE FORMAS QUE REQUIEREN QUE LOOP KING LACES RECOPILE INFORMACI\u00d3N DE IDENTIFICACI\u00d3N PERSONAL. LA CANTIDAD Y EL TIPO DE INFORMACI\u00d3N QUE LOOP KING LACES RECOPILA DEPENDE DE LA NATURALEZA DE LA INTERACCI\u00d3N. POR EJEMPLO, PEDIMOS A LOS VISITANTES QUE SE REGISTRAN EN UN BLOG EN HTTPS:\/\/WWW.LOOPKINGLACES.COM QUE PROPORCIONEN UN NOMBRE DE USUARIO Y UNA DIRECCI\u00d3N DE CORREO ELECTR\u00d3NICO.  <\/p>\n<h2>SEGURIDAD<\/h2>\n<p>LA SEGURIDAD DE TU INFORMACI\u00d3N PERSONAL ES IMPORTANTE PARA NOSOTROS, PERO RECUERDA QUE NING\u00daN M\u00c9TODO DE TRANSMISI\u00d3N POR INTERNET, O M\u00c9TODO DE ALMACENAMIENTO ELECTR\u00d3NICO ES 100% SEGURO. AUNQUE NOS ESFORZAMOS POR UTILIZAR MEDIOS COMERCIALMENTE ACEPTABLES PARA PROTEGER TU INFORMACI\u00d3N PERSONAL, NO PODEMOS GARANTIZAR SU SEGURIDAD ABSOLUTA. <\/p>\n<h2>ANUNCIOS<\/h2>\n<p>LOS ANUNCIOS QUE APARECEN EN NUESTRO SITIO WEB PUEDEN SER ENVIADOS A LOS USUARIOS POR SOCIOS PUBLICITARIOS, QUE PUEDEN INSTALAR COOKIES. ESTAS COOKIES PERMITEN AL SERVIDOR DE ANUNCIOS RECONOCER TU ORDENADOR CADA VEZ QUE TE ENV\u00cdAN UN ANUNCIO EN L\u00cdNEA PARA RECOPILAR INFORMACI\u00d3N SOBRE TI O SOBRE OTRAS PERSONAS QUE UTILIZAN TU ORDENADOR. ESTA INFORMACI\u00d3N PERMITE A LAS REDES PUBLICITARIAS, ENTRE OTRAS COSAS, ENVIAR ANUNCIOS ESPEC\u00cdFICOS QUE CREEN QUE SER\u00c1N DE MAYOR INTER\u00c9S PARA TI. ESTA POL\u00cdTICA DE PRIVACIDAD CUBRE EL USO DE COOKIES POR PARTE DE LOOP KING LACES Y NO CUBRE EL USO DE COOKIES POR PARTE DE NING\u00daN ANUNCIANTE.   <\/p>\n<h2>ENLACES A SITIOS EXTERNOS<\/h2>\n<p>NUESTRO SERVICIO PUEDE CONTENER ENLACES A SITIOS EXTERNOS QUE NO SON OPERADOS POR NOSOTROS. SI HACES CLIC EN UN ENLACE DE TERCEROS, SER\u00c1S DIRIGIDO AL SITIO DE ESE TERCERO. TE RECOMENDAMOS ENCARECIDAMENTE QUE REVISES LA POL\u00cdTICA DE PRIVACIDAD Y LOS T\u00c9RMINOS Y CONDICIONES DE CADA SITIO QUE VISITES. NO TENEMOS NING\u00daN CONTROL NI ASUMIMOS NINGUNA RESPONSABILIDAD POR EL CONTENIDO, LAS POL\u00cdTICAS DE PRIVACIDAD O LAS PR\u00c1CTICAS DE LOS SITIOS, PRODUCTOS O SERVICIOS DE TERCEROS.  <\/p>\n<h2>HTTPS:\/\/WWW.LOOPKINGLACES.COM UTILIZA GOOGLE ADWORDS PARA REMARKETING<\/h2>\n<p>HTTPS:\/\/WWW.LOOPKINGLACES.COM UTILIZA LOS SERVICIOS DE REMARKETING PARA HACER PUBLICIDAD EN SITIOS WEB DE TERCEROS (INCLUIDO GOOGLE) A VISITANTES ANTERIORES DE NUESTRO SITIO. ESTO PODR\u00cdA SIGNIFICAR QUE HACEMOS PUBLICIDAD A VISITANTES ANTERIORES QUE NO HAN COMPLETADO UNA TAREA EN NUESTRO SITIO, POR EJEMPLO UTILIZANDO EL FORMULARIO DE CONTACTO PARA HACER UNA CONSULTA. ESTO PODR\u00cdA SER EN FORMA DE UN ANUNCIO EN LA P\u00c1GINA DE RESULTADOS DE B\u00daSQUEDA DE GOOGLE, O EN UN SITIO DE LA RED DE DISPLAY DE GOOGLE. LOS PROVEEDORES EXTERNOS, INCLUIDO GOOGLE, UTILIZAN COOKIES PARA PUBLICAR ANUNCIOS BASADOS EN LAS VISITAS ANTERIORES DE UNA PERSONA. POR SUPUESTO, CUALQUIER DATO RECOPILADO SE UTILIZAR\u00c1 DE ACUERDO CON NUESTRA PROPIA POL\u00cdTICA DE PRIVACIDAD Y LA POL\u00cdTICA DE PRIVACIDAD DE GOOGLE. PUEDES ESTABLECER PREFERENCIAS SOBRE LA FORMA EN QUE GOOGLE TE HACE PUBLICIDAD UTILIZANDO LA P\u00c1GINA DE PREFERENCIAS DE ANUNCIOS DE GOOGLE Y, SI LO DESEAS, PUEDES EXCLUIRTE TOTALMENTE DE LA PUBLICIDAD BASADA EN INTERESES MEDIANTE LA CONFIGURACI\u00d3N DE COOKIES O DE FORMA PERMANENTE UTILIZANDO UN COMPLEMENTO DEL NAVEGADOR.    <\/p>\n<h2>PROTECCI\u00d3N DE DETERMINADOS DATOS DE IDENTIFICACI\u00d3N PERSONAL<\/h2>\n<p>LOOP KING LACES REVELA INFORMACI\u00d3N POTENCIALMENTE IDENTIFICABLE Y DE IDENTIFICACI\u00d3N PERSONAL S\u00d3LO A AQUELLOS DE SUS EMPLEADOS, CONTRATISTAS Y ORGANIZACIONES AFILIADAS QUE (I) NECESITAN CONOCER DICHA INFORMACI\u00d3N PARA PROCESARLA EN NOMBRE DE LOOP KING LACES O PARA PRESTAR SERVICIOS DISPONIBLES EN EL SITIO WEB DE LOOP KING LACES, Y (II) QUE HAN ACORDADO NO REVELARLA A TERCEROS. ALGUNOS DE ESOS EMPLEADOS, CONTRATISTAS Y ORGANIZACIONES AFILIADAS PUEDEN ENCONTRARSE FUERA DE TU PA\u00cdS DE ORIGEN; AL UTILIZAR EL SITIO WEB DE LOOP KING LACES, CONSIENTES EN QUE SE LES TRANSFIERA DICHA INFORMACI\u00d3N. LOOP KING LACES NO ALQUILAR\u00c1 NI VENDER\u00c1 A NADIE INFORMACI\u00d3N QUE PUEDA IDENTIFICARTE PERSONALMENTE. APARTE DE A SUS EMPLEADOS, CONTRATISTAS Y ORGANIZACIONES AFILIADAS, TAL Y COMO SE HA DESCRITO ANTERIORMENTE, LOOP KING LACES REVELA INFORMACI\u00d3N POTENCIAL DE IDENTIFICACI\u00d3N PERSONAL Y DE IDENTIFICACI\u00d3N PERSONAL S\u00d3LO EN RESPUESTA A UNA CITACI\u00d3N, ORDEN JUDICIAL U OTRA SOLICITUD GUBERNAMENTAL, O CUANDO LOOP KING LACES CREA DE BUENA FE QUE SU REVELACI\u00d3N ES RAZONABLEMENTE NECESARIA PARA PROTEGER LA PROPIEDAD O LOS DERECHOS DE LOOP KING LACES, DE TERCEROS O DEL P\u00daBLICO EN GENERAL. SI ERES UN USUARIO REGISTRADO DE HTTPS:\/\/WWW.LOOPKINGLACES.COM Y HAS FACILITADO TU DIRECCI\u00d3N DE CORREO ELECTR\u00d3NICO, LOOP KING LACES PUEDE ENVIARTE OCASIONALMENTE UN CORREO ELECTR\u00d3NICO PARA INFORMARTE SOBRE NUEVAS FUNCIONES, SOLICITAR TUS COMENTARIOS O SIMPLEMENTE PARA MANTENERTE AL D\u00cdA DE LO QUE OCURRE CON LOOP KING LACES Y NUESTROS PRODUCTOS. UTILIZAMOS PRINCIPALMENTE NUESTRO BLOG PARA COMUNICAR ESTE TIPO DE INFORMACI\u00d3N, POR LO QUE ESPERAMOS MANTENER ESTE TIPO DE CORREO ELECTR\u00d3NICO AL M\u00cdNIMO. SI NOS ENV\u00cdAS UNA SOLICITUD (POR EJEMPLO, A TRAV\u00c9S DE UN CORREO ELECTR\u00d3NICO DE ASISTENCIA O MEDIANTE UNO DE NUESTROS MECANISMOS DE COMENTARIOS), NOS RESERVAMOS EL DERECHO A PUBLICARLA PARA AYUDARNOS A ACLARAR O RESPONDER A TU SOLICITUD O PARA AYUDARNOS A PRESTAR ASISTENCIA A OTROS USUARIOS. LOOP KING LACES TOMA TODAS LAS MEDIDAS RAZONABLEMENTE NECESARIAS PARA PROTEGERSE CONTRA EL ACCESO NO AUTORIZADO, EL USO, LA ALTERACI\u00d3N O LA DESTRUCCI\u00d3N DE INFORMACI\u00d3N POTENCIALMENTE IDENTIFICABLE Y DE IDENTIFICACI\u00d3N PERSONAL.     <\/p>\n<h2>ESTAD\u00cdSTICAS AGREGADAS<\/h2>\n<p>LOOP KING LACES PUEDE RECOPILAR ESTAD\u00cdSTICAS SOBRE EL COMPORTAMIENTO DE LOS VISITANTES DE SU SITIO WEB. LOOP KING LACES PUEDE MOSTRAR ESTA INFORMACI\u00d3N P\u00daBLICAMENTE O FACILITARLA A TERCEROS. SIN EMBARGO, LOOP KING LACES NO REVELA TU INFORMACI\u00d3N DE IDENTIFICACI\u00d3N PERSONAL.  <\/p>\n<h2>DECLARACI\u00d3N DE AFILIACI\u00d3N<\/h2>\n<p>ESTE SITIO UTILIZA ENLACES DE AFILIADOS Y OBTIENE UNA COMISI\u00d3N DE CIERTOS ENLACES. ESTO NO AFECTA A TUS COMPRAS NI AL PRECIO QUE PUEDAS PAGAR. <\/p>\n<h2>COOKIES<\/h2>\n<p>PARA ENRIQUECER Y PERFECCIONAR TU EXPERIENCIA EN L\u00cdNEA, LOOP KING LACES UTILIZA &#8220;COOKIES&#8221;, TECNOLOG\u00cdAS SIMILARES Y SERVICIOS PRESTADOS POR TERCEROS PARA MOSTRAR CONTENIDO PERSONALIZADO, PUBLICIDAD ADECUADA Y ALMACENAR TUS PREFERENCIAS EN TU ORDENADOR. UNA COOKIE ES UNA CADENA DE INFORMACI\u00d3N QUE UN SITIO WEB ALMACENA EN EL ORDENADOR DE UN VISITANTE, Y QUE EL NAVEGADOR DEL VISITANTE PROPORCIONA AL SITIO WEB CADA VEZ QUE EL VISITANTE VUELVE. LOOP KING LACES UTILIZA COOKIES PARA AYUDAR A LOOP KING LACES A IDENTIFICAR Y RASTREAR A LOS VISITANTES, SU USO DE HTTPS:\/\/WWW.LOOPKINGLACES.COM Y SUS PREFERENCIAS DE ACCESO AL SITIO WEB. LOS VISITANTES DE LOOP KING LACES QUE NO DESEEN QUE SE COLOQUEN COOKIES EN SUS ORDENADORES DEBEN CONFIGURAR SUS NAVEGADORES PARA QUE RECHACEN COOKIES ANTES DE UTILIZAR LOS SITIOS WEB DE LOOP KING LACES, CON EL INCONVENIENTE DE QUE CIERTAS CARACTER\u00cdSTICAS DE LOS SITIOS WEB DE LOOP KING LACES PUEDEN NO FUNCIONAR CORRECTAMENTE SIN LA AYUDA DE COOKIES. AL CONTINUAR NAVEGANDO POR NUESTRO SITIO WEB SIN CAMBIAR TU CONFIGURACI\u00d3N DE COOKIES, RECONOCES Y ACEPTAS EL USO DE COOKIES POR PARTE DE LOOP KING LACES.<\/p>\n<h2>COMERCIO ELECTR\u00d3NICO<\/h2>\n<p>A QUIENES REALIZAN TRANSACCIONES CON LOOP KING LACES -COMPRANDO SERVICIOS O PRODUCTOS DE LOOP KING LACES- SE LES PIDE QUE PROPORCIONEN INFORMACI\u00d3N ADICIONAL, INCLUIDA LA INFORMACI\u00d3N PERSONAL Y FINANCIERA NECESARIA PARA PROCESAR DICHAS TRANSACCIONES. EN CADA CASO, LOOP KING LACES RECOGE DICHA INFORMACI\u00d3N S\u00d3LO EN LA MEDIDA NECESARIA O APROPIADA PARA CUMPLIR EL PROP\u00d3SITO DE LA INTERACCI\u00d3N DEL VISITANTE CON LOOP KING LACES. LOOP KING LACES NO REVELA INFORMACI\u00d3N DE IDENTIFICACI\u00d3N PERSONAL DISTINTA DE LA DESCRITA A CONTINUACI\u00d3N. Y LOS VISITANTES SIEMPRE PUEDEN NEGARSE A SUMINISTRAR INFORMACI\u00d3N DE IDENTIFICACI\u00d3N PERSONAL, CON LA ADVERTENCIA DE QUE ELLO PUEDE IMPEDIRLES PARTICIPAR EN DETERMINADAS ACTIVIDADES RELACIONADAS CON EL SITIO WEB.   <\/p>\n<h2>CAMBIOS EN LA POL\u00cdTICA DE PRIVACIDAD<\/h2>\n<p>AUNQUE ES PROBABLE QUE LA MAYOR\u00cdA DE LOS CAMBIOS SEAN MENORES, LOOP KING LACES PUEDE CAMBIAR SU POL\u00cdTICA DE PRIVACIDAD DE VEZ EN CUANDO, Y A LA ENTERA DISCRECI\u00d3N DE LOOP KING LACES. LOOP KING LACES ANIMA A LOS VISITANTES A QUE COMPRUEBEN CON FRECUENCIA ESTA P\u00c1GINA PARA VER SI SE HA PRODUCIDO ALG\u00daN CAMBIO EN SU POL\u00cdTICA DE PRIVACIDAD. TU USO CONTINUADO DE ESTE SITIO DESPU\u00c9S DE CUALQUIER CAMBIO EN ESTA POL\u00cdTICA DE PRIVACIDAD CONSTITUIR\u00c1 TU ACEPTACI\u00d3N DE DICHO CAMBIO.  <\/p>\n<h1>Condiciones del servicio m\u00f3vil<\/h1>\n<h2>CORDONES LOOP KING<\/h2>\n<p>\u00daltima actualizaci\u00f3n: 6 de noviembre de 2023 El servicio de mensajes m\u00f3viles LOOP KING LACES (el &#8220;Servicio&#8221;) est\u00e1 operado por LOOP KING LACES (&#8220;LOOP KING LACES&#8221;, &#8220;nosotros&#8221; o &#8220;nos&#8221;). Tu uso del Servicio constituye tu aceptaci\u00f3n de estos t\u00e9rminos y condiciones (&#8220;Condiciones del servicio m\u00f3vil&#8221;). Podemos modificar o cancelar el Servicio o cualquiera de sus funciones sin previo aviso. En la medida en que lo permita la legislaci\u00f3n aplicable, tambi\u00e9n podremos modificar estas Condiciones del servicio m\u00f3vil en cualquier momento y tu uso continuado del Servicio tras la fecha de entrada en vigor de dichos cambios constituir\u00e1 tu aceptaci\u00f3n de los mismos. Al dar tu consentimiento al servicio de mensajes de texto\/SMS de LOOP KING LACES, aceptas recibir mensajes de texto\/SMS recurrentes de y en nombre de LOOP KING LACES a trav\u00e9s de tu proveedor de telefon\u00eda m\u00f3vil al n\u00famero de m\u00f3vil que hayas proporcionado, incluso si tu n\u00famero de m\u00f3vil est\u00e1 registrado en alguna lista estatal o federal de No Llamar. Los mensajes de texto pueden enviarse utilizando un sistema de marcaci\u00f3n telef\u00f3nica autom\u00e1tica u otra tecnolog\u00eda. Los mensajes relacionados con el servicio pueden incluir actualizaciones, alertas e informaci\u00f3n (por ejemplo, actualizaciones de pedidos, alertas de cuentas, etc.). Los mensajes promocionales pueden incluir promociones, ofertas especiales y otras ofertas de marketing (por ejemplo, recordatorios de carrito). Entiendes que no tienes que inscribirte en este programa para realizar ninguna compra, y tu consentimiento no es una condici\u00f3n para ninguna compra con LOOP KING LACES. Tu participaci\u00f3n en este programa es totalmente voluntaria. No cobramos por el Servicio, pero eres responsable de todos los cargos y tasas asociados a los mensajes de texto impuestos por tu proveedor de telefon\u00eda m\u00f3vil. La frecuencia de los mensajes var\u00eda. Pueden aplicarse tarifas de mensajes y datos. Consulta tu plan de telefon\u00eda m\u00f3vil y ponte en contacto con tu proveedor de servicios inal\u00e1mbricos para obtener m\u00e1s detalles. Eres el \u00fanico responsable de todos los cargos relacionados con los mensajes SMS\/de texto, incluidos los cargos de tu proveedor de servicios inal\u00e1mbricos. Puedes darte de baja del Servicio en cualquier momento. Env\u00eda el comando de una sola palabra clave STOP a +18337560757 o haz clic en el enlace de cancelaci\u00f3n de suscripci\u00f3n (cuando est\u00e9 disponible) en cualquier mensaje de texto para cancelarlo. Recibir\u00e1s un \u00fanico mensaje de texto de confirmaci\u00f3n de baja. No se enviar\u00e1n m\u00e1s mensajes a tu dispositivo m\u00f3vil, a menos que t\u00fa lo inicies. Si te has suscrito a otros programas de mensajes de m\u00f3vil de LOOP KING LACES y deseas darte de baja, excepto cuando la legislaci\u00f3n aplicable exija lo contrario, tendr\u00e1s que darte de baja por separado de esos programas siguiendo las instrucciones proporcionadas en sus respectivas condiciones de m\u00f3vil. Para obtener ayuda o asistencia del Servicio, env\u00eda un mensaje de texto de AYUDA a +18337560757 o un correo electr\u00f3nico <a href=\"mailto:hello@loopkinglaces.com\">a hello@loopkinglaces.com.<\/a> Podemos cambiar cualquier c\u00f3digo corto o n\u00famero de tel\u00e9fono que utilicemos para operar el Servicio en cualquier momento y te notificaremos estos cambios. Reconoces que cualquier mensaje, incluidas las solicitudes de STOP o AYUDA, que env\u00edes a un c\u00f3digo corto o n\u00famero de tel\u00e9fono que hayamos cambiado puede no ser recibido y no seremos responsables de atender las solicitudes realizadas en dichos mensajes. Los operadores de telefon\u00eda m\u00f3vil compatibles con el Servicio no son responsables de los mensajes retrasados o no entregados. Aceptas proporcionarnos un n\u00famero de m\u00f3vil v\u00e1lido. Si obtienes un nuevo n\u00famero de m\u00f3vil, tendr\u00e1s que inscribirte en el programa con tu nuevo n\u00famero.<\/p>\n<p>En la medida en que lo permita la legislaci\u00f3n aplicable, aceptas que no seremos responsables de la entrega fallida, retrasada o err\u00f3nea de cualquier informaci\u00f3n enviada a trav\u00e9s del Servicio, de cualquier error en dicha informaci\u00f3n y\/o de cualquier acci\u00f3n que puedas o no realizar bas\u00e1ndote en la informaci\u00f3n o el Servicio. Respetamos tu derecho a la privacidad. Para ver c\u00f3mo recopilamos y utilizamos tu informaci\u00f3n personal, consulta nuestro <a href=\"https:\/\/www.loopkinglaces.com\/privacy-policy\/\">Aviso de privacidad<\/a>.<\/p>\n<p>&nbsp;<\/p>\n<p>&nbsp;<\/p>\n","protected":false},"excerpt":{"rendered":"<p>BIENVENIDO A NUESTRA POL\u00cdTICA DE PRIVACIDAD TU PRIVACIDAD ES MUY IMPORTANTE PARA NOSOTROS. CORDONES LOOP KING LA POL\u00cdTICA DE LOOP KING LACES ES RESPETAR TU PRIVACIDAD EN RELACI\u00d3N CON CUALQUIER INFORMACI\u00d3N QUE PODAMOS RECOPILAR AL UTILIZAR NUESTRO SITIO WEB. ESTA POL\u00cdTICA DE PRIVACIDAD SE APLICA A HTTPS:\/\/WWW.LOOPKINGLACES.COM (EN ADELANTE, &#8220;NOSOTROS&#8221;, &#8220;NOS&#8221; O &#8220;HTTPS:\/\/WWW.LOOPKINGLACES.COM&#8221;). RESPETAMOS TU&#8230; Read More<\/p>\n","protected":false},"author":1,"featured_media":0,"parent":0,"menu_order":0,"comment_status":"closed","ping_status":"closed","template":"","meta":{"_acf_changed":false,"footnotes":""},"class_list":["post-78058","page","type-page","status-publish","hentry"],"acf":[],"yoast_head":"<!-- This site is optimized with the Yoast SEO plugin v27.4 - https:\/\/yoast.com\/product\/yoast-seo-wordpress\/ -->\n<title>Pol\u00edtica de privacidad - Loop King Laces<\/title>\n<meta name=\"robots\" content=\"index, follow, max-snippet:-1, max-image-preview:large, max-video-preview:-1\" \/>\n<link rel=\"canonical\" href=\"https:\/\/www.loopkinglaces.com\/es\/politica-de-privacidad\/\" \/>\n<meta property=\"og:locale\" content=\"es_ES\" \/>\n<meta property=\"og:type\" content=\"article\" \/>\n<meta property=\"og:title\" content=\"Pol\u00edtica de privacidad - Loop King Laces\" \/>\n<meta property=\"og:description\" content=\"BIENVENIDO A NUESTRA POL\u00cdTICA DE PRIVACIDAD TU PRIVACIDAD ES MUY IMPORTANTE PARA NOSOTROS. CORDONES LOOP KING LA POL\u00cdTICA DE LOOP KING LACES ES RESPETAR TU PRIVACIDAD EN RELACI\u00d3N CON CUALQUIER INFORMACI\u00d3N QUE PODAMOS RECOPILAR AL UTILIZAR NUESTRO SITIO WEB. ESTA POL\u00cdTICA DE PRIVACIDAD SE APLICA A HTTPS:\/\/WWW.LOOPKINGLACES.COM (EN ADELANTE, &#8220;NOSOTROS&#8221;, &#8220;NOS&#8221; O &#8220;HTTPS:\/\/WWW.LOOPKINGLACES.COM&#8221;). RESPETAMOS TU... Read More\" \/>\n<meta property=\"og:url\" content=\"https:\/\/www.loopkinglaces.com\/es\/politica-de-privacidad\/\" \/>\n<meta property=\"og:site_name\" content=\"Luxury Gold Tip Shoelaces by Loop King Laces\" \/>\n<meta property=\"article:publisher\" content=\"https:\/\/www.facebook.com\/LoopKingLaces\/\" \/>\n<meta name=\"twitter:card\" content=\"summary_large_image\" \/>\n<meta name=\"twitter:site\" content=\"@loopkinglaces\" \/>\n<meta name=\"twitter:label1\" content=\"Tiempo de lectura\" \/>\n\t<meta name=\"twitter:data1\" content=\"13 minutos\" \/>\n<script type=\"application\/ld+json\" class=\"yoast-schema-graph\">{\"@context\":\"https:\\\/\\\/schema.org\",\"@graph\":[{\"@type\":\"WebPage\",\"@id\":\"https:\\\/\\\/www.loopkinglaces.com\\\/es\\\/politica-de-privacidad\\\/\",\"url\":\"https:\\\/\\\/www.loopkinglaces.com\\\/es\\\/politica-de-privacidad\\\/\",\"name\":\"Pol\u00edtica de privacidad - Loop King Laces\",\"isPartOf\":{\"@id\":\"https:\\\/\\\/www.loopkinglaces.com\\\/es\\\/#website\"},\"datePublished\":\"2017-12-07T14:49:20+00:00\",\"breadcrumb\":{\"@id\":\"https:\\\/\\\/www.loopkinglaces.com\\\/es\\\/politica-de-privacidad\\\/#breadcrumb\"},\"inLanguage\":\"es\",\"potentialAction\":[{\"@type\":\"ReadAction\",\"target\":[\"https:\\\/\\\/www.loopkinglaces.com\\\/es\\\/politica-de-privacidad\\\/\"]}]},{\"@type\":\"BreadcrumbList\",\"@id\":\"https:\\\/\\\/www.loopkinglaces.com\\\/es\\\/politica-de-privacidad\\\/#breadcrumb\",\"itemListElement\":[{\"@type\":\"ListItem\",\"position\":1,\"name\":\"Home\",\"item\":\"https:\\\/\\\/www.loopkinglaces.com\\\/es\\\/\"},{\"@type\":\"ListItem\",\"position\":2,\"name\":\"POL\u00cdTICA DE PRIVACIDAD\"}]},{\"@type\":\"WebSite\",\"@id\":\"https:\\\/\\\/www.loopkinglaces.com\\\/es\\\/#website\",\"url\":\"https:\\\/\\\/www.loopkinglaces.com\\\/es\\\/\",\"name\":\"Luxury Gold Tip Shoelaces by Loop King Laces\",\"description\":\"Rope Laces, Flat Waxed Laces and Leather Laces. All With Gold Tips.\",\"publisher\":{\"@id\":\"https:\\\/\\\/www.loopkinglaces.com\\\/es\\\/#organization\"},\"potentialAction\":[{\"@type\":\"SearchAction\",\"target\":{\"@type\":\"EntryPoint\",\"urlTemplate\":\"https:\\\/\\\/www.loopkinglaces.com\\\/es\\\/?s={search_term_string}\"},\"query-input\":{\"@type\":\"PropertyValueSpecification\",\"valueRequired\":true,\"valueName\":\"search_term_string\"}}],\"inLanguage\":\"es\"},{\"@type\":\"Organization\",\"@id\":\"https:\\\/\\\/www.loopkinglaces.com\\\/es\\\/#organization\",\"name\":\"Loop King Laces\",\"url\":\"https:\\\/\\\/www.loopkinglaces.com\\\/es\\\/\",\"logo\":{\"@type\":\"ImageObject\",\"inLanguage\":\"es\",\"@id\":\"https:\\\/\\\/www.loopkinglaces.com\\\/es\\\/#\\\/schema\\\/logo\\\/image\\\/\",\"url\":\"https:\\\/\\\/www.loopkinglaces.com\\\/wp-content\\\/uploads\\\/LOOP-KING-LACES.1.1-01-LOGO-HI-RES-OFFICIAL-1.png\",\"contentUrl\":\"https:\\\/\\\/www.loopkinglaces.com\\\/wp-content\\\/uploads\\\/LOOP-KING-LACES.1.1-01-LOGO-HI-RES-OFFICIAL-1.png\",\"width\":128,\"height\":91,\"caption\":\"Loop King Laces\"},\"image\":{\"@id\":\"https:\\\/\\\/www.loopkinglaces.com\\\/es\\\/#\\\/schema\\\/logo\\\/image\\\/\"},\"sameAs\":[\"https:\\\/\\\/www.facebook.com\\\/LoopKingLaces\\\/\",\"https:\\\/\\\/x.com\\\/loopkinglaces\",\"https:\\\/\\\/www.instagram.com\\\/loopkinglaces\\\/\"]}]}<\/script>\n<!-- \/ Yoast SEO plugin. -->","yoast_head_json":{"title":"Pol\u00edtica de privacidad - Loop King Laces","robots":{"index":"index","follow":"follow","max-snippet":"max-snippet:-1","max-image-preview":"max-image-preview:large","max-video-preview":"max-video-preview:-1"},"canonical":"https:\/\/www.loopkinglaces.com\/es\/politica-de-privacidad\/","og_locale":"es_ES","og_type":"article","og_title":"Pol\u00edtica de privacidad - Loop King Laces","og_description":"BIENVENIDO A NUESTRA POL\u00cdTICA DE PRIVACIDAD TU PRIVACIDAD ES MUY IMPORTANTE PARA NOSOTROS. CORDONES LOOP KING LA POL\u00cdTICA DE LOOP KING LACES ES RESPETAR TU PRIVACIDAD EN RELACI\u00d3N CON CUALQUIER INFORMACI\u00d3N QUE PODAMOS RECOPILAR AL UTILIZAR NUESTRO SITIO WEB. ESTA POL\u00cdTICA DE PRIVACIDAD SE APLICA A HTTPS:\/\/WWW.LOOPKINGLACES.COM (EN ADELANTE, &#8220;NOSOTROS&#8221;, &#8220;NOS&#8221; O &#8220;HTTPS:\/\/WWW.LOOPKINGLACES.COM&#8221;). RESPETAMOS TU... Read More","og_url":"https:\/\/www.loopkinglaces.com\/es\/politica-de-privacidad\/","og_site_name":"Luxury Gold Tip Shoelaces by Loop King Laces","article_publisher":"https:\/\/www.facebook.com\/LoopKingLaces\/","twitter_card":"summary_large_image","twitter_site":"@loopkinglaces","twitter_misc":{"Tiempo de lectura":"13 minutos"},"schema":{"@context":"https:\/\/schema.org","@graph":[{"@type":"WebPage","@id":"https:\/\/www.loopkinglaces.com\/es\/politica-de-privacidad\/","url":"https:\/\/www.loopkinglaces.com\/es\/politica-de-privacidad\/","name":"Pol\u00edtica de privacidad - Loop King Laces","isPartOf":{"@id":"https:\/\/www.loopkinglaces.com\/es\/#website"},"datePublished":"2017-12-07T14:49:20+00:00","breadcrumb":{"@id":"https:\/\/www.loopkinglaces.com\/es\/politica-de-privacidad\/#breadcrumb"},"inLanguage":"es","potentialAction":[{"@type":"ReadAction","target":["https:\/\/www.loopkinglaces.com\/es\/politica-de-privacidad\/"]}]},{"@type":"BreadcrumbList","@id":"https:\/\/www.loopkinglaces.com\/es\/politica-de-privacidad\/#breadcrumb","itemListElement":[{"@type":"ListItem","position":1,"name":"Home","item":"https:\/\/www.loopkinglaces.com\/es\/"},{"@type":"ListItem","position":2,"name":"POL\u00cdTICA DE PRIVACIDAD"}]},{"@type":"WebSite","@id":"https:\/\/www.loopkinglaces.com\/es\/#website","url":"https:\/\/www.loopkinglaces.com\/es\/","name":"Luxury Gold Tip Shoelaces by Loop King Laces","description":"Rope Laces, Flat Waxed Laces and Leather Laces. All With Gold Tips.","publisher":{"@id":"https:\/\/www.loopkinglaces.com\/es\/#organization"},"potentialAction":[{"@type":"SearchAction","target":{"@type":"EntryPoint","urlTemplate":"https:\/\/www.loopkinglaces.com\/es\/?s={search_term_string}"},"query-input":{"@type":"PropertyValueSpecification","valueRequired":true,"valueName":"search_term_string"}}],"inLanguage":"es"},{"@type":"Organization","@id":"https:\/\/www.loopkinglaces.com\/es\/#organization","name":"Loop King Laces","url":"https:\/\/www.loopkinglaces.com\/es\/","logo":{"@type":"ImageObject","inLanguage":"es","@id":"https:\/\/www.loopkinglaces.com\/es\/#\/schema\/logo\/image\/","url":"https:\/\/www.loopkinglaces.com\/wp-content\/uploads\/LOOP-KING-LACES.1.1-01-LOGO-HI-RES-OFFICIAL-1.png","contentUrl":"https:\/\/www.loopkinglaces.com\/wp-content\/uploads\/LOOP-KING-LACES.1.1-01-LOGO-HI-RES-OFFICIAL-1.png","width":128,"height":91,"caption":"Loop King Laces"},"image":{"@id":"https:\/\/www.loopkinglaces.com\/es\/#\/schema\/logo\/image\/"},"sameAs":["https:\/\/www.facebook.com\/LoopKingLaces\/","https:\/\/x.com\/loopkinglaces","https:\/\/www.instagram.com\/loopkinglaces\/"]}]}},"_links":{"self":[{"href":"https:\/\/www.loopkinglaces.com\/es\/wp-json\/wp\/v2\/pages\/78058","targetHints":{"allow":["GET"]}}],"collection":[{"href":"https:\/\/www.loopkinglaces.com\/es\/wp-json\/wp\/v2\/pages"}],"about":[{"href":"https:\/\/www.loopkinglaces.com\/es\/wp-json\/wp\/v2\/types\/page"}],"author":[{"embeddable":true,"href":"https:\/\/www.loopkinglaces.com\/es\/wp-json\/wp\/v2\/users\/1"}],"replies":[{"embeddable":true,"href":"https:\/\/www.loopkinglaces.com\/es\/wp-json\/wp\/v2\/comments?post=78058"}],"version-history":[{"count":0,"href":"https:\/\/www.loopkinglaces.com\/es\/wp-json\/wp\/v2\/pages\/78058\/revisions"}],"wp:attachment":[{"href":"https:\/\/www.loopkinglaces.com\/es\/wp-json\/wp\/v2\/media?parent=78058"}],"curies":[{"name":"wp","href":"https:\/\/api.w.org\/{rel}","templated":true}]}}