{"id":78054,"date":"2017-12-07T14:40:29","date_gmt":"2017-12-07T14:40:29","guid":{"rendered":"https:\/\/www.loopkinglaces.com\/envio-y-entrega\/"},"modified":"2024-11-19T22:51:48","modified_gmt":"2024-11-19T22:51:48","slug":"envio-y-entrega","status":"publish","type":"page","link":"https:\/\/www.loopkinglaces.com\/es\/envio-y-entrega\/","title":{"rendered":"ENV\u00cdO Y ENTREGA"},"content":{"rendered":"\n<h1>Hemos reinventado nuestros env\u00edos para que sean m\u00e1s r\u00e1pidos. Porque esperar es penoso. <\/h1>\n<p>Gasta 29 $ y consigue el <strong>env\u00edo GRATIS (s\u00f3lo EE.UU.)<\/strong><\/p>\n<p><p><em>*El env\u00edo a EE.UU. cuesta 4,99 $, mientras que el env\u00edo internacional cuesta 6,99 $*.<\/em><\/p>\n<h2><strong>Hora por lugar:<\/strong><\/h2>\n<div class=\"table-responsive\">\n<table class=\"table table-striped\">\n<thead>\n<tr>\n<th>Localizaci\u00f3n<\/th>\n<th>*Tiempo estimado de env\u00edo<\/th>\n<\/tr>\n<\/thead>\n<tbody>\n<tr>\n<td>Estados Unidos, Canad\u00e1<\/td>\n<td>1-2 d\u00edas laborables<\/td>\n<\/tr>\n<tr>\n<td>Reino Unido, Europa<\/td>\n<td>2-4 d\u00edas laborables<\/td>\n<\/tr>\n<tr>\n<td>Australia, Nueva Zelanda<\/td>\n<td>2-5 d\u00edas laborables<\/td>\n<\/tr>\n<tr>\n<td>Centroam\u00e9rica, Sudam\u00e9rica y M\u00e9xico<\/td>\n<td>2-5 d\u00edas laborables<\/td>\n<\/tr>\n<tr>\n<td>Resto del mundo<\/td>\n<td>2-5 d\u00edas laborables<\/td>\n<\/tr>\n<\/tbody>\n<\/table>\n<p>Loop King Laces est\u00e1 muy orgulloso de ofrecer ahora env\u00edos internacionales que actualmente operan en m\u00e1s de 185 pa\u00edses de todo el mundo. Nos hace extremadamente felices saber que podemos enviar nuestros cordones a personas de todas partes. Seguiremos haci\u00e9ndolo y mejorando nuestros servicios para superar todas las expectativas. Debido a la situaci\u00f3n actual con el Coronavirus, te rogamos que esperes un par de d\u00edas m\u00e1s para la entrega.     <\/p>\n<h3>\u00bfC\u00f3mo se env\u00edan los paquetes?<\/h3>\n<p>Nuestros paquetes se encuentran en nuestros almacenes de EE.UU. y Reino Unido. Esto significa que podemos enviar todos los paquetes a trav\u00e9s de UPS, FedEx y Royal Mail. <\/p>\n<h3>\u00bfHac\u00e9is env\u00edos a todo el mundo?<\/h3>\n<p>Efectivamente. Es uno de los mejores servicios que ofrecemos a nuestros clientes. Realizamos env\u00edos a m\u00e1s de 185 pa\u00edses de todo el mundo. Sin embargo, puede haber algunos lugares en los que no podamos realizar env\u00edos tambi\u00e9n. Si \u00e9ste es el caso, nos pondremos en contacto contigo de forma urgente y te reembolsaremos el importe \u00edntegro de tus art\u00edculos.    <\/p>\n<h3>\u00bfY las aduanas?<\/h3>\n<p>No nos hacemos responsables de los gastos de aduana una vez enviados los art\u00edculos. Al comprar nuestros productos, das tu consentimiento para que uno o varios de tus paquetes te sean enviados y puedas recibir un cargo de aduanas cuando lleguen a tu pa\u00eds. Podemos confirmar que hasta ahora NING\u00daN cliente ha tenido un cargo de aduanas.  <\/p>\n<p> <\/p>\n<p><a href=\"https:\/\/www.loopkinglaces.com\/es\/\">VOLVER A CORDONES LOOP KING  &gt;<\/a><\/p>\n<\/div>\n\n\n","protected":false},"excerpt":{"rendered":"","protected":false},"author":1,"featured_media":0,"parent":0,"menu_order":0,"comment_status":"closed","ping_status":"closed","template":"","meta":{"_acf_changed":false,"footnotes":""},"class_list":["post-78054","page","type-page","status-publish","hentry"],"acf":[],"yoast_head":"<!-- This site is optimized with the Yoast SEO plugin v27.4 - https:\/\/yoast.com\/product\/yoast-seo-wordpress\/ -->\n<title>Informaci\u00f3n de env\u00edo y entrega - Loop King Laces<\/title>\n<meta name=\"robots\" content=\"index, follow, max-snippet:-1, max-image-preview:large, max-video-preview:-1\" \/>\n<link rel=\"canonical\" href=\"https:\/\/www.loopkinglaces.com\/es\/envio-y-entrega\/\" \/>\n<meta property=\"og:locale\" content=\"es_ES\" \/>\n<meta property=\"og:type\" content=\"article\" \/>\n<meta property=\"og:title\" content=\"Informaci\u00f3n de env\u00edo y entrega - Loop King Laces\" \/>\n<meta property=\"og:url\" content=\"https:\/\/www.loopkinglaces.com\/es\/envio-y-entrega\/\" \/>\n<meta property=\"og:site_name\" content=\"Luxury Gold Tip Shoelaces by Loop King Laces\" \/>\n<meta property=\"article:publisher\" content=\"https:\/\/www.facebook.com\/LoopKingLaces\/\" \/>\n<meta property=\"article:modified_time\" content=\"2024-11-19T22:51:48+00:00\" \/>\n<meta name=\"twitter:card\" content=\"summary_large_image\" \/>\n<meta name=\"twitter:site\" content=\"@loopkinglaces\" \/>\n<meta name=\"twitter:label1\" content=\"Tiempo de lectura\" \/>\n\t<meta name=\"twitter:data1\" content=\"2 minutos\" \/>\n<script type=\"application\/ld+json\" class=\"yoast-schema-graph\">{\"@context\":\"https:\\\/\\\/schema.org\",\"@graph\":[{\"@type\":\"WebPage\",\"@id\":\"https:\\\/\\\/www.loopkinglaces.com\\\/es\\\/envio-y-entrega\\\/\",\"url\":\"https:\\\/\\\/www.loopkinglaces.com\\\/es\\\/envio-y-entrega\\\/\",\"name\":\"Informaci\u00f3n de env\u00edo y entrega - Loop King Laces\",\"isPartOf\":{\"@id\":\"https:\\\/\\\/www.loopkinglaces.com\\\/es\\\/#website\"},\"datePublished\":\"2017-12-07T14:40:29+00:00\",\"dateModified\":\"2024-11-19T22:51:48+00:00\",\"breadcrumb\":{\"@id\":\"https:\\\/\\\/www.loopkinglaces.com\\\/es\\\/envio-y-entrega\\\/#breadcrumb\"},\"inLanguage\":\"es\",\"potentialAction\":[{\"@type\":\"ReadAction\",\"target\":[\"https:\\\/\\\/www.loopkinglaces.com\\\/es\\\/envio-y-entrega\\\/\"]}]},{\"@type\":\"BreadcrumbList\",\"@id\":\"https:\\\/\\\/www.loopkinglaces.com\\\/es\\\/envio-y-entrega\\\/#breadcrumb\",\"itemListElement\":[{\"@type\":\"ListItem\",\"position\":1,\"name\":\"Home\",\"item\":\"https:\\\/\\\/www.loopkinglaces.com\\\/es\\\/\"},{\"@type\":\"ListItem\",\"position\":2,\"name\":\"ENV\u00cdO Y ENTREGA\"}]},{\"@type\":\"WebSite\",\"@id\":\"https:\\\/\\\/www.loopkinglaces.com\\\/es\\\/#website\",\"url\":\"https:\\\/\\\/www.loopkinglaces.com\\\/es\\\/\",\"name\":\"Luxury Gold Tip Shoelaces by Loop King Laces\",\"description\":\"Rope Laces, Flat Waxed Laces and Leather Laces. All With Gold Tips.\",\"publisher\":{\"@id\":\"https:\\\/\\\/www.loopkinglaces.com\\\/es\\\/#organization\"},\"potentialAction\":[{\"@type\":\"SearchAction\",\"target\":{\"@type\":\"EntryPoint\",\"urlTemplate\":\"https:\\\/\\\/www.loopkinglaces.com\\\/es\\\/?s={search_term_string}\"},\"query-input\":{\"@type\":\"PropertyValueSpecification\",\"valueRequired\":true,\"valueName\":\"search_term_string\"}}],\"inLanguage\":\"es\"},{\"@type\":\"Organization\",\"@id\":\"https:\\\/\\\/www.loopkinglaces.com\\\/es\\\/#organization\",\"name\":\"Loop King Laces\",\"url\":\"https:\\\/\\\/www.loopkinglaces.com\\\/es\\\/\",\"logo\":{\"@type\":\"ImageObject\",\"inLanguage\":\"es\",\"@id\":\"https:\\\/\\\/www.loopkinglaces.com\\\/es\\\/#\\\/schema\\\/logo\\\/image\\\/\",\"url\":\"https:\\\/\\\/www.loopkinglaces.com\\\/wp-content\\\/uploads\\\/LOOP-KING-LACES.1.1-01-LOGO-HI-RES-OFFICIAL-1.png\",\"contentUrl\":\"https:\\\/\\\/www.loopkinglaces.com\\\/wp-content\\\/uploads\\\/LOOP-KING-LACES.1.1-01-LOGO-HI-RES-OFFICIAL-1.png\",\"width\":128,\"height\":91,\"caption\":\"Loop King Laces\"},\"image\":{\"@id\":\"https:\\\/\\\/www.loopkinglaces.com\\\/es\\\/#\\\/schema\\\/logo\\\/image\\\/\"},\"sameAs\":[\"https:\\\/\\\/www.facebook.com\\\/LoopKingLaces\\\/\",\"https:\\\/\\\/x.com\\\/loopkinglaces\",\"https:\\\/\\\/www.instagram.com\\\/loopkinglaces\\\/\"]}]}<\/script>\n<!-- \/ Yoast SEO plugin. -->","yoast_head_json":{"title":"Informaci\u00f3n de env\u00edo y entrega - Loop King Laces","robots":{"index":"index","follow":"follow","max-snippet":"max-snippet:-1","max-image-preview":"max-image-preview:large","max-video-preview":"max-video-preview:-1"},"canonical":"https:\/\/www.loopkinglaces.com\/es\/envio-y-entrega\/","og_locale":"es_ES","og_type":"article","og_title":"Informaci\u00f3n de env\u00edo y entrega - Loop King Laces","og_url":"https:\/\/www.loopkinglaces.com\/es\/envio-y-entrega\/","og_site_name":"Luxury Gold Tip Shoelaces by Loop King Laces","article_publisher":"https:\/\/www.facebook.com\/LoopKingLaces\/","article_modified_time":"2024-11-19T22:51:48+00:00","twitter_card":"summary_large_image","twitter_site":"@loopkinglaces","twitter_misc":{"Tiempo de lectura":"2 minutos"},"schema":{"@context":"https:\/\/schema.org","@graph":[{"@type":"WebPage","@id":"https:\/\/www.loopkinglaces.com\/es\/envio-y-entrega\/","url":"https:\/\/www.loopkinglaces.com\/es\/envio-y-entrega\/","name":"Informaci\u00f3n de env\u00edo y entrega - Loop King Laces","isPartOf":{"@id":"https:\/\/www.loopkinglaces.com\/es\/#website"},"datePublished":"2017-12-07T14:40:29+00:00","dateModified":"2024-11-19T22:51:48+00:00","breadcrumb":{"@id":"https:\/\/www.loopkinglaces.com\/es\/envio-y-entrega\/#breadcrumb"},"inLanguage":"es","potentialAction":[{"@type":"ReadAction","target":["https:\/\/www.loopkinglaces.com\/es\/envio-y-entrega\/"]}]},{"@type":"BreadcrumbList","@id":"https:\/\/www.loopkinglaces.com\/es\/envio-y-entrega\/#breadcrumb","itemListElement":[{"@type":"ListItem","position":1,"name":"Home","item":"https:\/\/www.loopkinglaces.com\/es\/"},{"@type":"ListItem","position":2,"name":"ENV\u00cdO Y ENTREGA"}]},{"@type":"WebSite","@id":"https:\/\/www.loopkinglaces.com\/es\/#website","url":"https:\/\/www.loopkinglaces.com\/es\/","name":"Luxury Gold Tip Shoelaces by Loop King Laces","description":"Rope Laces, Flat Waxed Laces and Leather Laces. All With Gold Tips.","publisher":{"@id":"https:\/\/www.loopkinglaces.com\/es\/#organization"},"potentialAction":[{"@type":"SearchAction","target":{"@type":"EntryPoint","urlTemplate":"https:\/\/www.loopkinglaces.com\/es\/?s={search_term_string}"},"query-input":{"@type":"PropertyValueSpecification","valueRequired":true,"valueName":"search_term_string"}}],"inLanguage":"es"},{"@type":"Organization","@id":"https:\/\/www.loopkinglaces.com\/es\/#organization","name":"Loop King Laces","url":"https:\/\/www.loopkinglaces.com\/es\/","logo":{"@type":"ImageObject","inLanguage":"es","@id":"https:\/\/www.loopkinglaces.com\/es\/#\/schema\/logo\/image\/","url":"https:\/\/www.loopkinglaces.com\/wp-content\/uploads\/LOOP-KING-LACES.1.1-01-LOGO-HI-RES-OFFICIAL-1.png","contentUrl":"https:\/\/www.loopkinglaces.com\/wp-content\/uploads\/LOOP-KING-LACES.1.1-01-LOGO-HI-RES-OFFICIAL-1.png","width":128,"height":91,"caption":"Loop King Laces"},"image":{"@id":"https:\/\/www.loopkinglaces.com\/es\/#\/schema\/logo\/image\/"},"sameAs":["https:\/\/www.facebook.com\/LoopKingLaces\/","https:\/\/x.com\/loopkinglaces","https:\/\/www.instagram.com\/loopkinglaces\/"]}]}},"_links":{"self":[{"href":"https:\/\/www.loopkinglaces.com\/es\/wp-json\/wp\/v2\/pages\/78054","targetHints":{"allow":["GET"]}}],"collection":[{"href":"https:\/\/www.loopkinglaces.com\/es\/wp-json\/wp\/v2\/pages"}],"about":[{"href":"https:\/\/www.loopkinglaces.com\/es\/wp-json\/wp\/v2\/types\/page"}],"author":[{"embeddable":true,"href":"https:\/\/www.loopkinglaces.com\/es\/wp-json\/wp\/v2\/users\/1"}],"replies":[{"embeddable":true,"href":"https:\/\/www.loopkinglaces.com\/es\/wp-json\/wp\/v2\/comments?post=78054"}],"version-history":[{"count":0,"href":"https:\/\/www.loopkinglaces.com\/es\/wp-json\/wp\/v2\/pages\/78054\/revisions"}],"wp:attachment":[{"href":"https:\/\/www.loopkinglaces.com\/es\/wp-json\/wp\/v2\/media?parent=78054"}],"curies":[{"name":"wp","href":"https:\/\/api.w.org\/{rel}","templated":true}]}}