{"id":78051,"date":"2017-12-07T14:36:21","date_gmt":"2017-12-07T14:36:21","guid":{"rendered":"https:\/\/www.loopkinglaces.com\/devoluciones-y-reembolsos\/"},"modified":"2024-11-19T22:51:48","modified_gmt":"2024-11-19T22:51:48","slug":"devoluciones-y-reembolsos","status":"publish","type":"page","link":"https:\/\/www.loopkinglaces.com\/es\/devoluciones-y-reembolsos\/","title":{"rendered":"DEVOLUCIONES Y REEMBOLSOS"},"content":{"rendered":"\n<h1><strong>Pol\u00edtica de devoluciones y anulaciones<\/strong><\/h1>\n<p>Queremos ofrecerte la mejor experiencia posible, por lo que ofrecemos una pol\u00edtica de devoluci\u00f3n de 30 d\u00edas que te permite devolvernos tu pedido si cambias de opini\u00f3n despu\u00e9s de recibirlo. Puedes cambiarlo u obtener un reembolso en un plazo de 30 d\u00edas sujeto a las condiciones que se indican a continuaci\u00f3n. <\/p>\n<h2><strong>Anulaci\u00f3n<\/strong><\/h2>\n<p><span style=\"font-weight: 400;\">Si quieres cancelar tu pedido poco despu\u00e9s de realizarlo, por favor <\/span><a href=\"https:\/\/www.loopkinglaces.com\/es\/ponte-en-contacto-con\/\"><span style=\"font-weight: 400;\">ponte en contacto con nosotros<\/span><\/a><span style=\"font-weight: 400;\">  en un plazo de 2-3 horas, y haremos todo lo posible por anular tu compra y reembolsarte el importe inmediatamente. Trabajamos muy duro para que los productos se env\u00eden lo antes posible para que te lleguen r\u00e1pidamente. Por eso, una vez iniciado el proceso de embalaje y env\u00edo, tu pedido no podr\u00e1 cancelarse.  <\/span><\/p>\n<h2><b>Devuelve<\/b><\/h2>\n<p><span style=\"font-weight: 400;\">Si cometemos un error al enviarte un art\u00edculo equivocado, te enviaremos el art\u00edculo o art\u00edculos correctos sin cargo adicional.<\/span><\/p>\n<p><span style=\"font-weight: 400;\">Si por cualquier motivo deseas cambiar un producto por otro u obtener un reembolso, entonces <\/span><a href=\"https:\/\/www.loopkinglaces.com\/es\/ponte-en-contacto-con\/\"><span style=\"font-weight: 400;\">ponte en contacto con nosotros<\/span><\/a><span style=\"font-weight: 400;\">  en un plazo de 30 d\u00edas a partir de tu pedido, y nos pondremos en contacto contigo en un plazo de 1 a 2 d\u00edas laborables para organizarlo. Ten en cuenta que s\u00f3lo podemos aceptar la devoluci\u00f3n de un art\u00edculo si el embalaje original est\u00e1 sin abrir y en perfecto estado.   <\/span><\/p>\n<p><span style=\"font-weight: 400;\">S\u00f3lo tienes que devolvernos tus art\u00edculos sin abrir, corriendo t\u00fa con los gastos, y te los cambiaremos por un art\u00edculo de igual o menor valor o te devolveremos el dinero (a tu elecci\u00f3n), siempre que el art\u00edculo siga en su embalaje original, precintado y sin signos de haber sido usado o sacado del embalaje.  <\/span><\/p>\n<p><span style=\"font-weight: 400;\">Los reembolsos suelen procesarse por nuestra parte en un plazo de 1 a 2 d\u00edas despu\u00e9s de que recibamos tus art\u00edculos; los fondos se transfieren a tu cuenta en un plazo de 5 a 10 d\u00edas laborables. Dado que los bancos controlan el \u00faltimo paso de este proceso, lo \u00fanico que podemos controlar es iniciar el reembolso r\u00e1pidamente. <\/span><\/p>\n","protected":false},"excerpt":{"rendered":"<p>Pol\u00edtica de devoluciones y anulaciones Queremos ofrecerte la mejor experiencia posible, por lo que ofrecemos una pol\u00edtica de devoluci\u00f3n de 30 d\u00edas que te permite devolvernos tu pedido si cambias de opini\u00f3n despu\u00e9s de recibirlo. Puedes cambiarlo u obtener un reembolso en un plazo de 30 d\u00edas sujeto a las condiciones que se indican a&#8230; Read More<\/p>\n","protected":false},"author":1,"featured_media":0,"parent":0,"menu_order":0,"comment_status":"closed","ping_status":"closed","template":"","meta":{"_acf_changed":false,"footnotes":""},"class_list":["post-78051","page","type-page","status-publish","hentry"],"acf":[],"yoast_head":"<!-- This site is optimized with the Yoast SEO plugin v27.4 - https:\/\/yoast.com\/product\/yoast-seo-wordpress\/ -->\n<title>Pol\u00edtica de devoluciones y anulaciones - Loop King Laces<\/title>\n<meta name=\"robots\" content=\"index, follow, max-snippet:-1, max-image-preview:large, max-video-preview:-1\" \/>\n<link rel=\"canonical\" href=\"https:\/\/www.loopkinglaces.com\/es\/devoluciones-y-reembolsos\/\" \/>\n<meta property=\"og:locale\" content=\"es_ES\" \/>\n<meta property=\"og:type\" content=\"article\" \/>\n<meta property=\"og:title\" content=\"Pol\u00edtica de devoluciones y anulaciones - Loop King Laces\" \/>\n<meta property=\"og:description\" content=\"Pol\u00edtica de devoluciones y anulaciones Queremos ofrecerte la mejor experiencia posible, por lo que ofrecemos una pol\u00edtica de devoluci\u00f3n de 30 d\u00edas que te permite devolvernos tu pedido si cambias de opini\u00f3n despu\u00e9s de recibirlo. Puedes cambiarlo u obtener un reembolso en un plazo de 30 d\u00edas sujeto a las condiciones que se indican a... Read More\" \/>\n<meta property=\"og:url\" content=\"https:\/\/www.loopkinglaces.com\/es\/devoluciones-y-reembolsos\/\" \/>\n<meta property=\"og:site_name\" content=\"Luxury Gold Tip Shoelaces by Loop King Laces\" \/>\n<meta property=\"article:publisher\" content=\"https:\/\/www.facebook.com\/LoopKingLaces\/\" \/>\n<meta property=\"article:modified_time\" content=\"2024-11-19T22:51:48+00:00\" \/>\n<meta name=\"twitter:card\" content=\"summary_large_image\" \/>\n<meta name=\"twitter:site\" content=\"@loopkinglaces\" \/>\n<meta name=\"twitter:label1\" content=\"Tiempo de lectura\" \/>\n\t<meta name=\"twitter:data1\" content=\"2 minutos\" \/>\n<script type=\"application\/ld+json\" class=\"yoast-schema-graph\">{\"@context\":\"https:\\\/\\\/schema.org\",\"@graph\":[{\"@type\":\"WebPage\",\"@id\":\"https:\\\/\\\/www.loopkinglaces.com\\\/es\\\/devoluciones-y-reembolsos\\\/\",\"url\":\"https:\\\/\\\/www.loopkinglaces.com\\\/es\\\/devoluciones-y-reembolsos\\\/\",\"name\":\"Pol\u00edtica de devoluciones y anulaciones - Loop King Laces\",\"isPartOf\":{\"@id\":\"https:\\\/\\\/www.loopkinglaces.com\\\/es\\\/#website\"},\"datePublished\":\"2017-12-07T14:36:21+00:00\",\"dateModified\":\"2024-11-19T22:51:48+00:00\",\"breadcrumb\":{\"@id\":\"https:\\\/\\\/www.loopkinglaces.com\\\/es\\\/devoluciones-y-reembolsos\\\/#breadcrumb\"},\"inLanguage\":\"es\",\"potentialAction\":[{\"@type\":\"ReadAction\",\"target\":[\"https:\\\/\\\/www.loopkinglaces.com\\\/es\\\/devoluciones-y-reembolsos\\\/\"]}]},{\"@type\":\"BreadcrumbList\",\"@id\":\"https:\\\/\\\/www.loopkinglaces.com\\\/es\\\/devoluciones-y-reembolsos\\\/#breadcrumb\",\"itemListElement\":[{\"@type\":\"ListItem\",\"position\":1,\"name\":\"Home\",\"item\":\"https:\\\/\\\/www.loopkinglaces.com\\\/es\\\/\"},{\"@type\":\"ListItem\",\"position\":2,\"name\":\"DEVOLUCIONES Y REEMBOLSOS\"}]},{\"@type\":\"WebSite\",\"@id\":\"https:\\\/\\\/www.loopkinglaces.com\\\/es\\\/#website\",\"url\":\"https:\\\/\\\/www.loopkinglaces.com\\\/es\\\/\",\"name\":\"Luxury Gold Tip Shoelaces by Loop King Laces\",\"description\":\"Rope Laces, Flat Waxed Laces and Leather Laces. All With Gold Tips.\",\"publisher\":{\"@id\":\"https:\\\/\\\/www.loopkinglaces.com\\\/es\\\/#organization\"},\"potentialAction\":[{\"@type\":\"SearchAction\",\"target\":{\"@type\":\"EntryPoint\",\"urlTemplate\":\"https:\\\/\\\/www.loopkinglaces.com\\\/es\\\/?s={search_term_string}\"},\"query-input\":{\"@type\":\"PropertyValueSpecification\",\"valueRequired\":true,\"valueName\":\"search_term_string\"}}],\"inLanguage\":\"es\"},{\"@type\":\"Organization\",\"@id\":\"https:\\\/\\\/www.loopkinglaces.com\\\/es\\\/#organization\",\"name\":\"Loop King Laces\",\"url\":\"https:\\\/\\\/www.loopkinglaces.com\\\/es\\\/\",\"logo\":{\"@type\":\"ImageObject\",\"inLanguage\":\"es\",\"@id\":\"https:\\\/\\\/www.loopkinglaces.com\\\/es\\\/#\\\/schema\\\/logo\\\/image\\\/\",\"url\":\"https:\\\/\\\/www.loopkinglaces.com\\\/wp-content\\\/uploads\\\/LOOP-KING-LACES.1.1-01-LOGO-HI-RES-OFFICIAL-1.png\",\"contentUrl\":\"https:\\\/\\\/www.loopkinglaces.com\\\/wp-content\\\/uploads\\\/LOOP-KING-LACES.1.1-01-LOGO-HI-RES-OFFICIAL-1.png\",\"width\":128,\"height\":91,\"caption\":\"Loop King Laces\"},\"image\":{\"@id\":\"https:\\\/\\\/www.loopkinglaces.com\\\/es\\\/#\\\/schema\\\/logo\\\/image\\\/\"},\"sameAs\":[\"https:\\\/\\\/www.facebook.com\\\/LoopKingLaces\\\/\",\"https:\\\/\\\/x.com\\\/loopkinglaces\",\"https:\\\/\\\/www.instagram.com\\\/loopkinglaces\\\/\"]}]}<\/script>\n<!-- \/ Yoast SEO plugin. -->","yoast_head_json":{"title":"Pol\u00edtica de devoluciones y anulaciones - Loop King Laces","robots":{"index":"index","follow":"follow","max-snippet":"max-snippet:-1","max-image-preview":"max-image-preview:large","max-video-preview":"max-video-preview:-1"},"canonical":"https:\/\/www.loopkinglaces.com\/es\/devoluciones-y-reembolsos\/","og_locale":"es_ES","og_type":"article","og_title":"Pol\u00edtica de devoluciones y anulaciones - Loop King Laces","og_description":"Pol\u00edtica de devoluciones y anulaciones Queremos ofrecerte la mejor experiencia posible, por lo que ofrecemos una pol\u00edtica de devoluci\u00f3n de 30 d\u00edas que te permite devolvernos tu pedido si cambias de opini\u00f3n despu\u00e9s de recibirlo. Puedes cambiarlo u obtener un reembolso en un plazo de 30 d\u00edas sujeto a las condiciones que se indican a... Read More","og_url":"https:\/\/www.loopkinglaces.com\/es\/devoluciones-y-reembolsos\/","og_site_name":"Luxury Gold Tip Shoelaces by Loop King Laces","article_publisher":"https:\/\/www.facebook.com\/LoopKingLaces\/","article_modified_time":"2024-11-19T22:51:48+00:00","twitter_card":"summary_large_image","twitter_site":"@loopkinglaces","twitter_misc":{"Tiempo de lectura":"2 minutos"},"schema":{"@context":"https:\/\/schema.org","@graph":[{"@type":"WebPage","@id":"https:\/\/www.loopkinglaces.com\/es\/devoluciones-y-reembolsos\/","url":"https:\/\/www.loopkinglaces.com\/es\/devoluciones-y-reembolsos\/","name":"Pol\u00edtica de devoluciones y anulaciones - Loop King Laces","isPartOf":{"@id":"https:\/\/www.loopkinglaces.com\/es\/#website"},"datePublished":"2017-12-07T14:36:21+00:00","dateModified":"2024-11-19T22:51:48+00:00","breadcrumb":{"@id":"https:\/\/www.loopkinglaces.com\/es\/devoluciones-y-reembolsos\/#breadcrumb"},"inLanguage":"es","potentialAction":[{"@type":"ReadAction","target":["https:\/\/www.loopkinglaces.com\/es\/devoluciones-y-reembolsos\/"]}]},{"@type":"BreadcrumbList","@id":"https:\/\/www.loopkinglaces.com\/es\/devoluciones-y-reembolsos\/#breadcrumb","itemListElement":[{"@type":"ListItem","position":1,"name":"Home","item":"https:\/\/www.loopkinglaces.com\/es\/"},{"@type":"ListItem","position":2,"name":"DEVOLUCIONES Y REEMBOLSOS"}]},{"@type":"WebSite","@id":"https:\/\/www.loopkinglaces.com\/es\/#website","url":"https:\/\/www.loopkinglaces.com\/es\/","name":"Luxury Gold Tip Shoelaces by Loop King Laces","description":"Rope Laces, Flat Waxed Laces and Leather Laces. All With Gold Tips.","publisher":{"@id":"https:\/\/www.loopkinglaces.com\/es\/#organization"},"potentialAction":[{"@type":"SearchAction","target":{"@type":"EntryPoint","urlTemplate":"https:\/\/www.loopkinglaces.com\/es\/?s={search_term_string}"},"query-input":{"@type":"PropertyValueSpecification","valueRequired":true,"valueName":"search_term_string"}}],"inLanguage":"es"},{"@type":"Organization","@id":"https:\/\/www.loopkinglaces.com\/es\/#organization","name":"Loop King Laces","url":"https:\/\/www.loopkinglaces.com\/es\/","logo":{"@type":"ImageObject","inLanguage":"es","@id":"https:\/\/www.loopkinglaces.com\/es\/#\/schema\/logo\/image\/","url":"https:\/\/www.loopkinglaces.com\/wp-content\/uploads\/LOOP-KING-LACES.1.1-01-LOGO-HI-RES-OFFICIAL-1.png","contentUrl":"https:\/\/www.loopkinglaces.com\/wp-content\/uploads\/LOOP-KING-LACES.1.1-01-LOGO-HI-RES-OFFICIAL-1.png","width":128,"height":91,"caption":"Loop King Laces"},"image":{"@id":"https:\/\/www.loopkinglaces.com\/es\/#\/schema\/logo\/image\/"},"sameAs":["https:\/\/www.facebook.com\/LoopKingLaces\/","https:\/\/x.com\/loopkinglaces","https:\/\/www.instagram.com\/loopkinglaces\/"]}]}},"_links":{"self":[{"href":"https:\/\/www.loopkinglaces.com\/es\/wp-json\/wp\/v2\/pages\/78051","targetHints":{"allow":["GET"]}}],"collection":[{"href":"https:\/\/www.loopkinglaces.com\/es\/wp-json\/wp\/v2\/pages"}],"about":[{"href":"https:\/\/www.loopkinglaces.com\/es\/wp-json\/wp\/v2\/types\/page"}],"author":[{"embeddable":true,"href":"https:\/\/www.loopkinglaces.com\/es\/wp-json\/wp\/v2\/users\/1"}],"replies":[{"embeddable":true,"href":"https:\/\/www.loopkinglaces.com\/es\/wp-json\/wp\/v2\/comments?post=78051"}],"version-history":[{"count":0,"href":"https:\/\/www.loopkinglaces.com\/es\/wp-json\/wp\/v2\/pages\/78051\/revisions"}],"wp:attachment":[{"href":"https:\/\/www.loopkinglaces.com\/es\/wp-json\/wp\/v2\/media?parent=78051"}],"curies":[{"name":"wp","href":"https:\/\/api.w.org\/{rel}","templated":true}]}}