{"id":67952,"date":"2023-12-08T19:07:06","date_gmt":"2023-12-08T19:07:06","guid":{"rendered":"https:\/\/www.loopkinglaces.com\/products\/hellgraue-duenne-seilschnuersenkel-mit-durchsichtigen-spitzen\/"},"modified":"2024-11-03T22:34:24","modified_gmt":"2024-11-03T22:34:24","slug":"hellgraue-duenne-seilschnuersenkel-mit-durchsichtigen-spitzen","status":"publish","type":"product","link":"https:\/\/www.loopkinglaces.com\/de\/products\/hellgraue-duenne-seilschnuersenkel-mit-durchsichtigen-spitzen\/","title":{"rendered":"D\u00fcnne hellgraue Seilschn\u00fcrsenkel mit durchsichtigen Spitzen"},"content":{"rendered":"<h3><a href=\"https:\/\/www.loopkinglaces.com\/\">Luxus Sneaker Schn\u00fcrsenkel<\/a><\/h3>\n<p>Revolutioniere deinen Schuhstil mit Loop King Laces.<br \/>\nUnsere d\u00fcnnen Seilschn\u00fcrsenkel mit langlebigen, durchsichtigen Kunststoffspitzen sind aus hochwertigen Materialien gefertigt.<br \/>\nIhre Lebensdauer ist dreimal so lang wie die von normalen Schn\u00fcrsenkeln, und ihre vollst\u00e4ndigen Eigenschaften werden weiter unten beschrieben.<br \/>\nUnsere Schn\u00fcrsenkel passen f\u00fcr alle Arten von Turnschuhen und Marken wie Adidas, Nike, VANS und so weiter. In unserer <a href=\"\/shoelace-size-chart\/\">Gr\u00f6\u00dfen\u00fcbersicht<\/a> findest du die perfekte Gr\u00f6\u00dfe f\u00fcr deine Schuhe.<\/p>\n","protected":false},"excerpt":{"rendered":"<p><strong>Light Grey Thin Rope Shoelaces with Clear Tips<\/strong> Verst\u00e4rke den Charme deines Schuhwerks mit Loop King Laces.<br \/>\nDie Thin Rope Shoelaces mit durchsichtigen Kunststoffspitzen sind aus den besten Materialien gefertigt und halten lange.<br \/>\nSie versprechen eine dreimal so lange Lebensdauer wie durchschnittliche Schn\u00fcrsenkel.<br \/>\nEntdecke ihre vielf\u00e4ltigen Eigenschaften unten:<\/p>\n<ul>\n<li>2,5 bis 3 mm Breite (rund)<\/li>\n<li>Hochwertige Materialien<\/li>\n<li>Halten <strong>3 Mal l\u00e4nger<\/strong> als normale Schn\u00fcrsenkel<\/li>\n<li>Hochwertige klare Kunststoffspitzen<\/li>\n<li>100% langstapelige Baumwolle<\/li>\n<li>Sch\u00f6ne Loop King Verpackung<\/li>\n<\/ul>\n","protected":false},"featured_media":59049,"comment_status":"open","ping_status":"closed","template":"","meta":{"_acf_changed":false},"product_brand":[],"product_cat":[613,691,590,722,866,1835,730,726,733,838,629,724,762],"product_tag":[739,635,638,736,738,734,636],"woo-feed-brand":[],"class_list":{"0":"post-67952","1":"product","2":"type-product","3":"status-publish","4":"has-post-thumbnail","6":"product_cat-30-inch-laces-all-modern-and-high-quality-laces","7":"product_cat-63-inch-boot-laces-de","8":"product_cat-all-shoelaces","9":"product_cat-dress-shoe-laces-de","10":"product_cat-die-magie-der-salomon-schnursenkel-loop-kings-no-tie-ersatzschnursenkel","11":"product_cat-dior-shoe-laces-de","12":"product_cat-dunne-schnursenkel-ein-kleiner-kniff-fur-deinen-klassischen-look","13":"product_cat-elegante-und-langlebige-golfschnursenkel-die-auf-dem-golfplatz-glanzen","14":"product_cat-entdecke-die-eleganz-von-dunnen-schnursenkeln-mit-langlebigen-klaren-kunststoffspitzen","15":"product_cat-new-balance-schnursenkel-upgrade-deinen-look","16":"product_cat-prada-shoe-laces-that-add-even-more-ritz-glamor","17":"product_cat-premium-fusball-schnursenkel-langlebig-und-schick","18":"product_cat-schnursenkel-fur-herrenschuhe-die-besser-sind-als-die-originale","19":"product_tag-grau","20":"product_tag-loop-king-de","21":"product_tag-metal-tip-de","22":"product_tag-schnursenkel-aus-seil","23":"product_tag-schnursenkel-mit-goldspitze","24":"product_tag-schwarz","25":"product_tag-shoelaces-de","27":"first","28":"instock","29":"taxable","30":"shipping-taxable","31":"purchasable","32":"product-type-variable"},"acf":[],"yoast_head":"<!-- This site is optimized with the Yoast SEO plugin v27.4 - https:\/\/yoast.com\/product\/yoast-seo-wordpress\/ -->\n<title>D\u00fcnne hellgraue Schn\u00fcrsenkel mit durchsichtigen Spitzen - von Loop King<\/title>\n<meta name=\"description\" content=\"Loop King&#039;s Light Grey Thin Rope Shoelaces: Wo Haltbarkeit auf Stil trifft. Klare Spitzen, vielseitiges Design, perfekt f\u00fcr den t\u00e4glichen Gebrauch. R\u00fcste deine Schuhe jetzt auf!\" \/>\n<meta name=\"robots\" content=\"index, follow, max-snippet:-1, max-image-preview:large, max-video-preview:-1\" \/>\n<link rel=\"canonical\" href=\"https:\/\/www.loopkinglaces.com\/de\/products\/hellgraue-duenne-seilschnuersenkel-mit-durchsichtigen-spitzen\/\" \/>\n<meta property=\"og:locale\" content=\"de_DE\" \/>\n<meta property=\"og:type\" content=\"article\" \/>\n<meta property=\"og:title\" content=\"D\u00fcnne hellgraue Schn\u00fcrsenkel mit durchsichtigen Spitzen - von Loop King\" \/>\n<meta property=\"og:description\" content=\"Loop King&#039;s Light Grey Thin Rope Shoelaces: Wo Haltbarkeit auf Stil trifft. Klare Spitzen, vielseitiges Design, perfekt f\u00fcr den t\u00e4glichen Gebrauch. R\u00fcste deine Schuhe jetzt auf!\" \/>\n<meta property=\"og:url\" content=\"https:\/\/www.loopkinglaces.com\/de\/products\/hellgraue-duenne-seilschnuersenkel-mit-durchsichtigen-spitzen\/\" \/>\n<meta property=\"og:site_name\" content=\"Luxury Gold Tip Shoelaces by Loop King Laces\" \/>\n<meta property=\"article:publisher\" content=\"https:\/\/www.facebook.com\/LoopKingLaces\/\" \/>\n<meta property=\"article:modified_time\" content=\"2024-11-03T22:34:24+00:00\" \/>\n<meta property=\"og:image\" content=\"https:\/\/www.loopkinglaces.com\/wp-content\/uploads\/Light-Grey-Thin-Rope-800x800.jpg\" \/>\n\t<meta property=\"og:image:width\" content=\"800\" \/>\n\t<meta property=\"og:image:height\" content=\"800\" \/>\n\t<meta property=\"og:image:type\" content=\"image\/jpeg\" \/>\n<meta name=\"twitter:card\" content=\"summary_large_image\" \/>\n<meta name=\"twitter:site\" content=\"@loopkinglaces\" \/>\n<meta name=\"twitter:label1\" content=\"Gesch\u00e4tzte Lesezeit\" \/>\n\t<meta name=\"twitter:data1\" content=\"1\u00a0Minute\" \/>\n<script type=\"application\/ld+json\" class=\"yoast-schema-graph\">{\"@context\":\"https:\\\/\\\/schema.org\",\"@graph\":[{\"@type\":[\"WebPage\",\"ItemPage\"],\"@id\":\"https:\\\/\\\/www.loopkinglaces.com\\\/de\\\/products\\\/hellgraue-duenne-seilschnuersenkel-mit-durchsichtigen-spitzen\\\/\",\"url\":\"https:\\\/\\\/www.loopkinglaces.com\\\/de\\\/products\\\/hellgraue-duenne-seilschnuersenkel-mit-durchsichtigen-spitzen\\\/\",\"name\":\"D\u00fcnne hellgraue Schn\u00fcrsenkel mit durchsichtigen Spitzen - von Loop King\",\"isPartOf\":{\"@id\":\"https:\\\/\\\/www.loopkinglaces.com\\\/de\\\/#website\"},\"primaryImageOfPage\":{\"@id\":\"https:\\\/\\\/www.loopkinglaces.com\\\/de\\\/products\\\/hellgraue-duenne-seilschnuersenkel-mit-durchsichtigen-spitzen\\\/#primaryimage\"},\"image\":{\"@id\":\"https:\\\/\\\/www.loopkinglaces.com\\\/de\\\/products\\\/hellgraue-duenne-seilschnuersenkel-mit-durchsichtigen-spitzen\\\/#primaryimage\"},\"thumbnailUrl\":\"https:\\\/\\\/www.loopkinglaces.com\\\/wp-content\\\/uploads\\\/Light-Grey-Thin-Rope.jpg\",\"datePublished\":\"2023-12-08T19:07:06+00:00\",\"dateModified\":\"2024-11-03T22:34:24+00:00\",\"description\":\"Loop King's Light Grey Thin Rope Shoelaces: Wo Haltbarkeit auf Stil trifft. Klare Spitzen, vielseitiges Design, perfekt f\u00fcr den t\u00e4glichen Gebrauch. R\u00fcste deine Schuhe jetzt auf!\",\"breadcrumb\":{\"@id\":\"https:\\\/\\\/www.loopkinglaces.com\\\/de\\\/products\\\/hellgraue-duenne-seilschnuersenkel-mit-durchsichtigen-spitzen\\\/#breadcrumb\"},\"inLanguage\":\"de\",\"potentialAction\":[{\"@type\":\"ReadAction\",\"target\":[\"https:\\\/\\\/www.loopkinglaces.com\\\/de\\\/products\\\/hellgraue-duenne-seilschnuersenkel-mit-durchsichtigen-spitzen\\\/\"]}]},{\"@type\":\"ImageObject\",\"inLanguage\":\"de\",\"@id\":\"https:\\\/\\\/www.loopkinglaces.com\\\/de\\\/products\\\/hellgraue-duenne-seilschnuersenkel-mit-durchsichtigen-spitzen\\\/#primaryimage\",\"url\":\"https:\\\/\\\/www.loopkinglaces.com\\\/wp-content\\\/uploads\\\/Light-Grey-Thin-Rope.jpg\",\"contentUrl\":\"https:\\\/\\\/www.loopkinglaces.com\\\/wp-content\\\/uploads\\\/Light-Grey-Thin-Rope.jpg\",\"width\":2456,\"height\":2455},{\"@type\":\"BreadcrumbList\",\"@id\":\"https:\\\/\\\/www.loopkinglaces.com\\\/de\\\/products\\\/hellgraue-duenne-seilschnuersenkel-mit-durchsichtigen-spitzen\\\/#breadcrumb\",\"itemListElement\":[{\"@type\":\"ListItem\",\"position\":1,\"name\":\"Home\",\"item\":\"https:\\\/\\\/www.loopkinglaces.com\\\/de\\\/\"},{\"@type\":\"ListItem\",\"position\":2,\"name\":\"Shop\",\"item\":\"https:\\\/\\\/www.loopkinglaces.com\\\/de\\\/shop\\\/\"},{\"@type\":\"ListItem\",\"position\":3,\"name\":\"D\u00fcnne hellgraue Seilschn\u00fcrsenkel mit durchsichtigen Spitzen\"}]},{\"@type\":\"WebSite\",\"@id\":\"https:\\\/\\\/www.loopkinglaces.com\\\/de\\\/#website\",\"url\":\"https:\\\/\\\/www.loopkinglaces.com\\\/de\\\/\",\"name\":\"Luxury Gold Tip Shoelaces by Loop King Laces\",\"description\":\"Rope Laces, Flat Waxed Laces and Leather Laces. All With Gold Tips.\",\"publisher\":{\"@id\":\"https:\\\/\\\/www.loopkinglaces.com\\\/de\\\/#organization\"},\"potentialAction\":[{\"@type\":\"SearchAction\",\"target\":{\"@type\":\"EntryPoint\",\"urlTemplate\":\"https:\\\/\\\/www.loopkinglaces.com\\\/de\\\/?s={search_term_string}\"},\"query-input\":{\"@type\":\"PropertyValueSpecification\",\"valueRequired\":true,\"valueName\":\"search_term_string\"}}],\"inLanguage\":\"de\"},{\"@type\":\"Organization\",\"@id\":\"https:\\\/\\\/www.loopkinglaces.com\\\/de\\\/#organization\",\"name\":\"Loop King Laces\",\"url\":\"https:\\\/\\\/www.loopkinglaces.com\\\/de\\\/\",\"logo\":{\"@type\":\"ImageObject\",\"inLanguage\":\"de\",\"@id\":\"https:\\\/\\\/www.loopkinglaces.com\\\/de\\\/#\\\/schema\\\/logo\\\/image\\\/\",\"url\":\"https:\\\/\\\/www.loopkinglaces.com\\\/wp-content\\\/uploads\\\/LOOP-KING-LACES.1.1-01-LOGO-HI-RES-OFFICIAL-1.png\",\"contentUrl\":\"https:\\\/\\\/www.loopkinglaces.com\\\/wp-content\\\/uploads\\\/LOOP-KING-LACES.1.1-01-LOGO-HI-RES-OFFICIAL-1.png\",\"width\":128,\"height\":91,\"caption\":\"Loop King Laces\"},\"image\":{\"@id\":\"https:\\\/\\\/www.loopkinglaces.com\\\/de\\\/#\\\/schema\\\/logo\\\/image\\\/\"},\"sameAs\":[\"https:\\\/\\\/www.facebook.com\\\/LoopKingLaces\\\/\",\"https:\\\/\\\/x.com\\\/loopkinglaces\",\"https:\\\/\\\/www.instagram.com\\\/loopkinglaces\\\/\"]}]}<\/script>\n<!-- \/ Yoast SEO plugin. -->","yoast_head_json":{"title":"D\u00fcnne hellgraue Schn\u00fcrsenkel mit durchsichtigen Spitzen - von Loop King","description":"Loop King's Light Grey Thin Rope Shoelaces: Wo Haltbarkeit auf Stil trifft. Klare Spitzen, vielseitiges Design, perfekt f\u00fcr den t\u00e4glichen Gebrauch. R\u00fcste deine Schuhe jetzt auf!","robots":{"index":"index","follow":"follow","max-snippet":"max-snippet:-1","max-image-preview":"max-image-preview:large","max-video-preview":"max-video-preview:-1"},"canonical":"https:\/\/www.loopkinglaces.com\/de\/products\/hellgraue-duenne-seilschnuersenkel-mit-durchsichtigen-spitzen\/","og_locale":"de_DE","og_type":"article","og_title":"D\u00fcnne hellgraue Schn\u00fcrsenkel mit durchsichtigen Spitzen - von Loop King","og_description":"Loop King's Light Grey Thin Rope Shoelaces: Wo Haltbarkeit auf Stil trifft. Klare Spitzen, vielseitiges Design, perfekt f\u00fcr den t\u00e4glichen Gebrauch. R\u00fcste deine Schuhe jetzt auf!","og_url":"https:\/\/www.loopkinglaces.com\/de\/products\/hellgraue-duenne-seilschnuersenkel-mit-durchsichtigen-spitzen\/","og_site_name":"Luxury Gold Tip Shoelaces by Loop King Laces","article_publisher":"https:\/\/www.facebook.com\/LoopKingLaces\/","article_modified_time":"2024-11-03T22:34:24+00:00","og_image":[{"width":800,"height":800,"url":"https:\/\/www.loopkinglaces.com\/wp-content\/uploads\/Light-Grey-Thin-Rope-800x800.jpg","type":"image\/jpeg"}],"twitter_card":"summary_large_image","twitter_site":"@loopkinglaces","twitter_misc":{"Gesch\u00e4tzte Lesezeit":"1\u00a0Minute"},"schema":{"@context":"https:\/\/schema.org","@graph":[{"@type":["WebPage","ItemPage"],"@id":"https:\/\/www.loopkinglaces.com\/de\/products\/hellgraue-duenne-seilschnuersenkel-mit-durchsichtigen-spitzen\/","url":"https:\/\/www.loopkinglaces.com\/de\/products\/hellgraue-duenne-seilschnuersenkel-mit-durchsichtigen-spitzen\/","name":"D\u00fcnne hellgraue Schn\u00fcrsenkel mit durchsichtigen Spitzen - von Loop King","isPartOf":{"@id":"https:\/\/www.loopkinglaces.com\/de\/#website"},"primaryImageOfPage":{"@id":"https:\/\/www.loopkinglaces.com\/de\/products\/hellgraue-duenne-seilschnuersenkel-mit-durchsichtigen-spitzen\/#primaryimage"},"image":{"@id":"https:\/\/www.loopkinglaces.com\/de\/products\/hellgraue-duenne-seilschnuersenkel-mit-durchsichtigen-spitzen\/#primaryimage"},"thumbnailUrl":"https:\/\/www.loopkinglaces.com\/wp-content\/uploads\/Light-Grey-Thin-Rope.jpg","datePublished":"2023-12-08T19:07:06+00:00","dateModified":"2024-11-03T22:34:24+00:00","description":"Loop King's Light Grey Thin Rope Shoelaces: Wo Haltbarkeit auf Stil trifft. Klare Spitzen, vielseitiges Design, perfekt f\u00fcr den t\u00e4glichen Gebrauch. R\u00fcste deine Schuhe jetzt auf!","breadcrumb":{"@id":"https:\/\/www.loopkinglaces.com\/de\/products\/hellgraue-duenne-seilschnuersenkel-mit-durchsichtigen-spitzen\/#breadcrumb"},"inLanguage":"de","potentialAction":[{"@type":"ReadAction","target":["https:\/\/www.loopkinglaces.com\/de\/products\/hellgraue-duenne-seilschnuersenkel-mit-durchsichtigen-spitzen\/"]}]},{"@type":"ImageObject","inLanguage":"de","@id":"https:\/\/www.loopkinglaces.com\/de\/products\/hellgraue-duenne-seilschnuersenkel-mit-durchsichtigen-spitzen\/#primaryimage","url":"https:\/\/www.loopkinglaces.com\/wp-content\/uploads\/Light-Grey-Thin-Rope.jpg","contentUrl":"https:\/\/www.loopkinglaces.com\/wp-content\/uploads\/Light-Grey-Thin-Rope.jpg","width":2456,"height":2455},{"@type":"BreadcrumbList","@id":"https:\/\/www.loopkinglaces.com\/de\/products\/hellgraue-duenne-seilschnuersenkel-mit-durchsichtigen-spitzen\/#breadcrumb","itemListElement":[{"@type":"ListItem","position":1,"name":"Home","item":"https:\/\/www.loopkinglaces.com\/de\/"},{"@type":"ListItem","position":2,"name":"Shop","item":"https:\/\/www.loopkinglaces.com\/de\/shop\/"},{"@type":"ListItem","position":3,"name":"D\u00fcnne hellgraue Seilschn\u00fcrsenkel mit durchsichtigen Spitzen"}]},{"@type":"WebSite","@id":"https:\/\/www.loopkinglaces.com\/de\/#website","url":"https:\/\/www.loopkinglaces.com\/de\/","name":"Luxury Gold Tip Shoelaces by Loop King Laces","description":"Rope Laces, Flat Waxed Laces and Leather Laces. All With Gold Tips.","publisher":{"@id":"https:\/\/www.loopkinglaces.com\/de\/#organization"},"potentialAction":[{"@type":"SearchAction","target":{"@type":"EntryPoint","urlTemplate":"https:\/\/www.loopkinglaces.com\/de\/?s={search_term_string}"},"query-input":{"@type":"PropertyValueSpecification","valueRequired":true,"valueName":"search_term_string"}}],"inLanguage":"de"},{"@type":"Organization","@id":"https:\/\/www.loopkinglaces.com\/de\/#organization","name":"Loop King Laces","url":"https:\/\/www.loopkinglaces.com\/de\/","logo":{"@type":"ImageObject","inLanguage":"de","@id":"https:\/\/www.loopkinglaces.com\/de\/#\/schema\/logo\/image\/","url":"https:\/\/www.loopkinglaces.com\/wp-content\/uploads\/LOOP-KING-LACES.1.1-01-LOGO-HI-RES-OFFICIAL-1.png","contentUrl":"https:\/\/www.loopkinglaces.com\/wp-content\/uploads\/LOOP-KING-LACES.1.1-01-LOGO-HI-RES-OFFICIAL-1.png","width":128,"height":91,"caption":"Loop King Laces"},"image":{"@id":"https:\/\/www.loopkinglaces.com\/de\/#\/schema\/logo\/image\/"},"sameAs":["https:\/\/www.facebook.com\/LoopKingLaces\/","https:\/\/x.com\/loopkinglaces","https:\/\/www.instagram.com\/loopkinglaces\/"]}]}},"_links":{"self":[{"href":"https:\/\/www.loopkinglaces.com\/de\/wp-json\/wp\/v2\/product\/67952","targetHints":{"allow":["GET"]}}],"collection":[{"href":"https:\/\/www.loopkinglaces.com\/de\/wp-json\/wp\/v2\/product"}],"about":[{"href":"https:\/\/www.loopkinglaces.com\/de\/wp-json\/wp\/v2\/types\/product"}],"replies":[{"embeddable":true,"href":"https:\/\/www.loopkinglaces.com\/de\/wp-json\/wp\/v2\/comments?post=67952"}],"wp:featuredmedia":[{"embeddable":true,"href":"https:\/\/www.loopkinglaces.com\/de\/wp-json\/wp\/v2\/media\/59049"}],"wp:attachment":[{"href":"https:\/\/www.loopkinglaces.com\/de\/wp-json\/wp\/v2\/media?parent=67952"}],"wp:term":[{"taxonomy":"product_brand","embeddable":true,"href":"https:\/\/www.loopkinglaces.com\/de\/wp-json\/wp\/v2\/product_brand?post=67952"},{"taxonomy":"product_cat","embeddable":true,"href":"https:\/\/www.loopkinglaces.com\/de\/wp-json\/wp\/v2\/product_cat?post=67952"},{"taxonomy":"product_tag","embeddable":true,"href":"https:\/\/www.loopkinglaces.com\/de\/wp-json\/wp\/v2\/product_tag?post=67952"},{"taxonomy":"woo-feed-brand","embeddable":true,"href":"https:\/\/www.loopkinglaces.com\/de\/wp-json\/wp\/v2\/woo-feed-brand?post=67952"}],"curies":[{"name":"wp","href":"https:\/\/api.w.org\/{rel}","templated":true}]}}