{"id":67942,"date":"2023-12-08T18:31:39","date_gmt":"2023-12-08T18:31:39","guid":{"rendered":"https:\/\/www.loopkinglaces.com\/products\/weisse-duenne-seilschnuersenkel-mit-durchsichtigen-spitzen\/"},"modified":"2024-11-04T17:01:25","modified_gmt":"2024-11-04T17:01:25","slug":"weisse-duenne-seilschnuersenkel-mit-durchsichtigen-spitzen","status":"publish","type":"product","link":"https:\/\/www.loopkinglaces.com\/de\/products\/weisse-duenne-seilschnuersenkel-mit-durchsichtigen-spitzen\/","title":{"rendered":"Wei\u00dfe d\u00fcnne Seilschn\u00fcrsenkel mit durchsichtigen Spitzen"},"content":{"rendered":"<h3><a href=\"https:\/\/www.loopkinglaces.com\/\">Luxus Sneaker Schn\u00fcrsenkel<\/a><\/h3>\n<p>Mit den Loop King Schn\u00fcrsenkeln kannst du die Eleganz deines Schuhwerks neu definieren.<br \/>\nDie Thin Rope Shoelaces mit ihren durchsichtigen Kunststoffspitzen sind aus hochwertigen Materialien gefertigt und besonders langlebig.<br \/>\nMit einer dreimal l\u00e4ngeren Lebensdauer als herk\u00f6mmliche Schn\u00fcrsenkel, entdecke ihre umfangreichen Eigenschaften.<br \/>\nUnsere Schn\u00fcrsenkel passen f\u00fcr alle Arten von Turnschuhen und Marken wie Adidas, Nike, VANS und so weiter. Besuche unsere <a href=\"\/shoelace-size-chart\/\">Gr\u00f6\u00dfentabelle<\/a>, in der du die perfekte Gr\u00f6\u00dfe f\u00fcr deine Schuhe findest.<\/p>\n","protected":false},"excerpt":{"rendered":"<p><strong>Wei\u00dfe d\u00fcnne Seilschn\u00fcrsenkel mit durchsichtigen Spitzen<\/strong> Mit Loop King Schn\u00fcrsenkeln kannst du deinen Stil verbessern.<br \/>\nUnsere Thin Rope Shoelaces mit elastischen, durchsichtigen Kunststoffspitzen sind aus den hochwertigsten Materialien hergestellt.<br \/>\nSie versprechen eine dreifach verl\u00e4ngerte Lebensdauer im Vergleich zu herk\u00f6mmlichen Schn\u00fcrsenkeln und haben folgende Eigenschaften:<\/p>\n<ul>\n<li>2,5 bis 3 mm Breite (rund)<\/li>\n<li>Hochwertige Materialien<\/li>\n<li>Halten <strong>3 Mal l\u00e4nger<\/strong> als normale Schn\u00fcrsenkel<\/li>\n<li>Hochwertige klare Kunststoffspitzen<\/li>\n<li>100% langstapelige Baumwolle<\/li>\n<li>Sch\u00f6ne Loop King Verpackung<\/li>\n<\/ul>\n","protected":false},"featured_media":59040,"comment_status":"open","ping_status":"closed","template":"","meta":{"_acf_changed":false},"product_brand":[],"product_cat":[613,616,694,590,701,722,730,726,761,733,838,724,623,806,831],"product_tag":[739,635,638,736,738,734,636],"woo-feed-brand":[],"class_list":{"0":"post-67942","1":"product","2":"type-product","3":"status-publish","4":"has-post-thumbnail","6":"product_cat-30-inch-laces-all-modern-and-high-quality-laces","7":"product_cat-54-shoelaces-all-fancy-and-top-quality-laces","8":"product_cat-80-inch-shoelaces-the-secret-to-snazzy-steps","9":"product_cat-all-shoelaces","10":"product_cat-allen-edmonds-shoe-laces-a-step-above-the-ordinary","11":"product_cat-dress-shoe-laces-de","12":"product_cat-dunne-schnursenkel-ein-kleiner-kniff-fur-deinen-klassischen-look","13":"product_cat-elegante-und-langlebige-golfschnursenkel-die-auf-dem-golfplatz-glanzen","14":"product_cat-elite-level-jordan-1-bordeaux-weise-schnursenkel-die-luxurios-aussehen","15":"product_cat-entdecke-die-eleganz-von-dunnen-schnursenkeln-mit-langlebigen-klaren-kunststoffspitzen","16":"product_cat-new-balance-schnursenkel-upgrade-deinen-look","17":"product_cat-premium-fusball-schnursenkel-langlebig-und-schick","18":"product_cat-premium-yeezy-380-laces-to-add-style-comfort-durability","19":"product_cat-sperry-schnursenkel-kleine-details-fur-unterschiedliche-ergebnisse","20":"product_cat-weise-nike-schnursenkel-die-so-hell-wie-ein-stern-leuchten","21":"product_tag-grau","22":"product_tag-loop-king-de","23":"product_tag-metal-tip-de","24":"product_tag-schnursenkel-aus-seil","25":"product_tag-schnursenkel-mit-goldspitze","26":"product_tag-schwarz","27":"product_tag-shoelaces-de","29":"first","30":"instock","31":"taxable","32":"shipping-taxable","33":"purchasable","34":"product-type-variable"},"acf":[],"yoast_head":"<!-- This site is optimized with the Yoast SEO plugin v27.4 - https:\/\/yoast.com\/product\/yoast-seo-wordpress\/ -->\n<title>Wei\u00dfe d\u00fcnne Schn\u00fcrsenkel mit durchsichtigen Spitzen - von Loop King<\/title>\n<meta name=\"description\" content=\"Versch\u00f6nere dein Schuhwerk mit den wei\u00dfen d\u00fcnnen Schn\u00fcrsenkeln von Loop King mit durchsichtigen Spitzen. Langlebig, elegant und mit klaren Spitzen f\u00fcr einen modernen Twist. Hol dir deine jetzt!\" \/>\n<meta name=\"robots\" content=\"index, follow, max-snippet:-1, max-image-preview:large, max-video-preview:-1\" \/>\n<link rel=\"canonical\" href=\"https:\/\/www.loopkinglaces.com\/de\/products\/weisse-duenne-seilschnuersenkel-mit-durchsichtigen-spitzen\/\" \/>\n<meta property=\"og:locale\" content=\"de_DE\" \/>\n<meta property=\"og:type\" content=\"article\" \/>\n<meta property=\"og:title\" content=\"Wei\u00dfe d\u00fcnne Schn\u00fcrsenkel mit durchsichtigen Spitzen - von Loop King\" \/>\n<meta property=\"og:description\" content=\"Versch\u00f6nere dein Schuhwerk mit den wei\u00dfen d\u00fcnnen Schn\u00fcrsenkeln von Loop King mit durchsichtigen Spitzen. Langlebig, elegant und mit klaren Spitzen f\u00fcr einen modernen Twist. Hol dir deine jetzt!\" \/>\n<meta property=\"og:url\" content=\"https:\/\/www.loopkinglaces.com\/de\/products\/weisse-duenne-seilschnuersenkel-mit-durchsichtigen-spitzen\/\" \/>\n<meta property=\"og:site_name\" content=\"Luxury Gold Tip Shoelaces by Loop King Laces\" \/>\n<meta property=\"article:publisher\" content=\"https:\/\/www.facebook.com\/LoopKingLaces\/\" \/>\n<meta property=\"article:modified_time\" content=\"2024-11-04T17:01:25+00:00\" \/>\n<meta property=\"og:image\" content=\"https:\/\/www.loopkinglaces.com\/wp-content\/uploads\/White-Thin-Rope-scaled.jpg\" \/>\n\t<meta property=\"og:image:width\" content=\"2560\" \/>\n\t<meta property=\"og:image:height\" content=\"2560\" \/>\n\t<meta property=\"og:image:type\" content=\"image\/jpeg\" \/>\n<meta name=\"twitter:card\" content=\"summary_large_image\" \/>\n<meta name=\"twitter:site\" content=\"@loopkinglaces\" \/>\n<meta name=\"twitter:label1\" content=\"Gesch\u00e4tzte Lesezeit\" \/>\n\t<meta name=\"twitter:data1\" content=\"1\u00a0Minute\" \/>\n<script type=\"application\/ld+json\" class=\"yoast-schema-graph\">{\"@context\":\"https:\\\/\\\/schema.org\",\"@graph\":[{\"@type\":[\"WebPage\",\"ItemPage\"],\"@id\":\"https:\\\/\\\/www.loopkinglaces.com\\\/de\\\/products\\\/weisse-duenne-seilschnuersenkel-mit-durchsichtigen-spitzen\\\/\",\"url\":\"https:\\\/\\\/www.loopkinglaces.com\\\/de\\\/products\\\/weisse-duenne-seilschnuersenkel-mit-durchsichtigen-spitzen\\\/\",\"name\":\"Wei\u00dfe d\u00fcnne Schn\u00fcrsenkel mit durchsichtigen Spitzen - von Loop King\",\"isPartOf\":{\"@id\":\"https:\\\/\\\/www.loopkinglaces.com\\\/de\\\/#website\"},\"primaryImageOfPage\":{\"@id\":\"https:\\\/\\\/www.loopkinglaces.com\\\/de\\\/products\\\/weisse-duenne-seilschnuersenkel-mit-durchsichtigen-spitzen\\\/#primaryimage\"},\"image\":{\"@id\":\"https:\\\/\\\/www.loopkinglaces.com\\\/de\\\/products\\\/weisse-duenne-seilschnuersenkel-mit-durchsichtigen-spitzen\\\/#primaryimage\"},\"thumbnailUrl\":\"https:\\\/\\\/www.loopkinglaces.com\\\/wp-content\\\/uploads\\\/White-Thin-Rope-scaled.jpg\",\"datePublished\":\"2023-12-08T18:31:39+00:00\",\"dateModified\":\"2024-11-04T17:01:25+00:00\",\"description\":\"Versch\u00f6nere dein Schuhwerk mit den wei\u00dfen d\u00fcnnen Schn\u00fcrsenkeln von Loop King mit durchsichtigen Spitzen. Langlebig, elegant und mit klaren Spitzen f\u00fcr einen modernen Twist. Hol dir deine jetzt!\",\"breadcrumb\":{\"@id\":\"https:\\\/\\\/www.loopkinglaces.com\\\/de\\\/products\\\/weisse-duenne-seilschnuersenkel-mit-durchsichtigen-spitzen\\\/#breadcrumb\"},\"inLanguage\":\"de\",\"potentialAction\":[{\"@type\":\"ReadAction\",\"target\":[\"https:\\\/\\\/www.loopkinglaces.com\\\/de\\\/products\\\/weisse-duenne-seilschnuersenkel-mit-durchsichtigen-spitzen\\\/\"]}]},{\"@type\":\"ImageObject\",\"inLanguage\":\"de\",\"@id\":\"https:\\\/\\\/www.loopkinglaces.com\\\/de\\\/products\\\/weisse-duenne-seilschnuersenkel-mit-durchsichtigen-spitzen\\\/#primaryimage\",\"url\":\"https:\\\/\\\/www.loopkinglaces.com\\\/wp-content\\\/uploads\\\/White-Thin-Rope-scaled.jpg\",\"contentUrl\":\"https:\\\/\\\/www.loopkinglaces.com\\\/wp-content\\\/uploads\\\/White-Thin-Rope-scaled.jpg\",\"width\":2560,\"height\":2560},{\"@type\":\"BreadcrumbList\",\"@id\":\"https:\\\/\\\/www.loopkinglaces.com\\\/de\\\/products\\\/weisse-duenne-seilschnuersenkel-mit-durchsichtigen-spitzen\\\/#breadcrumb\",\"itemListElement\":[{\"@type\":\"ListItem\",\"position\":1,\"name\":\"Home\",\"item\":\"https:\\\/\\\/www.loopkinglaces.com\\\/de\\\/\"},{\"@type\":\"ListItem\",\"position\":2,\"name\":\"Shop\",\"item\":\"https:\\\/\\\/www.loopkinglaces.com\\\/de\\\/shop\\\/\"},{\"@type\":\"ListItem\",\"position\":3,\"name\":\"Wei\u00dfe d\u00fcnne Seilschn\u00fcrsenkel mit durchsichtigen Spitzen\"}]},{\"@type\":\"WebSite\",\"@id\":\"https:\\\/\\\/www.loopkinglaces.com\\\/de\\\/#website\",\"url\":\"https:\\\/\\\/www.loopkinglaces.com\\\/de\\\/\",\"name\":\"Luxury Gold Tip Shoelaces by Loop King Laces\",\"description\":\"Rope Laces, Flat Waxed Laces and Leather Laces. All With Gold Tips.\",\"publisher\":{\"@id\":\"https:\\\/\\\/www.loopkinglaces.com\\\/de\\\/#organization\"},\"potentialAction\":[{\"@type\":\"SearchAction\",\"target\":{\"@type\":\"EntryPoint\",\"urlTemplate\":\"https:\\\/\\\/www.loopkinglaces.com\\\/de\\\/?s={search_term_string}\"},\"query-input\":{\"@type\":\"PropertyValueSpecification\",\"valueRequired\":true,\"valueName\":\"search_term_string\"}}],\"inLanguage\":\"de\"},{\"@type\":\"Organization\",\"@id\":\"https:\\\/\\\/www.loopkinglaces.com\\\/de\\\/#organization\",\"name\":\"Loop King Laces\",\"url\":\"https:\\\/\\\/www.loopkinglaces.com\\\/de\\\/\",\"logo\":{\"@type\":\"ImageObject\",\"inLanguage\":\"de\",\"@id\":\"https:\\\/\\\/www.loopkinglaces.com\\\/de\\\/#\\\/schema\\\/logo\\\/image\\\/\",\"url\":\"https:\\\/\\\/www.loopkinglaces.com\\\/wp-content\\\/uploads\\\/LOOP-KING-LACES.1.1-01-LOGO-HI-RES-OFFICIAL-1.png\",\"contentUrl\":\"https:\\\/\\\/www.loopkinglaces.com\\\/wp-content\\\/uploads\\\/LOOP-KING-LACES.1.1-01-LOGO-HI-RES-OFFICIAL-1.png\",\"width\":128,\"height\":91,\"caption\":\"Loop King Laces\"},\"image\":{\"@id\":\"https:\\\/\\\/www.loopkinglaces.com\\\/de\\\/#\\\/schema\\\/logo\\\/image\\\/\"},\"sameAs\":[\"https:\\\/\\\/www.facebook.com\\\/LoopKingLaces\\\/\",\"https:\\\/\\\/x.com\\\/loopkinglaces\",\"https:\\\/\\\/www.instagram.com\\\/loopkinglaces\\\/\"]}]}<\/script>\n<!-- \/ Yoast SEO plugin. -->","yoast_head_json":{"title":"Wei\u00dfe d\u00fcnne Schn\u00fcrsenkel mit durchsichtigen Spitzen - von Loop King","description":"Versch\u00f6nere dein Schuhwerk mit den wei\u00dfen d\u00fcnnen Schn\u00fcrsenkeln von Loop King mit durchsichtigen Spitzen. Langlebig, elegant und mit klaren Spitzen f\u00fcr einen modernen Twist. Hol dir deine jetzt!","robots":{"index":"index","follow":"follow","max-snippet":"max-snippet:-1","max-image-preview":"max-image-preview:large","max-video-preview":"max-video-preview:-1"},"canonical":"https:\/\/www.loopkinglaces.com\/de\/products\/weisse-duenne-seilschnuersenkel-mit-durchsichtigen-spitzen\/","og_locale":"de_DE","og_type":"article","og_title":"Wei\u00dfe d\u00fcnne Schn\u00fcrsenkel mit durchsichtigen Spitzen - von Loop King","og_description":"Versch\u00f6nere dein Schuhwerk mit den wei\u00dfen d\u00fcnnen Schn\u00fcrsenkeln von Loop King mit durchsichtigen Spitzen. Langlebig, elegant und mit klaren Spitzen f\u00fcr einen modernen Twist. Hol dir deine jetzt!","og_url":"https:\/\/www.loopkinglaces.com\/de\/products\/weisse-duenne-seilschnuersenkel-mit-durchsichtigen-spitzen\/","og_site_name":"Luxury Gold Tip Shoelaces by Loop King Laces","article_publisher":"https:\/\/www.facebook.com\/LoopKingLaces\/","article_modified_time":"2024-11-04T17:01:25+00:00","og_image":[{"width":2560,"height":2560,"url":"https:\/\/www.loopkinglaces.com\/wp-content\/uploads\/White-Thin-Rope-scaled.jpg","type":"image\/jpeg"}],"twitter_card":"summary_large_image","twitter_site":"@loopkinglaces","twitter_misc":{"Gesch\u00e4tzte Lesezeit":"1\u00a0Minute"},"schema":{"@context":"https:\/\/schema.org","@graph":[{"@type":["WebPage","ItemPage"],"@id":"https:\/\/www.loopkinglaces.com\/de\/products\/weisse-duenne-seilschnuersenkel-mit-durchsichtigen-spitzen\/","url":"https:\/\/www.loopkinglaces.com\/de\/products\/weisse-duenne-seilschnuersenkel-mit-durchsichtigen-spitzen\/","name":"Wei\u00dfe d\u00fcnne Schn\u00fcrsenkel mit durchsichtigen Spitzen - von Loop King","isPartOf":{"@id":"https:\/\/www.loopkinglaces.com\/de\/#website"},"primaryImageOfPage":{"@id":"https:\/\/www.loopkinglaces.com\/de\/products\/weisse-duenne-seilschnuersenkel-mit-durchsichtigen-spitzen\/#primaryimage"},"image":{"@id":"https:\/\/www.loopkinglaces.com\/de\/products\/weisse-duenne-seilschnuersenkel-mit-durchsichtigen-spitzen\/#primaryimage"},"thumbnailUrl":"https:\/\/www.loopkinglaces.com\/wp-content\/uploads\/White-Thin-Rope-scaled.jpg","datePublished":"2023-12-08T18:31:39+00:00","dateModified":"2024-11-04T17:01:25+00:00","description":"Versch\u00f6nere dein Schuhwerk mit den wei\u00dfen d\u00fcnnen Schn\u00fcrsenkeln von Loop King mit durchsichtigen Spitzen. Langlebig, elegant und mit klaren Spitzen f\u00fcr einen modernen Twist. Hol dir deine jetzt!","breadcrumb":{"@id":"https:\/\/www.loopkinglaces.com\/de\/products\/weisse-duenne-seilschnuersenkel-mit-durchsichtigen-spitzen\/#breadcrumb"},"inLanguage":"de","potentialAction":[{"@type":"ReadAction","target":["https:\/\/www.loopkinglaces.com\/de\/products\/weisse-duenne-seilschnuersenkel-mit-durchsichtigen-spitzen\/"]}]},{"@type":"ImageObject","inLanguage":"de","@id":"https:\/\/www.loopkinglaces.com\/de\/products\/weisse-duenne-seilschnuersenkel-mit-durchsichtigen-spitzen\/#primaryimage","url":"https:\/\/www.loopkinglaces.com\/wp-content\/uploads\/White-Thin-Rope-scaled.jpg","contentUrl":"https:\/\/www.loopkinglaces.com\/wp-content\/uploads\/White-Thin-Rope-scaled.jpg","width":2560,"height":2560},{"@type":"BreadcrumbList","@id":"https:\/\/www.loopkinglaces.com\/de\/products\/weisse-duenne-seilschnuersenkel-mit-durchsichtigen-spitzen\/#breadcrumb","itemListElement":[{"@type":"ListItem","position":1,"name":"Home","item":"https:\/\/www.loopkinglaces.com\/de\/"},{"@type":"ListItem","position":2,"name":"Shop","item":"https:\/\/www.loopkinglaces.com\/de\/shop\/"},{"@type":"ListItem","position":3,"name":"Wei\u00dfe d\u00fcnne Seilschn\u00fcrsenkel mit durchsichtigen Spitzen"}]},{"@type":"WebSite","@id":"https:\/\/www.loopkinglaces.com\/de\/#website","url":"https:\/\/www.loopkinglaces.com\/de\/","name":"Luxury Gold Tip Shoelaces by Loop King Laces","description":"Rope Laces, Flat Waxed Laces and Leather Laces. All With Gold Tips.","publisher":{"@id":"https:\/\/www.loopkinglaces.com\/de\/#organization"},"potentialAction":[{"@type":"SearchAction","target":{"@type":"EntryPoint","urlTemplate":"https:\/\/www.loopkinglaces.com\/de\/?s={search_term_string}"},"query-input":{"@type":"PropertyValueSpecification","valueRequired":true,"valueName":"search_term_string"}}],"inLanguage":"de"},{"@type":"Organization","@id":"https:\/\/www.loopkinglaces.com\/de\/#organization","name":"Loop King Laces","url":"https:\/\/www.loopkinglaces.com\/de\/","logo":{"@type":"ImageObject","inLanguage":"de","@id":"https:\/\/www.loopkinglaces.com\/de\/#\/schema\/logo\/image\/","url":"https:\/\/www.loopkinglaces.com\/wp-content\/uploads\/LOOP-KING-LACES.1.1-01-LOGO-HI-RES-OFFICIAL-1.png","contentUrl":"https:\/\/www.loopkinglaces.com\/wp-content\/uploads\/LOOP-KING-LACES.1.1-01-LOGO-HI-RES-OFFICIAL-1.png","width":128,"height":91,"caption":"Loop King Laces"},"image":{"@id":"https:\/\/www.loopkinglaces.com\/de\/#\/schema\/logo\/image\/"},"sameAs":["https:\/\/www.facebook.com\/LoopKingLaces\/","https:\/\/x.com\/loopkinglaces","https:\/\/www.instagram.com\/loopkinglaces\/"]}]}},"_links":{"self":[{"href":"https:\/\/www.loopkinglaces.com\/de\/wp-json\/wp\/v2\/product\/67942","targetHints":{"allow":["GET"]}}],"collection":[{"href":"https:\/\/www.loopkinglaces.com\/de\/wp-json\/wp\/v2\/product"}],"about":[{"href":"https:\/\/www.loopkinglaces.com\/de\/wp-json\/wp\/v2\/types\/product"}],"replies":[{"embeddable":true,"href":"https:\/\/www.loopkinglaces.com\/de\/wp-json\/wp\/v2\/comments?post=67942"}],"wp:featuredmedia":[{"embeddable":true,"href":"https:\/\/www.loopkinglaces.com\/de\/wp-json\/wp\/v2\/media\/59040"}],"wp:attachment":[{"href":"https:\/\/www.loopkinglaces.com\/de\/wp-json\/wp\/v2\/media?parent=67942"}],"wp:term":[{"taxonomy":"product_brand","embeddable":true,"href":"https:\/\/www.loopkinglaces.com\/de\/wp-json\/wp\/v2\/product_brand?post=67942"},{"taxonomy":"product_cat","embeddable":true,"href":"https:\/\/www.loopkinglaces.com\/de\/wp-json\/wp\/v2\/product_cat?post=67942"},{"taxonomy":"product_tag","embeddable":true,"href":"https:\/\/www.loopkinglaces.com\/de\/wp-json\/wp\/v2\/product_tag?post=67942"},{"taxonomy":"woo-feed-brand","embeddable":true,"href":"https:\/\/www.loopkinglaces.com\/de\/wp-json\/wp\/v2\/woo-feed-brand?post=67942"}],"curies":[{"name":"wp","href":"https:\/\/api.w.org\/{rel}","templated":true}]}}