{"id":67932,"date":"2024-05-10T16:18:11","date_gmt":"2024-05-10T16:18:11","guid":{"rendered":"https:\/\/www.loopkinglaces.com\/products\/elefant-schwarz-grau-zement-schnuersenkel-mit-klaren-plastikspitzen\/"},"modified":"2024-11-14T23:41:46","modified_gmt":"2024-11-14T23:41:46","slug":"elefant-schwarz-grau-zement-schnuersenkel-mit-durchsichtigen-kunststoffspitzen","status":"publish","type":"product","link":"https:\/\/www.loopkinglaces.com\/de\/products\/elefant-schwarz-grau-zement-schnuersenkel-mit-durchsichtigen-kunststoffspitzen\/","title":{"rendered":"Elefant Schwarz Grau Zement Schn\u00fcrsenkel mit durchsichtigen Kunststoffspitzen"},"content":{"rendered":"<p>Wenn deine Sneaker anfangen, ihr Flair zu verlieren, sind unsere Elephant Black Grey Cement Laces mit durchsichtigen Kunststoffspitzen die perfekte Auffrischung.<br \/>\nMit ihrem realistischen Farbdruck und den verstreuten Flecken werden diese Schn\u00fcrsenkel jedem alten Paar sofort neues Leben einhauchen.<br \/>\nDie gepr\u00e4gten Spitzen aus hochwertigem Material sorgen nicht nur f\u00fcr einen Hauch von Luxus, sondern sch\u00fctzen auch vor dem Ausfransen und bieten dir ein makelloses Design und dauerhafte Qualit\u00e4t.<\/p>\n","protected":false},"excerpt":{"rendered":"<p><strong>Elephant Black Grey Cement Laces with Clear Plastic Tips<\/strong> Mit den Elephant Black Grey Cement Laces mit durchsichtigen Kunststoffspitzen bringst du Schwung in deine Sneaker.<br \/>\nMit ihrem auff\u00e4lligen Farbdruck und den verstreuten Flecken hauchen sie jedem m\u00fcden Paar neues Leben ein.<br \/>\nDie Schn\u00fcrsenkel sind nicht nur ein echter Hingucker, sondern auch aus hochwertigen Materialien gefertigt, die lange halten.<br \/>\nDie gepr\u00e4gten Spitzen sorgen f\u00fcr einen Hauch von Raffinesse und verhindern gleichzeitig das Ausfransen, so dass du sowohl einen auff\u00e4lligen Stil als auch eine hervorragende Verarbeitung genie\u00dfen kannst.<br \/>\nDie wichtigsten Merkmale sind:<\/p>\n<ul>\n<li><span style=\"font-weight: 400;\">Hochwertige Materialien<\/span><\/li>\n<li><span style=\"font-weight: 400;\">Gepr\u00e4gte Spitzen<\/span><\/li>\n<li><span style=\"font-weight: 400;\">Versiegelte &amp; atemberaubende Verpackung <\/span><\/li>\n<li><span style=\"font-weight: 400;\">Wundersch\u00f6ner Zementdruck auf flachen Schn\u00fcrsenkeln <\/span><\/li>\n<li><span style=\"font-weight: 400;\">Wird andere Marken \u00fcberdauern<\/span><\/li>\n<li><span style=\"font-weight: 400;\">In verschiedenen L\u00e4ngen verf\u00fcgbar <\/span><\/li>\n<\/ul>\n","protected":false},"featured_media":59706,"comment_status":"open","ping_status":"closed","template":"","meta":{"_acf_changed":false},"product_brand":[],"product_cat":[590,704,709,759,792,1837,799,768,791],"product_tag":[781,783,635,638,738,734,636,782],"woo-feed-brand":[],"class_list":{"0":"post-67932","1":"product","2":"type-product","3":"status-publish","4":"has-post-thumbnail","6":"product_cat-all-shoelaces","7":"product_cat-athletic-shoelaces-not-just-a-tying-game","8":"product_cat-bold-black-boot-laces-that-will-outshine-everyone-else","9":"product_cat-deluxe-ersatzschnursenkel-fur-sneaker-turnschuhe-stiefel-und-mehr","10":"product_cat-gib-deinen-schuhen-ein-style-upgrade-mit-zementschnursenkeln","11":"product_cat-fun-shoelaces-de","12":"product_cat-robuste-thorogood-schnursenkel-die-dich-nie-im-stich-lassen-werden","13":"product_cat-schnursenkel-aus-bandern-ein-game-changer-in-der-schuhmode","14":"product_cat-schwarze-premium-schnursenkel-elegant-luxurios","15":"product_tag-flach-gewachst","16":"product_tag-gewachst","17":"product_tag-loop-king-de","18":"product_tag-metal-tip-de","19":"product_tag-schnursenkel-mit-goldspitze","20":"product_tag-schwarz","21":"product_tag-shoelaces-de","22":"product_tag-wohnung","24":"first","25":"instock","26":"taxable","27":"shipping-taxable","28":"purchasable","29":"product-type-variable"},"acf":[],"yoast_head":"<!-- This site is optimized with the Yoast SEO plugin v27.4 - https:\/\/yoast.com\/product\/yoast-seo-wordpress\/ -->\n<title>Elefant Schwarz Grau Zement Schn\u00fcrsenkel mit durchsichtigen Kunststoffspitzen<\/title>\n<meta name=\"description\" content=\"Verbessere deinen Schuhstil mit Leichtigkeit! Unsere Elephant Black Grey Cement Laces mit Clear Plastic Tips sind so gestaltet, dass sie jede Sneakersilhouette aufwerten.\" \/>\n<meta name=\"robots\" content=\"index, follow, max-snippet:-1, max-image-preview:large, max-video-preview:-1\" \/>\n<link rel=\"canonical\" href=\"https:\/\/www.loopkinglaces.com\/de\/products\/elefant-schwarz-grau-zement-schnuersenkel-mit-durchsichtigen-kunststoffspitzen\/\" \/>\n<meta property=\"og:locale\" content=\"de_DE\" \/>\n<meta property=\"og:type\" content=\"article\" \/>\n<meta property=\"og:title\" content=\"Elefant Schwarz Grau Zement Schn\u00fcrsenkel mit durchsichtigen Kunststoffspitzen\" \/>\n<meta property=\"og:description\" content=\"Verbessere deinen Schuhstil mit Leichtigkeit! Unsere Elephant Black Grey Cement Laces mit Clear Plastic Tips sind so gestaltet, dass sie jede Sneakersilhouette aufwerten.\" \/>\n<meta property=\"og:url\" content=\"https:\/\/www.loopkinglaces.com\/de\/products\/elefant-schwarz-grau-zement-schnuersenkel-mit-durchsichtigen-kunststoffspitzen\/\" \/>\n<meta property=\"og:site_name\" content=\"Luxury Gold Tip Shoelaces by Loop King Laces\" \/>\n<meta property=\"article:publisher\" content=\"https:\/\/www.facebook.com\/LoopKingLaces\/\" \/>\n<meta property=\"article:modified_time\" content=\"2024-11-14T23:41:46+00:00\" \/>\n<meta property=\"og:image\" content=\"https:\/\/www.loopkinglaces.com\/wp-content\/uploads\/0415A-22-scaled.jpg\" \/>\n\t<meta property=\"og:image:width\" content=\"2560\" \/>\n\t<meta property=\"og:image:height\" content=\"1707\" \/>\n\t<meta property=\"og:image:type\" content=\"image\/jpeg\" \/>\n<meta name=\"twitter:card\" content=\"summary_large_image\" \/>\n<meta name=\"twitter:site\" content=\"@loopkinglaces\" \/>\n<meta name=\"twitter:label1\" content=\"Gesch\u00e4tzte Lesezeit\" \/>\n\t<meta name=\"twitter:data1\" content=\"1\u00a0Minute\" \/>\n<script type=\"application\/ld+json\" class=\"yoast-schema-graph\">{\"@context\":\"https:\\\/\\\/schema.org\",\"@graph\":[{\"@type\":[\"WebPage\",\"ItemPage\"],\"@id\":\"https:\\\/\\\/www.loopkinglaces.com\\\/de\\\/products\\\/elefant-schwarz-grau-zement-schnuersenkel-mit-durchsichtigen-kunststoffspitzen\\\/\",\"url\":\"https:\\\/\\\/www.loopkinglaces.com\\\/de\\\/products\\\/elefant-schwarz-grau-zement-schnuersenkel-mit-durchsichtigen-kunststoffspitzen\\\/\",\"name\":\"Elefant Schwarz Grau Zement Schn\u00fcrsenkel mit durchsichtigen Kunststoffspitzen\",\"isPartOf\":{\"@id\":\"https:\\\/\\\/www.loopkinglaces.com\\\/de\\\/#website\"},\"primaryImageOfPage\":{\"@id\":\"https:\\\/\\\/www.loopkinglaces.com\\\/de\\\/products\\\/elefant-schwarz-grau-zement-schnuersenkel-mit-durchsichtigen-kunststoffspitzen\\\/#primaryimage\"},\"image\":{\"@id\":\"https:\\\/\\\/www.loopkinglaces.com\\\/de\\\/products\\\/elefant-schwarz-grau-zement-schnuersenkel-mit-durchsichtigen-kunststoffspitzen\\\/#primaryimage\"},\"thumbnailUrl\":\"https:\\\/\\\/www.loopkinglaces.com\\\/wp-content\\\/uploads\\\/0415A-22-scaled.jpg\",\"datePublished\":\"2024-05-10T16:18:11+00:00\",\"dateModified\":\"2024-11-14T23:41:46+00:00\",\"description\":\"Verbessere deinen Schuhstil mit Leichtigkeit! Unsere Elephant Black Grey Cement Laces mit Clear Plastic Tips sind so gestaltet, dass sie jede Sneakersilhouette aufwerten.\",\"breadcrumb\":{\"@id\":\"https:\\\/\\\/www.loopkinglaces.com\\\/de\\\/products\\\/elefant-schwarz-grau-zement-schnuersenkel-mit-durchsichtigen-kunststoffspitzen\\\/#breadcrumb\"},\"inLanguage\":\"de\",\"potentialAction\":[{\"@type\":\"ReadAction\",\"target\":[\"https:\\\/\\\/www.loopkinglaces.com\\\/de\\\/products\\\/elefant-schwarz-grau-zement-schnuersenkel-mit-durchsichtigen-kunststoffspitzen\\\/\"]}]},{\"@type\":\"ImageObject\",\"inLanguage\":\"de\",\"@id\":\"https:\\\/\\\/www.loopkinglaces.com\\\/de\\\/products\\\/elefant-schwarz-grau-zement-schnuersenkel-mit-durchsichtigen-kunststoffspitzen\\\/#primaryimage\",\"url\":\"https:\\\/\\\/www.loopkinglaces.com\\\/wp-content\\\/uploads\\\/0415A-22-scaled.jpg\",\"contentUrl\":\"https:\\\/\\\/www.loopkinglaces.com\\\/wp-content\\\/uploads\\\/0415A-22-scaled.jpg\",\"width\":2560,\"height\":1707},{\"@type\":\"BreadcrumbList\",\"@id\":\"https:\\\/\\\/www.loopkinglaces.com\\\/de\\\/products\\\/elefant-schwarz-grau-zement-schnuersenkel-mit-durchsichtigen-kunststoffspitzen\\\/#breadcrumb\",\"itemListElement\":[{\"@type\":\"ListItem\",\"position\":1,\"name\":\"Home\",\"item\":\"https:\\\/\\\/www.loopkinglaces.com\\\/de\\\/\"},{\"@type\":\"ListItem\",\"position\":2,\"name\":\"Shop\",\"item\":\"https:\\\/\\\/www.loopkinglaces.com\\\/de\\\/shop\\\/\"},{\"@type\":\"ListItem\",\"position\":3,\"name\":\"Elefant Schwarz Grau Zement Schn\u00fcrsenkel mit durchsichtigen Kunststoffspitzen\"}]},{\"@type\":\"WebSite\",\"@id\":\"https:\\\/\\\/www.loopkinglaces.com\\\/de\\\/#website\",\"url\":\"https:\\\/\\\/www.loopkinglaces.com\\\/de\\\/\",\"name\":\"Luxury Gold Tip Shoelaces by Loop King Laces\",\"description\":\"Rope Laces, Flat Waxed Laces and Leather Laces. All With Gold Tips.\",\"publisher\":{\"@id\":\"https:\\\/\\\/www.loopkinglaces.com\\\/de\\\/#organization\"},\"potentialAction\":[{\"@type\":\"SearchAction\",\"target\":{\"@type\":\"EntryPoint\",\"urlTemplate\":\"https:\\\/\\\/www.loopkinglaces.com\\\/de\\\/?s={search_term_string}\"},\"query-input\":{\"@type\":\"PropertyValueSpecification\",\"valueRequired\":true,\"valueName\":\"search_term_string\"}}],\"inLanguage\":\"de\"},{\"@type\":\"Organization\",\"@id\":\"https:\\\/\\\/www.loopkinglaces.com\\\/de\\\/#organization\",\"name\":\"Loop King Laces\",\"url\":\"https:\\\/\\\/www.loopkinglaces.com\\\/de\\\/\",\"logo\":{\"@type\":\"ImageObject\",\"inLanguage\":\"de\",\"@id\":\"https:\\\/\\\/www.loopkinglaces.com\\\/de\\\/#\\\/schema\\\/logo\\\/image\\\/\",\"url\":\"https:\\\/\\\/www.loopkinglaces.com\\\/wp-content\\\/uploads\\\/LOOP-KING-LACES.1.1-01-LOGO-HI-RES-OFFICIAL-1.png\",\"contentUrl\":\"https:\\\/\\\/www.loopkinglaces.com\\\/wp-content\\\/uploads\\\/LOOP-KING-LACES.1.1-01-LOGO-HI-RES-OFFICIAL-1.png\",\"width\":128,\"height\":91,\"caption\":\"Loop King Laces\"},\"image\":{\"@id\":\"https:\\\/\\\/www.loopkinglaces.com\\\/de\\\/#\\\/schema\\\/logo\\\/image\\\/\"},\"sameAs\":[\"https:\\\/\\\/www.facebook.com\\\/LoopKingLaces\\\/\",\"https:\\\/\\\/x.com\\\/loopkinglaces\",\"https:\\\/\\\/www.instagram.com\\\/loopkinglaces\\\/\"]}]}<\/script>\n<!-- \/ Yoast SEO plugin. -->","yoast_head_json":{"title":"Elefant Schwarz Grau Zement Schn\u00fcrsenkel mit durchsichtigen Kunststoffspitzen","description":"Verbessere deinen Schuhstil mit Leichtigkeit! Unsere Elephant Black Grey Cement Laces mit Clear Plastic Tips sind so gestaltet, dass sie jede Sneakersilhouette aufwerten.","robots":{"index":"index","follow":"follow","max-snippet":"max-snippet:-1","max-image-preview":"max-image-preview:large","max-video-preview":"max-video-preview:-1"},"canonical":"https:\/\/www.loopkinglaces.com\/de\/products\/elefant-schwarz-grau-zement-schnuersenkel-mit-durchsichtigen-kunststoffspitzen\/","og_locale":"de_DE","og_type":"article","og_title":"Elefant Schwarz Grau Zement Schn\u00fcrsenkel mit durchsichtigen Kunststoffspitzen","og_description":"Verbessere deinen Schuhstil mit Leichtigkeit! Unsere Elephant Black Grey Cement Laces mit Clear Plastic Tips sind so gestaltet, dass sie jede Sneakersilhouette aufwerten.","og_url":"https:\/\/www.loopkinglaces.com\/de\/products\/elefant-schwarz-grau-zement-schnuersenkel-mit-durchsichtigen-kunststoffspitzen\/","og_site_name":"Luxury Gold Tip Shoelaces by Loop King Laces","article_publisher":"https:\/\/www.facebook.com\/LoopKingLaces\/","article_modified_time":"2024-11-14T23:41:46+00:00","og_image":[{"width":2560,"height":1707,"url":"https:\/\/www.loopkinglaces.com\/wp-content\/uploads\/0415A-22-scaled.jpg","type":"image\/jpeg"}],"twitter_card":"summary_large_image","twitter_site":"@loopkinglaces","twitter_misc":{"Gesch\u00e4tzte Lesezeit":"1\u00a0Minute"},"schema":{"@context":"https:\/\/schema.org","@graph":[{"@type":["WebPage","ItemPage"],"@id":"https:\/\/www.loopkinglaces.com\/de\/products\/elefant-schwarz-grau-zement-schnuersenkel-mit-durchsichtigen-kunststoffspitzen\/","url":"https:\/\/www.loopkinglaces.com\/de\/products\/elefant-schwarz-grau-zement-schnuersenkel-mit-durchsichtigen-kunststoffspitzen\/","name":"Elefant Schwarz Grau Zement Schn\u00fcrsenkel mit durchsichtigen Kunststoffspitzen","isPartOf":{"@id":"https:\/\/www.loopkinglaces.com\/de\/#website"},"primaryImageOfPage":{"@id":"https:\/\/www.loopkinglaces.com\/de\/products\/elefant-schwarz-grau-zement-schnuersenkel-mit-durchsichtigen-kunststoffspitzen\/#primaryimage"},"image":{"@id":"https:\/\/www.loopkinglaces.com\/de\/products\/elefant-schwarz-grau-zement-schnuersenkel-mit-durchsichtigen-kunststoffspitzen\/#primaryimage"},"thumbnailUrl":"https:\/\/www.loopkinglaces.com\/wp-content\/uploads\/0415A-22-scaled.jpg","datePublished":"2024-05-10T16:18:11+00:00","dateModified":"2024-11-14T23:41:46+00:00","description":"Verbessere deinen Schuhstil mit Leichtigkeit! Unsere Elephant Black Grey Cement Laces mit Clear Plastic Tips sind so gestaltet, dass sie jede Sneakersilhouette aufwerten.","breadcrumb":{"@id":"https:\/\/www.loopkinglaces.com\/de\/products\/elefant-schwarz-grau-zement-schnuersenkel-mit-durchsichtigen-kunststoffspitzen\/#breadcrumb"},"inLanguage":"de","potentialAction":[{"@type":"ReadAction","target":["https:\/\/www.loopkinglaces.com\/de\/products\/elefant-schwarz-grau-zement-schnuersenkel-mit-durchsichtigen-kunststoffspitzen\/"]}]},{"@type":"ImageObject","inLanguage":"de","@id":"https:\/\/www.loopkinglaces.com\/de\/products\/elefant-schwarz-grau-zement-schnuersenkel-mit-durchsichtigen-kunststoffspitzen\/#primaryimage","url":"https:\/\/www.loopkinglaces.com\/wp-content\/uploads\/0415A-22-scaled.jpg","contentUrl":"https:\/\/www.loopkinglaces.com\/wp-content\/uploads\/0415A-22-scaled.jpg","width":2560,"height":1707},{"@type":"BreadcrumbList","@id":"https:\/\/www.loopkinglaces.com\/de\/products\/elefant-schwarz-grau-zement-schnuersenkel-mit-durchsichtigen-kunststoffspitzen\/#breadcrumb","itemListElement":[{"@type":"ListItem","position":1,"name":"Home","item":"https:\/\/www.loopkinglaces.com\/de\/"},{"@type":"ListItem","position":2,"name":"Shop","item":"https:\/\/www.loopkinglaces.com\/de\/shop\/"},{"@type":"ListItem","position":3,"name":"Elefant Schwarz Grau Zement Schn\u00fcrsenkel mit durchsichtigen Kunststoffspitzen"}]},{"@type":"WebSite","@id":"https:\/\/www.loopkinglaces.com\/de\/#website","url":"https:\/\/www.loopkinglaces.com\/de\/","name":"Luxury Gold Tip Shoelaces by Loop King Laces","description":"Rope Laces, Flat Waxed Laces and Leather Laces. All With Gold Tips.","publisher":{"@id":"https:\/\/www.loopkinglaces.com\/de\/#organization"},"potentialAction":[{"@type":"SearchAction","target":{"@type":"EntryPoint","urlTemplate":"https:\/\/www.loopkinglaces.com\/de\/?s={search_term_string}"},"query-input":{"@type":"PropertyValueSpecification","valueRequired":true,"valueName":"search_term_string"}}],"inLanguage":"de"},{"@type":"Organization","@id":"https:\/\/www.loopkinglaces.com\/de\/#organization","name":"Loop King Laces","url":"https:\/\/www.loopkinglaces.com\/de\/","logo":{"@type":"ImageObject","inLanguage":"de","@id":"https:\/\/www.loopkinglaces.com\/de\/#\/schema\/logo\/image\/","url":"https:\/\/www.loopkinglaces.com\/wp-content\/uploads\/LOOP-KING-LACES.1.1-01-LOGO-HI-RES-OFFICIAL-1.png","contentUrl":"https:\/\/www.loopkinglaces.com\/wp-content\/uploads\/LOOP-KING-LACES.1.1-01-LOGO-HI-RES-OFFICIAL-1.png","width":128,"height":91,"caption":"Loop King Laces"},"image":{"@id":"https:\/\/www.loopkinglaces.com\/de\/#\/schema\/logo\/image\/"},"sameAs":["https:\/\/www.facebook.com\/LoopKingLaces\/","https:\/\/x.com\/loopkinglaces","https:\/\/www.instagram.com\/loopkinglaces\/"]}]}},"_links":{"self":[{"href":"https:\/\/www.loopkinglaces.com\/de\/wp-json\/wp\/v2\/product\/67932","targetHints":{"allow":["GET"]}}],"collection":[{"href":"https:\/\/www.loopkinglaces.com\/de\/wp-json\/wp\/v2\/product"}],"about":[{"href":"https:\/\/www.loopkinglaces.com\/de\/wp-json\/wp\/v2\/types\/product"}],"replies":[{"embeddable":true,"href":"https:\/\/www.loopkinglaces.com\/de\/wp-json\/wp\/v2\/comments?post=67932"}],"wp:featuredmedia":[{"embeddable":true,"href":"https:\/\/www.loopkinglaces.com\/de\/wp-json\/wp\/v2\/media\/59706"}],"wp:attachment":[{"href":"https:\/\/www.loopkinglaces.com\/de\/wp-json\/wp\/v2\/media?parent=67932"}],"wp:term":[{"taxonomy":"product_brand","embeddable":true,"href":"https:\/\/www.loopkinglaces.com\/de\/wp-json\/wp\/v2\/product_brand?post=67932"},{"taxonomy":"product_cat","embeddable":true,"href":"https:\/\/www.loopkinglaces.com\/de\/wp-json\/wp\/v2\/product_cat?post=67932"},{"taxonomy":"product_tag","embeddable":true,"href":"https:\/\/www.loopkinglaces.com\/de\/wp-json\/wp\/v2\/product_tag?post=67932"},{"taxonomy":"woo-feed-brand","embeddable":true,"href":"https:\/\/www.loopkinglaces.com\/de\/wp-json\/wp\/v2\/woo-feed-brand?post=67932"}],"curies":[{"name":"wp","href":"https:\/\/api.w.org\/{rel}","templated":true}]}}