{"id":67911,"date":"2023-12-07T16:59:00","date_gmt":"2023-12-07T16:59:00","guid":{"rendered":"https:\/\/www.loopkinglaces.com\/products\/reflektierende-blaue-schnuersenkel-mit-klaren-spitzen\/"},"modified":"2024-11-04T17:14:13","modified_gmt":"2024-11-04T17:14:13","slug":"reflektierende-blaue-schnuersenkel-mit-durchsichtigen-spitzen","status":"publish","type":"product","link":"https:\/\/www.loopkinglaces.com\/de\/products\/reflektierende-blaue-schnuersenkel-mit-durchsichtigen-spitzen\/","title":{"rendered":"Reflektierende blaue Schn\u00fcrsenkel mit durchsichtigen Spitzen"},"content":{"rendered":"<h3><a href=\"https:\/\/www.loopkinglaces.com\/\">Luxus Sneaker Schn\u00fcrsenkel<\/a><\/h3>\n<p>Loop King Laces &#8211; wo Luxus auf Langlebigkeit trifft.<br \/>\nUnsere exklusiven Rope Shoelaces mit ihren durchsichtigen Kunststoffspitzen werden aus den besten Materialien hergestellt, die es gibt.<br \/>\nUnsere Rope Laces sind so konzipiert, dass sie die Haltbarkeit gew\u00f6hnlicher Schn\u00fcrsenkel um das Dreifache \u00fcbertreffen.<br \/>\nUnsere Schn\u00fcrsenkel passen f\u00fcr alle Arten von Turnschuhen und Marken wie Adidas, Nike, VANS und so weiter. In unserer <a href=\"\/shoelace-size-chart\/\">Gr\u00f6\u00dfentabelle<\/a> findest du die perfekte Gr\u00f6\u00dfe f\u00fcr deine Schuhe.<\/p>\n","protected":false},"excerpt":{"rendered":"<p><strong>Reflektierende blaue Seilschn\u00fcrsenkel mit durchsichtigen Spitzen<\/strong> Erlebe den Inbegriff von Eleganz mit Loop King Laces.<br \/>\nUnsere Luxury Rope Shoelaces mit ihren eleganten, durchsichtigen Kunststoffspitzen sind aus erstklassigen Materialien gewebt und bieten un\u00fcbertroffene Qualit\u00e4t.<br \/>\nSie sind dreimal so haltbar wie herk\u00f6mmliche Schn\u00fcrsenkel und bieten sowohl Stil als auch Ausdauer.<br \/>\nErfahre unten mehr \u00fcber ihre umfassenden Eigenschaften:<\/p>\n<ul>\n<li>4 mm Breite (rund)<\/li>\n<li>Hochwertige Materialien<\/li>\n<li>Halten <strong>3 Mal l\u00e4nger<\/strong> als normale Schn\u00fcrsenkel<\/li>\n<li>Klare Plastikspitzen<\/li>\n<li>Sch\u00f6ne Loop King Verpackung<\/li>\n<\/ul>\n","protected":false},"featured_media":59016,"comment_status":"open","ping_status":"closed","template":"","meta":{"_acf_changed":false},"product_brand":[],"product_cat":[612,590,757,774,622,809,827,724,756,731,829,780],"product_tag":[739,635,638,736,738,734,636],"woo-feed-brand":[],"class_list":{"0":"post-67911","1":"product","2":"type-product","3":"status-publish","4":"has-post-thumbnail","6":"product_cat-48-inch-shoelaces-de","7":"product_cat-all-shoelaces","8":"product_cat-exquisite-reflektierende-schnursenkel-fur-nachtliches-joggen-partys-oder-einfach-nur-um-stylisch-auszusehen","9":"product_cat-gavi-shoelaces-die-schnursenkel-ungebundene-geschichte-des-fc-barcelona-fusballstars","10":"product_cat-high-end-vans-old-skool-laces-that-are-durable-luxurious","11":"product_cat-militarische-schnursenkel-schnuren-wie-ein-profi","12":"product_cat-peppe-deinen-stil-mit-zweifarbigen-schnursenkeln-auf","13":"product_cat-premium-fusball-schnursenkel-langlebig-und-schick","14":"product_cat-premium-rope-shoelaces-ausergewohnliche-erstklassige-qualitat","15":"product_cat-robuste-schnursenkel-die-fantastisch-aussehen-und-lange-halten","16":"product_cat-top-tier-trophaenraum-jordan-1-blaue-schnursenkel-die-umwerfend-aussehen","17":"product_cat-union-laces-verschonere-deinen-union-jordan-1","18":"product_tag-grau","19":"product_tag-loop-king-de","20":"product_tag-metal-tip-de","21":"product_tag-schnursenkel-aus-seil","22":"product_tag-schnursenkel-mit-goldspitze","23":"product_tag-schwarz","24":"product_tag-shoelaces-de","26":"first","27":"instock","28":"taxable","29":"shipping-taxable","30":"purchasable","31":"product-type-variable"},"acf":[],"yoast_head":"<!-- This site is optimized with the Yoast SEO plugin v27.4 - https:\/\/yoast.com\/product\/yoast-seo-wordpress\/ -->\n<title>Reflektierende blaue Schn\u00fcrsenkel mit durchsichtigen Spitzen - von Loop King<\/title>\n<meta name=\"description\" content=\"Tritt ein in die Welt von Loop King Laces und erlebe Luxus mit unseren Seilschn\u00fcrsenkeln mit durchsichtigen Spitzen, die aus hochwertigen Materialien f\u00fcr Langlebigkeit gefertigt sind.\" \/>\n<meta name=\"robots\" content=\"index, follow, max-snippet:-1, max-image-preview:large, max-video-preview:-1\" \/>\n<link rel=\"canonical\" href=\"https:\/\/www.loopkinglaces.com\/de\/products\/reflektierende-blaue-schnuersenkel-mit-durchsichtigen-spitzen\/\" \/>\n<meta property=\"og:locale\" content=\"de_DE\" \/>\n<meta property=\"og:type\" content=\"article\" \/>\n<meta property=\"og:title\" content=\"Reflektierende blaue Schn\u00fcrsenkel mit durchsichtigen Spitzen - von Loop King\" \/>\n<meta property=\"og:description\" content=\"Tritt ein in die Welt von Loop King Laces und erlebe Luxus mit unseren Seilschn\u00fcrsenkeln mit durchsichtigen Spitzen, die aus hochwertigen Materialien f\u00fcr Langlebigkeit gefertigt sind.\" \/>\n<meta property=\"og:url\" content=\"https:\/\/www.loopkinglaces.com\/de\/products\/reflektierende-blaue-schnuersenkel-mit-durchsichtigen-spitzen\/\" \/>\n<meta property=\"og:site_name\" content=\"Luxury Gold Tip Shoelaces by Loop King Laces\" \/>\n<meta property=\"article:publisher\" content=\"https:\/\/www.facebook.com\/LoopKingLaces\/\" \/>\n<meta property=\"article:modified_time\" content=\"2024-11-04T17:14:13+00:00\" \/>\n<meta property=\"og:image\" content=\"https:\/\/www.loopkinglaces.com\/wp-content\/uploads\/Blue-Rope-Reflective.jpg\" \/>\n\t<meta property=\"og:image:width\" content=\"2379\" \/>\n\t<meta property=\"og:image:height\" content=\"2378\" \/>\n\t<meta property=\"og:image:type\" content=\"image\/jpeg\" \/>\n<meta name=\"twitter:card\" content=\"summary_large_image\" \/>\n<meta name=\"twitter:site\" content=\"@loopkinglaces\" \/>\n<meta name=\"twitter:label1\" content=\"Gesch\u00e4tzte Lesezeit\" \/>\n\t<meta name=\"twitter:data1\" content=\"1\u00a0Minute\" \/>\n<script type=\"application\/ld+json\" class=\"yoast-schema-graph\">{\"@context\":\"https:\\\/\\\/schema.org\",\"@graph\":[{\"@type\":[\"WebPage\",\"ItemPage\"],\"@id\":\"https:\\\/\\\/www.loopkinglaces.com\\\/de\\\/products\\\/reflektierende-blaue-schnuersenkel-mit-durchsichtigen-spitzen\\\/\",\"url\":\"https:\\\/\\\/www.loopkinglaces.com\\\/de\\\/products\\\/reflektierende-blaue-schnuersenkel-mit-durchsichtigen-spitzen\\\/\",\"name\":\"Reflektierende blaue Schn\u00fcrsenkel mit durchsichtigen Spitzen - von Loop King\",\"isPartOf\":{\"@id\":\"https:\\\/\\\/www.loopkinglaces.com\\\/de\\\/#website\"},\"primaryImageOfPage\":{\"@id\":\"https:\\\/\\\/www.loopkinglaces.com\\\/de\\\/products\\\/reflektierende-blaue-schnuersenkel-mit-durchsichtigen-spitzen\\\/#primaryimage\"},\"image\":{\"@id\":\"https:\\\/\\\/www.loopkinglaces.com\\\/de\\\/products\\\/reflektierende-blaue-schnuersenkel-mit-durchsichtigen-spitzen\\\/#primaryimage\"},\"thumbnailUrl\":\"https:\\\/\\\/www.loopkinglaces.com\\\/wp-content\\\/uploads\\\/Blue-Rope-Reflective.jpg\",\"datePublished\":\"2023-12-07T16:59:00+00:00\",\"dateModified\":\"2024-11-04T17:14:13+00:00\",\"description\":\"Tritt ein in die Welt von Loop King Laces und erlebe Luxus mit unseren Seilschn\u00fcrsenkeln mit durchsichtigen Spitzen, die aus hochwertigen Materialien f\u00fcr Langlebigkeit gefertigt sind.\",\"breadcrumb\":{\"@id\":\"https:\\\/\\\/www.loopkinglaces.com\\\/de\\\/products\\\/reflektierende-blaue-schnuersenkel-mit-durchsichtigen-spitzen\\\/#breadcrumb\"},\"inLanguage\":\"de\",\"potentialAction\":[{\"@type\":\"ReadAction\",\"target\":[\"https:\\\/\\\/www.loopkinglaces.com\\\/de\\\/products\\\/reflektierende-blaue-schnuersenkel-mit-durchsichtigen-spitzen\\\/\"]}]},{\"@type\":\"ImageObject\",\"inLanguage\":\"de\",\"@id\":\"https:\\\/\\\/www.loopkinglaces.com\\\/de\\\/products\\\/reflektierende-blaue-schnuersenkel-mit-durchsichtigen-spitzen\\\/#primaryimage\",\"url\":\"https:\\\/\\\/www.loopkinglaces.com\\\/wp-content\\\/uploads\\\/Blue-Rope-Reflective.jpg\",\"contentUrl\":\"https:\\\/\\\/www.loopkinglaces.com\\\/wp-content\\\/uploads\\\/Blue-Rope-Reflective.jpg\",\"width\":2379,\"height\":2378},{\"@type\":\"BreadcrumbList\",\"@id\":\"https:\\\/\\\/www.loopkinglaces.com\\\/de\\\/products\\\/reflektierende-blaue-schnuersenkel-mit-durchsichtigen-spitzen\\\/#breadcrumb\",\"itemListElement\":[{\"@type\":\"ListItem\",\"position\":1,\"name\":\"Home\",\"item\":\"https:\\\/\\\/www.loopkinglaces.com\\\/de\\\/\"},{\"@type\":\"ListItem\",\"position\":2,\"name\":\"Shop\",\"item\":\"https:\\\/\\\/www.loopkinglaces.com\\\/de\\\/shop\\\/\"},{\"@type\":\"ListItem\",\"position\":3,\"name\":\"Reflektierende blaue Schn\u00fcrsenkel mit durchsichtigen Spitzen\"}]},{\"@type\":\"WebSite\",\"@id\":\"https:\\\/\\\/www.loopkinglaces.com\\\/de\\\/#website\",\"url\":\"https:\\\/\\\/www.loopkinglaces.com\\\/de\\\/\",\"name\":\"Luxury Gold Tip Shoelaces by Loop King Laces\",\"description\":\"Rope Laces, Flat Waxed Laces and Leather Laces. All With Gold Tips.\",\"publisher\":{\"@id\":\"https:\\\/\\\/www.loopkinglaces.com\\\/de\\\/#organization\"},\"potentialAction\":[{\"@type\":\"SearchAction\",\"target\":{\"@type\":\"EntryPoint\",\"urlTemplate\":\"https:\\\/\\\/www.loopkinglaces.com\\\/de\\\/?s={search_term_string}\"},\"query-input\":{\"@type\":\"PropertyValueSpecification\",\"valueRequired\":true,\"valueName\":\"search_term_string\"}}],\"inLanguage\":\"de\"},{\"@type\":\"Organization\",\"@id\":\"https:\\\/\\\/www.loopkinglaces.com\\\/de\\\/#organization\",\"name\":\"Loop King Laces\",\"url\":\"https:\\\/\\\/www.loopkinglaces.com\\\/de\\\/\",\"logo\":{\"@type\":\"ImageObject\",\"inLanguage\":\"de\",\"@id\":\"https:\\\/\\\/www.loopkinglaces.com\\\/de\\\/#\\\/schema\\\/logo\\\/image\\\/\",\"url\":\"https:\\\/\\\/www.loopkinglaces.com\\\/wp-content\\\/uploads\\\/LOOP-KING-LACES.1.1-01-LOGO-HI-RES-OFFICIAL-1.png\",\"contentUrl\":\"https:\\\/\\\/www.loopkinglaces.com\\\/wp-content\\\/uploads\\\/LOOP-KING-LACES.1.1-01-LOGO-HI-RES-OFFICIAL-1.png\",\"width\":128,\"height\":91,\"caption\":\"Loop King Laces\"},\"image\":{\"@id\":\"https:\\\/\\\/www.loopkinglaces.com\\\/de\\\/#\\\/schema\\\/logo\\\/image\\\/\"},\"sameAs\":[\"https:\\\/\\\/www.facebook.com\\\/LoopKingLaces\\\/\",\"https:\\\/\\\/x.com\\\/loopkinglaces\",\"https:\\\/\\\/www.instagram.com\\\/loopkinglaces\\\/\"]}]}<\/script>\n<!-- \/ Yoast SEO plugin. -->","yoast_head_json":{"title":"Reflektierende blaue Schn\u00fcrsenkel mit durchsichtigen Spitzen - von Loop King","description":"Tritt ein in die Welt von Loop King Laces und erlebe Luxus mit unseren Seilschn\u00fcrsenkeln mit durchsichtigen Spitzen, die aus hochwertigen Materialien f\u00fcr Langlebigkeit gefertigt sind.","robots":{"index":"index","follow":"follow","max-snippet":"max-snippet:-1","max-image-preview":"max-image-preview:large","max-video-preview":"max-video-preview:-1"},"canonical":"https:\/\/www.loopkinglaces.com\/de\/products\/reflektierende-blaue-schnuersenkel-mit-durchsichtigen-spitzen\/","og_locale":"de_DE","og_type":"article","og_title":"Reflektierende blaue Schn\u00fcrsenkel mit durchsichtigen Spitzen - von Loop King","og_description":"Tritt ein in die Welt von Loop King Laces und erlebe Luxus mit unseren Seilschn\u00fcrsenkeln mit durchsichtigen Spitzen, die aus hochwertigen Materialien f\u00fcr Langlebigkeit gefertigt sind.","og_url":"https:\/\/www.loopkinglaces.com\/de\/products\/reflektierende-blaue-schnuersenkel-mit-durchsichtigen-spitzen\/","og_site_name":"Luxury Gold Tip Shoelaces by Loop King Laces","article_publisher":"https:\/\/www.facebook.com\/LoopKingLaces\/","article_modified_time":"2024-11-04T17:14:13+00:00","og_image":[{"width":2379,"height":2378,"url":"https:\/\/www.loopkinglaces.com\/wp-content\/uploads\/Blue-Rope-Reflective.jpg","type":"image\/jpeg"}],"twitter_card":"summary_large_image","twitter_site":"@loopkinglaces","twitter_misc":{"Gesch\u00e4tzte Lesezeit":"1\u00a0Minute"},"schema":{"@context":"https:\/\/schema.org","@graph":[{"@type":["WebPage","ItemPage"],"@id":"https:\/\/www.loopkinglaces.com\/de\/products\/reflektierende-blaue-schnuersenkel-mit-durchsichtigen-spitzen\/","url":"https:\/\/www.loopkinglaces.com\/de\/products\/reflektierende-blaue-schnuersenkel-mit-durchsichtigen-spitzen\/","name":"Reflektierende blaue Schn\u00fcrsenkel mit durchsichtigen Spitzen - von Loop King","isPartOf":{"@id":"https:\/\/www.loopkinglaces.com\/de\/#website"},"primaryImageOfPage":{"@id":"https:\/\/www.loopkinglaces.com\/de\/products\/reflektierende-blaue-schnuersenkel-mit-durchsichtigen-spitzen\/#primaryimage"},"image":{"@id":"https:\/\/www.loopkinglaces.com\/de\/products\/reflektierende-blaue-schnuersenkel-mit-durchsichtigen-spitzen\/#primaryimage"},"thumbnailUrl":"https:\/\/www.loopkinglaces.com\/wp-content\/uploads\/Blue-Rope-Reflective.jpg","datePublished":"2023-12-07T16:59:00+00:00","dateModified":"2024-11-04T17:14:13+00:00","description":"Tritt ein in die Welt von Loop King Laces und erlebe Luxus mit unseren Seilschn\u00fcrsenkeln mit durchsichtigen Spitzen, die aus hochwertigen Materialien f\u00fcr Langlebigkeit gefertigt sind.","breadcrumb":{"@id":"https:\/\/www.loopkinglaces.com\/de\/products\/reflektierende-blaue-schnuersenkel-mit-durchsichtigen-spitzen\/#breadcrumb"},"inLanguage":"de","potentialAction":[{"@type":"ReadAction","target":["https:\/\/www.loopkinglaces.com\/de\/products\/reflektierende-blaue-schnuersenkel-mit-durchsichtigen-spitzen\/"]}]},{"@type":"ImageObject","inLanguage":"de","@id":"https:\/\/www.loopkinglaces.com\/de\/products\/reflektierende-blaue-schnuersenkel-mit-durchsichtigen-spitzen\/#primaryimage","url":"https:\/\/www.loopkinglaces.com\/wp-content\/uploads\/Blue-Rope-Reflective.jpg","contentUrl":"https:\/\/www.loopkinglaces.com\/wp-content\/uploads\/Blue-Rope-Reflective.jpg","width":2379,"height":2378},{"@type":"BreadcrumbList","@id":"https:\/\/www.loopkinglaces.com\/de\/products\/reflektierende-blaue-schnuersenkel-mit-durchsichtigen-spitzen\/#breadcrumb","itemListElement":[{"@type":"ListItem","position":1,"name":"Home","item":"https:\/\/www.loopkinglaces.com\/de\/"},{"@type":"ListItem","position":2,"name":"Shop","item":"https:\/\/www.loopkinglaces.com\/de\/shop\/"},{"@type":"ListItem","position":3,"name":"Reflektierende blaue Schn\u00fcrsenkel mit durchsichtigen Spitzen"}]},{"@type":"WebSite","@id":"https:\/\/www.loopkinglaces.com\/de\/#website","url":"https:\/\/www.loopkinglaces.com\/de\/","name":"Luxury Gold Tip Shoelaces by Loop King Laces","description":"Rope Laces, Flat Waxed Laces and Leather Laces. All With Gold Tips.","publisher":{"@id":"https:\/\/www.loopkinglaces.com\/de\/#organization"},"potentialAction":[{"@type":"SearchAction","target":{"@type":"EntryPoint","urlTemplate":"https:\/\/www.loopkinglaces.com\/de\/?s={search_term_string}"},"query-input":{"@type":"PropertyValueSpecification","valueRequired":true,"valueName":"search_term_string"}}],"inLanguage":"de"},{"@type":"Organization","@id":"https:\/\/www.loopkinglaces.com\/de\/#organization","name":"Loop King Laces","url":"https:\/\/www.loopkinglaces.com\/de\/","logo":{"@type":"ImageObject","inLanguage":"de","@id":"https:\/\/www.loopkinglaces.com\/de\/#\/schema\/logo\/image\/","url":"https:\/\/www.loopkinglaces.com\/wp-content\/uploads\/LOOP-KING-LACES.1.1-01-LOGO-HI-RES-OFFICIAL-1.png","contentUrl":"https:\/\/www.loopkinglaces.com\/wp-content\/uploads\/LOOP-KING-LACES.1.1-01-LOGO-HI-RES-OFFICIAL-1.png","width":128,"height":91,"caption":"Loop King Laces"},"image":{"@id":"https:\/\/www.loopkinglaces.com\/de\/#\/schema\/logo\/image\/"},"sameAs":["https:\/\/www.facebook.com\/LoopKingLaces\/","https:\/\/x.com\/loopkinglaces","https:\/\/www.instagram.com\/loopkinglaces\/"]}]}},"_links":{"self":[{"href":"https:\/\/www.loopkinglaces.com\/de\/wp-json\/wp\/v2\/product\/67911","targetHints":{"allow":["GET"]}}],"collection":[{"href":"https:\/\/www.loopkinglaces.com\/de\/wp-json\/wp\/v2\/product"}],"about":[{"href":"https:\/\/www.loopkinglaces.com\/de\/wp-json\/wp\/v2\/types\/product"}],"replies":[{"embeddable":true,"href":"https:\/\/www.loopkinglaces.com\/de\/wp-json\/wp\/v2\/comments?post=67911"}],"wp:featuredmedia":[{"embeddable":true,"href":"https:\/\/www.loopkinglaces.com\/de\/wp-json\/wp\/v2\/media\/59016"}],"wp:attachment":[{"href":"https:\/\/www.loopkinglaces.com\/de\/wp-json\/wp\/v2\/media?parent=67911"}],"wp:term":[{"taxonomy":"product_brand","embeddable":true,"href":"https:\/\/www.loopkinglaces.com\/de\/wp-json\/wp\/v2\/product_brand?post=67911"},{"taxonomy":"product_cat","embeddable":true,"href":"https:\/\/www.loopkinglaces.com\/de\/wp-json\/wp\/v2\/product_cat?post=67911"},{"taxonomy":"product_tag","embeddable":true,"href":"https:\/\/www.loopkinglaces.com\/de\/wp-json\/wp\/v2\/product_tag?post=67911"},{"taxonomy":"woo-feed-brand","embeddable":true,"href":"https:\/\/www.loopkinglaces.com\/de\/wp-json\/wp\/v2\/woo-feed-brand?post=67911"}],"curies":[{"name":"wp","href":"https:\/\/api.w.org\/{rel}","templated":true}]}}