{"id":67903,"date":"2023-11-07T15:27:25","date_gmt":"2023-11-07T15:27:25","guid":{"rendered":"https:\/\/www.loopkinglaces.com\/products\/no-tie-boot-schnuersenkel-71-zoll-starter-pack-4-in-1\/"},"modified":"2024-11-04T23:15:26","modified_gmt":"2024-11-04T23:15:26","slug":"no-tie-boot-schnuersenkel-71-zoll-starter-pack-4-in-1","status":"publish","type":"product","link":"https:\/\/www.loopkinglaces.com\/de\/products\/no-tie-boot-schnuersenkel-71-zoll-starter-pack-4-in-1\/","title":{"rendered":"No-Tie BOOT Schn\u00fcrsenkel &#8211; 71 Zoll Starter Pack (4-in-1)"},"content":{"rendered":"<h3>No-Tie BOOT Schn\u00fcrsenkel &#8211; 71 Zoll Starter Pack (4-in-1)<\/h3>\n<p>Lass das zeitraubende Schn\u00fcren hinter dir.<br \/>\nMit unseren innovativen Schn\u00fcrsenkeln sind deine Schuhe in Sekundenschnelle festgeschn\u00fcrt.<br \/>\nMit einem einzigen Zug wird der rei\u00dfverschluss\u00e4hnliche Verschlussmechanismus aktiviert und deine Schuhe sind sofort sicher.<br \/>\nUnd wenn es an der Zeit ist, sie auszuziehen?<br \/>\nEinfach schieben, um sie zu l\u00f6sen.<br \/>\nDiese strapazierf\u00e4higen Schn\u00fcrsenkel halten dreimal so lange wie normale Schn\u00fcrsenkel.<\/p>\n","protected":false},"excerpt":{"rendered":"<p><strong>No-Tie BOOT Laces &#8211; 71 inches Starter Pack (4-in-1)<\/strong> Spare bis zu <strong>15%<\/strong> und erhalte <strong>KOSTENLOSEN VERSAND<\/strong> mit diesem Starter Pack.<br \/>\nEnth\u00e4lt No-Tie BOOT Laces.<br \/>\nDas Binden von Schn\u00fcrsenkeln geh\u00f6rt der Vergangenheit an &#8211; wechsle zu den bindungslosen Schn\u00fcrsenkeln f\u00fcr einen schnellen, sicheren Sitz.<br \/>\nSie sind einem Jackenrei\u00dfverschluss nachempfunden und lassen sich mit einem Handgriff schlie\u00dfen und bei Bedarf genauso schnell wieder \u00f6ffnen.<br \/>\nDiese strapazierf\u00e4higen Schn\u00fcrsenkel sind so konstruiert, dass sie ihren Halt behalten und dreimal so lange halten wie herk\u00f6mmliche Schn\u00fcrsenkel.<br \/>\nEine vollst\u00e4ndige Liste der Farben findest du unten:<\/p>\n<ul>\n<li>1x <strong>Hellbraune<\/strong> No-Tie BOOT Schn\u00fcrsenkel &#8211; 71 Zoll<\/li>\n<li>1x <strong>Army Green<\/strong> No-Tie BOOT Laces &#8211; 71 Zoll<\/li>\n<li>1x <strong>Beige<\/strong> No-Tie BOOT Schn\u00fcrsenkel &#8211; 71 Zoll<\/li>\n<li>1x <strong>Schwarze<\/strong> No-Tie BOOT Schn\u00fcrsenkel &#8211; 71 Zoll<\/li>\n<li>Sch\u00f6ne Loop King Verpackung<\/li>\n<\/ul>\n","protected":false},"featured_media":58932,"comment_status":"open","ping_status":"closed","template":"","meta":{"_acf_changed":false},"product_brand":[],"product_cat":[590,716,728,867,863,823,868],"product_tag":[634,637,635,638,636],"woo-feed-brand":[],"class_list":{"0":"post-67903","1":"product","2":"type-product","3":"status-publish","4":"has-post-thumbnail","6":"product_cat-all-shoelaces","7":"product_cat-coil-shoelaces-de","8":"product_cat-hey-dude-schnursenkel-ohne-schnursenkel-sind-das-neue-cool","9":"product_cat-schnelle-schnursenkel-alte-bindungsgewohnheiten-ablegen","10":"product_cat-schnursenkel-ohne-schnursenkel-die-zeit-sparen-und-fantastisch-aussehen","11":"product_cat-schnursenkel-starter-packs","12":"product_cat-schnursenkel-verankerungen-keine-stolperfallen-mehr-nur-noch-tricks","13":"product_tag-footwear-de","14":"product_tag-leather-laces-de","15":"product_tag-loop-king-de","16":"product_tag-metal-tip-de","17":"product_tag-shoelaces-de","19":"first","20":"instock","21":"taxable","22":"shipping-taxable","23":"purchasable","24":"product-type-simple"},"acf":[],"yoast_head":"<!-- This site is optimized with the Yoast SEO plugin v27.4 - https:\/\/yoast.com\/product\/yoast-seo-wordpress\/ -->\n<title>Schn\u00fcrsenkel Bundle Starter Pack | No-Tie BOOT Laces - 71 inches Starter Pack<\/title>\n<meta name=\"description\" content=\"Verwandle deine Schuhe mit der eleganten Innovation von Schn\u00fcrsenkeln ohne Schn\u00fcrsenkel. Tritt ein in die Zukunft, in der Stil auf Leichtigkeit trifft, und verabschiede dich von der l\u00e4stigen Aufgabe, deine Schuhe zu binden.\" \/>\n<meta name=\"robots\" content=\"index, follow, max-snippet:-1, max-image-preview:large, max-video-preview:-1\" \/>\n<link rel=\"canonical\" href=\"https:\/\/www.loopkinglaces.com\/de\/products\/no-tie-boot-schnuersenkel-71-zoll-starter-pack-4-in-1\/\" \/>\n<meta property=\"og:locale\" content=\"de_DE\" \/>\n<meta property=\"og:type\" content=\"article\" \/>\n<meta property=\"og:title\" content=\"Schn\u00fcrsenkel Bundle Starter Pack | No-Tie BOOT Laces - 71 inches Starter Pack\" \/>\n<meta property=\"og:description\" content=\"Verwandle deine Schuhe mit der eleganten Innovation von Schn\u00fcrsenkeln ohne Schn\u00fcrsenkel. Tritt ein in die Zukunft, in der Stil auf Leichtigkeit trifft, und verabschiede dich von der l\u00e4stigen Aufgabe, deine Schuhe zu binden.\" \/>\n<meta property=\"og:url\" content=\"https:\/\/www.loopkinglaces.com\/de\/products\/no-tie-boot-schnuersenkel-71-zoll-starter-pack-4-in-1\/\" \/>\n<meta property=\"og:site_name\" content=\"Luxury Gold Tip Shoelaces by Loop King Laces\" \/>\n<meta property=\"article:publisher\" content=\"https:\/\/www.facebook.com\/LoopKingLaces\/\" \/>\n<meta property=\"article:modified_time\" content=\"2024-11-04T23:15:26+00:00\" \/>\n<meta property=\"og:image\" content=\"https:\/\/www.loopkinglaces.com\/wp-content\/uploads\/No-Tie-Boot-Laces-Starter-Pack.jpg\" \/>\n\t<meta property=\"og:image:width\" content=\"1000\" \/>\n\t<meta property=\"og:image:height\" content=\"1000\" \/>\n\t<meta property=\"og:image:type\" content=\"image\/jpeg\" \/>\n<meta name=\"twitter:card\" content=\"summary_large_image\" \/>\n<meta name=\"twitter:site\" content=\"@loopkinglaces\" \/>\n<meta name=\"twitter:label1\" content=\"Gesch\u00e4tzte Lesezeit\" \/>\n\t<meta name=\"twitter:data1\" content=\"1\u00a0Minute\" \/>\n<script type=\"application\/ld+json\" class=\"yoast-schema-graph\">{\"@context\":\"https:\\\/\\\/schema.org\",\"@graph\":[{\"@type\":[\"WebPage\",\"ItemPage\"],\"@id\":\"https:\\\/\\\/www.loopkinglaces.com\\\/de\\\/products\\\/no-tie-boot-schnuersenkel-71-zoll-starter-pack-4-in-1\\\/\",\"url\":\"https:\\\/\\\/www.loopkinglaces.com\\\/de\\\/products\\\/no-tie-boot-schnuersenkel-71-zoll-starter-pack-4-in-1\\\/\",\"name\":\"Schn\u00fcrsenkel Bundle Starter Pack | No-Tie BOOT Laces - 71 inches Starter Pack\",\"isPartOf\":{\"@id\":\"https:\\\/\\\/www.loopkinglaces.com\\\/de\\\/#website\"},\"primaryImageOfPage\":{\"@id\":\"https:\\\/\\\/www.loopkinglaces.com\\\/de\\\/products\\\/no-tie-boot-schnuersenkel-71-zoll-starter-pack-4-in-1\\\/#primaryimage\"},\"image\":{\"@id\":\"https:\\\/\\\/www.loopkinglaces.com\\\/de\\\/products\\\/no-tie-boot-schnuersenkel-71-zoll-starter-pack-4-in-1\\\/#primaryimage\"},\"thumbnailUrl\":\"https:\\\/\\\/www.loopkinglaces.com\\\/wp-content\\\/uploads\\\/No-Tie-Boot-Laces-Starter-Pack.jpg\",\"datePublished\":\"2023-11-07T15:27:25+00:00\",\"dateModified\":\"2024-11-04T23:15:26+00:00\",\"description\":\"Verwandle deine Schuhe mit der eleganten Innovation von Schn\u00fcrsenkeln ohne Schn\u00fcrsenkel. Tritt ein in die Zukunft, in der Stil auf Leichtigkeit trifft, und verabschiede dich von der l\u00e4stigen Aufgabe, deine Schuhe zu binden.\",\"breadcrumb\":{\"@id\":\"https:\\\/\\\/www.loopkinglaces.com\\\/de\\\/products\\\/no-tie-boot-schnuersenkel-71-zoll-starter-pack-4-in-1\\\/#breadcrumb\"},\"inLanguage\":\"de\",\"potentialAction\":[{\"@type\":\"ReadAction\",\"target\":[\"https:\\\/\\\/www.loopkinglaces.com\\\/de\\\/products\\\/no-tie-boot-schnuersenkel-71-zoll-starter-pack-4-in-1\\\/\"]}]},{\"@type\":\"ImageObject\",\"inLanguage\":\"de\",\"@id\":\"https:\\\/\\\/www.loopkinglaces.com\\\/de\\\/products\\\/no-tie-boot-schnuersenkel-71-zoll-starter-pack-4-in-1\\\/#primaryimage\",\"url\":\"https:\\\/\\\/www.loopkinglaces.com\\\/wp-content\\\/uploads\\\/No-Tie-Boot-Laces-Starter-Pack.jpg\",\"contentUrl\":\"https:\\\/\\\/www.loopkinglaces.com\\\/wp-content\\\/uploads\\\/No-Tie-Boot-Laces-Starter-Pack.jpg\",\"width\":1000,\"height\":1000},{\"@type\":\"BreadcrumbList\",\"@id\":\"https:\\\/\\\/www.loopkinglaces.com\\\/de\\\/products\\\/no-tie-boot-schnuersenkel-71-zoll-starter-pack-4-in-1\\\/#breadcrumb\",\"itemListElement\":[{\"@type\":\"ListItem\",\"position\":1,\"name\":\"Home\",\"item\":\"https:\\\/\\\/www.loopkinglaces.com\\\/de\\\/\"},{\"@type\":\"ListItem\",\"position\":2,\"name\":\"Shop\",\"item\":\"https:\\\/\\\/www.loopkinglaces.com\\\/de\\\/shop\\\/\"},{\"@type\":\"ListItem\",\"position\":3,\"name\":\"No-Tie BOOT Schn\u00fcrsenkel &#8211; 71 Zoll Starter Pack (4-in-1)\"}]},{\"@type\":\"WebSite\",\"@id\":\"https:\\\/\\\/www.loopkinglaces.com\\\/de\\\/#website\",\"url\":\"https:\\\/\\\/www.loopkinglaces.com\\\/de\\\/\",\"name\":\"Luxury Gold Tip Shoelaces by Loop King Laces\",\"description\":\"Rope Laces, Flat Waxed Laces and Leather Laces. All With Gold Tips.\",\"publisher\":{\"@id\":\"https:\\\/\\\/www.loopkinglaces.com\\\/de\\\/#organization\"},\"potentialAction\":[{\"@type\":\"SearchAction\",\"target\":{\"@type\":\"EntryPoint\",\"urlTemplate\":\"https:\\\/\\\/www.loopkinglaces.com\\\/de\\\/?s={search_term_string}\"},\"query-input\":{\"@type\":\"PropertyValueSpecification\",\"valueRequired\":true,\"valueName\":\"search_term_string\"}}],\"inLanguage\":\"de\"},{\"@type\":\"Organization\",\"@id\":\"https:\\\/\\\/www.loopkinglaces.com\\\/de\\\/#organization\",\"name\":\"Loop King Laces\",\"url\":\"https:\\\/\\\/www.loopkinglaces.com\\\/de\\\/\",\"logo\":{\"@type\":\"ImageObject\",\"inLanguage\":\"de\",\"@id\":\"https:\\\/\\\/www.loopkinglaces.com\\\/de\\\/#\\\/schema\\\/logo\\\/image\\\/\",\"url\":\"https:\\\/\\\/www.loopkinglaces.com\\\/wp-content\\\/uploads\\\/LOOP-KING-LACES.1.1-01-LOGO-HI-RES-OFFICIAL-1.png\",\"contentUrl\":\"https:\\\/\\\/www.loopkinglaces.com\\\/wp-content\\\/uploads\\\/LOOP-KING-LACES.1.1-01-LOGO-HI-RES-OFFICIAL-1.png\",\"width\":128,\"height\":91,\"caption\":\"Loop King Laces\"},\"image\":{\"@id\":\"https:\\\/\\\/www.loopkinglaces.com\\\/de\\\/#\\\/schema\\\/logo\\\/image\\\/\"},\"sameAs\":[\"https:\\\/\\\/www.facebook.com\\\/LoopKingLaces\\\/\",\"https:\\\/\\\/x.com\\\/loopkinglaces\",\"https:\\\/\\\/www.instagram.com\\\/loopkinglaces\\\/\"]}]}<\/script>\n<!-- \/ Yoast SEO plugin. -->","yoast_head_json":{"title":"Schn\u00fcrsenkel Bundle Starter Pack | No-Tie BOOT Laces - 71 inches Starter Pack","description":"Verwandle deine Schuhe mit der eleganten Innovation von Schn\u00fcrsenkeln ohne Schn\u00fcrsenkel. Tritt ein in die Zukunft, in der Stil auf Leichtigkeit trifft, und verabschiede dich von der l\u00e4stigen Aufgabe, deine Schuhe zu binden.","robots":{"index":"index","follow":"follow","max-snippet":"max-snippet:-1","max-image-preview":"max-image-preview:large","max-video-preview":"max-video-preview:-1"},"canonical":"https:\/\/www.loopkinglaces.com\/de\/products\/no-tie-boot-schnuersenkel-71-zoll-starter-pack-4-in-1\/","og_locale":"de_DE","og_type":"article","og_title":"Schn\u00fcrsenkel Bundle Starter Pack | No-Tie BOOT Laces - 71 inches Starter Pack","og_description":"Verwandle deine Schuhe mit der eleganten Innovation von Schn\u00fcrsenkeln ohne Schn\u00fcrsenkel. Tritt ein in die Zukunft, in der Stil auf Leichtigkeit trifft, und verabschiede dich von der l\u00e4stigen Aufgabe, deine Schuhe zu binden.","og_url":"https:\/\/www.loopkinglaces.com\/de\/products\/no-tie-boot-schnuersenkel-71-zoll-starter-pack-4-in-1\/","og_site_name":"Luxury Gold Tip Shoelaces by Loop King Laces","article_publisher":"https:\/\/www.facebook.com\/LoopKingLaces\/","article_modified_time":"2024-11-04T23:15:26+00:00","og_image":[{"width":1000,"height":1000,"url":"https:\/\/www.loopkinglaces.com\/wp-content\/uploads\/No-Tie-Boot-Laces-Starter-Pack.jpg","type":"image\/jpeg"}],"twitter_card":"summary_large_image","twitter_site":"@loopkinglaces","twitter_misc":{"Gesch\u00e4tzte Lesezeit":"1\u00a0Minute"},"schema":{"@context":"https:\/\/schema.org","@graph":[{"@type":["WebPage","ItemPage"],"@id":"https:\/\/www.loopkinglaces.com\/de\/products\/no-tie-boot-schnuersenkel-71-zoll-starter-pack-4-in-1\/","url":"https:\/\/www.loopkinglaces.com\/de\/products\/no-tie-boot-schnuersenkel-71-zoll-starter-pack-4-in-1\/","name":"Schn\u00fcrsenkel Bundle Starter Pack | No-Tie BOOT Laces - 71 inches Starter Pack","isPartOf":{"@id":"https:\/\/www.loopkinglaces.com\/de\/#website"},"primaryImageOfPage":{"@id":"https:\/\/www.loopkinglaces.com\/de\/products\/no-tie-boot-schnuersenkel-71-zoll-starter-pack-4-in-1\/#primaryimage"},"image":{"@id":"https:\/\/www.loopkinglaces.com\/de\/products\/no-tie-boot-schnuersenkel-71-zoll-starter-pack-4-in-1\/#primaryimage"},"thumbnailUrl":"https:\/\/www.loopkinglaces.com\/wp-content\/uploads\/No-Tie-Boot-Laces-Starter-Pack.jpg","datePublished":"2023-11-07T15:27:25+00:00","dateModified":"2024-11-04T23:15:26+00:00","description":"Verwandle deine Schuhe mit der eleganten Innovation von Schn\u00fcrsenkeln ohne Schn\u00fcrsenkel. Tritt ein in die Zukunft, in der Stil auf Leichtigkeit trifft, und verabschiede dich von der l\u00e4stigen Aufgabe, deine Schuhe zu binden.","breadcrumb":{"@id":"https:\/\/www.loopkinglaces.com\/de\/products\/no-tie-boot-schnuersenkel-71-zoll-starter-pack-4-in-1\/#breadcrumb"},"inLanguage":"de","potentialAction":[{"@type":"ReadAction","target":["https:\/\/www.loopkinglaces.com\/de\/products\/no-tie-boot-schnuersenkel-71-zoll-starter-pack-4-in-1\/"]}]},{"@type":"ImageObject","inLanguage":"de","@id":"https:\/\/www.loopkinglaces.com\/de\/products\/no-tie-boot-schnuersenkel-71-zoll-starter-pack-4-in-1\/#primaryimage","url":"https:\/\/www.loopkinglaces.com\/wp-content\/uploads\/No-Tie-Boot-Laces-Starter-Pack.jpg","contentUrl":"https:\/\/www.loopkinglaces.com\/wp-content\/uploads\/No-Tie-Boot-Laces-Starter-Pack.jpg","width":1000,"height":1000},{"@type":"BreadcrumbList","@id":"https:\/\/www.loopkinglaces.com\/de\/products\/no-tie-boot-schnuersenkel-71-zoll-starter-pack-4-in-1\/#breadcrumb","itemListElement":[{"@type":"ListItem","position":1,"name":"Home","item":"https:\/\/www.loopkinglaces.com\/de\/"},{"@type":"ListItem","position":2,"name":"Shop","item":"https:\/\/www.loopkinglaces.com\/de\/shop\/"},{"@type":"ListItem","position":3,"name":"No-Tie BOOT Schn\u00fcrsenkel &#8211; 71 Zoll Starter Pack (4-in-1)"}]},{"@type":"WebSite","@id":"https:\/\/www.loopkinglaces.com\/de\/#website","url":"https:\/\/www.loopkinglaces.com\/de\/","name":"Luxury Gold Tip Shoelaces by Loop King Laces","description":"Rope Laces, Flat Waxed Laces and Leather Laces. All With Gold Tips.","publisher":{"@id":"https:\/\/www.loopkinglaces.com\/de\/#organization"},"potentialAction":[{"@type":"SearchAction","target":{"@type":"EntryPoint","urlTemplate":"https:\/\/www.loopkinglaces.com\/de\/?s={search_term_string}"},"query-input":{"@type":"PropertyValueSpecification","valueRequired":true,"valueName":"search_term_string"}}],"inLanguage":"de"},{"@type":"Organization","@id":"https:\/\/www.loopkinglaces.com\/de\/#organization","name":"Loop King Laces","url":"https:\/\/www.loopkinglaces.com\/de\/","logo":{"@type":"ImageObject","inLanguage":"de","@id":"https:\/\/www.loopkinglaces.com\/de\/#\/schema\/logo\/image\/","url":"https:\/\/www.loopkinglaces.com\/wp-content\/uploads\/LOOP-KING-LACES.1.1-01-LOGO-HI-RES-OFFICIAL-1.png","contentUrl":"https:\/\/www.loopkinglaces.com\/wp-content\/uploads\/LOOP-KING-LACES.1.1-01-LOGO-HI-RES-OFFICIAL-1.png","width":128,"height":91,"caption":"Loop King Laces"},"image":{"@id":"https:\/\/www.loopkinglaces.com\/de\/#\/schema\/logo\/image\/"},"sameAs":["https:\/\/www.facebook.com\/LoopKingLaces\/","https:\/\/x.com\/loopkinglaces","https:\/\/www.instagram.com\/loopkinglaces\/"]}]}},"_links":{"self":[{"href":"https:\/\/www.loopkinglaces.com\/de\/wp-json\/wp\/v2\/product\/67903","targetHints":{"allow":["GET"]}}],"collection":[{"href":"https:\/\/www.loopkinglaces.com\/de\/wp-json\/wp\/v2\/product"}],"about":[{"href":"https:\/\/www.loopkinglaces.com\/de\/wp-json\/wp\/v2\/types\/product"}],"replies":[{"embeddable":true,"href":"https:\/\/www.loopkinglaces.com\/de\/wp-json\/wp\/v2\/comments?post=67903"}],"wp:featuredmedia":[{"embeddable":true,"href":"https:\/\/www.loopkinglaces.com\/de\/wp-json\/wp\/v2\/media\/58932"}],"wp:attachment":[{"href":"https:\/\/www.loopkinglaces.com\/de\/wp-json\/wp\/v2\/media?parent=67903"}],"wp:term":[{"taxonomy":"product_brand","embeddable":true,"href":"https:\/\/www.loopkinglaces.com\/de\/wp-json\/wp\/v2\/product_brand?post=67903"},{"taxonomy":"product_cat","embeddable":true,"href":"https:\/\/www.loopkinglaces.com\/de\/wp-json\/wp\/v2\/product_cat?post=67903"},{"taxonomy":"product_tag","embeddable":true,"href":"https:\/\/www.loopkinglaces.com\/de\/wp-json\/wp\/v2\/product_tag?post=67903"},{"taxonomy":"woo-feed-brand","embeddable":true,"href":"https:\/\/www.loopkinglaces.com\/de\/wp-json\/wp\/v2\/woo-feed-brand?post=67903"}],"curies":[{"name":"wp","href":"https:\/\/api.w.org\/{rel}","templated":true}]}}