{"id":67894,"date":"2023-12-07T16:43:52","date_gmt":"2023-12-07T16:43:52","guid":{"rendered":"https:\/\/www.loopkinglaces.com\/products\/luxurioese-braune-lederschnuersenkel-mit-goldenen-spitzen\/"},"modified":"2024-11-04T23:07:13","modified_gmt":"2024-11-04T23:07:13","slug":"luxurioese-braune-lederschnuersenkel-mit-goldenen-spitzen","status":"publish","type":"product","link":"https:\/\/www.loopkinglaces.com\/de\/products\/luxurioese-braune-lederschnuersenkel-mit-goldenen-spitzen\/","title":{"rendered":"Luxuri\u00f6se braune Lederschn\u00fcrsenkel mit goldenen Spitzen"},"content":{"rendered":"<h3><a href=\"https:\/\/www.loopkinglaces.com\/\">Luxus Sneaker Schn\u00fcrsenkel<\/a><\/h3>\n<p>Der optische Reiz von breiten, kr\u00e4ftigen Schn\u00fcrsenkeln ist unbestreitbar und wird oft mit einem High-End-Look in Verbindung gebracht.<br \/>\nDie Lederschn\u00fcrsenkel von Loop King sind der Inbegriff daf\u00fcr, denn sie haben eine gro\u00dfz\u00fcgige Dicke, die das hochwertige Leder zur Geltung bringt.<br \/>\nUnser Engagement f\u00fcr Qualit\u00e4t ist unerbittlich und spiegelt sich in der Auswahl der hochwertigen Materialien wider.<br \/>\nDiese Schn\u00fcrsenkel sind nicht nur \u00e4sthetisch ansprechend, sondern auch bemerkenswert langlebig und \u00fcbertreffen die Haltbarkeit anderer Marken oft um das Dreifache.<\/p>\n","protected":false},"excerpt":{"rendered":"<p><strong>Luxuri\u00f6se braune Lederschn\u00fcrsenkel mit goldenen Spitzen<\/strong> Loop King hat den unbestreitbaren Reiz dickerer, breiterer Schn\u00fcrsenkel erkannt und Lederschn\u00fcrsenkel hergestellt, die diese \u00c4sthetik verk\u00f6rpern.<br \/>\nDurch ihre Dicke heben sie das feine Leder hervor und sorgen f\u00fcr einen luxuri\u00f6sen Look.<br \/>\nQualit\u00e4t steht bei unserer Arbeit an erster Stelle, denn wir verwenden nur hochwertige Materialien.<br \/>\nDas Ergebnis sind Schn\u00fcrsenkel, die nicht nur optisch beeindrucken, sondern auch besonders langlebig sind und die Konkurrenz oft um das Dreifache \u00fcbertreffen.<br \/>\nF\u00fcr alle, die ihre Schn\u00fcrsenkel nur selten austauschen m\u00fcssen, sind die Loop King Lederschn\u00fcrsenkel die richtige Wahl.<br \/>\nZu ihren wichtigsten Eigenschaften geh\u00f6ren:<\/p>\n<ul>\n<li>6mm Breite (Flach)<\/li>\n<li>Feines Leder<\/li>\n<li>Gepr\u00e4gte goldene Aglet-Spitzen mit dem Namen Loop King<\/li>\n<li>Passen zu den meisten gro\u00dfen Schuhmarken (Nike, Adidas, Reebok, Vans, Converse, etc.)<\/li>\n<li>Halten 3x l\u00e4nger als andere Schn\u00fcrsenkelmarken<\/li>\n<li>Sch\u00f6ne Loop King Verpackung<\/li>\n<\/ul>\n","protected":false},"featured_media":59013,"comment_status":"open","ping_status":"closed","template":"","meta":{"_acf_changed":false},"product_brand":[],"product_cat":[691,699,590,627,740,589,731,592,625,729,779],"product_tag":[634,637,635,638,734,636],"woo-feed-brand":[],"class_list":{"0":"post-67894","1":"product","2":"type-product","3":"status-publish","4":"has-post-thumbnail","6":"product_cat-63-inch-boot-laces-de","7":"product_cat-adidas-yeezy-700-laces-fashionable-strings","8":"product_cat-all-shoelaces","9":"product_cat-burberry-shoe-laces-that-will-upgrade-your-footwear","10":"product_cat-ecco-schnursenkel-das-perfekte-finish-fur-deine-statement-schuhe","11":"product_cat-luxus-leder-schnursenkel","12":"product_cat-robuste-schnursenkel-die-fantastisch-aussehen-und-lange-halten","13":"product_cat-schnursenkel-mit-goldspitze","14":"product_cat-showstopping-basketball-shoelaces-for-a-slick-look-snug-fit-on-off-the-court","15":"product_cat-skechers-schnursenkel-auf-hochstem-niveau-die-fur-spannung-wert-und-komfort-sorgen","16":"product_cat-verbessere-dein-schuhspiel-mit-columbia-schnursenkeln","17":"product_tag-footwear-de","18":"product_tag-leather-laces-de","19":"product_tag-loop-king-de","20":"product_tag-metal-tip-de","21":"product_tag-schwarz","22":"product_tag-shoelaces-de","24":"first","25":"instock","26":"taxable","27":"shipping-taxable","28":"purchasable","29":"product-type-variable"},"acf":[],"yoast_head":"<!-- This site is optimized with the Yoast SEO plugin v27.4 - https:\/\/yoast.com\/product\/yoast-seo-wordpress\/ -->\n<title>Luxuri\u00f6se braune Lederschn\u00fcrsenkel mit goldenen Spitzen - von Loop King<\/title>\n<meta name=\"description\" content=\"Definiere deinen Stil neu mit unseren Premium-Lederschn\u00fcrsenkeln, die perfekt f\u00fcr f\u00fchrende Sneakermarken geeignet sind. Sie sind dein Ticket f\u00fcr ein sofortiges Style-Upgrade.\" \/>\n<meta name=\"robots\" content=\"index, follow, max-snippet:-1, max-image-preview:large, max-video-preview:-1\" \/>\n<link rel=\"canonical\" href=\"https:\/\/www.loopkinglaces.com\/de\/products\/luxurioese-braune-lederschnuersenkel-mit-goldenen-spitzen\/\" \/>\n<meta property=\"og:locale\" content=\"de_DE\" \/>\n<meta property=\"og:type\" content=\"article\" \/>\n<meta property=\"og:title\" content=\"Luxuri\u00f6se braune Lederschn\u00fcrsenkel mit goldenen Spitzen - von Loop King\" \/>\n<meta property=\"og:description\" content=\"Definiere deinen Stil neu mit unseren Premium-Lederschn\u00fcrsenkeln, die perfekt f\u00fcr f\u00fchrende Sneakermarken geeignet sind. Sie sind dein Ticket f\u00fcr ein sofortiges Style-Upgrade.\" \/>\n<meta property=\"og:url\" content=\"https:\/\/www.loopkinglaces.com\/de\/products\/luxurioese-braune-lederschnuersenkel-mit-goldenen-spitzen\/\" \/>\n<meta property=\"og:site_name\" content=\"Luxury Gold Tip Shoelaces by Loop King Laces\" \/>\n<meta property=\"article:publisher\" content=\"https:\/\/www.facebook.com\/LoopKingLaces\/\" \/>\n<meta property=\"article:modified_time\" content=\"2024-11-04T23:07:13+00:00\" \/>\n<meta property=\"og:image\" content=\"https:\/\/www.loopkinglaces.com\/wp-content\/uploads\/Tan-Leather-scaled.jpg\" \/>\n\t<meta property=\"og:image:width\" content=\"2560\" \/>\n\t<meta property=\"og:image:height\" content=\"2560\" \/>\n\t<meta property=\"og:image:type\" content=\"image\/jpeg\" \/>\n<meta name=\"twitter:card\" content=\"summary_large_image\" \/>\n<meta name=\"twitter:site\" content=\"@loopkinglaces\" \/>\n<meta name=\"twitter:label1\" content=\"Gesch\u00e4tzte Lesezeit\" \/>\n\t<meta name=\"twitter:data1\" content=\"1\u00a0Minute\" \/>\n<script type=\"application\/ld+json\" class=\"yoast-schema-graph\">{\"@context\":\"https:\\\/\\\/schema.org\",\"@graph\":[{\"@type\":[\"WebPage\",\"ItemPage\"],\"@id\":\"https:\\\/\\\/www.loopkinglaces.com\\\/de\\\/products\\\/luxurioese-braune-lederschnuersenkel-mit-goldenen-spitzen\\\/\",\"url\":\"https:\\\/\\\/www.loopkinglaces.com\\\/de\\\/products\\\/luxurioese-braune-lederschnuersenkel-mit-goldenen-spitzen\\\/\",\"name\":\"Luxuri\u00f6se braune Lederschn\u00fcrsenkel mit goldenen Spitzen - von Loop King\",\"isPartOf\":{\"@id\":\"https:\\\/\\\/www.loopkinglaces.com\\\/de\\\/#website\"},\"primaryImageOfPage\":{\"@id\":\"https:\\\/\\\/www.loopkinglaces.com\\\/de\\\/products\\\/luxurioese-braune-lederschnuersenkel-mit-goldenen-spitzen\\\/#primaryimage\"},\"image\":{\"@id\":\"https:\\\/\\\/www.loopkinglaces.com\\\/de\\\/products\\\/luxurioese-braune-lederschnuersenkel-mit-goldenen-spitzen\\\/#primaryimage\"},\"thumbnailUrl\":\"https:\\\/\\\/www.loopkinglaces.com\\\/wp-content\\\/uploads\\\/Tan-Leather-scaled.jpg\",\"datePublished\":\"2023-12-07T16:43:52+00:00\",\"dateModified\":\"2024-11-04T23:07:13+00:00\",\"description\":\"Definiere deinen Stil neu mit unseren Premium-Lederschn\u00fcrsenkeln, die perfekt f\u00fcr f\u00fchrende Sneakermarken geeignet sind. Sie sind dein Ticket f\u00fcr ein sofortiges Style-Upgrade.\",\"breadcrumb\":{\"@id\":\"https:\\\/\\\/www.loopkinglaces.com\\\/de\\\/products\\\/luxurioese-braune-lederschnuersenkel-mit-goldenen-spitzen\\\/#breadcrumb\"},\"inLanguage\":\"de\",\"potentialAction\":[{\"@type\":\"ReadAction\",\"target\":[\"https:\\\/\\\/www.loopkinglaces.com\\\/de\\\/products\\\/luxurioese-braune-lederschnuersenkel-mit-goldenen-spitzen\\\/\"]}]},{\"@type\":\"ImageObject\",\"inLanguage\":\"de\",\"@id\":\"https:\\\/\\\/www.loopkinglaces.com\\\/de\\\/products\\\/luxurioese-braune-lederschnuersenkel-mit-goldenen-spitzen\\\/#primaryimage\",\"url\":\"https:\\\/\\\/www.loopkinglaces.com\\\/wp-content\\\/uploads\\\/Tan-Leather-scaled.jpg\",\"contentUrl\":\"https:\\\/\\\/www.loopkinglaces.com\\\/wp-content\\\/uploads\\\/Tan-Leather-scaled.jpg\",\"width\":2560,\"height\":2560},{\"@type\":\"BreadcrumbList\",\"@id\":\"https:\\\/\\\/www.loopkinglaces.com\\\/de\\\/products\\\/luxurioese-braune-lederschnuersenkel-mit-goldenen-spitzen\\\/#breadcrumb\",\"itemListElement\":[{\"@type\":\"ListItem\",\"position\":1,\"name\":\"Home\",\"item\":\"https:\\\/\\\/www.loopkinglaces.com\\\/de\\\/\"},{\"@type\":\"ListItem\",\"position\":2,\"name\":\"Shop\",\"item\":\"https:\\\/\\\/www.loopkinglaces.com\\\/de\\\/shop\\\/\"},{\"@type\":\"ListItem\",\"position\":3,\"name\":\"Luxuri\u00f6se braune Lederschn\u00fcrsenkel mit goldenen Spitzen\"}]},{\"@type\":\"WebSite\",\"@id\":\"https:\\\/\\\/www.loopkinglaces.com\\\/de\\\/#website\",\"url\":\"https:\\\/\\\/www.loopkinglaces.com\\\/de\\\/\",\"name\":\"Luxury Gold Tip Shoelaces by Loop King Laces\",\"description\":\"Rope Laces, Flat Waxed Laces and Leather Laces. All With Gold Tips.\",\"publisher\":{\"@id\":\"https:\\\/\\\/www.loopkinglaces.com\\\/de\\\/#organization\"},\"potentialAction\":[{\"@type\":\"SearchAction\",\"target\":{\"@type\":\"EntryPoint\",\"urlTemplate\":\"https:\\\/\\\/www.loopkinglaces.com\\\/de\\\/?s={search_term_string}\"},\"query-input\":{\"@type\":\"PropertyValueSpecification\",\"valueRequired\":true,\"valueName\":\"search_term_string\"}}],\"inLanguage\":\"de\"},{\"@type\":\"Organization\",\"@id\":\"https:\\\/\\\/www.loopkinglaces.com\\\/de\\\/#organization\",\"name\":\"Loop King Laces\",\"url\":\"https:\\\/\\\/www.loopkinglaces.com\\\/de\\\/\",\"logo\":{\"@type\":\"ImageObject\",\"inLanguage\":\"de\",\"@id\":\"https:\\\/\\\/www.loopkinglaces.com\\\/de\\\/#\\\/schema\\\/logo\\\/image\\\/\",\"url\":\"https:\\\/\\\/www.loopkinglaces.com\\\/wp-content\\\/uploads\\\/LOOP-KING-LACES.1.1-01-LOGO-HI-RES-OFFICIAL-1.png\",\"contentUrl\":\"https:\\\/\\\/www.loopkinglaces.com\\\/wp-content\\\/uploads\\\/LOOP-KING-LACES.1.1-01-LOGO-HI-RES-OFFICIAL-1.png\",\"width\":128,\"height\":91,\"caption\":\"Loop King Laces\"},\"image\":{\"@id\":\"https:\\\/\\\/www.loopkinglaces.com\\\/de\\\/#\\\/schema\\\/logo\\\/image\\\/\"},\"sameAs\":[\"https:\\\/\\\/www.facebook.com\\\/LoopKingLaces\\\/\",\"https:\\\/\\\/x.com\\\/loopkinglaces\",\"https:\\\/\\\/www.instagram.com\\\/loopkinglaces\\\/\"]}]}<\/script>\n<!-- \/ Yoast SEO plugin. -->","yoast_head_json":{"title":"Luxuri\u00f6se braune Lederschn\u00fcrsenkel mit goldenen Spitzen - von Loop King","description":"Definiere deinen Stil neu mit unseren Premium-Lederschn\u00fcrsenkeln, die perfekt f\u00fcr f\u00fchrende Sneakermarken geeignet sind. Sie sind dein Ticket f\u00fcr ein sofortiges Style-Upgrade.","robots":{"index":"index","follow":"follow","max-snippet":"max-snippet:-1","max-image-preview":"max-image-preview:large","max-video-preview":"max-video-preview:-1"},"canonical":"https:\/\/www.loopkinglaces.com\/de\/products\/luxurioese-braune-lederschnuersenkel-mit-goldenen-spitzen\/","og_locale":"de_DE","og_type":"article","og_title":"Luxuri\u00f6se braune Lederschn\u00fcrsenkel mit goldenen Spitzen - von Loop King","og_description":"Definiere deinen Stil neu mit unseren Premium-Lederschn\u00fcrsenkeln, die perfekt f\u00fcr f\u00fchrende Sneakermarken geeignet sind. Sie sind dein Ticket f\u00fcr ein sofortiges Style-Upgrade.","og_url":"https:\/\/www.loopkinglaces.com\/de\/products\/luxurioese-braune-lederschnuersenkel-mit-goldenen-spitzen\/","og_site_name":"Luxury Gold Tip Shoelaces by Loop King Laces","article_publisher":"https:\/\/www.facebook.com\/LoopKingLaces\/","article_modified_time":"2024-11-04T23:07:13+00:00","og_image":[{"width":2560,"height":2560,"url":"https:\/\/www.loopkinglaces.com\/wp-content\/uploads\/Tan-Leather-scaled.jpg","type":"image\/jpeg"}],"twitter_card":"summary_large_image","twitter_site":"@loopkinglaces","twitter_misc":{"Gesch\u00e4tzte Lesezeit":"1\u00a0Minute"},"schema":{"@context":"https:\/\/schema.org","@graph":[{"@type":["WebPage","ItemPage"],"@id":"https:\/\/www.loopkinglaces.com\/de\/products\/luxurioese-braune-lederschnuersenkel-mit-goldenen-spitzen\/","url":"https:\/\/www.loopkinglaces.com\/de\/products\/luxurioese-braune-lederschnuersenkel-mit-goldenen-spitzen\/","name":"Luxuri\u00f6se braune Lederschn\u00fcrsenkel mit goldenen Spitzen - von Loop King","isPartOf":{"@id":"https:\/\/www.loopkinglaces.com\/de\/#website"},"primaryImageOfPage":{"@id":"https:\/\/www.loopkinglaces.com\/de\/products\/luxurioese-braune-lederschnuersenkel-mit-goldenen-spitzen\/#primaryimage"},"image":{"@id":"https:\/\/www.loopkinglaces.com\/de\/products\/luxurioese-braune-lederschnuersenkel-mit-goldenen-spitzen\/#primaryimage"},"thumbnailUrl":"https:\/\/www.loopkinglaces.com\/wp-content\/uploads\/Tan-Leather-scaled.jpg","datePublished":"2023-12-07T16:43:52+00:00","dateModified":"2024-11-04T23:07:13+00:00","description":"Definiere deinen Stil neu mit unseren Premium-Lederschn\u00fcrsenkeln, die perfekt f\u00fcr f\u00fchrende Sneakermarken geeignet sind. Sie sind dein Ticket f\u00fcr ein sofortiges Style-Upgrade.","breadcrumb":{"@id":"https:\/\/www.loopkinglaces.com\/de\/products\/luxurioese-braune-lederschnuersenkel-mit-goldenen-spitzen\/#breadcrumb"},"inLanguage":"de","potentialAction":[{"@type":"ReadAction","target":["https:\/\/www.loopkinglaces.com\/de\/products\/luxurioese-braune-lederschnuersenkel-mit-goldenen-spitzen\/"]}]},{"@type":"ImageObject","inLanguage":"de","@id":"https:\/\/www.loopkinglaces.com\/de\/products\/luxurioese-braune-lederschnuersenkel-mit-goldenen-spitzen\/#primaryimage","url":"https:\/\/www.loopkinglaces.com\/wp-content\/uploads\/Tan-Leather-scaled.jpg","contentUrl":"https:\/\/www.loopkinglaces.com\/wp-content\/uploads\/Tan-Leather-scaled.jpg","width":2560,"height":2560},{"@type":"BreadcrumbList","@id":"https:\/\/www.loopkinglaces.com\/de\/products\/luxurioese-braune-lederschnuersenkel-mit-goldenen-spitzen\/#breadcrumb","itemListElement":[{"@type":"ListItem","position":1,"name":"Home","item":"https:\/\/www.loopkinglaces.com\/de\/"},{"@type":"ListItem","position":2,"name":"Shop","item":"https:\/\/www.loopkinglaces.com\/de\/shop\/"},{"@type":"ListItem","position":3,"name":"Luxuri\u00f6se braune Lederschn\u00fcrsenkel mit goldenen Spitzen"}]},{"@type":"WebSite","@id":"https:\/\/www.loopkinglaces.com\/de\/#website","url":"https:\/\/www.loopkinglaces.com\/de\/","name":"Luxury Gold Tip Shoelaces by Loop King Laces","description":"Rope Laces, Flat Waxed Laces and Leather Laces. All With Gold Tips.","publisher":{"@id":"https:\/\/www.loopkinglaces.com\/de\/#organization"},"potentialAction":[{"@type":"SearchAction","target":{"@type":"EntryPoint","urlTemplate":"https:\/\/www.loopkinglaces.com\/de\/?s={search_term_string}"},"query-input":{"@type":"PropertyValueSpecification","valueRequired":true,"valueName":"search_term_string"}}],"inLanguage":"de"},{"@type":"Organization","@id":"https:\/\/www.loopkinglaces.com\/de\/#organization","name":"Loop King Laces","url":"https:\/\/www.loopkinglaces.com\/de\/","logo":{"@type":"ImageObject","inLanguage":"de","@id":"https:\/\/www.loopkinglaces.com\/de\/#\/schema\/logo\/image\/","url":"https:\/\/www.loopkinglaces.com\/wp-content\/uploads\/LOOP-KING-LACES.1.1-01-LOGO-HI-RES-OFFICIAL-1.png","contentUrl":"https:\/\/www.loopkinglaces.com\/wp-content\/uploads\/LOOP-KING-LACES.1.1-01-LOGO-HI-RES-OFFICIAL-1.png","width":128,"height":91,"caption":"Loop King Laces"},"image":{"@id":"https:\/\/www.loopkinglaces.com\/de\/#\/schema\/logo\/image\/"},"sameAs":["https:\/\/www.facebook.com\/LoopKingLaces\/","https:\/\/x.com\/loopkinglaces","https:\/\/www.instagram.com\/loopkinglaces\/"]}]}},"_links":{"self":[{"href":"https:\/\/www.loopkinglaces.com\/de\/wp-json\/wp\/v2\/product\/67894","targetHints":{"allow":["GET"]}}],"collection":[{"href":"https:\/\/www.loopkinglaces.com\/de\/wp-json\/wp\/v2\/product"}],"about":[{"href":"https:\/\/www.loopkinglaces.com\/de\/wp-json\/wp\/v2\/types\/product"}],"replies":[{"embeddable":true,"href":"https:\/\/www.loopkinglaces.com\/de\/wp-json\/wp\/v2\/comments?post=67894"}],"wp:featuredmedia":[{"embeddable":true,"href":"https:\/\/www.loopkinglaces.com\/de\/wp-json\/wp\/v2\/media\/59013"}],"wp:attachment":[{"href":"https:\/\/www.loopkinglaces.com\/de\/wp-json\/wp\/v2\/media?parent=67894"}],"wp:term":[{"taxonomy":"product_brand","embeddable":true,"href":"https:\/\/www.loopkinglaces.com\/de\/wp-json\/wp\/v2\/product_brand?post=67894"},{"taxonomy":"product_cat","embeddable":true,"href":"https:\/\/www.loopkinglaces.com\/de\/wp-json\/wp\/v2\/product_cat?post=67894"},{"taxonomy":"product_tag","embeddable":true,"href":"https:\/\/www.loopkinglaces.com\/de\/wp-json\/wp\/v2\/product_tag?post=67894"},{"taxonomy":"woo-feed-brand","embeddable":true,"href":"https:\/\/www.loopkinglaces.com\/de\/wp-json\/wp\/v2\/woo-feed-brand?post=67894"}],"curies":[{"name":"wp","href":"https:\/\/api.w.org\/{rel}","templated":true}]}}