{"id":67878,"date":"2023-12-07T16:30:49","date_gmt":"2023-12-07T16:30:49","guid":{"rendered":"https:\/\/www.loopkinglaces.com\/products\/luxurioese-kelly-green-leder-schnuersenkel-mit-goldenen-spitzen\/"},"modified":"2024-11-04T23:02:39","modified_gmt":"2024-11-04T23:02:39","slug":"luxurioese-kelly-green-leder-schnuersenkel-mit-goldenen-spitzen","status":"publish","type":"product","link":"https:\/\/www.loopkinglaces.com\/de\/products\/luxurioese-kelly-green-leder-schnuersenkel-mit-goldenen-spitzen\/","title":{"rendered":"Luxuri\u00f6se Kelly Green Leder Schn\u00fcrsenkel mit goldenen Spitzen"},"content":{"rendered":"<h3><a href=\"https:\/\/www.loopkinglaces.com\/\">Luxus Sneaker Schn\u00fcrsenkel<\/a><\/h3>\n<p>Da wir wissen, dass dickere, breitere Schn\u00fcrsenkel oft gehobener aussehen, sind die Lederschn\u00fcrsenkel von Loop King absichtlich so robust gefertigt, um ihre luxuri\u00f6se Ausstrahlung zu verst\u00e4rken.<br \/>\nDie betr\u00e4chtliche Dicke unterstreicht au\u00dferdem das hochwertige Leder, das wir verwenden.<br \/>\nQualit\u00e4t ist unser Mantra, und wir halten uns an strenge Standards f\u00fcr unsere Materialien, was unsere Schn\u00fcrsenkel besonders langlebig macht.<br \/>\nIm Vergleich zu anderen Marken halten unsere bis zu 3-mal l\u00e4nger.<br \/>\nEntscheide dich f\u00fcr Loop King Lederschn\u00fcrsenkel, um h\u00e4ufigen Austausch zu vermeiden.<\/p>\n","protected":false},"excerpt":{"rendered":"<p><strong>Luxuri\u00f6se Kellygr\u00fcne Lederschn\u00fcrsenkel mit goldenen Spitzen<\/strong> Es ist allgemein bekannt, dass dickere, flachere Schn\u00fcrsenkel einen edleren und kostspieligeren Eindruck machen.<br \/>\nDie Lederschn\u00fcrsenkel von Loop King verk\u00f6rpern dieses Prinzip und sind so dick, dass sie ihren luxuri\u00f6sen Charakter unterstreichen.<br \/>\nDie Dicke bringt nicht nur das feine Leder zur Geltung, sondern spiegelt auch unser Engagement f\u00fcr Qualit\u00e4t wider.<br \/>\nDurch die Verwendung hochwertiger Materialien sind unsere Schn\u00fcrsenkel bemerkenswert langlebig und halten oft dreimal so lange wie andere.<br \/>\nLoop King Lederschn\u00fcrsenkel sind deine L\u00f6sung f\u00fcr dauerhafte Eleganz.<br \/>\nDie wichtigsten Merkmale sind:<\/p>\n<ul>\n<li>6mm Breite (Glatt)<\/li>\n<li>Feines Leder<\/li>\n<li>Gepr\u00e4gte goldene Aglet-Spitzen mit dem Namen Loop King<\/li>\n<li>Passen du den meisten gro\u00dfen Schuhmarken (Nike, Adidas, Reebok, Vans, Converse, etc.)<\/li>\n<li>Halten 3x l\u00e4nger als andere Schn\u00fcrsenkelmarken<\/li>\n<li>Sch\u00f6ne Loop King Verpackung<\/li>\n<\/ul>\n","protected":false},"featured_media":59009,"comment_status":"open","ping_status":"closed","template":"","meta":{"_acf_changed":false},"product_brand":[],"product_cat":[615,693,590,701,812,750,749,740,745,743,790,589,795,601,592,729,593,596,751],"product_tag":[634,637,635,638,734,636],"woo-feed-brand":[],"class_list":{"0":"post-67878","1":"product","2":"type-product","3":"status-publish","4":"has-post-thumbnail","6":"product_cat-52-inch-shoelaces-de","7":"product_cat-72-inch-boot-laces-de","8":"product_cat-all-shoelaces","9":"product_cat-allen-edmonds-shoe-laces-a-step-above-the-ordinary","10":"product_cat-atemberaubende-timberland-boots-schnursenkel-die-dich-nicht-im-stich-lassen-werden","11":"product_cat-das-perfekte-paar-finden-die-revolution-der-72-zoll-schuhbander","12":"product_cat-die-suche-nach-den-perfekten-60-zoll-schuhbandern-ein-abenteuer-in-der-realen-welt","13":"product_cat-ecco-schnursenkel-das-perfekte-finish-fur-deine-statement-schuhe","14":"product_cat-erhohe-dein-hoka-erlebnis-nicht-nur-schnursenkel-sondern-statements-in-neutralen-farbtonen","15":"product_cat-golden-goose-schnursenkel-ersatz-fur-deine-geliebten-schuhe","16":"product_cat-grune-premium-schnursenkel-zur-aufwertung-deiner-schuhe","17":"product_cat-luxus-leder-schnursenkel","18":"product_cat-menschliche-ethnie-schnursenkel","19":"product_cat-modern-and-top-of-the-line-nike-sb-laces","20":"product_cat-schnursenkel-mit-goldspitze","21":"product_cat-skechers-schnursenkel-auf-hochstem-niveau-die-fur-spannung-wert-und-komfort-sorgen","22":"product_cat-stan-smith-laces-fancy-and-trendy","23":"product_cat-vans-shoe-laces-fantastic-for-your-sneakers","24":"product_cat-verbessere-dein-schuhspiel-mit-54-zoll-langen-schnursenkeln","25":"product_tag-footwear-de","26":"product_tag-leather-laces-de","27":"product_tag-loop-king-de","28":"product_tag-metal-tip-de","29":"product_tag-schwarz","30":"product_tag-shoelaces-de","32":"first","33":"instock","34":"taxable","35":"shipping-taxable","36":"purchasable","37":"product-type-variable"},"acf":[],"yoast_head":"<!-- This site is optimized with the Yoast SEO plugin v27.4 - https:\/\/yoast.com\/product\/yoast-seo-wordpress\/ -->\n<title>Luxuri\u00f6se Kelly Green Leder Schn\u00fcrsenkel mit goldenen Spitzen - von Loop King<\/title>\n<meta name=\"description\" content=\"Verwandle deine Sneaker mit unseren hochwertigen Lederschn\u00fcrsenkeln. Sie verleihen deinen Lieblingssneakern einen Hauch von Eleganz. Schau dir noch heute unsere Auswahl an.\" \/>\n<meta name=\"robots\" content=\"index, follow, max-snippet:-1, max-image-preview:large, max-video-preview:-1\" \/>\n<link rel=\"canonical\" href=\"https:\/\/www.loopkinglaces.com\/de\/products\/luxurioese-kelly-green-leder-schnuersenkel-mit-goldenen-spitzen\/\" \/>\n<meta property=\"og:locale\" content=\"de_DE\" \/>\n<meta property=\"og:type\" content=\"article\" \/>\n<meta property=\"og:title\" content=\"Luxuri\u00f6se Kelly Green Leder Schn\u00fcrsenkel mit goldenen Spitzen - von Loop King\" \/>\n<meta property=\"og:description\" content=\"Verwandle deine Sneaker mit unseren hochwertigen Lederschn\u00fcrsenkeln. Sie verleihen deinen Lieblingssneakern einen Hauch von Eleganz. Schau dir noch heute unsere Auswahl an.\" \/>\n<meta property=\"og:url\" content=\"https:\/\/www.loopkinglaces.com\/de\/products\/luxurioese-kelly-green-leder-schnuersenkel-mit-goldenen-spitzen\/\" \/>\n<meta property=\"og:site_name\" content=\"Luxury Gold Tip Shoelaces by Loop King Laces\" \/>\n<meta property=\"article:publisher\" content=\"https:\/\/www.facebook.com\/LoopKingLaces\/\" \/>\n<meta property=\"article:modified_time\" content=\"2024-11-04T23:02:39+00:00\" \/>\n<meta property=\"og:image\" content=\"https:\/\/www.loopkinglaces.com\/wp-content\/uploads\/Kelly-Green-Leather-scaled.jpg\" \/>\n\t<meta property=\"og:image:width\" content=\"2560\" \/>\n\t<meta property=\"og:image:height\" content=\"2560\" \/>\n\t<meta property=\"og:image:type\" content=\"image\/jpeg\" \/>\n<meta name=\"twitter:card\" content=\"summary_large_image\" \/>\n<meta name=\"twitter:site\" content=\"@loopkinglaces\" \/>\n<meta name=\"twitter:label1\" content=\"Gesch\u00e4tzte Lesezeit\" \/>\n\t<meta name=\"twitter:data1\" content=\"1\u00a0Minute\" \/>\n<script type=\"application\/ld+json\" class=\"yoast-schema-graph\">{\"@context\":\"https:\\\/\\\/schema.org\",\"@graph\":[{\"@type\":[\"WebPage\",\"ItemPage\"],\"@id\":\"https:\\\/\\\/www.loopkinglaces.com\\\/de\\\/products\\\/luxurioese-kelly-green-leder-schnuersenkel-mit-goldenen-spitzen\\\/\",\"url\":\"https:\\\/\\\/www.loopkinglaces.com\\\/de\\\/products\\\/luxurioese-kelly-green-leder-schnuersenkel-mit-goldenen-spitzen\\\/\",\"name\":\"Luxuri\u00f6se Kelly Green Leder Schn\u00fcrsenkel mit goldenen Spitzen - von Loop King\",\"isPartOf\":{\"@id\":\"https:\\\/\\\/www.loopkinglaces.com\\\/de\\\/#website\"},\"primaryImageOfPage\":{\"@id\":\"https:\\\/\\\/www.loopkinglaces.com\\\/de\\\/products\\\/luxurioese-kelly-green-leder-schnuersenkel-mit-goldenen-spitzen\\\/#primaryimage\"},\"image\":{\"@id\":\"https:\\\/\\\/www.loopkinglaces.com\\\/de\\\/products\\\/luxurioese-kelly-green-leder-schnuersenkel-mit-goldenen-spitzen\\\/#primaryimage\"},\"thumbnailUrl\":\"https:\\\/\\\/www.loopkinglaces.com\\\/wp-content\\\/uploads\\\/Kelly-Green-Leather-scaled.jpg\",\"datePublished\":\"2023-12-07T16:30:49+00:00\",\"dateModified\":\"2024-11-04T23:02:39+00:00\",\"description\":\"Verwandle deine Sneaker mit unseren hochwertigen Lederschn\u00fcrsenkeln. Sie verleihen deinen Lieblingssneakern einen Hauch von Eleganz. Schau dir noch heute unsere Auswahl an.\",\"breadcrumb\":{\"@id\":\"https:\\\/\\\/www.loopkinglaces.com\\\/de\\\/products\\\/luxurioese-kelly-green-leder-schnuersenkel-mit-goldenen-spitzen\\\/#breadcrumb\"},\"inLanguage\":\"de\",\"potentialAction\":[{\"@type\":\"ReadAction\",\"target\":[\"https:\\\/\\\/www.loopkinglaces.com\\\/de\\\/products\\\/luxurioese-kelly-green-leder-schnuersenkel-mit-goldenen-spitzen\\\/\"]}]},{\"@type\":\"ImageObject\",\"inLanguage\":\"de\",\"@id\":\"https:\\\/\\\/www.loopkinglaces.com\\\/de\\\/products\\\/luxurioese-kelly-green-leder-schnuersenkel-mit-goldenen-spitzen\\\/#primaryimage\",\"url\":\"https:\\\/\\\/www.loopkinglaces.com\\\/wp-content\\\/uploads\\\/Kelly-Green-Leather-scaled.jpg\",\"contentUrl\":\"https:\\\/\\\/www.loopkinglaces.com\\\/wp-content\\\/uploads\\\/Kelly-Green-Leather-scaled.jpg\",\"width\":2560,\"height\":2560},{\"@type\":\"BreadcrumbList\",\"@id\":\"https:\\\/\\\/www.loopkinglaces.com\\\/de\\\/products\\\/luxurioese-kelly-green-leder-schnuersenkel-mit-goldenen-spitzen\\\/#breadcrumb\",\"itemListElement\":[{\"@type\":\"ListItem\",\"position\":1,\"name\":\"Home\",\"item\":\"https:\\\/\\\/www.loopkinglaces.com\\\/de\\\/\"},{\"@type\":\"ListItem\",\"position\":2,\"name\":\"Shop\",\"item\":\"https:\\\/\\\/www.loopkinglaces.com\\\/de\\\/shop\\\/\"},{\"@type\":\"ListItem\",\"position\":3,\"name\":\"Luxuri\u00f6se Kelly Green Leder Schn\u00fcrsenkel mit goldenen Spitzen\"}]},{\"@type\":\"WebSite\",\"@id\":\"https:\\\/\\\/www.loopkinglaces.com\\\/de\\\/#website\",\"url\":\"https:\\\/\\\/www.loopkinglaces.com\\\/de\\\/\",\"name\":\"Luxury Gold Tip Shoelaces by Loop King Laces\",\"description\":\"Rope Laces, Flat Waxed Laces and Leather Laces. All With Gold Tips.\",\"publisher\":{\"@id\":\"https:\\\/\\\/www.loopkinglaces.com\\\/de\\\/#organization\"},\"potentialAction\":[{\"@type\":\"SearchAction\",\"target\":{\"@type\":\"EntryPoint\",\"urlTemplate\":\"https:\\\/\\\/www.loopkinglaces.com\\\/de\\\/?s={search_term_string}\"},\"query-input\":{\"@type\":\"PropertyValueSpecification\",\"valueRequired\":true,\"valueName\":\"search_term_string\"}}],\"inLanguage\":\"de\"},{\"@type\":\"Organization\",\"@id\":\"https:\\\/\\\/www.loopkinglaces.com\\\/de\\\/#organization\",\"name\":\"Loop King Laces\",\"url\":\"https:\\\/\\\/www.loopkinglaces.com\\\/de\\\/\",\"logo\":{\"@type\":\"ImageObject\",\"inLanguage\":\"de\",\"@id\":\"https:\\\/\\\/www.loopkinglaces.com\\\/de\\\/#\\\/schema\\\/logo\\\/image\\\/\",\"url\":\"https:\\\/\\\/www.loopkinglaces.com\\\/wp-content\\\/uploads\\\/LOOP-KING-LACES.1.1-01-LOGO-HI-RES-OFFICIAL-1.png\",\"contentUrl\":\"https:\\\/\\\/www.loopkinglaces.com\\\/wp-content\\\/uploads\\\/LOOP-KING-LACES.1.1-01-LOGO-HI-RES-OFFICIAL-1.png\",\"width\":128,\"height\":91,\"caption\":\"Loop King Laces\"},\"image\":{\"@id\":\"https:\\\/\\\/www.loopkinglaces.com\\\/de\\\/#\\\/schema\\\/logo\\\/image\\\/\"},\"sameAs\":[\"https:\\\/\\\/www.facebook.com\\\/LoopKingLaces\\\/\",\"https:\\\/\\\/x.com\\\/loopkinglaces\",\"https:\\\/\\\/www.instagram.com\\\/loopkinglaces\\\/\"]}]}<\/script>\n<!-- \/ Yoast SEO plugin. -->","yoast_head_json":{"title":"Luxuri\u00f6se Kelly Green Leder Schn\u00fcrsenkel mit goldenen Spitzen - von Loop King","description":"Verwandle deine Sneaker mit unseren hochwertigen Lederschn\u00fcrsenkeln. Sie verleihen deinen Lieblingssneakern einen Hauch von Eleganz. Schau dir noch heute unsere Auswahl an.","robots":{"index":"index","follow":"follow","max-snippet":"max-snippet:-1","max-image-preview":"max-image-preview:large","max-video-preview":"max-video-preview:-1"},"canonical":"https:\/\/www.loopkinglaces.com\/de\/products\/luxurioese-kelly-green-leder-schnuersenkel-mit-goldenen-spitzen\/","og_locale":"de_DE","og_type":"article","og_title":"Luxuri\u00f6se Kelly Green Leder Schn\u00fcrsenkel mit goldenen Spitzen - von Loop King","og_description":"Verwandle deine Sneaker mit unseren hochwertigen Lederschn\u00fcrsenkeln. Sie verleihen deinen Lieblingssneakern einen Hauch von Eleganz. Schau dir noch heute unsere Auswahl an.","og_url":"https:\/\/www.loopkinglaces.com\/de\/products\/luxurioese-kelly-green-leder-schnuersenkel-mit-goldenen-spitzen\/","og_site_name":"Luxury Gold Tip Shoelaces by Loop King Laces","article_publisher":"https:\/\/www.facebook.com\/LoopKingLaces\/","article_modified_time":"2024-11-04T23:02:39+00:00","og_image":[{"width":2560,"height":2560,"url":"https:\/\/www.loopkinglaces.com\/wp-content\/uploads\/Kelly-Green-Leather-scaled.jpg","type":"image\/jpeg"}],"twitter_card":"summary_large_image","twitter_site":"@loopkinglaces","twitter_misc":{"Gesch\u00e4tzte Lesezeit":"1\u00a0Minute"},"schema":{"@context":"https:\/\/schema.org","@graph":[{"@type":["WebPage","ItemPage"],"@id":"https:\/\/www.loopkinglaces.com\/de\/products\/luxurioese-kelly-green-leder-schnuersenkel-mit-goldenen-spitzen\/","url":"https:\/\/www.loopkinglaces.com\/de\/products\/luxurioese-kelly-green-leder-schnuersenkel-mit-goldenen-spitzen\/","name":"Luxuri\u00f6se Kelly Green Leder Schn\u00fcrsenkel mit goldenen Spitzen - von Loop King","isPartOf":{"@id":"https:\/\/www.loopkinglaces.com\/de\/#website"},"primaryImageOfPage":{"@id":"https:\/\/www.loopkinglaces.com\/de\/products\/luxurioese-kelly-green-leder-schnuersenkel-mit-goldenen-spitzen\/#primaryimage"},"image":{"@id":"https:\/\/www.loopkinglaces.com\/de\/products\/luxurioese-kelly-green-leder-schnuersenkel-mit-goldenen-spitzen\/#primaryimage"},"thumbnailUrl":"https:\/\/www.loopkinglaces.com\/wp-content\/uploads\/Kelly-Green-Leather-scaled.jpg","datePublished":"2023-12-07T16:30:49+00:00","dateModified":"2024-11-04T23:02:39+00:00","description":"Verwandle deine Sneaker mit unseren hochwertigen Lederschn\u00fcrsenkeln. Sie verleihen deinen Lieblingssneakern einen Hauch von Eleganz. Schau dir noch heute unsere Auswahl an.","breadcrumb":{"@id":"https:\/\/www.loopkinglaces.com\/de\/products\/luxurioese-kelly-green-leder-schnuersenkel-mit-goldenen-spitzen\/#breadcrumb"},"inLanguage":"de","potentialAction":[{"@type":"ReadAction","target":["https:\/\/www.loopkinglaces.com\/de\/products\/luxurioese-kelly-green-leder-schnuersenkel-mit-goldenen-spitzen\/"]}]},{"@type":"ImageObject","inLanguage":"de","@id":"https:\/\/www.loopkinglaces.com\/de\/products\/luxurioese-kelly-green-leder-schnuersenkel-mit-goldenen-spitzen\/#primaryimage","url":"https:\/\/www.loopkinglaces.com\/wp-content\/uploads\/Kelly-Green-Leather-scaled.jpg","contentUrl":"https:\/\/www.loopkinglaces.com\/wp-content\/uploads\/Kelly-Green-Leather-scaled.jpg","width":2560,"height":2560},{"@type":"BreadcrumbList","@id":"https:\/\/www.loopkinglaces.com\/de\/products\/luxurioese-kelly-green-leder-schnuersenkel-mit-goldenen-spitzen\/#breadcrumb","itemListElement":[{"@type":"ListItem","position":1,"name":"Home","item":"https:\/\/www.loopkinglaces.com\/de\/"},{"@type":"ListItem","position":2,"name":"Shop","item":"https:\/\/www.loopkinglaces.com\/de\/shop\/"},{"@type":"ListItem","position":3,"name":"Luxuri\u00f6se Kelly Green Leder Schn\u00fcrsenkel mit goldenen Spitzen"}]},{"@type":"WebSite","@id":"https:\/\/www.loopkinglaces.com\/de\/#website","url":"https:\/\/www.loopkinglaces.com\/de\/","name":"Luxury Gold Tip Shoelaces by Loop King Laces","description":"Rope Laces, Flat Waxed Laces and Leather Laces. All With Gold Tips.","publisher":{"@id":"https:\/\/www.loopkinglaces.com\/de\/#organization"},"potentialAction":[{"@type":"SearchAction","target":{"@type":"EntryPoint","urlTemplate":"https:\/\/www.loopkinglaces.com\/de\/?s={search_term_string}"},"query-input":{"@type":"PropertyValueSpecification","valueRequired":true,"valueName":"search_term_string"}}],"inLanguage":"de"},{"@type":"Organization","@id":"https:\/\/www.loopkinglaces.com\/de\/#organization","name":"Loop King Laces","url":"https:\/\/www.loopkinglaces.com\/de\/","logo":{"@type":"ImageObject","inLanguage":"de","@id":"https:\/\/www.loopkinglaces.com\/de\/#\/schema\/logo\/image\/","url":"https:\/\/www.loopkinglaces.com\/wp-content\/uploads\/LOOP-KING-LACES.1.1-01-LOGO-HI-RES-OFFICIAL-1.png","contentUrl":"https:\/\/www.loopkinglaces.com\/wp-content\/uploads\/LOOP-KING-LACES.1.1-01-LOGO-HI-RES-OFFICIAL-1.png","width":128,"height":91,"caption":"Loop King Laces"},"image":{"@id":"https:\/\/www.loopkinglaces.com\/de\/#\/schema\/logo\/image\/"},"sameAs":["https:\/\/www.facebook.com\/LoopKingLaces\/","https:\/\/x.com\/loopkinglaces","https:\/\/www.instagram.com\/loopkinglaces\/"]}]}},"_links":{"self":[{"href":"https:\/\/www.loopkinglaces.com\/de\/wp-json\/wp\/v2\/product\/67878","targetHints":{"allow":["GET"]}}],"collection":[{"href":"https:\/\/www.loopkinglaces.com\/de\/wp-json\/wp\/v2\/product"}],"about":[{"href":"https:\/\/www.loopkinglaces.com\/de\/wp-json\/wp\/v2\/types\/product"}],"replies":[{"embeddable":true,"href":"https:\/\/www.loopkinglaces.com\/de\/wp-json\/wp\/v2\/comments?post=67878"}],"wp:featuredmedia":[{"embeddable":true,"href":"https:\/\/www.loopkinglaces.com\/de\/wp-json\/wp\/v2\/media\/59009"}],"wp:attachment":[{"href":"https:\/\/www.loopkinglaces.com\/de\/wp-json\/wp\/v2\/media?parent=67878"}],"wp:term":[{"taxonomy":"product_brand","embeddable":true,"href":"https:\/\/www.loopkinglaces.com\/de\/wp-json\/wp\/v2\/product_brand?post=67878"},{"taxonomy":"product_cat","embeddable":true,"href":"https:\/\/www.loopkinglaces.com\/de\/wp-json\/wp\/v2\/product_cat?post=67878"},{"taxonomy":"product_tag","embeddable":true,"href":"https:\/\/www.loopkinglaces.com\/de\/wp-json\/wp\/v2\/product_tag?post=67878"},{"taxonomy":"woo-feed-brand","embeddable":true,"href":"https:\/\/www.loopkinglaces.com\/de\/wp-json\/wp\/v2\/woo-feed-brand?post=67878"}],"curies":[{"name":"wp","href":"https:\/\/api.w.org\/{rel}","templated":true}]}}