{"id":67861,"date":"2023-11-03T19:24:30","date_gmt":"2023-11-03T19:24:30","guid":{"rendered":"https:\/\/www.loopkinglaces.com\/products\/schwarze-silikonschnuere\/"},"modified":"2025-06-09T13:25:38","modified_gmt":"2025-06-09T13:25:38","slug":"schwarze-silikonschnuere","status":"publish","type":"product","link":"https:\/\/www.loopkinglaces.com\/de\/products\/schwarze-silikonschnuere\/","title":{"rendered":"Schwarze Silikonschn\u00fcre"},"content":{"rendered":"<p>Definiere deine Schuhkollektion neu mit den Silikonschn\u00fcrsenkeln von Loop King Laces, die das Beste aus fortschrittlicher Technologie und anspruchsvollem Stil vereinen.<br \/>\nMit unseren unnachgiebigen, selbstbefestigenden Silikonschn\u00fcrsenkeln kannst du dir die zeitraubende Arbeit des Schn\u00fcrens sparen.<br \/>\nDiese wasserdichten, schmutzabweisenden Schn\u00fcrsenkel sind die perfekte Erg\u00e4nzung f\u00fcr Sportler in Aktion, Manager in Bewegung oder Kinder auf dem Spielplatz und sorgen daf\u00fcr, dass deine Schuhe sauber bleiben und sicher sitzen.<br \/>\nW\u00e4hle aus einer bunten Mischung von Farben, um deine Pers\u00f6nlichkeit zu unterstreichen.<br \/>\nEntscheide dich f\u00fcr den Komfort der Loop King&#8217;s Silicone Laces und erlebe die n\u00e4chste Welle des Schuhdesigns.<\/p>\n","protected":false},"excerpt":{"rendered":"<p><strong>Schwarze Silikonschn\u00fcrsenkel<\/strong> Peppen dein Schuhensemble auf mit den Silikonschn\u00fcrsenkeln von Loop King Laces, der Quintessenz aus moderner Technik und schnittigem Stil.<br \/>\nMit unseren robusten, selbstschlie\u00dfenden Silikonschn\u00fcrsenkeln kannst du dir das l\u00e4stige Binden sparen.<br \/>\nDiese Schn\u00fcrsenkel sind wasser- und schmutzabweisend und sorgen daf\u00fcr, dass deine Schuhe makellos bleiben und perfekt sitzen.<br \/>\nW\u00e4hle aus einer gro\u00dfen Farbauswahl, um dein Statement zu setzen.<br \/>\nEntscheide dich f\u00fcr die Leichtigkeit der Loop King&#8217;s Silicone Laces und sto\u00dfe in die Zukunft der eleganten Schuhbekleidung vor.<br \/>\nDie wichtigsten Merkmale sind:<\/p>\n<ul>\n<li>Hochwertige Materialien<\/li>\n<li>Versiegelte &amp; atemberaubende Verpackung<\/li>\n<li>100% umweltfreundlicher Silikonkautschuk<\/li>\n<li>Leicht durchschaubar und nicht so leicht herausspringend<\/li>\n<li>7mm Breite<\/li>\n<\/ul>\n","protected":false},"featured_media":58872,"comment_status":"open","ping_status":"closed","template":"","meta":{"_acf_changed":false},"product_brand":[],"product_cat":[590,876,867,863,594],"product_tag":[781,783,635,638,738,734,636,782],"woo-feed-brand":[],"class_list":{"0":"post-67861","1":"product","2":"type-product","3":"status-publish","4":"has-post-thumbnail","6":"product_cat-all-shoelaces","7":"product_cat-gummischuhsenkel-der-aufstieg-der-elastischen-schnursenkel","8":"product_cat-schnelle-schnursenkel-alte-bindungsgewohnheiten-ablegen","9":"product_cat-schnursenkel-ohne-schnursenkel-die-zeit-sparen-und-fantastisch-aussehen","10":"product_cat-stylish-nike-air-force-1-laces-to-impress","11":"product_tag-flach-gewachst","12":"product_tag-gewachst","13":"product_tag-loop-king-de","14":"product_tag-metal-tip-de","15":"product_tag-schnursenkel-mit-goldspitze","16":"product_tag-schwarz","17":"product_tag-shoelaces-de","18":"product_tag-wohnung","20":"first","21":"instock","22":"taxable","23":"shipping-taxable","24":"purchasable","25":"product-type-simple"},"acf":[],"yoast_head":"<!-- This site is optimized with the Yoast SEO plugin v27.4 - https:\/\/yoast.com\/product\/yoast-seo-wordpress\/ -->\n<title>Schwarze Silikonschn\u00fcre<\/title>\n<meta name=\"description\" content=\"Mit den Loop King&#039; Silikon-Schn\u00fcrsenkeln kannst du deine Sneaker ganz einfach binden, denn sie sind nicht nur sicher, sondern auch stylisch.\" \/>\n<meta name=\"robots\" content=\"index, follow, max-snippet:-1, max-image-preview:large, max-video-preview:-1\" \/>\n<link rel=\"canonical\" href=\"https:\/\/www.loopkinglaces.com\/de\/products\/schwarze-silikonschnuere\/\" \/>\n<meta property=\"og:locale\" content=\"de_DE\" \/>\n<meta property=\"og:type\" content=\"article\" \/>\n<meta property=\"og:title\" content=\"Schwarze Silikonschn\u00fcre\" \/>\n<meta property=\"og:description\" content=\"Mit den Loop King&#039; Silikon-Schn\u00fcrsenkeln kannst du deine Sneaker ganz einfach binden, denn sie sind nicht nur sicher, sondern auch stylisch.\" \/>\n<meta property=\"og:url\" content=\"https:\/\/www.loopkinglaces.com\/de\/products\/schwarze-silikonschnuere\/\" \/>\n<meta property=\"og:site_name\" content=\"Luxury Gold Tip Shoelaces by Loop King Laces\" \/>\n<meta property=\"article:publisher\" content=\"https:\/\/www.facebook.com\/LoopKingLaces\/\" \/>\n<meta property=\"article:modified_time\" content=\"2025-06-09T13:25:38+00:00\" \/>\n<meta property=\"og:image\" content=\"https:\/\/www.loopkinglaces.com\/wp-content\/uploads\/IMG_9299-scaled.jpg\" \/>\n\t<meta property=\"og:image:width\" content=\"2560\" \/>\n\t<meta property=\"og:image:height\" content=\"2560\" \/>\n\t<meta property=\"og:image:type\" content=\"image\/jpeg\" \/>\n<meta name=\"twitter:card\" content=\"summary_large_image\" \/>\n<meta name=\"twitter:site\" content=\"@loopkinglaces\" \/>\n<meta name=\"twitter:label1\" content=\"Gesch\u00e4tzte Lesezeit\" \/>\n\t<meta name=\"twitter:data1\" content=\"1\u00a0Minute\" \/>\n<script type=\"application\/ld+json\" class=\"yoast-schema-graph\">{\"@context\":\"https:\\\/\\\/schema.org\",\"@graph\":[{\"@type\":[\"WebPage\",\"ItemPage\"],\"@id\":\"https:\\\/\\\/www.loopkinglaces.com\\\/de\\\/products\\\/schwarze-silikonschnuere\\\/\",\"url\":\"https:\\\/\\\/www.loopkinglaces.com\\\/de\\\/products\\\/schwarze-silikonschnuere\\\/\",\"name\":\"Schwarze Silikonschn\u00fcre\",\"isPartOf\":{\"@id\":\"https:\\\/\\\/www.loopkinglaces.com\\\/de\\\/#website\"},\"primaryImageOfPage\":{\"@id\":\"https:\\\/\\\/www.loopkinglaces.com\\\/de\\\/products\\\/schwarze-silikonschnuere\\\/#primaryimage\"},\"image\":{\"@id\":\"https:\\\/\\\/www.loopkinglaces.com\\\/de\\\/products\\\/schwarze-silikonschnuere\\\/#primaryimage\"},\"thumbnailUrl\":\"https:\\\/\\\/www.loopkinglaces.com\\\/wp-content\\\/uploads\\\/IMG_9299-scaled.jpg\",\"datePublished\":\"2023-11-03T19:24:30+00:00\",\"dateModified\":\"2025-06-09T13:25:38+00:00\",\"description\":\"Mit den Loop King' Silikon-Schn\u00fcrsenkeln kannst du deine Sneaker ganz einfach binden, denn sie sind nicht nur sicher, sondern auch stylisch.\",\"breadcrumb\":{\"@id\":\"https:\\\/\\\/www.loopkinglaces.com\\\/de\\\/products\\\/schwarze-silikonschnuere\\\/#breadcrumb\"},\"inLanguage\":\"de\",\"potentialAction\":[{\"@type\":\"ReadAction\",\"target\":[\"https:\\\/\\\/www.loopkinglaces.com\\\/de\\\/products\\\/schwarze-silikonschnuere\\\/\"]}]},{\"@type\":\"ImageObject\",\"inLanguage\":\"de\",\"@id\":\"https:\\\/\\\/www.loopkinglaces.com\\\/de\\\/products\\\/schwarze-silikonschnuere\\\/#primaryimage\",\"url\":\"https:\\\/\\\/www.loopkinglaces.com\\\/wp-content\\\/uploads\\\/IMG_9299-scaled.jpg\",\"contentUrl\":\"https:\\\/\\\/www.loopkinglaces.com\\\/wp-content\\\/uploads\\\/IMG_9299-scaled.jpg\",\"width\":2560,\"height\":2560},{\"@type\":\"BreadcrumbList\",\"@id\":\"https:\\\/\\\/www.loopkinglaces.com\\\/de\\\/products\\\/schwarze-silikonschnuere\\\/#breadcrumb\",\"itemListElement\":[{\"@type\":\"ListItem\",\"position\":1,\"name\":\"Home\",\"item\":\"https:\\\/\\\/www.loopkinglaces.com\\\/de\\\/\"},{\"@type\":\"ListItem\",\"position\":2,\"name\":\"Shop\",\"item\":\"https:\\\/\\\/www.loopkinglaces.com\\\/de\\\/shop\\\/\"},{\"@type\":\"ListItem\",\"position\":3,\"name\":\"Schwarze Silikonschn\u00fcre\"}]},{\"@type\":\"WebSite\",\"@id\":\"https:\\\/\\\/www.loopkinglaces.com\\\/de\\\/#website\",\"url\":\"https:\\\/\\\/www.loopkinglaces.com\\\/de\\\/\",\"name\":\"Luxury Gold Tip Shoelaces by Loop King Laces\",\"description\":\"Rope Laces, Flat Waxed Laces and Leather Laces. All With Gold Tips.\",\"publisher\":{\"@id\":\"https:\\\/\\\/www.loopkinglaces.com\\\/de\\\/#organization\"},\"potentialAction\":[{\"@type\":\"SearchAction\",\"target\":{\"@type\":\"EntryPoint\",\"urlTemplate\":\"https:\\\/\\\/www.loopkinglaces.com\\\/de\\\/?s={search_term_string}\"},\"query-input\":{\"@type\":\"PropertyValueSpecification\",\"valueRequired\":true,\"valueName\":\"search_term_string\"}}],\"inLanguage\":\"de\"},{\"@type\":\"Organization\",\"@id\":\"https:\\\/\\\/www.loopkinglaces.com\\\/de\\\/#organization\",\"name\":\"Loop King Laces\",\"url\":\"https:\\\/\\\/www.loopkinglaces.com\\\/de\\\/\",\"logo\":{\"@type\":\"ImageObject\",\"inLanguage\":\"de\",\"@id\":\"https:\\\/\\\/www.loopkinglaces.com\\\/de\\\/#\\\/schema\\\/logo\\\/image\\\/\",\"url\":\"https:\\\/\\\/www.loopkinglaces.com\\\/wp-content\\\/uploads\\\/LOOP-KING-LACES.1.1-01-LOGO-HI-RES-OFFICIAL-1.png\",\"contentUrl\":\"https:\\\/\\\/www.loopkinglaces.com\\\/wp-content\\\/uploads\\\/LOOP-KING-LACES.1.1-01-LOGO-HI-RES-OFFICIAL-1.png\",\"width\":128,\"height\":91,\"caption\":\"Loop King Laces\"},\"image\":{\"@id\":\"https:\\\/\\\/www.loopkinglaces.com\\\/de\\\/#\\\/schema\\\/logo\\\/image\\\/\"},\"sameAs\":[\"https:\\\/\\\/www.facebook.com\\\/LoopKingLaces\\\/\",\"https:\\\/\\\/x.com\\\/loopkinglaces\",\"https:\\\/\\\/www.instagram.com\\\/loopkinglaces\\\/\"]}]}<\/script>\n<!-- \/ Yoast SEO plugin. -->","yoast_head_json":{"title":"Schwarze Silikonschn\u00fcre","description":"Mit den Loop King' Silikon-Schn\u00fcrsenkeln kannst du deine Sneaker ganz einfach binden, denn sie sind nicht nur sicher, sondern auch stylisch.","robots":{"index":"index","follow":"follow","max-snippet":"max-snippet:-1","max-image-preview":"max-image-preview:large","max-video-preview":"max-video-preview:-1"},"canonical":"https:\/\/www.loopkinglaces.com\/de\/products\/schwarze-silikonschnuere\/","og_locale":"de_DE","og_type":"article","og_title":"Schwarze Silikonschn\u00fcre","og_description":"Mit den Loop King' Silikon-Schn\u00fcrsenkeln kannst du deine Sneaker ganz einfach binden, denn sie sind nicht nur sicher, sondern auch stylisch.","og_url":"https:\/\/www.loopkinglaces.com\/de\/products\/schwarze-silikonschnuere\/","og_site_name":"Luxury Gold Tip Shoelaces by Loop King Laces","article_publisher":"https:\/\/www.facebook.com\/LoopKingLaces\/","article_modified_time":"2025-06-09T13:25:38+00:00","og_image":[{"width":2560,"height":2560,"url":"https:\/\/www.loopkinglaces.com\/wp-content\/uploads\/IMG_9299-scaled.jpg","type":"image\/jpeg"}],"twitter_card":"summary_large_image","twitter_site":"@loopkinglaces","twitter_misc":{"Gesch\u00e4tzte Lesezeit":"1\u00a0Minute"},"schema":{"@context":"https:\/\/schema.org","@graph":[{"@type":["WebPage","ItemPage"],"@id":"https:\/\/www.loopkinglaces.com\/de\/products\/schwarze-silikonschnuere\/","url":"https:\/\/www.loopkinglaces.com\/de\/products\/schwarze-silikonschnuere\/","name":"Schwarze Silikonschn\u00fcre","isPartOf":{"@id":"https:\/\/www.loopkinglaces.com\/de\/#website"},"primaryImageOfPage":{"@id":"https:\/\/www.loopkinglaces.com\/de\/products\/schwarze-silikonschnuere\/#primaryimage"},"image":{"@id":"https:\/\/www.loopkinglaces.com\/de\/products\/schwarze-silikonschnuere\/#primaryimage"},"thumbnailUrl":"https:\/\/www.loopkinglaces.com\/wp-content\/uploads\/IMG_9299-scaled.jpg","datePublished":"2023-11-03T19:24:30+00:00","dateModified":"2025-06-09T13:25:38+00:00","description":"Mit den Loop King' Silikon-Schn\u00fcrsenkeln kannst du deine Sneaker ganz einfach binden, denn sie sind nicht nur sicher, sondern auch stylisch.","breadcrumb":{"@id":"https:\/\/www.loopkinglaces.com\/de\/products\/schwarze-silikonschnuere\/#breadcrumb"},"inLanguage":"de","potentialAction":[{"@type":"ReadAction","target":["https:\/\/www.loopkinglaces.com\/de\/products\/schwarze-silikonschnuere\/"]}]},{"@type":"ImageObject","inLanguage":"de","@id":"https:\/\/www.loopkinglaces.com\/de\/products\/schwarze-silikonschnuere\/#primaryimage","url":"https:\/\/www.loopkinglaces.com\/wp-content\/uploads\/IMG_9299-scaled.jpg","contentUrl":"https:\/\/www.loopkinglaces.com\/wp-content\/uploads\/IMG_9299-scaled.jpg","width":2560,"height":2560},{"@type":"BreadcrumbList","@id":"https:\/\/www.loopkinglaces.com\/de\/products\/schwarze-silikonschnuere\/#breadcrumb","itemListElement":[{"@type":"ListItem","position":1,"name":"Home","item":"https:\/\/www.loopkinglaces.com\/de\/"},{"@type":"ListItem","position":2,"name":"Shop","item":"https:\/\/www.loopkinglaces.com\/de\/shop\/"},{"@type":"ListItem","position":3,"name":"Schwarze Silikonschn\u00fcre"}]},{"@type":"WebSite","@id":"https:\/\/www.loopkinglaces.com\/de\/#website","url":"https:\/\/www.loopkinglaces.com\/de\/","name":"Luxury Gold Tip Shoelaces by Loop King Laces","description":"Rope Laces, Flat Waxed Laces and Leather Laces. All With Gold Tips.","publisher":{"@id":"https:\/\/www.loopkinglaces.com\/de\/#organization"},"potentialAction":[{"@type":"SearchAction","target":{"@type":"EntryPoint","urlTemplate":"https:\/\/www.loopkinglaces.com\/de\/?s={search_term_string}"},"query-input":{"@type":"PropertyValueSpecification","valueRequired":true,"valueName":"search_term_string"}}],"inLanguage":"de"},{"@type":"Organization","@id":"https:\/\/www.loopkinglaces.com\/de\/#organization","name":"Loop King Laces","url":"https:\/\/www.loopkinglaces.com\/de\/","logo":{"@type":"ImageObject","inLanguage":"de","@id":"https:\/\/www.loopkinglaces.com\/de\/#\/schema\/logo\/image\/","url":"https:\/\/www.loopkinglaces.com\/wp-content\/uploads\/LOOP-KING-LACES.1.1-01-LOGO-HI-RES-OFFICIAL-1.png","contentUrl":"https:\/\/www.loopkinglaces.com\/wp-content\/uploads\/LOOP-KING-LACES.1.1-01-LOGO-HI-RES-OFFICIAL-1.png","width":128,"height":91,"caption":"Loop King Laces"},"image":{"@id":"https:\/\/www.loopkinglaces.com\/de\/#\/schema\/logo\/image\/"},"sameAs":["https:\/\/www.facebook.com\/LoopKingLaces\/","https:\/\/x.com\/loopkinglaces","https:\/\/www.instagram.com\/loopkinglaces\/"]}]}},"_links":{"self":[{"href":"https:\/\/www.loopkinglaces.com\/de\/wp-json\/wp\/v2\/product\/67861","targetHints":{"allow":["GET"]}}],"collection":[{"href":"https:\/\/www.loopkinglaces.com\/de\/wp-json\/wp\/v2\/product"}],"about":[{"href":"https:\/\/www.loopkinglaces.com\/de\/wp-json\/wp\/v2\/types\/product"}],"replies":[{"embeddable":true,"href":"https:\/\/www.loopkinglaces.com\/de\/wp-json\/wp\/v2\/comments?post=67861"}],"wp:featuredmedia":[{"embeddable":true,"href":"https:\/\/www.loopkinglaces.com\/de\/wp-json\/wp\/v2\/media\/58872"}],"wp:attachment":[{"href":"https:\/\/www.loopkinglaces.com\/de\/wp-json\/wp\/v2\/media?parent=67861"}],"wp:term":[{"taxonomy":"product_brand","embeddable":true,"href":"https:\/\/www.loopkinglaces.com\/de\/wp-json\/wp\/v2\/product_brand?post=67861"},{"taxonomy":"product_cat","embeddable":true,"href":"https:\/\/www.loopkinglaces.com\/de\/wp-json\/wp\/v2\/product_cat?post=67861"},{"taxonomy":"product_tag","embeddable":true,"href":"https:\/\/www.loopkinglaces.com\/de\/wp-json\/wp\/v2\/product_tag?post=67861"},{"taxonomy":"woo-feed-brand","embeddable":true,"href":"https:\/\/www.loopkinglaces.com\/de\/wp-json\/wp\/v2\/woo-feed-brand?post=67861"}],"curies":[{"name":"wp","href":"https:\/\/api.w.org\/{rel}","templated":true}]}}