{"id":67853,"date":"2023-11-03T18:48:44","date_gmt":"2023-11-03T18:48:44","guid":{"rendered":"https:\/\/www.loopkinglaces.com\/products\/rosa-silikon-schnuersenkel\/"},"modified":"2025-06-09T13:25:49","modified_gmt":"2025-06-09T13:25:49","slug":"rosa-silikon-schnuersenkel","status":"publish","type":"product","link":"https:\/\/www.loopkinglaces.com\/de\/products\/rosa-silikon-schnuersenkel\/","title":{"rendered":"Rosa Silikon Schn\u00fcrsenkel"},"content":{"rendered":"<p>Revolutioniere deine Treter mit den Silikonschn\u00fcrsenkeln von Loop King Laces, einer harmonischen Mischung aus fortschrittlicher Technologie und moderner \u00c4sthetik.<br \/>\nLass die alte Routine des Schn\u00fcrsenkelbindens hinter dir &#8211; mit unseren starken, unverw\u00fcstlichen Silikonschn\u00fcrsenkeln.<br \/>\nDiese Schn\u00fcrsenkel eignen sich f\u00fcr Leistungssportler, dynamische Arbeiter und lebhafte Jugendliche. Sie sind immun gegen Wasser und Schmutz und sorgen daf\u00fcr, dass deine Schuhe sauber bleiben und gut sitzen.<br \/>\nW\u00e4hle aus einer Reihe von Farben, um dich auszudr\u00fccken.<br \/>\nNimm die Schlichtheit der Loop King&#8217;s Silikonschn\u00fcrsenkel an und marschiere an die Spitze der Schuhmode.    <\/p>\n","protected":false},"excerpt":{"rendered":"<p><strong>Pinke Silikonschn\u00fcrsenkel<\/strong> Erfinde deine Sneaker neu mit den hochmodernen Silikonschn\u00fcrsenkeln von Loop King Laces, die Funktion und Mode gleicherma\u00dfen verk\u00f6rpern.<br \/>\nMach Schluss mit dem l\u00e4stigen Binden von Schn\u00fcrsenkeln &#8211; mit unseren ausdauernden, selbstverankernden Silikonwundern.<br \/>\nDiese Schn\u00fcrsenkel sind f\u00fcr sportliche, flei\u00dfige und verspielte Kinder geeignet und unempfindlich gegen Wasser und Flecken, so dass deine Schuhe immer in einem tadellosen Zustand bleiben.<br \/>\nMit einer Reihe von Farboptionen kannst du deinen Look ganz nach deinem Geschmack gestalten.<br \/>\nNimm den Komfort der Loop King&#8217;s Silicone Laces an und begib dich auf die Reise in eine neue \u00c4ra der Schuhe.<br \/>\nDie wichtigsten Merkmale sind:       <\/p>\n<ul>\n<li>Hochwertige Materialien<\/li>\n<li>Versiegelte &amp; atemberaubende Verpackung<\/li>\n<li>100% umweltfreundlicher Silikonkautschuk<\/li>\n<li>Leicht durchschaubar und nicht so leicht herausspringend<\/li>\n<li>7mm Breite<\/li>\n<\/ul>\n","protected":false},"featured_media":58868,"comment_status":"open","ping_status":"closed","template":"","meta":{"_acf_changed":false},"product_brand":[],"product_cat":[590,876,867,863,594],"product_tag":[781,783,635,638,738,734,636,782],"woo-feed-brand":[],"class_list":{"0":"post-67853","1":"product","2":"type-product","3":"status-publish","4":"has-post-thumbnail","6":"product_cat-all-shoelaces","7":"product_cat-gummischuhsenkel-der-aufstieg-der-elastischen-schnursenkel","8":"product_cat-schnelle-schnursenkel-alte-bindungsgewohnheiten-ablegen","9":"product_cat-schnursenkel-ohne-schnursenkel-die-zeit-sparen-und-fantastisch-aussehen","10":"product_cat-stylish-nike-air-force-1-laces-to-impress","11":"product_tag-flach-gewachst","12":"product_tag-gewachst","13":"product_tag-loop-king-de","14":"product_tag-metal-tip-de","15":"product_tag-schnursenkel-mit-goldspitze","16":"product_tag-schwarz","17":"product_tag-shoelaces-de","18":"product_tag-wohnung","20":"first","21":"instock","22":"taxable","23":"shipping-taxable","24":"purchasable","25":"product-type-simple"},"acf":[],"yoast_head":"<!-- This site is optimized with the Yoast SEO plugin v27.4 - https:\/\/yoast.com\/product\/yoast-seo-wordpress\/ -->\n<title>Rosa Silikon Schn\u00fcrsenkel<\/title>\n<meta name=\"description\" content=\"Mit den Silikon-Schn\u00fcrsenkeln von Loop King Laces kannst du dein Schuhwerk aufpeppen. Diese schn\u00fcrfreien, schicken und robusten Schn\u00fcrsenkel versprechen einen passgenauen, unbeschwerten Sitz. Shoppe noch heute online!\" \/>\n<meta name=\"robots\" content=\"index, follow, max-snippet:-1, max-image-preview:large, max-video-preview:-1\" \/>\n<link rel=\"canonical\" href=\"https:\/\/www.loopkinglaces.com\/de\/products\/rosa-silikon-schnuersenkel\/\" \/>\n<meta property=\"og:locale\" content=\"de_DE\" \/>\n<meta property=\"og:type\" content=\"article\" \/>\n<meta property=\"og:title\" content=\"Rosa Silikon Schn\u00fcrsenkel\" \/>\n<meta property=\"og:description\" content=\"Mit den Silikon-Schn\u00fcrsenkeln von Loop King Laces kannst du dein Schuhwerk aufpeppen. Diese schn\u00fcrfreien, schicken und robusten Schn\u00fcrsenkel versprechen einen passgenauen, unbeschwerten Sitz. Shoppe noch heute online!\" \/>\n<meta property=\"og:url\" content=\"https:\/\/www.loopkinglaces.com\/de\/products\/rosa-silikon-schnuersenkel\/\" \/>\n<meta property=\"og:site_name\" content=\"Luxury Gold Tip Shoelaces by Loop King Laces\" \/>\n<meta property=\"article:publisher\" content=\"https:\/\/www.facebook.com\/LoopKingLaces\/\" \/>\n<meta property=\"article:modified_time\" content=\"2025-06-09T13:25:49+00:00\" \/>\n<meta property=\"og:image\" content=\"https:\/\/www.loopkinglaces.com\/wp-content\/uploads\/IMG_9301-scaled.jpg\" \/>\n\t<meta property=\"og:image:width\" content=\"2560\" \/>\n\t<meta property=\"og:image:height\" content=\"2560\" \/>\n\t<meta property=\"og:image:type\" content=\"image\/jpeg\" \/>\n<meta name=\"twitter:card\" content=\"summary_large_image\" \/>\n<meta name=\"twitter:site\" content=\"@loopkinglaces\" \/>\n<script type=\"application\/ld+json\" class=\"yoast-schema-graph\">{\"@context\":\"https:\\\/\\\/schema.org\",\"@graph\":[{\"@type\":[\"WebPage\",\"ItemPage\"],\"@id\":\"https:\\\/\\\/www.loopkinglaces.com\\\/de\\\/products\\\/rosa-silikon-schnuersenkel\\\/\",\"url\":\"https:\\\/\\\/www.loopkinglaces.com\\\/de\\\/products\\\/rosa-silikon-schnuersenkel\\\/\",\"name\":\"Rosa Silikon Schn\u00fcrsenkel\",\"isPartOf\":{\"@id\":\"https:\\\/\\\/www.loopkinglaces.com\\\/de\\\/#website\"},\"primaryImageOfPage\":{\"@id\":\"https:\\\/\\\/www.loopkinglaces.com\\\/de\\\/products\\\/rosa-silikon-schnuersenkel\\\/#primaryimage\"},\"image\":{\"@id\":\"https:\\\/\\\/www.loopkinglaces.com\\\/de\\\/products\\\/rosa-silikon-schnuersenkel\\\/#primaryimage\"},\"thumbnailUrl\":\"https:\\\/\\\/www.loopkinglaces.com\\\/wp-content\\\/uploads\\\/IMG_9301-scaled.jpg\",\"datePublished\":\"2023-11-03T18:48:44+00:00\",\"dateModified\":\"2025-06-09T13:25:49+00:00\",\"description\":\"Mit den Silikon-Schn\u00fcrsenkeln von Loop King Laces kannst du dein Schuhwerk aufpeppen. Diese schn\u00fcrfreien, schicken und robusten Schn\u00fcrsenkel versprechen einen passgenauen, unbeschwerten Sitz. Shoppe noch heute online!\",\"breadcrumb\":{\"@id\":\"https:\\\/\\\/www.loopkinglaces.com\\\/de\\\/products\\\/rosa-silikon-schnuersenkel\\\/#breadcrumb\"},\"inLanguage\":\"de\",\"potentialAction\":[{\"@type\":\"ReadAction\",\"target\":[\"https:\\\/\\\/www.loopkinglaces.com\\\/de\\\/products\\\/rosa-silikon-schnuersenkel\\\/\"]}]},{\"@type\":\"ImageObject\",\"inLanguage\":\"de\",\"@id\":\"https:\\\/\\\/www.loopkinglaces.com\\\/de\\\/products\\\/rosa-silikon-schnuersenkel\\\/#primaryimage\",\"url\":\"https:\\\/\\\/www.loopkinglaces.com\\\/wp-content\\\/uploads\\\/IMG_9301-scaled.jpg\",\"contentUrl\":\"https:\\\/\\\/www.loopkinglaces.com\\\/wp-content\\\/uploads\\\/IMG_9301-scaled.jpg\",\"width\":2560,\"height\":2560},{\"@type\":\"BreadcrumbList\",\"@id\":\"https:\\\/\\\/www.loopkinglaces.com\\\/de\\\/products\\\/rosa-silikon-schnuersenkel\\\/#breadcrumb\",\"itemListElement\":[{\"@type\":\"ListItem\",\"position\":1,\"name\":\"Home\",\"item\":\"https:\\\/\\\/www.loopkinglaces.com\\\/de\\\/\"},{\"@type\":\"ListItem\",\"position\":2,\"name\":\"Shop\",\"item\":\"https:\\\/\\\/www.loopkinglaces.com\\\/de\\\/shop\\\/\"},{\"@type\":\"ListItem\",\"position\":3,\"name\":\"Rosa Silikon Schn\u00fcrsenkel\"}]},{\"@type\":\"WebSite\",\"@id\":\"https:\\\/\\\/www.loopkinglaces.com\\\/de\\\/#website\",\"url\":\"https:\\\/\\\/www.loopkinglaces.com\\\/de\\\/\",\"name\":\"Luxury Gold Tip Shoelaces by Loop King Laces\",\"description\":\"Rope Laces, Flat Waxed Laces and Leather Laces. All With Gold Tips.\",\"publisher\":{\"@id\":\"https:\\\/\\\/www.loopkinglaces.com\\\/de\\\/#organization\"},\"potentialAction\":[{\"@type\":\"SearchAction\",\"target\":{\"@type\":\"EntryPoint\",\"urlTemplate\":\"https:\\\/\\\/www.loopkinglaces.com\\\/de\\\/?s={search_term_string}\"},\"query-input\":{\"@type\":\"PropertyValueSpecification\",\"valueRequired\":true,\"valueName\":\"search_term_string\"}}],\"inLanguage\":\"de\"},{\"@type\":\"Organization\",\"@id\":\"https:\\\/\\\/www.loopkinglaces.com\\\/de\\\/#organization\",\"name\":\"Loop King Laces\",\"url\":\"https:\\\/\\\/www.loopkinglaces.com\\\/de\\\/\",\"logo\":{\"@type\":\"ImageObject\",\"inLanguage\":\"de\",\"@id\":\"https:\\\/\\\/www.loopkinglaces.com\\\/de\\\/#\\\/schema\\\/logo\\\/image\\\/\",\"url\":\"https:\\\/\\\/www.loopkinglaces.com\\\/wp-content\\\/uploads\\\/LOOP-KING-LACES.1.1-01-LOGO-HI-RES-OFFICIAL-1.png\",\"contentUrl\":\"https:\\\/\\\/www.loopkinglaces.com\\\/wp-content\\\/uploads\\\/LOOP-KING-LACES.1.1-01-LOGO-HI-RES-OFFICIAL-1.png\",\"width\":128,\"height\":91,\"caption\":\"Loop King Laces\"},\"image\":{\"@id\":\"https:\\\/\\\/www.loopkinglaces.com\\\/de\\\/#\\\/schema\\\/logo\\\/image\\\/\"},\"sameAs\":[\"https:\\\/\\\/www.facebook.com\\\/LoopKingLaces\\\/\",\"https:\\\/\\\/x.com\\\/loopkinglaces\",\"https:\\\/\\\/www.instagram.com\\\/loopkinglaces\\\/\"]}]}<\/script>\n<!-- \/ Yoast SEO plugin. -->","yoast_head_json":{"title":"Rosa Silikon Schn\u00fcrsenkel","description":"Mit den Silikon-Schn\u00fcrsenkeln von Loop King Laces kannst du dein Schuhwerk aufpeppen. Diese schn\u00fcrfreien, schicken und robusten Schn\u00fcrsenkel versprechen einen passgenauen, unbeschwerten Sitz. Shoppe noch heute online!","robots":{"index":"index","follow":"follow","max-snippet":"max-snippet:-1","max-image-preview":"max-image-preview:large","max-video-preview":"max-video-preview:-1"},"canonical":"https:\/\/www.loopkinglaces.com\/de\/products\/rosa-silikon-schnuersenkel\/","og_locale":"de_DE","og_type":"article","og_title":"Rosa Silikon Schn\u00fcrsenkel","og_description":"Mit den Silikon-Schn\u00fcrsenkeln von Loop King Laces kannst du dein Schuhwerk aufpeppen. Diese schn\u00fcrfreien, schicken und robusten Schn\u00fcrsenkel versprechen einen passgenauen, unbeschwerten Sitz. Shoppe noch heute online!","og_url":"https:\/\/www.loopkinglaces.com\/de\/products\/rosa-silikon-schnuersenkel\/","og_site_name":"Luxury Gold Tip Shoelaces by Loop King Laces","article_publisher":"https:\/\/www.facebook.com\/LoopKingLaces\/","article_modified_time":"2025-06-09T13:25:49+00:00","og_image":[{"width":2560,"height":2560,"url":"https:\/\/www.loopkinglaces.com\/wp-content\/uploads\/IMG_9301-scaled.jpg","type":"image\/jpeg"}],"twitter_card":"summary_large_image","twitter_site":"@loopkinglaces","schema":{"@context":"https:\/\/schema.org","@graph":[{"@type":["WebPage","ItemPage"],"@id":"https:\/\/www.loopkinglaces.com\/de\/products\/rosa-silikon-schnuersenkel\/","url":"https:\/\/www.loopkinglaces.com\/de\/products\/rosa-silikon-schnuersenkel\/","name":"Rosa Silikon Schn\u00fcrsenkel","isPartOf":{"@id":"https:\/\/www.loopkinglaces.com\/de\/#website"},"primaryImageOfPage":{"@id":"https:\/\/www.loopkinglaces.com\/de\/products\/rosa-silikon-schnuersenkel\/#primaryimage"},"image":{"@id":"https:\/\/www.loopkinglaces.com\/de\/products\/rosa-silikon-schnuersenkel\/#primaryimage"},"thumbnailUrl":"https:\/\/www.loopkinglaces.com\/wp-content\/uploads\/IMG_9301-scaled.jpg","datePublished":"2023-11-03T18:48:44+00:00","dateModified":"2025-06-09T13:25:49+00:00","description":"Mit den Silikon-Schn\u00fcrsenkeln von Loop King Laces kannst du dein Schuhwerk aufpeppen. Diese schn\u00fcrfreien, schicken und robusten Schn\u00fcrsenkel versprechen einen passgenauen, unbeschwerten Sitz. Shoppe noch heute online!","breadcrumb":{"@id":"https:\/\/www.loopkinglaces.com\/de\/products\/rosa-silikon-schnuersenkel\/#breadcrumb"},"inLanguage":"de","potentialAction":[{"@type":"ReadAction","target":["https:\/\/www.loopkinglaces.com\/de\/products\/rosa-silikon-schnuersenkel\/"]}]},{"@type":"ImageObject","inLanguage":"de","@id":"https:\/\/www.loopkinglaces.com\/de\/products\/rosa-silikon-schnuersenkel\/#primaryimage","url":"https:\/\/www.loopkinglaces.com\/wp-content\/uploads\/IMG_9301-scaled.jpg","contentUrl":"https:\/\/www.loopkinglaces.com\/wp-content\/uploads\/IMG_9301-scaled.jpg","width":2560,"height":2560},{"@type":"BreadcrumbList","@id":"https:\/\/www.loopkinglaces.com\/de\/products\/rosa-silikon-schnuersenkel\/#breadcrumb","itemListElement":[{"@type":"ListItem","position":1,"name":"Home","item":"https:\/\/www.loopkinglaces.com\/de\/"},{"@type":"ListItem","position":2,"name":"Shop","item":"https:\/\/www.loopkinglaces.com\/de\/shop\/"},{"@type":"ListItem","position":3,"name":"Rosa Silikon Schn\u00fcrsenkel"}]},{"@type":"WebSite","@id":"https:\/\/www.loopkinglaces.com\/de\/#website","url":"https:\/\/www.loopkinglaces.com\/de\/","name":"Luxury Gold Tip Shoelaces by Loop King Laces","description":"Rope Laces, Flat Waxed Laces and Leather Laces. All With Gold Tips.","publisher":{"@id":"https:\/\/www.loopkinglaces.com\/de\/#organization"},"potentialAction":[{"@type":"SearchAction","target":{"@type":"EntryPoint","urlTemplate":"https:\/\/www.loopkinglaces.com\/de\/?s={search_term_string}"},"query-input":{"@type":"PropertyValueSpecification","valueRequired":true,"valueName":"search_term_string"}}],"inLanguage":"de"},{"@type":"Organization","@id":"https:\/\/www.loopkinglaces.com\/de\/#organization","name":"Loop King Laces","url":"https:\/\/www.loopkinglaces.com\/de\/","logo":{"@type":"ImageObject","inLanguage":"de","@id":"https:\/\/www.loopkinglaces.com\/de\/#\/schema\/logo\/image\/","url":"https:\/\/www.loopkinglaces.com\/wp-content\/uploads\/LOOP-KING-LACES.1.1-01-LOGO-HI-RES-OFFICIAL-1.png","contentUrl":"https:\/\/www.loopkinglaces.com\/wp-content\/uploads\/LOOP-KING-LACES.1.1-01-LOGO-HI-RES-OFFICIAL-1.png","width":128,"height":91,"caption":"Loop King Laces"},"image":{"@id":"https:\/\/www.loopkinglaces.com\/de\/#\/schema\/logo\/image\/"},"sameAs":["https:\/\/www.facebook.com\/LoopKingLaces\/","https:\/\/x.com\/loopkinglaces","https:\/\/www.instagram.com\/loopkinglaces\/"]}]}},"_links":{"self":[{"href":"https:\/\/www.loopkinglaces.com\/de\/wp-json\/wp\/v2\/product\/67853","targetHints":{"allow":["GET"]}}],"collection":[{"href":"https:\/\/www.loopkinglaces.com\/de\/wp-json\/wp\/v2\/product"}],"about":[{"href":"https:\/\/www.loopkinglaces.com\/de\/wp-json\/wp\/v2\/types\/product"}],"replies":[{"embeddable":true,"href":"https:\/\/www.loopkinglaces.com\/de\/wp-json\/wp\/v2\/comments?post=67853"}],"wp:featuredmedia":[{"embeddable":true,"href":"https:\/\/www.loopkinglaces.com\/de\/wp-json\/wp\/v2\/media\/58868"}],"wp:attachment":[{"href":"https:\/\/www.loopkinglaces.com\/de\/wp-json\/wp\/v2\/media?parent=67853"}],"wp:term":[{"taxonomy":"product_brand","embeddable":true,"href":"https:\/\/www.loopkinglaces.com\/de\/wp-json\/wp\/v2\/product_brand?post=67853"},{"taxonomy":"product_cat","embeddable":true,"href":"https:\/\/www.loopkinglaces.com\/de\/wp-json\/wp\/v2\/product_cat?post=67853"},{"taxonomy":"product_tag","embeddable":true,"href":"https:\/\/www.loopkinglaces.com\/de\/wp-json\/wp\/v2\/product_tag?post=67853"},{"taxonomy":"woo-feed-brand","embeddable":true,"href":"https:\/\/www.loopkinglaces.com\/de\/wp-json\/wp\/v2\/woo-feed-brand?post=67853"}],"curies":[{"name":"wp","href":"https:\/\/api.w.org\/{rel}","templated":true}]}}