{"id":67847,"date":"2023-11-03T18:00:06","date_gmt":"2023-11-03T18:00:06","guid":{"rendered":"https:\/\/www.loopkinglaces.com\/products\/regenbogen-silikon-schnuersenkel\/"},"modified":"2025-06-09T13:26:01","modified_gmt":"2025-06-09T13:26:01","slug":"regenbogen-silikon-schnuersenkel","status":"publish","type":"product","link":"https:\/\/www.loopkinglaces.com\/de\/products\/regenbogen-silikon-schnuersenkel\/","title":{"rendered":"Regenbogen-Silikon-Schn\u00fcrsenkel"},"content":{"rendered":"<p>Verwandle dein Schuhwerk mit den Silikonschn\u00fcrsenkeln von Loop King Laces, der ultimativen Mischung aus Hightech-Funktionalit\u00e4t und schickem Design.<br \/>\nMit unseren strapazierf\u00e4higen Silikonschn\u00fcrsenkeln, die an Ort und Stelle verriegelt werden, ist Schluss mit dem l\u00e4stigen Knotenbinden.<br \/>\nDiese wasserfesten und schmutzabweisenden Schn\u00fcrsenkel sind perfekt f\u00fcr Sportler, Berufst\u00e4tige und Kinder und sorgen f\u00fcr ein makelloses Aussehen und einen bequemen, sicheren Sitz f\u00fcr jeden Schuh.<br \/>\nW\u00e4hle aus einer Vielzahl von Farben, um deinen Stil zu personalisieren.<br \/>\nLass dich von der Leichtigkeit der Loop King&#8217;s Silicone Laces \u00fcberzeugen und trete in die Zukunft des Schuhwerks ein.<\/p>\n","protected":false},"excerpt":{"rendered":"<p><strong>Regenbogen Silikon Schn\u00fcrsenkel<\/strong> Verbessere dein Schuhverhalten mit den innovativen Silicone Laces von Loop King Laces, wo modernste Technologie auf minimalistischen Stil trifft.<br \/>\nMit diesen robusten Silikonschn\u00fcrsenkeln, die f\u00fcr einen stabilen Sitz sorgen, kannst du dir das l\u00e4stige Binden von Knoten sparen.<br \/>\nUnsere wasserabweisenden und schmutzabweisenden Schn\u00fcrsenkel sind ideal f\u00fcr Sportler, Berufst\u00e4tige oder aktive Kinder und sorgen daf\u00fcr, dass deine Schuhe gut aussehen und gut sitzen.<br \/>\nSie sind in verschiedenen Farben erh\u00e4ltlich und passen zu deinem individuellen Stil.<br \/>\nDie bequemen Loop King&#8217;s Silikon-Schn\u00fcrsenkel sind dein Einstieg in das moderne Schuhstyling.<br \/>\nDie wichtigsten Merkmale sind:<\/p>\n<ul>\n<li>Hochwertige Materialien<\/li>\n<li>Versiegelte &amp; atemberaubende Verpackung<\/li>\n<li>100% umweltfreundlicher Silikonkautschuk<\/li>\n<li>Leicht durchschaubar und nicht so leicht herausspringend<\/li>\n<li>7mm Breite<\/li>\n<\/ul>\n","protected":false},"featured_media":58861,"comment_status":"open","ping_status":"closed","template":"","meta":{"_acf_changed":false},"product_brand":[],"product_cat":[590,876,867,863,594],"product_tag":[781,783,635,638,738,734,636,782],"woo-feed-brand":[],"class_list":{"0":"post-67847","1":"product","2":"type-product","3":"status-publish","4":"has-post-thumbnail","6":"product_cat-all-shoelaces","7":"product_cat-gummischuhsenkel-der-aufstieg-der-elastischen-schnursenkel","8":"product_cat-schnelle-schnursenkel-alte-bindungsgewohnheiten-ablegen","9":"product_cat-schnursenkel-ohne-schnursenkel-die-zeit-sparen-und-fantastisch-aussehen","10":"product_cat-stylish-nike-air-force-1-laces-to-impress","11":"product_tag-flach-gewachst","12":"product_tag-gewachst","13":"product_tag-loop-king-de","14":"product_tag-metal-tip-de","15":"product_tag-schnursenkel-mit-goldspitze","16":"product_tag-schwarz","17":"product_tag-shoelaces-de","18":"product_tag-wohnung","20":"first","21":"instock","22":"taxable","23":"shipping-taxable","24":"purchasable","25":"product-type-simple"},"acf":[],"yoast_head":"<!-- This site is optimized with the Yoast SEO plugin v27.4 - https:\/\/yoast.com\/product\/yoast-seo-wordpress\/ -->\n<title>Regenbogen-Silikon-Schn\u00fcrsenkel<\/title>\n<meta name=\"description\" content=\"Hebe deine Schuhe mit den Loop King&#039; Silikon-Schn\u00fcrsenkeln auf - schn\u00fcrsenkellos, stylisch und robust f\u00fcr einen m\u00fchelosen Sitz. Kaufe jetzt und erlebe die Verschmelzung von Funktion und Mode.\" \/>\n<meta name=\"robots\" content=\"index, follow, max-snippet:-1, max-image-preview:large, max-video-preview:-1\" \/>\n<link rel=\"canonical\" href=\"https:\/\/www.loopkinglaces.com\/de\/products\/regenbogen-silikon-schnuersenkel\/\" \/>\n<meta property=\"og:locale\" content=\"de_DE\" \/>\n<meta property=\"og:type\" content=\"article\" \/>\n<meta property=\"og:title\" content=\"Regenbogen-Silikon-Schn\u00fcrsenkel\" \/>\n<meta property=\"og:description\" content=\"Hebe deine Schuhe mit den Loop King&#039; Silikon-Schn\u00fcrsenkeln auf - schn\u00fcrsenkellos, stylisch und robust f\u00fcr einen m\u00fchelosen Sitz. Kaufe jetzt und erlebe die Verschmelzung von Funktion und Mode.\" \/>\n<meta property=\"og:url\" content=\"https:\/\/www.loopkinglaces.com\/de\/products\/regenbogen-silikon-schnuersenkel\/\" \/>\n<meta property=\"og:site_name\" content=\"Luxury Gold Tip Shoelaces by Loop King Laces\" \/>\n<meta property=\"article:publisher\" content=\"https:\/\/www.facebook.com\/LoopKingLaces\/\" \/>\n<meta property=\"article:modified_time\" content=\"2025-06-09T13:26:01+00:00\" \/>\n<meta property=\"og:image\" content=\"https:\/\/www.loopkinglaces.com\/wp-content\/uploads\/IMG_9295-scaled.jpg\" \/>\n\t<meta property=\"og:image:width\" content=\"2560\" \/>\n\t<meta property=\"og:image:height\" content=\"2560\" \/>\n\t<meta property=\"og:image:type\" content=\"image\/jpeg\" \/>\n<meta name=\"twitter:card\" content=\"summary_large_image\" \/>\n<meta name=\"twitter:site\" content=\"@loopkinglaces\" \/>\n<meta name=\"twitter:label1\" content=\"Gesch\u00e4tzte Lesezeit\" \/>\n\t<meta name=\"twitter:data1\" content=\"1\u00a0Minute\" \/>\n<script type=\"application\/ld+json\" class=\"yoast-schema-graph\">{\"@context\":\"https:\\\/\\\/schema.org\",\"@graph\":[{\"@type\":[\"WebPage\",\"ItemPage\"],\"@id\":\"https:\\\/\\\/www.loopkinglaces.com\\\/de\\\/products\\\/regenbogen-silikon-schnuersenkel\\\/\",\"url\":\"https:\\\/\\\/www.loopkinglaces.com\\\/de\\\/products\\\/regenbogen-silikon-schnuersenkel\\\/\",\"name\":\"Regenbogen-Silikon-Schn\u00fcrsenkel\",\"isPartOf\":{\"@id\":\"https:\\\/\\\/www.loopkinglaces.com\\\/de\\\/#website\"},\"primaryImageOfPage\":{\"@id\":\"https:\\\/\\\/www.loopkinglaces.com\\\/de\\\/products\\\/regenbogen-silikon-schnuersenkel\\\/#primaryimage\"},\"image\":{\"@id\":\"https:\\\/\\\/www.loopkinglaces.com\\\/de\\\/products\\\/regenbogen-silikon-schnuersenkel\\\/#primaryimage\"},\"thumbnailUrl\":\"https:\\\/\\\/www.loopkinglaces.com\\\/wp-content\\\/uploads\\\/IMG_9295-scaled.jpg\",\"datePublished\":\"2023-11-03T18:00:06+00:00\",\"dateModified\":\"2025-06-09T13:26:01+00:00\",\"description\":\"Hebe deine Schuhe mit den Loop King' Silikon-Schn\u00fcrsenkeln auf - schn\u00fcrsenkellos, stylisch und robust f\u00fcr einen m\u00fchelosen Sitz. Kaufe jetzt und erlebe die Verschmelzung von Funktion und Mode.\",\"breadcrumb\":{\"@id\":\"https:\\\/\\\/www.loopkinglaces.com\\\/de\\\/products\\\/regenbogen-silikon-schnuersenkel\\\/#breadcrumb\"},\"inLanguage\":\"de\",\"potentialAction\":[{\"@type\":\"ReadAction\",\"target\":[\"https:\\\/\\\/www.loopkinglaces.com\\\/de\\\/products\\\/regenbogen-silikon-schnuersenkel\\\/\"]}]},{\"@type\":\"ImageObject\",\"inLanguage\":\"de\",\"@id\":\"https:\\\/\\\/www.loopkinglaces.com\\\/de\\\/products\\\/regenbogen-silikon-schnuersenkel\\\/#primaryimage\",\"url\":\"https:\\\/\\\/www.loopkinglaces.com\\\/wp-content\\\/uploads\\\/IMG_9295-scaled.jpg\",\"contentUrl\":\"https:\\\/\\\/www.loopkinglaces.com\\\/wp-content\\\/uploads\\\/IMG_9295-scaled.jpg\",\"width\":2560,\"height\":2560},{\"@type\":\"BreadcrumbList\",\"@id\":\"https:\\\/\\\/www.loopkinglaces.com\\\/de\\\/products\\\/regenbogen-silikon-schnuersenkel\\\/#breadcrumb\",\"itemListElement\":[{\"@type\":\"ListItem\",\"position\":1,\"name\":\"Home\",\"item\":\"https:\\\/\\\/www.loopkinglaces.com\\\/de\\\/\"},{\"@type\":\"ListItem\",\"position\":2,\"name\":\"Shop\",\"item\":\"https:\\\/\\\/www.loopkinglaces.com\\\/de\\\/shop\\\/\"},{\"@type\":\"ListItem\",\"position\":3,\"name\":\"Regenbogen-Silikon-Schn\u00fcrsenkel\"}]},{\"@type\":\"WebSite\",\"@id\":\"https:\\\/\\\/www.loopkinglaces.com\\\/de\\\/#website\",\"url\":\"https:\\\/\\\/www.loopkinglaces.com\\\/de\\\/\",\"name\":\"Luxury Gold Tip Shoelaces by Loop King Laces\",\"description\":\"Rope Laces, Flat Waxed Laces and Leather Laces. All With Gold Tips.\",\"publisher\":{\"@id\":\"https:\\\/\\\/www.loopkinglaces.com\\\/de\\\/#organization\"},\"potentialAction\":[{\"@type\":\"SearchAction\",\"target\":{\"@type\":\"EntryPoint\",\"urlTemplate\":\"https:\\\/\\\/www.loopkinglaces.com\\\/de\\\/?s={search_term_string}\"},\"query-input\":{\"@type\":\"PropertyValueSpecification\",\"valueRequired\":true,\"valueName\":\"search_term_string\"}}],\"inLanguage\":\"de\"},{\"@type\":\"Organization\",\"@id\":\"https:\\\/\\\/www.loopkinglaces.com\\\/de\\\/#organization\",\"name\":\"Loop King Laces\",\"url\":\"https:\\\/\\\/www.loopkinglaces.com\\\/de\\\/\",\"logo\":{\"@type\":\"ImageObject\",\"inLanguage\":\"de\",\"@id\":\"https:\\\/\\\/www.loopkinglaces.com\\\/de\\\/#\\\/schema\\\/logo\\\/image\\\/\",\"url\":\"https:\\\/\\\/www.loopkinglaces.com\\\/wp-content\\\/uploads\\\/LOOP-KING-LACES.1.1-01-LOGO-HI-RES-OFFICIAL-1.png\",\"contentUrl\":\"https:\\\/\\\/www.loopkinglaces.com\\\/wp-content\\\/uploads\\\/LOOP-KING-LACES.1.1-01-LOGO-HI-RES-OFFICIAL-1.png\",\"width\":128,\"height\":91,\"caption\":\"Loop King Laces\"},\"image\":{\"@id\":\"https:\\\/\\\/www.loopkinglaces.com\\\/de\\\/#\\\/schema\\\/logo\\\/image\\\/\"},\"sameAs\":[\"https:\\\/\\\/www.facebook.com\\\/LoopKingLaces\\\/\",\"https:\\\/\\\/x.com\\\/loopkinglaces\",\"https:\\\/\\\/www.instagram.com\\\/loopkinglaces\\\/\"]}]}<\/script>\n<!-- \/ Yoast SEO plugin. -->","yoast_head_json":{"title":"Regenbogen-Silikon-Schn\u00fcrsenkel","description":"Hebe deine Schuhe mit den Loop King' Silikon-Schn\u00fcrsenkeln auf - schn\u00fcrsenkellos, stylisch und robust f\u00fcr einen m\u00fchelosen Sitz. Kaufe jetzt und erlebe die Verschmelzung von Funktion und Mode.","robots":{"index":"index","follow":"follow","max-snippet":"max-snippet:-1","max-image-preview":"max-image-preview:large","max-video-preview":"max-video-preview:-1"},"canonical":"https:\/\/www.loopkinglaces.com\/de\/products\/regenbogen-silikon-schnuersenkel\/","og_locale":"de_DE","og_type":"article","og_title":"Regenbogen-Silikon-Schn\u00fcrsenkel","og_description":"Hebe deine Schuhe mit den Loop King' Silikon-Schn\u00fcrsenkeln auf - schn\u00fcrsenkellos, stylisch und robust f\u00fcr einen m\u00fchelosen Sitz. Kaufe jetzt und erlebe die Verschmelzung von Funktion und Mode.","og_url":"https:\/\/www.loopkinglaces.com\/de\/products\/regenbogen-silikon-schnuersenkel\/","og_site_name":"Luxury Gold Tip Shoelaces by Loop King Laces","article_publisher":"https:\/\/www.facebook.com\/LoopKingLaces\/","article_modified_time":"2025-06-09T13:26:01+00:00","og_image":[{"width":2560,"height":2560,"url":"https:\/\/www.loopkinglaces.com\/wp-content\/uploads\/IMG_9295-scaled.jpg","type":"image\/jpeg"}],"twitter_card":"summary_large_image","twitter_site":"@loopkinglaces","twitter_misc":{"Gesch\u00e4tzte Lesezeit":"1\u00a0Minute"},"schema":{"@context":"https:\/\/schema.org","@graph":[{"@type":["WebPage","ItemPage"],"@id":"https:\/\/www.loopkinglaces.com\/de\/products\/regenbogen-silikon-schnuersenkel\/","url":"https:\/\/www.loopkinglaces.com\/de\/products\/regenbogen-silikon-schnuersenkel\/","name":"Regenbogen-Silikon-Schn\u00fcrsenkel","isPartOf":{"@id":"https:\/\/www.loopkinglaces.com\/de\/#website"},"primaryImageOfPage":{"@id":"https:\/\/www.loopkinglaces.com\/de\/products\/regenbogen-silikon-schnuersenkel\/#primaryimage"},"image":{"@id":"https:\/\/www.loopkinglaces.com\/de\/products\/regenbogen-silikon-schnuersenkel\/#primaryimage"},"thumbnailUrl":"https:\/\/www.loopkinglaces.com\/wp-content\/uploads\/IMG_9295-scaled.jpg","datePublished":"2023-11-03T18:00:06+00:00","dateModified":"2025-06-09T13:26:01+00:00","description":"Hebe deine Schuhe mit den Loop King' Silikon-Schn\u00fcrsenkeln auf - schn\u00fcrsenkellos, stylisch und robust f\u00fcr einen m\u00fchelosen Sitz. Kaufe jetzt und erlebe die Verschmelzung von Funktion und Mode.","breadcrumb":{"@id":"https:\/\/www.loopkinglaces.com\/de\/products\/regenbogen-silikon-schnuersenkel\/#breadcrumb"},"inLanguage":"de","potentialAction":[{"@type":"ReadAction","target":["https:\/\/www.loopkinglaces.com\/de\/products\/regenbogen-silikon-schnuersenkel\/"]}]},{"@type":"ImageObject","inLanguage":"de","@id":"https:\/\/www.loopkinglaces.com\/de\/products\/regenbogen-silikon-schnuersenkel\/#primaryimage","url":"https:\/\/www.loopkinglaces.com\/wp-content\/uploads\/IMG_9295-scaled.jpg","contentUrl":"https:\/\/www.loopkinglaces.com\/wp-content\/uploads\/IMG_9295-scaled.jpg","width":2560,"height":2560},{"@type":"BreadcrumbList","@id":"https:\/\/www.loopkinglaces.com\/de\/products\/regenbogen-silikon-schnuersenkel\/#breadcrumb","itemListElement":[{"@type":"ListItem","position":1,"name":"Home","item":"https:\/\/www.loopkinglaces.com\/de\/"},{"@type":"ListItem","position":2,"name":"Shop","item":"https:\/\/www.loopkinglaces.com\/de\/shop\/"},{"@type":"ListItem","position":3,"name":"Regenbogen-Silikon-Schn\u00fcrsenkel"}]},{"@type":"WebSite","@id":"https:\/\/www.loopkinglaces.com\/de\/#website","url":"https:\/\/www.loopkinglaces.com\/de\/","name":"Luxury Gold Tip Shoelaces by Loop King Laces","description":"Rope Laces, Flat Waxed Laces and Leather Laces. All With Gold Tips.","publisher":{"@id":"https:\/\/www.loopkinglaces.com\/de\/#organization"},"potentialAction":[{"@type":"SearchAction","target":{"@type":"EntryPoint","urlTemplate":"https:\/\/www.loopkinglaces.com\/de\/?s={search_term_string}"},"query-input":{"@type":"PropertyValueSpecification","valueRequired":true,"valueName":"search_term_string"}}],"inLanguage":"de"},{"@type":"Organization","@id":"https:\/\/www.loopkinglaces.com\/de\/#organization","name":"Loop King Laces","url":"https:\/\/www.loopkinglaces.com\/de\/","logo":{"@type":"ImageObject","inLanguage":"de","@id":"https:\/\/www.loopkinglaces.com\/de\/#\/schema\/logo\/image\/","url":"https:\/\/www.loopkinglaces.com\/wp-content\/uploads\/LOOP-KING-LACES.1.1-01-LOGO-HI-RES-OFFICIAL-1.png","contentUrl":"https:\/\/www.loopkinglaces.com\/wp-content\/uploads\/LOOP-KING-LACES.1.1-01-LOGO-HI-RES-OFFICIAL-1.png","width":128,"height":91,"caption":"Loop King Laces"},"image":{"@id":"https:\/\/www.loopkinglaces.com\/de\/#\/schema\/logo\/image\/"},"sameAs":["https:\/\/www.facebook.com\/LoopKingLaces\/","https:\/\/x.com\/loopkinglaces","https:\/\/www.instagram.com\/loopkinglaces\/"]}]}},"_links":{"self":[{"href":"https:\/\/www.loopkinglaces.com\/de\/wp-json\/wp\/v2\/product\/67847","targetHints":{"allow":["GET"]}}],"collection":[{"href":"https:\/\/www.loopkinglaces.com\/de\/wp-json\/wp\/v2\/product"}],"about":[{"href":"https:\/\/www.loopkinglaces.com\/de\/wp-json\/wp\/v2\/types\/product"}],"replies":[{"embeddable":true,"href":"https:\/\/www.loopkinglaces.com\/de\/wp-json\/wp\/v2\/comments?post=67847"}],"wp:featuredmedia":[{"embeddable":true,"href":"https:\/\/www.loopkinglaces.com\/de\/wp-json\/wp\/v2\/media\/58861"}],"wp:attachment":[{"href":"https:\/\/www.loopkinglaces.com\/de\/wp-json\/wp\/v2\/media?parent=67847"}],"wp:term":[{"taxonomy":"product_brand","embeddable":true,"href":"https:\/\/www.loopkinglaces.com\/de\/wp-json\/wp\/v2\/product_brand?post=67847"},{"taxonomy":"product_cat","embeddable":true,"href":"https:\/\/www.loopkinglaces.com\/de\/wp-json\/wp\/v2\/product_cat?post=67847"},{"taxonomy":"product_tag","embeddable":true,"href":"https:\/\/www.loopkinglaces.com\/de\/wp-json\/wp\/v2\/product_tag?post=67847"},{"taxonomy":"woo-feed-brand","embeddable":true,"href":"https:\/\/www.loopkinglaces.com\/de\/wp-json\/wp\/v2\/woo-feed-brand?post=67847"}],"curies":[{"name":"wp","href":"https:\/\/api.w.org\/{rel}","templated":true}]}}