{"id":67837,"date":"2023-11-01T20:35:55","date_gmt":"2023-11-01T20:35:55","guid":{"rendered":"https:\/\/www.loopkinglaces.com\/products\/weisse-glitzerschnuersenkel-mit-klaren-plastikspitzen\/"},"modified":"2024-11-04T23:40:33","modified_gmt":"2024-11-04T23:40:33","slug":"weisse-glitzerschnuersenkel-mit-durchsichtigen-plastikspitzen","status":"publish","type":"product","link":"https:\/\/www.loopkinglaces.com\/de\/products\/weisse-glitzerschnuersenkel-mit-durchsichtigen-plastikspitzen\/","title":{"rendered":"Wei\u00dfe Glitzerschn\u00fcrsenkel mit durchsichtigen Plastikspitzen"},"content":{"rendered":"<p>Verleihe deinen alten Sneakern mit unseren wei\u00dfen Glitzerschn\u00fcrsenkeln mit durchsichtigen Plastikspitzen einen neuen Charakter.<br \/>\nDiese Schn\u00fcrsenkel haben einen authentischen, farbenfrohen Aufdruck mit glitzernden Punkten f\u00fcr einen unverwechselbaren Stil.<br \/>\nSie sind nicht nur \u00e4sthetisch ansprechend, sondern auch aus hochwertigen Materialien gefertigt, die eine lange Lebensdauer garantieren.<br \/>\nDie gepr\u00e4gten Spitzen verleihen ihnen einen edlen Touch und sch\u00fctzen sie gleichzeitig vor dem Ausfransen &#8211; so erh\u00e4ltst du erstklassige Qualit\u00e4t und Stil.<\/p>\n","protected":false},"excerpt":{"rendered":"<p><strong>Wei\u00dfe Glitzerschn\u00fcrsenkel mit durchsichtigen Plastikspitzen<\/strong> Belebe deine Lieblingssneaker mit unseren auff\u00e4lligen wei\u00dfen Glitzerschn\u00fcrsenkeln mit durchsichtigen Plastikspitzen f\u00fcr dauerhaften Stil.<br \/>\nDer realistische Aufdruck der Schn\u00fcrsenkel in verschiedenen Farben und glitzernden Flecken sorgt daf\u00fcr, dass deine Schuhe nicht unbemerkt bleiben.<br \/>\nDie gepr\u00e4gten Spitzen bieten ein luxuri\u00f6ses Finish und sch\u00fctzen vor dem Ausfransen &#8211; du bekommst viel mehr als nur Schn\u00fcrsenkel; du bekommst Qualit\u00e4t, die lange h\u00e4lt.<br \/>\nDie wichtigsten Merkmale sind:<\/p>\n<ul>\n<li style=\"font-weight: 400;\" aria-level=\"1\">Hochwertige Materialien<\/li>\n<li style=\"font-weight: 400;\" aria-level=\"1\">Versiegelte &amp; atemberaubende Verpackung<\/li>\n<li style=\"font-weight: 400;\" aria-level=\"1\">Verschiedene L\u00e4ngen sind verf\u00fcgbar<\/li>\n<li style=\"font-weight: 400;\" aria-level=\"1\">Passend f\u00fcr alle gro\u00dfen Marken (Nike, Adidas, Reebok, Converse, Vans)<\/li>\n<li style=\"font-weight: 400;\" aria-level=\"1\">Durchsichtige Plastikspitzen<\/li>\n<\/ul>\n","protected":false},"featured_media":58859,"comment_status":"open","ping_status":"closed","template":"","meta":{"_acf_changed":false},"product_brand":[],"product_cat":[590,703,609,603,874,627,715,761,794,758,737,606,767,729,607,831],"product_tag":[781,783,635,638,738,734,636,782],"woo-feed-brand":[],"class_list":{"0":"post-67837","1":"product","2":"type-product","3":"status-publish","4":"has-post-thumbnail","6":"product_cat-all-shoelaces","7":"product_cat-asics-shoe-laces-customize-your-footwear","8":"product_cat-awesome-nmd-laces-collection","9":"product_cat-balenciaga-laces-high-class-trendy-laces","10":"product_cat-bring-deine-schuhe-mit-premium-glitzer-schnursenkeln-zum-funkeln","11":"product_cat-burberry-shoe-laces-that-will-upgrade-your-footwear","12":"product_cat-white-laces-de","13":"product_cat-elite-level-jordan-1-bordeaux-weise-schnursenkel-die-luxurios-aussehen","14":"product_cat-hochwertige-schwarze-und-weise-schnursenkel-fur-einen-eleganten-look","15":"product_cat-modische-farbige-schnursenkel-fur-turnschuhe","16":"product_cat-nike-blazer-schnursenkel-fur-uberragenden-style-trendsetting","17":"product_cat-premier-doc-marten-laces-revamp-your-shoes","18":"product_cat-premium-baumwollschnursenkel-die-andere-marken-in-jeder-hinsicht-ubertreffen","19":"product_cat-skechers-schnursenkel-auf-hochstem-niveau-die-fur-spannung-wert-und-komfort-sorgen","20":"product_cat-superior-and-high-quality-fat-shoe-laces","21":"product_cat-weise-nike-schnursenkel-die-so-hell-wie-ein-stern-leuchten","22":"product_tag-flach-gewachst","23":"product_tag-gewachst","24":"product_tag-loop-king-de","25":"product_tag-metal-tip-de","26":"product_tag-schnursenkel-mit-goldspitze","27":"product_tag-schwarz","28":"product_tag-shoelaces-de","29":"product_tag-wohnung","31":"first","32":"instock","33":"taxable","34":"shipping-taxable","35":"purchasable","36":"product-type-variable"},"acf":[],"yoast_head":"<!-- This site is optimized with the Yoast SEO plugin v27.4 - https:\/\/yoast.com\/product\/yoast-seo-wordpress\/ -->\n<title>Wei\u00dfe Glitzerschn\u00fcrsenkel mit durchsichtigen Plastikspitzen<\/title>\n<meta name=\"description\" content=\"Mit unseren bezaubernden wei\u00dfen Glitzerschn\u00fcrsenkeln kannst du deinen Schuhen neuen Schwung verleihen - f\u00fcr einen makellosen und anmutigen Look, der jedes Outfit perfekt erg\u00e4nzt.\" \/>\n<meta name=\"robots\" content=\"index, follow, max-snippet:-1, max-image-preview:large, max-video-preview:-1\" \/>\n<link rel=\"canonical\" href=\"https:\/\/www.loopkinglaces.com\/de\/products\/weisse-glitzerschnuersenkel-mit-durchsichtigen-plastikspitzen\/\" \/>\n<meta property=\"og:locale\" content=\"de_DE\" \/>\n<meta property=\"og:type\" content=\"article\" \/>\n<meta property=\"og:title\" content=\"Wei\u00dfe Glitzerschn\u00fcrsenkel mit durchsichtigen Plastikspitzen\" \/>\n<meta property=\"og:description\" content=\"Mit unseren bezaubernden wei\u00dfen Glitzerschn\u00fcrsenkeln kannst du deinen Schuhen neuen Schwung verleihen - f\u00fcr einen makellosen und anmutigen Look, der jedes Outfit perfekt erg\u00e4nzt.\" \/>\n<meta property=\"og:url\" content=\"https:\/\/www.loopkinglaces.com\/de\/products\/weisse-glitzerschnuersenkel-mit-durchsichtigen-plastikspitzen\/\" \/>\n<meta property=\"og:site_name\" content=\"Luxury Gold Tip Shoelaces by Loop King Laces\" \/>\n<meta property=\"article:publisher\" content=\"https:\/\/www.facebook.com\/LoopKingLaces\/\" \/>\n<meta property=\"article:modified_time\" content=\"2024-11-04T23:40:33+00:00\" \/>\n<meta property=\"og:image\" content=\"https:\/\/www.loopkinglaces.com\/wp-content\/uploads\/COTGLWHICT-1-scaled.jpg\" \/>\n\t<meta property=\"og:image:width\" content=\"2560\" \/>\n\t<meta property=\"og:image:height\" content=\"2560\" \/>\n\t<meta property=\"og:image:type\" content=\"image\/jpeg\" \/>\n<meta name=\"twitter:card\" content=\"summary_large_image\" \/>\n<meta name=\"twitter:site\" content=\"@loopkinglaces\" \/>\n<meta name=\"twitter:label1\" content=\"Gesch\u00e4tzte Lesezeit\" \/>\n\t<meta name=\"twitter:data1\" content=\"1\u00a0Minute\" \/>\n<script type=\"application\/ld+json\" class=\"yoast-schema-graph\">{\"@context\":\"https:\\\/\\\/schema.org\",\"@graph\":[{\"@type\":[\"WebPage\",\"ItemPage\"],\"@id\":\"https:\\\/\\\/www.loopkinglaces.com\\\/de\\\/products\\\/weisse-glitzerschnuersenkel-mit-durchsichtigen-plastikspitzen\\\/\",\"url\":\"https:\\\/\\\/www.loopkinglaces.com\\\/de\\\/products\\\/weisse-glitzerschnuersenkel-mit-durchsichtigen-plastikspitzen\\\/\",\"name\":\"Wei\u00dfe Glitzerschn\u00fcrsenkel mit durchsichtigen Plastikspitzen\",\"isPartOf\":{\"@id\":\"https:\\\/\\\/www.loopkinglaces.com\\\/de\\\/#website\"},\"primaryImageOfPage\":{\"@id\":\"https:\\\/\\\/www.loopkinglaces.com\\\/de\\\/products\\\/weisse-glitzerschnuersenkel-mit-durchsichtigen-plastikspitzen\\\/#primaryimage\"},\"image\":{\"@id\":\"https:\\\/\\\/www.loopkinglaces.com\\\/de\\\/products\\\/weisse-glitzerschnuersenkel-mit-durchsichtigen-plastikspitzen\\\/#primaryimage\"},\"thumbnailUrl\":\"https:\\\/\\\/www.loopkinglaces.com\\\/wp-content\\\/uploads\\\/COTGLWHICT-1-scaled.jpg\",\"datePublished\":\"2023-11-01T20:35:55+00:00\",\"dateModified\":\"2024-11-04T23:40:33+00:00\",\"description\":\"Mit unseren bezaubernden wei\u00dfen Glitzerschn\u00fcrsenkeln kannst du deinen Schuhen neuen Schwung verleihen - f\u00fcr einen makellosen und anmutigen Look, der jedes Outfit perfekt erg\u00e4nzt.\",\"breadcrumb\":{\"@id\":\"https:\\\/\\\/www.loopkinglaces.com\\\/de\\\/products\\\/weisse-glitzerschnuersenkel-mit-durchsichtigen-plastikspitzen\\\/#breadcrumb\"},\"inLanguage\":\"de\",\"potentialAction\":[{\"@type\":\"ReadAction\",\"target\":[\"https:\\\/\\\/www.loopkinglaces.com\\\/de\\\/products\\\/weisse-glitzerschnuersenkel-mit-durchsichtigen-plastikspitzen\\\/\"]}]},{\"@type\":\"ImageObject\",\"inLanguage\":\"de\",\"@id\":\"https:\\\/\\\/www.loopkinglaces.com\\\/de\\\/products\\\/weisse-glitzerschnuersenkel-mit-durchsichtigen-plastikspitzen\\\/#primaryimage\",\"url\":\"https:\\\/\\\/www.loopkinglaces.com\\\/wp-content\\\/uploads\\\/COTGLWHICT-1-scaled.jpg\",\"contentUrl\":\"https:\\\/\\\/www.loopkinglaces.com\\\/wp-content\\\/uploads\\\/COTGLWHICT-1-scaled.jpg\",\"width\":2560,\"height\":2560},{\"@type\":\"BreadcrumbList\",\"@id\":\"https:\\\/\\\/www.loopkinglaces.com\\\/de\\\/products\\\/weisse-glitzerschnuersenkel-mit-durchsichtigen-plastikspitzen\\\/#breadcrumb\",\"itemListElement\":[{\"@type\":\"ListItem\",\"position\":1,\"name\":\"Home\",\"item\":\"https:\\\/\\\/www.loopkinglaces.com\\\/de\\\/\"},{\"@type\":\"ListItem\",\"position\":2,\"name\":\"Shop\",\"item\":\"https:\\\/\\\/www.loopkinglaces.com\\\/de\\\/shop\\\/\"},{\"@type\":\"ListItem\",\"position\":3,\"name\":\"Wei\u00dfe Glitzerschn\u00fcrsenkel mit durchsichtigen Plastikspitzen\"}]},{\"@type\":\"WebSite\",\"@id\":\"https:\\\/\\\/www.loopkinglaces.com\\\/de\\\/#website\",\"url\":\"https:\\\/\\\/www.loopkinglaces.com\\\/de\\\/\",\"name\":\"Luxury Gold Tip Shoelaces by Loop King Laces\",\"description\":\"Rope Laces, Flat Waxed Laces and Leather Laces. All With Gold Tips.\",\"publisher\":{\"@id\":\"https:\\\/\\\/www.loopkinglaces.com\\\/de\\\/#organization\"},\"potentialAction\":[{\"@type\":\"SearchAction\",\"target\":{\"@type\":\"EntryPoint\",\"urlTemplate\":\"https:\\\/\\\/www.loopkinglaces.com\\\/de\\\/?s={search_term_string}\"},\"query-input\":{\"@type\":\"PropertyValueSpecification\",\"valueRequired\":true,\"valueName\":\"search_term_string\"}}],\"inLanguage\":\"de\"},{\"@type\":\"Organization\",\"@id\":\"https:\\\/\\\/www.loopkinglaces.com\\\/de\\\/#organization\",\"name\":\"Loop King Laces\",\"url\":\"https:\\\/\\\/www.loopkinglaces.com\\\/de\\\/\",\"logo\":{\"@type\":\"ImageObject\",\"inLanguage\":\"de\",\"@id\":\"https:\\\/\\\/www.loopkinglaces.com\\\/de\\\/#\\\/schema\\\/logo\\\/image\\\/\",\"url\":\"https:\\\/\\\/www.loopkinglaces.com\\\/wp-content\\\/uploads\\\/LOOP-KING-LACES.1.1-01-LOGO-HI-RES-OFFICIAL-1.png\",\"contentUrl\":\"https:\\\/\\\/www.loopkinglaces.com\\\/wp-content\\\/uploads\\\/LOOP-KING-LACES.1.1-01-LOGO-HI-RES-OFFICIAL-1.png\",\"width\":128,\"height\":91,\"caption\":\"Loop King Laces\"},\"image\":{\"@id\":\"https:\\\/\\\/www.loopkinglaces.com\\\/de\\\/#\\\/schema\\\/logo\\\/image\\\/\"},\"sameAs\":[\"https:\\\/\\\/www.facebook.com\\\/LoopKingLaces\\\/\",\"https:\\\/\\\/x.com\\\/loopkinglaces\",\"https:\\\/\\\/www.instagram.com\\\/loopkinglaces\\\/\"]}]}<\/script>\n<!-- \/ Yoast SEO plugin. -->","yoast_head_json":{"title":"Wei\u00dfe Glitzerschn\u00fcrsenkel mit durchsichtigen Plastikspitzen","description":"Mit unseren bezaubernden wei\u00dfen Glitzerschn\u00fcrsenkeln kannst du deinen Schuhen neuen Schwung verleihen - f\u00fcr einen makellosen und anmutigen Look, der jedes Outfit perfekt erg\u00e4nzt.","robots":{"index":"index","follow":"follow","max-snippet":"max-snippet:-1","max-image-preview":"max-image-preview:large","max-video-preview":"max-video-preview:-1"},"canonical":"https:\/\/www.loopkinglaces.com\/de\/products\/weisse-glitzerschnuersenkel-mit-durchsichtigen-plastikspitzen\/","og_locale":"de_DE","og_type":"article","og_title":"Wei\u00dfe Glitzerschn\u00fcrsenkel mit durchsichtigen Plastikspitzen","og_description":"Mit unseren bezaubernden wei\u00dfen Glitzerschn\u00fcrsenkeln kannst du deinen Schuhen neuen Schwung verleihen - f\u00fcr einen makellosen und anmutigen Look, der jedes Outfit perfekt erg\u00e4nzt.","og_url":"https:\/\/www.loopkinglaces.com\/de\/products\/weisse-glitzerschnuersenkel-mit-durchsichtigen-plastikspitzen\/","og_site_name":"Luxury Gold Tip Shoelaces by Loop King Laces","article_publisher":"https:\/\/www.facebook.com\/LoopKingLaces\/","article_modified_time":"2024-11-04T23:40:33+00:00","og_image":[{"width":2560,"height":2560,"url":"https:\/\/www.loopkinglaces.com\/wp-content\/uploads\/COTGLWHICT-1-scaled.jpg","type":"image\/jpeg"}],"twitter_card":"summary_large_image","twitter_site":"@loopkinglaces","twitter_misc":{"Gesch\u00e4tzte Lesezeit":"1\u00a0Minute"},"schema":{"@context":"https:\/\/schema.org","@graph":[{"@type":["WebPage","ItemPage"],"@id":"https:\/\/www.loopkinglaces.com\/de\/products\/weisse-glitzerschnuersenkel-mit-durchsichtigen-plastikspitzen\/","url":"https:\/\/www.loopkinglaces.com\/de\/products\/weisse-glitzerschnuersenkel-mit-durchsichtigen-plastikspitzen\/","name":"Wei\u00dfe Glitzerschn\u00fcrsenkel mit durchsichtigen Plastikspitzen","isPartOf":{"@id":"https:\/\/www.loopkinglaces.com\/de\/#website"},"primaryImageOfPage":{"@id":"https:\/\/www.loopkinglaces.com\/de\/products\/weisse-glitzerschnuersenkel-mit-durchsichtigen-plastikspitzen\/#primaryimage"},"image":{"@id":"https:\/\/www.loopkinglaces.com\/de\/products\/weisse-glitzerschnuersenkel-mit-durchsichtigen-plastikspitzen\/#primaryimage"},"thumbnailUrl":"https:\/\/www.loopkinglaces.com\/wp-content\/uploads\/COTGLWHICT-1-scaled.jpg","datePublished":"2023-11-01T20:35:55+00:00","dateModified":"2024-11-04T23:40:33+00:00","description":"Mit unseren bezaubernden wei\u00dfen Glitzerschn\u00fcrsenkeln kannst du deinen Schuhen neuen Schwung verleihen - f\u00fcr einen makellosen und anmutigen Look, der jedes Outfit perfekt erg\u00e4nzt.","breadcrumb":{"@id":"https:\/\/www.loopkinglaces.com\/de\/products\/weisse-glitzerschnuersenkel-mit-durchsichtigen-plastikspitzen\/#breadcrumb"},"inLanguage":"de","potentialAction":[{"@type":"ReadAction","target":["https:\/\/www.loopkinglaces.com\/de\/products\/weisse-glitzerschnuersenkel-mit-durchsichtigen-plastikspitzen\/"]}]},{"@type":"ImageObject","inLanguage":"de","@id":"https:\/\/www.loopkinglaces.com\/de\/products\/weisse-glitzerschnuersenkel-mit-durchsichtigen-plastikspitzen\/#primaryimage","url":"https:\/\/www.loopkinglaces.com\/wp-content\/uploads\/COTGLWHICT-1-scaled.jpg","contentUrl":"https:\/\/www.loopkinglaces.com\/wp-content\/uploads\/COTGLWHICT-1-scaled.jpg","width":2560,"height":2560},{"@type":"BreadcrumbList","@id":"https:\/\/www.loopkinglaces.com\/de\/products\/weisse-glitzerschnuersenkel-mit-durchsichtigen-plastikspitzen\/#breadcrumb","itemListElement":[{"@type":"ListItem","position":1,"name":"Home","item":"https:\/\/www.loopkinglaces.com\/de\/"},{"@type":"ListItem","position":2,"name":"Shop","item":"https:\/\/www.loopkinglaces.com\/de\/shop\/"},{"@type":"ListItem","position":3,"name":"Wei\u00dfe Glitzerschn\u00fcrsenkel mit durchsichtigen Plastikspitzen"}]},{"@type":"WebSite","@id":"https:\/\/www.loopkinglaces.com\/de\/#website","url":"https:\/\/www.loopkinglaces.com\/de\/","name":"Luxury Gold Tip Shoelaces by Loop King Laces","description":"Rope Laces, Flat Waxed Laces and Leather Laces. All With Gold Tips.","publisher":{"@id":"https:\/\/www.loopkinglaces.com\/de\/#organization"},"potentialAction":[{"@type":"SearchAction","target":{"@type":"EntryPoint","urlTemplate":"https:\/\/www.loopkinglaces.com\/de\/?s={search_term_string}"},"query-input":{"@type":"PropertyValueSpecification","valueRequired":true,"valueName":"search_term_string"}}],"inLanguage":"de"},{"@type":"Organization","@id":"https:\/\/www.loopkinglaces.com\/de\/#organization","name":"Loop King Laces","url":"https:\/\/www.loopkinglaces.com\/de\/","logo":{"@type":"ImageObject","inLanguage":"de","@id":"https:\/\/www.loopkinglaces.com\/de\/#\/schema\/logo\/image\/","url":"https:\/\/www.loopkinglaces.com\/wp-content\/uploads\/LOOP-KING-LACES.1.1-01-LOGO-HI-RES-OFFICIAL-1.png","contentUrl":"https:\/\/www.loopkinglaces.com\/wp-content\/uploads\/LOOP-KING-LACES.1.1-01-LOGO-HI-RES-OFFICIAL-1.png","width":128,"height":91,"caption":"Loop King Laces"},"image":{"@id":"https:\/\/www.loopkinglaces.com\/de\/#\/schema\/logo\/image\/"},"sameAs":["https:\/\/www.facebook.com\/LoopKingLaces\/","https:\/\/x.com\/loopkinglaces","https:\/\/www.instagram.com\/loopkinglaces\/"]}]}},"_links":{"self":[{"href":"https:\/\/www.loopkinglaces.com\/de\/wp-json\/wp\/v2\/product\/67837","targetHints":{"allow":["GET"]}}],"collection":[{"href":"https:\/\/www.loopkinglaces.com\/de\/wp-json\/wp\/v2\/product"}],"about":[{"href":"https:\/\/www.loopkinglaces.com\/de\/wp-json\/wp\/v2\/types\/product"}],"replies":[{"embeddable":true,"href":"https:\/\/www.loopkinglaces.com\/de\/wp-json\/wp\/v2\/comments?post=67837"}],"wp:featuredmedia":[{"embeddable":true,"href":"https:\/\/www.loopkinglaces.com\/de\/wp-json\/wp\/v2\/media\/58859"}],"wp:attachment":[{"href":"https:\/\/www.loopkinglaces.com\/de\/wp-json\/wp\/v2\/media?parent=67837"}],"wp:term":[{"taxonomy":"product_brand","embeddable":true,"href":"https:\/\/www.loopkinglaces.com\/de\/wp-json\/wp\/v2\/product_brand?post=67837"},{"taxonomy":"product_cat","embeddable":true,"href":"https:\/\/www.loopkinglaces.com\/de\/wp-json\/wp\/v2\/product_cat?post=67837"},{"taxonomy":"product_tag","embeddable":true,"href":"https:\/\/www.loopkinglaces.com\/de\/wp-json\/wp\/v2\/product_tag?post=67837"},{"taxonomy":"woo-feed-brand","embeddable":true,"href":"https:\/\/www.loopkinglaces.com\/de\/wp-json\/wp\/v2\/woo-feed-brand?post=67837"}],"curies":[{"name":"wp","href":"https:\/\/api.w.org\/{rel}","templated":true}]}}