{"id":67798,"date":"2023-11-01T18:07:59","date_gmt":"2023-11-01T18:07:59","guid":{"rendered":"https:\/\/www.loopkinglaces.com\/products\/elefant-grau-schwarz-zement-schnuersenkel-mit-klaren-plastikspitzen\/"},"modified":"2024-11-04T23:56:42","modified_gmt":"2024-11-04T23:56:42","slug":"elefant-grau-schwarz-zement-schnuersenkel-mit-durchsichtigen-plastikspitzen","status":"publish","type":"product","link":"https:\/\/www.loopkinglaces.com\/de\/products\/elefant-grau-schwarz-zement-schnuersenkel-mit-durchsichtigen-plastikspitzen\/","title":{"rendered":"Elefant Grau Schwarz Zement Schn\u00fcrsenkel mit durchsichtigen Plastikspitzen"},"content":{"rendered":"<p>Wenn deine Sneaker nicht mehr so gut aussehen, sind unsere Elephant Grey Black Cement Laces with Clear Plastic Tips genau das Richtige f\u00fcr dich.<br \/>\nMit ihrem realistischen Farbdruck und den eingestreuten Sprenkeln bringen sie jedes alte Paar zum Strahlen.<br \/>\nDiese Schn\u00fcrsenkel sehen nicht nur gut aus &#8211; sie sind auch aus hochwertigen Materialien gefertigt, die lange halten.<br \/>\nDie gepr\u00e4gten Spitzen sorgen f\u00fcr ein luxuri\u00f6ses Aussehen und praktische Ausfransfestigkeit, sodass du nicht nur ein au\u00dfergew\u00f6hnliches Schn\u00fcrsenkeldesign, sondern auch echte Qualit\u00e4t erh\u00e4ltst.<\/p>\n","protected":false},"excerpt":{"rendered":"<p><strong>Schwarz-wei\u00dfe Zementschn\u00fcrsenkel mit schwarzen Kunststoffspitzen<\/strong> Verj\u00fcnge das Aussehen deiner Sneaker mit unseren schwarzen Zementschn\u00fcrsenkeln mit auff\u00e4lligen roten Kunststoffspitzen.<br \/>\nDer authentische Aufdruck ist eine Mischung aus verschiedenen Farben und zuf\u00e4lligen Flecken und sorgt f\u00fcr einen beeindruckenden optischen Effekt.<br \/>\nDiese Schn\u00fcrsenkel sind nicht nur trendy, sondern auch aus hochwertigen Materialien gefertigt, die eine lange Lebensdauer garantieren.<br \/>\nMit gepr\u00e4gten Spitzen, die ein luxuri\u00f6ses Flair verleihen und vor dem Ausfransen sch\u00fctzen, bieten wir dir nicht nur einen Schn\u00fcrsenkel, sondern ein dauerhaftes Qualit\u00e4tsversprechen.<br \/>\nDie wichtigsten Merkmale sind:<\/p>\n<ul>\n<li><span style=\"font-weight: 400;\">Hochwertige Materialien<\/span><\/li>\n<li><span style=\"font-weight: 400;\">Gepr\u00e4gte Spitzen<\/span><\/li>\n<li><span style=\"font-weight: 400;\">Versiegelte &amp; atemberaubende Verpackung <\/span><\/li>\n<li><span style=\"font-weight: 400;\">Wundersch\u00f6ner Zementdruck auf flachen Schn\u00fcrsenkeln <\/span><\/li>\n<li><span style=\"font-weight: 400;\">Wird andere Marken \u00fcberdauern<\/span><\/li>\n<li><span style=\"font-weight: 400;\">Mehrere L\u00e4ngen sind verf\u00fcgbar <\/span><\/li>\n<\/ul>\n","protected":false},"featured_media":58827,"comment_status":"open","ping_status":"closed","template":"","meta":{"_acf_changed":false},"product_brand":[],"product_cat":[590,720,792,837],"product_tag":[781,783,635,638,738,734,636,782],"woo-feed-brand":[],"class_list":{"0":"post-67798","1":"product","2":"type-product","3":"status-publish","4":"has-post-thumbnail","6":"product_cat-all-shoelaces","7":"product_cat-cool-shoelaces-de","8":"product_cat-gib-deinen-schuhen-ein-style-upgrade-mit-zementschnursenkeln","9":"product_cat-nike-fly-knit-schnursenkel","10":"product_tag-flach-gewachst","11":"product_tag-gewachst","12":"product_tag-loop-king-de","13":"product_tag-metal-tip-de","14":"product_tag-schnursenkel-mit-goldspitze","15":"product_tag-schwarz","16":"product_tag-shoelaces-de","17":"product_tag-wohnung","19":"first","20":"instock","21":"taxable","22":"shipping-taxable","23":"purchasable","24":"product-type-variable"},"acf":[],"yoast_head":"<!-- This site is optimized with the Yoast SEO plugin v27.4 - https:\/\/yoast.com\/product\/yoast-seo-wordpress\/ -->\n<title>Elefant Grau Schwarz Zement Schn\u00fcrsenkel mit durchsichtigen Plastikspitzen<\/title>\n<meta name=\"description\" content=\"Aktualisiere deine Schuhmode m\u00fchelos! Unsere Elephant Grey Black Cement Laces mit durchsichtigen Plastikspitzen verleihen jeder Sneaker-Silhouette den letzten Schliff.\" \/>\n<meta name=\"robots\" content=\"index, follow, max-snippet:-1, max-image-preview:large, max-video-preview:-1\" \/>\n<link rel=\"canonical\" href=\"https:\/\/www.loopkinglaces.com\/de\/products\/elefant-grau-schwarz-zement-schnuersenkel-mit-durchsichtigen-plastikspitzen\/\" \/>\n<meta property=\"og:locale\" content=\"de_DE\" \/>\n<meta property=\"og:type\" content=\"article\" \/>\n<meta property=\"og:title\" content=\"Elefant Grau Schwarz Zement Schn\u00fcrsenkel mit durchsichtigen Plastikspitzen\" \/>\n<meta property=\"og:description\" content=\"Aktualisiere deine Schuhmode m\u00fchelos! Unsere Elephant Grey Black Cement Laces mit durchsichtigen Plastikspitzen verleihen jeder Sneaker-Silhouette den letzten Schliff.\" \/>\n<meta property=\"og:url\" content=\"https:\/\/www.loopkinglaces.com\/de\/products\/elefant-grau-schwarz-zement-schnuersenkel-mit-durchsichtigen-plastikspitzen\/\" \/>\n<meta property=\"og:site_name\" content=\"Luxury Gold Tip Shoelaces by Loop King Laces\" \/>\n<meta property=\"article:publisher\" content=\"https:\/\/www.facebook.com\/LoopKingLaces\/\" \/>\n<meta property=\"article:modified_time\" content=\"2024-11-04T23:56:42+00:00\" \/>\n<meta property=\"og:image\" content=\"https:\/\/www.loopkinglaces.com\/wp-content\/uploads\/Elephant-Grey-Cement-with-Clear-Tips-scaled.jpg\" \/>\n\t<meta property=\"og:image:width\" content=\"2560\" \/>\n\t<meta property=\"og:image:height\" content=\"2560\" \/>\n\t<meta property=\"og:image:type\" content=\"image\/jpeg\" \/>\n<meta name=\"twitter:card\" content=\"summary_large_image\" \/>\n<meta name=\"twitter:site\" content=\"@loopkinglaces\" \/>\n<meta name=\"twitter:label1\" content=\"Gesch\u00e4tzte Lesezeit\" \/>\n\t<meta name=\"twitter:data1\" content=\"1\u00a0Minute\" \/>\n<script type=\"application\/ld+json\" class=\"yoast-schema-graph\">{\"@context\":\"https:\\\/\\\/schema.org\",\"@graph\":[{\"@type\":[\"WebPage\",\"ItemPage\"],\"@id\":\"https:\\\/\\\/www.loopkinglaces.com\\\/de\\\/products\\\/elefant-grau-schwarz-zement-schnuersenkel-mit-durchsichtigen-plastikspitzen\\\/\",\"url\":\"https:\\\/\\\/www.loopkinglaces.com\\\/de\\\/products\\\/elefant-grau-schwarz-zement-schnuersenkel-mit-durchsichtigen-plastikspitzen\\\/\",\"name\":\"Elefant Grau Schwarz Zement Schn\u00fcrsenkel mit durchsichtigen Plastikspitzen\",\"isPartOf\":{\"@id\":\"https:\\\/\\\/www.loopkinglaces.com\\\/de\\\/#website\"},\"primaryImageOfPage\":{\"@id\":\"https:\\\/\\\/www.loopkinglaces.com\\\/de\\\/products\\\/elefant-grau-schwarz-zement-schnuersenkel-mit-durchsichtigen-plastikspitzen\\\/#primaryimage\"},\"image\":{\"@id\":\"https:\\\/\\\/www.loopkinglaces.com\\\/de\\\/products\\\/elefant-grau-schwarz-zement-schnuersenkel-mit-durchsichtigen-plastikspitzen\\\/#primaryimage\"},\"thumbnailUrl\":\"https:\\\/\\\/www.loopkinglaces.com\\\/wp-content\\\/uploads\\\/Elephant-Grey-Cement-with-Clear-Tips-scaled.jpg\",\"datePublished\":\"2023-11-01T18:07:59+00:00\",\"dateModified\":\"2024-11-04T23:56:42+00:00\",\"description\":\"Aktualisiere deine Schuhmode m\u00fchelos! Unsere Elephant Grey Black Cement Laces mit durchsichtigen Plastikspitzen verleihen jeder Sneaker-Silhouette den letzten Schliff.\",\"breadcrumb\":{\"@id\":\"https:\\\/\\\/www.loopkinglaces.com\\\/de\\\/products\\\/elefant-grau-schwarz-zement-schnuersenkel-mit-durchsichtigen-plastikspitzen\\\/#breadcrumb\"},\"inLanguage\":\"de\",\"potentialAction\":[{\"@type\":\"ReadAction\",\"target\":[\"https:\\\/\\\/www.loopkinglaces.com\\\/de\\\/products\\\/elefant-grau-schwarz-zement-schnuersenkel-mit-durchsichtigen-plastikspitzen\\\/\"]}]},{\"@type\":\"ImageObject\",\"inLanguage\":\"de\",\"@id\":\"https:\\\/\\\/www.loopkinglaces.com\\\/de\\\/products\\\/elefant-grau-schwarz-zement-schnuersenkel-mit-durchsichtigen-plastikspitzen\\\/#primaryimage\",\"url\":\"https:\\\/\\\/www.loopkinglaces.com\\\/wp-content\\\/uploads\\\/Elephant-Grey-Cement-with-Clear-Tips-scaled.jpg\",\"contentUrl\":\"https:\\\/\\\/www.loopkinglaces.com\\\/wp-content\\\/uploads\\\/Elephant-Grey-Cement-with-Clear-Tips-scaled.jpg\",\"width\":2560,\"height\":2560},{\"@type\":\"BreadcrumbList\",\"@id\":\"https:\\\/\\\/www.loopkinglaces.com\\\/de\\\/products\\\/elefant-grau-schwarz-zement-schnuersenkel-mit-durchsichtigen-plastikspitzen\\\/#breadcrumb\",\"itemListElement\":[{\"@type\":\"ListItem\",\"position\":1,\"name\":\"Home\",\"item\":\"https:\\\/\\\/www.loopkinglaces.com\\\/de\\\/\"},{\"@type\":\"ListItem\",\"position\":2,\"name\":\"Shop\",\"item\":\"https:\\\/\\\/www.loopkinglaces.com\\\/de\\\/shop\\\/\"},{\"@type\":\"ListItem\",\"position\":3,\"name\":\"Elefant Grau Schwarz Zement Schn\u00fcrsenkel mit durchsichtigen Plastikspitzen\"}]},{\"@type\":\"WebSite\",\"@id\":\"https:\\\/\\\/www.loopkinglaces.com\\\/de\\\/#website\",\"url\":\"https:\\\/\\\/www.loopkinglaces.com\\\/de\\\/\",\"name\":\"Luxury Gold Tip Shoelaces by Loop King Laces\",\"description\":\"Rope Laces, Flat Waxed Laces and Leather Laces. All With Gold Tips.\",\"publisher\":{\"@id\":\"https:\\\/\\\/www.loopkinglaces.com\\\/de\\\/#organization\"},\"potentialAction\":[{\"@type\":\"SearchAction\",\"target\":{\"@type\":\"EntryPoint\",\"urlTemplate\":\"https:\\\/\\\/www.loopkinglaces.com\\\/de\\\/?s={search_term_string}\"},\"query-input\":{\"@type\":\"PropertyValueSpecification\",\"valueRequired\":true,\"valueName\":\"search_term_string\"}}],\"inLanguage\":\"de\"},{\"@type\":\"Organization\",\"@id\":\"https:\\\/\\\/www.loopkinglaces.com\\\/de\\\/#organization\",\"name\":\"Loop King Laces\",\"url\":\"https:\\\/\\\/www.loopkinglaces.com\\\/de\\\/\",\"logo\":{\"@type\":\"ImageObject\",\"inLanguage\":\"de\",\"@id\":\"https:\\\/\\\/www.loopkinglaces.com\\\/de\\\/#\\\/schema\\\/logo\\\/image\\\/\",\"url\":\"https:\\\/\\\/www.loopkinglaces.com\\\/wp-content\\\/uploads\\\/LOOP-KING-LACES.1.1-01-LOGO-HI-RES-OFFICIAL-1.png\",\"contentUrl\":\"https:\\\/\\\/www.loopkinglaces.com\\\/wp-content\\\/uploads\\\/LOOP-KING-LACES.1.1-01-LOGO-HI-RES-OFFICIAL-1.png\",\"width\":128,\"height\":91,\"caption\":\"Loop King Laces\"},\"image\":{\"@id\":\"https:\\\/\\\/www.loopkinglaces.com\\\/de\\\/#\\\/schema\\\/logo\\\/image\\\/\"},\"sameAs\":[\"https:\\\/\\\/www.facebook.com\\\/LoopKingLaces\\\/\",\"https:\\\/\\\/x.com\\\/loopkinglaces\",\"https:\\\/\\\/www.instagram.com\\\/loopkinglaces\\\/\"]}]}<\/script>\n<!-- \/ Yoast SEO plugin. -->","yoast_head_json":{"title":"Elefant Grau Schwarz Zement Schn\u00fcrsenkel mit durchsichtigen Plastikspitzen","description":"Aktualisiere deine Schuhmode m\u00fchelos! Unsere Elephant Grey Black Cement Laces mit durchsichtigen Plastikspitzen verleihen jeder Sneaker-Silhouette den letzten Schliff.","robots":{"index":"index","follow":"follow","max-snippet":"max-snippet:-1","max-image-preview":"max-image-preview:large","max-video-preview":"max-video-preview:-1"},"canonical":"https:\/\/www.loopkinglaces.com\/de\/products\/elefant-grau-schwarz-zement-schnuersenkel-mit-durchsichtigen-plastikspitzen\/","og_locale":"de_DE","og_type":"article","og_title":"Elefant Grau Schwarz Zement Schn\u00fcrsenkel mit durchsichtigen Plastikspitzen","og_description":"Aktualisiere deine Schuhmode m\u00fchelos! Unsere Elephant Grey Black Cement Laces mit durchsichtigen Plastikspitzen verleihen jeder Sneaker-Silhouette den letzten Schliff.","og_url":"https:\/\/www.loopkinglaces.com\/de\/products\/elefant-grau-schwarz-zement-schnuersenkel-mit-durchsichtigen-plastikspitzen\/","og_site_name":"Luxury Gold Tip Shoelaces by Loop King Laces","article_publisher":"https:\/\/www.facebook.com\/LoopKingLaces\/","article_modified_time":"2024-11-04T23:56:42+00:00","og_image":[{"width":2560,"height":2560,"url":"https:\/\/www.loopkinglaces.com\/wp-content\/uploads\/Elephant-Grey-Cement-with-Clear-Tips-scaled.jpg","type":"image\/jpeg"}],"twitter_card":"summary_large_image","twitter_site":"@loopkinglaces","twitter_misc":{"Gesch\u00e4tzte Lesezeit":"1\u00a0Minute"},"schema":{"@context":"https:\/\/schema.org","@graph":[{"@type":["WebPage","ItemPage"],"@id":"https:\/\/www.loopkinglaces.com\/de\/products\/elefant-grau-schwarz-zement-schnuersenkel-mit-durchsichtigen-plastikspitzen\/","url":"https:\/\/www.loopkinglaces.com\/de\/products\/elefant-grau-schwarz-zement-schnuersenkel-mit-durchsichtigen-plastikspitzen\/","name":"Elefant Grau Schwarz Zement Schn\u00fcrsenkel mit durchsichtigen Plastikspitzen","isPartOf":{"@id":"https:\/\/www.loopkinglaces.com\/de\/#website"},"primaryImageOfPage":{"@id":"https:\/\/www.loopkinglaces.com\/de\/products\/elefant-grau-schwarz-zement-schnuersenkel-mit-durchsichtigen-plastikspitzen\/#primaryimage"},"image":{"@id":"https:\/\/www.loopkinglaces.com\/de\/products\/elefant-grau-schwarz-zement-schnuersenkel-mit-durchsichtigen-plastikspitzen\/#primaryimage"},"thumbnailUrl":"https:\/\/www.loopkinglaces.com\/wp-content\/uploads\/Elephant-Grey-Cement-with-Clear-Tips-scaled.jpg","datePublished":"2023-11-01T18:07:59+00:00","dateModified":"2024-11-04T23:56:42+00:00","description":"Aktualisiere deine Schuhmode m\u00fchelos! Unsere Elephant Grey Black Cement Laces mit durchsichtigen Plastikspitzen verleihen jeder Sneaker-Silhouette den letzten Schliff.","breadcrumb":{"@id":"https:\/\/www.loopkinglaces.com\/de\/products\/elefant-grau-schwarz-zement-schnuersenkel-mit-durchsichtigen-plastikspitzen\/#breadcrumb"},"inLanguage":"de","potentialAction":[{"@type":"ReadAction","target":["https:\/\/www.loopkinglaces.com\/de\/products\/elefant-grau-schwarz-zement-schnuersenkel-mit-durchsichtigen-plastikspitzen\/"]}]},{"@type":"ImageObject","inLanguage":"de","@id":"https:\/\/www.loopkinglaces.com\/de\/products\/elefant-grau-schwarz-zement-schnuersenkel-mit-durchsichtigen-plastikspitzen\/#primaryimage","url":"https:\/\/www.loopkinglaces.com\/wp-content\/uploads\/Elephant-Grey-Cement-with-Clear-Tips-scaled.jpg","contentUrl":"https:\/\/www.loopkinglaces.com\/wp-content\/uploads\/Elephant-Grey-Cement-with-Clear-Tips-scaled.jpg","width":2560,"height":2560},{"@type":"BreadcrumbList","@id":"https:\/\/www.loopkinglaces.com\/de\/products\/elefant-grau-schwarz-zement-schnuersenkel-mit-durchsichtigen-plastikspitzen\/#breadcrumb","itemListElement":[{"@type":"ListItem","position":1,"name":"Home","item":"https:\/\/www.loopkinglaces.com\/de\/"},{"@type":"ListItem","position":2,"name":"Shop","item":"https:\/\/www.loopkinglaces.com\/de\/shop\/"},{"@type":"ListItem","position":3,"name":"Elefant Grau Schwarz Zement Schn\u00fcrsenkel mit durchsichtigen Plastikspitzen"}]},{"@type":"WebSite","@id":"https:\/\/www.loopkinglaces.com\/de\/#website","url":"https:\/\/www.loopkinglaces.com\/de\/","name":"Luxury Gold Tip Shoelaces by Loop King Laces","description":"Rope Laces, Flat Waxed Laces and Leather Laces. All With Gold Tips.","publisher":{"@id":"https:\/\/www.loopkinglaces.com\/de\/#organization"},"potentialAction":[{"@type":"SearchAction","target":{"@type":"EntryPoint","urlTemplate":"https:\/\/www.loopkinglaces.com\/de\/?s={search_term_string}"},"query-input":{"@type":"PropertyValueSpecification","valueRequired":true,"valueName":"search_term_string"}}],"inLanguage":"de"},{"@type":"Organization","@id":"https:\/\/www.loopkinglaces.com\/de\/#organization","name":"Loop King Laces","url":"https:\/\/www.loopkinglaces.com\/de\/","logo":{"@type":"ImageObject","inLanguage":"de","@id":"https:\/\/www.loopkinglaces.com\/de\/#\/schema\/logo\/image\/","url":"https:\/\/www.loopkinglaces.com\/wp-content\/uploads\/LOOP-KING-LACES.1.1-01-LOGO-HI-RES-OFFICIAL-1.png","contentUrl":"https:\/\/www.loopkinglaces.com\/wp-content\/uploads\/LOOP-KING-LACES.1.1-01-LOGO-HI-RES-OFFICIAL-1.png","width":128,"height":91,"caption":"Loop King Laces"},"image":{"@id":"https:\/\/www.loopkinglaces.com\/de\/#\/schema\/logo\/image\/"},"sameAs":["https:\/\/www.facebook.com\/LoopKingLaces\/","https:\/\/x.com\/loopkinglaces","https:\/\/www.instagram.com\/loopkinglaces\/"]}]}},"_links":{"self":[{"href":"https:\/\/www.loopkinglaces.com\/de\/wp-json\/wp\/v2\/product\/67798","targetHints":{"allow":["GET"]}}],"collection":[{"href":"https:\/\/www.loopkinglaces.com\/de\/wp-json\/wp\/v2\/product"}],"about":[{"href":"https:\/\/www.loopkinglaces.com\/de\/wp-json\/wp\/v2\/types\/product"}],"replies":[{"embeddable":true,"href":"https:\/\/www.loopkinglaces.com\/de\/wp-json\/wp\/v2\/comments?post=67798"}],"wp:featuredmedia":[{"embeddable":true,"href":"https:\/\/www.loopkinglaces.com\/de\/wp-json\/wp\/v2\/media\/58827"}],"wp:attachment":[{"href":"https:\/\/www.loopkinglaces.com\/de\/wp-json\/wp\/v2\/media?parent=67798"}],"wp:term":[{"taxonomy":"product_brand","embeddable":true,"href":"https:\/\/www.loopkinglaces.com\/de\/wp-json\/wp\/v2\/product_brand?post=67798"},{"taxonomy":"product_cat","embeddable":true,"href":"https:\/\/www.loopkinglaces.com\/de\/wp-json\/wp\/v2\/product_cat?post=67798"},{"taxonomy":"product_tag","embeddable":true,"href":"https:\/\/www.loopkinglaces.com\/de\/wp-json\/wp\/v2\/product_tag?post=67798"},{"taxonomy":"woo-feed-brand","embeddable":true,"href":"https:\/\/www.loopkinglaces.com\/de\/wp-json\/wp\/v2\/woo-feed-brand?post=67798"}],"curies":[{"name":"wp","href":"https:\/\/api.w.org\/{rel}","templated":true}]}}