{"id":67779,"date":"2023-08-25T17:34:22","date_gmt":"2023-08-25T17:34:22","guid":{"rendered":"https:\/\/www.loopkinglaces.com\/products\/die-lace-locks-die-dir-zeit-sparen-und-fabelhaft-aussehen\/"},"modified":"2023-08-25T17:34:22","modified_gmt":"2023-08-25T17:34:22","slug":"die-lace-locks-die-dir-zeit-sparen-und-fabelhaft-aussehen","status":"publish","type":"product","link":"https:\/\/www.loopkinglaces.com\/de\/products\/die-lace-locks-die-dir-zeit-sparen-und-fabelhaft-aussehen\/","title":{"rendered":"Die Lace Locks, die dir Zeit sparen und fabelhaft aussehen!"},"content":{"rendered":"<p><span style=\"font-weight: 400;\">W\u00fcnschst du dir, dass du dir nicht jeden Tag die Schuhe zubinden musst, bevor du dich auf den Weg machst?<\/span><\/p>\n<p><span style=\"font-weight: 400;\">Schau dir unsere hochwertigen goldenen Schn\u00fcrsenkelschl\u00f6sser an.<br \/>\nF\u00e4dle deine Schn\u00fcrsenkel einfach durch das Schloss und ziehe die Vorrichtung nach oben zur Zunge des Schuhs, um die Schn\u00fcrsenkel zu &#8220;arretieren&#8221;.   <\/span><\/p>\n<p><span style=\"font-weight: 400;\">Wenn du fertig bist, ziehst du den Verschluss vorne am Schuh nach unten und kannst deinen Fu\u00df m\u00fchelos herausschieben.  <\/span><\/p>\n<p><span style=\"font-weight: 400;\">Einmal installiert, kannst du deine Schuhe mit einem schnellen Handgriff an- und ausziehen.<br \/>\nDas ist auf jeden Fall besser, als jedes Mal kostbare Zeit damit zu verbringen, die Schuhe zu binden, wenn wir irgendwo hingehen m\u00fcssen.   <\/span><\/p>\n<p><i><span style=\"font-weight: 400;\">Wusstest du, dass der durchschnittliche Mensch <\/span><\/i><b><i>973 Stunden<\/i><\/b><i><span style=\"font-weight: 400;\"> seines Lebens damit verbringt, seine Schuhe zu binden? <\/span><\/i><b>Mit unseren hochwertigen goldenen Schn\u00fcrsenkeln kannst du diese wertvolle Zeit zur\u00fcckgewinnen<\/b><span style=\"font-weight: 400;\">. <\/span> <\/p>\n<p><span style=\"font-weight: 400;\">Unsere goldenen Schn\u00fcrsenkel sparen nicht nur Zeit und sch\u00fctzen deine F\u00fc\u00dfe, sondern sind auch ein echter Hingucker.<br \/>\nSie sind makellos und gl\u00e4nzend und werten jeden Schuh in deinem Kleiderschrank auf.<br \/>\nWenn du dich morgens schneller fertig machen willst und dabei noch gut aussehen willst, sind diese Schn\u00fcrsenkel genau das Richtige f\u00fcr dich.    <\/span><\/p>\n","protected":false},"excerpt":{"rendered":"<p><span style=\"font-weight: 400;\">Unsere Schn\u00fcrsenkelverschl\u00fcsse sorgen daf\u00fcr, dass deine F\u00fc\u00dfe immer gut in deinen Schuhen sitzen.<br \/>\nWenn du die Nase voll hast von Schuhen, die rutschen und nicht richtig sitzen, dann machen unsere Schn\u00fcrsenkelverschl\u00fcsse Schluss damit.   <\/span><\/p>\n<p><span style=\"font-weight: 400;\">Aus diesem Grund sind unsere Spitzenschl\u00f6sser ein Favorit unter <\/span><b>und Sportbegeisterten.<\/b><span style=\"font-weight: 400;\"> <\/span><\/p>\n<p><span style=\"font-weight: 400;\">Die wichtigsten Merkmale sind:<\/span><\/p>\n<ul>\n<li style=\"font-weight: 400;\" aria-level=\"1\"><span style=\"font-weight: 400;\">Hochwertige Materialien, die lange halten<\/span><\/li>\n<li style=\"font-weight: 400;\" aria-level=\"1\"><span style=\"font-weight: 400;\">Einfacher zu schn\u00fcren + versch\u00f6nert deine Schuhe<\/span><\/li>\n<li style=\"font-weight: 400;\" aria-level=\"1\"><span style=\"font-weight: 400;\">22mm x 10mm Gr\u00f6\u00dfe (0,86 in. x 0,39 in.)  <\/span><\/li>\n<li style=\"font-weight: 400;\" aria-level=\"1\"><span style=\"font-weight: 400;\">Funktioniert bei jedem Paar Schn\u00fcrschuhe  <\/span><\/li>\n<\/ul>\n","protected":false},"featured_media":51595,"comment_status":"open","ping_status":"closed","template":"","meta":{"_acf_changed":false},"product_brand":[],"product_cat":[590,856,869,592,760],"product_tag":[],"woo-feed-brand":[],"class_list":{"0":"post-67779","1":"product","2":"type-product","3":"status-publish","4":"has-post-thumbnail","6":"product_cat-all-shoelaces","7":"product_cat-goldene-hoodie-kordelenden-die-die-lebensdauer-deiner-kordeln-verlangern","8":"product_cat-hast-du-jordan-6-lace-locksjetzt-musst-du-deine-schuhe-nicht-mehr-binden","9":"product_cat-schnursenkel-mit-goldspitze","10":"product_cat-umwerfende-jordan-5-schnurverschlusse-machen-das-schuhebinden-uberflussig","12":"first","13":"instock","14":"taxable","15":"shipping-taxable","16":"purchasable","17":"product-type-simple"},"acf":[],"yoast_head":"<!-- This site is optimized with the Yoast SEO plugin v27.4 - https:\/\/yoast.com\/product\/yoast-seo-wordpress\/ -->\n<title>Schn\u00fcrsenkel, mit denen das Schuhebinden der Vergangenheit angeh\u00f6rt<\/title>\n<meta name=\"description\" content=\"Niemand mag es, sich jedes Mal die Schuhe zu binden, wenn er vor die T\u00fcr geht, oder? Warum also nicht diesen m\u00fchsamen Schritt mit unseren hochwertigen goldenen Schn\u00fcrsenkeln vermeiden?\" \/>\n<meta name=\"robots\" content=\"index, follow, max-snippet:-1, max-image-preview:large, max-video-preview:-1\" \/>\n<link rel=\"canonical\" href=\"https:\/\/www.loopkinglaces.com\/de\/products\/die-lace-locks-die-dir-zeit-sparen-und-fabelhaft-aussehen\/\" \/>\n<meta property=\"og:locale\" content=\"de_DE\" \/>\n<meta property=\"og:type\" content=\"article\" \/>\n<meta property=\"og:title\" content=\"Schn\u00fcrsenkel, mit denen das Schuhebinden der Vergangenheit angeh\u00f6rt\" \/>\n<meta property=\"og:description\" content=\"Niemand mag es, sich jedes Mal die Schuhe zu binden, wenn er vor die T\u00fcr geht, oder? Warum also nicht diesen m\u00fchsamen Schritt mit unseren hochwertigen goldenen Schn\u00fcrsenkeln vermeiden?\" \/>\n<meta property=\"og:url\" content=\"https:\/\/www.loopkinglaces.com\/de\/products\/die-lace-locks-die-dir-zeit-sparen-und-fabelhaft-aussehen\/\" \/>\n<meta property=\"og:site_name\" content=\"Luxury Gold Tip Shoelaces by Loop King Laces\" \/>\n<meta property=\"article:publisher\" content=\"https:\/\/www.facebook.com\/LoopKingLaces\/\" \/>\n<meta property=\"og:image\" content=\"https:\/\/www.loopkinglaces.com\/wp-content\/uploads\/IMG_0503-scaled-e1662571713280.jpg\" \/>\n\t<meta property=\"og:image:width\" content=\"1450\" \/>\n\t<meta property=\"og:image:height\" content=\"1040\" \/>\n\t<meta property=\"og:image:type\" content=\"image\/jpeg\" \/>\n<meta name=\"twitter:card\" content=\"summary_large_image\" \/>\n<meta name=\"twitter:site\" content=\"@loopkinglaces\" \/>\n<meta name=\"twitter:label1\" content=\"Gesch\u00e4tzte Lesezeit\" \/>\n\t<meta name=\"twitter:data1\" content=\"1\u00a0Minute\" \/>\n<script type=\"application\/ld+json\" class=\"yoast-schema-graph\">{\"@context\":\"https:\\\/\\\/schema.org\",\"@graph\":[{\"@type\":[\"WebPage\",\"ItemPage\"],\"@id\":\"https:\\\/\\\/www.loopkinglaces.com\\\/de\\\/products\\\/die-lace-locks-die-dir-zeit-sparen-und-fabelhaft-aussehen\\\/\",\"url\":\"https:\\\/\\\/www.loopkinglaces.com\\\/de\\\/products\\\/die-lace-locks-die-dir-zeit-sparen-und-fabelhaft-aussehen\\\/\",\"name\":\"Schn\u00fcrsenkel, mit denen das Schuhebinden der Vergangenheit angeh\u00f6rt\",\"isPartOf\":{\"@id\":\"https:\\\/\\\/www.loopkinglaces.com\\\/de\\\/#website\"},\"primaryImageOfPage\":{\"@id\":\"https:\\\/\\\/www.loopkinglaces.com\\\/de\\\/products\\\/die-lace-locks-die-dir-zeit-sparen-und-fabelhaft-aussehen\\\/#primaryimage\"},\"image\":{\"@id\":\"https:\\\/\\\/www.loopkinglaces.com\\\/de\\\/products\\\/die-lace-locks-die-dir-zeit-sparen-und-fabelhaft-aussehen\\\/#primaryimage\"},\"thumbnailUrl\":\"https:\\\/\\\/www.loopkinglaces.com\\\/wp-content\\\/uploads\\\/IMG_0503-scaled-e1662571713280.jpg\",\"datePublished\":\"2023-08-25T17:34:22+00:00\",\"description\":\"Niemand mag es, sich jedes Mal die Schuhe zu binden, wenn er vor die T\u00fcr geht, oder? Warum also nicht diesen m\u00fchsamen Schritt mit unseren hochwertigen goldenen Schn\u00fcrsenkeln vermeiden?\",\"breadcrumb\":{\"@id\":\"https:\\\/\\\/www.loopkinglaces.com\\\/de\\\/products\\\/die-lace-locks-die-dir-zeit-sparen-und-fabelhaft-aussehen\\\/#breadcrumb\"},\"inLanguage\":\"de\",\"potentialAction\":[{\"@type\":\"ReadAction\",\"target\":[\"https:\\\/\\\/www.loopkinglaces.com\\\/de\\\/products\\\/die-lace-locks-die-dir-zeit-sparen-und-fabelhaft-aussehen\\\/\"]}]},{\"@type\":\"ImageObject\",\"inLanguage\":\"de\",\"@id\":\"https:\\\/\\\/www.loopkinglaces.com\\\/de\\\/products\\\/die-lace-locks-die-dir-zeit-sparen-und-fabelhaft-aussehen\\\/#primaryimage\",\"url\":\"https:\\\/\\\/www.loopkinglaces.com\\\/wp-content\\\/uploads\\\/IMG_0503-scaled-e1662571713280.jpg\",\"contentUrl\":\"https:\\\/\\\/www.loopkinglaces.com\\\/wp-content\\\/uploads\\\/IMG_0503-scaled-e1662571713280.jpg\",\"width\":1450,\"height\":1040,\"caption\":\"A pair of LoopKing lace locks.\"},{\"@type\":\"BreadcrumbList\",\"@id\":\"https:\\\/\\\/www.loopkinglaces.com\\\/de\\\/products\\\/die-lace-locks-die-dir-zeit-sparen-und-fabelhaft-aussehen\\\/#breadcrumb\",\"itemListElement\":[{\"@type\":\"ListItem\",\"position\":1,\"name\":\"Home\",\"item\":\"https:\\\/\\\/www.loopkinglaces.com\\\/de\\\/\"},{\"@type\":\"ListItem\",\"position\":2,\"name\":\"Shop\",\"item\":\"https:\\\/\\\/www.loopkinglaces.com\\\/de\\\/shop\\\/\"},{\"@type\":\"ListItem\",\"position\":3,\"name\":\"Die Lace Locks, die dir Zeit sparen und fabelhaft aussehen!\"}]},{\"@type\":\"WebSite\",\"@id\":\"https:\\\/\\\/www.loopkinglaces.com\\\/de\\\/#website\",\"url\":\"https:\\\/\\\/www.loopkinglaces.com\\\/de\\\/\",\"name\":\"Luxury Gold Tip Shoelaces by Loop King Laces\",\"description\":\"Rope Laces, Flat Waxed Laces and Leather Laces. All With Gold Tips.\",\"publisher\":{\"@id\":\"https:\\\/\\\/www.loopkinglaces.com\\\/de\\\/#organization\"},\"potentialAction\":[{\"@type\":\"SearchAction\",\"target\":{\"@type\":\"EntryPoint\",\"urlTemplate\":\"https:\\\/\\\/www.loopkinglaces.com\\\/de\\\/?s={search_term_string}\"},\"query-input\":{\"@type\":\"PropertyValueSpecification\",\"valueRequired\":true,\"valueName\":\"search_term_string\"}}],\"inLanguage\":\"de\"},{\"@type\":\"Organization\",\"@id\":\"https:\\\/\\\/www.loopkinglaces.com\\\/de\\\/#organization\",\"name\":\"Loop King Laces\",\"url\":\"https:\\\/\\\/www.loopkinglaces.com\\\/de\\\/\",\"logo\":{\"@type\":\"ImageObject\",\"inLanguage\":\"de\",\"@id\":\"https:\\\/\\\/www.loopkinglaces.com\\\/de\\\/#\\\/schema\\\/logo\\\/image\\\/\",\"url\":\"https:\\\/\\\/www.loopkinglaces.com\\\/wp-content\\\/uploads\\\/LOOP-KING-LACES.1.1-01-LOGO-HI-RES-OFFICIAL-1.png\",\"contentUrl\":\"https:\\\/\\\/www.loopkinglaces.com\\\/wp-content\\\/uploads\\\/LOOP-KING-LACES.1.1-01-LOGO-HI-RES-OFFICIAL-1.png\",\"width\":128,\"height\":91,\"caption\":\"Loop King Laces\"},\"image\":{\"@id\":\"https:\\\/\\\/www.loopkinglaces.com\\\/de\\\/#\\\/schema\\\/logo\\\/image\\\/\"},\"sameAs\":[\"https:\\\/\\\/www.facebook.com\\\/LoopKingLaces\\\/\",\"https:\\\/\\\/x.com\\\/loopkinglaces\",\"https:\\\/\\\/www.instagram.com\\\/loopkinglaces\\\/\"]}]}<\/script>\n<!-- \/ Yoast SEO plugin. -->","yoast_head_json":{"title":"Schn\u00fcrsenkel, mit denen das Schuhebinden der Vergangenheit angeh\u00f6rt","description":"Niemand mag es, sich jedes Mal die Schuhe zu binden, wenn er vor die T\u00fcr geht, oder? Warum also nicht diesen m\u00fchsamen Schritt mit unseren hochwertigen goldenen Schn\u00fcrsenkeln vermeiden?","robots":{"index":"index","follow":"follow","max-snippet":"max-snippet:-1","max-image-preview":"max-image-preview:large","max-video-preview":"max-video-preview:-1"},"canonical":"https:\/\/www.loopkinglaces.com\/de\/products\/die-lace-locks-die-dir-zeit-sparen-und-fabelhaft-aussehen\/","og_locale":"de_DE","og_type":"article","og_title":"Schn\u00fcrsenkel, mit denen das Schuhebinden der Vergangenheit angeh\u00f6rt","og_description":"Niemand mag es, sich jedes Mal die Schuhe zu binden, wenn er vor die T\u00fcr geht, oder? Warum also nicht diesen m\u00fchsamen Schritt mit unseren hochwertigen goldenen Schn\u00fcrsenkeln vermeiden?","og_url":"https:\/\/www.loopkinglaces.com\/de\/products\/die-lace-locks-die-dir-zeit-sparen-und-fabelhaft-aussehen\/","og_site_name":"Luxury Gold Tip Shoelaces by Loop King Laces","article_publisher":"https:\/\/www.facebook.com\/LoopKingLaces\/","og_image":[{"width":1450,"height":1040,"url":"https:\/\/www.loopkinglaces.com\/wp-content\/uploads\/IMG_0503-scaled-e1662571713280.jpg","type":"image\/jpeg"}],"twitter_card":"summary_large_image","twitter_site":"@loopkinglaces","twitter_misc":{"Gesch\u00e4tzte Lesezeit":"1\u00a0Minute"},"schema":{"@context":"https:\/\/schema.org","@graph":[{"@type":["WebPage","ItemPage"],"@id":"https:\/\/www.loopkinglaces.com\/de\/products\/die-lace-locks-die-dir-zeit-sparen-und-fabelhaft-aussehen\/","url":"https:\/\/www.loopkinglaces.com\/de\/products\/die-lace-locks-die-dir-zeit-sparen-und-fabelhaft-aussehen\/","name":"Schn\u00fcrsenkel, mit denen das Schuhebinden der Vergangenheit angeh\u00f6rt","isPartOf":{"@id":"https:\/\/www.loopkinglaces.com\/de\/#website"},"primaryImageOfPage":{"@id":"https:\/\/www.loopkinglaces.com\/de\/products\/die-lace-locks-die-dir-zeit-sparen-und-fabelhaft-aussehen\/#primaryimage"},"image":{"@id":"https:\/\/www.loopkinglaces.com\/de\/products\/die-lace-locks-die-dir-zeit-sparen-und-fabelhaft-aussehen\/#primaryimage"},"thumbnailUrl":"https:\/\/www.loopkinglaces.com\/wp-content\/uploads\/IMG_0503-scaled-e1662571713280.jpg","datePublished":"2023-08-25T17:34:22+00:00","description":"Niemand mag es, sich jedes Mal die Schuhe zu binden, wenn er vor die T\u00fcr geht, oder? Warum also nicht diesen m\u00fchsamen Schritt mit unseren hochwertigen goldenen Schn\u00fcrsenkeln vermeiden?","breadcrumb":{"@id":"https:\/\/www.loopkinglaces.com\/de\/products\/die-lace-locks-die-dir-zeit-sparen-und-fabelhaft-aussehen\/#breadcrumb"},"inLanguage":"de","potentialAction":[{"@type":"ReadAction","target":["https:\/\/www.loopkinglaces.com\/de\/products\/die-lace-locks-die-dir-zeit-sparen-und-fabelhaft-aussehen\/"]}]},{"@type":"ImageObject","inLanguage":"de","@id":"https:\/\/www.loopkinglaces.com\/de\/products\/die-lace-locks-die-dir-zeit-sparen-und-fabelhaft-aussehen\/#primaryimage","url":"https:\/\/www.loopkinglaces.com\/wp-content\/uploads\/IMG_0503-scaled-e1662571713280.jpg","contentUrl":"https:\/\/www.loopkinglaces.com\/wp-content\/uploads\/IMG_0503-scaled-e1662571713280.jpg","width":1450,"height":1040,"caption":"A pair of LoopKing lace locks."},{"@type":"BreadcrumbList","@id":"https:\/\/www.loopkinglaces.com\/de\/products\/die-lace-locks-die-dir-zeit-sparen-und-fabelhaft-aussehen\/#breadcrumb","itemListElement":[{"@type":"ListItem","position":1,"name":"Home","item":"https:\/\/www.loopkinglaces.com\/de\/"},{"@type":"ListItem","position":2,"name":"Shop","item":"https:\/\/www.loopkinglaces.com\/de\/shop\/"},{"@type":"ListItem","position":3,"name":"Die Lace Locks, die dir Zeit sparen und fabelhaft aussehen!"}]},{"@type":"WebSite","@id":"https:\/\/www.loopkinglaces.com\/de\/#website","url":"https:\/\/www.loopkinglaces.com\/de\/","name":"Luxury Gold Tip Shoelaces by Loop King Laces","description":"Rope Laces, Flat Waxed Laces and Leather Laces. All With Gold Tips.","publisher":{"@id":"https:\/\/www.loopkinglaces.com\/de\/#organization"},"potentialAction":[{"@type":"SearchAction","target":{"@type":"EntryPoint","urlTemplate":"https:\/\/www.loopkinglaces.com\/de\/?s={search_term_string}"},"query-input":{"@type":"PropertyValueSpecification","valueRequired":true,"valueName":"search_term_string"}}],"inLanguage":"de"},{"@type":"Organization","@id":"https:\/\/www.loopkinglaces.com\/de\/#organization","name":"Loop King Laces","url":"https:\/\/www.loopkinglaces.com\/de\/","logo":{"@type":"ImageObject","inLanguage":"de","@id":"https:\/\/www.loopkinglaces.com\/de\/#\/schema\/logo\/image\/","url":"https:\/\/www.loopkinglaces.com\/wp-content\/uploads\/LOOP-KING-LACES.1.1-01-LOGO-HI-RES-OFFICIAL-1.png","contentUrl":"https:\/\/www.loopkinglaces.com\/wp-content\/uploads\/LOOP-KING-LACES.1.1-01-LOGO-HI-RES-OFFICIAL-1.png","width":128,"height":91,"caption":"Loop King Laces"},"image":{"@id":"https:\/\/www.loopkinglaces.com\/de\/#\/schema\/logo\/image\/"},"sameAs":["https:\/\/www.facebook.com\/LoopKingLaces\/","https:\/\/x.com\/loopkinglaces","https:\/\/www.instagram.com\/loopkinglaces\/"]}]}},"_links":{"self":[{"href":"https:\/\/www.loopkinglaces.com\/de\/wp-json\/wp\/v2\/product\/67779","targetHints":{"allow":["GET"]}}],"collection":[{"href":"https:\/\/www.loopkinglaces.com\/de\/wp-json\/wp\/v2\/product"}],"about":[{"href":"https:\/\/www.loopkinglaces.com\/de\/wp-json\/wp\/v2\/types\/product"}],"replies":[{"embeddable":true,"href":"https:\/\/www.loopkinglaces.com\/de\/wp-json\/wp\/v2\/comments?post=67779"}],"wp:featuredmedia":[{"embeddable":true,"href":"https:\/\/www.loopkinglaces.com\/de\/wp-json\/wp\/v2\/media\/51595"}],"wp:attachment":[{"href":"https:\/\/www.loopkinglaces.com\/de\/wp-json\/wp\/v2\/media?parent=67779"}],"wp:term":[{"taxonomy":"product_brand","embeddable":true,"href":"https:\/\/www.loopkinglaces.com\/de\/wp-json\/wp\/v2\/product_brand?post=67779"},{"taxonomy":"product_cat","embeddable":true,"href":"https:\/\/www.loopkinglaces.com\/de\/wp-json\/wp\/v2\/product_cat?post=67779"},{"taxonomy":"product_tag","embeddable":true,"href":"https:\/\/www.loopkinglaces.com\/de\/wp-json\/wp\/v2\/product_tag?post=67779"},{"taxonomy":"woo-feed-brand","embeddable":true,"href":"https:\/\/www.loopkinglaces.com\/de\/wp-json\/wp\/v2\/woo-feed-brand?post=67779"}],"curies":[{"name":"wp","href":"https:\/\/api.w.org\/{rel}","templated":true}]}}