{"id":67735,"date":"2023-08-03T18:07:54","date_gmt":"2023-08-03T18:07:54","guid":{"rendered":"https:\/\/www.loopkinglaces.com\/products\/schattengraue-flache-baumwollschnuersenkel-mit-durchsichtigen-plastikspitzen\/"},"modified":"2024-11-05T23:43:51","modified_gmt":"2024-11-05T23:43:51","slug":"schattengraue-flache-baumwollschnuersenkel-mit-durchsichtigen-plastikspitzen","status":"publish","type":"product","link":"https:\/\/www.loopkinglaces.com\/de\/products\/schattengraue-flache-baumwollschnuersenkel-mit-durchsichtigen-plastikspitzen\/","title":{"rendered":"Schattengraue flache Baumwollschn\u00fcrsenkel mit durchsichtigen Plastikspitzen"},"content":{"rendered":"<p>Mit unseren innovativen flachen Baumwollschn\u00fcrsenkeln ist die Zukunft des Stils eingel\u00e4utet!<br \/>\nMit ihren schicken Kunststoffspitzen und der hochwertigen, weichen Baumwolle verleihen sie deinen Lieblingsstiefeln oder -schuhen einen Hauch von m\u00fcheloser Eleganz.<br \/>\nDank ihrer Austauschbarkeit f\u00fcr verschiedene Marken bist du immer bereit, mit modischen Schuhen durchzustarten.<\/p>\n","protected":false},"excerpt":{"rendered":"<p><strong>Flache Baumwollschn\u00fcrsenkel mit durchsichtigen Kunststoffspitzen<\/strong> In unseren revolution\u00e4ren flachen Baumwollschn\u00fcrsenkeln steckt die Zukunft der Schuh\u00e4sthetik!<br \/>\nDie flachen Baumwollschn\u00fcrsenkel mit den eleganten Kunststoffspitzen sind aus hochwertiger, weicher Baumwolle gefertigt und verleihen jedem Schuh einen m\u00fchelos eleganten Touch.<br \/>\nDank ihrer universellen Kompatibilit\u00e4t bist du nicht mehr an einen bestimmten Stil gebunden &#8211; du kannst dich mit Leichtigkeit modisch bewegen!<br \/>\nDie wichtigsten Merkmale sind:<\/p>\n<ul>\n<li style=\"font-weight: 400;\" aria-level=\"1\">Hochwertige Materialien<\/li>\n<li style=\"font-weight: 400;\" aria-level=\"1\">Versiegelte &amp; atemberaubende Verpackung<\/li>\n<li style=\"font-weight: 400;\" aria-level=\"1\">In verschiedene L\u00e4ngen verf\u00fcgbar<\/li>\n<li style=\"font-weight: 400;\" aria-level=\"1\">Passend f\u00fcr alle gro\u00dfen Marken (Nike, Adidas, Reebok, Converse, Vans)<\/li>\n<li style=\"font-weight: 400;\" aria-level=\"1\">Durchsichtige Plastikspitzen<\/li>\n<\/ul>\n","protected":false},"featured_media":58705,"comment_status":"open","ping_status":"closed","template":"","meta":{"_acf_changed":false},"product_brand":[],"product_cat":[595,590,627,713,714,718,749,628,742,746,804,758,789,767,769,593,594,760,780],"product_tag":[781,783,635,638,738,734,636,782],"woo-feed-brand":[],"class_list":{"0":"post-67735","1":"product","2":"type-product","3":"status-publish","4":"has-post-thumbnail","6":"product_cat-adidas-shoelaces-for-ultraboost-superior-laces","7":"product_cat-all-shoelaces","8":"product_cat-burberry-shoe-laces-that-will-upgrade-your-footwear","9":"product_cat-chunky-laces-the-unsung-heroes-of-shoe-fashion","10":"product_cat-gray-shoe-laces-de","11":"product_cat-colored-boot-laces-de","12":"product_cat-die-suche-nach-den-perfekten-60-zoll-schuhbandern-ein-abenteuer-in-der-realen-welt","13":"product_cat-elite-dallas-cowboys-shoe-laces-to-support-your-favorite-team-with-style","14":"product_cat-gucci-schnursenkel-sind-genauso-luxurios-wie-deine-schuhe","15":"product_cat-keen-schnursenkel-die-kunst-von-schwarz-und-grau-beherrschen","16":"product_cat-merrell-schnursenkel-hassliebe","17":"product_cat-modische-farbige-schnursenkel-fur-turnschuhe","18":"product_cat-phanomenale-yeezy-schnursenkel-styles-zur-auswahl","19":"product_cat-premium-baumwollschnursenkel-die-andere-marken-in-jeder-hinsicht-ubertreffen","20":"product_cat-rick-owens-schnursenkel-der-unerwartete-held-der-mode","21":"product_cat-stan-smith-laces-fancy-and-trendy","22":"product_cat-stylish-nike-air-force-1-laces-to-impress","23":"product_cat-umwerfende-jordan-5-schnurverschlusse-machen-das-schuhebinden-uberflussig","24":"product_cat-union-laces-verschonere-deinen-union-jordan-1","25":"product_tag-flach-gewachst","26":"product_tag-gewachst","27":"product_tag-loop-king-de","28":"product_tag-metal-tip-de","29":"product_tag-schnursenkel-mit-goldspitze","30":"product_tag-schwarz","31":"product_tag-shoelaces-de","32":"product_tag-wohnung","34":"first","35":"instock","36":"taxable","37":"shipping-taxable","38":"purchasable","39":"product-type-variable"},"acf":[],"yoast_head":"<!-- This site is optimized with the Yoast SEO plugin v27.4 - https:\/\/yoast.com\/product\/yoast-seo-wordpress\/ -->\n<title>Schattengraue flache Baumwollschn\u00fcrsenkel mit durchsichtigen Plastikspitzen<\/title>\n<meta name=\"description\" content=\"Mit unseren flachen Baumwollschn\u00fcrsenkeln kannst du deinen Stil aufpeppen - eine nahtlose Verschmelzung von auff\u00e4lliger Mode und h\u00f6chster Widerstandsf\u00e4higkeit unter Verwendung von hochwertigen Materialien.\" \/>\n<meta name=\"robots\" content=\"index, follow, max-snippet:-1, max-image-preview:large, max-video-preview:-1\" \/>\n<link rel=\"canonical\" href=\"https:\/\/www.loopkinglaces.com\/de\/products\/schattengraue-flache-baumwollschnuersenkel-mit-durchsichtigen-plastikspitzen\/\" \/>\n<meta property=\"og:locale\" content=\"de_DE\" \/>\n<meta property=\"og:type\" content=\"article\" \/>\n<meta property=\"og:title\" content=\"Schattengraue flache Baumwollschn\u00fcrsenkel mit durchsichtigen Plastikspitzen\" \/>\n<meta property=\"og:description\" content=\"Mit unseren flachen Baumwollschn\u00fcrsenkeln kannst du deinen Stil aufpeppen - eine nahtlose Verschmelzung von auff\u00e4lliger Mode und h\u00f6chster Widerstandsf\u00e4higkeit unter Verwendung von hochwertigen Materialien.\" \/>\n<meta property=\"og:url\" content=\"https:\/\/www.loopkinglaces.com\/de\/products\/schattengraue-flache-baumwollschnuersenkel-mit-durchsichtigen-plastikspitzen\/\" \/>\n<meta property=\"og:site_name\" content=\"Luxury Gold Tip Shoelaces by Loop King Laces\" \/>\n<meta property=\"article:publisher\" content=\"https:\/\/www.facebook.com\/LoopKingLaces\/\" \/>\n<meta property=\"article:modified_time\" content=\"2024-11-05T23:43:51+00:00\" \/>\n<meta property=\"og:image\" content=\"https:\/\/www.loopkinglaces.com\/wp-content\/uploads\/IMG_1047.jpg\" \/>\n\t<meta property=\"og:image:width\" content=\"800\" \/>\n\t<meta property=\"og:image:height\" content=\"800\" \/>\n\t<meta property=\"og:image:type\" content=\"image\/jpeg\" \/>\n<meta name=\"twitter:card\" content=\"summary_large_image\" \/>\n<meta name=\"twitter:site\" content=\"@loopkinglaces\" \/>\n<meta name=\"twitter:label1\" content=\"Gesch\u00e4tzte Lesezeit\" \/>\n\t<meta name=\"twitter:data1\" content=\"1\u00a0Minute\" \/>\n<script type=\"application\/ld+json\" class=\"yoast-schema-graph\">{\"@context\":\"https:\\\/\\\/schema.org\",\"@graph\":[{\"@type\":[\"WebPage\",\"ItemPage\"],\"@id\":\"https:\\\/\\\/www.loopkinglaces.com\\\/de\\\/products\\\/schattengraue-flache-baumwollschnuersenkel-mit-durchsichtigen-plastikspitzen\\\/\",\"url\":\"https:\\\/\\\/www.loopkinglaces.com\\\/de\\\/products\\\/schattengraue-flache-baumwollschnuersenkel-mit-durchsichtigen-plastikspitzen\\\/\",\"name\":\"Schattengraue flache Baumwollschn\u00fcrsenkel mit durchsichtigen Plastikspitzen\",\"isPartOf\":{\"@id\":\"https:\\\/\\\/www.loopkinglaces.com\\\/de\\\/#website\"},\"primaryImageOfPage\":{\"@id\":\"https:\\\/\\\/www.loopkinglaces.com\\\/de\\\/products\\\/schattengraue-flache-baumwollschnuersenkel-mit-durchsichtigen-plastikspitzen\\\/#primaryimage\"},\"image\":{\"@id\":\"https:\\\/\\\/www.loopkinglaces.com\\\/de\\\/products\\\/schattengraue-flache-baumwollschnuersenkel-mit-durchsichtigen-plastikspitzen\\\/#primaryimage\"},\"thumbnailUrl\":\"https:\\\/\\\/www.loopkinglaces.com\\\/wp-content\\\/uploads\\\/IMG_1047.jpg\",\"datePublished\":\"2023-08-03T18:07:54+00:00\",\"dateModified\":\"2024-11-05T23:43:51+00:00\",\"description\":\"Mit unseren flachen Baumwollschn\u00fcrsenkeln kannst du deinen Stil aufpeppen - eine nahtlose Verschmelzung von auff\u00e4lliger Mode und h\u00f6chster Widerstandsf\u00e4higkeit unter Verwendung von hochwertigen Materialien.\",\"breadcrumb\":{\"@id\":\"https:\\\/\\\/www.loopkinglaces.com\\\/de\\\/products\\\/schattengraue-flache-baumwollschnuersenkel-mit-durchsichtigen-plastikspitzen\\\/#breadcrumb\"},\"inLanguage\":\"de\",\"potentialAction\":[{\"@type\":\"ReadAction\",\"target\":[\"https:\\\/\\\/www.loopkinglaces.com\\\/de\\\/products\\\/schattengraue-flache-baumwollschnuersenkel-mit-durchsichtigen-plastikspitzen\\\/\"]}]},{\"@type\":\"ImageObject\",\"inLanguage\":\"de\",\"@id\":\"https:\\\/\\\/www.loopkinglaces.com\\\/de\\\/products\\\/schattengraue-flache-baumwollschnuersenkel-mit-durchsichtigen-plastikspitzen\\\/#primaryimage\",\"url\":\"https:\\\/\\\/www.loopkinglaces.com\\\/wp-content\\\/uploads\\\/IMG_1047.jpg\",\"contentUrl\":\"https:\\\/\\\/www.loopkinglaces.com\\\/wp-content\\\/uploads\\\/IMG_1047.jpg\",\"width\":800,\"height\":800},{\"@type\":\"BreadcrumbList\",\"@id\":\"https:\\\/\\\/www.loopkinglaces.com\\\/de\\\/products\\\/schattengraue-flache-baumwollschnuersenkel-mit-durchsichtigen-plastikspitzen\\\/#breadcrumb\",\"itemListElement\":[{\"@type\":\"ListItem\",\"position\":1,\"name\":\"Home\",\"item\":\"https:\\\/\\\/www.loopkinglaces.com\\\/de\\\/\"},{\"@type\":\"ListItem\",\"position\":2,\"name\":\"Shop\",\"item\":\"https:\\\/\\\/www.loopkinglaces.com\\\/de\\\/shop\\\/\"},{\"@type\":\"ListItem\",\"position\":3,\"name\":\"Schattengraue flache Baumwollschn\u00fcrsenkel mit durchsichtigen Plastikspitzen\"}]},{\"@type\":\"WebSite\",\"@id\":\"https:\\\/\\\/www.loopkinglaces.com\\\/de\\\/#website\",\"url\":\"https:\\\/\\\/www.loopkinglaces.com\\\/de\\\/\",\"name\":\"Luxury Gold Tip Shoelaces by Loop King Laces\",\"description\":\"Rope Laces, Flat Waxed Laces and Leather Laces. All With Gold Tips.\",\"publisher\":{\"@id\":\"https:\\\/\\\/www.loopkinglaces.com\\\/de\\\/#organization\"},\"potentialAction\":[{\"@type\":\"SearchAction\",\"target\":{\"@type\":\"EntryPoint\",\"urlTemplate\":\"https:\\\/\\\/www.loopkinglaces.com\\\/de\\\/?s={search_term_string}\"},\"query-input\":{\"@type\":\"PropertyValueSpecification\",\"valueRequired\":true,\"valueName\":\"search_term_string\"}}],\"inLanguage\":\"de\"},{\"@type\":\"Organization\",\"@id\":\"https:\\\/\\\/www.loopkinglaces.com\\\/de\\\/#organization\",\"name\":\"Loop King Laces\",\"url\":\"https:\\\/\\\/www.loopkinglaces.com\\\/de\\\/\",\"logo\":{\"@type\":\"ImageObject\",\"inLanguage\":\"de\",\"@id\":\"https:\\\/\\\/www.loopkinglaces.com\\\/de\\\/#\\\/schema\\\/logo\\\/image\\\/\",\"url\":\"https:\\\/\\\/www.loopkinglaces.com\\\/wp-content\\\/uploads\\\/LOOP-KING-LACES.1.1-01-LOGO-HI-RES-OFFICIAL-1.png\",\"contentUrl\":\"https:\\\/\\\/www.loopkinglaces.com\\\/wp-content\\\/uploads\\\/LOOP-KING-LACES.1.1-01-LOGO-HI-RES-OFFICIAL-1.png\",\"width\":128,\"height\":91,\"caption\":\"Loop King Laces\"},\"image\":{\"@id\":\"https:\\\/\\\/www.loopkinglaces.com\\\/de\\\/#\\\/schema\\\/logo\\\/image\\\/\"},\"sameAs\":[\"https:\\\/\\\/www.facebook.com\\\/LoopKingLaces\\\/\",\"https:\\\/\\\/x.com\\\/loopkinglaces\",\"https:\\\/\\\/www.instagram.com\\\/loopkinglaces\\\/\"]}]}<\/script>\n<!-- \/ Yoast SEO plugin. -->","yoast_head_json":{"title":"Schattengraue flache Baumwollschn\u00fcrsenkel mit durchsichtigen Plastikspitzen","description":"Mit unseren flachen Baumwollschn\u00fcrsenkeln kannst du deinen Stil aufpeppen - eine nahtlose Verschmelzung von auff\u00e4lliger Mode und h\u00f6chster Widerstandsf\u00e4higkeit unter Verwendung von hochwertigen Materialien.","robots":{"index":"index","follow":"follow","max-snippet":"max-snippet:-1","max-image-preview":"max-image-preview:large","max-video-preview":"max-video-preview:-1"},"canonical":"https:\/\/www.loopkinglaces.com\/de\/products\/schattengraue-flache-baumwollschnuersenkel-mit-durchsichtigen-plastikspitzen\/","og_locale":"de_DE","og_type":"article","og_title":"Schattengraue flache Baumwollschn\u00fcrsenkel mit durchsichtigen Plastikspitzen","og_description":"Mit unseren flachen Baumwollschn\u00fcrsenkeln kannst du deinen Stil aufpeppen - eine nahtlose Verschmelzung von auff\u00e4lliger Mode und h\u00f6chster Widerstandsf\u00e4higkeit unter Verwendung von hochwertigen Materialien.","og_url":"https:\/\/www.loopkinglaces.com\/de\/products\/schattengraue-flache-baumwollschnuersenkel-mit-durchsichtigen-plastikspitzen\/","og_site_name":"Luxury Gold Tip Shoelaces by Loop King Laces","article_publisher":"https:\/\/www.facebook.com\/LoopKingLaces\/","article_modified_time":"2024-11-05T23:43:51+00:00","og_image":[{"width":800,"height":800,"url":"https:\/\/www.loopkinglaces.com\/wp-content\/uploads\/IMG_1047.jpg","type":"image\/jpeg"}],"twitter_card":"summary_large_image","twitter_site":"@loopkinglaces","twitter_misc":{"Gesch\u00e4tzte Lesezeit":"1\u00a0Minute"},"schema":{"@context":"https:\/\/schema.org","@graph":[{"@type":["WebPage","ItemPage"],"@id":"https:\/\/www.loopkinglaces.com\/de\/products\/schattengraue-flache-baumwollschnuersenkel-mit-durchsichtigen-plastikspitzen\/","url":"https:\/\/www.loopkinglaces.com\/de\/products\/schattengraue-flache-baumwollschnuersenkel-mit-durchsichtigen-plastikspitzen\/","name":"Schattengraue flache Baumwollschn\u00fcrsenkel mit durchsichtigen Plastikspitzen","isPartOf":{"@id":"https:\/\/www.loopkinglaces.com\/de\/#website"},"primaryImageOfPage":{"@id":"https:\/\/www.loopkinglaces.com\/de\/products\/schattengraue-flache-baumwollschnuersenkel-mit-durchsichtigen-plastikspitzen\/#primaryimage"},"image":{"@id":"https:\/\/www.loopkinglaces.com\/de\/products\/schattengraue-flache-baumwollschnuersenkel-mit-durchsichtigen-plastikspitzen\/#primaryimage"},"thumbnailUrl":"https:\/\/www.loopkinglaces.com\/wp-content\/uploads\/IMG_1047.jpg","datePublished":"2023-08-03T18:07:54+00:00","dateModified":"2024-11-05T23:43:51+00:00","description":"Mit unseren flachen Baumwollschn\u00fcrsenkeln kannst du deinen Stil aufpeppen - eine nahtlose Verschmelzung von auff\u00e4lliger Mode und h\u00f6chster Widerstandsf\u00e4higkeit unter Verwendung von hochwertigen Materialien.","breadcrumb":{"@id":"https:\/\/www.loopkinglaces.com\/de\/products\/schattengraue-flache-baumwollschnuersenkel-mit-durchsichtigen-plastikspitzen\/#breadcrumb"},"inLanguage":"de","potentialAction":[{"@type":"ReadAction","target":["https:\/\/www.loopkinglaces.com\/de\/products\/schattengraue-flache-baumwollschnuersenkel-mit-durchsichtigen-plastikspitzen\/"]}]},{"@type":"ImageObject","inLanguage":"de","@id":"https:\/\/www.loopkinglaces.com\/de\/products\/schattengraue-flache-baumwollschnuersenkel-mit-durchsichtigen-plastikspitzen\/#primaryimage","url":"https:\/\/www.loopkinglaces.com\/wp-content\/uploads\/IMG_1047.jpg","contentUrl":"https:\/\/www.loopkinglaces.com\/wp-content\/uploads\/IMG_1047.jpg","width":800,"height":800},{"@type":"BreadcrumbList","@id":"https:\/\/www.loopkinglaces.com\/de\/products\/schattengraue-flache-baumwollschnuersenkel-mit-durchsichtigen-plastikspitzen\/#breadcrumb","itemListElement":[{"@type":"ListItem","position":1,"name":"Home","item":"https:\/\/www.loopkinglaces.com\/de\/"},{"@type":"ListItem","position":2,"name":"Shop","item":"https:\/\/www.loopkinglaces.com\/de\/shop\/"},{"@type":"ListItem","position":3,"name":"Schattengraue flache Baumwollschn\u00fcrsenkel mit durchsichtigen Plastikspitzen"}]},{"@type":"WebSite","@id":"https:\/\/www.loopkinglaces.com\/de\/#website","url":"https:\/\/www.loopkinglaces.com\/de\/","name":"Luxury Gold Tip Shoelaces by Loop King Laces","description":"Rope Laces, Flat Waxed Laces and Leather Laces. All With Gold Tips.","publisher":{"@id":"https:\/\/www.loopkinglaces.com\/de\/#organization"},"potentialAction":[{"@type":"SearchAction","target":{"@type":"EntryPoint","urlTemplate":"https:\/\/www.loopkinglaces.com\/de\/?s={search_term_string}"},"query-input":{"@type":"PropertyValueSpecification","valueRequired":true,"valueName":"search_term_string"}}],"inLanguage":"de"},{"@type":"Organization","@id":"https:\/\/www.loopkinglaces.com\/de\/#organization","name":"Loop King Laces","url":"https:\/\/www.loopkinglaces.com\/de\/","logo":{"@type":"ImageObject","inLanguage":"de","@id":"https:\/\/www.loopkinglaces.com\/de\/#\/schema\/logo\/image\/","url":"https:\/\/www.loopkinglaces.com\/wp-content\/uploads\/LOOP-KING-LACES.1.1-01-LOGO-HI-RES-OFFICIAL-1.png","contentUrl":"https:\/\/www.loopkinglaces.com\/wp-content\/uploads\/LOOP-KING-LACES.1.1-01-LOGO-HI-RES-OFFICIAL-1.png","width":128,"height":91,"caption":"Loop King Laces"},"image":{"@id":"https:\/\/www.loopkinglaces.com\/de\/#\/schema\/logo\/image\/"},"sameAs":["https:\/\/www.facebook.com\/LoopKingLaces\/","https:\/\/x.com\/loopkinglaces","https:\/\/www.instagram.com\/loopkinglaces\/"]}]}},"_links":{"self":[{"href":"https:\/\/www.loopkinglaces.com\/de\/wp-json\/wp\/v2\/product\/67735","targetHints":{"allow":["GET"]}}],"collection":[{"href":"https:\/\/www.loopkinglaces.com\/de\/wp-json\/wp\/v2\/product"}],"about":[{"href":"https:\/\/www.loopkinglaces.com\/de\/wp-json\/wp\/v2\/types\/product"}],"replies":[{"embeddable":true,"href":"https:\/\/www.loopkinglaces.com\/de\/wp-json\/wp\/v2\/comments?post=67735"}],"wp:featuredmedia":[{"embeddable":true,"href":"https:\/\/www.loopkinglaces.com\/de\/wp-json\/wp\/v2\/media\/58705"}],"wp:attachment":[{"href":"https:\/\/www.loopkinglaces.com\/de\/wp-json\/wp\/v2\/media?parent=67735"}],"wp:term":[{"taxonomy":"product_brand","embeddable":true,"href":"https:\/\/www.loopkinglaces.com\/de\/wp-json\/wp\/v2\/product_brand?post=67735"},{"taxonomy":"product_cat","embeddable":true,"href":"https:\/\/www.loopkinglaces.com\/de\/wp-json\/wp\/v2\/product_cat?post=67735"},{"taxonomy":"product_tag","embeddable":true,"href":"https:\/\/www.loopkinglaces.com\/de\/wp-json\/wp\/v2\/product_tag?post=67735"},{"taxonomy":"woo-feed-brand","embeddable":true,"href":"https:\/\/www.loopkinglaces.com\/de\/wp-json\/wp\/v2\/woo-feed-brand?post=67735"}],"curies":[{"name":"wp","href":"https:\/\/api.w.org\/{rel}","templated":true}]}}