{"id":67725,"date":"2023-08-03T18:01:36","date_gmt":"2023-08-03T18:01:36","guid":{"rendered":"https:\/\/www.loopkinglaces.com\/products\/hellgraue-flache-baumwollschnuersenkel-mit-durchsichtigen-plastikspitzen\/"},"modified":"2024-11-05T23:45:01","modified_gmt":"2024-11-05T23:45:01","slug":"hellgraue-flache-baumwollschnuersenkel-mit-durchsichtigen-plastikspitzen","status":"publish","type":"product","link":"https:\/\/www.loopkinglaces.com\/de\/products\/hellgraue-flache-baumwollschnuersenkel-mit-durchsichtigen-plastikspitzen\/","title":{"rendered":"Hellgraue flache Baumwollschn\u00fcrsenkel mit durchsichtigen Plastikspitzen"},"content":{"rendered":"<p>Entdecke die Zukunft der Schn\u00fcrsenkel mit unserem innovativen flachen Baumwolldesign!<br \/>\nMit eleganten Kunststoffspitzen und aus luxuri\u00f6ser, weicher Baumwolle gefertigt, werten sie den Look deiner Stiefel oder Schuhe m\u00fchelos auf.<br \/>\nDank ihrer Kompatibilit\u00e4t mit zahlreichen Marken kannst du sicher sein, dass du immer stilvoll unterwegs bist.<\/p>\n","protected":false},"excerpt":{"rendered":"<p><strong>Hellgraue flache Baumwollschn\u00fcrsenkel mit durchsichtigen Kunststoffspitzen<\/strong> Mit unseren revolution\u00e4ren flachen Baumwollschn\u00fcrsenkeln bricht eine neue \u00c4ra der Schuhmode an!<br \/>\nDie flachen Baumwollschn\u00fcrsenkel mit ihren eleganten Kunststoffspitzen sind aus hochwertiger, weicher Baumwolle gefertigt und verleihen jedem Schuh einen Hauch von Eleganz.<br \/>\nAu\u00dferdem passen sie zu den meisten Schuhmarken und bieten dir unendlich viele Stylingm\u00f6glichkeiten.<br \/>\nDie wichtigsten Merkmale sind:<\/p>\n<ul>\n<li style=\"font-weight: 400;\" aria-level=\"1\">Hochwertige Materialien<\/li>\n<li style=\"font-weight: 400;\" aria-level=\"1\">Versiegelte &amp; atemberaubende Verpackung<\/li>\n<li style=\"font-weight: 400;\" aria-level=\"1\">In verschiedene L\u00e4ngen verf\u00fcgbar<\/li>\n<li style=\"font-weight: 400;\" aria-level=\"1\">Passend f\u00fcr alle gro\u00dfen Marken (Nike, Adidas, Reebok, Converse, Vans)<\/li>\n<li style=\"font-weight: 400;\" aria-level=\"1\">Durchsichtige Plastikspitzen<\/li>\n<\/ul>\n","protected":false},"featured_media":58703,"comment_status":"open","ping_status":"closed","template":"","meta":{"_acf_changed":false},"product_brand":[],"product_cat":[590,627,714,741,746,758,767,762],"product_tag":[781,783,635,638,738,734,636,782],"woo-feed-brand":[],"class_list":{"0":"post-67725","1":"product","2":"type-product","3":"status-publish","4":"has-post-thumbnail","6":"product_cat-all-shoelaces","7":"product_cat-burberry-shoe-laces-that-will-upgrade-your-footwear","8":"product_cat-gray-shoe-laces-de","9":"product_cat-ersatz-nike-schnursenkel-fur-ein-cooles-optisches-upgrade","10":"product_cat-keen-schnursenkel-die-kunst-von-schwarz-und-grau-beherrschen","11":"product_cat-modische-farbige-schnursenkel-fur-turnschuhe","12":"product_cat-premium-baumwollschnursenkel-die-andere-marken-in-jeder-hinsicht-ubertreffen","13":"product_cat-schnursenkel-fur-herrenschuhe-die-besser-sind-als-die-originale","14":"product_tag-flach-gewachst","15":"product_tag-gewachst","16":"product_tag-loop-king-de","17":"product_tag-metal-tip-de","18":"product_tag-schnursenkel-mit-goldspitze","19":"product_tag-schwarz","20":"product_tag-shoelaces-de","21":"product_tag-wohnung","23":"first","24":"instock","25":"taxable","26":"shipping-taxable","27":"purchasable","28":"product-type-variable"},"acf":[],"yoast_head":"<!-- This site is optimized with the Yoast SEO plugin v27.4 - https:\/\/yoast.com\/product\/yoast-seo-wordpress\/ -->\n<title>Hellgraue flache Baumwollschn\u00fcrsenkel mit durchsichtigen Plastikspitzen<\/title>\n<meta name=\"description\" content=\"Verbessere deinen Look mit unseren flachen Baumwollschn\u00fcrsenkeln - eine gelungene Kombination aus auff\u00e4lliger Mode und unvergleichlicher Langlebigkeit, die aus hochwertigen Materialien besteht.\" \/>\n<meta name=\"robots\" content=\"index, follow, max-snippet:-1, max-image-preview:large, max-video-preview:-1\" \/>\n<link rel=\"canonical\" href=\"https:\/\/www.loopkinglaces.com\/de\/products\/hellgraue-flache-baumwollschnuersenkel-mit-durchsichtigen-plastikspitzen\/\" \/>\n<meta property=\"og:locale\" content=\"de_DE\" \/>\n<meta property=\"og:type\" content=\"article\" \/>\n<meta property=\"og:title\" content=\"Hellgraue flache Baumwollschn\u00fcrsenkel mit durchsichtigen Plastikspitzen\" \/>\n<meta property=\"og:description\" content=\"Verbessere deinen Look mit unseren flachen Baumwollschn\u00fcrsenkeln - eine gelungene Kombination aus auff\u00e4lliger Mode und unvergleichlicher Langlebigkeit, die aus hochwertigen Materialien besteht.\" \/>\n<meta property=\"og:url\" content=\"https:\/\/www.loopkinglaces.com\/de\/products\/hellgraue-flache-baumwollschnuersenkel-mit-durchsichtigen-plastikspitzen\/\" \/>\n<meta property=\"og:site_name\" content=\"Luxury Gold Tip Shoelaces by Loop King Laces\" \/>\n<meta property=\"article:publisher\" content=\"https:\/\/www.facebook.com\/LoopKingLaces\/\" \/>\n<meta property=\"article:modified_time\" content=\"2024-11-05T23:45:01+00:00\" \/>\n<meta property=\"og:image\" content=\"https:\/\/www.loopkinglaces.com\/wp-content\/uploads\/IMG_1043.jpg\" \/>\n\t<meta property=\"og:image:width\" content=\"800\" \/>\n\t<meta property=\"og:image:height\" content=\"800\" \/>\n\t<meta property=\"og:image:type\" content=\"image\/jpeg\" \/>\n<meta name=\"twitter:card\" content=\"summary_large_image\" \/>\n<meta name=\"twitter:site\" content=\"@loopkinglaces\" \/>\n<meta name=\"twitter:label1\" content=\"Gesch\u00e4tzte Lesezeit\" \/>\n\t<meta name=\"twitter:data1\" content=\"1\u00a0Minute\" \/>\n<script type=\"application\/ld+json\" class=\"yoast-schema-graph\">{\"@context\":\"https:\\\/\\\/schema.org\",\"@graph\":[{\"@type\":[\"WebPage\",\"ItemPage\"],\"@id\":\"https:\\\/\\\/www.loopkinglaces.com\\\/de\\\/products\\\/hellgraue-flache-baumwollschnuersenkel-mit-durchsichtigen-plastikspitzen\\\/\",\"url\":\"https:\\\/\\\/www.loopkinglaces.com\\\/de\\\/products\\\/hellgraue-flache-baumwollschnuersenkel-mit-durchsichtigen-plastikspitzen\\\/\",\"name\":\"Hellgraue flache Baumwollschn\u00fcrsenkel mit durchsichtigen Plastikspitzen\",\"isPartOf\":{\"@id\":\"https:\\\/\\\/www.loopkinglaces.com\\\/de\\\/#website\"},\"primaryImageOfPage\":{\"@id\":\"https:\\\/\\\/www.loopkinglaces.com\\\/de\\\/products\\\/hellgraue-flache-baumwollschnuersenkel-mit-durchsichtigen-plastikspitzen\\\/#primaryimage\"},\"image\":{\"@id\":\"https:\\\/\\\/www.loopkinglaces.com\\\/de\\\/products\\\/hellgraue-flache-baumwollschnuersenkel-mit-durchsichtigen-plastikspitzen\\\/#primaryimage\"},\"thumbnailUrl\":\"https:\\\/\\\/www.loopkinglaces.com\\\/wp-content\\\/uploads\\\/IMG_1043.jpg\",\"datePublished\":\"2023-08-03T18:01:36+00:00\",\"dateModified\":\"2024-11-05T23:45:01+00:00\",\"description\":\"Verbessere deinen Look mit unseren flachen Baumwollschn\u00fcrsenkeln - eine gelungene Kombination aus auff\u00e4lliger Mode und unvergleichlicher Langlebigkeit, die aus hochwertigen Materialien besteht.\",\"breadcrumb\":{\"@id\":\"https:\\\/\\\/www.loopkinglaces.com\\\/de\\\/products\\\/hellgraue-flache-baumwollschnuersenkel-mit-durchsichtigen-plastikspitzen\\\/#breadcrumb\"},\"inLanguage\":\"de\",\"potentialAction\":[{\"@type\":\"ReadAction\",\"target\":[\"https:\\\/\\\/www.loopkinglaces.com\\\/de\\\/products\\\/hellgraue-flache-baumwollschnuersenkel-mit-durchsichtigen-plastikspitzen\\\/\"]}]},{\"@type\":\"ImageObject\",\"inLanguage\":\"de\",\"@id\":\"https:\\\/\\\/www.loopkinglaces.com\\\/de\\\/products\\\/hellgraue-flache-baumwollschnuersenkel-mit-durchsichtigen-plastikspitzen\\\/#primaryimage\",\"url\":\"https:\\\/\\\/www.loopkinglaces.com\\\/wp-content\\\/uploads\\\/IMG_1043.jpg\",\"contentUrl\":\"https:\\\/\\\/www.loopkinglaces.com\\\/wp-content\\\/uploads\\\/IMG_1043.jpg\",\"width\":800,\"height\":800},{\"@type\":\"BreadcrumbList\",\"@id\":\"https:\\\/\\\/www.loopkinglaces.com\\\/de\\\/products\\\/hellgraue-flache-baumwollschnuersenkel-mit-durchsichtigen-plastikspitzen\\\/#breadcrumb\",\"itemListElement\":[{\"@type\":\"ListItem\",\"position\":1,\"name\":\"Home\",\"item\":\"https:\\\/\\\/www.loopkinglaces.com\\\/de\\\/\"},{\"@type\":\"ListItem\",\"position\":2,\"name\":\"Shop\",\"item\":\"https:\\\/\\\/www.loopkinglaces.com\\\/de\\\/shop\\\/\"},{\"@type\":\"ListItem\",\"position\":3,\"name\":\"Hellgraue flache Baumwollschn\u00fcrsenkel mit durchsichtigen Plastikspitzen\"}]},{\"@type\":\"WebSite\",\"@id\":\"https:\\\/\\\/www.loopkinglaces.com\\\/de\\\/#website\",\"url\":\"https:\\\/\\\/www.loopkinglaces.com\\\/de\\\/\",\"name\":\"Luxury Gold Tip Shoelaces by Loop King Laces\",\"description\":\"Rope Laces, Flat Waxed Laces and Leather Laces. All With Gold Tips.\",\"publisher\":{\"@id\":\"https:\\\/\\\/www.loopkinglaces.com\\\/de\\\/#organization\"},\"potentialAction\":[{\"@type\":\"SearchAction\",\"target\":{\"@type\":\"EntryPoint\",\"urlTemplate\":\"https:\\\/\\\/www.loopkinglaces.com\\\/de\\\/?s={search_term_string}\"},\"query-input\":{\"@type\":\"PropertyValueSpecification\",\"valueRequired\":true,\"valueName\":\"search_term_string\"}}],\"inLanguage\":\"de\"},{\"@type\":\"Organization\",\"@id\":\"https:\\\/\\\/www.loopkinglaces.com\\\/de\\\/#organization\",\"name\":\"Loop King Laces\",\"url\":\"https:\\\/\\\/www.loopkinglaces.com\\\/de\\\/\",\"logo\":{\"@type\":\"ImageObject\",\"inLanguage\":\"de\",\"@id\":\"https:\\\/\\\/www.loopkinglaces.com\\\/de\\\/#\\\/schema\\\/logo\\\/image\\\/\",\"url\":\"https:\\\/\\\/www.loopkinglaces.com\\\/wp-content\\\/uploads\\\/LOOP-KING-LACES.1.1-01-LOGO-HI-RES-OFFICIAL-1.png\",\"contentUrl\":\"https:\\\/\\\/www.loopkinglaces.com\\\/wp-content\\\/uploads\\\/LOOP-KING-LACES.1.1-01-LOGO-HI-RES-OFFICIAL-1.png\",\"width\":128,\"height\":91,\"caption\":\"Loop King Laces\"},\"image\":{\"@id\":\"https:\\\/\\\/www.loopkinglaces.com\\\/de\\\/#\\\/schema\\\/logo\\\/image\\\/\"},\"sameAs\":[\"https:\\\/\\\/www.facebook.com\\\/LoopKingLaces\\\/\",\"https:\\\/\\\/x.com\\\/loopkinglaces\",\"https:\\\/\\\/www.instagram.com\\\/loopkinglaces\\\/\"]}]}<\/script>\n<!-- \/ Yoast SEO plugin. -->","yoast_head_json":{"title":"Hellgraue flache Baumwollschn\u00fcrsenkel mit durchsichtigen Plastikspitzen","description":"Verbessere deinen Look mit unseren flachen Baumwollschn\u00fcrsenkeln - eine gelungene Kombination aus auff\u00e4lliger Mode und unvergleichlicher Langlebigkeit, die aus hochwertigen Materialien besteht.","robots":{"index":"index","follow":"follow","max-snippet":"max-snippet:-1","max-image-preview":"max-image-preview:large","max-video-preview":"max-video-preview:-1"},"canonical":"https:\/\/www.loopkinglaces.com\/de\/products\/hellgraue-flache-baumwollschnuersenkel-mit-durchsichtigen-plastikspitzen\/","og_locale":"de_DE","og_type":"article","og_title":"Hellgraue flache Baumwollschn\u00fcrsenkel mit durchsichtigen Plastikspitzen","og_description":"Verbessere deinen Look mit unseren flachen Baumwollschn\u00fcrsenkeln - eine gelungene Kombination aus auff\u00e4lliger Mode und unvergleichlicher Langlebigkeit, die aus hochwertigen Materialien besteht.","og_url":"https:\/\/www.loopkinglaces.com\/de\/products\/hellgraue-flache-baumwollschnuersenkel-mit-durchsichtigen-plastikspitzen\/","og_site_name":"Luxury Gold Tip Shoelaces by Loop King Laces","article_publisher":"https:\/\/www.facebook.com\/LoopKingLaces\/","article_modified_time":"2024-11-05T23:45:01+00:00","og_image":[{"width":800,"height":800,"url":"https:\/\/www.loopkinglaces.com\/wp-content\/uploads\/IMG_1043.jpg","type":"image\/jpeg"}],"twitter_card":"summary_large_image","twitter_site":"@loopkinglaces","twitter_misc":{"Gesch\u00e4tzte Lesezeit":"1\u00a0Minute"},"schema":{"@context":"https:\/\/schema.org","@graph":[{"@type":["WebPage","ItemPage"],"@id":"https:\/\/www.loopkinglaces.com\/de\/products\/hellgraue-flache-baumwollschnuersenkel-mit-durchsichtigen-plastikspitzen\/","url":"https:\/\/www.loopkinglaces.com\/de\/products\/hellgraue-flache-baumwollschnuersenkel-mit-durchsichtigen-plastikspitzen\/","name":"Hellgraue flache Baumwollschn\u00fcrsenkel mit durchsichtigen Plastikspitzen","isPartOf":{"@id":"https:\/\/www.loopkinglaces.com\/de\/#website"},"primaryImageOfPage":{"@id":"https:\/\/www.loopkinglaces.com\/de\/products\/hellgraue-flache-baumwollschnuersenkel-mit-durchsichtigen-plastikspitzen\/#primaryimage"},"image":{"@id":"https:\/\/www.loopkinglaces.com\/de\/products\/hellgraue-flache-baumwollschnuersenkel-mit-durchsichtigen-plastikspitzen\/#primaryimage"},"thumbnailUrl":"https:\/\/www.loopkinglaces.com\/wp-content\/uploads\/IMG_1043.jpg","datePublished":"2023-08-03T18:01:36+00:00","dateModified":"2024-11-05T23:45:01+00:00","description":"Verbessere deinen Look mit unseren flachen Baumwollschn\u00fcrsenkeln - eine gelungene Kombination aus auff\u00e4lliger Mode und unvergleichlicher Langlebigkeit, die aus hochwertigen Materialien besteht.","breadcrumb":{"@id":"https:\/\/www.loopkinglaces.com\/de\/products\/hellgraue-flache-baumwollschnuersenkel-mit-durchsichtigen-plastikspitzen\/#breadcrumb"},"inLanguage":"de","potentialAction":[{"@type":"ReadAction","target":["https:\/\/www.loopkinglaces.com\/de\/products\/hellgraue-flache-baumwollschnuersenkel-mit-durchsichtigen-plastikspitzen\/"]}]},{"@type":"ImageObject","inLanguage":"de","@id":"https:\/\/www.loopkinglaces.com\/de\/products\/hellgraue-flache-baumwollschnuersenkel-mit-durchsichtigen-plastikspitzen\/#primaryimage","url":"https:\/\/www.loopkinglaces.com\/wp-content\/uploads\/IMG_1043.jpg","contentUrl":"https:\/\/www.loopkinglaces.com\/wp-content\/uploads\/IMG_1043.jpg","width":800,"height":800},{"@type":"BreadcrumbList","@id":"https:\/\/www.loopkinglaces.com\/de\/products\/hellgraue-flache-baumwollschnuersenkel-mit-durchsichtigen-plastikspitzen\/#breadcrumb","itemListElement":[{"@type":"ListItem","position":1,"name":"Home","item":"https:\/\/www.loopkinglaces.com\/de\/"},{"@type":"ListItem","position":2,"name":"Shop","item":"https:\/\/www.loopkinglaces.com\/de\/shop\/"},{"@type":"ListItem","position":3,"name":"Hellgraue flache Baumwollschn\u00fcrsenkel mit durchsichtigen Plastikspitzen"}]},{"@type":"WebSite","@id":"https:\/\/www.loopkinglaces.com\/de\/#website","url":"https:\/\/www.loopkinglaces.com\/de\/","name":"Luxury Gold Tip Shoelaces by Loop King Laces","description":"Rope Laces, Flat Waxed Laces and Leather Laces. All With Gold Tips.","publisher":{"@id":"https:\/\/www.loopkinglaces.com\/de\/#organization"},"potentialAction":[{"@type":"SearchAction","target":{"@type":"EntryPoint","urlTemplate":"https:\/\/www.loopkinglaces.com\/de\/?s={search_term_string}"},"query-input":{"@type":"PropertyValueSpecification","valueRequired":true,"valueName":"search_term_string"}}],"inLanguage":"de"},{"@type":"Organization","@id":"https:\/\/www.loopkinglaces.com\/de\/#organization","name":"Loop King Laces","url":"https:\/\/www.loopkinglaces.com\/de\/","logo":{"@type":"ImageObject","inLanguage":"de","@id":"https:\/\/www.loopkinglaces.com\/de\/#\/schema\/logo\/image\/","url":"https:\/\/www.loopkinglaces.com\/wp-content\/uploads\/LOOP-KING-LACES.1.1-01-LOGO-HI-RES-OFFICIAL-1.png","contentUrl":"https:\/\/www.loopkinglaces.com\/wp-content\/uploads\/LOOP-KING-LACES.1.1-01-LOGO-HI-RES-OFFICIAL-1.png","width":128,"height":91,"caption":"Loop King Laces"},"image":{"@id":"https:\/\/www.loopkinglaces.com\/de\/#\/schema\/logo\/image\/"},"sameAs":["https:\/\/www.facebook.com\/LoopKingLaces\/","https:\/\/x.com\/loopkinglaces","https:\/\/www.instagram.com\/loopkinglaces\/"]}]}},"_links":{"self":[{"href":"https:\/\/www.loopkinglaces.com\/de\/wp-json\/wp\/v2\/product\/67725","targetHints":{"allow":["GET"]}}],"collection":[{"href":"https:\/\/www.loopkinglaces.com\/de\/wp-json\/wp\/v2\/product"}],"about":[{"href":"https:\/\/www.loopkinglaces.com\/de\/wp-json\/wp\/v2\/types\/product"}],"replies":[{"embeddable":true,"href":"https:\/\/www.loopkinglaces.com\/de\/wp-json\/wp\/v2\/comments?post=67725"}],"wp:featuredmedia":[{"embeddable":true,"href":"https:\/\/www.loopkinglaces.com\/de\/wp-json\/wp\/v2\/media\/58703"}],"wp:attachment":[{"href":"https:\/\/www.loopkinglaces.com\/de\/wp-json\/wp\/v2\/media?parent=67725"}],"wp:term":[{"taxonomy":"product_brand","embeddable":true,"href":"https:\/\/www.loopkinglaces.com\/de\/wp-json\/wp\/v2\/product_brand?post=67725"},{"taxonomy":"product_cat","embeddable":true,"href":"https:\/\/www.loopkinglaces.com\/de\/wp-json\/wp\/v2\/product_cat?post=67725"},{"taxonomy":"product_tag","embeddable":true,"href":"https:\/\/www.loopkinglaces.com\/de\/wp-json\/wp\/v2\/product_tag?post=67725"},{"taxonomy":"woo-feed-brand","embeddable":true,"href":"https:\/\/www.loopkinglaces.com\/de\/wp-json\/wp\/v2\/woo-feed-brand?post=67725"}],"curies":[{"name":"wp","href":"https:\/\/api.w.org\/{rel}","templated":true}]}}