{"id":67694,"date":"2023-03-16T17:56:21","date_gmt":"2023-03-16T17:56:21","guid":{"rendered":"https:\/\/www.loopkinglaces.com\/products\/exquisite-hellblaue-schnuersenkel-fuer-eine-visuelle-footwear-bonanza\/"},"modified":"2024-11-06T23:20:55","modified_gmt":"2024-11-06T23:20:55","slug":"exquisite-hellblaue-schnuersenkel-fuer-eine-visuelle-footwear-bonanza","status":"publish","type":"product","link":"https:\/\/www.loopkinglaces.com\/de\/products\/exquisite-hellblaue-schnuersenkel-fuer-eine-visuelle-footwear-bonanza\/","title":{"rendered":"Exquisite hellblaue Schn\u00fcrsenkel f\u00fcr eine visuelle Footwear-Bonanza"},"content":{"rendered":"<p>Wenn du nicht willst, dass deine hellblauen Schn\u00fcrsenkel beim Tragen im Freien Schmutz und Dreck ansammeln, sind unsere gewachsten Schn\u00fcrsenkel genau das Richtige f\u00fcr dich. <strong>Ihre spezielle Wachsbeschichtung sorgt daf\u00fcr, dass deine Schn\u00fcrsenkel viele Monate lang makellos aussehen.<\/strong> Um schnell die perfekte L\u00e4nge f\u00fcr deine Schuhe zu finden, schau dir unseren <strong><a href=\"https:\/\/www.loopkinglaces.com\/shoelace-length-chart\/\">Gr\u00f6\u00dfentabelle<\/a><\/strong><span style=\"font-weight: 400;\">.<br \/>\nJe nachdem, wie viele \u00d6sen Ihre Turnschuhe haben, erfahre, welche L\u00e4nge du ben\u00f6tigst.<br \/>\n<\/span><\/p>\n","protected":false},"excerpt":{"rendered":"<p><strong>Makellose hellblaue Schn\u00fcrsenkel, die jedem Sneaker den maximalen Style verleihen <\/strong> Wenn du willst, dass alle auf deine neuen Treter aufmerksam werden, brauchst du die richtigen Schn\u00fcrsenkel, um sie zur Geltung zu bringen.<br \/>\nLangweilige, minderwertige Stoffschn\u00fcrsenkel lassen deine Sneaker nur noch schlechter aussehen. <i>Sieh dir stattdessen unsere leuchtend hellblauen Schn\u00fcrsenkel an.<\/i> Ob deine Sneaker nun <strong>wei\u00df, schwarz, rot, orange oder <\/strong><strong>braun<\/strong> sind &#8211; <i>hellblaue Schn\u00fcrsenkel sorgen f\u00fcr eine faszinierende Optik.<\/i> Da wir nur die hochwertigsten Materialien verwenden, erh\u00e4ltst du Schn\u00fcrsenkel, die nicht nur leuchtend und umwerfend aussehen, sondern auch bis zu <strong>dreimal<\/strong> l\u00e4nger halten als andere Marken.<br \/>\nDiese Tatsache wird durch unsere gepr\u00e4gten goldenen Spitzen noch verst\u00e4rkt, die f\u00fcr zus\u00e4tzliche optische Spannung sorgen und gleichzeitig verhindern, dass die Enden deiner Schn\u00fcrsenkel ausfransen. Die wichtigsten Merkmale sind:<\/p>\n<ul>\n<li style=\"font-weight: 400;\" aria-level=\"1\">Hochwertige Materialien<\/li>\n<li style=\"font-weight: 400;\" aria-level=\"1\">Versiegelte &amp; atemberaubende Verpackung<\/li>\n<li style=\"font-weight: 400;\" aria-level=\"1\">Gepr\u00e4gte Goldspitzen<\/li>\n<li style=\"font-weight: 400;\" aria-level=\"1\"><span style=\"font-weight: 400;\">Es sind verschiedene L\u00e4ngen erh\u00e4ltlich, die f\u00fcr die meisten Schuhgr\u00f6\u00dfen passen <\/span><\/li>\n<\/ul>\n","protected":false},"featured_media":58394,"comment_status":"open","ping_status":"closed","template":"","meta":{"_acf_changed":false},"product_brand":[],"product_cat":[692,698,590,631,713,621,598,740,777,801,597,633,758,771,767,591,769,768,592,806,594,620,829,760,780,770],"product_tag":[781,783,635,638,738,734,636,782],"woo-feed-brand":[],"class_list":{"0":"post-67694","1":"product","2":"type-product","3":"status-publish","4":"has-post-thumbnail","6":"product_cat-63-inch-laces-de","7":"product_cat-adidas-samba-laces-de","8":"product_cat-all-shoelaces","9":"product_cat-brooks-shoelaces-a-subtle-touch-to-elevate-your-foot-game","10":"product_cat-chunky-laces-the-unsung-heroes-of-shoe-fashion","11":"product_cat-colorful-converse-high-top-laces-that-look-fab-fly","12":"product_cat-converse-laces-to-revamp-your-chucks","13":"product_cat-ecco-schnursenkel-das-perfekte-finish-fur-deine-statement-schuhe","14":"product_cat-eiskunstlauf-schnursenkel-der-unbesungene-held-auf-dem-eis","15":"product_cat-footjoy-schnursenkel-auf-elite-niveau-die-dein-spiel-aufpeppen","16":"product_cat-high-end-adidas-shoelaces-to-upgrade-your-look","17":"product_cat-kiwi-shoe-laces-more-than-just-a-trend","18":"product_cat-modische-farbige-schnursenkel-fur-turnschuhe","19":"product_cat-on-cloud-shoe-strings-eine-spitze-nach-der-anderen-fur-bessere-schuhe","20":"product_cat-premium-baumwollschnursenkel-die-andere-marken-in-jeder-hinsicht-ubertreffen","21":"product_cat-premium-blue-shoe-laces-see-the-bestsellers","22":"product_cat-rick-owens-schnursenkel-der-unerwartete-held-der-mode","23":"product_cat-schnursenkel-aus-bandern-ein-game-changer-in-der-schuhmode","24":"product_cat-schnursenkel-mit-goldspitze","25":"product_cat-sperry-schnursenkel-kleine-details-fur-unterschiedliche-ergebnisse","26":"product_cat-stylish-nike-air-force-1-laces-to-impress","27":"product_cat-the-perfect-nike-dunk-laces-that-look-amazing-are-long-lasting","28":"product_cat-top-tier-trophaenraum-jordan-1-blaue-schnursenkel-die-umwerfend-aussehen","29":"product_cat-umwerfende-jordan-5-schnurverschlusse-machen-das-schuhebinden-uberflussig","30":"product_cat-union-laces-verschonere-deinen-union-jordan-1","31":"product_cat-veja-schnursenkel-wenn-schuhe-das-reden-ubernehmen","32":"product_tag-flach-gewachst","33":"product_tag-gewachst","34":"product_tag-loop-king-de","35":"product_tag-metal-tip-de","36":"product_tag-schnursenkel-mit-goldspitze","37":"product_tag-schwarz","38":"product_tag-shoelaces-de","39":"product_tag-wohnung","41":"first","42":"instock","43":"taxable","44":"shipping-taxable","45":"purchasable","46":"product-type-variable"},"acf":[],"yoast_head":"<!-- This site is optimized with the Yoast SEO plugin v27.4 - https:\/\/yoast.com\/product\/yoast-seo-wordpress\/ -->\n<title>Makellose hellblaue Schn\u00fcrsenkel f\u00fcr maximalen Style bei jedem Sneaker<\/title>\n<meta name=\"description\" content=\"Deine wei\u00dfen Sneaker w\u00fcrden mit ged\u00e4mpften hellblauen Schn\u00fcrsenkeln viel besser zur Geltung kommen. Warum also nicht deine minderwertigen Stoffschn\u00fcrsenkel zugunsten dieser Premium-Auswahl aufgeben?\" \/>\n<meta name=\"robots\" content=\"index, follow, max-snippet:-1, max-image-preview:large, max-video-preview:-1\" \/>\n<link rel=\"canonical\" href=\"https:\/\/www.loopkinglaces.com\/de\/products\/exquisite-hellblaue-schnuersenkel-fuer-eine-visuelle-footwear-bonanza\/\" \/>\n<meta property=\"og:locale\" content=\"de_DE\" \/>\n<meta property=\"og:type\" content=\"article\" \/>\n<meta property=\"og:title\" content=\"Makellose hellblaue Schn\u00fcrsenkel f\u00fcr maximalen Style bei jedem Sneaker\" \/>\n<meta property=\"og:description\" content=\"Deine wei\u00dfen Sneaker w\u00fcrden mit ged\u00e4mpften hellblauen Schn\u00fcrsenkeln viel besser zur Geltung kommen. Warum also nicht deine minderwertigen Stoffschn\u00fcrsenkel zugunsten dieser Premium-Auswahl aufgeben?\" \/>\n<meta property=\"og:url\" content=\"https:\/\/www.loopkinglaces.com\/de\/products\/exquisite-hellblaue-schnuersenkel-fuer-eine-visuelle-footwear-bonanza\/\" \/>\n<meta property=\"og:site_name\" content=\"Luxury Gold Tip Shoelaces by Loop King Laces\" \/>\n<meta property=\"article:publisher\" content=\"https:\/\/www.facebook.com\/LoopKingLaces\/\" \/>\n<meta property=\"article:modified_time\" content=\"2024-11-06T23:20:55+00:00\" \/>\n<meta property=\"og:image\" content=\"https:\/\/www.loopkinglaces.com\/wp-content\/uploads\/IMG_2249.jpg\" \/>\n\t<meta property=\"og:image:width\" content=\"768\" \/>\n\t<meta property=\"og:image:height\" content=\"773\" \/>\n\t<meta property=\"og:image:type\" content=\"image\/jpeg\" \/>\n<meta name=\"twitter:card\" content=\"summary_large_image\" \/>\n<meta name=\"twitter:site\" content=\"@loopkinglaces\" \/>\n<meta name=\"twitter:label1\" content=\"Gesch\u00e4tzte Lesezeit\" \/>\n\t<meta name=\"twitter:data1\" content=\"1\u00a0Minute\" \/>\n<script type=\"application\/ld+json\" class=\"yoast-schema-graph\">{\"@context\":\"https:\\\/\\\/schema.org\",\"@graph\":[{\"@type\":[\"WebPage\",\"ItemPage\"],\"@id\":\"https:\\\/\\\/www.loopkinglaces.com\\\/de\\\/products\\\/exquisite-hellblaue-schnuersenkel-fuer-eine-visuelle-footwear-bonanza\\\/\",\"url\":\"https:\\\/\\\/www.loopkinglaces.com\\\/de\\\/products\\\/exquisite-hellblaue-schnuersenkel-fuer-eine-visuelle-footwear-bonanza\\\/\",\"name\":\"Makellose hellblaue Schn\u00fcrsenkel f\u00fcr maximalen Style bei jedem Sneaker\",\"isPartOf\":{\"@id\":\"https:\\\/\\\/www.loopkinglaces.com\\\/de\\\/#website\"},\"primaryImageOfPage\":{\"@id\":\"https:\\\/\\\/www.loopkinglaces.com\\\/de\\\/products\\\/exquisite-hellblaue-schnuersenkel-fuer-eine-visuelle-footwear-bonanza\\\/#primaryimage\"},\"image\":{\"@id\":\"https:\\\/\\\/www.loopkinglaces.com\\\/de\\\/products\\\/exquisite-hellblaue-schnuersenkel-fuer-eine-visuelle-footwear-bonanza\\\/#primaryimage\"},\"thumbnailUrl\":\"https:\\\/\\\/www.loopkinglaces.com\\\/wp-content\\\/uploads\\\/IMG_2249.jpg\",\"datePublished\":\"2023-03-16T17:56:21+00:00\",\"dateModified\":\"2024-11-06T23:20:55+00:00\",\"description\":\"Deine wei\u00dfen Sneaker w\u00fcrden mit ged\u00e4mpften hellblauen Schn\u00fcrsenkeln viel besser zur Geltung kommen. Warum also nicht deine minderwertigen Stoffschn\u00fcrsenkel zugunsten dieser Premium-Auswahl aufgeben?\",\"breadcrumb\":{\"@id\":\"https:\\\/\\\/www.loopkinglaces.com\\\/de\\\/products\\\/exquisite-hellblaue-schnuersenkel-fuer-eine-visuelle-footwear-bonanza\\\/#breadcrumb\"},\"inLanguage\":\"de\",\"potentialAction\":[{\"@type\":\"ReadAction\",\"target\":[\"https:\\\/\\\/www.loopkinglaces.com\\\/de\\\/products\\\/exquisite-hellblaue-schnuersenkel-fuer-eine-visuelle-footwear-bonanza\\\/\"]}]},{\"@type\":\"ImageObject\",\"inLanguage\":\"de\",\"@id\":\"https:\\\/\\\/www.loopkinglaces.com\\\/de\\\/products\\\/exquisite-hellblaue-schnuersenkel-fuer-eine-visuelle-footwear-bonanza\\\/#primaryimage\",\"url\":\"https:\\\/\\\/www.loopkinglaces.com\\\/wp-content\\\/uploads\\\/IMG_2249.jpg\",\"contentUrl\":\"https:\\\/\\\/www.loopkinglaces.com\\\/wp-content\\\/uploads\\\/IMG_2249.jpg\",\"width\":768,\"height\":773},{\"@type\":\"BreadcrumbList\",\"@id\":\"https:\\\/\\\/www.loopkinglaces.com\\\/de\\\/products\\\/exquisite-hellblaue-schnuersenkel-fuer-eine-visuelle-footwear-bonanza\\\/#breadcrumb\",\"itemListElement\":[{\"@type\":\"ListItem\",\"position\":1,\"name\":\"Home\",\"item\":\"https:\\\/\\\/www.loopkinglaces.com\\\/de\\\/\"},{\"@type\":\"ListItem\",\"position\":2,\"name\":\"Shop\",\"item\":\"https:\\\/\\\/www.loopkinglaces.com\\\/de\\\/shop\\\/\"},{\"@type\":\"ListItem\",\"position\":3,\"name\":\"Exquisite hellblaue Schn\u00fcrsenkel f\u00fcr eine visuelle Footwear-Bonanza\"}]},{\"@type\":\"WebSite\",\"@id\":\"https:\\\/\\\/www.loopkinglaces.com\\\/de\\\/#website\",\"url\":\"https:\\\/\\\/www.loopkinglaces.com\\\/de\\\/\",\"name\":\"Luxury Gold Tip Shoelaces by Loop King Laces\",\"description\":\"Rope Laces, Flat Waxed Laces and Leather Laces. All With Gold Tips.\",\"publisher\":{\"@id\":\"https:\\\/\\\/www.loopkinglaces.com\\\/de\\\/#organization\"},\"potentialAction\":[{\"@type\":\"SearchAction\",\"target\":{\"@type\":\"EntryPoint\",\"urlTemplate\":\"https:\\\/\\\/www.loopkinglaces.com\\\/de\\\/?s={search_term_string}\"},\"query-input\":{\"@type\":\"PropertyValueSpecification\",\"valueRequired\":true,\"valueName\":\"search_term_string\"}}],\"inLanguage\":\"de\"},{\"@type\":\"Organization\",\"@id\":\"https:\\\/\\\/www.loopkinglaces.com\\\/de\\\/#organization\",\"name\":\"Loop King Laces\",\"url\":\"https:\\\/\\\/www.loopkinglaces.com\\\/de\\\/\",\"logo\":{\"@type\":\"ImageObject\",\"inLanguage\":\"de\",\"@id\":\"https:\\\/\\\/www.loopkinglaces.com\\\/de\\\/#\\\/schema\\\/logo\\\/image\\\/\",\"url\":\"https:\\\/\\\/www.loopkinglaces.com\\\/wp-content\\\/uploads\\\/LOOP-KING-LACES.1.1-01-LOGO-HI-RES-OFFICIAL-1.png\",\"contentUrl\":\"https:\\\/\\\/www.loopkinglaces.com\\\/wp-content\\\/uploads\\\/LOOP-KING-LACES.1.1-01-LOGO-HI-RES-OFFICIAL-1.png\",\"width\":128,\"height\":91,\"caption\":\"Loop King Laces\"},\"image\":{\"@id\":\"https:\\\/\\\/www.loopkinglaces.com\\\/de\\\/#\\\/schema\\\/logo\\\/image\\\/\"},\"sameAs\":[\"https:\\\/\\\/www.facebook.com\\\/LoopKingLaces\\\/\",\"https:\\\/\\\/x.com\\\/loopkinglaces\",\"https:\\\/\\\/www.instagram.com\\\/loopkinglaces\\\/\"]}]}<\/script>\n<!-- \/ Yoast SEO plugin. -->","yoast_head_json":{"title":"Makellose hellblaue Schn\u00fcrsenkel f\u00fcr maximalen Style bei jedem Sneaker","description":"Deine wei\u00dfen Sneaker w\u00fcrden mit ged\u00e4mpften hellblauen Schn\u00fcrsenkeln viel besser zur Geltung kommen. Warum also nicht deine minderwertigen Stoffschn\u00fcrsenkel zugunsten dieser Premium-Auswahl aufgeben?","robots":{"index":"index","follow":"follow","max-snippet":"max-snippet:-1","max-image-preview":"max-image-preview:large","max-video-preview":"max-video-preview:-1"},"canonical":"https:\/\/www.loopkinglaces.com\/de\/products\/exquisite-hellblaue-schnuersenkel-fuer-eine-visuelle-footwear-bonanza\/","og_locale":"de_DE","og_type":"article","og_title":"Makellose hellblaue Schn\u00fcrsenkel f\u00fcr maximalen Style bei jedem Sneaker","og_description":"Deine wei\u00dfen Sneaker w\u00fcrden mit ged\u00e4mpften hellblauen Schn\u00fcrsenkeln viel besser zur Geltung kommen. Warum also nicht deine minderwertigen Stoffschn\u00fcrsenkel zugunsten dieser Premium-Auswahl aufgeben?","og_url":"https:\/\/www.loopkinglaces.com\/de\/products\/exquisite-hellblaue-schnuersenkel-fuer-eine-visuelle-footwear-bonanza\/","og_site_name":"Luxury Gold Tip Shoelaces by Loop King Laces","article_publisher":"https:\/\/www.facebook.com\/LoopKingLaces\/","article_modified_time":"2024-11-06T23:20:55+00:00","og_image":[{"width":768,"height":773,"url":"https:\/\/www.loopkinglaces.com\/wp-content\/uploads\/IMG_2249.jpg","type":"image\/jpeg"}],"twitter_card":"summary_large_image","twitter_site":"@loopkinglaces","twitter_misc":{"Gesch\u00e4tzte Lesezeit":"1\u00a0Minute"},"schema":{"@context":"https:\/\/schema.org","@graph":[{"@type":["WebPage","ItemPage"],"@id":"https:\/\/www.loopkinglaces.com\/de\/products\/exquisite-hellblaue-schnuersenkel-fuer-eine-visuelle-footwear-bonanza\/","url":"https:\/\/www.loopkinglaces.com\/de\/products\/exquisite-hellblaue-schnuersenkel-fuer-eine-visuelle-footwear-bonanza\/","name":"Makellose hellblaue Schn\u00fcrsenkel f\u00fcr maximalen Style bei jedem Sneaker","isPartOf":{"@id":"https:\/\/www.loopkinglaces.com\/de\/#website"},"primaryImageOfPage":{"@id":"https:\/\/www.loopkinglaces.com\/de\/products\/exquisite-hellblaue-schnuersenkel-fuer-eine-visuelle-footwear-bonanza\/#primaryimage"},"image":{"@id":"https:\/\/www.loopkinglaces.com\/de\/products\/exquisite-hellblaue-schnuersenkel-fuer-eine-visuelle-footwear-bonanza\/#primaryimage"},"thumbnailUrl":"https:\/\/www.loopkinglaces.com\/wp-content\/uploads\/IMG_2249.jpg","datePublished":"2023-03-16T17:56:21+00:00","dateModified":"2024-11-06T23:20:55+00:00","description":"Deine wei\u00dfen Sneaker w\u00fcrden mit ged\u00e4mpften hellblauen Schn\u00fcrsenkeln viel besser zur Geltung kommen. Warum also nicht deine minderwertigen Stoffschn\u00fcrsenkel zugunsten dieser Premium-Auswahl aufgeben?","breadcrumb":{"@id":"https:\/\/www.loopkinglaces.com\/de\/products\/exquisite-hellblaue-schnuersenkel-fuer-eine-visuelle-footwear-bonanza\/#breadcrumb"},"inLanguage":"de","potentialAction":[{"@type":"ReadAction","target":["https:\/\/www.loopkinglaces.com\/de\/products\/exquisite-hellblaue-schnuersenkel-fuer-eine-visuelle-footwear-bonanza\/"]}]},{"@type":"ImageObject","inLanguage":"de","@id":"https:\/\/www.loopkinglaces.com\/de\/products\/exquisite-hellblaue-schnuersenkel-fuer-eine-visuelle-footwear-bonanza\/#primaryimage","url":"https:\/\/www.loopkinglaces.com\/wp-content\/uploads\/IMG_2249.jpg","contentUrl":"https:\/\/www.loopkinglaces.com\/wp-content\/uploads\/IMG_2249.jpg","width":768,"height":773},{"@type":"BreadcrumbList","@id":"https:\/\/www.loopkinglaces.com\/de\/products\/exquisite-hellblaue-schnuersenkel-fuer-eine-visuelle-footwear-bonanza\/#breadcrumb","itemListElement":[{"@type":"ListItem","position":1,"name":"Home","item":"https:\/\/www.loopkinglaces.com\/de\/"},{"@type":"ListItem","position":2,"name":"Shop","item":"https:\/\/www.loopkinglaces.com\/de\/shop\/"},{"@type":"ListItem","position":3,"name":"Exquisite hellblaue Schn\u00fcrsenkel f\u00fcr eine visuelle Footwear-Bonanza"}]},{"@type":"WebSite","@id":"https:\/\/www.loopkinglaces.com\/de\/#website","url":"https:\/\/www.loopkinglaces.com\/de\/","name":"Luxury Gold Tip Shoelaces by Loop King Laces","description":"Rope Laces, Flat Waxed Laces and Leather Laces. All With Gold Tips.","publisher":{"@id":"https:\/\/www.loopkinglaces.com\/de\/#organization"},"potentialAction":[{"@type":"SearchAction","target":{"@type":"EntryPoint","urlTemplate":"https:\/\/www.loopkinglaces.com\/de\/?s={search_term_string}"},"query-input":{"@type":"PropertyValueSpecification","valueRequired":true,"valueName":"search_term_string"}}],"inLanguage":"de"},{"@type":"Organization","@id":"https:\/\/www.loopkinglaces.com\/de\/#organization","name":"Loop King Laces","url":"https:\/\/www.loopkinglaces.com\/de\/","logo":{"@type":"ImageObject","inLanguage":"de","@id":"https:\/\/www.loopkinglaces.com\/de\/#\/schema\/logo\/image\/","url":"https:\/\/www.loopkinglaces.com\/wp-content\/uploads\/LOOP-KING-LACES.1.1-01-LOGO-HI-RES-OFFICIAL-1.png","contentUrl":"https:\/\/www.loopkinglaces.com\/wp-content\/uploads\/LOOP-KING-LACES.1.1-01-LOGO-HI-RES-OFFICIAL-1.png","width":128,"height":91,"caption":"Loop King Laces"},"image":{"@id":"https:\/\/www.loopkinglaces.com\/de\/#\/schema\/logo\/image\/"},"sameAs":["https:\/\/www.facebook.com\/LoopKingLaces\/","https:\/\/x.com\/loopkinglaces","https:\/\/www.instagram.com\/loopkinglaces\/"]}]}},"_links":{"self":[{"href":"https:\/\/www.loopkinglaces.com\/de\/wp-json\/wp\/v2\/product\/67694","targetHints":{"allow":["GET"]}}],"collection":[{"href":"https:\/\/www.loopkinglaces.com\/de\/wp-json\/wp\/v2\/product"}],"about":[{"href":"https:\/\/www.loopkinglaces.com\/de\/wp-json\/wp\/v2\/types\/product"}],"replies":[{"embeddable":true,"href":"https:\/\/www.loopkinglaces.com\/de\/wp-json\/wp\/v2\/comments?post=67694"}],"wp:featuredmedia":[{"embeddable":true,"href":"https:\/\/www.loopkinglaces.com\/de\/wp-json\/wp\/v2\/media\/58394"}],"wp:attachment":[{"href":"https:\/\/www.loopkinglaces.com\/de\/wp-json\/wp\/v2\/media?parent=67694"}],"wp:term":[{"taxonomy":"product_brand","embeddable":true,"href":"https:\/\/www.loopkinglaces.com\/de\/wp-json\/wp\/v2\/product_brand?post=67694"},{"taxonomy":"product_cat","embeddable":true,"href":"https:\/\/www.loopkinglaces.com\/de\/wp-json\/wp\/v2\/product_cat?post=67694"},{"taxonomy":"product_tag","embeddable":true,"href":"https:\/\/www.loopkinglaces.com\/de\/wp-json\/wp\/v2\/product_tag?post=67694"},{"taxonomy":"woo-feed-brand","embeddable":true,"href":"https:\/\/www.loopkinglaces.com\/de\/wp-json\/wp\/v2\/woo-feed-brand?post=67694"}],"curies":[{"name":"wp","href":"https:\/\/api.w.org\/{rel}","templated":true}]}}