{"id":67686,"date":"2023-03-13T05:24:24","date_gmt":"2023-03-13T05:24:24","guid":{"rendered":"https:\/\/www.loopkinglaces.com\/products\/die-mintgruenen-schnuersenkel-die-deinen-tag-erhellen-und-deine-schuhe-aufwerten\/"},"modified":"2024-11-06T23:22:13","modified_gmt":"2024-11-06T23:22:13","slug":"die-mintgruenen-schnuersenkel-die-deinen-tag-erhellen-und-deine-schuhe-aufwerten","status":"publish","type":"product","link":"https:\/\/www.loopkinglaces.com\/de\/products\/die-mintgruenen-schnuersenkel-die-deinen-tag-erhellen-und-deine-schuhe-aufwerten\/","title":{"rendered":"Die mintgr\u00fcnen Schn\u00fcrsenkel, die deinen Tag erhellen und deine Schuhe aufwerten"},"content":{"rendered":"<p><i>Sie sind schick genug f\u00fcr einen Abend in der Stadt, bequem genug, um mit Freunden zu Hause abzuh\u00e4ngen, und robust genug f\u00fcr einen Spaziergang oder eine Joggingrunde im Park. <\/i> Die gepr\u00e4gten goldenen \u00d6senspitzen sind das T\u00fcpfelchen auf dem i, denn sie sorgen f\u00fcr ein optisches Highlight und sch\u00fctzen gleichzeitig die Enden der Schn\u00fcrsenkel, was ihre ohnehin schon lange Lebensdauer weiter erh\u00f6ht.<br \/>\nUm die richtige Schn\u00fcrsenkell\u00e4nge f\u00fcr deine Schuhe zu finden, z\u00e4hle die Anzahl der \u00d6sen und sieh dann in unserer <a href=\"https:\/\/www.loopkinglaces.com\/shoelace-length-chart\/\" target=\"_blank\" rel=\"noopener\">Gr\u00f6\u00dfentabelle<\/a> nach<span style=\"font-weight: 400;\">. <\/span><\/p>\n","protected":false},"excerpt":{"rendered":"<p><strong>Mintgr\u00fcne Schn\u00fcrsenkel werten deine Schuhe auf und heben deine Stimmung <\/strong><i>Es gibt einen Grund, warum Immobilienmakler immer wieder behaupten, dass mintgr\u00fcnes Dekor nie aus der Mode kommen wird &#8211; weil die Farbe nachweislich deine Stimmung hebt. <\/i> Mit den <strong>mintgr\u00fcnen Schn\u00fcrsenkeln<\/strong> von LoopKing kannst du dieses <strong>warme und fr\u00f6hliche Gef\u00fchl<\/strong> jetzt auch auf deine Schuhe \u00fcbertragen.<br \/>\nSie werten jedes Paar Sneakers, Turnschuhe, L\u00e4ufer, High-Tops, Low-Tops und mehr optisch auf.<br \/>\nDank der hochwertigen Materialien behalten deine mintgr\u00fcnen Schn\u00fcrsenkel ihre Lebendigkeit f\u00fcr eine sehr lange Zeit.<br \/>\nWir haben unsere Schn\u00fcrsenkel sogar so entwickelt, dass sie <strong>herk\u00f6mmliche Marken um das Dreifache<\/strong> \u00fcbertreffen.<br \/>\nDeine Kollegen werden nicht umhin kommen, deine schicken neuen mintgr\u00fcnen Schn\u00fcrsenkel zu bemerken, also mach dich auf viele Komplimente gefasst.<br \/>\nUnten findest du eine vollst\u00e4ndige Liste der Merkmale:<\/p>\n<ul>\n<li style=\"font-weight: 400;\" aria-level=\"1\">Hochwertige Materialien<\/li>\n<li style=\"font-weight: 400;\" aria-level=\"1\">Gepr\u00e4gte Goldperlen-Spitzen<\/li>\n<li style=\"font-weight: 400;\" aria-level=\"1\">Entwickelt, um herk\u00f6mmliche Schn\u00fcrsenkel um das Dreifache zu \u00fcberdauern<\/li>\n<li style=\"font-weight: 400;\" aria-level=\"1\">Stimmungsaufhellende mintgr\u00fcne Farbe<\/li>\n<li style=\"font-weight: 400;\" aria-level=\"1\">Versiegelte &amp; atemberaubende Verpackung<\/li>\n<li style=\"font-weight: 400;\" aria-level=\"1\">In verschiedene L\u00e4ngen verf\u00fcgbar<\/li>\n<\/ul>\n","protected":false},"featured_media":58391,"comment_status":"open","ping_status":"closed","template":"","meta":{"_acf_changed":false},"product_brand":[],"product_cat":[614,590,703,621,743,790,758,767,768,592,729,772,760],"product_tag":[781,783,635,638,738,734,636,782],"woo-feed-brand":[],"class_list":{"0":"post-67686","1":"product","2":"type-product","3":"status-publish","4":"has-post-thumbnail","6":"product_cat-40-inch-shoelaces-de","7":"product_cat-all-shoelaces","8":"product_cat-asics-shoe-laces-customize-your-footwear","9":"product_cat-colorful-converse-high-top-laces-that-look-fab-fly","10":"product_cat-golden-goose-schnursenkel-ersatz-fur-deine-geliebten-schuhe","11":"product_cat-grune-premium-schnursenkel-zur-aufwertung-deiner-schuhe","12":"product_cat-modische-farbige-schnursenkel-fur-turnschuhe","13":"product_cat-premium-baumwollschnursenkel-die-andere-marken-in-jeder-hinsicht-ubertreffen","14":"product_cat-schnursenkel-aus-bandern-ein-game-changer-in-der-schuhmode","15":"product_cat-schnursenkel-mit-goldspitze","16":"product_cat-skechers-schnursenkel-auf-hochstem-niveau-die-fur-spannung-wert-und-komfort-sorgen","17":"product_cat-travis-scott-schnursenkel-der-hype-die-liebe-und-das-ganze-drumherum","18":"product_cat-umwerfende-jordan-5-schnurverschlusse-machen-das-schuhebinden-uberflussig","19":"product_tag-flach-gewachst","20":"product_tag-gewachst","21":"product_tag-loop-king-de","22":"product_tag-metal-tip-de","23":"product_tag-schnursenkel-mit-goldspitze","24":"product_tag-schwarz","25":"product_tag-shoelaces-de","26":"product_tag-wohnung","28":"first","29":"instock","30":"taxable","31":"shipping-taxable","32":"purchasable","33":"product-type-variable"},"acf":[],"yoast_head":"<!-- This site is optimized with the Yoast SEO plugin v27.4 - https:\/\/yoast.com\/product\/yoast-seo-wordpress\/ -->\n<title>Minzgr\u00fcne Schn\u00fcrsenkel, die deine Schuhe aufwerten und deine Laune verbessern<\/title>\n<meta name=\"description\" content=\"Diese hochwertigen mintgr\u00fcnen Schn\u00fcrsenkel werden jedem Paar Schuhe in deinem Kleiderschrank die n\u00f6tige Fr\u00f6hlichkeit und Lebendigkeit verleihen.\" \/>\n<meta name=\"robots\" content=\"index, follow, max-snippet:-1, max-image-preview:large, max-video-preview:-1\" \/>\n<link rel=\"canonical\" href=\"https:\/\/www.loopkinglaces.com\/de\/products\/die-mintgruenen-schnuersenkel-die-deinen-tag-erhellen-und-deine-schuhe-aufwerten\/\" \/>\n<meta property=\"og:locale\" content=\"de_DE\" \/>\n<meta property=\"og:type\" content=\"article\" \/>\n<meta property=\"og:title\" content=\"Minzgr\u00fcne Schn\u00fcrsenkel, die deine Schuhe aufwerten und deine Laune verbessern\" \/>\n<meta property=\"og:description\" content=\"Diese hochwertigen mintgr\u00fcnen Schn\u00fcrsenkel werden jedem Paar Schuhe in deinem Kleiderschrank die n\u00f6tige Fr\u00f6hlichkeit und Lebendigkeit verleihen.\" \/>\n<meta property=\"og:url\" content=\"https:\/\/www.loopkinglaces.com\/de\/products\/die-mintgruenen-schnuersenkel-die-deinen-tag-erhellen-und-deine-schuhe-aufwerten\/\" \/>\n<meta property=\"og:site_name\" content=\"Luxury Gold Tip Shoelaces by Loop King Laces\" \/>\n<meta property=\"article:publisher\" content=\"https:\/\/www.facebook.com\/LoopKingLaces\/\" \/>\n<meta property=\"article:modified_time\" content=\"2024-11-06T23:22:13+00:00\" \/>\n<meta property=\"og:image\" content=\"https:\/\/www.loopkinglaces.com\/wp-content\/uploads\/Mint-Green.jpg\" \/>\n\t<meta property=\"og:image:width\" content=\"1600\" \/>\n\t<meta property=\"og:image:height\" content=\"1478\" \/>\n\t<meta property=\"og:image:type\" content=\"image\/jpeg\" \/>\n<meta name=\"twitter:card\" content=\"summary_large_image\" \/>\n<meta name=\"twitter:site\" content=\"@loopkinglaces\" \/>\n<meta name=\"twitter:label1\" content=\"Gesch\u00e4tzte Lesezeit\" \/>\n\t<meta name=\"twitter:data1\" content=\"1\u00a0Minute\" \/>\n<script type=\"application\/ld+json\" class=\"yoast-schema-graph\">{\"@context\":\"https:\\\/\\\/schema.org\",\"@graph\":[{\"@type\":[\"WebPage\",\"ItemPage\"],\"@id\":\"https:\\\/\\\/www.loopkinglaces.com\\\/de\\\/products\\\/die-mintgruenen-schnuersenkel-die-deinen-tag-erhellen-und-deine-schuhe-aufwerten\\\/\",\"url\":\"https:\\\/\\\/www.loopkinglaces.com\\\/de\\\/products\\\/die-mintgruenen-schnuersenkel-die-deinen-tag-erhellen-und-deine-schuhe-aufwerten\\\/\",\"name\":\"Minzgr\u00fcne Schn\u00fcrsenkel, die deine Schuhe aufwerten und deine Laune verbessern\",\"isPartOf\":{\"@id\":\"https:\\\/\\\/www.loopkinglaces.com\\\/de\\\/#website\"},\"primaryImageOfPage\":{\"@id\":\"https:\\\/\\\/www.loopkinglaces.com\\\/de\\\/products\\\/die-mintgruenen-schnuersenkel-die-deinen-tag-erhellen-und-deine-schuhe-aufwerten\\\/#primaryimage\"},\"image\":{\"@id\":\"https:\\\/\\\/www.loopkinglaces.com\\\/de\\\/products\\\/die-mintgruenen-schnuersenkel-die-deinen-tag-erhellen-und-deine-schuhe-aufwerten\\\/#primaryimage\"},\"thumbnailUrl\":\"https:\\\/\\\/www.loopkinglaces.com\\\/wp-content\\\/uploads\\\/Mint-Green.jpg\",\"datePublished\":\"2023-03-13T05:24:24+00:00\",\"dateModified\":\"2024-11-06T23:22:13+00:00\",\"description\":\"Diese hochwertigen mintgr\u00fcnen Schn\u00fcrsenkel werden jedem Paar Schuhe in deinem Kleiderschrank die n\u00f6tige Fr\u00f6hlichkeit und Lebendigkeit verleihen.\",\"breadcrumb\":{\"@id\":\"https:\\\/\\\/www.loopkinglaces.com\\\/de\\\/products\\\/die-mintgruenen-schnuersenkel-die-deinen-tag-erhellen-und-deine-schuhe-aufwerten\\\/#breadcrumb\"},\"inLanguage\":\"de\",\"potentialAction\":[{\"@type\":\"ReadAction\",\"target\":[\"https:\\\/\\\/www.loopkinglaces.com\\\/de\\\/products\\\/die-mintgruenen-schnuersenkel-die-deinen-tag-erhellen-und-deine-schuhe-aufwerten\\\/\"]}]},{\"@type\":\"ImageObject\",\"inLanguage\":\"de\",\"@id\":\"https:\\\/\\\/www.loopkinglaces.com\\\/de\\\/products\\\/die-mintgruenen-schnuersenkel-die-deinen-tag-erhellen-und-deine-schuhe-aufwerten\\\/#primaryimage\",\"url\":\"https:\\\/\\\/www.loopkinglaces.com\\\/wp-content\\\/uploads\\\/Mint-Green.jpg\",\"contentUrl\":\"https:\\\/\\\/www.loopkinglaces.com\\\/wp-content\\\/uploads\\\/Mint-Green.jpg\",\"width\":1600,\"height\":1478},{\"@type\":\"BreadcrumbList\",\"@id\":\"https:\\\/\\\/www.loopkinglaces.com\\\/de\\\/products\\\/die-mintgruenen-schnuersenkel-die-deinen-tag-erhellen-und-deine-schuhe-aufwerten\\\/#breadcrumb\",\"itemListElement\":[{\"@type\":\"ListItem\",\"position\":1,\"name\":\"Home\",\"item\":\"https:\\\/\\\/www.loopkinglaces.com\\\/de\\\/\"},{\"@type\":\"ListItem\",\"position\":2,\"name\":\"Shop\",\"item\":\"https:\\\/\\\/www.loopkinglaces.com\\\/de\\\/shop\\\/\"},{\"@type\":\"ListItem\",\"position\":3,\"name\":\"Die mintgr\u00fcnen Schn\u00fcrsenkel, die deinen Tag erhellen und deine Schuhe aufwerten\"}]},{\"@type\":\"WebSite\",\"@id\":\"https:\\\/\\\/www.loopkinglaces.com\\\/de\\\/#website\",\"url\":\"https:\\\/\\\/www.loopkinglaces.com\\\/de\\\/\",\"name\":\"Luxury Gold Tip Shoelaces by Loop King Laces\",\"description\":\"Rope Laces, Flat Waxed Laces and Leather Laces. All With Gold Tips.\",\"publisher\":{\"@id\":\"https:\\\/\\\/www.loopkinglaces.com\\\/de\\\/#organization\"},\"potentialAction\":[{\"@type\":\"SearchAction\",\"target\":{\"@type\":\"EntryPoint\",\"urlTemplate\":\"https:\\\/\\\/www.loopkinglaces.com\\\/de\\\/?s={search_term_string}\"},\"query-input\":{\"@type\":\"PropertyValueSpecification\",\"valueRequired\":true,\"valueName\":\"search_term_string\"}}],\"inLanguage\":\"de\"},{\"@type\":\"Organization\",\"@id\":\"https:\\\/\\\/www.loopkinglaces.com\\\/de\\\/#organization\",\"name\":\"Loop King Laces\",\"url\":\"https:\\\/\\\/www.loopkinglaces.com\\\/de\\\/\",\"logo\":{\"@type\":\"ImageObject\",\"inLanguage\":\"de\",\"@id\":\"https:\\\/\\\/www.loopkinglaces.com\\\/de\\\/#\\\/schema\\\/logo\\\/image\\\/\",\"url\":\"https:\\\/\\\/www.loopkinglaces.com\\\/wp-content\\\/uploads\\\/LOOP-KING-LACES.1.1-01-LOGO-HI-RES-OFFICIAL-1.png\",\"contentUrl\":\"https:\\\/\\\/www.loopkinglaces.com\\\/wp-content\\\/uploads\\\/LOOP-KING-LACES.1.1-01-LOGO-HI-RES-OFFICIAL-1.png\",\"width\":128,\"height\":91,\"caption\":\"Loop King Laces\"},\"image\":{\"@id\":\"https:\\\/\\\/www.loopkinglaces.com\\\/de\\\/#\\\/schema\\\/logo\\\/image\\\/\"},\"sameAs\":[\"https:\\\/\\\/www.facebook.com\\\/LoopKingLaces\\\/\",\"https:\\\/\\\/x.com\\\/loopkinglaces\",\"https:\\\/\\\/www.instagram.com\\\/loopkinglaces\\\/\"]}]}<\/script>\n<!-- \/ Yoast SEO plugin. -->","yoast_head_json":{"title":"Minzgr\u00fcne Schn\u00fcrsenkel, die deine Schuhe aufwerten und deine Laune verbessern","description":"Diese hochwertigen mintgr\u00fcnen Schn\u00fcrsenkel werden jedem Paar Schuhe in deinem Kleiderschrank die n\u00f6tige Fr\u00f6hlichkeit und Lebendigkeit verleihen.","robots":{"index":"index","follow":"follow","max-snippet":"max-snippet:-1","max-image-preview":"max-image-preview:large","max-video-preview":"max-video-preview:-1"},"canonical":"https:\/\/www.loopkinglaces.com\/de\/products\/die-mintgruenen-schnuersenkel-die-deinen-tag-erhellen-und-deine-schuhe-aufwerten\/","og_locale":"de_DE","og_type":"article","og_title":"Minzgr\u00fcne Schn\u00fcrsenkel, die deine Schuhe aufwerten und deine Laune verbessern","og_description":"Diese hochwertigen mintgr\u00fcnen Schn\u00fcrsenkel werden jedem Paar Schuhe in deinem Kleiderschrank die n\u00f6tige Fr\u00f6hlichkeit und Lebendigkeit verleihen.","og_url":"https:\/\/www.loopkinglaces.com\/de\/products\/die-mintgruenen-schnuersenkel-die-deinen-tag-erhellen-und-deine-schuhe-aufwerten\/","og_site_name":"Luxury Gold Tip Shoelaces by Loop King Laces","article_publisher":"https:\/\/www.facebook.com\/LoopKingLaces\/","article_modified_time":"2024-11-06T23:22:13+00:00","og_image":[{"width":1600,"height":1478,"url":"https:\/\/www.loopkinglaces.com\/wp-content\/uploads\/Mint-Green.jpg","type":"image\/jpeg"}],"twitter_card":"summary_large_image","twitter_site":"@loopkinglaces","twitter_misc":{"Gesch\u00e4tzte Lesezeit":"1\u00a0Minute"},"schema":{"@context":"https:\/\/schema.org","@graph":[{"@type":["WebPage","ItemPage"],"@id":"https:\/\/www.loopkinglaces.com\/de\/products\/die-mintgruenen-schnuersenkel-die-deinen-tag-erhellen-und-deine-schuhe-aufwerten\/","url":"https:\/\/www.loopkinglaces.com\/de\/products\/die-mintgruenen-schnuersenkel-die-deinen-tag-erhellen-und-deine-schuhe-aufwerten\/","name":"Minzgr\u00fcne Schn\u00fcrsenkel, die deine Schuhe aufwerten und deine Laune verbessern","isPartOf":{"@id":"https:\/\/www.loopkinglaces.com\/de\/#website"},"primaryImageOfPage":{"@id":"https:\/\/www.loopkinglaces.com\/de\/products\/die-mintgruenen-schnuersenkel-die-deinen-tag-erhellen-und-deine-schuhe-aufwerten\/#primaryimage"},"image":{"@id":"https:\/\/www.loopkinglaces.com\/de\/products\/die-mintgruenen-schnuersenkel-die-deinen-tag-erhellen-und-deine-schuhe-aufwerten\/#primaryimage"},"thumbnailUrl":"https:\/\/www.loopkinglaces.com\/wp-content\/uploads\/Mint-Green.jpg","datePublished":"2023-03-13T05:24:24+00:00","dateModified":"2024-11-06T23:22:13+00:00","description":"Diese hochwertigen mintgr\u00fcnen Schn\u00fcrsenkel werden jedem Paar Schuhe in deinem Kleiderschrank die n\u00f6tige Fr\u00f6hlichkeit und Lebendigkeit verleihen.","breadcrumb":{"@id":"https:\/\/www.loopkinglaces.com\/de\/products\/die-mintgruenen-schnuersenkel-die-deinen-tag-erhellen-und-deine-schuhe-aufwerten\/#breadcrumb"},"inLanguage":"de","potentialAction":[{"@type":"ReadAction","target":["https:\/\/www.loopkinglaces.com\/de\/products\/die-mintgruenen-schnuersenkel-die-deinen-tag-erhellen-und-deine-schuhe-aufwerten\/"]}]},{"@type":"ImageObject","inLanguage":"de","@id":"https:\/\/www.loopkinglaces.com\/de\/products\/die-mintgruenen-schnuersenkel-die-deinen-tag-erhellen-und-deine-schuhe-aufwerten\/#primaryimage","url":"https:\/\/www.loopkinglaces.com\/wp-content\/uploads\/Mint-Green.jpg","contentUrl":"https:\/\/www.loopkinglaces.com\/wp-content\/uploads\/Mint-Green.jpg","width":1600,"height":1478},{"@type":"BreadcrumbList","@id":"https:\/\/www.loopkinglaces.com\/de\/products\/die-mintgruenen-schnuersenkel-die-deinen-tag-erhellen-und-deine-schuhe-aufwerten\/#breadcrumb","itemListElement":[{"@type":"ListItem","position":1,"name":"Home","item":"https:\/\/www.loopkinglaces.com\/de\/"},{"@type":"ListItem","position":2,"name":"Shop","item":"https:\/\/www.loopkinglaces.com\/de\/shop\/"},{"@type":"ListItem","position":3,"name":"Die mintgr\u00fcnen Schn\u00fcrsenkel, die deinen Tag erhellen und deine Schuhe aufwerten"}]},{"@type":"WebSite","@id":"https:\/\/www.loopkinglaces.com\/de\/#website","url":"https:\/\/www.loopkinglaces.com\/de\/","name":"Luxury Gold Tip Shoelaces by Loop King Laces","description":"Rope Laces, Flat Waxed Laces and Leather Laces. All With Gold Tips.","publisher":{"@id":"https:\/\/www.loopkinglaces.com\/de\/#organization"},"potentialAction":[{"@type":"SearchAction","target":{"@type":"EntryPoint","urlTemplate":"https:\/\/www.loopkinglaces.com\/de\/?s={search_term_string}"},"query-input":{"@type":"PropertyValueSpecification","valueRequired":true,"valueName":"search_term_string"}}],"inLanguage":"de"},{"@type":"Organization","@id":"https:\/\/www.loopkinglaces.com\/de\/#organization","name":"Loop King Laces","url":"https:\/\/www.loopkinglaces.com\/de\/","logo":{"@type":"ImageObject","inLanguage":"de","@id":"https:\/\/www.loopkinglaces.com\/de\/#\/schema\/logo\/image\/","url":"https:\/\/www.loopkinglaces.com\/wp-content\/uploads\/LOOP-KING-LACES.1.1-01-LOGO-HI-RES-OFFICIAL-1.png","contentUrl":"https:\/\/www.loopkinglaces.com\/wp-content\/uploads\/LOOP-KING-LACES.1.1-01-LOGO-HI-RES-OFFICIAL-1.png","width":128,"height":91,"caption":"Loop King Laces"},"image":{"@id":"https:\/\/www.loopkinglaces.com\/de\/#\/schema\/logo\/image\/"},"sameAs":["https:\/\/www.facebook.com\/LoopKingLaces\/","https:\/\/x.com\/loopkinglaces","https:\/\/www.instagram.com\/loopkinglaces\/"]}]}},"_links":{"self":[{"href":"https:\/\/www.loopkinglaces.com\/de\/wp-json\/wp\/v2\/product\/67686","targetHints":{"allow":["GET"]}}],"collection":[{"href":"https:\/\/www.loopkinglaces.com\/de\/wp-json\/wp\/v2\/product"}],"about":[{"href":"https:\/\/www.loopkinglaces.com\/de\/wp-json\/wp\/v2\/types\/product"}],"replies":[{"embeddable":true,"href":"https:\/\/www.loopkinglaces.com\/de\/wp-json\/wp\/v2\/comments?post=67686"}],"wp:featuredmedia":[{"embeddable":true,"href":"https:\/\/www.loopkinglaces.com\/de\/wp-json\/wp\/v2\/media\/58391"}],"wp:attachment":[{"href":"https:\/\/www.loopkinglaces.com\/de\/wp-json\/wp\/v2\/media?parent=67686"}],"wp:term":[{"taxonomy":"product_brand","embeddable":true,"href":"https:\/\/www.loopkinglaces.com\/de\/wp-json\/wp\/v2\/product_brand?post=67686"},{"taxonomy":"product_cat","embeddable":true,"href":"https:\/\/www.loopkinglaces.com\/de\/wp-json\/wp\/v2\/product_cat?post=67686"},{"taxonomy":"product_tag","embeddable":true,"href":"https:\/\/www.loopkinglaces.com\/de\/wp-json\/wp\/v2\/product_tag?post=67686"},{"taxonomy":"woo-feed-brand","embeddable":true,"href":"https:\/\/www.loopkinglaces.com\/de\/wp-json\/wp\/v2\/woo-feed-brand?post=67686"}],"curies":[{"name":"wp","href":"https:\/\/api.w.org\/{rel}","templated":true}]}}