{"id":67680,"date":"2023-01-16T13:28:55","date_gmt":"2023-01-16T13:28:55","guid":{"rendered":"https:\/\/www.loopkinglaces.com\/products\/olive-no-tie-boot-schnuersenkel-71-zoll\/"},"modified":"2024-11-06T23:27:51","modified_gmt":"2024-11-06T23:27:51","slug":"olive-no-tie-boot-schnuersenkel-71-zoll","status":"publish","type":"product","link":"https:\/\/www.loopkinglaces.com\/de\/products\/olive-no-tie-boot-schnuersenkel-71-zoll\/","title":{"rendered":"Olive No-Tie BOOT Schn\u00fcrsenkel &#8211; 71 Zoll"},"content":{"rendered":"<p>Gib deinen Sneakern ein Upgrade mit den revolution\u00e4ren Schn\u00fcrsenkeln ohne Bindung &#8211; perfekt f\u00fcr den Komfort und stylisch genug, um einen bleibenden Eindruck zu hinterlassen.<br \/>\nDas Binden von Schn\u00fcrsenkeln geh\u00f6rt jetzt der Vergangenheit an: Zieh einfach oben am Verschluss, zieh sie an und l\u00f6se sie unten, wenn es Zeit ist, sie auszuziehen!<br \/>\nDiese fantastischen Schn\u00fcrsenkel bieten au\u00dferdem eine unschlagbare Qualit\u00e4t, die du nirgendwo anders findest: Sie sind so konzipiert, dass sie dreimal so lange halten wie andere Marken.<br \/>\nMit diesen au\u00dfergew\u00f6hnlichen Schn\u00fcrsenkeln gibt es wirklich keine Grenzen in Sachen Stil und Funktion.<\/p>\n","protected":false},"excerpt":{"rendered":"<p><strong>Olive No-Tie Boot Laces<\/strong> Ver\u00e4ndere die Art und Weise, wie du deine Sneaker tr\u00e4gst, mit Schn\u00fcrsenkeln ohne B\u00e4nder.<br \/>\nSie sparen nicht nur Zeit, sondern bieten auch einen einzigartigen Look f\u00fcr jede Gelegenheit!<br \/>\nDer Verschlussmechanismus funktioniert \u00e4hnlich wie ein Rei\u00dfverschluss an deinem Mantel &#8211; zieh ihn nach oben oder unten, je nachdem, ob du sie sichern und festziehen oder schnell und einfach ausziehen willst.<br \/>\nAu\u00dferdem ist die Qualit\u00e4t der Schn\u00fcrsenkel im Vergleich zu anderen Marken besonders langlebig &#8211; sie halten dreimal so lange wie herk\u00f6mmliche Schn\u00fcrsenkel.<\/p>\n<ul>\n<li>180 cm<\/li>\n<li>Hochwertige Materialien<\/li>\n<li>Haltent <strong>3 Mal l\u00e4nger<\/strong> als andere Marken<\/li>\n<li>Sch\u00f6ne Loop King Verpackung<\/li>\n<\/ul>\n","protected":false},"featured_media":58343,"comment_status":"open","ping_status":"closed","template":"","meta":{"_acf_changed":false},"product_brand":[],"product_cat":[590,631,716,728,864,753,809,867,863,868,1838,773,865,870],"product_tag":[781,783,635,638,738,734,636,782],"woo-feed-brand":[],"class_list":{"0":"post-67680","1":"product","2":"type-product","3":"status-publish","4":"has-post-thumbnail","6":"product_cat-all-shoelaces","7":"product_cat-brooks-shoelaces-a-subtle-touch-to-elevate-your-foot-game","8":"product_cat-coil-shoelaces-de","9":"product_cat-hey-dude-schnursenkel-ohne-schnursenkel-sind-das-neue-cool","10":"product_cat-hickies-schnursenkel-mein-kleines-geheimnis-fur-einen-unbeschwerten-morgen","11":"product_cat-lace-up-with-luxury-der-ultimative-leitfaden-fur-84-inch-stiefelschnursenkel","12":"product_cat-militarische-schnursenkel-schnuren-wie-ein-profi","13":"product_cat-schnelle-schnursenkel-alte-bindungsgewohnheiten-ablegen","14":"product_cat-schnursenkel-ohne-schnursenkel-die-zeit-sparen-und-fantastisch-aussehen","15":"product_cat-schnursenkel-verankerungen-keine-stolperfallen-mehr-nur-noch-tricks","16":"product_cat-shoe-fasteners-de","17":"product_cat-sorel-schnursenkel-mehr-als-nur-eine-schnur-an-deiner-sohle","18":"product_cat-speed-laces-die-revolution-in-der-schuhmode","19":"product_cat-zeitsparende-schnursenkel-ohne-bindung-mit-einem-eleganten-sinn-fur-stil","20":"product_tag-flach-gewachst","21":"product_tag-gewachst","22":"product_tag-loop-king-de","23":"product_tag-metal-tip-de","24":"product_tag-schnursenkel-mit-goldspitze","25":"product_tag-schwarz","26":"product_tag-shoelaces-de","27":"product_tag-wohnung","29":"first","30":"instock","31":"taxable","32":"shipping-taxable","33":"product-type-variable"},"acf":[],"yoast_head":"<!-- This site is optimized with the Yoast SEO plugin v27.4 - https:\/\/yoast.com\/product\/yoast-seo-wordpress\/ -->\n<title>Olive No-Tie Boot Schn\u00fcrsenkel - Von Loop King<\/title>\n<meta name=\"description\" content=\"Spare Zeit und vermeide Stolperfallen mit diesen schn\u00fcrsenkellosen Schn\u00fcrsenkeln! Mit ihrem stilvollen Design siehst du toll aus und bist gleichzeitig vor St\u00fcrzen durch nicht gebundene Schn\u00fcrsenkel gesch\u00fctzt.\" \/>\n<meta name=\"robots\" content=\"index, follow, max-snippet:-1, max-image-preview:large, max-video-preview:-1\" \/>\n<link rel=\"canonical\" href=\"https:\/\/www.loopkinglaces.com\/de\/products\/olive-no-tie-boot-schnuersenkel-71-zoll\/\" \/>\n<meta property=\"og:locale\" content=\"de_DE\" \/>\n<meta property=\"og:type\" content=\"article\" \/>\n<meta property=\"og:title\" content=\"Olive No-Tie Boot Schn\u00fcrsenkel - Von Loop King\" \/>\n<meta property=\"og:description\" content=\"Spare Zeit und vermeide Stolperfallen mit diesen schn\u00fcrsenkellosen Schn\u00fcrsenkeln! Mit ihrem stilvollen Design siehst du toll aus und bist gleichzeitig vor St\u00fcrzen durch nicht gebundene Schn\u00fcrsenkel gesch\u00fctzt.\" \/>\n<meta property=\"og:url\" content=\"https:\/\/www.loopkinglaces.com\/de\/products\/olive-no-tie-boot-schnuersenkel-71-zoll\/\" \/>\n<meta property=\"og:site_name\" content=\"Luxury Gold Tip Shoelaces by Loop King Laces\" \/>\n<meta property=\"article:publisher\" content=\"https:\/\/www.facebook.com\/LoopKingLaces\/\" \/>\n<meta property=\"article:modified_time\" content=\"2024-11-06T23:27:51+00:00\" \/>\n<meta property=\"og:image\" content=\"https:\/\/www.loopkinglaces.com\/wp-content\/uploads\/1216A-131-scaled.jpg\" \/>\n\t<meta property=\"og:image:width\" content=\"1600\" \/>\n\t<meta property=\"og:image:height\" content=\"1067\" \/>\n\t<meta property=\"og:image:type\" content=\"image\/jpeg\" \/>\n<meta name=\"twitter:card\" content=\"summary_large_image\" \/>\n<meta name=\"twitter:site\" content=\"@loopkinglaces\" \/>\n<meta name=\"twitter:label1\" content=\"Gesch\u00e4tzte Lesezeit\" \/>\n\t<meta name=\"twitter:data1\" content=\"1\u00a0Minute\" \/>\n<script type=\"application\/ld+json\" class=\"yoast-schema-graph\">{\"@context\":\"https:\\\/\\\/schema.org\",\"@graph\":[{\"@type\":[\"WebPage\",\"ItemPage\"],\"@id\":\"https:\\\/\\\/www.loopkinglaces.com\\\/de\\\/products\\\/olive-no-tie-boot-schnuersenkel-71-zoll\\\/\",\"url\":\"https:\\\/\\\/www.loopkinglaces.com\\\/de\\\/products\\\/olive-no-tie-boot-schnuersenkel-71-zoll\\\/\",\"name\":\"Olive No-Tie Boot Schn\u00fcrsenkel - Von Loop King\",\"isPartOf\":{\"@id\":\"https:\\\/\\\/www.loopkinglaces.com\\\/de\\\/#website\"},\"primaryImageOfPage\":{\"@id\":\"https:\\\/\\\/www.loopkinglaces.com\\\/de\\\/products\\\/olive-no-tie-boot-schnuersenkel-71-zoll\\\/#primaryimage\"},\"image\":{\"@id\":\"https:\\\/\\\/www.loopkinglaces.com\\\/de\\\/products\\\/olive-no-tie-boot-schnuersenkel-71-zoll\\\/#primaryimage\"},\"thumbnailUrl\":\"https:\\\/\\\/www.loopkinglaces.com\\\/wp-content\\\/uploads\\\/1216A-131-scaled.jpg\",\"datePublished\":\"2023-01-16T13:28:55+00:00\",\"dateModified\":\"2024-11-06T23:27:51+00:00\",\"description\":\"Spare Zeit und vermeide Stolperfallen mit diesen schn\u00fcrsenkellosen Schn\u00fcrsenkeln! Mit ihrem stilvollen Design siehst du toll aus und bist gleichzeitig vor St\u00fcrzen durch nicht gebundene Schn\u00fcrsenkel gesch\u00fctzt.\",\"breadcrumb\":{\"@id\":\"https:\\\/\\\/www.loopkinglaces.com\\\/de\\\/products\\\/olive-no-tie-boot-schnuersenkel-71-zoll\\\/#breadcrumb\"},\"inLanguage\":\"de\",\"potentialAction\":[{\"@type\":\"ReadAction\",\"target\":[\"https:\\\/\\\/www.loopkinglaces.com\\\/de\\\/products\\\/olive-no-tie-boot-schnuersenkel-71-zoll\\\/\"]}]},{\"@type\":\"ImageObject\",\"inLanguage\":\"de\",\"@id\":\"https:\\\/\\\/www.loopkinglaces.com\\\/de\\\/products\\\/olive-no-tie-boot-schnuersenkel-71-zoll\\\/#primaryimage\",\"url\":\"https:\\\/\\\/www.loopkinglaces.com\\\/wp-content\\\/uploads\\\/1216A-131-scaled.jpg\",\"contentUrl\":\"https:\\\/\\\/www.loopkinglaces.com\\\/wp-content\\\/uploads\\\/1216A-131-scaled.jpg\",\"width\":1600,\"height\":1067},{\"@type\":\"BreadcrumbList\",\"@id\":\"https:\\\/\\\/www.loopkinglaces.com\\\/de\\\/products\\\/olive-no-tie-boot-schnuersenkel-71-zoll\\\/#breadcrumb\",\"itemListElement\":[{\"@type\":\"ListItem\",\"position\":1,\"name\":\"Home\",\"item\":\"https:\\\/\\\/www.loopkinglaces.com\\\/de\\\/\"},{\"@type\":\"ListItem\",\"position\":2,\"name\":\"Shop\",\"item\":\"https:\\\/\\\/www.loopkinglaces.com\\\/de\\\/shop\\\/\"},{\"@type\":\"ListItem\",\"position\":3,\"name\":\"Olive No-Tie BOOT Schn\u00fcrsenkel &#8211; 71 Zoll\"}]},{\"@type\":\"WebSite\",\"@id\":\"https:\\\/\\\/www.loopkinglaces.com\\\/de\\\/#website\",\"url\":\"https:\\\/\\\/www.loopkinglaces.com\\\/de\\\/\",\"name\":\"Luxury Gold Tip Shoelaces by Loop King Laces\",\"description\":\"Rope Laces, Flat Waxed Laces and Leather Laces. All With Gold Tips.\",\"publisher\":{\"@id\":\"https:\\\/\\\/www.loopkinglaces.com\\\/de\\\/#organization\"},\"potentialAction\":[{\"@type\":\"SearchAction\",\"target\":{\"@type\":\"EntryPoint\",\"urlTemplate\":\"https:\\\/\\\/www.loopkinglaces.com\\\/de\\\/?s={search_term_string}\"},\"query-input\":{\"@type\":\"PropertyValueSpecification\",\"valueRequired\":true,\"valueName\":\"search_term_string\"}}],\"inLanguage\":\"de\"},{\"@type\":\"Organization\",\"@id\":\"https:\\\/\\\/www.loopkinglaces.com\\\/de\\\/#organization\",\"name\":\"Loop King Laces\",\"url\":\"https:\\\/\\\/www.loopkinglaces.com\\\/de\\\/\",\"logo\":{\"@type\":\"ImageObject\",\"inLanguage\":\"de\",\"@id\":\"https:\\\/\\\/www.loopkinglaces.com\\\/de\\\/#\\\/schema\\\/logo\\\/image\\\/\",\"url\":\"https:\\\/\\\/www.loopkinglaces.com\\\/wp-content\\\/uploads\\\/LOOP-KING-LACES.1.1-01-LOGO-HI-RES-OFFICIAL-1.png\",\"contentUrl\":\"https:\\\/\\\/www.loopkinglaces.com\\\/wp-content\\\/uploads\\\/LOOP-KING-LACES.1.1-01-LOGO-HI-RES-OFFICIAL-1.png\",\"width\":128,\"height\":91,\"caption\":\"Loop King Laces\"},\"image\":{\"@id\":\"https:\\\/\\\/www.loopkinglaces.com\\\/de\\\/#\\\/schema\\\/logo\\\/image\\\/\"},\"sameAs\":[\"https:\\\/\\\/www.facebook.com\\\/LoopKingLaces\\\/\",\"https:\\\/\\\/x.com\\\/loopkinglaces\",\"https:\\\/\\\/www.instagram.com\\\/loopkinglaces\\\/\"]}]}<\/script>\n<!-- \/ Yoast SEO plugin. -->","yoast_head_json":{"title":"Olive No-Tie Boot Schn\u00fcrsenkel - Von Loop King","description":"Spare Zeit und vermeide Stolperfallen mit diesen schn\u00fcrsenkellosen Schn\u00fcrsenkeln! Mit ihrem stilvollen Design siehst du toll aus und bist gleichzeitig vor St\u00fcrzen durch nicht gebundene Schn\u00fcrsenkel gesch\u00fctzt.","robots":{"index":"index","follow":"follow","max-snippet":"max-snippet:-1","max-image-preview":"max-image-preview:large","max-video-preview":"max-video-preview:-1"},"canonical":"https:\/\/www.loopkinglaces.com\/de\/products\/olive-no-tie-boot-schnuersenkel-71-zoll\/","og_locale":"de_DE","og_type":"article","og_title":"Olive No-Tie Boot Schn\u00fcrsenkel - Von Loop King","og_description":"Spare Zeit und vermeide Stolperfallen mit diesen schn\u00fcrsenkellosen Schn\u00fcrsenkeln! Mit ihrem stilvollen Design siehst du toll aus und bist gleichzeitig vor St\u00fcrzen durch nicht gebundene Schn\u00fcrsenkel gesch\u00fctzt.","og_url":"https:\/\/www.loopkinglaces.com\/de\/products\/olive-no-tie-boot-schnuersenkel-71-zoll\/","og_site_name":"Luxury Gold Tip Shoelaces by Loop King Laces","article_publisher":"https:\/\/www.facebook.com\/LoopKingLaces\/","article_modified_time":"2024-11-06T23:27:51+00:00","og_image":[{"width":1600,"height":1067,"url":"https:\/\/www.loopkinglaces.com\/wp-content\/uploads\/1216A-131-scaled.jpg","type":"image\/jpeg"}],"twitter_card":"summary_large_image","twitter_site":"@loopkinglaces","twitter_misc":{"Gesch\u00e4tzte Lesezeit":"1\u00a0Minute"},"schema":{"@context":"https:\/\/schema.org","@graph":[{"@type":["WebPage","ItemPage"],"@id":"https:\/\/www.loopkinglaces.com\/de\/products\/olive-no-tie-boot-schnuersenkel-71-zoll\/","url":"https:\/\/www.loopkinglaces.com\/de\/products\/olive-no-tie-boot-schnuersenkel-71-zoll\/","name":"Olive No-Tie Boot Schn\u00fcrsenkel - Von Loop King","isPartOf":{"@id":"https:\/\/www.loopkinglaces.com\/de\/#website"},"primaryImageOfPage":{"@id":"https:\/\/www.loopkinglaces.com\/de\/products\/olive-no-tie-boot-schnuersenkel-71-zoll\/#primaryimage"},"image":{"@id":"https:\/\/www.loopkinglaces.com\/de\/products\/olive-no-tie-boot-schnuersenkel-71-zoll\/#primaryimage"},"thumbnailUrl":"https:\/\/www.loopkinglaces.com\/wp-content\/uploads\/1216A-131-scaled.jpg","datePublished":"2023-01-16T13:28:55+00:00","dateModified":"2024-11-06T23:27:51+00:00","description":"Spare Zeit und vermeide Stolperfallen mit diesen schn\u00fcrsenkellosen Schn\u00fcrsenkeln! Mit ihrem stilvollen Design siehst du toll aus und bist gleichzeitig vor St\u00fcrzen durch nicht gebundene Schn\u00fcrsenkel gesch\u00fctzt.","breadcrumb":{"@id":"https:\/\/www.loopkinglaces.com\/de\/products\/olive-no-tie-boot-schnuersenkel-71-zoll\/#breadcrumb"},"inLanguage":"de","potentialAction":[{"@type":"ReadAction","target":["https:\/\/www.loopkinglaces.com\/de\/products\/olive-no-tie-boot-schnuersenkel-71-zoll\/"]}]},{"@type":"ImageObject","inLanguage":"de","@id":"https:\/\/www.loopkinglaces.com\/de\/products\/olive-no-tie-boot-schnuersenkel-71-zoll\/#primaryimage","url":"https:\/\/www.loopkinglaces.com\/wp-content\/uploads\/1216A-131-scaled.jpg","contentUrl":"https:\/\/www.loopkinglaces.com\/wp-content\/uploads\/1216A-131-scaled.jpg","width":1600,"height":1067},{"@type":"BreadcrumbList","@id":"https:\/\/www.loopkinglaces.com\/de\/products\/olive-no-tie-boot-schnuersenkel-71-zoll\/#breadcrumb","itemListElement":[{"@type":"ListItem","position":1,"name":"Home","item":"https:\/\/www.loopkinglaces.com\/de\/"},{"@type":"ListItem","position":2,"name":"Shop","item":"https:\/\/www.loopkinglaces.com\/de\/shop\/"},{"@type":"ListItem","position":3,"name":"Olive No-Tie BOOT Schn\u00fcrsenkel &#8211; 71 Zoll"}]},{"@type":"WebSite","@id":"https:\/\/www.loopkinglaces.com\/de\/#website","url":"https:\/\/www.loopkinglaces.com\/de\/","name":"Luxury Gold Tip Shoelaces by Loop King Laces","description":"Rope Laces, Flat Waxed Laces and Leather Laces. All With Gold Tips.","publisher":{"@id":"https:\/\/www.loopkinglaces.com\/de\/#organization"},"potentialAction":[{"@type":"SearchAction","target":{"@type":"EntryPoint","urlTemplate":"https:\/\/www.loopkinglaces.com\/de\/?s={search_term_string}"},"query-input":{"@type":"PropertyValueSpecification","valueRequired":true,"valueName":"search_term_string"}}],"inLanguage":"de"},{"@type":"Organization","@id":"https:\/\/www.loopkinglaces.com\/de\/#organization","name":"Loop King Laces","url":"https:\/\/www.loopkinglaces.com\/de\/","logo":{"@type":"ImageObject","inLanguage":"de","@id":"https:\/\/www.loopkinglaces.com\/de\/#\/schema\/logo\/image\/","url":"https:\/\/www.loopkinglaces.com\/wp-content\/uploads\/LOOP-KING-LACES.1.1-01-LOGO-HI-RES-OFFICIAL-1.png","contentUrl":"https:\/\/www.loopkinglaces.com\/wp-content\/uploads\/LOOP-KING-LACES.1.1-01-LOGO-HI-RES-OFFICIAL-1.png","width":128,"height":91,"caption":"Loop King Laces"},"image":{"@id":"https:\/\/www.loopkinglaces.com\/de\/#\/schema\/logo\/image\/"},"sameAs":["https:\/\/www.facebook.com\/LoopKingLaces\/","https:\/\/x.com\/loopkinglaces","https:\/\/www.instagram.com\/loopkinglaces\/"]}]}},"_links":{"self":[{"href":"https:\/\/www.loopkinglaces.com\/de\/wp-json\/wp\/v2\/product\/67680","targetHints":{"allow":["GET"]}}],"collection":[{"href":"https:\/\/www.loopkinglaces.com\/de\/wp-json\/wp\/v2\/product"}],"about":[{"href":"https:\/\/www.loopkinglaces.com\/de\/wp-json\/wp\/v2\/types\/product"}],"replies":[{"embeddable":true,"href":"https:\/\/www.loopkinglaces.com\/de\/wp-json\/wp\/v2\/comments?post=67680"}],"wp:featuredmedia":[{"embeddable":true,"href":"https:\/\/www.loopkinglaces.com\/de\/wp-json\/wp\/v2\/media\/58343"}],"wp:attachment":[{"href":"https:\/\/www.loopkinglaces.com\/de\/wp-json\/wp\/v2\/media?parent=67680"}],"wp:term":[{"taxonomy":"product_brand","embeddable":true,"href":"https:\/\/www.loopkinglaces.com\/de\/wp-json\/wp\/v2\/product_brand?post=67680"},{"taxonomy":"product_cat","embeddable":true,"href":"https:\/\/www.loopkinglaces.com\/de\/wp-json\/wp\/v2\/product_cat?post=67680"},{"taxonomy":"product_tag","embeddable":true,"href":"https:\/\/www.loopkinglaces.com\/de\/wp-json\/wp\/v2\/product_tag?post=67680"},{"taxonomy":"woo-feed-brand","embeddable":true,"href":"https:\/\/www.loopkinglaces.com\/de\/wp-json\/wp\/v2\/woo-feed-brand?post=67680"}],"curies":[{"name":"wp","href":"https:\/\/api.w.org\/{rel}","templated":true}]}}