{"id":67678,"date":"2023-03-13T02:42:43","date_gmt":"2023-03-13T02:42:43","guid":{"rendered":"https:\/\/www.loopkinglaces.com\/products\/lebendige-regenbogen-schnuersenkel-bringen-leben-in-dein-schuhwerk\/"},"modified":"2024-11-06T23:23:27","modified_gmt":"2024-11-06T23:23:27","slug":"lebendige-regenbogen-schnuersenkel-bringen-leben-in-dein-schuhwerk","status":"publish","type":"product","link":"https:\/\/www.loopkinglaces.com\/de\/products\/lebendige-regenbogen-schnuersenkel-bringen-leben-in-dein-schuhwerk\/","title":{"rendered":"Lebendige Regenbogen-Schn\u00fcrsenkel bringen Leben in dein Schuhwerk"},"content":{"rendered":"<p>F\u00fcr ein zus\u00e4tzliches optisches Flair sind unsere regenbogenfarbenen Schn\u00fcrsenkel mit gepr\u00e4gten goldenen \u00d6sen versehen, die hervorragend aussehen und die Enden vor dem Ausfransen sch\u00fctzen.<br \/>\nDie \u00d6sen sind ein wichtiger Grund daf\u00fcr, dass LoopKing-Schn\u00fcrsenkel <strong>bis zu 3x l\u00e4nger halten als andere Marken<\/strong>.<br \/>\nNicht jeder Schuhtyp hat die gleiche Anzahl von \u00d6sen. Deshalb stellen wir verschiedene L\u00e4ngen her, damit du es bequem hast.<br \/>\nUm herauszufinden, welche L\u00e4nge zu deinen Schuhen passt, z\u00e4hle die Anzahl der \u00d6sen und sieh dann in unserer <a href=\"https:\/\/www.loopkinglaces.com\/shoelace-length-chart\/\" target=\"_blank\" rel=\"noopener\">Gr\u00f6\u00dfentabelle<\/a> nach<span style=\"font-weight: 400;\">. <\/span><\/p>\n","protected":false},"excerpt":{"rendered":"<p><strong>Regenbogen-Schn\u00fcrsenkel bringen Farbe und Spannung in deine SchuheSelbst<\/strong><i>die besten Sneaker brauchen manchmal ein Upgrade, vor allem wenn es ihnen an Lebendigkeit und Luxus fehlt<\/i>.<br \/>\nUnsere <strong>opulenten regenbogenfarbenen Schn\u00fcrsenkel<\/strong> mit goldfarbenen Spitzen sind die <strong>perfekte M\u00f6glichkeit, ein Paar schwarze, wei\u00dfe oder graue Sneaker aufzupeppen. <\/strong> Au\u00dferdem passen sie zu jeder Farbe und zu jedem Schuhtyp, einschlie\u00dflich Laufschuhen, Turnschuhen, High-Tops und mehr.<br \/>\nEgal, ob du mit Freunden essen gehst oder einfach nur zu Hause rumh\u00e4ngst, diese erstklassigen Regenbogen-Schn\u00fcrsenkel passen zu jeder Gelegenheit. <i>Dank der hochwertigen Materialien und der auff\u00e4lligen Farben wird niemand mehr deine Schuhe \u00fcbersehen<\/i> k\u00f6nnen.<br \/>\nSieh dir unten unsere vollst\u00e4ndige Liste der Eigenschaften an:<\/p>\n<ul>\n<li style=\"font-weight: 400;\" aria-level=\"1\">Hochwertige Materialien<\/li>\n<li style=\"font-weight: 400;\" aria-level=\"1\">Gepr\u00e4gte Goldperlen-Spitzen<\/li>\n<li style=\"font-weight: 400;\" aria-level=\"1\">Halten bis zu 3x l\u00e4nger als andere Marken<\/li>\n<li style=\"font-weight: 400;\" aria-level=\"1\">Alle Farben des Regenbogens<\/li>\n<li style=\"font-weight: 400;\" aria-level=\"1\">Versiegelte &amp; atemberaubende Verpackung<\/li>\n<li style=\"font-weight: 400;\" aria-level=\"1\">In verschiedene L\u00e4ngen verf\u00fcgbar<\/li>\n<\/ul>\n","protected":false},"featured_media":58389,"comment_status":"open","ping_status":"closed","template":"","meta":{"_acf_changed":false},"product_brand":[],"product_cat":[617,590,703,619,621,777,871,758,771,606,767,768,592,729,805,754,760,776],"product_tag":[781,783,635,638,738,734,636,782],"woo-feed-brand":[],"class_list":{"0":"post-67678","1":"product","2":"type-product","3":"status-publish","4":"has-post-thumbnail","6":"product_cat-36-inch-shoelaces-de","7":"product_cat-all-shoelaces","8":"product_cat-asics-shoe-laces-customize-your-footwear","9":"product_cat-choose-from-our-high-class-colored-shoelaces-collection","10":"product_cat-colorful-converse-high-top-laces-that-look-fab-fly","11":"product_cat-eiskunstlauf-schnursenkel-der-unbesungene-held-auf-dem-eis","12":"product_cat-kandi-schnursenkel-das-ultimative-style-glow-up","13":"product_cat-modische-farbige-schnursenkel-fur-turnschuhe","14":"product_cat-on-cloud-shoe-strings-eine-spitze-nach-der-anderen-fur-bessere-schuhe","15":"product_cat-premier-doc-marten-laces-revamp-your-shoes","16":"product_cat-premium-baumwollschnursenkel-die-andere-marken-in-jeder-hinsicht-ubertreffen","17":"product_cat-schnursenkel-aus-bandern-ein-game-changer-in-der-schuhmode","18":"product_cat-schnursenkel-mit-goldspitze","19":"product_cat-skechers-schnursenkel-auf-hochstem-niveau-die-fur-spannung-wert-und-komfort-sorgen","20":"product_cat-snowboard-boot-laces-ein-schritt-voraus-in-deinem-riding-game","21":"product_cat-tie-dye-schnursenkel-ein-flippiger-spin-auf-klassischem-schuhwerk","22":"product_cat-umwerfende-jordan-5-schnurverschlusse-machen-das-schuhebinden-uberflussig","23":"product_cat-warum-schnursenkel-beim-laufen-wichtiger-sind-als-du-denkst","24":"product_tag-flach-gewachst","25":"product_tag-gewachst","26":"product_tag-loop-king-de","27":"product_tag-metal-tip-de","28":"product_tag-schnursenkel-mit-goldspitze","29":"product_tag-schwarz","30":"product_tag-shoelaces-de","31":"product_tag-wohnung","33":"first","34":"instock","35":"taxable","36":"shipping-taxable","37":"purchasable","38":"product-type-variable"},"acf":[],"yoast_head":"<!-- This site is optimized with the Yoast SEO plugin v27.4 - https:\/\/yoast.com\/product\/yoast-seo-wordpress\/ -->\n<title>Regenbogen-Schn\u00fcrsenkel f\u00fcr mehr Farbe und Spannung in deinen Schuhen<\/title>\n<meta name=\"description\" content=\"Ist dein Schuhwerk eher langweilig? Dann solltest du sie mit diesen auff\u00e4lligen regenbogenfarbenen Schn\u00fcrsenkeln aus hochwertigem Material und mit goldenen Spitzen aufpeppen.\" \/>\n<meta name=\"robots\" content=\"index, follow, max-snippet:-1, max-image-preview:large, max-video-preview:-1\" \/>\n<link rel=\"canonical\" href=\"https:\/\/www.loopkinglaces.com\/de\/products\/lebendige-regenbogen-schnuersenkel-bringen-leben-in-dein-schuhwerk\/\" \/>\n<meta property=\"og:locale\" content=\"de_DE\" \/>\n<meta property=\"og:type\" content=\"article\" \/>\n<meta property=\"og:title\" content=\"Regenbogen-Schn\u00fcrsenkel f\u00fcr mehr Farbe und Spannung in deinen Schuhen\" \/>\n<meta property=\"og:description\" content=\"Ist dein Schuhwerk eher langweilig? Dann solltest du sie mit diesen auff\u00e4lligen regenbogenfarbenen Schn\u00fcrsenkeln aus hochwertigem Material und mit goldenen Spitzen aufpeppen.\" \/>\n<meta property=\"og:url\" content=\"https:\/\/www.loopkinglaces.com\/de\/products\/lebendige-regenbogen-schnuersenkel-bringen-leben-in-dein-schuhwerk\/\" \/>\n<meta property=\"og:site_name\" content=\"Luxury Gold Tip Shoelaces by Loop King Laces\" \/>\n<meta property=\"article:publisher\" content=\"https:\/\/www.facebook.com\/LoopKingLaces\/\" \/>\n<meta property=\"article:modified_time\" content=\"2024-11-06T23:23:27+00:00\" \/>\n<meta property=\"og:image\" content=\"https:\/\/www.loopkinglaces.com\/wp-content\/uploads\/IMG_2268.jpg\" \/>\n\t<meta property=\"og:image:width\" content=\"1600\" \/>\n\t<meta property=\"og:image:height\" content=\"1565\" \/>\n\t<meta property=\"og:image:type\" content=\"image\/jpeg\" \/>\n<meta name=\"twitter:card\" content=\"summary_large_image\" \/>\n<meta name=\"twitter:site\" content=\"@loopkinglaces\" \/>\n<meta name=\"twitter:label1\" content=\"Gesch\u00e4tzte Lesezeit\" \/>\n\t<meta name=\"twitter:data1\" content=\"1\u00a0Minute\" \/>\n<script type=\"application\/ld+json\" class=\"yoast-schema-graph\">{\"@context\":\"https:\\\/\\\/schema.org\",\"@graph\":[{\"@type\":[\"WebPage\",\"ItemPage\"],\"@id\":\"https:\\\/\\\/www.loopkinglaces.com\\\/de\\\/products\\\/lebendige-regenbogen-schnuersenkel-bringen-leben-in-dein-schuhwerk\\\/\",\"url\":\"https:\\\/\\\/www.loopkinglaces.com\\\/de\\\/products\\\/lebendige-regenbogen-schnuersenkel-bringen-leben-in-dein-schuhwerk\\\/\",\"name\":\"Regenbogen-Schn\u00fcrsenkel f\u00fcr mehr Farbe und Spannung in deinen Schuhen\",\"isPartOf\":{\"@id\":\"https:\\\/\\\/www.loopkinglaces.com\\\/de\\\/#website\"},\"primaryImageOfPage\":{\"@id\":\"https:\\\/\\\/www.loopkinglaces.com\\\/de\\\/products\\\/lebendige-regenbogen-schnuersenkel-bringen-leben-in-dein-schuhwerk\\\/#primaryimage\"},\"image\":{\"@id\":\"https:\\\/\\\/www.loopkinglaces.com\\\/de\\\/products\\\/lebendige-regenbogen-schnuersenkel-bringen-leben-in-dein-schuhwerk\\\/#primaryimage\"},\"thumbnailUrl\":\"https:\\\/\\\/www.loopkinglaces.com\\\/wp-content\\\/uploads\\\/IMG_2268.jpg\",\"datePublished\":\"2023-03-13T02:42:43+00:00\",\"dateModified\":\"2024-11-06T23:23:27+00:00\",\"description\":\"Ist dein Schuhwerk eher langweilig? Dann solltest du sie mit diesen auff\u00e4lligen regenbogenfarbenen Schn\u00fcrsenkeln aus hochwertigem Material und mit goldenen Spitzen aufpeppen.\",\"breadcrumb\":{\"@id\":\"https:\\\/\\\/www.loopkinglaces.com\\\/de\\\/products\\\/lebendige-regenbogen-schnuersenkel-bringen-leben-in-dein-schuhwerk\\\/#breadcrumb\"},\"inLanguage\":\"de\",\"potentialAction\":[{\"@type\":\"ReadAction\",\"target\":[\"https:\\\/\\\/www.loopkinglaces.com\\\/de\\\/products\\\/lebendige-regenbogen-schnuersenkel-bringen-leben-in-dein-schuhwerk\\\/\"]}]},{\"@type\":\"ImageObject\",\"inLanguage\":\"de\",\"@id\":\"https:\\\/\\\/www.loopkinglaces.com\\\/de\\\/products\\\/lebendige-regenbogen-schnuersenkel-bringen-leben-in-dein-schuhwerk\\\/#primaryimage\",\"url\":\"https:\\\/\\\/www.loopkinglaces.com\\\/wp-content\\\/uploads\\\/IMG_2268.jpg\",\"contentUrl\":\"https:\\\/\\\/www.loopkinglaces.com\\\/wp-content\\\/uploads\\\/IMG_2268.jpg\",\"width\":1600,\"height\":1565},{\"@type\":\"BreadcrumbList\",\"@id\":\"https:\\\/\\\/www.loopkinglaces.com\\\/de\\\/products\\\/lebendige-regenbogen-schnuersenkel-bringen-leben-in-dein-schuhwerk\\\/#breadcrumb\",\"itemListElement\":[{\"@type\":\"ListItem\",\"position\":1,\"name\":\"Home\",\"item\":\"https:\\\/\\\/www.loopkinglaces.com\\\/de\\\/\"},{\"@type\":\"ListItem\",\"position\":2,\"name\":\"Shop\",\"item\":\"https:\\\/\\\/www.loopkinglaces.com\\\/de\\\/shop\\\/\"},{\"@type\":\"ListItem\",\"position\":3,\"name\":\"Lebendige Regenbogen-Schn\u00fcrsenkel bringen Leben in dein Schuhwerk\"}]},{\"@type\":\"WebSite\",\"@id\":\"https:\\\/\\\/www.loopkinglaces.com\\\/de\\\/#website\",\"url\":\"https:\\\/\\\/www.loopkinglaces.com\\\/de\\\/\",\"name\":\"Luxury Gold Tip Shoelaces by Loop King Laces\",\"description\":\"Rope Laces, Flat Waxed Laces and Leather Laces. All With Gold Tips.\",\"publisher\":{\"@id\":\"https:\\\/\\\/www.loopkinglaces.com\\\/de\\\/#organization\"},\"potentialAction\":[{\"@type\":\"SearchAction\",\"target\":{\"@type\":\"EntryPoint\",\"urlTemplate\":\"https:\\\/\\\/www.loopkinglaces.com\\\/de\\\/?s={search_term_string}\"},\"query-input\":{\"@type\":\"PropertyValueSpecification\",\"valueRequired\":true,\"valueName\":\"search_term_string\"}}],\"inLanguage\":\"de\"},{\"@type\":\"Organization\",\"@id\":\"https:\\\/\\\/www.loopkinglaces.com\\\/de\\\/#organization\",\"name\":\"Loop King Laces\",\"url\":\"https:\\\/\\\/www.loopkinglaces.com\\\/de\\\/\",\"logo\":{\"@type\":\"ImageObject\",\"inLanguage\":\"de\",\"@id\":\"https:\\\/\\\/www.loopkinglaces.com\\\/de\\\/#\\\/schema\\\/logo\\\/image\\\/\",\"url\":\"https:\\\/\\\/www.loopkinglaces.com\\\/wp-content\\\/uploads\\\/LOOP-KING-LACES.1.1-01-LOGO-HI-RES-OFFICIAL-1.png\",\"contentUrl\":\"https:\\\/\\\/www.loopkinglaces.com\\\/wp-content\\\/uploads\\\/LOOP-KING-LACES.1.1-01-LOGO-HI-RES-OFFICIAL-1.png\",\"width\":128,\"height\":91,\"caption\":\"Loop King Laces\"},\"image\":{\"@id\":\"https:\\\/\\\/www.loopkinglaces.com\\\/de\\\/#\\\/schema\\\/logo\\\/image\\\/\"},\"sameAs\":[\"https:\\\/\\\/www.facebook.com\\\/LoopKingLaces\\\/\",\"https:\\\/\\\/x.com\\\/loopkinglaces\",\"https:\\\/\\\/www.instagram.com\\\/loopkinglaces\\\/\"]}]}<\/script>\n<!-- \/ Yoast SEO plugin. -->","yoast_head_json":{"title":"Regenbogen-Schn\u00fcrsenkel f\u00fcr mehr Farbe und Spannung in deinen Schuhen","description":"Ist dein Schuhwerk eher langweilig? Dann solltest du sie mit diesen auff\u00e4lligen regenbogenfarbenen Schn\u00fcrsenkeln aus hochwertigem Material und mit goldenen Spitzen aufpeppen.","robots":{"index":"index","follow":"follow","max-snippet":"max-snippet:-1","max-image-preview":"max-image-preview:large","max-video-preview":"max-video-preview:-1"},"canonical":"https:\/\/www.loopkinglaces.com\/de\/products\/lebendige-regenbogen-schnuersenkel-bringen-leben-in-dein-schuhwerk\/","og_locale":"de_DE","og_type":"article","og_title":"Regenbogen-Schn\u00fcrsenkel f\u00fcr mehr Farbe und Spannung in deinen Schuhen","og_description":"Ist dein Schuhwerk eher langweilig? Dann solltest du sie mit diesen auff\u00e4lligen regenbogenfarbenen Schn\u00fcrsenkeln aus hochwertigem Material und mit goldenen Spitzen aufpeppen.","og_url":"https:\/\/www.loopkinglaces.com\/de\/products\/lebendige-regenbogen-schnuersenkel-bringen-leben-in-dein-schuhwerk\/","og_site_name":"Luxury Gold Tip Shoelaces by Loop King Laces","article_publisher":"https:\/\/www.facebook.com\/LoopKingLaces\/","article_modified_time":"2024-11-06T23:23:27+00:00","og_image":[{"width":1600,"height":1565,"url":"https:\/\/www.loopkinglaces.com\/wp-content\/uploads\/IMG_2268.jpg","type":"image\/jpeg"}],"twitter_card":"summary_large_image","twitter_site":"@loopkinglaces","twitter_misc":{"Gesch\u00e4tzte Lesezeit":"1\u00a0Minute"},"schema":{"@context":"https:\/\/schema.org","@graph":[{"@type":["WebPage","ItemPage"],"@id":"https:\/\/www.loopkinglaces.com\/de\/products\/lebendige-regenbogen-schnuersenkel-bringen-leben-in-dein-schuhwerk\/","url":"https:\/\/www.loopkinglaces.com\/de\/products\/lebendige-regenbogen-schnuersenkel-bringen-leben-in-dein-schuhwerk\/","name":"Regenbogen-Schn\u00fcrsenkel f\u00fcr mehr Farbe und Spannung in deinen Schuhen","isPartOf":{"@id":"https:\/\/www.loopkinglaces.com\/de\/#website"},"primaryImageOfPage":{"@id":"https:\/\/www.loopkinglaces.com\/de\/products\/lebendige-regenbogen-schnuersenkel-bringen-leben-in-dein-schuhwerk\/#primaryimage"},"image":{"@id":"https:\/\/www.loopkinglaces.com\/de\/products\/lebendige-regenbogen-schnuersenkel-bringen-leben-in-dein-schuhwerk\/#primaryimage"},"thumbnailUrl":"https:\/\/www.loopkinglaces.com\/wp-content\/uploads\/IMG_2268.jpg","datePublished":"2023-03-13T02:42:43+00:00","dateModified":"2024-11-06T23:23:27+00:00","description":"Ist dein Schuhwerk eher langweilig? Dann solltest du sie mit diesen auff\u00e4lligen regenbogenfarbenen Schn\u00fcrsenkeln aus hochwertigem Material und mit goldenen Spitzen aufpeppen.","breadcrumb":{"@id":"https:\/\/www.loopkinglaces.com\/de\/products\/lebendige-regenbogen-schnuersenkel-bringen-leben-in-dein-schuhwerk\/#breadcrumb"},"inLanguage":"de","potentialAction":[{"@type":"ReadAction","target":["https:\/\/www.loopkinglaces.com\/de\/products\/lebendige-regenbogen-schnuersenkel-bringen-leben-in-dein-schuhwerk\/"]}]},{"@type":"ImageObject","inLanguage":"de","@id":"https:\/\/www.loopkinglaces.com\/de\/products\/lebendige-regenbogen-schnuersenkel-bringen-leben-in-dein-schuhwerk\/#primaryimage","url":"https:\/\/www.loopkinglaces.com\/wp-content\/uploads\/IMG_2268.jpg","contentUrl":"https:\/\/www.loopkinglaces.com\/wp-content\/uploads\/IMG_2268.jpg","width":1600,"height":1565},{"@type":"BreadcrumbList","@id":"https:\/\/www.loopkinglaces.com\/de\/products\/lebendige-regenbogen-schnuersenkel-bringen-leben-in-dein-schuhwerk\/#breadcrumb","itemListElement":[{"@type":"ListItem","position":1,"name":"Home","item":"https:\/\/www.loopkinglaces.com\/de\/"},{"@type":"ListItem","position":2,"name":"Shop","item":"https:\/\/www.loopkinglaces.com\/de\/shop\/"},{"@type":"ListItem","position":3,"name":"Lebendige Regenbogen-Schn\u00fcrsenkel bringen Leben in dein Schuhwerk"}]},{"@type":"WebSite","@id":"https:\/\/www.loopkinglaces.com\/de\/#website","url":"https:\/\/www.loopkinglaces.com\/de\/","name":"Luxury Gold Tip Shoelaces by Loop King Laces","description":"Rope Laces, Flat Waxed Laces and Leather Laces. All With Gold Tips.","publisher":{"@id":"https:\/\/www.loopkinglaces.com\/de\/#organization"},"potentialAction":[{"@type":"SearchAction","target":{"@type":"EntryPoint","urlTemplate":"https:\/\/www.loopkinglaces.com\/de\/?s={search_term_string}"},"query-input":{"@type":"PropertyValueSpecification","valueRequired":true,"valueName":"search_term_string"}}],"inLanguage":"de"},{"@type":"Organization","@id":"https:\/\/www.loopkinglaces.com\/de\/#organization","name":"Loop King Laces","url":"https:\/\/www.loopkinglaces.com\/de\/","logo":{"@type":"ImageObject","inLanguage":"de","@id":"https:\/\/www.loopkinglaces.com\/de\/#\/schema\/logo\/image\/","url":"https:\/\/www.loopkinglaces.com\/wp-content\/uploads\/LOOP-KING-LACES.1.1-01-LOGO-HI-RES-OFFICIAL-1.png","contentUrl":"https:\/\/www.loopkinglaces.com\/wp-content\/uploads\/LOOP-KING-LACES.1.1-01-LOGO-HI-RES-OFFICIAL-1.png","width":128,"height":91,"caption":"Loop King Laces"},"image":{"@id":"https:\/\/www.loopkinglaces.com\/de\/#\/schema\/logo\/image\/"},"sameAs":["https:\/\/www.facebook.com\/LoopKingLaces\/","https:\/\/x.com\/loopkinglaces","https:\/\/www.instagram.com\/loopkinglaces\/"]}]}},"_links":{"self":[{"href":"https:\/\/www.loopkinglaces.com\/de\/wp-json\/wp\/v2\/product\/67678","targetHints":{"allow":["GET"]}}],"collection":[{"href":"https:\/\/www.loopkinglaces.com\/de\/wp-json\/wp\/v2\/product"}],"about":[{"href":"https:\/\/www.loopkinglaces.com\/de\/wp-json\/wp\/v2\/types\/product"}],"replies":[{"embeddable":true,"href":"https:\/\/www.loopkinglaces.com\/de\/wp-json\/wp\/v2\/comments?post=67678"}],"wp:featuredmedia":[{"embeddable":true,"href":"https:\/\/www.loopkinglaces.com\/de\/wp-json\/wp\/v2\/media\/58389"}],"wp:attachment":[{"href":"https:\/\/www.loopkinglaces.com\/de\/wp-json\/wp\/v2\/media?parent=67678"}],"wp:term":[{"taxonomy":"product_brand","embeddable":true,"href":"https:\/\/www.loopkinglaces.com\/de\/wp-json\/wp\/v2\/product_brand?post=67678"},{"taxonomy":"product_cat","embeddable":true,"href":"https:\/\/www.loopkinglaces.com\/de\/wp-json\/wp\/v2\/product_cat?post=67678"},{"taxonomy":"product_tag","embeddable":true,"href":"https:\/\/www.loopkinglaces.com\/de\/wp-json\/wp\/v2\/product_tag?post=67678"},{"taxonomy":"woo-feed-brand","embeddable":true,"href":"https:\/\/www.loopkinglaces.com\/de\/wp-json\/wp\/v2\/woo-feed-brand?post=67678"}],"curies":[{"name":"wp","href":"https:\/\/api.w.org\/{rel}","templated":true}]}}