{"id":67677,"date":"2023-01-16T13:00:08","date_gmt":"2023-01-16T13:00:08","guid":{"rendered":"https:\/\/www.loopkinglaces.com\/products\/armeegruene-no-tie-boot-schnuersenkel-71-zoll\/"},"modified":"2024-11-06T23:28:42","modified_gmt":"2024-11-06T23:28:42","slug":"armeegruene-no-tie-boot-schnuersenkel-71-zoll","status":"publish","type":"product","link":"https:\/\/www.loopkinglaces.com\/de\/products\/armeegruene-no-tie-boot-schnuersenkel-71-zoll\/","title":{"rendered":"Armeegr\u00fcne No-Tie BOOT Schn\u00fcrsenkel &#8211; 71 Zoll"},"content":{"rendered":"<p>Lass nicht zu, dass ungebundene Schn\u00fcrsenkel dein n\u00e4chstes Wanderabenteuer ruinieren!<br \/>\nUnsere revolution\u00e4ren Schn\u00fcrsenkel bieten eine narrensichere L\u00f6sung f\u00fcr lose Schuhe.<br \/>\nMit dem einfachen Verschluss- und L\u00f6sesystem kannst du sicher sein, dass deine F\u00fc\u00dfe w\u00e4hrend der gesamten Wanderung fest und sicher sitzen &#8211; genau so, wie sie sein sollten!<br \/>\nMach dir nie wieder Sorgen, dass du auf dem Weg stehen bleibst: Mit diesen innovativen Schn\u00fcrsenkeln gibt es keine Unf\u00e4lle oder Stolperfallen mehr, die durch herk\u00f6mmliche Schn\u00fcre verursacht werden.<br \/>\nVertraue uns, wenn es darum geht, dass du mit unserem sicheren, flexiblen und zuverl\u00e4ssigen Verschlussmechanismus f\u00fcr alle Schuhtypen beruhigt die Wunder der Natur erkunden kannst.<\/p>\n","protected":false},"excerpt":{"rendered":"<p><strong>Army Green No-Tie Boot Laces<\/strong> Hast du es satt, dass sich deine Wanderschuhe mitten auf dem Weg l\u00f6sen?<br \/>\nUnsere schn\u00fcrsenkellosen Schn\u00fcrsenkel bieten eine revolution\u00e4re L\u00f6sung, um sie sicher zu befestigen!<br \/>\nIm Gegensatz zu herk\u00f6mmlichen Schn\u00fcrsenkeln verf\u00fcgen diese innovativen Schn\u00fcrsenkel \u00fcber einen Verschlussmechanismus, der \u00e4hnlich wie ein Rei\u00dfverschluss funktioniert &#8211; zieh ihn einfach nach oben oder unten, um die Spannung einzustellen, und du kannst dich sicher sein, dass sich die Schn\u00fcrsenkel auf deinem Weg nicht l\u00f6sen.<br \/>\nDank der einfachen Installation musst du dir nie wieder Sorgen machen, dass du auf dem Trail wegen verhedderter Schn\u00fcre stehen bleibst.<br \/>\nEs ist an der Zeit, dass sie sich nicht verheddern: Entdecke noch heute unsere Auswahl.<\/p>\n<ul>\n<li>180 cm<\/li>\n<li>Hochwertige Materialien<\/li>\n<li>Halten <strong>3 Mal l\u00e4nger<\/strong> als andere Marken<\/li>\n<li>Sch\u00f6ne Loop King Verpackung<\/li>\n<\/ul>\n","protected":false},"featured_media":58341,"comment_status":"open","ping_status":"closed","template":"","meta":{"_acf_changed":false},"product_brand":[],"product_cat":[693,590,716,750,866,749,748,790,869,728,864,753,747,867,863,868,1838,865,870],"product_tag":[781,783,635,638,738,734,636,782],"woo-feed-brand":[],"class_list":{"0":"post-67677","1":"product","2":"type-product","3":"status-publish","4":"has-post-thumbnail","6":"product_cat-72-inch-boot-laces-de","7":"product_cat-all-shoelaces","8":"product_cat-coil-shoelaces-de","9":"product_cat-das-perfekte-paar-finden-die-revolution-der-72-zoll-schuhbander","10":"product_cat-die-magie-der-salomon-schnursenkel-loop-kings-no-tie-ersatzschnursenkel","11":"product_cat-die-suche-nach-den-perfekten-60-zoll-schuhbandern-ein-abenteuer-in-der-realen-welt","12":"product_cat-extra-lange-schnursenkel-mehr-als-nur-ein-trend-sie-sind-ein-lebensstil","13":"product_cat-grune-premium-schnursenkel-zur-aufwertung-deiner-schuhe","14":"product_cat-hast-du-jordan-6-lace-locksjetzt-musst-du-deine-schuhe-nicht-mehr-binden","15":"product_cat-hey-dude-schnursenkel-ohne-schnursenkel-sind-das-neue-cool","16":"product_cat-hickies-schnursenkel-mein-kleines-geheimnis-fur-einen-unbeschwerten-morgen","17":"product_cat-lace-up-with-luxury-der-ultimative-leitfaden-fur-84-inch-stiefelschnursenkel","18":"product_cat-lange-schnursenkel-warum-die-lange-wichtig-ist","19":"product_cat-schnelle-schnursenkel-alte-bindungsgewohnheiten-ablegen","20":"product_cat-schnursenkel-ohne-schnursenkel-die-zeit-sparen-und-fantastisch-aussehen","21":"product_cat-schnursenkel-verankerungen-keine-stolperfallen-mehr-nur-noch-tricks","22":"product_cat-shoe-fasteners-de","23":"product_cat-speed-laces-die-revolution-in-der-schuhmode","24":"product_cat-zeitsparende-schnursenkel-ohne-bindung-mit-einem-eleganten-sinn-fur-stil","25":"product_tag-flach-gewachst","26":"product_tag-gewachst","27":"product_tag-loop-king-de","28":"product_tag-metal-tip-de","29":"product_tag-schnursenkel-mit-goldspitze","30":"product_tag-schwarz","31":"product_tag-shoelaces-de","32":"product_tag-wohnung","34":"first","35":"instock","36":"taxable","37":"shipping-taxable","38":"product-type-variable"},"acf":[],"yoast_head":"<!-- This site is optimized with the Yoast SEO plugin v27.5 - https:\/\/yoast.com\/product\/yoast-seo-wordpress\/ -->\n<title>Armeegr\u00fcne No-Tie Schn\u00fcrsenkel - Von Loop King<\/title>\n<meta name=\"description\" content=\"Lass dich von ungebundenen Schn\u00fcrsenkeln nicht aus der Ruhe bringen! Mit diesen modischen, armeegr\u00fcnen Schn\u00fcrsenkeln sparst du Zeit und bist vor Ausrutschern sicher.\" \/>\n<meta name=\"robots\" content=\"index, follow, max-snippet:-1, max-image-preview:large, max-video-preview:-1\" \/>\n<link rel=\"canonical\" href=\"https:\/\/www.loopkinglaces.com\/de\/products\/armeegruene-no-tie-boot-schnuersenkel-71-zoll\/\" \/>\n<meta property=\"og:locale\" content=\"de_DE\" \/>\n<meta property=\"og:type\" content=\"article\" \/>\n<meta property=\"og:title\" content=\"Armeegr\u00fcne No-Tie Schn\u00fcrsenkel - Von Loop King\" \/>\n<meta property=\"og:description\" content=\"Lass dich von ungebundenen Schn\u00fcrsenkeln nicht aus der Ruhe bringen! Mit diesen modischen, armeegr\u00fcnen Schn\u00fcrsenkeln sparst du Zeit und bist vor Ausrutschern sicher.\" \/>\n<meta property=\"og:url\" content=\"https:\/\/www.loopkinglaces.com\/de\/products\/armeegruene-no-tie-boot-schnuersenkel-71-zoll\/\" \/>\n<meta property=\"og:site_name\" content=\"Luxury Gold Tip Shoelaces by Loop King Laces\" \/>\n<meta property=\"article:publisher\" content=\"https:\/\/www.facebook.com\/LoopKingLaces\/\" \/>\n<meta property=\"article:modified_time\" content=\"2024-11-06T23:28:42+00:00\" \/>\n<meta property=\"og:image\" content=\"https:\/\/www.loopkinglaces.com\/wp-content\/uploads\/1216A-130-scaled.jpg\" \/>\n\t<meta property=\"og:image:width\" content=\"1600\" \/>\n\t<meta property=\"og:image:height\" content=\"1067\" \/>\n\t<meta property=\"og:image:type\" content=\"image\/jpeg\" \/>\n<meta name=\"twitter:card\" content=\"summary_large_image\" \/>\n<meta name=\"twitter:site\" content=\"@loopkinglaces\" \/>\n<meta name=\"twitter:label1\" content=\"Gesch\u00e4tzte Lesezeit\" \/>\n\t<meta name=\"twitter:data1\" content=\"1\u00a0Minute\" \/>\n<script type=\"application\/ld+json\" class=\"yoast-schema-graph\">{\"@context\":\"https:\\\/\\\/schema.org\",\"@graph\":[{\"@type\":[\"WebPage\",\"ItemPage\"],\"@id\":\"https:\\\/\\\/www.loopkinglaces.com\\\/de\\\/products\\\/armeegruene-no-tie-boot-schnuersenkel-71-zoll\\\/\",\"url\":\"https:\\\/\\\/www.loopkinglaces.com\\\/de\\\/products\\\/armeegruene-no-tie-boot-schnuersenkel-71-zoll\\\/\",\"name\":\"Armeegr\u00fcne No-Tie Schn\u00fcrsenkel - Von Loop King\",\"isPartOf\":{\"@id\":\"https:\\\/\\\/www.loopkinglaces.com\\\/de\\\/#website\"},\"primaryImageOfPage\":{\"@id\":\"https:\\\/\\\/www.loopkinglaces.com\\\/de\\\/products\\\/armeegruene-no-tie-boot-schnuersenkel-71-zoll\\\/#primaryimage\"},\"image\":{\"@id\":\"https:\\\/\\\/www.loopkinglaces.com\\\/de\\\/products\\\/armeegruene-no-tie-boot-schnuersenkel-71-zoll\\\/#primaryimage\"},\"thumbnailUrl\":\"https:\\\/\\\/www.loopkinglaces.com\\\/wp-content\\\/uploads\\\/1216A-130-scaled.jpg\",\"datePublished\":\"2023-01-16T13:00:08+00:00\",\"dateModified\":\"2024-11-06T23:28:42+00:00\",\"description\":\"Lass dich von ungebundenen Schn\u00fcrsenkeln nicht aus der Ruhe bringen! Mit diesen modischen, armeegr\u00fcnen Schn\u00fcrsenkeln sparst du Zeit und bist vor Ausrutschern sicher.\",\"breadcrumb\":{\"@id\":\"https:\\\/\\\/www.loopkinglaces.com\\\/de\\\/products\\\/armeegruene-no-tie-boot-schnuersenkel-71-zoll\\\/#breadcrumb\"},\"inLanguage\":\"de\",\"potentialAction\":[{\"@type\":\"ReadAction\",\"target\":[\"https:\\\/\\\/www.loopkinglaces.com\\\/de\\\/products\\\/armeegruene-no-tie-boot-schnuersenkel-71-zoll\\\/\"]}]},{\"@type\":\"ImageObject\",\"inLanguage\":\"de\",\"@id\":\"https:\\\/\\\/www.loopkinglaces.com\\\/de\\\/products\\\/armeegruene-no-tie-boot-schnuersenkel-71-zoll\\\/#primaryimage\",\"url\":\"https:\\\/\\\/www.loopkinglaces.com\\\/wp-content\\\/uploads\\\/1216A-130-scaled.jpg\",\"contentUrl\":\"https:\\\/\\\/www.loopkinglaces.com\\\/wp-content\\\/uploads\\\/1216A-130-scaled.jpg\",\"width\":1600,\"height\":1067},{\"@type\":\"BreadcrumbList\",\"@id\":\"https:\\\/\\\/www.loopkinglaces.com\\\/de\\\/products\\\/armeegruene-no-tie-boot-schnuersenkel-71-zoll\\\/#breadcrumb\",\"itemListElement\":[{\"@type\":\"ListItem\",\"position\":1,\"name\":\"Home\",\"item\":\"https:\\\/\\\/www.loopkinglaces.com\\\/de\\\/\"},{\"@type\":\"ListItem\",\"position\":2,\"name\":\"Shop\",\"item\":\"https:\\\/\\\/www.loopkinglaces.com\\\/de\\\/shop\\\/\"},{\"@type\":\"ListItem\",\"position\":3,\"name\":\"Armeegr\u00fcne No-Tie BOOT Schn\u00fcrsenkel &#8211; 71 Zoll\"}]},{\"@type\":\"WebSite\",\"@id\":\"https:\\\/\\\/www.loopkinglaces.com\\\/de\\\/#website\",\"url\":\"https:\\\/\\\/www.loopkinglaces.com\\\/de\\\/\",\"name\":\"Luxury Gold Tip Shoelaces by Loop King Laces\",\"description\":\"Rope Laces, Flat Waxed Laces and Leather Laces. All With Gold Tips.\",\"publisher\":{\"@id\":\"https:\\\/\\\/www.loopkinglaces.com\\\/de\\\/#organization\"},\"potentialAction\":[{\"@type\":\"SearchAction\",\"target\":{\"@type\":\"EntryPoint\",\"urlTemplate\":\"https:\\\/\\\/www.loopkinglaces.com\\\/de\\\/?s={search_term_string}\"},\"query-input\":{\"@type\":\"PropertyValueSpecification\",\"valueRequired\":true,\"valueName\":\"search_term_string\"}}],\"inLanguage\":\"de\"},{\"@type\":\"Organization\",\"@id\":\"https:\\\/\\\/www.loopkinglaces.com\\\/de\\\/#organization\",\"name\":\"Loop King Laces\",\"url\":\"https:\\\/\\\/www.loopkinglaces.com\\\/de\\\/\",\"logo\":{\"@type\":\"ImageObject\",\"inLanguage\":\"de\",\"@id\":\"https:\\\/\\\/www.loopkinglaces.com\\\/de\\\/#\\\/schema\\\/logo\\\/image\\\/\",\"url\":\"https:\\\/\\\/www.loopkinglaces.com\\\/wp-content\\\/uploads\\\/LOOP-KING-LACES.1.1-01-LOGO-HI-RES-OFFICIAL-1.png\",\"contentUrl\":\"https:\\\/\\\/www.loopkinglaces.com\\\/wp-content\\\/uploads\\\/LOOP-KING-LACES.1.1-01-LOGO-HI-RES-OFFICIAL-1.png\",\"width\":128,\"height\":91,\"caption\":\"Loop King Laces\"},\"image\":{\"@id\":\"https:\\\/\\\/www.loopkinglaces.com\\\/de\\\/#\\\/schema\\\/logo\\\/image\\\/\"},\"sameAs\":[\"https:\\\/\\\/www.facebook.com\\\/LoopKingLaces\\\/\",\"https:\\\/\\\/x.com\\\/loopkinglaces\",\"https:\\\/\\\/www.instagram.com\\\/loopkinglaces\\\/\"]}]}<\/script>\n<!-- \/ Yoast SEO plugin. -->","yoast_head_json":{"title":"Armeegr\u00fcne No-Tie Schn\u00fcrsenkel - Von Loop King","description":"Lass dich von ungebundenen Schn\u00fcrsenkeln nicht aus der Ruhe bringen! Mit diesen modischen, armeegr\u00fcnen Schn\u00fcrsenkeln sparst du Zeit und bist vor Ausrutschern sicher.","robots":{"index":"index","follow":"follow","max-snippet":"max-snippet:-1","max-image-preview":"max-image-preview:large","max-video-preview":"max-video-preview:-1"},"canonical":"https:\/\/www.loopkinglaces.com\/de\/products\/armeegruene-no-tie-boot-schnuersenkel-71-zoll\/","og_locale":"de_DE","og_type":"article","og_title":"Armeegr\u00fcne No-Tie Schn\u00fcrsenkel - Von Loop King","og_description":"Lass dich von ungebundenen Schn\u00fcrsenkeln nicht aus der Ruhe bringen! Mit diesen modischen, armeegr\u00fcnen Schn\u00fcrsenkeln sparst du Zeit und bist vor Ausrutschern sicher.","og_url":"https:\/\/www.loopkinglaces.com\/de\/products\/armeegruene-no-tie-boot-schnuersenkel-71-zoll\/","og_site_name":"Luxury Gold Tip Shoelaces by Loop King Laces","article_publisher":"https:\/\/www.facebook.com\/LoopKingLaces\/","article_modified_time":"2024-11-06T23:28:42+00:00","og_image":[{"width":1600,"height":1067,"url":"https:\/\/www.loopkinglaces.com\/wp-content\/uploads\/1216A-130-scaled.jpg","type":"image\/jpeg"}],"twitter_card":"summary_large_image","twitter_site":"@loopkinglaces","twitter_misc":{"Gesch\u00e4tzte Lesezeit":"1\u00a0Minute"},"schema":{"@context":"https:\/\/schema.org","@graph":[{"@type":["WebPage","ItemPage"],"@id":"https:\/\/www.loopkinglaces.com\/de\/products\/armeegruene-no-tie-boot-schnuersenkel-71-zoll\/","url":"https:\/\/www.loopkinglaces.com\/de\/products\/armeegruene-no-tie-boot-schnuersenkel-71-zoll\/","name":"Armeegr\u00fcne No-Tie Schn\u00fcrsenkel - Von Loop King","isPartOf":{"@id":"https:\/\/www.loopkinglaces.com\/de\/#website"},"primaryImageOfPage":{"@id":"https:\/\/www.loopkinglaces.com\/de\/products\/armeegruene-no-tie-boot-schnuersenkel-71-zoll\/#primaryimage"},"image":{"@id":"https:\/\/www.loopkinglaces.com\/de\/products\/armeegruene-no-tie-boot-schnuersenkel-71-zoll\/#primaryimage"},"thumbnailUrl":"https:\/\/www.loopkinglaces.com\/wp-content\/uploads\/1216A-130-scaled.jpg","datePublished":"2023-01-16T13:00:08+00:00","dateModified":"2024-11-06T23:28:42+00:00","description":"Lass dich von ungebundenen Schn\u00fcrsenkeln nicht aus der Ruhe bringen! Mit diesen modischen, armeegr\u00fcnen Schn\u00fcrsenkeln sparst du Zeit und bist vor Ausrutschern sicher.","breadcrumb":{"@id":"https:\/\/www.loopkinglaces.com\/de\/products\/armeegruene-no-tie-boot-schnuersenkel-71-zoll\/#breadcrumb"},"inLanguage":"de","potentialAction":[{"@type":"ReadAction","target":["https:\/\/www.loopkinglaces.com\/de\/products\/armeegruene-no-tie-boot-schnuersenkel-71-zoll\/"]}]},{"@type":"ImageObject","inLanguage":"de","@id":"https:\/\/www.loopkinglaces.com\/de\/products\/armeegruene-no-tie-boot-schnuersenkel-71-zoll\/#primaryimage","url":"https:\/\/www.loopkinglaces.com\/wp-content\/uploads\/1216A-130-scaled.jpg","contentUrl":"https:\/\/www.loopkinglaces.com\/wp-content\/uploads\/1216A-130-scaled.jpg","width":1600,"height":1067},{"@type":"BreadcrumbList","@id":"https:\/\/www.loopkinglaces.com\/de\/products\/armeegruene-no-tie-boot-schnuersenkel-71-zoll\/#breadcrumb","itemListElement":[{"@type":"ListItem","position":1,"name":"Home","item":"https:\/\/www.loopkinglaces.com\/de\/"},{"@type":"ListItem","position":2,"name":"Shop","item":"https:\/\/www.loopkinglaces.com\/de\/shop\/"},{"@type":"ListItem","position":3,"name":"Armeegr\u00fcne No-Tie BOOT Schn\u00fcrsenkel &#8211; 71 Zoll"}]},{"@type":"WebSite","@id":"https:\/\/www.loopkinglaces.com\/de\/#website","url":"https:\/\/www.loopkinglaces.com\/de\/","name":"Luxury Gold Tip Shoelaces by Loop King Laces","description":"Rope Laces, Flat Waxed Laces and Leather Laces. All With Gold Tips.","publisher":{"@id":"https:\/\/www.loopkinglaces.com\/de\/#organization"},"potentialAction":[{"@type":"SearchAction","target":{"@type":"EntryPoint","urlTemplate":"https:\/\/www.loopkinglaces.com\/de\/?s={search_term_string}"},"query-input":{"@type":"PropertyValueSpecification","valueRequired":true,"valueName":"search_term_string"}}],"inLanguage":"de"},{"@type":"Organization","@id":"https:\/\/www.loopkinglaces.com\/de\/#organization","name":"Loop King Laces","url":"https:\/\/www.loopkinglaces.com\/de\/","logo":{"@type":"ImageObject","inLanguage":"de","@id":"https:\/\/www.loopkinglaces.com\/de\/#\/schema\/logo\/image\/","url":"https:\/\/www.loopkinglaces.com\/wp-content\/uploads\/LOOP-KING-LACES.1.1-01-LOGO-HI-RES-OFFICIAL-1.png","contentUrl":"https:\/\/www.loopkinglaces.com\/wp-content\/uploads\/LOOP-KING-LACES.1.1-01-LOGO-HI-RES-OFFICIAL-1.png","width":128,"height":91,"caption":"Loop King Laces"},"image":{"@id":"https:\/\/www.loopkinglaces.com\/de\/#\/schema\/logo\/image\/"},"sameAs":["https:\/\/www.facebook.com\/LoopKingLaces\/","https:\/\/x.com\/loopkinglaces","https:\/\/www.instagram.com\/loopkinglaces\/"]}]}},"_links":{"self":[{"href":"https:\/\/www.loopkinglaces.com\/de\/wp-json\/wp\/v2\/product\/67677","targetHints":{"allow":["GET"]}}],"collection":[{"href":"https:\/\/www.loopkinglaces.com\/de\/wp-json\/wp\/v2\/product"}],"about":[{"href":"https:\/\/www.loopkinglaces.com\/de\/wp-json\/wp\/v2\/types\/product"}],"replies":[{"embeddable":true,"href":"https:\/\/www.loopkinglaces.com\/de\/wp-json\/wp\/v2\/comments?post=67677"}],"wp:featuredmedia":[{"embeddable":true,"href":"https:\/\/www.loopkinglaces.com\/de\/wp-json\/wp\/v2\/media\/58341"}],"wp:attachment":[{"href":"https:\/\/www.loopkinglaces.com\/de\/wp-json\/wp\/v2\/media?parent=67677"}],"wp:term":[{"taxonomy":"product_brand","embeddable":true,"href":"https:\/\/www.loopkinglaces.com\/de\/wp-json\/wp\/v2\/product_brand?post=67677"},{"taxonomy":"product_cat","embeddable":true,"href":"https:\/\/www.loopkinglaces.com\/de\/wp-json\/wp\/v2\/product_cat?post=67677"},{"taxonomy":"product_tag","embeddable":true,"href":"https:\/\/www.loopkinglaces.com\/de\/wp-json\/wp\/v2\/product_tag?post=67677"},{"taxonomy":"woo-feed-brand","embeddable":true,"href":"https:\/\/www.loopkinglaces.com\/de\/wp-json\/wp\/v2\/woo-feed-brand?post=67677"}],"curies":[{"name":"wp","href":"https:\/\/api.w.org\/{rel}","templated":true}]}}